{"id":16909,"date":"2024-09-24T13:14:14","date_gmt":"2024-09-24T13:14:14","guid":{"rendered":"https:\/\/travelshelper.com\/staging\/?page_id=16909"},"modified":"2026-03-12T19:32:20","modified_gmt":"2026-03-12T19:32:20","slug":"jelenia-gora","status":"publish","type":"page","link":"https:\/\/travelshelper.com\/hu\/destinations\/europe\/poland\/jelenia-gora\/","title":{"rendered":"Jelenia G\u00f3ra"},"content":{"rendered":"<p>Jelenia G\u00f3ra, egy 2021-es adatok szerint 77 366 lakos\u00fa v\u00e1ros, a Jelenia G\u00f3ra-v\u00f6lgy \u00e9szaki medenc\u00e9j\u00e9ben fekszik D\u00e9lnyugat-Lengyelorsz\u00e1gban, az Als\u00f3-Szil\u00e9ziai vajdas\u00e1gban, a cseh hat\u00e1r ment\u00e9n elter\u00fcl\u0151 Karkonosze-hegys\u00e9g gerince \u00e1rny\u00e9k\u00e1ban. Ez a t\u00f6rt\u00e9nelmi telep\u00fcl\u00e9s, amelynek eredete a X. sz\u00e1zadra ny\u00falik vissza, \u00e9s hivatalosan 1288-ban kapta az oklevelet, Karkonosze megye sz\u00e9khelyek\u00e9nt \u00e9s \u00f6n\u00e1ll\u00f3 v\u00e1rosi k\u00f6zs\u00e9gk\u00e9nt is figyelmet kelt. K\u00f6rny\u00e9ke mag\u00e1ban foglalja a tiszteletrem\u00e9lt\u00f3 Cieplice \u015al\u0105skie-Zdr\u00f3j f\u00fcrd\u0151v\u00e1rost \u00e9s a z\u00f6ldell\u0151 parkokat, amelyek egy\u00fcttesen Lengyelorsz\u00e1g egyik leg\u00e9rt\u00e9kesebb rekre\u00e1ci\u00f3s r\u00e9gi\u00f3j\u00e1t alkotj\u00e1k.<\/p>\n<p>A legkor\u00e1bbi erd\u0151irt\u00e1sokra \u00e9s egy szer\u00e9ny agr\u00e1rfalucsk\u00e1ra vonatkoz\u00f3 utal\u00e1sokt\u00f3l kezdve Jelenia G\u00f3ra a Szent R\u00f3mai Birodalmat \u00e9s Csehorsz\u00e1got Kelet-Eur\u00f3p\u00e1val \u00f6sszek\u00f6t\u0151 k\u00f6z\u00e9pkori kereskedelmi \u00fatvonalak keresztez\u0151d\u00e9s\u00e9ben jelent meg. Ezek a kereskedelmi art\u00e9ri\u00e1k olyan kiv\u00e1lts\u00e1gokat biztos\u00edtottak, amelyek a k\u00e9s\u0151 k\u00f6z\u00e9pkorra a vir\u00e1gz\u00f3 sz\u00f6v\u00e9s \u00e9s b\u00e1ny\u00e1szat alapj\u00e1t k\u00e9pezt\u00e9k. A sz\u00f6vettel \u00e9s \u00e9rccsel megrakott keresked\u0151karav\u00e1nok alak\u00edtott\u00e1k a v\u00e1ros gazdas\u00e1g\u00e1t, \u00e9s olyan er\u0151d\u00edtett kapuk \u00e9p\u00edt\u00e9s\u00e9t \u00f6szt\u00f6n\u00f6zt\u00e9k, mint a Wojanowska-torony \u00e9s kapu, amelynek k\u00f6z\u00e9pkori b\u00e1sty\u00e1ja egykor szab\u00e1lyozta a Wojan\u00f3wba vezet\u0151 utat. B\u00e1r egy heves vihar 1480-ban led\u00f6nt\u00f6tte a torny\u00e1t, \u00f6t lelket romok al\u00e1 temetve, az \u00fajj\u00e1\u00e9p\u00edt\u00e9s gyorsan vissza\u00e1ll\u00edtotta sziluettj\u00e9t, amelyet egy l\u00e1mp\u00e1sos kupola \u00e9s egy \u00f3ra koron\u00e1z. Heraldikai jelk\u00e9pek \u2013 porosz, szil\u00e9ziai \u00e9s v\u00e1rosi \u2013 d\u00edsz\u00edtik az oszlopait. Az 1869-ben lebontott kaput, hogy katonai laktany\u00e1k szolg\u00e1ljanak, az 1998-as restaur\u00e1l\u00e1s ut\u00e1n vissza\u00e1ll\u00edtott\u00e1k eredeti hely\u00e9re, ma a v\u00e1ros v\u00e9delmi \u00f6vezet\u00e9nek egyetlen t\u00fal\u00e9l\u0151jek\u00e9nt \u00e1ll, \u00e9s \u00e9vsz\u00e1zados konfliktusok \u00e9s meg\u00fajul\u00e1sok tan\u00faja.<\/p>\n<p>Jelenia G\u00f3ra sorsa az eur\u00f3pai t\u00f6rt\u00e9nelem hull\u00e1maival egy\u00fctt v\u00e1ltozott. \u00c1tv\u00e9szelte a harminc\u00e9ves h\u00e1bor\u00fa puszt\u00edt\u00e1sait, \u00e9s strat\u00e9giai jelent\u0151s\u00e9ge \u00fajra fel\u00e9ledt a szil\u00e9ziai h\u00e1bor\u00fak alatt. T\u00f6rt\u00e9nelmi magja szerencs\u00e9re nagyr\u00e9szt \u00e9rintetlen\u00fcl v\u00e9szelte \u00e1t a m\u00e1sodik vil\u00e1gh\u00e1bor\u00fat, annak ellen\u00e9re, hogy lakoss\u00e1ga a k\u00e9nyszermunka \u00e9s a menek\u00fcltek be\u00e1raml\u00e1sa miatt nagyj\u00e1b\u00f3l 35 000-r\u0151l 140 000-re duzzadt. 1945 ut\u00e1n a n\u00e9met lakosok potsdami meg\u00e1llapod\u00e1s szerinti t\u00e1voz\u00e1sa 39 000-re cs\u00f6kkentette a lakoss\u00e1g sz\u00e1m\u00e1t. Az 1975-\u00f6s k\u00e9s\u0151bbi b\u0151v\u00edt\u00e9s, amely a k\u00f6rnyez\u0151 v\u00e1rosok \u2013 nevezetesen Cieplice f\u00fcrd\u0151v\u00e1ros\u00e1nak \u2013 annekt\u00e1l\u00e1s\u00e1val j\u00e1rt, 80 000-re n\u00f6velte a lakoss\u00e1g sz\u00e1m\u00e1t, ez a sz\u00e1m 1996-ra 93 570-n\u00e9l tet\u0151z\u00f6tt, miel\u0151tt 2022-re fokozatosan 75 794-re cs\u00f6kkent volna.<\/p>\n<p>A v\u00e1ros \u00e9p\u00edt\u00e9szeti sz\u00edve tov\u00e1bbra is a piact\u00e9r, ahol barokk b\u00e9rh\u00e1zak szeg\u00e9lyezik az \u00e1rk\u00e1dos utc\u00e1kat, \u00e9s az 1744 \u00e9s 1749 k\u00f6z\u00f6tt \u00e9p\u00fclt impoz\u00e1ns v\u00e1rosh\u00e1z\u00e1hoz vezetnek. Az eredetileg keresked\u0151b\u00f3d\u00e9kkal k\u00f6r\u00fclvett t\u00e9r oszlopos homlokzatai a t\u00e1voli kereskedelem korszak\u00e1ra utalnak, amelyet egy sz\u00f6k\u0151k\u00fat \u00f6r\u00f6k\u00edt meg, amelynek tetej\u00e9n Neptunusz, a r\u00f3mai tengeristen szobra l\u00e1that\u00f3, felid\u00e9zve Jelenia G\u00f3ra egykor \u00e9l\u00e9nk tengerent\u00fali kereskedelm\u00e9t. A szomsz\u00e9dos \u00e9p\u00fcleteket \u2013 amelyeket k\u00f6znyelven H\u00e9t H\u00e1znak neveznek \u2013 a huszadik sz\u00e1zad elej\u00e9n be\u00e9p\u00edtett\u00e9k a v\u00e1rosh\u00e1z\u00e1ba, kib\u0151v\u00edtve a polg\u00e1ri termeket a vid\u00e9ki pomp\u00e1val \u00e1titatott falakon bel\u00fcl.<\/p>\n<p>A piact\u00e9ren t\u00fal a Szent Erasmus \u00e9s Szent Pankratius Bazilika n\u00e9gy \u00e9vsz\u00e1zados \u00e1h\u00edtat tan\u00faskodik. A tizennegyedik sz\u00e1zadban alap\u00edtott \u00e9s a tizen\u00f6t\u00f6dikben \u00e1talak\u00edtott, h\u00e1romhaj\u00f3s k\u0151\u00e9p\u00fclet egy magas torony alatt magasodik. G\u00f3tikus precizit\u00e1ssal faragott d\u00e9li kapuja finom k\u0151csipk\u00e9i \u00e9s szobr\u00e1szati \u200b\u200blombozata figyelemre m\u00e9lt\u00f3. Bel\u00fcl renesz\u00e1nsz \u00e9s barokk szerelv\u00e9nyek harmoniz\u00e1lnak a szigor\u00fa boltozatokkal. K\u00e9t, a tizenhetedik \u00e9s tizennyolcadik sz\u00e1zadb\u00f3l sz\u00e1rmaz\u00f3 s\u00edrk\u00e1polna szeli \u00e1t a haj\u00f3 oldalait, falaikat t\u00f6bb mint h\u00fasz s\u00edrfelirat \u00e9s s\u00edrk\u0151 d\u00edsz\u00edti. A tizenhatodik sz\u00e1zadban faragott sz\u00f3sz\u00e9k \u00e9s az intarzi\u00e1s k\u00f3rus\u00e1llv\u00e1nyok a szent\u00e9lyt parancsol\u00f3 pazar tizennyolcadik sz\u00e1zadi olt\u00e1r el\u0151ttiek, m\u00edg egy Adam Casparini \u00e1ltal \u00e9p\u00edtett olasz barokk orgona zeng\u0151 himnuszokkal t\u00f6lti meg a teret. K\u00edv\u00fclr\u0151l egy M\u00e1ria-oszlop \u00e9s Nepomuki Szent J\u00e1nos szobra jel\u00f6li a templomkertet, tan\u00faskodva Jelenia G\u00f3ra h\u00edveinek \u00e9vsz\u00e1zadokon \u00e1t\u00edvel\u0151 \u00e1h\u00edtatos \u00e9let\u00e9r\u0151l.<\/p>\n<p>D\u00e9len tal\u00e1lhat\u00f3 a Szent Kereszt Felmagasztal\u00e1sa templom, amely az Altranstadti meg\u00e1llapod\u00e1s keret\u00e9ben a szil\u00e9ziai protest\u00e1nsoknak tett \u00edg\u00e9ret eredm\u00e9nye, \u00e9s amelyet az osztr\u00e1k katolikus cs\u00e1sz\u00e1r finansz\u00edrozott. A tallinni Martin Frantz \u00e1ltal tervezett kupol\u00e1s, kereszt alak\u00fa \u00e9p\u00edtm\u00e9ny p\u00e1rhuzamosan \u00e1ll stockholmi megfelel\u0151j\u00e9vel, a Szent Katalin-templommal, \u00e9s t\u00f6bb mint k\u00e9tezer h\u00edv\u0151 befogad\u00e1s\u00e1ra alkalmas egy h\u00e1romszintes matroneumban. Szigor\u00fa k\u00fclsej\u00e9t gazdagon festett bels\u0151 t\u00e9r v\u00e1ltja fel, ahol mindk\u00e9t sz\u00f6vets\u00e9g jelenetei \u00e1radnak sz\u00e9t a falakon \u00e9s a mennyezeten. A haj\u00f3 felett felf\u00fcggesztett monument\u00e1lis orgona- \u00e9s olt\u00e1regys\u00e9g egy kiterjedt \u00e9p\u00edt\u00e9szeti szoborr\u00e1 egyes\u00fcl, amely a m\u0171v\u00e9szet \u00e9s a hit barokk szint\u00e9zis\u00e9t testes\u00edti meg.<\/p>\n<p>A ma Jelenia G\u00f3ra egyik j\u00e1r\u00e1sak\u00e9nt ismert Cieplice \u015al\u0105skie-Zdr\u00f3j gy\u00f3gyf\u00fcrd\u0151i \u00f6r\u00f6ks\u00e9g\u00e9t a XIII. sz\u00e1zadra vezeti vissza, amikor a ciszterci szerzetesek el\u0151sz\u00f6r dokument\u00e1lt\u00e1k term\u00e1lforr\u00e1sait. A XVI. sz\u00e1zadra a k\u00e9nben \u00e9s szil\u00edciumban gazdag, k\u00f6zel 90 Celsius-fokos vizek vonzott\u00e1k a kir\u00e1lyi csal\u00e1dokat \u00e9s az \u00e9rtelmis\u00e9get, Marie Casimire Louise de La Grange d&#039;Arquient\u0151l James Louis Sobieski hercegig. Ezek a gy\u00f3gyforr\u00e1sok adt\u00e1k meg a hidroter\u00e1pia, az inhal\u00e1ci\u00f3s \u00e9s a fototer\u00e1pia gyakorlat\u00e1nak kezdet\u00e9t. A parkok \u2013 nevezetesen a Zdrojowy \u00e9s a Norv\u00e9g Park \u2013 s\u00e9t\u00e1nyokat biztos\u00edtottak a l\u00e1badoz\u00e1shoz. Az el\u0151bbi, amelyet 1796-ban alak\u00edtottak ki, k\u00e9s\u0151bb a Schaffgotsch csal\u00e1d alatt az angol kerti elveket alkalmazta. Az ut\u00f3bbi, amelyet 1909-ben egy viking k\u00e9zm\u0171vess\u00e9gre eml\u00e9keztet\u0151 fapavilonnak kereszteltek, kiterjesztette a gy\u00f3gyf\u00fcrd\u0151 z\u00f6ld \u00f6lel\u00e9s\u00e9t.<\/p>\n<p>Ezekben a kertekben \u00e1ll a Gal\u00e9ria \u00e9s a Zdrojowy Anim\u00e1ci\u00f3s Sz\u00ednh\u00e1z, melyeket Carl Gottlieb Geissler tervezett 1797 \u00e9s 1800 k\u00f6z\u00f6tt. Neoklasszicista homlokzata egy koncerttermet, egy olvas\u00f3termet \u00e9s egy szivarszob\u00e1t rejt, melyek egykor a nemzetk\u00f6zi k\u00f6z\u00f6ns\u00e9g kultur\u00e1lis \u00e9let\u00e9nek adtak otthont. A Schaffgotsche csal\u00e1d 1836-ban egy k\u00fcl\u00f6n sz\u00ednh\u00e1zat \u00e9p\u00edttetett hozz\u00e1, mely k\u00e9tsz\u00e1zhetven f\u00e9r\u0151helyes erk\u00e9llyel rendelkezik. Ezek az \u00e9p\u00edtm\u00e9nyek egy\u00fcttesen vil\u00e1g\u00edtj\u00e1k meg Cieplice kett\u0151s identit\u00e1s\u00e1t: orvosi elvonul\u00f3hely \u00e9s t\u00e1rsas\u00e1gi szalon is egyben.<\/p>\n<p>Sobiesz\u00f3w, egy m\u00e1sik j\u00e1r\u00e1s, a Chojnik-hegy l\u00e1b\u00e1n\u00e1l, a Wrzos\u00f3wka-patak ment\u00e9n h\u00faz\u00f3dik. A tizennegyedik sz\u00e1zadt\u00f3l 1945-ig a Schaffgotsch csal\u00e1d ir\u00e1ny\u00edtotta a falut, amelynek neve el\u00e1rulja szl\u00e1v gy\u00f6kereit. Ma itt tal\u00e1lhat\u00f3 a Karkonosze Nemzeti Park k\u00f6zpontja, amely a Karkonosze-hegys\u00e9g \u00f6sv\u00e9nyeire \u00e9s a Chojnik romokkal koron\u00e1zott cs\u00facs\u00e1ra tart\u00f3 t\u00far\u00e1z\u00f3k k\u00f6zpontja. Maga a v\u00e1r egy negyven\u00f6t m\u00e9terrel a Pokol-v\u00f6lgy felett magasod\u00f3 szikl\u00e1n magasodik, romjai egy term\u00e9szetv\u00e9delmi ter\u00fcletre n\u00e9znek, amely mind term\u00e9szeti, mind \u00e9p\u00edt\u00e9szeti \u00f6r\u00f6ks\u00e9get \u0151riz. A v\u00e1r kapuja minden ny\u00e1ron a Chojnik Arany Vill\u00e1m Torna helysz\u00edn\u00e9v\u00e9 v\u00e1lik, ahol modern l\u00e1ncp\u00e1nc\u00e9los renez\u00e1nszok versengenek sz\u00e1mszer\u00edjakkal egy szimbolikus ny\u00edlvessz\u0151\u00e9rt, k\u00e9zm\u0171vesek pedig k\u00f6z\u00e9pkori mesters\u00e9geket mutatnak be az er\u0151d id\u0151tlen falai k\u00f6z\u00f6tt.<\/p>\n<p>A Jelenia G\u00f3r\u00e1hoz csak 1998-ban csatolt Jagni\u0105tk\u00f3w a v\u00e1ros legmagasabban fekv\u0151 ker\u00fclete. Az 1651-ben cseh menek\u00fcltek \u00e1ltal alap\u00edtott telep\u00fcl\u00e9s ma is a hegyi t\u00fara\u00fatvonalak kiindul\u00f3pontja, amely csukl\u00f3s v\u00e1rosi buszokkal k\u00f6zel\u00edthet\u0151 meg. Az 1980 \u00e9s 1986 k\u00f6z\u00f6tt elk\u00e9sz\u00fclt Isteni Irgalmass\u00e1g temploma a Podhale r\u00e9gi\u00f3 nyelvezet\u00e9t id\u00e9zi, fa tet\u0151vonalai a T\u00e1tra l\u00e1b\u00e1n\u00e1l megb\u00fav\u00f3 t\u00e1jakat id\u00e9zik, \u00e9s harmoniz\u00e1lnak a k\u00f6rnyez\u0151 feny\u0151erd\u0151kkel. A k\u00f6zelben tal\u00e1lhat\u00f3 a Jagni\u0105tkowski Fekete \u00dcst n\u00e9ven ismert gleccserkori cirkusz, amely gneisz \u00e9s kvarcit szikl\u00e1k alatt ereszkedik le, a r\u00e9gi\u00f3 pleisztoc\u00e9n kori szobr\u00e1szat\u00e1nak bizony\u00edt\u00e9ka, \u00e9s tudom\u00e1nyos, valamint eszt\u00e9tikai \u00e9rdekl\u0151d\u00e9sre sz\u00e1mot tart\u00f3 t\u00e1rgy.<\/p>\n<p>Jelenia G\u00f3ra \u00e9ghajlata az \u00f3ce\u00e1ni \u00e9s a nedves kontinent\u00e1lis \u00e9ghajlat k\u00f6z\u00f6tt ingadozik, m\u00e9rs\u00e9kelt nyarakkal \u00e9s fagypont k\u00f6r\u00fcli telekkel, amelyeket a k\u00f6rnyez\u0151 hegys\u00e9gek domborzati felhajt\u00f3ereje alak\u00edt. T\u00f6rt\u00e9nelmileg demogr\u00e1fiai adatai t\u00fckr\u00f6zt\u00e9k a r\u00e9gi\u00f3 geopolitikai v\u00e1ltoz\u00e1sait. Egy tizenhatodik sz\u00e1zadi n\u00e9psz\u00e1ml\u00e1l\u00e1s 3500 lelket regisztr\u00e1lt; a tizennyolcadik sz\u00e1zad v\u00e9g\u00e9re a lakoss\u00e1g sz\u00e1ma 6000-re n\u0151tt. A huszadik sz\u00e1zad elej\u00e9n 20 000-re b\u0151v\u00fclt a lakoss\u00e1g, \u00e9s 1939-re a v\u00e1rosban m\u00e1r t\u00f6bb mint 35 000 lakos \u00e9lt. A h\u00e1bor\u00fa alatti rendk\u00edv\u00fcli, 140 000-es be\u00e1raml\u00e1s kiemeli a v\u00e1ros h\u00e1bor\u00fas sz\u00fcks\u00e9gleteit \u00e9s a k\u00e9nyszermunk\u00e1sok \u00e1tmeneti jelleg\u00e9t.<\/p>\n<p>Jelenia G\u00f3r\u00e1t a k\u00f6zleked\u00e9si art\u00e9ri\u00e1k k\u00f6tik \u00f6ssze orsz\u00e1gos \u00e9s nemzetk\u00f6zi h\u00e1l\u00f3zatokkal. Az E65-\u00f6s eur\u00f3pai \u00fat r\u00e9szek\u00e9nt az 5-\u00f6s sz\u00e1m\u00fa \u00fat k\u00f6ti \u00f6ssze a v\u00e1rost Wroc\u0142awval, Pozna\u0144nal \u00e9s a balti kik\u00f6t\u0151kkel, majd kompj\u00e1ratokon kereszt\u00fcl \u00e9szak fel\u00e9 Skandin\u00e1vi\u00e1ba halad. A tartom\u00e1nyi utak Zgorzelecbe, Legnic\u00e1ba, Wa\u0142brzychba \u00e9s Kowaryba \u00e1gaznak. A 2019 tavasz\u00e1n elk\u00e9sz\u00fclt Maciejowa elker\u00fcl\u0151 \u00fat a tranzit forgalmat \u00f6t kilom\u00e9terrel keletebbre terelve enyh\u00edtette a v\u00e1rosi torl\u00f3d\u00e1sokat. T\u00f6bb mint sz\u00e1z h\u00edd \u00edvel \u00e1t a B\u00f3br \u00e9s a Kamienna foly\u00f3kon \u00e9s mell\u00e9kfoly\u00f3ikon, viaduktok h\u00e1l\u00f3j\u00e1t sz\u00f6vve, amelyek a v\u00e1ros parti geol\u00f3gi\u00e1j\u00e1r\u00f3l tan\u00faskodnak.<\/p>\n<p>A vas\u00fat 1866-ban \u00e9rte el Jelenia G\u00f3r\u00e1t a Szil\u00e9ziai Hegyi Vas\u00fattal, amely egy Berlint \u00e9s B\u00e9cset \u00f6sszek\u00f6t\u0151 nagyszab\u00e1s\u00fa v\u00edzi\u00f3 r\u00e9sze volt. 1880-ra a vonalak Wa\u0142brzychig \u00e9s K\u0142odzk\u00f3ig terjedtek, \u00e1gakkal Kowary, Piechowice \u00e9s Szklarska Por\u0119ba fel\u00e9. A villamos\u00edt\u00e1s 1916-ban kezd\u0151d\u00f6tt, de 1945-ben lebontott\u00e1k, majd az 1960-as \u00e9s 1986-os \u00e9vekben \u00e1ll\u00edtott\u00e1k vissza. A szem\u00e9lysz\u00e1ll\u00edt\u00f3 g\u0151zmozdonyos szolg\u00e1ltat\u00e1sok 1984-ig fennmaradtak. A huszadik sz\u00e1zad v\u00e9gi elhanyagol\u00e1s a \u201etechnikai hal\u00e1l\u201d jelz\u0151t adt\u00e1k a f\u0151vonalnak, mivel a sebess\u00e9gkorl\u00e1toz\u00e1sok h\u00fasz kilom\u00e9ter\/\u00f3r\u00e1ra zuhantak, a buszt\u00e1rsas\u00e1gok pedig elsz\u00edvt\u00e1k az ing\u00e1z\u00f3kat. A 2007 ut\u00e1ni fel\u00faj\u00edt\u00e1si projektek fel\u00e9lesztett\u00e9k a Wroc\u0142aw\u2013Jelenia G\u00f3ra korridort, \u00e9s az utasokat visszajuttatt\u00e1k a s\u00ednekre. 2020-ra a nagysebess\u00e9g\u0171 Intercity Pendolinos \u00e9s a TLK j\u00e1ratok egyar\u00e1nt kiszolg\u00e1lt\u00e1k a f\u0151p\u00e1lyaudvart, kieg\u00e9sz\u00edtve a region\u00e1lis Koleje Dolno\u015bl\u0105skie \u00fatvonalakkal \u00e9s az integr\u00e1lt buszj\u00e1ratokkal a hegyi \u00fcd\u00fcl\u0151helyekre.<\/p>\n<p>Az 1897 \u00e9s 1969 k\u00f6z\u00f6tt \u00fczemel\u0151 v\u00e1rosi villamos szinte teljesen elt\u0171nt. A v\u00e1rosh\u00e1za k\u00f6zel\u00e9ben tal\u00e1lhat\u00f3 s\u00edndarabok \u00e9s egy eml\u00e9kt\u00e1bla jelzik egykori \u00fatvonal\u00e1t. Az \u00e9szaki bej\u00e1ratn\u00e1l egy meg\u0151rz\u00f6tt kocsi \u0151rk\u00f6dik, amelyet eml\u00e9kt\u00e1rgy-kioszkk\u00e9nt alak\u00edtottak \u00e1t, m\u00edg tov\u00e1bbi kett\u0151 a Wolno\u015bci utcai telephelyen \u00e9s a Podg\u00f3rzyn buszp\u00e1lyaudvaron pihen, n\u00e9ma tan\u00fai annak a korszaknak, amikor elektromos aut\u00f3k k\u00f6zlekedtek a piact\u00e9ren.<\/p>\n<p>A v\u00e1roson bel\u00fcli t\u00f6megk\u00f6zleked\u00e9s huszonhat buszj\u00e1ratb\u00f3l \u00e1ll, k\u00f6zt\u00fck k\u00e9t \u00e9jszakai j\u00e1ratb\u00f3l, amelyeket a V\u00e1rosi K\u00f6zleked\u00e9si V\u00e1llalat \u00fczemeltet. 2000 \u00f3ta a PKS \u201eTour\u201d v\u00e1ltotta fel a kor\u00e1bbi \u00e1llami buszv\u00e1llalatot, region\u00e1lis buszj\u00e1ratokat k\u00edn\u00e1lva Karpaczba, Szklarska Por\u0119ba \u00e9s azon t\u00falra, valamint egy modern \u00e1llom\u00e1st \u00fczemeltetve a Nowy Rynek bev\u00e1s\u00e1rl\u00f3k\u00f6zpont mellett. A hat\u00e1rokon \u00e1tny\u00fal\u00f3 EURO-NYSA jegyek z\u00f6kken\u0151mentes utaz\u00e1st tesznek lehet\u0151v\u00e9 Csehorsz\u00e1gba vonattal \u00e9s busszal, ami kiemeli Jelenia G\u00f3ra szerep\u00e9t a hat\u00e1rokon \u00e1tny\u00fal\u00f3 mobilit\u00e1s csom\u00f3pontjak\u00e9nt.<\/p>\n<p>Jelenia G\u00f3ra k\u0151tornyai, term\u00e1lforr\u00e1sai \u00e9s z\u00f6ldell\u0151 lejt\u0151i mozaikja mag\u00e1ba foglalja a szil\u00e9ziai \u00f6r\u00f6ks\u00e9g \u00f6sszetetts\u00e9g\u00e9t. K\u00f6z\u00e9pkori kapui \u00e9s barokk homlokzatai a hegyi patakok moraja k\u00f6zepette is fennmaradtak, m\u00edg f\u00fcrd\u0151pavilonjai \u00e9s s\u00e9t\u00e1nygal\u00e9ri\u00e1i a nemesi mecenat\u00fara \u00e9s a prolet\u00e1r mened\u00e9k korszakait egyar\u00e1nt felid\u00e9zik. A v\u00e1ros identit\u00e1sa a kereskedelem, a konfliktusok \u00e9s a l\u00e1badoz\u00e1s sz\u00e1laib\u00f3l sz\u00f6v\u0151dik: egy olyan hely, ahol a gr\u00e1nitcs\u00facsok g\u00f3tikus port\u00e1lokkal tal\u00e1lkoznak, ahol a c\u00e9drusf\u00e1kkal szeg\u00e9lyezett parkok borosty\u00e1nsz\u00edn\u0171 sz\u00f6k\u0151kutakat szeg\u00e9lyeznek, \u00e9s ahol minden \u00e9vszak meg\u00faj\u00edtja mind a t\u00e1jat, mind a kibontakoz\u00f3 t\u00f6rt\u00e9netet.<\/p>\n<p>A v\u00e1ros t\u00f6rt\u00e9nete nem lehet teljes an\u00e9lk\u00fcl, hogy elismern\u00e9nk lakoss\u00e1g\u00e1nak hull\u00e1mz\u00e1s\u00e1t \u2013 a k\u00f6z\u00e9p-eur\u00f3pai t\u00f6rt\u00e9nelem mikrokozmosz\u00e1t. Egy h\u00e1romezer lelket sz\u00e1ml\u00e1l\u00f3 k\u00f6z\u00e9pkori v\u00e1s\u00e1rv\u00e1rosb\u00f3l a k\u00e9zm\u0171vesipar k\u00f6zpontj\u00e1v\u00e1 n\u0151tte ki mag\u00e1t, porosz \u00e9s osztr\u00e1k uralom alatt terjeszkedett, \u00e9s \u00e1tv\u00e9szelte a modern h\u00e1bor\u00fak \u00e9s etnikai felfordul\u00e1sok z\u0171rzavar\u00e1t. H\u00e1bor\u00fa ut\u00e1ni meg\u00fajul\u00e1sa egys\u00e9ges \u00f6nkorm\u00e1nyzatt\u00e1 integr\u00e1lta a f\u00fcrd\u0151v\u00e1rosokat, hegyi falvakat \u00e9s z\u00f6ld v\u00f6lgyeket, mik\u00f6zben a demogr\u00e1fiai \u00e1ramlatok fokozatosan visszah\u00faz\u00f3dtak. Ma Jelenia G\u00f3ra az \u00f6r\u00f6ks\u00e9g \u00e9s a modernit\u00e1s metsz\u00e9spontj\u00e1ban \u00e1ll, utc\u00e1i a zar\u00e1ndokok, turist\u00e1k \u00e9s ing\u00e1z\u00f3k l\u00e9pteit\u0151l visszhangoznak.<\/p>\n<p>A k\u0151 \u00e9s a v\u00edz, az alpesi gerincek \u00e9s a term\u00e1lforr\u00e1sok k\u00f6lcs\u00f6nhat\u00e1sa hat\u00e1rozza meg mind a v\u00e1rosrendez\u00e9si tervet, mind a l\u00e1togat\u00f3i \u00e9lm\u00e9nyt. Cieplice k\u00e9nes k\u00fatjai m\u00e9g mindig bugyognak az \u0151si parkok \u00e1rny\u00e9k\u00e1ban. A sobiesz\u00f3wi Karkonosze Nemzeti Park k\u00f6zpontja \u0151r\u00f6ket \u00e9s kutat\u00f3kat k\u00fcld a felf\u00f6ldi sasf\u00e9szekbe. Jagni\u0105tk\u00f3w fatemploma \u00e9s j\u00e9gkorszaki \u00fcstje \u00f6sszekapcsolja a p\u00e1sztorkod\u00e1si hagyom\u00e1nyt a geol\u00f3giai csod\u00e1kkal. Minden \u00fat \u2013 legyen az k\u00f6vezett k\u00f6r\u00fat, keskeny erdei \u00f6sv\u00e9ny vagy fel\u00faj\u00edtott vas\u00fatvonal \u2013 a piact\u00e9rre, a v\u00e1ros sz\u00edv\u00e9be vezet vissza, ahol Neptunusz egy \u0151si kereskedelmi \u00fatvonalat szeml\u00e9ltet, amelyet ma az utaz\u00f3k jelent\u00e9skeres\u00e9s\u00e9nek, \u00e9s nem \u00e1rucikk keres\u00e9s\u00e9nek szentelnek.<\/p>\n<p>Jelenia G\u00f3r\u00e1ban a t\u00f6rt\u00e9nelem nem statikus tabl\u00f3, hanem \u00e9l\u0151 folytonoss\u00e1g, amelyben minden k\u0151kapu, minden fodroz\u00f3d\u00f3 v\u00edzfoly\u00e1s \u00e9s minden visszhang a barokk haj\u00f3ban a rugalmass\u00e1g egy fejezet\u00e9t mes\u00e9li el. Ez egy olyan v\u00e1ros, amely nem hajland\u00f3 puszta k\u00e9peslap lenni, ehelyett kim\u00e9rt pillant\u00e1st, elm\u00e9lked\u0151 temp\u00f3t \u00e9s a finom nagyszer\u0171s\u00e9g megbecs\u00fcl\u00e9s\u00e9t k\u00f6veteli. Itt a szarvasok \u00e1ltal k\u00eds\u00e9rtett dombok \u00e9s az emberi er\u0151fesz\u00edt\u00e9sek \u00f6r\u00f6ks\u00e9ge tal\u00e1lkozik, h\u00edvogatva azokat, akik meg\u00e1llnak, hogy meghallgass\u00e1k a karkonoszei szell\u0151 \u00e1ltal sodort \u00e9vsz\u00e1zadok \u00fctem\u00e9t.<\/p>","protected":false},"excerpt":{"rendered":"<p>Jelenia G\u00f3ra, a d\u00e9lnyugat-lengyelorsz\u00e1gi t\u00f6rt\u00e9nelmi v\u00e1ros 2021-ben k\u00f6r\u00fclbel\u00fcl 77 366 lakost sz\u00e1ml\u00e1lt. Az \u00e9szaki Jelenia G\u00f3ra-v\u00f6lgyben f\u00e9szkelve, a lengyel-cseh hat\u00e1r ment\u00e9n a l\u00e9legzetel\u00e1ll\u00edt\u00f3 Karkonosze-hegys\u00e9g hat\u00e1rolja ez a v\u00e1rosi kincs az als\u00f3-szil\u00e9ziai vajdas\u00e1gon bel\u00fcl. Gazdag t\u00f6rt\u00e9nelm\u00e9vel \u00e9s kultur\u00e1lis jelent\u0151s\u00e9g\u00e9vel egy\u00fctt a v\u00e1ros strat\u00e9giai elhelyezked\u00e9se Lengyelorsz\u00e1g legkeresettebb szabadid\u0151s \u00e9s rekre\u00e1ci\u00f3s helysz\u00ednei k\u00f6z\u00e9 tette.<\/p>","protected":false},"author":1,"featured_media":17475,"parent":12137,"menu_order":0,"comment_status":"closed","ping_status":"closed","template":"elementor_theme","meta":{"_eb_attr":"","footnotes":""},"class_list":["post-16909","page","type-page","status-publish","has-post-thumbnail"],"_links":{"self":[{"href":"https:\/\/travelshelper.com\/hu\/wp-json\/wp\/v2\/pages\/16909","targetHints":{"allow":["GET"]}}],"collection":[{"href":"https:\/\/travelshelper.com\/hu\/wp-json\/wp\/v2\/pages"}],"about":[{"href":"https:\/\/travelshelper.com\/hu\/wp-json\/wp\/v2\/types\/page"}],"author":[{"embeddable":true,"href":"https:\/\/travelshelper.com\/hu\/wp-json\/wp\/v2\/users\/1"}],"replies":[{"embeddable":true,"href":"https:\/\/travelshelper.com\/hu\/wp-json\/wp\/v2\/comments?post=16909"}],"version-history":[{"count":0,"href":"https:\/\/travelshelper.com\/hu\/wp-json\/wp\/v2\/pages\/16909\/revisions"}],"up":[{"embeddable":true,"href":"https:\/\/travelshelper.com\/hu\/wp-json\/wp\/v2\/pages\/12137"}],"wp:featuredmedia":[{"embeddable":true,"href":"https:\/\/travelshelper.com\/hu\/wp-json\/wp\/v2\/media\/17475"}],"wp:attachment":[{"href":"https:\/\/travelshelper.com\/hu\/wp-json\/wp\/v2\/media?parent=16909"}],"curies":[{"name":"wp","href":"https:\/\/api.w.org\/{rel}","templated":true}]}}