{"id":16869,"date":"2024-09-24T00:46:21","date_gmt":"2024-09-24T00:46:21","guid":{"rendered":"https:\/\/travelshelper.com\/staging\/?page_id=16869"},"modified":"2026-03-12T16:31:35","modified_gmt":"2026-03-12T16:31:35","slug":"merano","status":"publish","type":"page","link":"https:\/\/travelshelper.com\/hu\/destinations\/europe\/italy\/merano\/","title":{"rendered":"Merano"},"content":{"rendered":"<p>Merano egy k\u00f6zs\u00e9g D\u00e9l-Tirolban, \u00c9szak-Olaszorsz\u00e1gban, amely k\u00f6r\u00fclbel\u00fcl 41 000 lakosnak ad otthont 31,3 n\u00e9gyzetkilom\u00e9teres ter\u00fcleten. A 324 m\u00e9teres tengerszint feletti magass\u00e1gban fekv\u0151 v\u00e1ros h\u00e1rom v\u00f6lgy \u2013 a Val Venosta, a Val Passiria \u00e9s a Val d&#039;Adige \u2013 tal\u00e1lkoz\u00e1s\u00e1n\u00e1l tal\u00e1lhat\u00f3 medenc\u00e9ben, \u00e9s strat\u00e9giailag k\u00f6nnyen megk\u00f6zel\u00edthet\u0151 a Passier \u00e9s a Vinschgau v\u00f6lgyek fel\u00e9. A 3480 m\u00e9ter magas cs\u00facsok \u00e1ltal szeg\u00e9lyezett Merano m\u00e9rs\u00e9kelt \u00e9ghajlata r\u00e9g\u00f3ta megalapozta a v\u00e1ros h\u00edrnev\u00e9t, mint kiemelked\u0151 gy\u00f3gy\u00fcd\u00fcl\u0151hely \u00e9s a kultur\u00e1lis vir\u00e1gz\u00e1s k\u00f6zpontja.<\/p>\n<p>Merano geol\u00f3giai b\u00f6lcs\u0151j\u00e9t a gleccserek \u00e1ltal form\u00e1lt medence hat\u00e1rozza meg, amelyen kereszt\u00fcl a Passirio-patak kanyarog, miel\u0151tt az Adig\u00e9be \u00f6mlik. \u00c9szakon \u00e9s nyugaton a Tessa-csoport 3480 m\u00e9teres magass\u00e1gban t\u00f6r az \u00e9g fel\u00e9, m\u00edg a Salto-fenns\u00edk keleten 2800 m\u00e9ter magasra ny\u00falik. Ez a cs\u00facsokb\u00f3l \u00e1ll\u00f3 amfite\u00e1trum v\u00e9di a v\u00e1rost az er\u0151s \u00e9szaki szelekt\u0151l, olyan k\u00f6rnyezetet teremtve, amelyben a sz\u0151l\u0151\u00fcltetv\u00e9nyek \u00e9s gy\u00fcm\u00f6lcs\u00f6s\u00f6k eg\u00e9szen a v\u00e1ros sz\u00e9l\u00e9ig vir\u00e1goznak. M\u00e9g a v\u00e1ros hat\u00e1rain bel\u00fcl is a Meraner Leiten n\u00e9ven ismert sz\u0151l\u0151sorok sz\u00f6vik be a v\u00e1rosk\u00e9pet, k\u00f6nny\u0171 v\u00f6r\u00f6sbort adva, amelyet fiatal kor\u00e1ban a legfinomabb fogyasztani. Az almaterm\u00e9s\u0171eket term\u0151 gy\u00fcm\u00f6lcs\u00f6s\u00f6k t\u00falny\u00falnak, exportjuk pedig Eur\u00f3pa-szerte piacokra jut, m\u00edg a k\u00fclv\u00e1rosban a Forst S\u00f6rf\u0151zde olyan s\u00f6r\u00f6ket k\u00e9sz\u00edt, amelyek Olaszorsz\u00e1gban \u00e9s azon t\u00fal is alapvet\u0151 italokk\u00e1 v\u00e1ltak.<\/p>\n<p>A telep\u00fcl\u00e9s legkor\u00e1bbi eml\u00edt\u00e9se \u00f3ta, Meran (n\u00e9met) vagy Merano (olasz) n\u00e9ven, kett\u0151s identit\u00e1st visel. A ladin elnevez\u00e9s, a Maran, csak a helyi haszn\u00e1latban jelenik meg, m\u00e9gis mindh\u00e1rom n\u00e9v visszhangra tal\u00e1l a v\u00e1ros k\u00e9tnyelv\u0171 k\u00f6rnyezet\u00e9ben. A hivatalos c\u00edmek \u2013 olaszul Comune di Merano \u00e9s n\u00e9met\u00fcl Stadtgemeinde Meran \u2013 felv\u00e1ltva haszn\u00e1latosak a v\u00e1rosi dokumentumokban. Ez a kett\u0151ss\u00e9g t\u00fckr\u00f6zi a lakosok k\u00f6z\u00f6tti nyelvek egyenl\u0151 megoszl\u00e1s\u00e1t: 2024-ben a lakosok 51,37 sz\u00e1zal\u00e9ka besz\u00e9li anyanyelvk\u00e9nt az olaszt, 48,26 sz\u00e1zal\u00e9ka a n\u00e9metet, \u00e9s egy kis ladin kisebbs\u00e9g tov\u00e1bbra is fenn\u00e1ll.<\/p>\n<p>Merano k\u00f6z\u00e9pkori k\u00f6zpontja meg\u0151rizte eredeti er\u0151d\u00edtm\u00e9nyeit, melyeket h\u00e1rom impoz\u00e1ns kapu fejez ki: a Vinschgauer Tor, a Passeirer Tor \u00e9s a Bozener Tor. Mellette \u00e1ll az Ortenstein-torony, k\u00f6zismertebb nev\u00e9n a Pulverturm vagy \u201el\u0151portorony\u201d, egy k\u0151b\u0151l \u00e9p\u00fclt \u0151rszem, amely a v\u00e1ros egykori v\u00e9delmi \u00e1ll\u00e1s\u00e1ra eml\u00e9keztet. Ezen sz\u00fcrke falak k\u00f6z\u00f6tt \u00e1ll a fejedelmi v\u00e1r \u2013 vagy Landesf\u00fcrstliche Burg \u2013 a 15. sz\u00e1zadi \u00e9p\u00edt\u00e9szet tan\u00fabizonys\u00e1gak\u00e9nt, amely egykor Zsigmond osztr\u00e1k f\u0151herceg otthona volt. Nem messze magasodik a g\u00f3tikus Szent Mikl\u00f3s-templom, hegyes \u00edveivel \u00e9s \u00f3lom\u00fcveg k\u0151csipk\u00e9ivel ugyanebb\u0151l a sz\u00e1zadb\u00f3l sz\u00e1rmaznak, m\u00edg a szer\u00e9ny Szent Borb\u00e1la-k\u00e1polna a kor \u00e1h\u00edtat\u00e1nak csendesebb t\u00fckr\u00f6z\u0151d\u00e9s\u00e9t k\u00edn\u00e1lja.<\/p>\n<p>A Passer foly\u00f3n \u00e1t\u00edvel\u0151, 17. sz\u00e1zadi Steinerner Steg k\u0151h\u00edd egyszerre biztos\u00edt \u00e1tj\u00e1r\u00f3t \u00e9s kil\u00e1t\u00f3pontot, kopott mellv\u00e9djei \u00e9vsz\u00e1zados \u00e1thalad\u00e1sr\u00f3l tan\u00faskodnak. A d\u00e9li foly\u00f3parton h\u00faz\u00f3dnak az \u00edves Wandelhalle s\u00e9t\u00e1nyok, amelyek boltozatos oszlopsorai a 19. sz\u00e1zad k\u00f6zepe \u00f3ta mened\u00e9ket \u00e9s \u00e1rny\u00e9kot ny\u00fajtanak a s\u00e9t\u00e1l\u00f3knak. Ezek a s\u00e9t\u00e1nyok a Kurhaus pavilon mellett h\u00faz\u00f3dnak, amely Merano f\u00fcrd\u0151v\u00e1ross\u00e1 v\u00e1l\u00e1s\u00e1nak eleg\u00e1ns eml\u00e9ke, amikor Erzs\u00e9bet osztr\u00e1k cs\u00e1sz\u00e1rn\u00e9 az 1800-as \u00e9vek m\u00e1sodik fel\u00e9ben megkezdte l\u00e1togat\u00e1sait. A szomsz\u00e9dos Erzs\u00e9bet cs\u00e1sz\u00e1rn\u00e9 parkja ma is z\u00f6ldell\u0151 enkl\u00e1v\u00e9, amely a cs\u00e1sz\u00e1rn\u00e9 p\u00e1rtfog\u00e1s\u00e1ra eml\u00e9keztet.<\/p>\n<p>Az ipari \u00e9s polg\u00e1ri terjeszked\u00e9s a 20. sz\u00e1zadban is folytat\u00f3dott. D\u00e9l-Tirol 1919-es olaszorsz\u00e1gi annekt\u00e1l\u00e1sa ut\u00e1n a fasiszta hat\u00f3s\u00e1gok az 1920-as \u00e9vekben \u00faj v\u00e1rosh\u00e1z\u00e1t emeltek, amelynek racionalista kialak\u00edt\u00e1sa \u00e9les ellent\u00e9tben \u00e1llt az \u00f3v\u00e1ros k\u00f6z\u00e9pkori \u00e9s g\u00f3tikus elemeivel. A k\u00fclv\u00e1rosban tal\u00e1lhat\u00f3 a Trauttmansdorff-kast\u00e9ly, amely botanikailag kiemelked\u0151 kerteket \u0151riz; 2003 \u00f3ta a Turisztikai M\u00fazeum kr\u00f3nik\u00e1jak\u00e9nt mutatja be a tartom\u00e1ny utaz\u00e1sainak fejl\u0151d\u00e9s\u00e9t. A tiroli v\u00e1r, amelyr\u0151l a t\u00e1gabb r\u00e9gi\u00f3 a nev\u00e9t kapta, r\u00f6vid t\u00e1vols\u00e1gra \u00e1ll, jel\u00f6lve az Ausztri\u00e1val k\u00f6z\u00f6s hat\u00e1rt, \u00e9s meger\u0151s\u00edtve Merano szerep\u00e9t \u00fatkeresztez\u0151d\u00e9sk\u00e9nt.<\/p>\n<p>Merano \u00e9ghajlata finoman egyens\u00falyoz az \u00f3ce\u00e1ni, a nedves szubtr\u00f3pusi \u00e9s a kontinent\u00e1lis hat\u00e1sok k\u00f6z\u00f6tt. Hivatalosan Cfb-k\u00e9nt van besorolva, a Cfa-hoz k\u00f6zel\u00edt, j\u00faliusi napi \u00e1tlagh\u0151m\u00e9rs\u00e9klete alig 22 \u00b0C, t\u00f6red\u00e9k\u00e9vel elmarad a szubtr\u00f3pusi krit\u00e9riumokt\u00f3l. A telek, -4 \u00e9s -2 \u00b0C k\u00f6z\u00f6tti \u00e9jszakai minimumokkal, kontinent\u00e1lis jelleget k\u00f6lcs\u00f6n\u00f6znek a v\u00e1rosnak, m\u00edg ny\u00e1ron 27 \u00e9s 30 \u00b0C k\u00f6z\u00f6tti maximumokat, \u00e9jszaka pedig 12 \u00e9s 15 \u00b0C k\u00f6z\u00f6tt m\u00e9rnek. A csapad\u00e9kmennyis\u00e9g augusztusban tet\u0151zik, 96 mm-rel, febru\u00e1rban pedig 25 mm-re cs\u00f6kken. Ezek a Merano\/Gratsch \u00e1llom\u00e1son 1983 \u00e9s 2017 k\u00f6z\u00f6tt vezetett adatok al\u00e1t\u00e1masztj\u00e1k a r\u00e9gi\u00f3 mez\u0151gazdas\u00e1gi vir\u00e1gz\u00e1s\u00e1t.<\/p>\n<p>Merano kultur\u00e1lis \u00e9lete messze t\u00falmutat a gy\u00f3gyf\u00fcrd\u0151k\u00f6n \u00e9s a sz\u0151l\u0151\u00fcltetv\u00e9nyeken. 1986 \u00f3ta minden ny\u00e1ron a Kurhaus pavilonban rendezik meg a Merano Zenei Heteket, amelyek nemzetk\u00f6zi zenekarokat vonzanak a gy\u00f3gyf\u00fcrd\u0151 alap\u00edt\u00e1s\u00e1nak 150. \u00e9vfordul\u00f3j\u00e1ra l\u00e9trehozott fesztiv\u00e1lra. 1997 \u00f3ta a MeranoJazz neves jazzm\u0171v\u00e9szekre \u00f6sszpontos\u00edt, 2002 \u00f3ta pedig a K\u00f6z\u00e9p-eur\u00f3pai Jazz Akad\u00e9mi\u00e1nak ad otthont, hogy hidat k\u00e9pezzen az olasz \u00e9s a n\u00e9met zenei hagyom\u00e1nyok k\u00f6z\u00f6tt. A h\u00edress\u00e9geket \u00e9s a di\u00e1kokat egyar\u00e1nt vonz\u00f3, a rezidens m\u0171v\u00e9sz akad\u00e9miai kinevez\u00e9se tov\u00e1bb er\u0151s\u00edti Merano m\u0171v\u00e9szi m\u00faltj\u00e1t.<\/p>\n<p>Az irodalmi teljes\u00edtm\u00e9nyt a k\u00e9t\u00e9vente megrendezett Meraner Lyrikpreis d\u00edjjal ismerik el, amelyet 1993-ban avattak fel, \u00e9s amelyet egy nemzetk\u00f6zi zs\u0171ri b\u00edr\u00e1l el. A neves nyertesek k\u00f6z\u00f6tt van Kurt Drawert, Kathrin Schmidt \u00e9s Ulrike Almut Sandig. Ezt kieg\u00e9sz\u00edtve 1995 \u00f3ta a Merano-Europa Nemzetk\u00f6zi Irodalmi D\u00edj ismeri el a sz\u00e9pirodalom \u00e9s a m\u0171ford\u00edt\u00e1s kiv\u00e1l\u00f3s\u00e1g\u00e1t, amelyet a Passirio Club adom\u00e1nyoz kiad\u00f3kkal \u00e9s region\u00e1lis m\u0171v\u00e9szeti szervezetekkel egy\u00fcttm\u0171k\u00f6dve. 2017-ben a v\u00e1ros benevezett a 2020-as olasz kultur\u00e1lis f\u0151v\u00e1rosa versenybe, \u00e9s bejutott a legjobb t\u00edz k\u00f6z\u00e9 olyan t\u00f6rt\u00e9nelmi v\u00e1rosok k\u00f6z\u00f6tt, mint Parma \u00e9s Reggio Emilia.<\/p>\n<p>Merano Franz Kafka 1920-as tart\u00f3zkod\u00e1s\u00e1nak megeml\u00e9kez\u00e9se k\u00e9t nemzetk\u00f6zi konferenci\u00e1n (2020-ban \u00e9s 2024-ben), valamint egy Kafka \u00e9s Milena Jesensk\u00e1 tisztelet\u00e9re felszentelt t\u00e9ren (piazzetta) val\u00f3sult meg. Ezek a gesztusok egy tart\u00f3s irodalmi tudatoss\u00e1got t\u00fckr\u00f6znek, amely kieg\u00e9sz\u00edti a v\u00e1ros m\u00fazeumait \u00e9s gal\u00e9ri\u00e1it: a Trauttmansdorff-kast\u00e9lyban tal\u00e1lhat\u00f3 Touriseumot; az egykori sz\u00e1llod\u00e1ban m\u0171k\u00f6d\u0151 V\u00e1rosi M\u00fazeumot; a Fejedelmi V\u00e1rm\u00fazeumot; \u00e9s a D\u00e9l-Tirol egyetlen zsinag\u00f3g\u00e1j\u00e1ban tal\u00e1lhat\u00f3 Zsid\u00f3 M\u00fazeumot. A kieg\u00e9sz\u00edt\u0151 helysz\u00ednek k\u00f6z\u00e9 tartozik az Evelyn Ortner N\u0151i M\u00fazeum, a Meran M\u0171v\u00e9szeti V\u00e1rosi Gal\u00e9ria \u00e9s a Feh\u00e9r M\u0171v\u00e9szeti Gal\u00e9ria, amelyek mindegyike a nemek, a kort\u00e1rs m\u0171v\u00e9szet \u00e9s az \u00e9p\u00edt\u00e9szet perspekt\u00edv\u00e1j\u00e1t k\u00edn\u00e1lja.<\/p>\n<p>Meran\u00f3t a Passer k\u00e9t f\u0151 hegyl\u00e1ncra osztja. Jobb oldalon a r\u00e9gi v\u00e1rosk\u00f6zpont \u00e9s a Steinach j\u00e1r\u00e1s tal\u00e1lhat\u00f3; bal oldalon Maia Alta \u00e9s Maia Bassa. Quarazze a Tessa lejt\u0151in\u00e9l tal\u00e1lhat\u00f3 \u00e9szaknyugati cs\u00fccsk\u00e9ben, m\u00edg Labers a Monte Zoccolo keleti lejt\u0151in h\u00faz\u00f3dik. D\u00e9len Sinigo ipari \u00e9s kereskedelmi \u00f6vezetk\u00e9nt szolg\u00e1l, amelyet domborzat v\u00e1laszt el a t\u00f6rt\u00e9nelmi k\u00f6zpontt\u00f3l. A 19. sz\u00e1zad \u00f3ta a v\u00e1ros gy\u00f3gy\u00fcd\u00fcl\u0151hely st\u00e1tusza az id\u0151sebb, pihen\u00e9sre v\u00e1gy\u00f3 l\u00e1togat\u00f3k fel\u00e9 terelte a figyelmet; a 20. sz\u00e1zad v\u00e9g\u00e9re \u00e9s a 21. sz\u00e1zad elej\u00e9re a v\u00e1ltozatos k\u00edn\u00e1lat \u00e9s a n\u00f6vekv\u0151 nemzetk\u00f6zi turizmus megford\u00edtotta a koroszt\u00e1lyos demogr\u00e1fiai viszonyokat, \u00e9s kiterjesztette a vonzer\u0151t a gener\u00e1ci\u00f3k k\u00f6z\u00f6tt.<\/p>\n<p>A k\u00f6zleked\u00e9si h\u00e1l\u00f3zatok jav\u00edtott\u00e1k Merano megk\u00f6zel\u00edthet\u0151s\u00e9g\u00e9t. A Brenner-vonalat a MeBo, egy n\u00e9gys\u00e1vos aut\u00f3p\u00e1lya keresztezi, amely a v\u00e1rost 30 km-re d\u00e9lre Bolzan\u00f3val, azon t\u00fal pedig az A22-es aut\u00f3p\u00e1ly\u00e1val k\u00f6ti \u00f6ssze. A Bolzano\u2013Merano vas\u00fatvonal p\u00e1rhuzamosan fut az aut\u00f3p\u00e1ly\u00e1val, \u00e9s nyugat fel\u00e9 a Vinschgau vonalon kereszt\u00fcl a Val Venost\u00e1ba ny\u00falik. Bolzan\u00f3b\u00f3l nagyj\u00e1b\u00f3l 40 percenk\u00e9nt indulnak vonatok, integr\u00e1lt jegy\u00e9rt\u00e9kes\u00edt\u00e9si lehet\u0151s\u00e9ggel. A SASA \u00e9s az SAD \u00e1ltal \u00fczemeltetett buszj\u00e1ratok \u00f3r\u00e1nk\u00e9nt k\u00f6zlekednek Bolzano \u00e9s Merano k\u00f6z\u00f6tt, a jegyk\u00e1rty\u00e1val rendelkez\u0151k kedvezm\u00e9nyes \u00e1ron. A nemzetk\u00f6zi aut\u00f3buszj\u00e1ratok Bolzan\u00f3ba \u00e9rkeznek, ahonnan rendszeresek a tov\u00e1bbi j\u00e1ratok.<\/p>\n<p>Meran\u00f3n bel\u00fcl kilenc nappali \u00e9s egy \u00e9jszakai buszj\u00e1rat sz\u00e1ll\u00edtja a lakosokat \u00e9s a l\u00e1togat\u00f3kat 06:00 \u00e9s 01:00 \u00f3ra k\u00f6z\u00f6tt. A buszok becs\u00fcletbeli rendszerben k\u00f6zlekednek \u2013 az \u00e9rv\u00e9nyes jegy 45 percig \u00e9rv\u00e9nyes \u2013, \u00e9s a k\u00e9r\u00e9sre t\u00f6rt\u00e9n\u0151 meg\u00e1ll\u00e1shoz k\u00e9zi jelz\u00e9s sz\u00fcks\u00e9ges a lesz\u00e1ll\u00e1shoz vagy a felsz\u00e1ll\u00e1shoz. Egy libeg\u0151 k\u00f6ti \u00f6ssze Meran\u00f3t Tirol dombtet\u0151n fekv\u0151 faluj\u00e1val \u00e1prilis \u00e9s november k\u00f6z\u00f6tt. A taxik h\u00edvhat\u00f3an k\u00f6zlekednek a Radio Taxi vagy mag\u00e1n k\u00f6lcs\u00f6nz\u0151szolg\u00e1latok seg\u00edts\u00e9g\u00e9vel. A ker\u00e9kp\u00e1rh\u00e1l\u00f3zat, b\u00e1r kev\u00e9sb\u00e9 kiterjedt, mint Bolzan\u00f3\u00e9, ingyenes k\u00f6lcs\u00f6nz\u00e9st k\u00edn\u00e1l tavaszt\u00f3l okt\u00f3ber k\u00f6zep\u00e9ig olyan helyeken, mint a vas\u00fat\u00e1llom\u00e1s, a f\u00fcrd\u0151\u00e9p\u00fclet \u00e9s a teniszk\u00f6zpont, visszat\u00e9r\u00edtend\u0151 kauci\u00f3 ellen\u00e9ben.<\/p>\n<p>A v\u00e1rosk\u00f6zpontban az aut\u00f3k \u00e1ltal\u00e1ban feleslegesek, a parkol\u00e1si lehet\u0151s\u00e9gek pedig sz\u0171k\u00f6snek bizonyulnak. T\u00e9len az alacsony kibocs\u00e1t\u00e1s\u00fa int\u00e9zked\u00e9sek korl\u00e1tozz\u00e1k az Euro 0-s j\u00e1rm\u0171vek haszn\u00e1lat\u00e1t v\u00e1rosszerte, a magas szennyez\u00e9s\u0171 napokon pedig m\u00e9g az Euro 1-es aut\u00f3k is tilosban k\u00f6zlekedhetnek. Az ilyen szab\u00e1lyoz\u00e1sok t\u00fckr\u00f6zik Merano r\u00e9g\u00f3ta fenn\u00e1ll\u00f3 elk\u00f6telezetts\u00e9g\u00e9t a k\u00f6rnyezetv\u00e9delem ir\u00e1nt.<\/p>\n<p>A kikapcsol\u00f3d\u00e1s mag\u00e1ban foglalja a kim\u0171velt \u00e9s a vadreg\u00e9nyes elfoglalts\u00e1gokat is. A Passirio t\u00fals\u00f3 partj\u00e1n tal\u00e1lhat\u00f3 modern gy\u00f3gyf\u00fcrd\u0151ben term\u00e1lv\u00edz h\u00f6mp\u00f6ly\u00f6g, ahol a term\u00e9szetes radioaktivit\u00e1s fokozza a ter\u00e1pi\u00e1s hat\u00e1st. Nyilv\u00e1nos szabadt\u00e9ri medenc\u00e9k, j\u00e9gp\u00e1lya, 15 teniszp\u00e1lya (melyek k\u00f6z\u00fcl n\u00e9gy fedett), lovas- \u00e9s d\u00edjugrat\u00f3 iskola, valamint minigolfp\u00e1lya minden \u00edzl\u00e9st kiel\u00e9g\u00edt. A Passirio zuhatagjai otthont adtak az ICF kenu-m\u0171lesikl\u00e1s vil\u00e1gbajnoks\u00e1gnak (1971, 1983) \u00e9s az Eur\u00f3pa Kup\u00e1nak (1980). A Dr. Tappeiner \u00e1ltal felt\u00e9rk\u00e9pezett \u00e9s 1892-ben a v\u00e1rosnak adom\u00e1nyozott Tappeiner-s\u00e9t\u00e1ny egy gleccser domboldalon halad a Szent Benedetto-hegyt\u0151l a Gilf-szurdokig, akad\u00e1lytalan panor\u00e1m\u00e1t k\u00edn\u00e1lva.<\/p>\n<p>A v\u00e1roson t\u00fal \u00f6sv\u00e9nyek vezetnek eg\u00e9szen a k\u00f6zeli magaslatokon tal\u00e1lhat\u00f3 Meran\/o 2000-ig, ahol ny\u00e1ri s\u00e9t\u00e1nyok \u00e9s t\u00e9li s\u00edp\u00e1ly\u00e1k egyar\u00e1nt tal\u00e1lhat\u00f3k. A Hirzer-hegys\u00e9g \u00e9s az Ultimo-v\u00f6lgy tov\u00e1bbi s\u00edp\u00e1ly\u00e1kat k\u00edn\u00e1l, \u00e9s egy \u00f3r\u00e1nyi aut\u00f3\u00fatra tal\u00e1lhat\u00f3 a Schnalstal-gleccser, amely ny\u00e1ri h\u00f3mez\u0151k\u00f6n val\u00f3 s\u00edel\u00e9st tesz lehet\u0151v\u00e9. A t\u00far\u00e1z\u00f3k \u00e9s hegym\u00e1sz\u00f3k sz\u00e1m\u00e1ra a t\u00fara\u00fatvonalak \u00e9s alpesi mened\u00e9kh\u00e1zak bonyolult h\u00e1l\u00f3zata hangs\u00falyozza Merano kett\u0151s identit\u00e1s\u00e1t, mint a nyugalom szent\u00e9lye \u00e9s az alpesi kalandok kiindul\u00f3pontja.<\/p>\n<p>Merano t\u00f6rt\u00e9nete a folyamatos meg\u00fajul\u00e1sr\u00f3l sz\u00f3l a hegyek \u00e1lland\u00f3s\u00e1ga k\u00f6zepette. A k\u00f6z\u00e9pkori kapuh\u00e1zakt\u00f3l a modern gal\u00e9ri\u00e1kig, a gy\u00f3gyf\u00fcrd\u0151i pavilonokt\u00f3l a jazzakad\u00e9mi\u00e1kig a v\u00e1ros egyszerre t\u00f6rt\u00e9nelmi \u00e9s dinamikus. Minden utc\u00e1ja cs\u00e1sz\u00e1ri l\u00e1togat\u00e1sokr\u00f3l \u00e9s helyi munk\u00e1ss\u00e1gr\u00f3l mes\u00e9l, fesztiv\u00e1ljai nyelveket \u00e9s hagyom\u00e1nyokat \u00f6tv\u00f6znek, \u00e9ghajlata t\u00e1pl\u00e1lja a sz\u0151l\u0151t \u00e9s a gy\u00fcm\u00f6lcs\u00f6st, lak\u00f3i pedig az olasz, n\u00e9met \u00e9s ladin kult\u00far\u00e1k \u00e9l\u0151 \u00f6sszeolvad\u00e1s\u00e1t tartj\u00e1k fenn. Ebben az \u00f6sszeolvad\u00e1sban Merano a hagyom\u00e1ny \u00e9s az innov\u00e1ci\u00f3, a pihen\u00e9s \u00e9s az elk\u00f6telezetts\u00e9g k\u00f6z\u00f6tti harm\u00f3nia lehet\u0151s\u00e9g\u00e9nek bizonys\u00e1gak\u00e9nt \u00e1ll \u2013 egy olyan hely, ahol minden \u00e9vszak ugyanazon id\u0151tlen medence egy m\u00e1sik aspektus\u00e1t t\u00e1rja fel.<\/p>","protected":false},"excerpt":{"rendered":"<p>Merano, fest\u0151i telep\u00fcl\u00e9s D\u00e9l-Tirolban, \u00c9szak-Olaszorsz\u00e1gban, mintegy 41 000 lakossal. Ez a fest\u0151i v\u00e1ros, amely egy magas hegyekkel k\u00f6r\u00fclvett medenc\u00e9ben tal\u00e1lhat\u00f3, j\u00f3l p\u00e9ld\u00e1zza a term\u00e9szeti sz\u00e9ps\u00e9g \u00e9s az emberi kreativit\u00e1s z\u00f6kken\u0151mentes integr\u00e1ci\u00f3j\u00e1t. A h\u00e1rom kiemelked\u0151 v\u00f6lgy \u2013 Val Venosta, Val Passiria \u00e9s Val d&#039;Adige \u2013 tal\u00e1lkoz\u00e1s\u00e1n\u00e1l elhelyezked\u0151 Merano bel\u00e9p\u00e9si pontk\u00e9nt szolg\u00e1l a k\u00f6rny\u00e9k legcsod\u00e1latosabb t\u00e1jaihoz.<\/p>","protected":false},"author":1,"featured_media":17524,"parent":11663,"menu_order":0,"comment_status":"closed","ping_status":"closed","template":"elementor_theme","meta":{"_eb_attr":"","footnotes":""},"class_list":["post-16869","page","type-page","status-publish","has-post-thumbnail"],"_links":{"self":[{"href":"https:\/\/travelshelper.com\/hu\/wp-json\/wp\/v2\/pages\/16869","targetHints":{"allow":["GET"]}}],"collection":[{"href":"https:\/\/travelshelper.com\/hu\/wp-json\/wp\/v2\/pages"}],"about":[{"href":"https:\/\/travelshelper.com\/hu\/wp-json\/wp\/v2\/types\/page"}],"author":[{"embeddable":true,"href":"https:\/\/travelshelper.com\/hu\/wp-json\/wp\/v2\/users\/1"}],"replies":[{"embeddable":true,"href":"https:\/\/travelshelper.com\/hu\/wp-json\/wp\/v2\/comments?post=16869"}],"version-history":[{"count":0,"href":"https:\/\/travelshelper.com\/hu\/wp-json\/wp\/v2\/pages\/16869\/revisions"}],"up":[{"embeddable":true,"href":"https:\/\/travelshelper.com\/hu\/wp-json\/wp\/v2\/pages\/11663"}],"wp:featuredmedia":[{"embeddable":true,"href":"https:\/\/travelshelper.com\/hu\/wp-json\/wp\/v2\/media\/17524"}],"wp:attachment":[{"href":"https:\/\/travelshelper.com\/hu\/wp-json\/wp\/v2\/media?parent=16869"}],"curies":[{"name":"wp","href":"https:\/\/api.w.org\/{rel}","templated":true}]}}