{"id":16682,"date":"2024-09-23T17:08:58","date_gmt":"2024-09-23T17:08:58","guid":{"rendered":"https:\/\/travelshelper.com\/staging\/?page_id=16682"},"modified":"2026-03-12T00:35:46","modified_gmt":"2026-03-12T00:35:46","slug":"bad-salzuflen","status":"publish","type":"page","link":"https:\/\/travelshelper.com\/hu\/destinations\/europe\/germany\/bad-salzuflen\/","title":{"rendered":"Bad Salzuflen"},"content":{"rendered":"<p>Bad Salzuflen, egy 52 121 lakos\u00fa v\u00e1ros (2013 v\u00e9g\u00e9n), egy 100,06 km\u00b2-es ov\u00e1lis alak\u00fa ter\u00fcleten fekszik a Ravensberg-medence keleti perem\u00e9n, \u00c9szak-Rajna-Vesztf\u00e1li\u00e1ban, N\u00e9metorsz\u00e1gban. A Salze (helyi nev\u00e9n Bega) Werre foly\u00f3ba torkoll\u00f3 r\u00e9sz\u00e9n fekszik, nagyj\u00e1b\u00f3l tizenh\u00e1rom kilom\u00e9terre keletr\u0151l nyugatra \u00e9s tizenegy kilom\u00e9terre \u00e9szakr\u00f3l d\u00e9lre. A s\u0171r\u0171n lakott magok \u00e9s a k\u00f6rnyez\u0151 vid\u00e9ki ter\u00fcletek kever\u00e9ke, amelyet 250 m\u00e9ter magas erd\u0151k \u00e9s 70 m\u00e9ter magas foly\u00f3parti s\u00edks\u00e1gok sz\u00f6vnek \u00e1t, \u00f6kol\u00f3giai v\u00e1ltozatoss\u00e1got \u00e9s bens\u0151s\u00e9ges l\u00e9pt\u00e9k\u00e9rzetet biztos\u00edt. A 2008 \u00f3ta a Teutoburgi-erd\u0151 Term\u00e9szetv\u00e9delmi Park\/Eggegebirge r\u00e9szek\u00e9nt elismert Bad Salzuflen a \u201eN\u00e9metorsz\u00e1g gy\u00f3gy\u00edt\u00f3 kertje\u201d nevet viseli, ami s\u00f3s forr\u00e1sainak \u00e9s \u00e9vsz\u00e1zados gy\u00f3gyf\u00fcrd\u0151i hagyom\u00e1nyainak bizony\u00edt\u00e9ka.<\/p>\n<p>A v\u00e1ros geol\u00f3giai szerkezete r\u00e9szletesen felt\u00e1rja gy\u00f3gyvizeinek eredet\u00e9t. A harmadid\u0151szakb\u00f3l sz\u00e1rmaz\u00f3 m\u00f6g\u00f6ttes r\u00e9tegeket mezozoikum t\u00f6r\u00e9svonalak t\u00f6rik fel. Ezeken a metsz\u00e9spontokon s\u00f3s forr\u00e1sok t\u00f6rnek fel, amelyekb\u0151l Podzol \u00e9s Stagnosol barna talajok j\u00f6nnek l\u00e9tre, amelyek a Werre \u00e9s a Salze foly\u00f3k \u00e1rtereit bor\u00edtj\u00e1k. A vizek k\u00f6zel egy kilom\u00e9teres m\u00e9lys\u00e9gb\u0151l t\u00f6rnek fel, \u00e1sv\u00e1nyi anyagokban gazdag s\u00f3oldatukat a t\u00f6rt\u00e9nelmileg a Salzhofnak nevezett k\u00f6z\u00e9pkori s\u00f3m\u0171helyekben gy\u0171jt\u00f6tt\u00e9k \u2013 melyekre a v\u00e1ros c\u00edmere ma is eml\u00e9kezik. Ez a geol\u00f3giai aj\u00e1nd\u00e9k form\u00e1lta Bad Salzuflen gazdas\u00e1g\u00e1t \u00e9s identit\u00e1s\u00e1t is, t\u00f6bb mint egy \u00e9vezreden \u00e1t vonzva a keresked\u0151ket, gy\u00f3gy\u00edt\u00f3kat \u00e9s orvosokat.<\/p>\n<p>A telep\u00fcl\u00e9s el\u0151sz\u00f6r Uflon n\u00e9ven jelenik meg a feljegyz\u00e9sekben a XI. sz\u00e1zadban, melynek \u00f3feln\u00e9met eredet\u0171 neve \u201eerd\u0151t\u201d jelent. Ahogy a s\u00f3kitermel\u00e9s egyre j\u00f6vedelmez\u0151bb\u00e9 v\u00e1lt, a n\u00e9v az Uflen, Mitteluflen \u00e9s Dorf Uflen szavakon kereszt\u00fcl fejl\u0151d\u00f6tt, v\u00e9g\u00fcl Salzuflenn\u00e9 \u2013 \u201es\u00f3f\u00fcrd\u0151k az erd\u0151ben\u201d \u2013 alakult. Sternberg gr\u00f3fjai v\u00e1rosi rangra emelt\u00e9k a telep\u00fcl\u00e9st, egy k\u00f6r alak\u00fa fallal er\u0151s\u00edtett\u00e9k meg, amelyet n\u00e9gy kapu t\u00f6rt \u00e1t, mindegyik a szomsz\u00e9dos falvakkal vagy v\u00e1rosokkal volt egy vonalban: Schliepsteiner Exter fel\u00e9, He\u00dfkamper W\u00fcsten fel\u00e9, Arminius Schotmar fel\u00e9 \u00e9s a nyugatra fekv\u0151 Herford-kapu, amelyet egykor a ma is \u00e1ll\u00f3 h\u00e1romtorny\u00fa Katzenturm szeg\u00e9lyezett. Az \u00fagynevezett feh\u00e9r arannyal val\u00f3 kereskedelem gazdag\u00edtotta a v\u00e1rost, finansz\u00edrozva a pomp\u00e1s renesz\u00e1nsz kori B\u00fcrgerh\u00e4usert \u00e9s az 1545\u201347-ben \u00e9p\u00fclt v\u00e1rosh\u00e1z\u00e1t; a legr\u00e9gebbi fennmaradt \u00e9p\u00edtm\u00e9ny azonban egy h\u00e1romszintes Traufenbau, amely 1520-b\u00f3l sz\u00e1rmazik.<\/p>\n<p>Bad Salzuflen gy\u00f3gyf\u00fcrd\u0151v\u00e9 v\u00e1l\u00e1sa komolyan a kir\u00e1lyi v\u00e9dn\u00f6ks\u00e9g alatt \u00e1ll\u00f3 \u00e1llami f\u00fcrd\u0151k l\u00e9trehoz\u00e1s\u00e1val kezd\u0151d\u00f6tt, amelyek megszil\u00e1rd\u00edtott\u00e1k a v\u00e1ros gy\u00f3gyhat\u00e1s\u00fa vizeir\u0151l sz\u00f3l\u00f3 h\u00edrnev\u00e9t. H\u00e1rom s\u00f3s, h\u00e1rom term\u00e1l- \u00e9s h\u00e1rom iv\u00f3v\u00edzforr\u00e1s Lippischer \u00e1llami f\u00fcrd\u0151 rangot adott a telep\u00fcl\u00e9snek. B\u00e1r a \u201ekir\u00e1lyi Solebadokat\u201d a tizenkilencedik sz\u00e1zadban alap\u00edtott\u00e1k, a v\u00e1ros hivatalosan csak 1914. \u00e1prilis 14-\u00e9n kapta meg a \u201eBad\u201d el\u0151tagot. Az \u00faj gy\u00f3gyf\u00fcrd\u0151i kertek a Gradierwerke k\u00f6r\u00fcl n\u0151ttek ki \u2013 ezek a fa r\u00e1csok voltak, amelyeken s\u00f3oldat csordog\u00e1lt, s\u00f3aeroszolokkal tel\u00edtve a leveg\u0151t. A l\u00e9g\u00fati megbeteged\u00e9sekre enyh\u00fcl\u00e9st keres\u0151 l\u00e1togat\u00f3k itt gy\u0171ltek \u00f6ssze, bel\u00e9legezve a mikrokl\u00edm\u00e1t, amely \u00e1t\u00f6bl\u00edtette \u00e9s nyugtatta a ny\u00e1lkah\u00e1rty\u00e1kat.<\/p>\n<p>Ahogy az iparosod\u00e1s Eur\u00f3pa-szerte fellend\u00fclt, Bad Salzuflen kihaszn\u00e1lta strat\u00e9giai, b\u00e1r jellegtelen elhelyezked\u00e9s\u00e9nek el\u0151nyeit. 1850-ben Henry Salomon Hoffmann megalap\u00edtotta a Hoffmann kem\u00e9ny\u00edt\u0151gy\u00e1rakat, amelyek Eur\u00f3pa legnagyobb kem\u00e9ny\u00edt\u0151gy\u00e1rt\u00f3j\u00e1v\u00e1 n\u0151tt\u00e9k ki magukat. A huszadik sz\u00e1zad fordul\u00f3j\u00e1ra mintegy 1200 alkalmazott dolgozott a mai Hoffmannstra\u00df\u00e9n tal\u00e1lhat\u00f3 l\u00e9tes\u00edtm\u00e9nyben. A tulajdonjog 1981-ben a Ciba-Geigyhez, majd a brit Reckitt &amp; Colmanhoz ker\u00fclt, amely 1990-ben besz\u00fcntette a helyi termel\u00e9st. Az \u00e1talakul\u00e1sok ellen\u00e9re a gy\u00f3gyf\u00fcrd\u0151- \u00e9s vend\u00e9gl\u00e1t\u00f3ipar maradt a gazdas\u00e1gi l\u00e1ncszem, fogad\u00f3i \u00e9s sz\u00e1llod\u00e1i pedig folyamatosan szolg\u00e1lt\u00e1k ki az eg\u00e9szs\u00e9gre v\u00e1gy\u00f3 vend\u00e9geket.<\/p>\n<p>A v\u00e1rosi szervezetrendszer Bad Salzuflent tizenk\u00e9t k\u00f6rzetre osztja: a f\u0151v\u00e1rosra \u00e9s tizenegy k\u00fcls\u0151 ter\u00fcletre \u2013 Biemsen-Ahmsen; Ehrsen-Breden; Grastrup-H\u00f6lsen (H\u00f6lserheid\u00e9vel); Holzhausen (Sylbach-fal); Lockhausen; Papenhausen (Volkhausennel); Retzen; Schotmar; Werl-Aspe (Knetterheid\u00e9vel); W\u00fclfer-Bexten; \u00e9s a kiterjedt W\u00fcsten, amely olyan falvakat foglal mag\u00e1ban, mint Frettholz \u00e9s Pillenbruch. N\u00e9gy szektor \u2013 Bad Salzuflen (19 700 lakos), Schotmar (8900), Werl-Aspe (7500) \u00e9s W\u00fcsten (4000) \u2013 a lakoss\u00e1g nagyj\u00e1b\u00f3l hetven\u00f6t sz\u00e1zal\u00e9k\u00e1t teszi ki. Egy \u00f6sszef\u00fcgg\u0151 be\u00e9p\u00edtett ter\u00fclet k\u00f6ti \u00f6ssze az \u00f6t k\u00f6zponti k\u00f6rzetet, t\u00fckr\u00f6zve a v\u00e1rosi n\u00f6veked\u00e9st, amely azonban meg\u00e1ll a k\u00f6zeli Lemgo, Lage, Leopoldsh\u00f6he, Bielefeld vagy Herford elnyel\u00e9se el\u0151tt.<\/p>\n<p>A v\u00e1ros \u00e9ghajlata K\u00f6z\u00e9p-Eur\u00f3pa teljesen nedves m\u00e9rs\u00e9kelt \u00f6vi \u00e9ghajlat\u00e1nak felel meg, a csapad\u00e9kmennyis\u00e9g cs\u00facsa ny\u00e1ron van. Az \u00e9ves \u00e1tlagh\u0151m\u00e9rs\u00e9klet 9,3 \u00b0C a sz\u00e9less\u00e9gi foknak \u00e9s a tengerszint feletti magass\u00e1gnak felel meg, m\u00edg a 743 mm-es csapad\u00e9k meghaladja az \u00e9szak-n\u00e9metorsz\u00e1gi \u00e1tlagot (640 mm) \u00e9s az orsz\u00e1gos adatot (690 mm), m\u00e9gis kiss\u00e9 elmarad Lippe 877 mm-es \u00e9rt\u00e9k\u00e9t\u0151l, a Teutoburgi-erd\u0151 \u00e1ltal vetett es\u0151\u00e1rny\u00e9knak k\u00f6sz\u00f6nhet\u0151en. Ezek a k\u00f6r\u00fclm\u00e9nyek t\u00e1pl\u00e1lj\u00e1k a v\u00e1rosmagot k\u00f6r\u00fclvev\u0151 vegyes lombhullat\u00f3 erd\u0151ket, buja parkokat \u00e9s mez\u0151gazdas\u00e1gi ter\u00fcleteket.<\/p>\n<p>Bad Salzuflen utc\u00e1it \u00e9s tereit vall\u00e1si \u00f6r\u00f6ks\u00e9g gobelinje hatja \u00e1t. A schotmari Szent Kili\u00e1n evang\u00e9likus reform\u00e1tus templom egy Kr. u. 800 k\u00f6r\u00fcli imahelyen \u00e1ll, neog\u00f3tikus csarnoktemploma \u00e9s nyolcsz\u00f6glet\u0171 l\u00e1mp\u00e1stornya \u00e9vsz\u00e1zados \u00e1h\u00edtatot id\u00e9z. Az \u00f3v\u00e1rosban tal\u00e1lhat\u00f3 a Hallenbrinken \u00e1ll\u00f3 reform\u00e1tus v\u00e1rosi templom, amelyet egy tizennyolcadik sz\u00e1zadi t\u0171zv\u00e9sz ut\u00e1n \u00fajj\u00e1\u00e9p\u00edtettek, majd 1892-ben kib\u0151v\u00edtettek; 1765-b\u0151l sz\u00e1rmaz\u00f3 sz\u00f3sz\u00e9ke, amelyet Heinrich Kamp Meyer k\u00e9sz\u00edtett, m\u00e1ig becses m\u0171t\u00e1rgy. A Megv\u00e1lt\u00f3 neorom\u00e1n st\u00edlus\u00fa evang\u00e9likus-luther\u00e1nus temploma, amelyet 1892-ben szenteltek fel, majd 1909-ben \u00e9s 1939-ben kib\u0151v\u00edtettek, a korszak \u00e9p\u00edt\u00e9szeti \u00fajj\u00e1\u00e9led\u00e9s\u00e9r\u0151l tan\u00faskodik. A h\u00e1bor\u00fa ut\u00e1ni \u00fajj\u00e1\u00e9p\u00edt\u00e9s eredm\u00e9nyek\u00e9nt \u00e9p\u00fclt a katolikus Miasszonyunk templom (1956\u201359), amelyet \u201eM\u00e1ria, Miasszonyunk, B\u00e9ke Kir\u00e1lyn\u0151je\u201d n\u00e9ven szenteltek fel, m\u00edg az 1960-as \u00e9vek k\u00f6zep\u00e9nek modernizmusa jellemzi az 1966-os jubil\u00e1ns vas\u00e1rnapon felszentelt Felt\u00e1mad\u00e1s Evang\u00e9likus Luther\u00e1nus Templom\u00e1t, amelynek bels\u0151 tereit Hans-Helmuth \u00e9s Margarete von Rath m\u0171vei \u00e9l\u00e9nk\u00edtik, \u00e9s amely mind az evang\u00e9likus, mind a reform\u00e1tus gy\u00fclekezeteket szolg\u00e1lja ki. Egy szer\u00e9ny r\u00f3mai katolikus k\u00f6z\u00f6ss\u00e9g, valamint kisebb baptista, metodista, mennonita, \u00faj apostoli, adventista \u00e9s muszlim gy\u00fclekezetek teszik teljess\u00e9 a vall\u00e1sok mozaikj\u00e1t. A 2011-es n\u00e9psz\u00e1ml\u00e1l\u00e1s szerint a lakosok 54,5 sz\u00e1zal\u00e9ka az evang\u00e9likus, 11,6 sz\u00e1zal\u00e9ka pedig a r\u00f3mai katolikus egyh\u00e1zhoz tartozik, egyharmaduk pedig nem tartozik m\u00e1s felekezethez, vagy csatlakozik hozz\u00e1juk.<\/p>\n<p>Gazdag kultur\u00e1lis \u00e9let bontakozik ki a sz\u00ednpadon \u00e9s a szabadban. A 498 f\u00e9r\u0151helyes f\u00fcrd\u0151 \u00e9s v\u00e1rosi sz\u00ednh\u00e1z olyan turn\u00e9t\u00e1rsulatoknak ad otthont, mint p\u00e9ld\u00e1ul a Detmoldi Staatsensemble. A szomsz\u00e9dos Kurpark \u00e9s a hatalmas, 1907-ben alap\u00edtott Landschaftspark \u00f6sszesen mintegy 120 hekt\u00e1rnyi gyepter\u00fcletet, \u00e9rett f\u00e1kat \u00e9s gondosan elrendezett vir\u00e1g\u00e1gy\u00e1sokat foglal mag\u00e1ban. A Kurgastzentrum kapuh\u00e1z\u00e1n kereszt\u00fcl bel\u00e9pve a Kurpark a Salze foly\u00f3 ment\u00e9n egy nagy t\u00f3hoz vezet, ahol egy sz\u00f6k\u0151k\u00fat \u00edvel fel a b\u00e9relhet\u0151 cs\u00f3nakok f\u00f6l\u00e9; azon t\u00fal erdei \u00f6sv\u00e9nyek vezetnek fel a Vierenberg \u00e9s a Loose dombokra a nemzeti egys\u00e9get meg\u00f6r\u00f6k\u00edt\u0151 Bismarck-ikertornyokhoz. A park k\u00f6zpontj\u00e1ban \u00e1ll a Leopold term\u00e1lk\u00fat, g\u00f6r\u00f6g st\u00edlus\u00fa templomtet\u0151je a n\u00e9vad\u00f3 bubor\u00e9kot v\u00e9di, amelyet 1906-ban 534 m\u00e9ter m\u00e9lyre emeltek. Schotmarban a Stietencron birtok egy t\u00e1jkertet k\u00edn\u00e1l \u0151si f\u00e1k k\u00f6z\u00f6tt.<\/p>\n<p>A sport\u00e9let k\u00f6z\u00f6ss\u00e9gi szinten vir\u00e1gzik. Az SG Knetterheide\/Schotmar a n\u0151i region\u00e1lis k\u00e9zilabda lig\u00e1kban versenyez, m\u00edg a TuS Bexterhagen \u00e9s az SC Bad Salzuflen asztalitenisz-csapatok orsz\u00e1gos versenyeken vesznek r\u00e9szt. Az SC Bad Salzuflen labdar\u00fag\u00f3i a 2008\/09-es szezon \u00f3ta a Landeslig\u00e1ban vesznek r\u00e9szt. Az \u00e9ves esem\u00e9nyek k\u00f6z\u00e9 tartozik a Bad-Salzuflen Maraton, amelyet el\u0151sz\u00f6r 1993-ban rendeznek meg febru\u00e1r utols\u00f3 szombatj\u00e1n; a Kilian Fesztiv\u00e1l minden okt\u00f3berben a schotmari Szent Kilian tisztelet\u00e9re; a Salzsiederfest m\u00e1jusban, amely az \u0151si s\u00f3feldolgoz\u00f3kat \u00fcnnepli; valamint a Weihnachtstraum kar\u00e1csonyi v\u00e1s\u00e1r a Salzhofon \u00e9s az utc\u00e1kon \u00e9v v\u00e9g\u00e9n.<\/p>\n<p>K\u00f6zleked\u00e9si infrastrukt\u00fara k\u00f6ti \u00f6ssze Bad Salzuflent a r\u00e9gi\u00f3val. A 239-es Bundesstra\u00dfe szeli \u00e1t a v\u00e1rost, m\u00edg az A2-es (E 34) aut\u00f3p\u00e1lya a 28-as \u00e9s 29-es keresztez\u0151d\u00e9sn\u00e9l \u00e9rhet\u0151 el. Az 1980-as \u00e9vekben a Bega \u00e9s a Werre foly\u00f3kon \u00e1t\u00edvel\u0151 n\u00e9gys\u00e1vos viadukt enyh\u00edtette a belv\u00e1rosi torl\u00f3d\u00e1sokat. N\u00e9gy helyi buszj\u00e1rat fut \u00f6ssze az \u201eAm Markt\u201d v\u00e9g\u00e1llom\u00e1son, amelyeket a Stadtwerke le\u00e1nyv\u00e1llalata, a Bad Salzuflen GmbH \u00fczemeltet, \u00f3r\u00e1nk\u00e9nti csatlakoz\u00e1sokat biztos\u00edtva a v\u00e1roson bel\u00fcl, valamint h\u00e9tk\u00f6znapokon Bielefeld, Herford, Lemgo, Oerlinghausen \u00e9s Vlotho-Exter fel\u00e9. A turist\u00e1k a Pauline-vonattal utazhatnak a f\u00fcrd\u0151v\u00e1roson kereszt\u00fcl. 1881 \u00f3ta a Herford\u2013Altenbeken vas\u00fatvonal (Regionalbahn 72) k\u00f6ti \u00f6ssze Bad Salzuflent Herforddal, Lage-val, Detmolddal, Altenbekennel \u00e9s Paderbornnal, meg\u00e1llva Schotmarban \u00e9s Sylbachban is. A ker\u00e9kp\u00e1rosok olyan hossz\u00fa t\u00e1v\u00fa \u00fatvonalakat k\u00f6vetnek, mint a Wellness Radweg \u00e9s a Weser-Lippe ker\u00e9kp\u00e1r\u00fat, m\u00edg a helyi utak a Landschaftskurparkon \u00e9s a Werre mellett Herfordig kanyarognak.<\/p>\n<p>A gazdas\u00e1gi tev\u00e9kenys\u00e9g k\u00f6z\u00e9ppontj\u00e1ban az eg\u00e9szs\u00e9g\u00fcgy, a vend\u00e9gl\u00e1t\u00e1s \u00e9s a k\u00f6nny\u0171ipar \u00e1ll. A Maritim sz\u00e1llodal\u00e1nc, N\u00e9metorsz\u00e1g m\u00e1sodik legnagyobbja, konferenciak\u00f6zpontot \u00fczemeltet itt. Az orvosi int\u00e9zm\u00e9nyek k\u00f6z\u00e9 tartozik a Burggraben \u00e9s a Flachsheide klinika (Median), egy pszichi\u00e1triai-pszichoter\u00e1pi\u00e1s k\u00f3rh\u00e1z (Lippische Nervenklinik Dr. Spernau) \u00e9s a Vitalzentrum, ahol egy f\u00fclz\u00fag\u00e1s-kutat\u00f3 int\u00e9zet is tal\u00e1lhat\u00f3. Az 1018 m\u00e9ter m\u00e9ly kutakb\u00f3l t\u00e1pl\u00e1lt Vitasol term\u00e1lf\u00fcrd\u0151 t\u00f6bb 38 \u00b0C-os s\u00f3f\u00fcrd\u0151vel, szaunaparkkal, fitneszk\u00f6zponttal, sz\u00e9ps\u00e9gk\u00f6zponttal, sportter\u00e1pi\u00e1val \u00e9s gyermekklubbal rendelkezik. Olyan v\u00e1llalatok, mint az Alba Moda (n\u0151i csomagk\u00fcld\u0151 szolg\u00e1lat), az Essmann (tet\u0151vil\u00e1g\u00edt\u00e1s), a Dorma Glass (ajt\u00f3vasalatok), a Sollich (\u00e9dess\u00e9ggy\u00e1rt\u00f3 g\u00e9pek) \u00e9s a Maritim, tov\u00e1bbra is gy\u00e1rtanak \u00e9s ny\u00fajtanak szolg\u00e1ltat\u00e1sokat. B\u00e1r Hoffmann kem\u00e9ny\u00edt\u0151birodalma besz\u00fcntette a helyi termel\u00e9st, a Reckitt Benckiser tov\u00e1bbra is forgalmazza term\u00e9keit.<\/p>\n<p>A gyermekkort\u00f3l a serd\u00fcl\u0151korig nyolc \u00e1ltal\u00e1nos iskola, huszonh\u00e1rom \u00f3voda \u00e9s sz\u00e1mos k\u00f6z\u00e9piskolai int\u00e9zm\u00e9ny ny\u00fajt t\u00e1mogat\u00e1st: egy-egy k\u00f6z\u00e9piskola, egy als\u00f3 tagozat \u00e9s egy fels\u0151 tagozat Lohfeldben \u00e9s Asp\u00e9ban, valamint az Erich K\u00e4stner-Schule a tanul\u00e1si neh\u00e9zs\u00e9gekkel k\u00fczd\u0151 tanul\u00f3k sz\u00e1m\u00e1ra. 2007-ben 372 tan\u00e1r 5614 di\u00e1kot oktatott ezeken a szinteken.<\/p>\n<p>Az eml\u00e9km\u0171vek \u00e9s eml\u00e9km\u0171vek \u00fcnnepi \u00e9s komor eml\u00e9kekkel d\u00edsz\u00edtik a v\u00e1rosk\u00e9pet. A s\u00f3munk\u00e1sok eml\u00e9km\u0171ve a Salzhofban \u2013 Marianne Herford Bleeke-Ehret s\u00f3f\u0151z\u0151 mot\u00edvuma (1988) \u2013 az \u0151si mesters\u00e9geket tisztelegve \u00e1ll\u00edtja eml\u00e9ket. Axel Seyler bronz \u00e9s gr\u00e1nit \u201e\u00c9letfa\u201d c\u00edm\u0171 alkot\u00e1sa (1984) az \u00faj v\u00e1rosh\u00e1za el\u0151tt \u00e1ll a Rudolph-Brandes-Allee-n. A foly\u00f3parton Rudolph Brandes (1795\u20131842) gy\u00f3gyszer\u00e9sznek szentelt obeliszk \u00e1ll. Az Eduard Hoffmann-eml\u00e9km\u0171 (1900) a kem\u00e9ny\u00edt\u0151gy\u00e1r alap\u00edt\u00f3j\u00e1nak fi\u00e1ra eml\u00e9keztet. Az egykori Salzuflen-Schotmar hat\u00e1r\u00e1n tal\u00e1lhat\u00f3 \u201eAkaszt\u00f3favita\u201d domborm\u0171 egy furcsa polg\u00e1ri visz\u00e1lyra eml\u00e9keztet, alakjai \u00e9s c\u00edmere k\u0151be v\u00e9sve. A Mauerstra\u00df\u00e9n Paul Meier Dahl eml\u00e9kt\u00e1bl\u00e1ja \u00e9s 1998-as eml\u00e9km\u0171ve jelzi az 1938. november 9\u201310-\u00e9n lerombolt zsinag\u00f3ga hely\u00e9t; Egy h\u00e9ber \u00e9s n\u00e9met felirat emlegeti a nemzetiszocializmus alatt elk\u00f6vetett igazs\u00e1gtalans\u00e1gokat. A k\u00f6zelben tal\u00e1lhat\u00f3 a zsid\u00f3 temet\u0151, amely tal\u00e1n a tizenhatodik sz\u00e1zadb\u00f3l sz\u00e1rmazik, \u00e9s a h\u00e1bor\u00fas puszt\u00edt\u00e1s ut\u00e1n helyre\u00e1ll\u00edtott\u00e1k, h\u00e9t\u00e1g\u00fa gyertyatart\u00f3j\u00e1n \u00f6tven n\u00e9v szerepel, amelyet k\u00e9s\u0151bb tov\u00e1bbi tizenn\u00e9gy eg\u00e9sz\u00edtett ki. 2010 \u00f3ta Gunter Demnig Stolpersteine-jeit \u2013 kis, s\u00e1rgar\u00e9z tetej\u0171 k\u00f6veket \u2013 helyezt\u00e9k el a n\u00e1ci \u00e1ldozatok egykori lak\u00f3helyei el\u0151tt, az eml\u00e9kezet k\u00f6z\u00f6ss\u00e9gi tan\u00fabizonys\u00e1gak\u00e9nt. Az Ehrsen-Breden, Biemsen-Ahmsen, W\u00fcsten, Retzen, W\u00fclfer-Bexten \u00e9s Schotmar h\u00e1bor\u00fas eml\u00e9km\u0171vei, valamint a fels\u0151 hegyi temet\u0151 feletti Hermann Hosaeus kenot\u00e1fium (1923) minden \u00e9vben megeml\u00e9kez\u00e9seket tartanak az Eml\u00e9knapon.<\/p>\n<p>A t\u00f6rt\u00e9nelem, a geol\u00f3gia, a kult\u00fara \u00e9s a k\u00f6z\u00f6ss\u00e9g k\u00f6lcs\u00f6nhat\u00e1sa teszi Bad Salzuflent a f\u00fcrd\u0151v\u00e1rosok mintak\u00e9p\u00e9v\u00e9, amely egyens\u00falyt teremt \u00f6r\u00f6ks\u00e9ge \u00e9s kort\u00e1rs vitalit\u00e1sa k\u00f6z\u00f6tt. \u00c1sv\u00e1nyv\u00edzforr\u00e1sai, amelyek egykor a s\u00f3keresked\u0151k \u00e9s a nemesek birodalma voltak, ma a gondozott kertek \u00e9s modern wellnessk\u00f6zpontok k\u00f6z\u00f6tt szolg\u00e1lj\u00e1k ki a betegeket \u00e9s a pihen\u00e9sre v\u00e1gy\u00f3 nyaral\u00f3kat. Renesz\u00e1nsz homlokzatokkal \u00e9s a sz\u00e1zadk\u00f6zepi \u00fcd\u00fcl\u0151\u00e9p\u00edt\u00e9szettel rendelkez\u0151 utc\u00e1i \u00e9vsz\u00e1zados v\u00e1ltoz\u00e1sokr\u00f3l tan\u00faskodnak, a v\u00e1ros m\u00e9gis \u00f6sszetart\u00f3 maradt, ker\u00fcletei meg\u0151rzik a falusi l\u00e9pt\u00e9k\u0171 kereteket \u00e9s a mez\u0151gazdas\u00e1gi peremeket. A Teutoburgi-erd\u0151 dombjai, foly\u00f3i \u00e9s \u00e1rterei mind a gazdas\u00e1got, mind a szabadid\u0151t alak\u00edtj\u00e1k, a t\u00fara\u00fatvonalakt\u00f3l a ker\u00e9kp\u00e1rutakon \u00e1t a t\u00e9li piacokig a ny\u00e1ri szabadt\u00e9ri koncertekig.<\/p>\n<p>Bad Salzuflen \u00f6sszess\u00e9g\u00e9ben \u00e9l\u0151 kr\u00f3nikak\u00e9nt \u00e1ll: egy hely, ahol a s\u00f3s v\u00edz egykor k\u00f6z\u00e9pkori m\u0171helyekben forrt, k\u00e9s\u0151bb term\u00e1lkutakon bugyogott, ma pedig a modern Gradierwerke-n csordog\u00e1l le; ahol a p\u00e1nc\u00e9lozott kapuk hely\u00e9t gy\u00f3gyf\u00fcrd\u0151i kapuk adt\u00e1k \u00e1t; ahol az \u00e9vezredek k\u00e9zm\u0171vess\u00e9g\u00e9t fel\u00f6lel\u0151 templomok csendes szolidarit\u00e1sban \u00e1llnak egym\u00e1ssal. Ez a kim\u00e9rt ellent\u00e9tek v\u00e1rosa \u2013 a klinikai \u00e9s a vid\u00e9ki, a k\u00f6z\u00f6ss\u00e9gi \u00e9s az introspekt\u00edv, a t\u00f6rt\u00e9nelmi \u00e9s a j\u00f6v\u0151be tekint\u0151. Itt a f\u00f6ld f\u00f6ldalatti eml\u00e9kei felemelkednek, hogy kiel\u00e9g\u00edts\u00e9k a test \u00e9s a l\u00e9lek sz\u00fcks\u00e9gleteit, meger\u0151s\u00edtve Bad Salzuflen tart\u00f3s szerep\u00e9t N\u00e9metorsz\u00e1g gy\u00f3gy\u00edt\u00f3 kertjek\u00e9nt.<\/p>","protected":false},"excerpt":{"rendered":"<p>Bad Salzuflen egy v\u00e1ros \u00e9s term\u00e1lf\u00fcrd\u0151, amely N\u00e9metorsz\u00e1gban, \u00c9szak-Rajna-Vesztf\u00e1lia Lippe ker\u00fclet\u00e9ben tal\u00e1lhat\u00f3. Mivel 2013-ban 52 121 ember \u00e9lt ott, ez a sz\u00e9p hely nagyon lakott volt az \u00e9szak-lippei r\u00e9gi\u00f3ban. A v\u00e1ros jellegzetes domborzata, gazdag m\u00faltja \u00e9s j\u00f3l ismert f\u00fcrd\u0151l\u00e9tes\u00edtm\u00e9nyei seg\u00edtettek megmagyar\u00e1zni n\u00e9pszer\u0171s\u00e9g\u00e9t a lakoss\u00e1g, valamint a pihenni, meg\u00fajulni v\u00e1gy\u00f3 l\u00e1togat\u00f3k k\u00f6r\u00e9ben.<\/p>","protected":false},"author":1,"featured_media":17457,"parent":13736,"menu_order":0,"comment_status":"closed","ping_status":"closed","template":"elementor_theme","meta":{"_eb_attr":"","footnotes":""},"class_list":["post-16682","page","type-page","status-publish","has-post-thumbnail"],"_links":{"self":[{"href":"https:\/\/travelshelper.com\/hu\/wp-json\/wp\/v2\/pages\/16682","targetHints":{"allow":["GET"]}}],"collection":[{"href":"https:\/\/travelshelper.com\/hu\/wp-json\/wp\/v2\/pages"}],"about":[{"href":"https:\/\/travelshelper.com\/hu\/wp-json\/wp\/v2\/types\/page"}],"author":[{"embeddable":true,"href":"https:\/\/travelshelper.com\/hu\/wp-json\/wp\/v2\/users\/1"}],"replies":[{"embeddable":true,"href":"https:\/\/travelshelper.com\/hu\/wp-json\/wp\/v2\/comments?post=16682"}],"version-history":[{"count":0,"href":"https:\/\/travelshelper.com\/hu\/wp-json\/wp\/v2\/pages\/16682\/revisions"}],"up":[{"embeddable":true,"href":"https:\/\/travelshelper.com\/hu\/wp-json\/wp\/v2\/pages\/13736"}],"wp:featuredmedia":[{"embeddable":true,"href":"https:\/\/travelshelper.com\/hu\/wp-json\/wp\/v2\/media\/17457"}],"wp:attachment":[{"href":"https:\/\/travelshelper.com\/hu\/wp-json\/wp\/v2\/media?parent=16682"}],"curies":[{"name":"wp","href":"https:\/\/api.w.org\/{rel}","templated":true}]}}