{"id":16675,"date":"2024-09-23T16:58:08","date_gmt":"2024-09-23T16:58:08","guid":{"rendered":"https:\/\/travelshelper.com\/staging\/?page_id=16675"},"modified":"2026-03-12T00:23:34","modified_gmt":"2026-03-12T00:23:34","slug":"bad-muskau","status":"publish","type":"page","link":"https:\/\/travelshelper.com\/hu\/destinations\/europe\/germany\/bad-muskau\/","title":{"rendered":"Bad Muskau"},"content":{"rendered":"<p>A 3759 lakos\u00fa \u00e9s 15,35 n\u00e9gyzetkilom\u00e9teres Bad Muskau f\u00fcrd\u0151v\u00e1rosk\u00e9nt fekszik N\u00e9metorsz\u00e1g \u00e9szakkeleti hat\u00e1r\u00e1n, a Luzizi Neisse nyugati partj\u00e1n, a lengyel hat\u00e1ron. A sz\u00e1szorsz\u00e1gi G\u00f6rlitz j\u00e1r\u00e1shoz tartoz\u00f3 telep\u00fcl\u00e9s f\u00f6ldrajzilag \u00e9s kultur\u00e1lisan is egyed\u00fcl\u00e1ll\u00f3 helyen fekszik: egy foly\u00f3 szeli kett\u00e9, amely egykor elv\u00e1lasztotta a vil\u00e1gokat, \u00e9s ma k\u00e9t nemzetet egyes\u00edt egy k\u00f6z\u00f6s t\u00e1jparkon kereszt\u00fcl, amelyet az UNESCO Vil\u00e1g\u00f6r\u00f6ks\u00e9g r\u00e9sz\u00e9v\u00e9 nyilv\u00e1n\u00edtottak. A nagyj\u00e1b\u00f3l 110 m\u00e9teres tengerszint feletti magass\u00e1gban fekv\u0151 Bad Muskau arisztokrata \u00f6r\u00f6ks\u00e9g\u00e9nek, szorb hagyom\u00e1nyainak \u00e9s \u00f6kol\u00f3giai \u00fajj\u00e1\u00e9led\u00e9s\u00e9nek kever\u00e9ke olyan r\u00e9tegzett narrat\u00edv\u00e1t k\u00edn\u00e1l, mint maga a t\u00e1j.<\/p>\n<p>A 13. sz\u00e1zadban Muskau er\u0151d\u00edtett foly\u00f3parti k\u00f6zpontt\u00e1 v\u00e1lt, amelyr\u0151l el\u0151sz\u00f6r 1249-ben \u00edrtak fel. A v\u00e1ros politikai hull\u00e1mokon is helyt\u00e1llt \u2013 a Jawori Hercegs\u00e9g, a Cseh Korona, majd a b\u00e9csi kongresszus ut\u00e1n Poroszorsz\u00e1g r\u00e9sz\u00e9v\u00e9 v\u00e1lt \u2013, mik\u00f6zben meg\u0151rizte a szorb hagyom\u00e1nyokban \u00e9s k\u00e9zm\u0171vess\u00e9gben gy\u00f6kerez\u0151 jellegzetes identit\u00e1s\u00e1t. Sors\u00e1t a nemesi csal\u00e1dok sora form\u00e1lta, Hermann von P\u00fcckler-Muskau herceg fel\u00fcgyelete alatt. Az \u0151 keze alatt a v\u00e1ros t\u00fall\u00e9pett a puszta f\u00f6ldrajzi hat\u00e1rokon, \u00e9s egy innovat\u00edv t\u00e1jk\u00e9pet hozott l\u00e9tre, amelyet k\u00e9s\u0151bb a 20. sz\u00e1zad k\u00f6zep\u00e9nek geopolitik\u00e1ja N\u00e9metorsz\u00e1g \u00e9s Lengyelorsz\u00e1g k\u00f6z\u00f6tt osztott fel.<\/p>\n<p>A v\u00e1ros k\u00f6rnyezete ugyanolyan leny\u0171g\u00f6z\u0151, mint a t\u00f6rt\u00e9nete. Bad Muskau a Neisse \u00e1rter\u00e9n fekszik, a G\u00f6rlitz-j\u00e1r\u00e1s legalacsonyabb pontj\u00e1n, 98 m\u00e9terrel a tengerszint felett a k\u00f6zeli K\u00f6belnben, amely 1950 ut\u00e1n lett Muskau r\u00e9sze (en.wikipedia.org). D\u00e9lre a Muskau-h\u00e1g\u00f3 lank\u00e1s \u00edve emelkedik, m\u00f6g\u00f6tte pedig a Muskau-puszta bontakozik ki, egy hatalmas erd\u0151, amely az 1990-es \u00e9vek v\u00e9g\u00e9n \u00fcdv\u00f6z\u00f6lte a farkasok N\u00e9metorsz\u00e1gba val\u00f3 visszat\u00e9r\u00e9s\u00e9t. Ezek az elemek egyszerre a mag\u00e1ny \u00e9rzet\u00e9t \u00e9s a sz\u00e9lesebb k\u00f6r\u0171 \u00f6kol\u00f3giai meg\u00fajul\u00e1ssal val\u00f3 kapcsolatot k\u00f6lcs\u00f6n\u00f6znek.<\/p>\n<p>A v\u00e1ros k\u00f6zigazgat\u00e1si k\u00f6rvonalai t\u00falmutatnak a magj\u00e1n. \u00c9szakra fekszik K\u00f6beln, amely egykor k\u00fcl\u00f6n\u00e1ll\u00f3 telep\u00fcl\u00e9s volt, ma pedig j\u00e1r\u00e1s, m\u00edg Berg 1940-ben ker\u00fclt be a v\u00e1rosba. Az el\u0151v\u00e1rosi utc\u00e1k egykori falvakra utalnak \u2013 Neustadt a 19. sz\u00e1zadi t\u0171zv\u00e9szek \u00e9s \u00fajj\u00e1\u00e9p\u00edt\u00e9sek ut\u00e1n olvadt be a v\u00e1rosi sz\u00f6vetbe, Burglehn Muskau pedig v\u00e1rbirtokaival az 1945-\u00f6s h\u00e1bor\u00fas kisaj\u00e1t\u00edt\u00e1sok ut\u00e1n csatlakozott a v\u00e1roshoz. Mindegyik n\u00e9v a Neisse foly\u00f3n v\u00e9gigvonul\u00f3 terjeszked\u00e9s \u00e9s \u00e1trendez\u0151d\u00e9s szakaszaira utal, ahol \u0141\u0119knica (kor\u00e1bban Lugknitz) a lengyel f\u00f6ld\u00f6n fekv\u0151 Muskau t\u00fck\u00f6rk\u00e9pe.<\/p>\n<p>A k\u00f6zleked\u00e9si erek \u00f6sszek\u00f6tik Bad Muskaut t\u00e1gabb Eur\u00f3p\u00e1val, mik\u00f6zben meg\u0151rzik a v\u00e1ros nyugalm\u00e1t. A B115-\u00f6s sz\u00f6vets\u00e9gi aut\u00f3p\u00e1lya Forstt\u00f3l \u00e9szakra kanyarog Bad Muskau-n kereszt\u00fcl Nieskybe \u00e9s G\u00f6rlitzbe, m\u00edg a B156-os d\u00e9len, a k\u00f6zeli Krauschwitz mellett halad el. A Posta h\u00eddn\u00e1l (egykor Sorau h\u00edd) tal\u00e1lhat\u00f3 hat\u00e1r\u00e1tkel\u0151hely \u00e1tj\u00e1r\u00e1st biztos\u00edt a lengyel piacokra; k\u00e9t gyalogos- \u00e9s ker\u00e9kp\u00e1rh\u00edd, az Angol h\u00edd \u00e9s a Kett\u0151s h\u00edd forgalommentes \u00e1tkel\u00e9si pontokat biztos\u00edt a t\u00e1jparkon bel\u00fcl. 2011-ig ezen a ponton kezd\u0151d\u00f6tt a Droga krajowa 12, amely a lengyel-ukr\u00e1n hat\u00e1rhoz kapcsol\u00f3dott, miel\u0151tt Krauschwitzon kereszt\u00fcl \u00e1tir\u00e1ny\u00edtott\u00e1k volna.<\/p>\n<p>A hagyom\u00e1nyos vas\u00fat a folytonoss\u00e1g egy \u00fajabb r\u00e9teg\u00e9t testes\u00edti meg. A Muskau Forest Railway \u2013 egy 600 millim\u00e9teres nyomt\u00e1vols\u00e1g\u00fa vonal \u2013 szezon\u00e1lisan k\u00f6zlekedik Wei\u00dfwasser \u00e9s Bad Muskau k\u00f6z\u00f6tt, id\u0151nk\u00e9nt g\u0151zg\u00e9pekkel, m\u00e1skor korai d\u00edzelmozdonyokkal hajtva. A jegy\u00e1rak tov\u00e1bbra is szer\u00e9nyek, ami hangs\u00falyozza a vas\u00fat vonzerej\u00e9t, nem pedig ing\u00e1z\u00f3i \u00fatvonalk\u00e9nt bet\u00f6lt\u00f6tt szerep\u00e9t; ezzel szemben az olyan egykor akt\u00edv vonalak, mint a Wei\u00dfwasser\u2013Bad Muskau f\u0151vonal, megadt\u00e1k magukat a bez\u00e1r\u00e1snak, nyomvonalaik ker\u00e9kp\u00e1rutakk\u00e9nt sz\u00fclettek \u00fajj\u00e1, amelyek Lengyelorsz\u00e1gba vezetnek, \u00e9s innovat\u00edv m\u00e9rn\u00f6ki megold\u00e1sok r\u00e9v\u00e9n \u2013 t\u00f6bbek k\u00f6z\u00f6tt egy r\u00e9gi h\u00eddon \u00e1t\u00edvel\u0151 meredek r\u00e1mp\u00e1val \u2013 kapcsol\u00f3dnak \u00fajra az Odera\u2013Neisse \u00fatvonalhoz.<\/p>\n<p>L\u00e9gi \u00e9s vas\u00fati k\u00f6zleked\u00e9s szempontj\u00e1b\u00f3l a v\u00e1ros b\u00e9k\u00e9s, elszigetelt helyen fekszik. A drezdai rep\u00fcl\u0151t\u00e9r 115 kilom\u00e9terre d\u00e9lnyugatra, a berlini Brandenburg pedig 140 kilom\u00e9terre \u00e9szaknyugatra fekszik. A vas\u00fati utasoknak a kilenc kilom\u00e9terre l\u00e9v\u0151 Wei\u00dfwasserben kell lesz\u00e1llniuk, miel\u0151tt buszj\u00e1ratokra vagy sz\u00e1llodai transzferekre sz\u00e1lln\u00e1nak \u00e1t; Drezd\u00e1b\u00f3l vagy Berlinb\u0151l az utaz\u00e1s G\u00f6rlitzben \u00e9s region\u00e1lis csom\u00f3pontokban t\u00f6rt\u00e9n\u0151 \u00e1tsz\u00e1ll\u00e1ssal j\u00e1r, ami k\u00f6zel h\u00e1rom \u00f3r\u00e1t vesz ig\u00e9nybe. A szezon\u00e1lis keskeny nyomt\u00e1v\u00fa vonatok kieg\u00e9sz\u00edtik a helyi k\u00f6zleked\u00e9st, de a legkedveltebb \u00e9rkez\u00e9si m\u00f3d tov\u00e1bbra is az aut\u00f3, az aut\u00f3p\u00e1lya-h\u00e1l\u00f3zat az A15-\u00f6s vagy az A4-es \u00fat ment\u00e9n vezeti a l\u00e1togat\u00f3kat, miel\u0151tt vid\u00e9ki mell\u00e9kutakra t\u00e9rn\u00e9nek \u00e1t.<\/p>\n<p>A Bad Muskau \u00e9kk\u00f6v\u00e9nek sz\u00e1m\u00edt\u00f3 t\u00e1jpark vezetett felfedez\u00e9se gyalogosan, ker\u00e9kp\u00e1rral, cs\u00f3nakkal vagy lovaskocsival tehet\u0151 meg. Ny\u00e1ron szombaton \u00e9s vas\u00e1rnap nyilv\u00e1nos t\u00far\u00e1k indulnak az \u00dajv\u00e1rb\u00f3l, amelyek kis csoportokat visznek kereszt\u00fcl kanyarg\u00f3s kil\u00e1t\u00f3kon \u00e9s t\u00f3parti tiszt\u00e1sokon; eg\u00e9sz \u00e9vben egy heti t\u00fara v\u00e1rja a gy\u00f3gyf\u00fcrd\u0151 vend\u00e9geket, felid\u00e9zve a v\u00e1ros modern gy\u00f3gy\u00fcd\u00fcl\u0151 st\u00e1tusz\u00e1nak alapj\u00e1ul szolg\u00e1l\u00f3 ter\u00e1pi\u00e1s \u00f6r\u00f6ks\u00e9get. Helyi kocsisok k\u00e9szen \u00e1llnak, hogy a l\u00e1togat\u00f3kat \u0151si b\u00fckkf\u00e1k sik\u00e1torain kereszt\u00fcl rejtett \u00f6rd\u00f6gi t\u00e1jak fel\u00e9 sz\u00e1ll\u00edts\u00e1k, m\u00edg a Neisse-Tours felf\u00fajhat\u00f3 cs\u00f3nakokkal teszi lehet\u0151v\u00e9 a folyami kir\u00e1ndul\u00e1sokat a r\u00e9gi g\u00e1t \u00e9s a \u017barki Wielkie k\u00f6z\u00f6tt.<\/p>\n<p>Ennek a birodalomnak a sz\u00edv\u00e9ben \u00e1ll a P\u00fcckler herceg parkja, amely t\u00f6bb mint 2050 hekt\u00e1ron ter\u00fcl el, kontinent\u00e1lis Eur\u00f3pa legnagyobb angol st\u00edlus\u00fa t\u00e1jkertj\u00e9ben, \u00e9s 2004-ben felker\u00fclt az UNESCO Vil\u00e1g\u00f6r\u00f6ks\u00e9gi List\u00e1j\u00e1ra. P\u00fcckler mond\u00e1sa, miszerint egy kertnek minden l\u00e9p\u00e9sn\u00e9l friss l\u00e1tv\u00e1nyt kell ny\u00fajtania, visszak\u00f6sz\u00f6n az \u00f6sv\u00e9nyekkel szeg\u00e9lyezett r\u00e9teken, az aszimmetrikus, magas t\u00f6lgyf\u00e1kat t\u00fckr\u00f6z\u0151 tavakban, valamint a c\u00e9lir\u00e1nyosan elhelyezett hidakban \u00e9s \u00e9p\u00edtm\u00e9nyekben. E kiterjed\u00e9s k\u00e9tharmada a Neisse foly\u00f3t\u00f3l keletre fekszik, m\u00e9gis a szabad \u00e1tj\u00e1r\u00e1s \u00e9rv\u00e9nyes\u00fcl: a l\u00e1togat\u00f3k \u00fatlev\u00e9l-ellen\u0151rz\u00e9s n\u00e9lk\u00fcl k\u00f6zlekedhetnek rajta, b\u00e1r alkalmank\u00e9nti helysz\u00edni ellen\u0151rz\u00e9sekhez igazolv\u00e1nnyal kell rendelkezni\u00fck.<\/p>\n<p>\u00c9p\u00edt\u00e9szeti elemek tark\u00edtj\u00e1k ezeket a hull\u00e1mz\u00f3 z\u00f6ldter\u00fcleteket. A 2012-re fel\u00faj\u00edtott \u00daj Kast\u00e9lyban megtekinthet\u0151 a \u201eP\u00fcckler! Kapd el, ha tudod?\u201d c\u00edm\u0171 ki\u00e1ll\u00edt\u00e1s, amely egy multim\u00e9di\u00e1s od\u00fcsszeia a herceg sokoldal\u00fa \u00e9let\u00e9be, mint polihisztor, mes\u00e9l\u0151 \u00e9s l\u00e1tv\u00e1nyos t\u00e1j\u00e9p\u00edt\u00e9sz. A bel\u00e9p\u0151d\u00edj tov\u00e1bbra is szer\u00e9ny, \u00e9s az angolul besz\u00e9l\u0151 l\u00e1togat\u00f3k fel\u00e9 interakt\u00edv \u201eelveszett bet\u0171\u201d szerkezetekkel \u00e9s sz\u00edn\u00e9szhanggal el\u0151adott dramatiz\u00e1l\u00e1sokkal meleg fogadtat\u00e1sban r\u00e9szes\u00fclnek. A k\u00f6zelben tal\u00e1lhat\u00f3 a m\u00f3r st\u00edlus\u00fa Orangerie, ahol p\u00e1lma- \u00e9s kaktuszh\u00e1zak tal\u00e1lhat\u00f3k, m\u00edg a R\u00e9gi Kast\u00e9ly a k\u00f6z\u00e9pkori el\u0151zm\u00e9nyeket id\u00e9zi. A t\u0151zegf\u00fcrd\u0151v\u00e9 \u00e1talak\u00edtott Cavalier-h\u00e1z a helyi ter\u00e1pi\u00e1s hagyom\u00e1nyokra utal, a term\u00e9szetes t\u0151zegp\u00e9pet modern manu\u00e1lis ter\u00e1pi\u00e1kkal p\u00e1ros\u00edtva.<\/p>\n<p>A f\u00fcrd\u0151kult\u00fara alapozza meg a v\u00e1ros hivatalos, \u00e1llamilag elismert gy\u00f3gy\u00fcd\u00fcl\u0151hely st\u00e1tusz\u00e1t. A Moorbad t\u0151zegf\u00fcrd\u0151 helyi lel\u0151helyekb\u0151l mer\u00edt vizet, olyan gy\u00f3gym\u00f3dokat alkalmazva, amelyek m\u00e1r a 16. sz\u00e1zad \u00f3ta h\u00edresek, amikor a mai f\u00fcrd\u0151park t\u00e1j\u00e1t tims\u00f3kunyh\u00f3k uralt\u00e1k. A kezel\u00e9sek a term\u00e1lv\u00edzzel t\u00f6rt\u00e9n\u0151 s\u00f3s \u00e1ztat\u00e1st\u00f3l a kr\u00e9taalap\u00fa pakol\u00e1sokig terjednek, amelyeket fizioter\u00e1pia eg\u00e9sz\u00edt ki. Ebben az \u00f6sszef\u00fcgg\u00e9sben a v\u00e1ros t\u00f6bb mint egy t\u00f6rt\u00e9nelmi helysz\u00edn: a wellness \u00e9l\u0151 olvaszt\u00f3t\u00e9gelye, amely a kert\u00e9szeti nagyszer\u0171s\u00e9ggel egy\u00fctt fejl\u0151d\u00f6tt.<\/p>\n<p>A hat\u00e1rvid\u00e9ki ker\u00e9kp\u00e1r\u00fat-h\u00e1l\u00f3zat sz\u00e9lesebb k\u00f6r\u00e9ben Bad Muskau az Odera\u2013Neisse ker\u00e9kp\u00e1r\u00faton tal\u00e1lhat\u00f3, amely a 66 kilom\u00e9terre d\u00e9lre fekv\u0151 G\u00f6rlitzet k\u00f6ti \u00f6ssze a 61 kilom\u00e9terre \u00e9szaknyugatra fekv\u0151 Gubennel. A ker\u00e9kp\u00e1rosok gyakran saj\u00e1t er\u0151b\u0151l \u00e9rkeznek, \u00e9s a helyi Fahrrad-Nowak ker\u00e9kp\u00e1r\u00fczletben b\u00e9relhet\u0151 lovakat tal\u00e1lnak, akiknek m\u0171helyei tavaszt\u00f3l \u0151szig k\u00e9szen \u00e1llnak. Itt a ker\u00e9kp\u00e1rk\u00f6lcs\u00f6nz\u00e9s hangs\u00falyozza a v\u00e1ros azon meggy\u0151z\u0151d\u00e9s\u00e9t, hogy az igazi elm\u00e9ly\u00fcl\u00e9shez a r\u00e9teges terepen val\u00f3 k\u00f6nnyed mozg\u00e1sra van sz\u00fcks\u00e9g.<\/p>\n<p>Bad Muskau elbesz\u00e9l\u00e9se nem egy utols\u00f3 vir\u00e1gz\u00e1ssal, hanem a t\u00f6rt\u00e9nelem csendes kitart\u00e1s\u00e1val z\u00e1rul a term\u00e9szetben. A p\u00e9zsmaborit\u00f3 puszt\u00e1ban l\u00e9v\u0151 farkasok egy olyan id\u0151szakot id\u00e9znek fel, amikor a vadon visszaszerezte hely\u00e9t; a Neisse foly\u00f3n \u00e1t\u00edvel\u0151 hidak a megb\u00e9k\u00e9l\u00e9st t\u00fckr\u00f6zik a sz\u00e9tv\u00e1l\u00e1s ut\u00e1n; a t\u0151zegf\u00fcrd\u0151k a modern hat\u00e1rokn\u00e1l r\u00e9gebbi ritu\u00e1l\u00e9kat id\u00e9zik. A gyepeken \u00e9s erd\u0151k\u00f6n \u00e1t\u00edvel\u0151 tekintetek sor\u00e1n kirajzol\u00f3dik egy olyan v\u00e1ros, amely ellen\u00e1ll a k\u00f6nny\u0171 kategoriz\u00e1l\u00e1snak. Egyszerre marad eg\u00e9szs\u00e9g\u00fcgyi mened\u00e9khely, a t\u00e1jm\u0171v\u00e9szet eml\u00e9km\u0171ve \u00e9s a kultur\u00e1lis hibridit\u00e1s bizony\u00edt\u00e9ka, ahol a n\u00e9met \u00e9s a szorb, a sz\u00e1sz \u00e9s a lengyel, a m\u0171v\u00e9szet \u00e9s az \u00f6kol\u00f3gia a szabad \u00e9g alatt tal\u00e1lkozik.<\/p>","protected":false},"excerpt":{"rendered":"<p>Bad Muskau, egy b\u00e1jos f\u00fcrd\u0151v\u00e1ros N\u00e9metorsz\u00e1g t\u00f6rt\u00e9nelmi Fels\u0151-Lausitsia r\u00e9gi\u00f3j\u00e1ban, mintegy 3600 lakosnak ad otthont. Ez a fest\u0151i telep\u00fcl\u00e9s, amely a Neisse foly\u00f3 partj\u00e1n fekszik, N\u00e9metorsz\u00e1g \u00e9s Lengyelorsz\u00e1g hat\u00e1r\u00e1n fekszik, \u00e9s a kultur\u00e1lis \u00f6r\u00f6ks\u00e9g \u00e9s a term\u00e9szeti sz\u00e9ps\u00e9g egyed\u00fcl\u00e1ll\u00f3 kever\u00e9k\u00e9t k\u00edn\u00e1lja.<\/p>","protected":false},"author":1,"featured_media":17501,"parent":13736,"menu_order":0,"comment_status":"closed","ping_status":"closed","template":"elementor_theme","meta":{"_eb_attr":"","footnotes":""},"class_list":["post-16675","page","type-page","status-publish","has-post-thumbnail"],"_links":{"self":[{"href":"https:\/\/travelshelper.com\/hu\/wp-json\/wp\/v2\/pages\/16675","targetHints":{"allow":["GET"]}}],"collection":[{"href":"https:\/\/travelshelper.com\/hu\/wp-json\/wp\/v2\/pages"}],"about":[{"href":"https:\/\/travelshelper.com\/hu\/wp-json\/wp\/v2\/types\/page"}],"author":[{"embeddable":true,"href":"https:\/\/travelshelper.com\/hu\/wp-json\/wp\/v2\/users\/1"}],"replies":[{"embeddable":true,"href":"https:\/\/travelshelper.com\/hu\/wp-json\/wp\/v2\/comments?post=16675"}],"version-history":[{"count":0,"href":"https:\/\/travelshelper.com\/hu\/wp-json\/wp\/v2\/pages\/16675\/revisions"}],"up":[{"embeddable":true,"href":"https:\/\/travelshelper.com\/hu\/wp-json\/wp\/v2\/pages\/13736"}],"wp:featuredmedia":[{"embeddable":true,"href":"https:\/\/travelshelper.com\/hu\/wp-json\/wp\/v2\/media\/17501"}],"wp:attachment":[{"href":"https:\/\/travelshelper.com\/hu\/wp-json\/wp\/v2\/media?parent=16675"}],"curies":[{"name":"wp","href":"https:\/\/api.w.org\/{rel}","templated":true}]}}