{"id":16666,"date":"2024-09-23T16:42:12","date_gmt":"2024-09-23T16:42:12","guid":{"rendered":"https:\/\/travelshelper.com\/staging\/?page_id=16666"},"modified":"2026-03-12T00:23:22","modified_gmt":"2026-03-12T00:23:22","slug":"bad-oeynhausen","status":"publish","type":"page","link":"https:\/\/travelshelper.com\/hu\/destinations\/europe\/germany\/bad-oeynhausen\/","title":{"rendered":"Bad Oeynhausen"},"content":{"rendered":"<p>A k\u00f6zel 50 000 lakos\u00fa, 64,83 n\u00e9gyzetkilom\u00e9teres Bad Oeynhausen a Wiehen-hegys\u00e9g d\u00e9li lejt\u0151j\u00e9n fekv\u0151 f\u00fcrd\u0151v\u00e1ros m\u00e1ig meghat\u00e1roz\u00f3 jelent\u0151s\u00e9g\u0171. A Weser foly\u00f3 bal partj\u00e1n, \u00c9szak-Rajna-Vesztf\u00e1lia Kelet-Vesztf\u00e1lia-Lippe r\u00e9gi\u00f3j\u00e1ban tal\u00e1lhat\u00f3, Bielefeldt\u0151l negyven kilom\u00e9terre \u00e9szakkeletre \u00e9s Hannovert\u0151l mintegy nyolcvan kilom\u00e9terre nyugatra. A 19. sz\u00e1zadi gy\u00f3gy\u00fcd\u00fcl\u0151helyk\u00e9nt \u2013 melynek k\u00f6z\u00e9ppontj\u00e1ban a vil\u00e1g legsz\u00e9nsavtartalm\u00faabb s\u00f3sv\u00edz-k\u00fatj\u00e1t ad\u00f3 term\u00e1lforr\u00e1sok \u00e1lltak \u2013 kezdetekt\u0151l a h\u00e1bor\u00fa ut\u00e1ni brit katonai korm\u00e1nyzat sz\u00e9khelyek\u00e9nt bet\u00f6lt\u00f6tt szerep\u00e9ig a v\u00e1ros fejl\u0151d\u00e9se elv\u00e1laszthatatlan geol\u00f3gi\u00e1j\u00e1t\u00f3l, v\u00edzi \u00fatjait\u00f3l \u00e9s gy\u00f3gyvizeit\u0151l.<\/p>\n<p>Az 1750-es \u00e9vekbeli els\u0151 f\u00far\u00e1sokt\u00f3l a sz\u00e9lcsendes id\u0151ben negyven m\u00e9teres \u00edv\u0171 Jordansprudelig Bad Oeynhausen forr\u00e1sai meghat\u00e1rozt\u00e1k a v\u00e1ros sors\u00e1t. Az 1839-ben f\u00fart, majd az 1970-es \u00e9vekre egym\u00e1st k\u00f6vet\u0151 szakaszokban 1000 m\u00e9tern\u00e9l m\u00e9lyebbre f\u00fart Oeynhausen-forr\u00e1s felkeltette Alexander von Humboldt figyelm\u00e9t. A k\u00e9s\u0151bbi kutak \u2013 a Kaiser Wilhelm, a Morsbach, a Jordan, a Dr. Schmid, az Alexander von Humboldt \u00e9s a Gert-Michel forr\u00e1sok \u2013 egy-egy fejezettel gazdag\u00edtott\u00e1k a f\u00fcrd\u0151 technikai \u00e9s \u00e9p\u00edt\u00e9szeti fejl\u0151d\u00e9s\u00e9t. B\u00e1r a s\u00f3kitermel\u00e9s cs\u00facspontja m\u00e1r elm\u00falt, a helyre\u00e1ll\u00edt\u00f3 s\u00f3oldatok tov\u00e1bbra is t\u00e1pl\u00e1lj\u00e1k a f\u00fcrd\u0151park II. f\u00fcrd\u0151h\u00e1z\u00e1t, a Bali-Therme-t \u00e9s az orvosi l\u00e9tes\u00edtm\u00e9nyeket, amelyek homlokzatai neoklasszicista \u00e9s neorenesz\u00e1nsz pomp\u00e1t id\u00e9znek.<\/p>\n<p>A v\u00e1ros t\u00e1jk\u00e9p\u00e9t a Werre \u00e9s a Weser foly\u00f3k alak\u00edtj\u00e1k. A Werre kett\u00e9osztja a v\u00e1rost, s\u00edk, homokos, kavicsos \u00e9s agyagos \u00e1rter\u00fcletet \u00f6lel fel, amelyet a region\u00e1lis v\u00edz\u00fcgyi hat\u00f3s\u00e1goknak gondos g\u00e1tak \u00e9p\u00edt\u00e9s\u00e9vel kell ell\u00e1tniuk. Az \u00e9szaki parton a Wiehen-hegys\u00e9g meredeken emelkedik 267 m\u00e9terre az Uphauser Bergn\u00e9l, m\u00edg a d\u00e9li oldalon a f\u00f6ld a Lippe-hegys\u00e9gbe ereszkedik. A saali \u00e9s weichseli j\u00e9gkorszakok \u00e1ltal form\u00e1lt l\u00e9pcs\u0151s teraszok l\u00f6sz \u00e9s v\u00e1ndork\u0151 lerak\u00f3d\u00e1sokr\u00f3l tan\u00faskodnak. A v\u00e1rosk\u00f6zponton k\u00edv\u00fcl hat kis term\u00e9szetv\u00e9delmi ter\u00fclet \u00e9s n\u00e9gy t\u00e1jv\u00e9delmi ter\u00fclet \u0151rzi a Sieke-v\u00f6lgyeket, erd\u0151s gerinceket \u00e9s \u00e1rt\u00e9ri r\u00e9teket; a helysz\u00edni tervek 1995 \u00f3ta v\u00e9dik az \u00e1sv\u00e1nyv\u00edzforr\u00e1sokat.<\/p>\n<p>Ezen a dombokon \u00e9s \u00e1rter\u00fcleten bel\u00fcl nyolc ker\u00fclet h\u00e1l\u00f3zata \u2013 melyeket az 1973-as Bielefeldi t\u00f6rv\u00e9ny egyes\u00edtett \u2013 Bad Oeynhausen t\u00f6rt\u00e9nelmi magj\u00e1t\u00f3l Lohe, Oberbecksen, Rehme, Bergkirchen, Bad Oexen, valamint Eidinghausen \u00e9s Wulferdingsen peremvid\u00e9ki telep\u00fcl\u00e9sein kereszt\u00fcl h\u00faz\u00f3dik. Mindegyik meg\u0151rzi saj\u00e1tos jelleg\u00e9t: Rehme foly\u00f3 menti r\u00e9tjei, Bergkirchen templomokkal szeg\u00e9lyezett h\u00e1g\u00f3ja, Bad Oexen parkos\u00edtott onkol\u00f3giai klinik\u00e1ja. Rothenuffeln \u00e9s Gohfeld egykori telep\u00fcl\u00e9sei ter\u00fcletei hozz\u00e1j\u00e1rulnak a v\u00e1ros k\u00f6zigazgat\u00e1si t\u00e9rk\u00e9p\u00e9hez \u00e9s kultur\u00e1lis sz\u00f6vet\u00e9hez.<\/p>\n<p>Bad Oeynhausen \u00e9ghajlata, amelyet meleg, m\u00e9rs\u00e9kelt \u00e9s es\u0151s (Cfb) \u00e9ghajlatnak min\u0151s\u00edtenek szuboce\u00e1ni tendenci\u00e1kkal, enyhe telet \u00e9s ritk\u00e1n huszonk\u00e9t fok feletti nyarat k\u00edn\u00e1l. A f\u00fcrd\u0151nyelvben \u201eenyhe, gy\u00f3gy\u00edt\u00f3 \u00e9ghajlat\u201d, az \u00e1lland\u00f3 csapad\u00e9kmennyis\u00e9g \u00e9s a m\u00e9rs\u00e9kelt h\u0151m\u00e9rs\u00e9klet-ingadoz\u00e1s a 19. sz\u00e1zad k\u00f6zepe \u00f3ta a ter\u00e1pi\u00e1s kezel\u00e9sek alapj\u00e1t k\u00e9pezi. Peter Joseph Lenn\u00e9 kerttervei erre a m\u00e9rs\u00e9kelt k\u00f6rnyezetre reag\u00e1ltak: a 26 hekt\u00e1ros f\u00fcrd\u0151park, amelyet 1851 \u00e9s 1853 k\u00f6z\u00f6tt alak\u00edtottak ki, a Korso-Ringre, egy sz\u00f6k\u0151kutakkal, pavilonokkal \u00e9s f\u00fcrd\u0151h\u00e1zakkal k\u00f6r\u00fclvett sug\u00e1r\u00fatra \u00e9p\u00fcl, amelynek szimmetri\u00e1ja a mai utcarendez\u00e9sben is olvashat\u00f3.<\/p>\n<p>A parkon bel\u00fcli \u00e9p\u00edt\u00e9szeti gesztusok a visszafogott I. f\u00fcrd\u0151h\u00e1zt\u00f3l (1852\u201357) a d\u00edszesebb II. f\u00fcrd\u0151h\u00e1zig terjednek, amelyet 1885-ben palotaszer\u0171en \u00e9p\u00edtettek \u00fajj\u00e1. A neobarokk Kurhaus (1905\u201308) lett a Cs\u00e1sz\u00e1ri Palota, bels\u0151 tereit variet\u00e9sz\u00ednh\u00e1znak, \u00e9tteremnek \u00e9s \u00e9jszakai klubnak alak\u00edtott\u00e1k \u00e1t, m\u00edg a k\u00e9s\u0151bbi nyilv\u00e1nos sz\u00ednh\u00e1z, el\u0151csarnok \u00e9s el\u0151csarnokfresk\u00f3k a 20. sz\u00e1zad elej\u00e9n v\u00e1ltoz\u00f3 \u00edzl\u00e9svil\u00e1got jelzik. Az 1960-ban \u00e9p\u00fclt, majd a 2002-es t\u0171zk\u00e1r ut\u00e1n \u00fajj\u00e1\u00e9p\u00edtett modernista II. f\u00fcrd\u0151h\u00e1z az Oeynhauser Schweiz park mellett tal\u00e1lhat\u00f3. A k\u00f6zelben Frank O. Gehry Ronald McDonald Sz\u00fcl\u0151i H\u00e1z\u00e1nak hull\u00e1mz\u00f3 teteje \u00e9l\u00e9nk\u00edti a fiatal sz\u00edvbetegek csal\u00e1djainak tart\u00f3zkod\u00e1s\u00e1t \u2013 kort\u00e1rs utal\u00e1s a v\u00e1ros orvosi hivat\u00e1s\u00e1ra.<\/p>\n<p>Az orvosi ell\u00e1t\u00e1s tov\u00e1bbra is a v\u00e1ros \u00e9ltet\u0151 eleme. Az ortop\u00e9diai, degenerat\u00edv \u00e9s neurol\u00f3giai eseteket kezel\u0151 Maternus Rehabilit\u00e1ci\u00f3s Klinik\u00e1t\u00f3l a Klinik am Kors\u00f3ig, N\u00e9metorsz\u00e1g egyetlen, kiz\u00e1r\u00f3lag \u00e9tkez\u00e9si zavarokkal foglalkoz\u00f3 int\u00e9zm\u00e9ny\u00e9ig, sz\u00e1mos specializ\u00e1lt k\u00f6zpont tal\u00e1lhat\u00f3. A Median Rehabilit\u00e1ci\u00f3s Klinika a muszlim betegek ig\u00e9nyeit szolg\u00e1lja ki, m\u00edg az \u00c9szak-Rajna-Vesztf\u00e1liai Sz\u00edv- \u00e9s Diab\u00e9tesz K\u00f6zpont \u2013 amely a Ruhr Egyetemi K\u00f3rh\u00e1zak r\u00e9sze \u2013 Eur\u00f3pa legkiemelked\u0151bb transzplant\u00e1ci\u00f3s int\u00e9zm\u00e9nye. Az onkol\u00f3giai ut\u00f3gondoz\u00e1s az Eidinghausenben tal\u00e1lhat\u00f3 Klinik Bad Oexenbe vonzza a betegeket, a h\u00e1bor\u00fas evaku\u00e1l\u00e1s ut\u00e1n \u00fajj\u00e1sz\u00fcletett v\u00e1rosi k\u00f3rh\u00e1z pedig \u00e1ltal\u00e1nos orvosi ell\u00e1t\u00e1st biztos\u00edt a postai k\u00f6rzetekben.<\/p>\n<p>Ezek az eg\u00e9szs\u00e9g\u00fcgyi int\u00e9zm\u00e9nyek kieg\u00e9sz\u00edtik a kultur\u00e1lis helysz\u00ednek h\u00e1l\u00f3zat\u00e1t, amelyek mind a lakosokat, mind a l\u00e1togat\u00f3kat lelkes\u00edtik. A Theater im Park vonzza a turn\u00e9 t\u00e1rsulatokat \u00e9s zenekari rezidenci\u00e1kat, m\u00edg a Kurpark GOP Variet\u00e9 Show m\u0171sora a gy\u00f3gyf\u00fcrd\u0151k korabeli sz\u00f3rakoz\u00e1si lehet\u0151s\u00e9geket id\u00e9zi fel. A historiz\u00e1l\u00f3 vill\u00e1ban tal\u00e1lhat\u00f3 N\u00e9met Mesem\u00fazeum \u00e9s Weser Legenda M\u00fazeum a Grimm testv\u00e9rekig k\u00f6veti nyomon a helyi folkl\u00f3rt, Bad Oeynhausent a N\u00e9met Mese\u00fatvonalba \u00e1gyazva. Ezzel szemben a Siekertal T\u00e1jparkban tal\u00e1lhat\u00f3 M\u00fazeumfarm a 17. \u00e9s 18. sz\u00e1zadi vid\u00e9ki \u00e9p\u00edtm\u00e9nyeket \u0151rzi, \u00f6sszekapcsolva a mez\u0151gazdas\u00e1gi \u00e9letm\u00f3dot a mai \u00fcltet\u00e9sekkel \u00e9s h\u00e1ztart\u00e1si bemutat\u00f3kkal.<\/p>\n<p>A f\u00fcrd\u0151 lombos hat\u00e1rain k\u00edv\u00fcl Bad Oeynhausen hosszabb t\u00f6rt\u00e9nelm\u00e9nek bizony\u00edt\u00e9kai a bergkircheni, rehmei \u00e9s volmerdingseni pl\u00e9b\u00e1niatemplomokban \u2013 a falusi utc\u00e1kat megpillantva fennmaradt k\u00f6z\u00e9pkori tornyokban \u2013, valamint olyan malmokban, mint a Sch\u00f6nem\u00fchle \u00e9s a Hofwasserm\u00fchle, amelyek a vesztf\u00e1liai malom\u00faton ma \u00fcnnepelt foly\u00f3parti gazdas\u00e1gra eml\u00e9keztetnek. A p\u00e9ks\u00e9gek, az egykori k\u0151b\u00e1ny\u00e1k \u00e9s az Ovelg\u00f6nne vizes\u00e1rokkal k\u00f6r\u00fclvett v\u00e1r tov\u00e1bbi betekint\u00e9st ny\u00fajtanak a helyi \u00f6r\u00f6ks\u00e9gbe, m\u00edg a B 61-es \u00faton tal\u00e1lhat\u00f3 Energy Forum Innovation, egy m\u00e1sik Gehry-projekt, a historizmus \u00e9s az avantg\u00e1rd forma k\u00f6z\u00f6tti folyamatos p\u00e1rbesz\u00e9det jelzi.<\/p>\n<p>A v\u00e1ros utc\u00e1in eml\u00e9km\u0171vek \u00e1rulkodnak Bad Oeynhausen identit\u00e1s\u00e1r\u00f3l: a Diszn\u00f3-k\u00fat, amely szemtelen\u00fcl a diszn\u00f3k \u00e1ltali s\u00f3felfedez\u00e9s legend\u00e1j\u00e1nak \u00e1ll\u00edt eml\u00e9ket; a Tutajok Eml\u00e9km\u0171ve a Werre-Weser torkolat\u00e1n\u00e1l, amely az egykori folyami kereskedelemr\u0151l tan\u00faskodik; valamint H\u00fcgieia \u00e9s egy Nai\u00e1d allegorikus szobrai, amelyek foly\u00e9kony form\u00e1i az \u00e1sv\u00e1nyvizek helyre\u00e1ll\u00edt\u00f3 \u00edg\u00e9ret\u00e9t id\u00e9zik. Oeynhausen m\u0171szaki alap\u00edt\u00f3inak \u00e9s t\u00e1j\u00e9p\u00edt\u00e9sz\u00e9nek bronzb\u00f3l \u00f6nt\u00f6tt mellszobrai \u0151rk\u00f6dnek a f\u00fcrd\u0151park kertj\u00e9ben, egy olyan korszakot id\u00e9zve, amikor a f\u00fcrd\u0151v\u00e1rosok \u00e9p\u00edt\u00e9szeti pomp\u00e1jukban versengtek.<\/p>\n<p>A v\u00e1ros mobilit\u00e1si rendszere egyens\u00falyt teremt az \u00f6r\u00f6ks\u00e9g \u00e9s a modernit\u00e1s k\u00f6z\u00f6tt. A K\u00f6ln\u2013Minden vas\u00fatvonal \u00e9s az A30-as aut\u00f3p\u00e1lya szeli \u00e1t a Werre-v\u00f6lgyet, m\u00edg a megyei utak a Wiehen-gerincre vezetnek fel. A Hindenburgstra\u00df\u00e9n tal\u00e1lhat\u00f3 \u00fajrafelfedezett kertv\u00e1rosi negyed a 20. sz\u00e1zad eleji v\u00e1rosrendez\u00e9st mutatja be, \u00e9s egy alacsony kibocs\u00e1t\u00e1s\u00fa turistavonat \u2013 amelyet \u201eEmil, a felh\u0151tol\u00f3\u201d \u00e9s \u201eMinna\u201d n\u00e9vre kereszteltek \u2013 a ny\u00e1ri h\u00f3napokban \u00f6sszek\u00f6ti a park kapuit a l\u00e1togat\u00f3k\u00f6zpontokkal. A Werre-\u00e1rt\u00e9ren a lovas l\u00e9tes\u00edtm\u00e9nyek ny\u00edlt r\u00e9teket haszn\u00e1lnak, meger\u0151s\u00edtve a v\u00e1ros kapcsolat\u00e1t a v\u00edzi \u00fatjaival.<\/p>\n<p>A term\u00e9szeti er\u0151forr\u00e1sok kezel\u00e9se tov\u00e1bbra is vitatott. A Rehme-i Weser-\u00e1rt\u00e9rr\u0151l sz\u00e1rmaz\u00f3 gleccseri kavics kitermel\u00e9s\u00e9re vonatkoz\u00f3 tervek pereket v\u00e1ltottak ki az \u00f6kol\u00f3giai zavarokt\u00f3l \u00f3dzkod\u00f3 \u00f6nkorm\u00e1nyzatok r\u00e9sz\u00e9r\u0151l. A term\u00e9szetv\u00e9delmi csoportok paradox m\u00f3don arra sz\u00e1m\u00edtanak, hogy a kor\u00e1bbi kitermel\u0151 g\u00f6dr\u00f6k biodiverzit\u00e1s\u00fa vizes \u00e9l\u0151helyekk\u00e9 alakulhatnak. A v\u00e1roshat\u00e1rok alatti als\u00f3-jura k\u00e9pz\u0151dm\u00e9nyek geotermikus potenci\u00e1lja meg\u00fajul\u00f3 h\u0151termel\u00e9st \u00edg\u00e9r, b\u00e1r a kiterjedt v\u00edzv\u00e9delmi z\u00f3n\u00e1k korl\u00e1tozz\u00e1k a f\u00far\u00e1sokat. A sz\u00e9lenergia k\u00e9t szer\u00e9ny turbin\u00e1ban jelenik meg Wulferdingsenben, jelent\u0151s b\u0151v\u00edt\u00e9s n\u00e9lk\u00fcl.<\/p>\n<p>A f\u00fcrd\u0151parkot kieg\u00e9sz\u00edtve az Aqua Magica \u2013 egy a szomsz\u00e9dos L\u00f6hne-vel k\u00f6z\u00f6s ki\u00e1ll\u00edt\u00f3t\u00e9r \u2013 a v\u00edz szobr\u00e1szati \u200b\u200blehet\u0151s\u00e9geinek felfedez\u00e9s\u00e9re cs\u00e1b\u00edt. A 2000-es \u00c1llami Kertki\u00e1ll\u00edt\u00e1sra Henri Bava \u00e9s Olivier Philippe \u00e1ltal meg\u00e1lmodott park legszembet\u0171n\u0151bb alkot\u00e1sa a V\u00edzkr\u00e1ter, egy s\u00fcllyesztett sz\u00f6k\u0151k\u00fatkamra, amelybe a l\u00e1togat\u00f3k l\u00e9pcs\u0151n kereszt\u00fcl juthatnak be. 2009 \u00f3ta a szomsz\u00e9dos k\u00f6t\u00e9lp\u00e1lya pr\u00f3b\u00e1ra teszi az egyens\u00falyt \u00e9s a b\u00e1tors\u00e1got a v\u00edzfel\u00fcletek \u00e9s az erd\u0151 h\u00e1tter\u00e9ben.<\/p>\n<p>V\u00e9g\u00fcl Bad Oeynhausen t\u00edz temet\u0151je a v\u00e1ros 20. sz\u00e1zadi p\u00e1rbesz\u00e9d\u00e9t \u00e1br\u00e1zolja a haland\u00f3s\u00e1ggal \u00e9s az eml\u00e9kezettel. A legnagyobb, amelyet 1910-ben Werste-ben l\u00e9tes\u00edtettek, \u00f6nkorm\u00e1nyzati szint\u0171 temetkez\u00e9sekr\u0151l tan\u00faskodik, m\u00edg a rehmei Mooskamp \u2013 amelyet 1935-t\u0151l alap\u00edtottak \u2013 az A30-as aut\u00f3p\u00e1lya k\u00f6zel\u00e9ben tal\u00e1lhat\u00f3, eml\u00e9keztetve az \u00e9let \u00e9s a kereskedelem, a t\u00e1j \u00e9s az infrastrukt\u00fara k\u00f6z\u00f6tti v\u00e1ltoz\u00f3 hat\u00e1rokra. Ezek a nyughelyek egy\u00fcttesen az elm\u00e9lked\u00e9sre alkalmas helyek h\u00e1l\u00f3zat\u00e1t alkotj\u00e1k a v\u00e1ros hull\u00e1mz\u00f3 domborzat\u00e1n.<\/p>\n<p>Bad Oeynhausen l\u00e9nyege csak forr\u00e1sai \u00e9s tornyai, parkjai \u00e9s k\u00f3rh\u00e1zai, foly\u00f3i \u00e9s hegygerincei k\u00f6lcs\u00f6nhat\u00e1s\u00e1n kereszt\u00fcl bontakozik ki. M\u00e9gis ellen\u00e1ll mind a k\u00e9peslapok t\u00falz\u00e1sainak, mind a tervez\u00e9si jelent\u00e9sek hideg metrik\u00e1j\u00e1nak. Gy\u00f3gy\u00edt\u00f3 vizei tov\u00e1bbra is \u00e1radnak, klinik\u00e1i tov\u00e1bbra is az orvosi innov\u00e1ci\u00f3 \u00e9lvonal\u00e1ban \u00e1llnak, kertjei pedig a k\u0151be \u00e9s f\u00e1ba v\u00e9sett ell\u00e1t\u00e1s t\u00f6rt\u00e9net\u00e9t suttogj\u00e1k. A term\u00e9szet, a tudom\u00e1ny \u00e9s a design ezen tal\u00e1lkoz\u00e1s\u00e1ban a v\u00e1ros az emberi rem\u00e9ny \u00e9s rugalmass\u00e1g t\u00e1rh\u00e1zak\u00e9nt marad meg \u2013 egy szabadt\u00e9ri szent\u00e9ly, ahol a geol\u00f3gia, a hidrol\u00f3gia \u00e9s az \u00e9p\u00edt\u00e9szet egyes\u00fcl a test \u00e9s a l\u00e9lek szolg\u00e1lat\u00e1ban.<\/p>","protected":false},"excerpt":{"rendered":"<p>Bad Oeynhausen, a n\u00e9metorsz\u00e1gi \u00c9szak-Rajna-Vesztf\u00e1lia Minden-L\u00fcbbecke ker\u00fclet\u00e9ben tal\u00e1lhat\u00f3 v\u00e1ros k\u00f6zel 50 000 lakossal b\u00fcszk\u00e9lkedhet, \u00edgy a ker\u00fclet m\u00e1sodik legnagyobb v\u00e1rosa. Ez a b\u00e1jos, t\u00f6rt\u00e9nelemmel \u00e1titatott \u00e9s ter\u00e1pi\u00e1s forr\u00e1sair\u00f3l h\u00edres hely a term\u00e9szeti sz\u00e9ps\u00e9g, a t\u00f6rt\u00e9nelmi jelent\u0151s\u00e9g\u0171 \u00e9s a modern orvosi v\u00edvm\u00e1nyok leny\u0171g\u00f6z\u0151 kever\u00e9k\u00e9t k\u00edn\u00e1lja.<\/p>","protected":false},"author":1,"featured_media":17611,"parent":13736,"menu_order":0,"comment_status":"closed","ping_status":"closed","template":"elementor_theme","meta":{"_eb_attr":"","footnotes":""},"class_list":["post-16666","page","type-page","status-publish","has-post-thumbnail"],"_links":{"self":[{"href":"https:\/\/travelshelper.com\/hu\/wp-json\/wp\/v2\/pages\/16666","targetHints":{"allow":["GET"]}}],"collection":[{"href":"https:\/\/travelshelper.com\/hu\/wp-json\/wp\/v2\/pages"}],"about":[{"href":"https:\/\/travelshelper.com\/hu\/wp-json\/wp\/v2\/types\/page"}],"author":[{"embeddable":true,"href":"https:\/\/travelshelper.com\/hu\/wp-json\/wp\/v2\/users\/1"}],"replies":[{"embeddable":true,"href":"https:\/\/travelshelper.com\/hu\/wp-json\/wp\/v2\/comments?post=16666"}],"version-history":[{"count":0,"href":"https:\/\/travelshelper.com\/hu\/wp-json\/wp\/v2\/pages\/16666\/revisions"}],"up":[{"embeddable":true,"href":"https:\/\/travelshelper.com\/hu\/wp-json\/wp\/v2\/pages\/13736"}],"wp:featuredmedia":[{"embeddable":true,"href":"https:\/\/travelshelper.com\/hu\/wp-json\/wp\/v2\/media\/17611"}],"wp:attachment":[{"href":"https:\/\/travelshelper.com\/hu\/wp-json\/wp\/v2\/media?parent=16666"}],"curies":[{"name":"wp","href":"https:\/\/api.w.org\/{rel}","templated":true}]}}