{"id":16654,"date":"2024-09-23T16:26:58","date_gmt":"2024-09-23T16:26:58","guid":{"rendered":"https:\/\/travelshelper.com\/staging\/?page_id=16654"},"modified":"2026-03-12T00:24:29","modified_gmt":"2026-03-12T00:24:29","slug":"bad-karlshafen","status":"publish","type":"page","link":"https:\/\/travelshelper.com\/hu\/destinations\/europe\/germany\/bad-karlshafen\/","title":{"rendered":"Bad Karlshafen"},"content":{"rendered":"<p>Bad Karlshafen, egy 3778 lakos\u00fa term\u00e1l-s\u00f3f\u00fcrd\u0151v\u00e1ros, amely 14,85 n\u00e9gyzetkilom\u00e9teren ter\u00fcl el, a Diemel \u00e9s a Weser foly\u00f3k tal\u00e1lkoz\u00e1s\u00e1n\u00e1l fekszik \u00c9szak-Hessenben, N\u00e9metorsz\u00e1gban. H\u00f6xtert\u0151l tizen\u00f6t kilom\u00e9terre d\u00e9lre \u00e9s Kasselt\u0151l harminch\u00e9t kilom\u00e9terre \u00e9szakra tal\u00e1lhat\u00f3, egyed\u00fcl\u00e1ll\u00f3 h\u00e1rmasponton, ahol Hessen, Als\u00f3-Sz\u00e1szorsz\u00e1g \u00e9s \u00c9szak-Rajna-Vesztf\u00e1lia tal\u00e1lkozik. Bad Karlshafen k\u00f6zponti ker\u00fclete nagyj\u00e1b\u00f3l 2300 lakosnak ad otthont, m\u00edg Helmarshausen k\u00f6z\u00e9pkori faluja, amely az 1972-es \u00f6nkorm\u00e1nyzati reformok ut\u00e1n ma m\u00e1r j\u00e1r\u00e1s, tov\u00e1bbi 1478 f\u0151vel n\u00f6veli a teljes lakoss\u00e1got. A tengerszint feletti 95,6 m\u00e9teres magass\u00e1ga erd\u0151s szikl\u00e1k, foly\u00f3v\u00f6lgyek \u00e9s ambici\u00f3zus, soha meg nem val\u00f3sult v\u00edzi\u00fat-tervek maradv\u00e1nyai \u00e1ltal tark\u00edtott t\u00e1jat keretezi.<\/p>\n<p>A Nantes-i ediktum visszavon\u00e1sa ut\u00e1ni \u00fcld\u00f6ztet\u00e9s el\u0151l menek\u00fcl\u0151 francia protest\u00e1nsok \u00e1ltal 1699-ben alap\u00edtott telep\u00fcl\u00e9st eredetileg Sieburgnak h\u00edvt\u00e1k. I. K\u00e1roly, Hessen-Kassel f\u00f6ldesura mened\u00e9ket ny\u00fajtott ezeknek a hugenott\u00e1knak, \u00e1tnevezte a v\u00e1rost a tisztelet\u00e9re, \u00e9s egy olyan csatornah\u00e1l\u00f3zatot k\u00e9pzelt el, amely megker\u00fcln\u00e9 a Hannoversch M\u00fcnden v\u00e1mj\u00e1t. M\u00e9rn\u00f6ke, Friedrich Conradi terveket k\u00e9sz\u00edtett a Landgrave-Carl csatorn\u00e1ra, amelynek c\u00e9lja Karlshafen \u00e9s Marburg \u00f6sszek\u00f6t\u00e9se volt, de csak a H\u00fcmmeig tart\u00f3 kezdeti szakasz \u00e9p\u00fclt meg. Paul du Ry \u00e9p\u00edt\u00e9sz barokk v\u00e1rosterv\u00e9nek 1717-ben val\u00f3sult meg, amely szimmetrikus utc\u00e1k, k\u00f6zponti terek \u00e9s a kik\u00f6t\u0151 medenc\u00e9j\u00e9nek r\u00e1cs\u00e1t bontja ki, amely ma is meghat\u00e1rozza a v\u00e1ros t\u00f6rt\u00e9nelmi magj\u00e1t.<\/p>\n<p>A Weser kik\u00f6t\u0151i medenc\u00e9j\u00e9t, amelyet eredetileg az 1920-as \u00e9vekben v\u00e1lasztottak le a foly\u00f3r\u00f3l, 2018-ban \u00fajra csatlakoztatt\u00e1k egy zsilip seg\u00edts\u00e9g\u00e9vel, amely \u00e1lland\u00f3 v\u00edzszintet tart fenn, \u00e9s lehet\u0151v\u00e9 teszi a kis haj\u00f3k bel\u00e9p\u00e9s\u00e9t. A fel\u00faj\u00edtott medence az egykori csomagol\u00f3 \u00e9s rakt\u00e1r mellett tal\u00e1lhat\u00f3, amelyet 1715 \u00e9s 1718 k\u00f6z\u00f6tt \u00e9p\u00edtettek jellegzetes kontyolt tet\u0151j\u00e9vel \u00e9s tornyos torny\u00e1val \u2013 ma ez a v\u00e1rosh\u00e1za. Bel\u00fcl a l\u00e1togat\u00f3k Andrea Gallasini olasz dekorat\u0151r t\u00fckr\u00f6s stukk\u00f3mennyezeteit \u00e9s egy harangj\u00e1t\u00e9kot tal\u00e1lnak, amely naponta n\u00e9gyszer dallamokkal t\u00f6lti meg az \u00f3r\u00e1kat. Az udvaron 2009-ben \u00fcltetett r\u00f3zsakert l\u00e1gy\u00edtja a k\u0151homlokzatokat, amelyek egykor Karl f\u00f6ldgr\u00f3fot fogadt\u00e1k ritka l\u00e1togat\u00e1sai sor\u00e1n.<\/p>\n<p>A Diemel foly\u00f3n \u00e1t mind\u00f6ssze 1,3 kilom\u00e9terre d\u00e9lre fekv\u0151 Helmarshausen t\u00f6bb \u00e9vsz\u00e1zaddal megel\u0151zi Karlshafent. V\u00e1rosi temploma a tizedik sz\u00e1zadi rom\u00e1n st\u00edlusban \u00e9p\u00fclt, b\u00e1r a t\u0171zv\u00e9szek \u00e9s jav\u00edt\u00e1sok az id\u0151k sor\u00e1n megv\u00e1ltoztatt\u00e1k szerkezet\u00e9t. Egy 18. sz\u00e1zadi, 1100 s\u00edpos orgona \u00fajj\u00e1\u00e9ledt, a haj\u00f3ban pedig \u00fcveg m\u00f6g\u00f6tt Oroszl\u00e1n Henrik evang\u00e9lium\u00e1nak \u00e9rt\u00e9kes lapjai nyugszanak. A 997-ben alap\u00edtott helmarshauseni egykori benc\u00e9s ap\u00e1ts\u00e1g a k\u00f6nyvillusztr\u00e1ci\u00f3 \u00e9s az \u00f6tv\u00f6smunka k\u00f6z\u00e9pkori remekm\u0171veit alkotta. A reform\u00e1ci\u00f3 sor\u00e1n felold\u00f3dott kolostortemplom alaprajza ma modern t\u00e9rk\u00f6vek alatt t\u00e1rul fel.<\/p>\n<p>1685 \u00e9s 1750 k\u00f6z\u00f6tt a v\u00e1ros mened\u00e9ket ny\u00fajtott a Savoya-Piemont-Szard\u00ednia Kir\u00e1lys\u00e1g piemonti v\u00f6lgyeib\u0151l ki\u0171z\u00f6tt valdenseknek is. Enkl\u00e1v\u00e9kban \u00e9ltek, amelyek \u2013 fizikai elk\u00fcl\u00f6n\u00edt\u00e9s\u00fck ellen\u00e9re \u2013 gazdag\u00edtott\u00e1k a v\u00e1ros kultur\u00e1lis sz\u00f6vet\u00e9t. Az 1980-ban egy \u00e1talak\u00edtott szivargy\u00e1rban alap\u00edtott N\u00e9met Hugenotta M\u00fazeum \u0151rzi ezt a sokr\u00e9t\u0171 t\u00f6rt\u00e9nelmet. 700 n\u00e9gyzetm\u00e9teres ki\u00e1ll\u00edt\u00e1sa k\u00e9parch\u00edvumokat, csal\u00e1di geneal\u00f3gi\u00e1kat \u00e9s m\u0171t\u00e1rgyakat \u00f6lel fel, amelyek a hugenott\u00e1k \u00e9s a valdensek k\u00fczdelmeit \u00e9s eredm\u00e9nyeit illusztr\u00e1lj\u00e1k. Egy geneal\u00f3giai kutat\u00f3k\u00f6zpont \u00e9s egy v\u00e1rosi arch\u00edvum eg\u00e9sz\u00edti ki a ki\u00e1ll\u00edt\u00e1sokat, amelyek tud\u00f3sokat \u00e9s lesz\u00e1rmazottaikat vonzz\u00e1k Eur\u00f3pa-szerte.<\/p>\n<p>A gy\u00f3gyf\u00fcrd\u0151i rangot 1977-ben kapta meg, ami a v\u00e1ros nev\u00e9hez a \u201eBad\u201d sz\u00f3 hozz\u00e1ad\u00e1s\u00e1t \u00e9s egy diplomatorony \u00e9p\u00edt\u00e9s\u00e9t eredm\u00e9nyezte. Ma a Weser Therme egy modern eg\u00e9szs\u00e9g\u00fcgyi k\u00f6zpont, amely egy term\u00e1lforr\u00e1sra \u00e9p\u00fclt, amely figyelemre m\u00e9lt\u00f3, 23 sz\u00e1zal\u00e9kos s\u00f3koncentr\u00e1ci\u00f3j\u00fa s\u00f3oldatot szolg\u00e1ltat 1150 m\u00e9ter m\u00e9lyr\u0151l. A 2004 december\u00e9ben Kristalltherme Weserbergland n\u00e9ven 20 milli\u00f3 eur\u00f3s k\u00f6lts\u00e9ggel megny\u00edlt l\u00e9tes\u00edtm\u00e9ny v\u00e9g\u00fcl 2009-ben ker\u00fclt \u00f6nkorm\u00e1nyzati \u00fczemeltet\u00e9sbe egy elh\u00faz\u00f3d\u00f3 jogi rendez\u00e9s ut\u00e1n. A l\u00e1togat\u00f3k 33\u201336 \u00b0C-on tartott medenc\u00e9kkel, pezsg\u0151f\u00fcrd\u0151kkel, szaunakomplexummal \u00e9s haj\u00f3szaun\u00e1val v\u00e1rj\u00e1k a l\u00e1togat\u00f3kat a Weser-foly\u00f3n, valamint panor\u00e1m\u00e1s kil\u00e1t\u00e1ssal a foly\u00f3partra.<\/p>\n<p>Vizein t\u00fal Bad Karlshafen \u00e9szakon a Solling-hegys\u00e9g, d\u00e9len pedig a Reinhardswald-erd\u0151 k\u00f6z\u00f6tt fekszik. A hesseni szikl\u00e1k k\u00f6zvetlen\u00fcl d\u00e9lnyugat fel\u00e9 emelkednek azon a ponton, ahol a Diemel a Weserrel tal\u00e1lkozik, \u00e9s a r\u00e9gi v\u00e1rosb\u00f3l a Fulda-Diemel \u00f6sv\u00e9nyen k\u00f6zel\u00edthet\u0151 meg. Az egyik hegyfokon \u00e1ll a Hugenotta-torony, amelyet Johann Joseph Davin \u00e9p\u00edtett 1913-ban, \u00e9s 2011-ben nyitott\u00e1k meg \u00fajra a nagyk\u00f6z\u00f6ns\u00e9g sz\u00e1m\u00e1ra, leny\u0171g\u00f6z\u0151 kil\u00e1t\u00e1st ny\u00fajtva a k\u00e9t foly\u00f3ra \u00e9s az alattuk elter\u00fcl\u0151 barokk r\u00e1csra. Keleten a Sieburg-fenns\u00edk egy \u0151skori gy\u0171r\u0171s falrendszer maradv\u00e1nyait \u0151rzi \u2013 a t\u00f6bb mint 800 m\u00e9ter hossz\u00fa bels\u0151 \u00e9s k\u00fcls\u0151 falak t\u00f6bb mint egy n\u00e9gyzetkilom\u00e9ternyi erd\u0151s fenns\u00edkot z\u00e1rnak k\u00f6r\u00fcl.<\/p>\n<p>A Krukenburg v\u00e1r romjai koron\u00e1zz\u00e1k a Waltersberget, egy 184 m\u00e9teres dombot Helmarshausen felett. Az 1215 \u00e9s 1220 k\u00f6z\u00f6tt \u00e9p\u00fclt er\u0151d 1617 ut\u00e1n pusztult el, falai ma romantikus t\u00f6red\u00e9kk\u00e9nt rajzol\u00f3dnak ki az \u00e9g fel\u00e9. A k\u00f6zelben a l\u00e1togat\u00f3 meg\u00e1llhat a Caf\u00e9 zur Krukenburgban, hogy nyomon k\u00f6vesse a k\u00f6z\u00e9pkori visszhangokat a boltozatos bels\u0151 t\u00e9r alatt, \u00e9s elm\u00e9lkedjen a foly\u00f3 \u00e9s az erd\u0151 ritmus\u00e1n, amely ezt a hat\u00e1rvid\u00e9ket form\u00e1lta.<\/p>\n<p>Bad Karlshafen megk\u00f6zel\u00edthet\u0151s\u00e9ge a k\u00e9nyelmet a vid\u00e9ki nyugalommal \u00f6tv\u00f6zi. A Kassel-Calden rep\u00fcl\u0151t\u00e9r 26 kilom\u00e9terre d\u00e9lre fekszik, \u00e9s 2013 \u00f3ta k\u00edn\u00e1l region\u00e1lis j\u00e1ratokat, m\u00edg az 58 kilom\u00e9terre nyugatra fekv\u0151 Paderborn-Lippstadt rep\u00fcl\u0151t\u00e9r a Lufthans\u00e1hoz \u00e9s a szabadid\u0151s l\u00e9git\u00e1rsas\u00e1gokhoz kapcsol\u00f3dik. A f\u00f6ldi k\u00f6zleked\u00e9shez tartozik a Solling vas\u00fatvonal \u2013 Bad Karlshafen \u00e1llom\u00e1sa egy olyan \u00fatvonal v\u00e9g\u00e1llom\u00e1sa, amelyet egykor egy t\u00f6rt\u00e9nelmi Carlsbahn komp osztott kett\u00e9 \u2013, valamint n\u00e9gy buszj\u00e1rat, amelyek a szomsz\u00e9dos v\u00e1rosokkal \u00e9s a szezon\u00e1lis Wisent j\u00e1ratokkal, ker\u00e9kp\u00e1r-ut\u00e1nfut\u00f3kkal egy\u00fctt k\u00f6zlekednek. A B80-as \u00e9s B83-as sz\u00f6vets\u00e9gi aut\u00f3p\u00e1ly\u00e1k szelik \u00e1t a telep\u00fcl\u00e9st, utc\u00e1in pedig a N\u00e9met Mese\u00fat is v\u00e9gigkanyarog.<\/p>\n<p>A ker\u00e9kp\u00e1rosok a v\u00e1rost sz\u00e1mos hossz\u00fa t\u00e1v\u00fa \u00fatvonal csom\u00f3pontjak\u00e9nt tartj\u00e1k sz\u00e1mon: a Weser ker\u00e9kp\u00e1r\u00fat, a Diemel ker\u00e9kp\u00e1r\u00fat, a Fulda-Weser tengely \u00e9s a Kolostorkert k\u00f6r\u00fat mind itt fut \u00f6ssze. A t\u00far\u00e1z\u00f3k sz\u00e1m\u00e1ra a Hugenotta \u00e9s Valdens \u00f6sv\u00e9ny \u0151si \u00f6sv\u00e9nyeket k\u00f6vet Reinhardswaldba, m\u00edg az X-szel jel\u00f6lt Hessenweg \u00f6sv\u00e9nyek a Solling-dombokon \u00e9s foly\u00f3v\u00f6lgyeken kereszt\u00fcl vezetnek. A v\u00edzi t\u00far\u00e1z\u00f3k vezetett kenut\u00far\u00e1kon vehetnek r\u00e9szt a Weserben vagy a Diemelben \u2013 a term\u00e9szetv\u00e9delem korl\u00e1tozza a regisztr\u00e1ci\u00f3kat a kisebb mell\u00e9kfoly\u00f3n \u2013, a Hessen szem\u00e9lysz\u00e1ll\u00edt\u00f3 haj\u00f3 pedig tov\u00e1bbra is k\u00edn\u00e1l reggeliz\u0151 haj\u00f3utakat \u00e9s menetrend szerinti kir\u00e1ndul\u00e1sokat Beverungenbe a f\u00fcrd\u0151v\u00e1ros s\u00e9t\u00e1ny\u00e1r\u00f3l.<\/p>\n<p>A v\u00e1roson bel\u00fcl egy egyszer\u0171 sz\u00e1lloda-\u00e9tterem tal\u00e1lhat\u00f3 a legr\u00e9gebbi, 1700-ban \u00e9p\u00fclt h\u00e1zban a Hafenplatzon. 1910-ben Alois Holtmeyer ir\u00e1ny\u00edt\u00e1s\u00e1val vas\u00fati tisztvisel\u0151k sz\u00e1m\u00e1ra \u00e9p\u00fclt l\u00e1badoz\u00f3otthon, a Luther-inspir\u00e1ci\u00f3j\u00fa Rokkantotthon pedig \u2013 XIV. Lajos Hotel des Invalides mint\u00e1j\u00e1ra \u2013 1710-ben nyitotta meg k\u00e1poln\u00e1j\u00e1t a nyugd\u00edjas hesseni katon\u00e1k sz\u00e1m\u00e1ra. Ma ez a tiszteletrem\u00e9lt\u00f3 \u00e9p\u00edtm\u00e9ny ad otthont az \u00daj Apostoli Gy\u00fclekezetnek, \u00e9s \u0151rzi az \u00e9p\u00edt\u00e9sz v\u00e9gs\u0151 nyughely\u00e9t.<\/p>\n<p>A szakr\u00e1lis \u00e9s a vil\u00e1gi \u00f6sszefon\u00f3d\u00e1sa Bad Karlshafen sz\u00f6vet\u00e9ben. A Szent Istv\u00e1n-templom, egy 1962-ben helyi homokk\u0151b\u0151l \u00e9p\u00fclt protest\u00e1ns imah\u00e1z, a f\u00fcrd\u0151 s\u00e9t\u00e1ny\u00e1n \u00e1ll, Hans-Gottfried von Stockhausen ablakaival \u00e9s egy t\u00f6rt\u00e9nelmi s\u00edpokb\u00f3l \u00e1ll\u00f3 orgon\u00e1val. A katolikus Szent Mih\u00e1ly-templom, amelyet 1956-ban szenteltek fel, egy bizonytalan kor\u00fa, f\u00e1b\u00f3l k\u00e9sz\u00fclt Madonn\u00e1t \u0151riz, \u00e9s egy csendes t\u00e9ren tal\u00e1lhat\u00f3, nem messze a ballag\u00e1si toronyt\u00f3l. Helmarshausenben tal\u00e1lhat\u00f3 a Szent P\u00e9ter \u00e9s P\u00e1l-templom, amely 1971-ben fejez\u0151d\u00f6tt be, \u00e9s ma is kinevez\u00e9s alapj\u00e1n m\u0171k\u00f6dik, t\u00fckr\u00f6zve a lelkip\u00e1sztori er\u0151forr\u00e1sok v\u00e1ltoz\u00f3 \u00e1ramlatait.<\/p>\n<p>A vil\u00e1gi \u00e9p\u00fcletek a polg\u00e1ri amb\u00edci\u00f3k gal\u00e9ri\u00e1j\u00e1t alkotj\u00e1k. A barokk v\u00e1rosk\u00e9p nagyr\u00e9szt \u00e9rintetlen maradt, szimmetri\u00e1j\u00e1t nem rombolt\u00e1k meg a neonrekl\u00e1mok vagy a modern bet\u00f6r\u00e9sek. A v\u00e1rosh\u00e1za \u00e1rk\u00e1djai alatt s\u00e9t\u00e1lva az ember a felvil\u00e1gosult zsarnoks\u00e1g t\u00f6rekv\u00e9seit \u00e9rzi, amelyeket a helyi k\u00e9zm\u0171vess\u00e9g m\u00e9rs\u00e9kel. A kik\u00f6t\u0151i medence k\u00f6r\u00fcl padok \u00e9s gyepes ter\u00fcletek h\u00edvogatnak elm\u00e9lked\u00e9sre a soha teljesen meg nem val\u00f3sult folyami kereskedelmi csatorn\u00e1k \u00edg\u00e9ret\u00e9r\u0151l.<\/p>\n<p>A szabadid\u0151s tev\u00e9kenys\u00e9gek az akt\u00edv \u00e9s az elm\u00e9lked\u00e9s k\u00f6z\u00f6tti egyens\u00falyt k\u00edn\u00e1lj\u00e1k. A Weser mellett kemping \u00e9s minigolfp\u00e1lya tal\u00e1lhat\u00f3, m\u00edg a f\u00fcrd\u0151 s\u00e9t\u00e1nya egy ballag\u00e1si toronyig h\u00faz\u00f3dik, amely a k\u00f6k\u00e9nybokor s\u00f3s aeroszoljaival gazdag\u00edtja a leveg\u0151t. A bel\u00e9p\u00e9s ingyenes, a permet bel\u00e9legz\u00e9se pedig egy pillanatnyi fel\u00fcd\u00fcl\u00e9st ny\u00fajt a mindennapi \u00e9let rutinj\u00e1b\u00f3l. Minden m\u00e1jusban megrendezik a Mordkammerlaufot, egy sz\u00f3rakoztat\u00f3 fut\u00e1ssorozatot 400 m\u00e9tert\u0151l f\u00e9lmaratonig Reinhardswald Holzapetal v\u00f6lgy\u00e9ben, a region\u00e1lis Reinhardswald Kupa verseny r\u00e9szek\u00e9nt.<\/p>\n<p>A m\u00fazeumok kieg\u00e9sz\u00edtik a v\u00e1ros term\u00e9szeti \u00e9s \u00e9p\u00edt\u00e9szeti l\u00e1tv\u00e1nyoss\u00e1gait. A N\u00e9met Hugenotta M\u00fazeum geneal\u00f3giai k\u00f6zpontja vonzza a hugenotta lesz\u00e1rmaz\u00e1si vonalak felkutat\u00e1s\u00e1ra v\u00e1gy\u00f3 l\u00e1togat\u00f3kat, m\u00edg a helmarshauseni r\u00e9gi v\u00e1rosh\u00e1za \u2013 amelyet a helyt\u00f6rt\u00e9neti t\u00e1rsas\u00e1g \u00fczemeltet \u2013 k\u00f6z\u00e9pkori k\u00e9ziratok megvil\u00e1g\u00edt\u00e1s\u00e1t \u00e9s Oroszl\u00e1n Henrik legend\u00e1s evang\u00e9liumk\u00f6nyv\u00e9t mutatja be. A bel\u00e9p\u00e9si szab\u00e1lyzat szer\u00e9ny, a v\u00e1ltoz\u00f3 ki\u00e1ll\u00edt\u00e1sok pedig biztos\u00edtj\u00e1k, hogy az ism\u00e9telt l\u00e1togat\u00e1sok m\u00e9g azokat is megjutalmazz\u00e1k, akik semmi m\u00e1sra nem sz\u00e1m\u00edtottak, mint helyi sz\u00ednfoltra.<\/p>\n<p>Azok sz\u00e1m\u00e1ra, akik szil\u00e1rd talajon szeretn\u00e9nek lesz\u00e1llni, a Hannoveri szikl\u00e1k a foly\u00f3 t\u00fals\u00f3 partj\u00e1n, k\u00f6zvetlen\u00fcl a foly\u00f3 als\u00f3 szakasz\u00e1n h\u00edvogatnak. H\u00e9t homokk\u0151 oszlop, melyek tetej\u00e9n 2011 \u00f3ta a Weser Skywalk platform \u00e1ll, ny\u00falnak 75 m\u00e9terre az \u00e9gbe. A Beverungen parkol\u00f3j\u00e1b\u00f3l akad\u00e1lymentes\u00edtett \u00f6sv\u00e9ny vezet, a r\u00e1csos teraszokr\u00f3l pedig kil\u00e1t\u00e1s ny\u00edlik az alatta elter\u00fcl\u0151 torkolatra \u00e9s a m\u00f6g\u00f6tte elter\u00fcl\u0151 mez\u0151k \u00e9s erd\u0151k foltjaira. E szikl\u00e1k l\u00e1b\u00e1n\u00e1l a hat\u00e1rh\u00e1romsz\u00f6get k\u00f6vek jel\u00f6lik, amelyek h\u00e1rom n\u00e9met \u00e1llam tal\u00e1lkoz\u00e1s\u00e1t jelzik, eml\u00e9keztetve a v\u00e1ros kultur\u00e1lis keresztez\u0151d\u00e9sben elfoglalt hely\u00e9re.<\/p>\n<p>Bad Karlshafen t\u00f6rt\u00e9nete a folytonoss\u00e1gr\u00f3l \u00e9s a v\u00e1ltoz\u00e1sr\u00f3l sz\u00f3l. Barokk vonalai a tervezett elegancia v\u00edzi\u00f3j\u00e1r\u00f3l \u00e1rulkodnak, m\u00edg gy\u00f3gyf\u00fcrd\u0151i \u00e9s term\u00e1lf\u00fcrd\u0151i az eg\u00e9szs\u00e9g \u00e9s a pihen\u00e9s ir\u00e1nti \u00e9vsz\u00e1zados elk\u00f6telezetts\u00e9get hangs\u00falyozz\u00e1k. A hugenotta menek\u00fcltek s\u00edrjai, az ap\u00e1ts\u00e1gok \u00e9s v\u00e1rak falai, valamint a Reinhardswaldon \u00e1tvezet\u0151 kanyarg\u00f3s \u00f6sv\u00e9nyek mind az emberi er\u0151fesz\u00edt\u00e9s r\u00e9tegeit tan\u00fas\u00edtj\u00e1k. Itt az ember a foly\u00f3partt\u00f3l a hegygerincig, a k\u0151kaput\u00f3l az erdei tiszt\u00e1sokig haladhat, minden l\u00e9p\u00e9s egy csendes medit\u00e1ci\u00f3 arr\u00f3l, hogyan fon\u00f3dik \u00f6ssze a hely \u00e9s a c\u00e9l.<\/p>\n<p>Ebben a Weser-menti f\u00fcrd\u0151v\u00e1rosban a m\u00falt minden utc\u00e1t \u00e9s l\u00e1tk\u00e9pet \u00e1that an\u00e9lk\u00fcl, hogy m\u00fazeumi darabk\u00e1 v\u00e1lna. A tev\u00e9kenys\u00e9g \u00e9s a pihen\u00e9s kim\u00e9rt harm\u00f3ni\u00e1ban \u00e9l egy\u00fctt \u2013 a homokk\u0151 szikl\u00e1k alatti kenuz\u00e1st\u00f3l kezdve a s\u00f3s leveg\u0151 bel\u00e9legz\u00e9s\u00e9ig a diplomaoszt\u00f3 torony mellett. Az \u00e9p\u00edt\u00e9szeti eml\u00e9kek, a rokkantotthon k\u00e1poln\u00e1j\u00e1t\u00f3l a helmarshauseni ap\u00e1ts\u00e1g fel\u00faj\u00edtott alaprajz\u00e1ig, t\u00f6rt\u00e9nelmi hangulatot k\u00f6lcs\u00f6n\u00f6znek a mindennapi \u00e9letnek. Ak\u00e1r vonattal \u00e9rkezik a Solling vas\u00fatvonalon, ak\u00e1r aut\u00f3val a B83-as \u00faton, ak\u00e1r haj\u00f3val a fel\u00faj\u00edtott zsilipen kereszt\u00fcl, a l\u00e1togat\u00f3 egy gondosan meg\u0151rz\u00f6tt \u00e9s csendesen \u00e9l\u0151 v\u00e1rossal tal\u00e1lkozik \u2013 egy barokk gy\u00f6ngyszemmel foly\u00f3k \u00e9s r\u00e9gi\u00f3k tal\u00e1lkoz\u00e1s\u00e1n\u00e1l, ahol minden sarok egy t\u00f6rt\u00e9netet rejt, amelyen \u00e9rdemes elid\u0151zni.<\/p>","protected":false},"excerpt":{"rendered":"<p>Bad Karlshafen, egy barokk term\u00e1lf\u00fcrd\u0151v\u00e1ros Kassel ker\u00fclet\u00e9ben, Hesse \u00e1llamban, N\u00e9metorsz\u00e1gban, k\u00f6r\u00fclbel\u00fcl 4200 lakossal b\u00fcszk\u00e9lkedhet. Bad Karlshafen f\u0151 oszt\u00e1lya 2300 lakosnak ad otthont, Helmarshausen k\u00f6z\u00e9pkori faluja pedig tov\u00e1bbi 1900-at. Ez a fest\u0151i v\u00e1ros strat\u00e9giai helyen tal\u00e1lhat\u00f3 a Diemel \u00e9s a Weser foly\u00f3k tal\u00e1lkoz\u00e1s\u00e1n\u00e1l, 15 kilom\u00e9terre d\u00e9lre H\u00f6xtert\u0151l \u00e9s 37 kilom\u00e9terre \u00e9szakra Kasselt\u0151l.<\/p>","protected":false},"author":1,"featured_media":17549,"parent":13736,"menu_order":0,"comment_status":"closed","ping_status":"closed","template":"elementor_theme","meta":{"_eb_attr":"","footnotes":""},"class_list":["post-16654","page","type-page","status-publish","has-post-thumbnail"],"_links":{"self":[{"href":"https:\/\/travelshelper.com\/hu\/wp-json\/wp\/v2\/pages\/16654","targetHints":{"allow":["GET"]}}],"collection":[{"href":"https:\/\/travelshelper.com\/hu\/wp-json\/wp\/v2\/pages"}],"about":[{"href":"https:\/\/travelshelper.com\/hu\/wp-json\/wp\/v2\/types\/page"}],"author":[{"embeddable":true,"href":"https:\/\/travelshelper.com\/hu\/wp-json\/wp\/v2\/users\/1"}],"replies":[{"embeddable":true,"href":"https:\/\/travelshelper.com\/hu\/wp-json\/wp\/v2\/comments?post=16654"}],"version-history":[{"count":0,"href":"https:\/\/travelshelper.com\/hu\/wp-json\/wp\/v2\/pages\/16654\/revisions"}],"up":[{"embeddable":true,"href":"https:\/\/travelshelper.com\/hu\/wp-json\/wp\/v2\/pages\/13736"}],"wp:featuredmedia":[{"embeddable":true,"href":"https:\/\/travelshelper.com\/hu\/wp-json\/wp\/v2\/media\/17549"}],"wp:attachment":[{"href":"https:\/\/travelshelper.com\/hu\/wp-json\/wp\/v2\/media?parent=16654"}],"curies":[{"name":"wp","href":"https:\/\/api.w.org\/{rel}","templated":true}]}}