{"id":16648,"date":"2024-09-23T16:18:29","date_gmt":"2024-09-23T16:18:29","guid":{"rendered":"https:\/\/travelshelper.com\/staging\/?page_id=16648"},"modified":"2026-03-12T00:24:17","modified_gmt":"2026-03-12T00:24:17","slug":"bad-kissingen","status":"publish","type":"page","link":"https:\/\/travelshelper.com\/hu\/destinations\/europe\/germany\/bad-kissingen\/","title":{"rendered":"Bad Kissingen"},"content":{"rendered":"<p>Bad Kissingen, egy k\u00f6r\u00fclbel\u00fcl 23 245 lakos\u00fa f\u00fcrd\u0151v\u00e1ros, amely 69,92 n\u00e9gyzetkilom\u00e9teren ter\u00fcl el, a frank Saale foly\u00f3 ment\u00e9n fekszik, a Rh\u00f6n-hegys\u00e9gt\u0151l d\u00e9lre, Bajororsz\u00e1g Als\u00f3-Frankf\u00f6ldj\u00e9n. \u00c1llami f\u00fcrd\u0151v\u00e1rosk\u00e9nt \u00e9s j\u00e1r\u00e1si sz\u00e9khelyk\u00e9nt bet\u00f6lt\u00f6tt st\u00e1tusza, valamint az eleg\u00e1ns 19. \u00e9s 20. sz\u00e1zad eleji \u00e9p\u00edt\u00e9szet \u00e9s a 823 \u00f3ta feljegyzett \u00e1sv\u00e1nyv\u00edzforr\u00e1sok miatt 2021-ben felvett\u00e9k az UNESCO \u201eEur\u00f3pa nagy f\u00fcrd\u0151v\u00e1rosai\u201d list\u00e1j\u00e1ra. Bad Kissingen t\u00f6rt\u00e9nete a 801-es \u201echizzicha\u201d n\u00e9ven val\u00f3 els\u0151 dokument\u00e1ci\u00f3j\u00e1t\u00f3l kezdve I. Lajos \u00e9s Luitpold r\u00e9gens herceg uralkod\u00e1sa alatti el\u0151kel\u0151 f\u00e9nykor\u00e1ig gy\u00f3gy\u00edt\u00f3 vizeket, politikai intrik\u00e1kat \u00e9s a vend\u00e9gek k\u00e9nyelm\u00e9nek ir\u00e1nti elk\u00f6telezetts\u00e9get \u00f6tv\u00f6zi, amely a mai napig tart.<\/p>\n<p>A v\u00e1ros legkor\u00e1bbi l\u00e1tv\u00e1nyoss\u00e1gai az \u00e1sv\u00e1nyv\u00edzforr\u00e1sai k\u00f6r\u00e9 szervez\u0151dtek, amelyeket a fuldai ap\u00e1ts\u00e1g uralkod\u00e1sa alatt, a 9. sz\u00e1zad elej\u00e9n, majd k\u00e9s\u0151bb Henneberg gr\u00f3fjai \u00e9s a w\u00fcrzburgi p\u00fcsp\u00f6k\u00f6k alatt figyeltek fel. 1279-re Kissingen v\u00e1rosi rangot kapott, a 16. sz\u00e1zadra pedig hivatalosan is gy\u00f3gyf\u00fcrd\u0151k\u00e9nt ismert\u00e9k el: 1520-ban az els\u0151 dokument\u00e1lt vend\u00e9g itt keresett gy\u00f3gyf\u00fcrd\u0151t. A Bajor Kir\u00e1lys\u00e1ghoz val\u00f3 csatlakoz\u00e1s 1814-ben megnyitotta az utat a kir\u00e1lyi p\u00e1rtfog\u00e1s el\u0151tt; I. Lajos b\u0151v\u00edt\u00e9seket rendelt el, amelyek a f\u00fcrd\u0151negyednek grandi\u00f3zus s\u00e9t\u00e1nyait \u00e9s \u00e1rk\u00e1djait adt\u00e1k. Az 1883-as \u201eBad\u201d rangra val\u00f3 felmin\u0151s\u00edt\u00e9s Eur\u00f3pa vezet\u0151 gy\u00f3gy\u00fcd\u00fcl\u0151helyei k\u00f6z\u00e9, a \u201eWeltbad\u201d-d\u00e1 tette, ahol az udvari l\u00e1togat\u00f3k, Erzs\u00e9bet osztr\u00e1k c\u00e1rn\u00e9t\u0151l II. S\u00e1ndor orosz c\u00e1ron \u00e1t II. Lajos bajor kir\u00e1lyig, ter\u00e1pi\u00e1s fel\u00fcd\u00fcl\u00e9st kerestek.<\/p>\n<p>Bad Kissingen t\u00f6rt\u00e9nelme nem minden esetben el\u0151kel\u0151. 1866. j\u00falius 10-\u00e9n heves \u00f6sszecsap\u00e1s sz\u00ednhelye volt az osztr\u00e1k\u2013porosz h\u00e1bor\u00fa f\u0151hadisz\u00e1ll\u00e1s\u00e1n (Mainfeldzug), amikor a bajor csapatok ellen\u00e1lltak a porosz el\u0151renyomul\u00e1snak, de v\u00e9g\u00fcl megfutamodtak. Otto von Bismarck cs\u00e1sz\u00e1ri kancell\u00e1r, aki gyakran l\u00e1togatta a f\u00fcrd\u0151v\u00e1rost, 1874-ben t\u00fal\u00e9lt egy mer\u00e9nyletet a Kulturkampf alatt. K\u00e9s\u0151bb \u0151 dikt\u00e1lta az 1877-es \u201eKissingeni Dikt\u00e1tumot\u201d, amelyben a n\u00e9met k\u00fclpolitika alapelveit v\u00e1zolta fel; egykori rezidenci\u00e1ja ma a Bismarck M\u00fazeumnak ad otthont. 1911 j\u00fanius\u00e1ban a v\u00e1rosh\u00e1z\u00e1i adt\u00e1k \u00e1t a marokk\u00f3i \u00fcgyekr\u0151l sz\u00f3l\u00f3 francia\u2013n\u00e9met t\u00e1rgyal\u00e1sok helysz\u00edn\u00e9t \u2013 ez a patthelyzet kiv\u00e1ltotta az agadiri v\u00e1ls\u00e1got, el\u0151revet\u00edtve a 20. sz\u00e1zad fesz\u00fclts\u00e9geit.<\/p>\n<p>Az els\u0151 vil\u00e1gh\u00e1bor\u00fa \u00e9s ut\u00f3hat\u00e1sa v\u00e1ltoz\u00e1sokat hozott a vend\u00e9gk\u00f6rben: a nemess\u00e9g \u00e1tadta a hely\u00e9t egy sz\u00e9lesebb k\u00f6z\u00e9poszt\u00e1lynak, \u00e9s a f\u00fcrd\u0151 mind\u00f6ssze egy \u00e9vig, 1945-ben z\u00e1rva tartott. A m\u00e1sodik vil\u00e1gh\u00e1bor\u00fa el\u0151est\u00e9j\u00e9n n\u00e9met katonai laktany\u00e1k emelkedtek a v\u00e1ros sz\u00e9l\u00e9n; miut\u00e1n az amerikai er\u0151k 1945-ben b\u00e9k\u00e9sen elfoglalt\u00e1k \u0151ket, a Daley laktanya n\u00e9ven m\u0171k\u00f6dtek az 1990-es \u00e9vek elej\u00e9ig. A h\u00e1bor\u00fa ut\u00e1ni t\u00e1rsadalombiztos\u00edt\u00e1si klinik\u00e1k er\u0151s\u00edtett\u00e9k a helyi foglalkoztat\u00e1st, m\u00edg az 1990-es \u00e9vek eg\u00e9szs\u00e9gbiztos\u00edt\u00e1si reformjai cs\u00f6kkentett\u00e9k a f\u00fcrd\u0151 finansz\u00edroz\u00e1s\u00e1t, ami arra k\u00e9sztette az \u00f6nkorm\u00e1nyzatokat \u2013 amelyeket egy EMNID-felm\u00e9r\u00e9s is t\u00e1mogatott, amely Bad Kissingent N\u00e9metorsz\u00e1g legismertebb f\u00fcrd\u0151j\u00e9nek nyilv\u00e1n\u00edtotta \u2013 a l\u00e1togat\u00f3i b\u00e1zis diverzifik\u00e1l\u00e1s\u00e1ra. 2015-re t\u00f6bb mint 238 000 l\u00e1togat\u00f3 1,5 milli\u00f3 vend\u00e9g\u00e9jszak\u00e1t t\u00f6lt\u00f6tt el, ami a sikeres meg\u00fajul\u00e1s bizony\u00edt\u00e9ka.<\/p>\n<p>A modern szolg\u00e1ltat\u00e1sok k\u00f6z\u00e9 tartozik a 2004 febru\u00e1rj\u00e1ban gy\u00f3gyf\u00fcrd\u0151k\u00e9nt \u00e9s szabadid\u0151k\u00f6zpontk\u00e9nt megny\u00edlt KissSalis Therme, valamint a N\u00e9met-K\u00ednai Futball Akad\u00e9mia, amelyet m\u00e9g ugyanebben az \u00e9vben avattak fel, hogy K\u00edna olimpiai rem\u00e9nys\u00e9geit fogadja. A v\u00e1ros sz\u00edve m\u00e9gis tov\u00e1bbra is a h\u00e9t \u00e1sv\u00e1nyv\u00edzforr\u00e1s, amelyek mindegyike a Kissingen-Ha\u00dffurt t\u00f6r\u00e9svonalb\u00f3l sz\u00e1rmazik, \u00e9s permi \u00fcled\u00e9kr\u00e9tegek gazdag\u00edtj\u00e1k \u0151ket. Hat hideg, magas n\u00e1trium-, karbon\u00e1t- \u00e9s szulf\u00e1ttartalm\u00fa; csak a Sch\u00f6nborn term\u00e1lforr\u00e1s ad meleg vizet f\u00fcrd\u00e9sre. Minden forr\u00e1s \u2013 az 1737-es ikonikus R\u00e1k\u00f3czi-k\u00fatt\u00f3l, amelyet R\u00e1k\u00f3czi Ferencr\u0151l neveztek el, az 1788-as szakaszosan m\u0171k\u00f6d\u0151 Kerek K\u00fatig \u2013 tov\u00e1bbra is vonzza a l\u00e1togat\u00f3kat iv\u00f3k\u00far\u00e1ra, f\u00fcrd\u0151z\u00e9sre vagy inhal\u00e1ci\u00f3s ter\u00e1pi\u00e1ra.<\/p>\n<p>Bad Kissingen nemcsak viz\u00e9ben, hanem t\u00e1rsas\u00e1gi k\u00edn\u00e1lat\u00e1ban is a \u201evil\u00e1gf\u00fcrd\u0151\u201d megtestes\u00edt\u0151je. A gy\u00f3gyf\u00fcrd\u0151i kertek \u00e9s s\u00e9t\u00e1nyok egykor koncerteknek, sz\u00ednh\u00e1zi el\u0151ad\u00e1soknak \u00e9s j\u00e1t\u00e9koknak adtak otthont; udvaroncok \u00e9s irodalmi szerepl\u0151k keveredtek az olvas\u00f3termekben, lovagoltak, vagy szerencs\u00e9j\u00fcket pr\u00f3b\u00e1lt\u00e1k ki a kaszin\u00f3ban. Nagyszer\u0171 \u00e9p\u00edt\u00e9szete \u2013 a gy\u00f3gyf\u00fcrd\u0151i vill\u00e1kb\u00f3l, kereskedelmi \u00e9s kezel\u0151ter\u00fcletekb\u0151l \u00e1ll\u00f3 negyedek, amelyeket \u00e1rk\u00e1dok k\u00f6tnek \u00f6ssze \u2013 azt a t\u00f6rekv\u00e9st t\u00fckr\u00f6zi, hogy a k\u00f6ztereket z\u00f6kken\u0151mentesen \u00f6tv\u00f6zz\u00e9k a kertekkel, parkokkal \u00e9s a foly\u00f3parti t\u00e1jjal. A 19. sz\u00e1zadban a legmodernebb t\u00e1v\u00edr\u00f3-, telefon- \u00e9s k\u00f6zleked\u00e9si kapcsolatok, valamint a luxus\u00fczletek \u00e9s a v\u00e1ltozatos sz\u00e1llod\u00e1k olyan k\u00e9nyelmet biztos\u00edtottak a v\u00e1rosnak, amely m\u00e9g n\u00e9h\u00e1ny nagyv\u00e1rosban sem tal\u00e1lhat\u00f3 meg.<\/p>\n<p>K\u00f6zigazgat\u00e1silag Bad Kissingen 2016 \u00f3ta k\u00f6z\u00f6s region\u00e1lis k\u00f6zpontot alkot Bad Neustadttal, amely bajor \u00e1llami hat\u00f3s\u00e1goknak ad otthont, \u00e9s konferenciatermeket k\u00edn\u00e1l, kihaszn\u00e1lva k\u00f6zponti elhelyezked\u00e9s\u00e9t. A vall\u00e1si \u00e9p\u00edt\u00e9szet t\u00fckr\u00f6zi kozmopolita m\u00faltj\u00e1t: a barokk Szent Jakab-templom 14. sz\u00e1zadi toronymaradv\u00e1nyokat rejt a 18. sz\u00e1zadi stukk\u00f3 alatt, a neog\u00f3tikus Szent Sz\u00edv-bazilika (felszentelve 1884-ben) 67 m\u00e9terre magasodik az \u00e9g fel\u00e9, a 19. sz\u00e1zadi protest\u00e1ns, anglik\u00e1n \u00e9s orosz ortodox templomok pedig a pluralista vend\u00e9gk\u00f6rr\u0151l tan\u00faskodnak. A 13. sz\u00e1zadban feljegyzett zsid\u00f3 jelenl\u00e9tet ma a Zsid\u00f3 K\u00f6z\u00f6ss\u00e9gi K\u00f6zpont \u00e1lland\u00f3 ki\u00e1ll\u00edt\u00e1sa \u00f6r\u00f6k\u00edti meg.<\/p>\n<p>A frank Saale-n \u00e1tkelve a l\u00e1togat\u00f3k \u00f6t k\u00f6z\u00fati hidat \u00e9s tizenk\u00e9t gyaloghidat sz\u00e1ml\u00e1lnak, k\u00f6zt\u00fck egy cs\u00fasz\u00e1smentes l\u00f3hidat a Schweizer Hausn\u00e1l; k\u00e9t aut\u00f3p\u00e1lya-\u00e1tj\u00e1r\u00f3 (A 7 \u00e9s A 71) tal\u00e1lhat\u00f3 el\u00e9rhet\u0151 t\u00e1vols\u00e1gban, a B 286 \u00e9s B 287 sz\u00f6vets\u00e9gi utak mellett. A v\u00e1rost\u00f3l egy kilom\u00e9terre \u00e9szakra tal\u00e1lhat\u00f3 a Bad Kissingen rep\u00fcl\u0151t\u00e9r. \u00c1prilist\u00f3l okt\u00f3berig a Bad Bockletbe k\u00f6zleked\u0151 postakocsi-vonal \u00e9l\u0151 kapcsolatot k\u00edn\u00e1l a r\u00e9gi utakkal; a v\u00e1rosi \u00e9s region\u00e1lis buszok \u2013 ingyenesen a f\u00fcrd\u0151k\u00e1rty\u00e1val \u2013 helyi \u00fatvonalakat szolg\u00e1lnak ki, m\u00edg a Saaleschiffahrt g\u0151zhaj\u00f3 Rosengarten \u00e9s Unterer Saline k\u00f6z\u00f6tt k\u00f6zlekedik. A v\u00e1ros v\u00e9g\u00e1llom\u00e1sa egyes\u00edti a Gem\u00fcnden\u2013Bad Kissingen \u00e9s az Ebenhausen\u2013Bad Kissingen vonalakat, \u00e1tmen\u0151 j\u00e1ratokkal Schweinfurtba, W\u00fcrzburgba, Bambergbe, Frankfurtba \u00e9s azon t\u00falra.<\/p>\n<p>Panor\u00e1m\u00e1s kil\u00e1t\u00e1s\u00e9rt a d\u00e9lkeleti gerincen magasod\u00f3 Botenlauben v\u00e1r\u00e1nak ikertornyai a keresztes lovagok hagyom\u00e1nyaira \u00e9s a paraszth\u00e1bor\u00fa t\u0171zv\u00e9szeire eml\u00e9keztetnek; az \u00e9ves szeptember k\u00f6zep\u00e9n megrendezett Botenlauben Fesztiv\u00e1l \u00e9l\u00e9nk\u00edti meg ezeket a romokat. Nyugatra az Altenberg-hegy 284 m\u00e9teres cs\u00facsi parkja \u00e9s 1848-as pavilonja (a \u201eBellevue\u201d) a Sissi-eml\u00e9km\u0171 \u00e1ltal koron\u00e1zott f\u00fcrd\u0151negyedre ny\u00fajt kil\u00e1t\u00e1st. D\u00e9lebbre a 33 m\u00e9teres Wittelsbach Jubileumi Torony \u00e1ll a Scheinberg tetej\u00e9n, 420 m\u00e9ter magasan, kil\u00e1t\u00f3terasz\u00e1hoz 120 l\u00e9pcs\u0151fokon lehet feljutni.<\/p>\n<p>A t\u00f6rt\u00e9nelmi k\u00f6zponton bel\u00fcl az \u00daj V\u00e1rosh\u00e1za az egykori Lochner-Heu\u00dflein kast\u00e9lyban (1707\u201310) tal\u00e1lhat\u00f3, amely egy Dientzenhofer barokk gy\u00f6ngyszem, \u00e9s 1929-ben \u00f6nkorm\u00e1nyzati haszn\u00e1latra alak\u00edtott\u00e1k \u00e1t. A k\u00f6zelben tal\u00e1lhat\u00f3 az 1577-es renesz\u00e1nsz st\u00edlus\u00fa r\u00e9gi v\u00e1rosh\u00e1za, amely kultur\u00e1lis ki\u00e1ll\u00edt\u00f3k\u00f6zpontk\u00e9nt szolg\u00e1l. Az ipari \u00f6r\u00f6ks\u00e9g az als\u00f3 s\u00f3lel\u0151helyi szivatty\u00fakban \u00e9s a rekonstru\u00e1lt diplomaoszt\u00f3 toronyr\u00e9szekben maradt fenn, eml\u00e9keztetve a v\u00e1ros 1000 \u00e9ves s\u00f3termel\u00e9si \u00f6r\u00f6ks\u00e9g\u00e9re. Az 1767-b\u0151l sz\u00e1rmaz\u00f3 Fels\u0151-S\u00f3m\u00fazeum ad otthont a Fels\u0151-S\u00f3m\u00fazeumnak \u00e9s a Bismarck M\u00fazeumnak, ut\u00f3bbi a kancell\u00e1r gy\u00f3gyf\u00fcrd\u0151i rezidenci\u00e1j\u00e1t \u00e9s dikt\u00e1l\u00f3term\u00e9t \u0151rzi.<\/p>\n<p>A f\u00fcrd\u0151kertekben tal\u00e1lhat\u00f3 eml\u00e9km\u0171vek olyan alakokat tisztelnek, mint Erzs\u00e9bet cs\u00e1sz\u00e1rn\u00e9 pavilonja, I. Lajos \u00e9s II. Miksa kir\u00e1lyok, Bismarck kancell\u00e1r \u00e9s Balthasar Neumann \u00e9p\u00edt\u00e9sz szobrai. Anton Boxberger eml\u00e9km\u0171ve a r\u00f3zsakertben \u00e1ll a Rakoczy-forr\u00e1s k\u00f6zel\u00e9ben. Kil\u00e1t\u00f3tornyok \u2013 a Sinnbergen tal\u00e1lhat\u00f3 Bismarck-torony \u00e9s a Staffelsh\u00f6he-n tal\u00e1lhat\u00f3 Ludwig-torony \u2013 csendes elm\u00e9lked\u00e9sre cs\u00e1b\u00edtanak az erd\u0151s dombok \u00e9s az alattuk kanyarog\u00f3 Saale-hegys\u00e9gben.<\/p>\n<p>A m\u00fazeumok gazdag\u00edtj\u00e1k a t\u00f6rt\u00e9nelmi falisz\u0151nyeget: a Fels\u0151-S\u00f3m\u00fazeum S\u00f3- \u00e9s S\u00f3termel\u00e9si Oszt\u00e1lya \u00e9vezredek \u00f3ta tart\u00f3 kitermel\u00e9st mutat be; a Kissingen Gy\u00f3gyf\u00fcrd\u0151 \u00e9s J\u00e1t\u00e9kvil\u00e1g r\u00e9szlegek a f\u00fcrd\u0151\u00e9letet id\u00e9zik fel; az egykori kolostorban tal\u00e1lhat\u00f3 Julius Cardinal D\u00f6pfner M\u00fazeum az egyh\u00e1zi \u00f6r\u00f6ks\u00e9get k\u00f6veti nyomon; a Zsid\u00f3 K\u00f6z\u00f6ss\u00e9gi K\u00f6zpont ki\u00e1ll\u00edt\u00e1sa pedig a zsid\u00f3 \u00e9let \u00e9vsz\u00e1zadait mes\u00e9li el itt.<\/p>\n<p>Bad Kissingen gyalogos k\u00f6zpontja a Ludwigstra\u00dfe \u00e9s a Marktstra\u00dfe ment\u00e9n l\u00fcktet a V\u00e1rosh\u00e1za t\u00e9r, a Piac t\u00e9r \u00e9s a Marienplatz k\u00f6z\u00f6tt, m\u00edg a Berliner Platz a region\u00e1lis buszp\u00e1lyaudvar. A Sz\u00ednh\u00e1zplatz a f\u00fcrd\u0151sz\u00ednh\u00e1zzal szemben tal\u00e1lhat\u00f3; ezek az \u00f6sszekapcsol\u00f3d\u00f3 sik\u00e1torok a k\u00f6z\u00e9pkori b\u00e1jt\u00f3l a f\u00fcrd\u0151 pomp\u00e1j\u00e1ig kalauzolj\u00e1k a l\u00e1togat\u00f3kat. A parkok fokozz\u00e1k a pihen\u00e9st: a Salinens\u00e9t\u00e1ny Hausenb\u0151l a s\u00f3m\u0171vek \u00e9s a diplomaoszt\u00f3 torony mellett kanyarog a Schweizerhaus gyalogh\u00eddig; a f\u00fcrd\u0151kertek, amelyeket az \u00e1rk\u00e1d\u00e9p\u00fclet vesz k\u00f6r\u00fcl, sz\u00f6k\u0151kutak, vir\u00e1g\u00e1gy\u00e1sok \u00e9s p\u00e1lmaligetek k\u00f6r\u00fcl bontakoznak ki, amelyeket egykor a kir\u00e1lyi csal\u00e1dok sz\u00e1m\u00e1ra tartottak fenn; a szomsz\u00e9dos R\u00f3zsakert pedig, amely az 1912-es f\u00fcrd\u0151szab\u00e1lyzatb\u00f3l sz\u00fcletett, ma t\u00f6bb mint 12 000 r\u00f3zs\u00e1val vir\u00e1gzik 155 fajt\u00e1ban, amelyeket minden j\u00faniusban a R\u00f3zsakir\u00e1lyn\u0151 koron\u00e1z meg a R\u00f3zsab\u00e1lon.<\/p>\n<p>Az akt\u00edv kikapcsol\u00f3d\u00e1st ny\u00fajt\u00f3 KissSalis Therme term\u00e1lmedenc\u00e9kkel, szaunaparkkal \u00e9s fitneszr\u00e9szlegekkel v\u00e1rja a vend\u00e9geket; t\u00e9li h\u00f3napokban fedett medence \u00fczemel; az 1988-ban fel\u00faj\u00edtott teraszos \u00fasz\u00f3medence pedig 50 m\u00e9teres \u00fasz\u00f3p\u00e1ly\u00e1val, ugr\u00f3platformmal \u00e9s cs\u00faszd\u00e1kkal v\u00e1rja a vend\u00e9geket, ahonnan kil\u00e1t\u00e1s ny\u00edlik a Rh\u00f6n-foly\u00f3ra. A Klaushof Vadv\u00e9delmi Park \u00e9s Bajororsz\u00e1g m\u00e1sodik legr\u00e9gebbi golfklubja term\u00e9szeti \u00e9lm\u00e9nyekre \u00e9s sportra cs\u00e1b\u00edt.<\/p>\n<p>Bad Kissingen \u00e9vsz\u00e1zados \u00e1talakul\u00e1son kereszt\u00fcl meg\u0151rizte l\u00e9nyeg\u00e9t, mint az \u00e1sv\u00e1nyv\u00edzforr\u00e1sok \u00e9s az emberi t\u00f6rekv\u00e9sek tal\u00e1lkoz\u00e1si pontja. R\u00e9tegzett t\u00f6rt\u00e9nelme \u2013 a korai s\u00f3m\u0171vekt\u0151l \u00e9s a k\u00f6z\u00e9pkori ap\u00e1ts\u00e1gi fel\u00fcgyelett\u0151l az arisztokrata s\u00e9t\u00e1nyokig, a h\u00e1bor\u00fas felfordul\u00e1sokig \u00e9s a modern meg\u00fajul\u00e1sig \u2013 m\u00e1ig k\u00e9zzelfoghat\u00f3 az \u00e9p\u00edt\u00e9szetben, a ritu\u00e1l\u00e9kban \u00e9s a t\u00e1jk\u00e9pben. Itt, a frank Saale v\u00f6lgy\u00e9ben az eg\u00e9szs\u00e9g keres\u00e9se olyan v\u00e1rost form\u00e1lt, amely tov\u00e1bbra is sz\u00edvesen l\u00e1tja a pihen\u00e9sre, az elm\u00e9lked\u00e9sre \u00e9s az autentikuss\u00e1gra v\u00e1gy\u00f3kat \u2013 a szellem \u00e1lland\u00f3s\u00e1ga ugyanolyan tart\u00f3s, mint a forr\u00e1sai.<\/p>","protected":false},"excerpt":{"rendered":"<p>Bad Kissingen, egy fest\u0151i sz\u00e9ps\u00e9g\u0171 f\u00fcrd\u0151v\u00e1ros, amely a n\u00e9metorsz\u00e1gi Als\u00f3-Frankf\u00f6ld bajor r\u00e9gi\u00f3j\u00e1ban fekszik, gazdag t\u00f6rt\u00e9nelemmel \u00e9s k\u00f6r\u00fclbel\u00fcl 22 000 lakossal b\u00fcszk\u00e9lkedhet. Ez a b\u00e1jos hely, amely a frank Saale foly\u00f3 ment\u00e9n \u00e9s a Rh\u00f6n-hegys\u00e9gt\u0151l d\u00e9lre tal\u00e1lhat\u00f3, r\u00e9g\u00f3ta h\u00edres gy\u00f3gy\u00edt\u00f3 \u00e1sv\u00e1nyforr\u00e1sair\u00f3l, \u00e9s a k\u00f6zelm\u00faltban nemzetk\u00f6zi elismer\u00e9sre tett szert az UNESCO Vil\u00e1g\u00f6r\u00f6ks\u00e9g r\u00e9sze, \u201eEur\u00f3pa nagy f\u00fcrd\u0151v\u00e1rosai\u201d.<\/p>","protected":false},"author":1,"featured_media":17556,"parent":13736,"menu_order":0,"comment_status":"closed","ping_status":"closed","template":"elementor_theme","meta":{"_eb_attr":"","footnotes":""},"class_list":["post-16648","page","type-page","status-publish","has-post-thumbnail"],"_links":{"self":[{"href":"https:\/\/travelshelper.com\/hu\/wp-json\/wp\/v2\/pages\/16648","targetHints":{"allow":["GET"]}}],"collection":[{"href":"https:\/\/travelshelper.com\/hu\/wp-json\/wp\/v2\/pages"}],"about":[{"href":"https:\/\/travelshelper.com\/hu\/wp-json\/wp\/v2\/types\/page"}],"author":[{"embeddable":true,"href":"https:\/\/travelshelper.com\/hu\/wp-json\/wp\/v2\/users\/1"}],"replies":[{"embeddable":true,"href":"https:\/\/travelshelper.com\/hu\/wp-json\/wp\/v2\/comments?post=16648"}],"version-history":[{"count":0,"href":"https:\/\/travelshelper.com\/hu\/wp-json\/wp\/v2\/pages\/16648\/revisions"}],"up":[{"embeddable":true,"href":"https:\/\/travelshelper.com\/hu\/wp-json\/wp\/v2\/pages\/13736"}],"wp:featuredmedia":[{"embeddable":true,"href":"https:\/\/travelshelper.com\/hu\/wp-json\/wp\/v2\/media\/17556"}],"wp:attachment":[{"href":"https:\/\/travelshelper.com\/hu\/wp-json\/wp\/v2\/media?parent=16648"}],"curies":[{"name":"wp","href":"https:\/\/api.w.org\/{rel}","templated":true}]}}