{"id":16642,"date":"2024-09-23T16:12:19","date_gmt":"2024-09-23T16:12:19","guid":{"rendered":"https:\/\/travelshelper.com\/staging\/?page_id=16642"},"modified":"2026-03-12T00:23:46","modified_gmt":"2026-03-12T00:23:46","slug":"bad-kreuznach","status":"publish","type":"page","link":"https:\/\/travelshelper.com\/hu\/destinations\/europe\/germany\/bad-kreuznach\/","title":{"rendered":"Bad Kreuznach"},"content":{"rendered":"<p>Bad Kreuznach a hagyom\u00e1ny \u00e9s a meg\u00fajul\u00e1s tal\u00e1lkoz\u00e1s\u00e1n\u00e1l fekszik, 55,63 n\u00e9gyzetkilom\u00e9ter\u00e9t \u00e9szakon a Hunsr\u00fcck lank\u00e1s magaslatai, d\u00e9lkeleten a Rajna-Hessen hull\u00e1mz\u00f3 sz\u0151l\u0151\u00fcltetv\u00e9nyei, d\u00e9lnyugaton pedig az \u00c9szaki-Pfalz-felf\u00f6ld erd\u0151s cs\u00facsai \u00f6lelik k\u00f6r\u00fcl. 2022. december 31-i 52 529 lakos\u00e1val Rajna-vid\u00e9k-Pfalz k\u00f6zepes m\u00e9ret\u0171 f\u00fcrd\u0151v\u00e1rosai k\u00f6z\u00e9 tartozik, identit\u00e1s\u00e1t a k\u00f6zpontj\u00e1t kett\u00e9szel\u0151 Nahe foly\u00f3 \u00e9s az Alte Nahebr\u00fccke, egy 1300 k\u00f6r\u00fcli k\u00f6z\u00e9pkori h\u00edd \u2013 egy ritka p\u00e9lda a k\u0151h\u00eddra, amelynek \u00edvein h\u00e1zak \u00e1llnak \u2013 form\u00e1lta. Ez a v\u00e1ros, b\u00e1r k\u00f6zigazgat\u00e1silag a Bad Kreuznach j\u00e1r\u00e1shoz k\u00f6t\u0151dik, \u201ek\u00f6z\u00e9ps\u0151 k\u00f6zpontk\u00e9nt\u201d m\u0171k\u00f6dik, bizonyos \u201efels\u0151 k\u00f6zpont\u201d szerepekkel, a t\u00f6bb mint 150 000 lakos\u00fa h\u00e1torsz\u00e1g kereskedelm\u00e9nek, kult\u00far\u00e1j\u00e1nak \u00e9s korm\u00e1nyz\u00e1s\u00e1nak lehorgonyz\u00f3helyek\u00e9nt.<\/p>\n<p>A v\u00edzparton a Nahe foly\u00f3 l\u00e1gy sodr\u00e1sa form\u00e1lta mind a v\u00e1ros arculat\u00e1t, mind sors\u00e1t. Bad Kreuznach gy\u00f3gyf\u00fcrd\u0151i \u00f6r\u00f6ks\u00e9ge, a vil\u00e1g egyik legr\u00e9gebbi radon-s\u00f3oldatos gy\u00f3gyf\u00fcrd\u0151je, olyan s\u00f3s forr\u00e1sokb\u00f3l fakad, amelyek gy\u00f3gy\u00edt\u00f3 vize a 18. sz\u00e1zad \u00f3ta vonzza a l\u00e1togat\u00f3kat. Ezek a forr\u00e1sok, amelyekb\u0151l egykor a Salinentalban magasod\u00f3 fal\u00e9pcs\u0151k\u00f6n kereszt\u00fcl \u201efeh\u00e9r arany\u201d s\u00f3t nyertek, ma hat gy\u00f3gyklinik\u00e1b\u00f3l, rehabilit\u00e1ci\u00f3s k\u00f6zpontokb\u00f3l \u00e9s a Crucenia Thermen mozg\u00e1sf\u00fcrd\u0151b\u0151l \u00e1ll\u00f3 h\u00e1l\u00f3zatot alkotnak, ahol a vend\u00e9gek s\u00f3barlangos kamr\u00e1ban h\u0171t\u00f6tt term\u00e1lv\u00edzben mer\u00fclnek el. A term\u00e1lrendszer meglep\u0151en sz\u00e9les k\u00f6r\u0171 javallatokat szolg\u00e1l ki \u2013 reumatikus betegs\u00e9gek, degenerat\u00edv \u00edz\u00fcleti betegs\u00e9gek, l\u00e9gz\u0151szervi megbeteged\u00e9sek, s\u0151t pszichoszomatikus \u00e9s gyermekgy\u00f3gy\u00e1szati \u200b\u200b\u200b\u200bmegbeteged\u00e9sek \u2013, kiemelve a v\u00e1ros fejl\u0151d\u00e9s\u00e9t az ipari s\u00f3m\u0171vekt\u0151l a modern wellness-k\u00f6zpontt\u00e1.<\/p>\n<p>Bad Kreuznach \u00e9ghajlata t\u00fckr\u00f6zi borvid\u00e9ki jelleg\u00e9t: mind\u00f6ssze 517 millim\u00e9teres \u00e9ves csapad\u00e9kmennyis\u00e9g\u00e9vel N\u00e9metorsz\u00e1g legsz\u00e1razabb harmad\u00e1ba esik. Janu\u00e1r a legsz\u00e1razabb h\u00f3nap, a j\u00faniusi csapad\u00e9kmennyis\u00e9g alig egyharmad\u00e1val, m\u00e9gis az \u00e9vszakos ingadoz\u00e1s m\u00e9rs\u00e9kelt marad. A ny\u00e1r meleg \u00e9s m\u00e9rs\u00e9kelt, az \u00e1tlagos napi maximumh\u0151m\u00e9rs\u00e9klet j\u00faliusban 18,4 \u00b0C k\u00f6r\u00fcl mozog, m\u00edg a telek \u00e9ppen fagypont f\u00f6l\u00e9 s\u00fcllyednek. Ez a m\u00e9rs\u00e9kelt, enyh\u00e9n kontinent\u00e1lis \u00e9ghajlat ide\u00e1lis felt\u00e9teleket teremt a sz\u0151l\u0151termeszt\u00e9shez \u2013 \u00e9s val\u00f3ban, a sz\u0151l\u0151termeszt\u00e9s nagyban meghat\u00e1rozza a v\u00e1ros jelleg\u00e9t.<\/p>\n<p>777 hekt\u00e1ros sz\u0151l\u0151skertj\u00e9vel \u2013 melynek 77 sz\u00e1zal\u00e9k\u00e1t feh\u00e9r sz\u0151l\u0151fajt\u00e1k, f\u0151k\u00e9nt rizling \u00e9s szilv\u00e1ni rizling, a fennmarad\u00f3 r\u00e9szt pedig k\u00e9k sz\u0151l\u0151 termesztik \u2013 Bad Kreuznach a Nahe r\u00e9gi\u00f3 legnagyobb, Rajna-vid\u00e9k-Pfalz pedig hetedik legnagyobb bortermel\u0151 k\u00f6zpontja. Az itteni bor\u00e1szok az \u0151si technik\u00e1kat a kim\u00e9rt modernit\u00e1ssal egyens\u00falyozz\u00e1k, \u00e1polva a lejt\u0151ket, amelyek keletre, a reggeli naps\u00fct\u00e9s fel\u00e9, nyugatra pedig a h\u0171s szell\u0151 fel\u00e9 n\u00e9znek. Az \u00e9ves sz\u00fcreti fesztiv\u00e1lok tark\u00edtj\u00e1k a napt\u00e1rat, a Mannheimer Stra\u00df\u00e9n tal\u00e1lhat\u00f3 helyi Vinothek pedig birtoki palackozott borok meghitt k\u00f3stol\u00e1s\u00e1t k\u00edn\u00e1lja termel\u0151i \u00e1ron, ami lehet\u0151s\u00e9get ad a bor\u00e1szokkal val\u00f3 k\u00f6zvetlen besz\u00e9lget\u00e9sre, \u00e9s tal\u00e1n mag\u00e1val a Nahe uralkod\u00f3 borkir\u00e1lyn\u0151j\u00e9vel val\u00f3 tal\u00e1lkoz\u00e1sra is.<\/p>\n<p>A v\u00e1ros gazdas\u00e1gi t\u00e1masza a j\u00e1r\u00e1si sz\u00e9khelyk\u00e9nt bet\u00f6lt\u00f6tt szerepe, valamint a sz\u00f6vets\u00e9gi \u00e9s \u00e1llami hat\u00f3s\u00e1gok, k\u00f6zt\u00fck a Rajna-vid\u00e9k-Pfalz kereskedelmi kamara otthona. A b\u00fcrokratikus falakon t\u00fal ny\u00fczsg\u0151, heti piac a Kornmarkton \u00e9s a Mannheimer Stra\u00df\u00e9n gazd\u00e1kat, p\u00e9keket \u00e9s k\u00e9zm\u0171veseket vonz, hogy region\u00e1lis term\u00e9keket \u2013 sz\u0151l\u0151magolajat, sajtot, p\u00e1colt h\u00fasokat \u2013 \u00e1ruljanak a kedd \u00e9s p\u00e9ntek reggelek ritmus\u00e1ban. Ez a piac, a foly\u00f3 nyugati partj\u00e1n fekv\u0151 gyalogosbar\u00e1t Neustadt negyeddel p\u00e1rosulva, \u0151si \u00e9s k\u00f6zvetlen lend\u00fclettel \u00e9l\u00e9nk\u00edti a v\u00e1rosi sz\u00f6vetet.<\/p>\n<p>A Nahe \u00fatvonal\u00e1t k\u00f6zleked\u00e9si folyos\u00f3k k\u00f6vetik: a V alak\u00fa Bad Kreuznach \u00e1llom\u00e1s a Bingen\u2013Saarbr\u00fccken \u00e9s a Gau-Algesheim vonalak keresztez\u0151d\u00e9s\u00e9n\u00e9l tal\u00e1lhat\u00f3, peronjai \u00f3r\u00e1nk\u00e9nti Regionalbahn j\u00e1ratokat k\u00edn\u00e1lnak Mainzba kevesebb mint f\u00e9l \u00f3ra, Kaiserslauternbe alig t\u00f6bb mint egy \u00f3ra, Saarbr\u00fcckenbe pedig nagyj\u00e1b\u00f3l 90-140 perc alatt. K\u00f6z\u00faton az A 61-es aut\u00f3p\u00e1lya a k\u00f6zpontt\u00f3l tizenk\u00e9t kilom\u00e9terre keletre emelkedik az 51-es csom\u00f3pontig, m\u00edg a Bundesstra\u00dfen 41, 48 \u00e9s 428 k\u00f6rj\u00e1ratai k\u00f6rbej\u00e1rj\u00e1k a v\u00e1rost. A v\u00e1roson bel\u00fcl a VGK (a Rhenus Veniro le\u00e1nyv\u00e1llalata) \u00e1ltal \u00fczemeltetett h\u00e9t v\u00e1rosi buszj\u00e1ratb\u00f3l \u00e1ll\u00f3 h\u00e1l\u00f3zat 15 \u00e9s 30 perces id\u0151k\u00f6z\u00f6nk\u00e9nt biztos\u00edtja a z\u00f6kken\u0151mentes \u00f6sszek\u00f6ttet\u00e9st a k\u00f6rnyez\u0151 telep\u00fcl\u00e9sekkel.<\/p>\n<p>Az \u00f6r\u00f6ks\u00e9g egyar\u00e1nt \u00e1thatja a k\u00f6vet \u00e9s a f\u00e1t. Neustadt meg\u0151rizte k\u00f6z\u00e9pkori utcah\u00e1l\u00f3zat\u00e1t: keskeny utc\u00e1k kanyarognak a fav\u00e1zas h\u00e1zak mellett, amelyeknek viharvert homlokzata m\u00e9g mindig viseli az \u00e9vsz\u00e1zadok sebeit. A 18. sz\u00e1zadban \u00e9p\u00fclt, m\u00e9gis fel\u00faj\u00edtott g\u00f3tikus k\u00f3rus \u00e1ltal \u0151rz\u00f6tt P\u00e1l-templom az angol gy\u00f3gyf\u00fcrd\u0151 vend\u00e9gek anglik\u00e1n gy\u00fclekezet\u00e9t szolg\u00e1lta, \u00e9s a mai napig a Rajna-vid\u00e9k legnagyobb protest\u00e1ns szent\u00e9lye Mainz \u00e9s Trier k\u00f6z\u00f6tt. A k\u00f6zelben tal\u00e1lhat\u00f3 az Eiermarkt, ahol a Szent Mikl\u00f3s-templom \u00e1ll, amelynek 13. sz\u00e1zadi \u201e\u00e9hs\u00e9gter\u00edt\u0151je\u201d a hit \u00e9s az igazs\u00e1goss\u00e1g alleg\u00f3ri\u00e1it \u00e1br\u00e1zolja, felid\u00e9zve azokat az id\u0151ket, amikor a nagyb\u00f6jt szigor\u00fas\u00e1ga megk\u00f6vetelte, hogy az olt\u00e1rokat b\u0171nb\u00e1nati csendben takarj\u00e1k el.<\/p>\n<p>A v\u00e1ros felett, a Kauzenberg-dombon magasod\u00f3 Kauzenburg v\u00e1r\u00e1nak romjai panor\u00e1m\u00e1s kil\u00e1t\u00e1st ny\u00fajtanak a Nahe-v\u00f6lgyre \u00e9s a v\u00edzen t\u00fal elter\u00fcl\u0151 Rheingrafenstein szikl\u00e1s t\u00f6meg\u00e9re. A XIV. Lajos csapatai \u00e1ltal 1689-ben lerombolt v\u00e1r moh\u00e1val bor\u00edtott falai \u00e9s l\u00e9pcs\u0151t\u00f6red\u00e9kei egyszerre id\u00e9zik a hadi romokat \u00e9s a p\u00e1sztori nyugalmat. Lefel\u00e9 a foly\u00f3n az Alte Nahebr\u00fccke n\u00e9gy felv\u00edzi m\u00f3l\u00f3ja \u00e9vsz\u00e1zados h\u00e1zakat t\u00e1maszt al\u00e1, amelyek k\u00f6z\u00fcl az egyik a vil\u00e1gboltnak \u2013 egy fair trade \u00e1ruh\u00e1znak \u2013 ad otthont, alatta pedig a Schirmbar arra cs\u00e1b\u00edtja az arra j\u00e1r\u00f3kat, hogy id\u0151zzenek el a malomt\u00f3 mellett a h\u00e1rsf\u00e1k lombkoron\u00e1ja alatt.<\/p>\n<p>A kult\u00fara a m\u00fazeumokban bontakozik ki, melyek egyszerre grandi\u00f3zusak \u00e9s bens\u0151s\u00e9gesek. A R\u00f3mai Csarnok 2000 \u00e9ves mozaikokat \u0151riz, amelyek egykor egy villa padl\u00f3j\u00e1t bor\u00edtott\u00e1k; a k\u00f6zelben tal\u00e1lhat\u00f3 a V\u00e1rpark M\u00fazeum \u2013 d\u00edszes vad\u00e1szterm\u00e9vel \u00e9s Cauer-dinasztia-kori szobraival \u2013 fest\u00e9szet, \u00fcvegm\u0171v\u00e9szet \u00e9s k\u0151 seg\u00edts\u00e9g\u00e9vel mes\u00e9li el a helyi t\u00f6rt\u00e9nelmet. A H\u00fcffelsheimer Stra\u00dfe B\u00e1bsz\u00ednh\u00e1zi Kultur\u00e1lis M\u00fazeuma, a marionettek \u00e9s k\u00e9zib\u00e1bok glob\u00e1lis gy\u0171jtem\u00e9nye, K\u00e9kmedve kapit\u00e1nyt\u00f3l Hein Bl\u00f6dig id\u00e9zi meg a szerepl\u0151ket, m\u00edg a v\u00e1rosi gy\u0171r\u0171n t\u00fal a Guldental Feldbahn M\u00fazeum egy h\u00e1rom kilom\u00e9teres p\u00e1ly\u00e1n z\u00f6tyk\u00f6l\u0151 mezei vas\u00fati mozdonyokat mutat be.<\/p>\n<p>A k\u00f6zterek erdei kecsess\u00e9ggel l\u00fcktetnek. Az 1840-ben l\u00e9trehozott Kurpark a Nahe \u00e9s a M\u00fchlenkanal k\u00f6z\u00f6tt ter\u00fcl el, \u00e9rett plat\u00e1nf\u00e1i \u00e1rny\u00e9kot vetnek egy zenepavilonra, ahol a ny\u00e1ri koncertek vonzz\u00e1k a helyi csal\u00e1dokat. A R\u00f3zsa-sziget, amelyet a 20. sz\u00e1zad eleji kert\u00e9szek alkottak, akik k\u00e9tsz\u00e1z r\u00f3zsafajt\u00e1t \u00fcltettek, teraszos kil\u00e1t\u00e1st ny\u00fajt a foly\u00f3ra, \u00e9s augusztus v\u00e9g\u00e9n a horg\u00e1szlovagi viadalok sz\u00ednhely\u00e9\u00fcl szolg\u00e1l \u2013 a lovagi torn\u00e1kat cs\u00f3nakokb\u00f3l, \u00e9ljenz\u0151 t\u00f6meg k\u00f6zepette vezetik. Az Oranienparkban barokk szimmetria keretezi a pergol\u00e1kat, a v\u00edzi elemeket \u00e9s Cauer \u201e\u00dasz\u00f3 Istenn\u0151\u201d c\u00edm\u0171 szobr\u00e1t, amely Marcel Proust 1895-\u00f6s, \u00e9desanyj\u00e1val tett s\u00e9t\u00e1ira eml\u00e9keztet egy holland narancs nev\u0171 lugas alatt.<\/p>\n<p>A k\u00f6nnyed kalandra v\u00e1gy\u00f3k sz\u00e1m\u00e1ra a Kauzenbergen tal\u00e1lhat\u00f3 Panor\u00e1ma \u00f6sv\u00e9ny a Klappergasse-t\u00f3l a Tea Templom kil\u00e1t\u00f3j\u00e1ig emelkedik, melynek k\u0151l\u00e9pcs\u0151i \u00e9s sz\u0151l\u0151\u00fcltetv\u00e9ny-lejt\u0151i hirtelen megvil\u00e1g\u00edtott \u00e9gboltot t\u00e1rnak el\u00e9nk. A v\u00edzi tev\u00e9kenys\u00e9gek k\u00f6z\u00e9 tartozik a cs\u00f3nak\u00e1z\u00e1s a Nahe \u00e9s a M\u00fchlenteich foly\u00f3kon, m\u00edg a horg\u00e1szat tov\u00e1bbra is ritu\u00e1l\u00e9 a foly\u00f3parton. \u00c9jszaka a Kuhberg-i kil\u00e1t\u00f3 a mennyboltozatba pillant, mennyei elm\u00e9lked\u00e9ssel gazdag\u00edtva a v\u00e1ros f\u00f6ldi \u00f6r\u00f6meit.<\/p>\n<p>Bad Kreuznach k\u00f6vetkeztet\u00e9se sosem v\u00e9gleges, hanem mindig egy megh\u00edv\u00e1s: v\u00e9gigk\u00f6vetni egy k\u00f6z\u00e9pkori h\u00edd \u00edv\u00e9t, kortyolgatni egy \u00e1sv\u00e1nyokban gazdag s\u00f3oldatot a boltozatos mennyezet alatt, bel\u00e9legezni a naps\u00fct\u00f6tte sz\u0151l\u0151\u00fcltetv\u00e9nyek illat\u00e1t hajnalban. Itt a t\u00f6rt\u00e9nelem \u00e9s a wellness, a kereskedelem \u00e9s a kult\u00fara finom kontrasztok panor\u00e1m\u00e1j\u00e1ban tal\u00e1lkozik \u2013 egy olyan helyen, ahol minden k\u0151 \u00e9s patak az id\u0151 t\u00fcrelmes m\u0171v\u00e9szet\u00e9r\u0151l tan\u00faskodik, \u00e9s ahol minden l\u00e1togat\u00f3 a v\u00e1ros gyeng\u00e9d ritmus\u00e1ban megtal\u00e1lhatja a saj\u00e1t t\u00fck\u00f6rk\u00e9p\u00e9t.<\/p>","protected":false},"excerpt":{"rendered":"<p>Bad Kreuznach, egy fest\u0151i v\u00e1ros N\u00e9metorsz\u00e1g Rajna-vid\u00e9k-Pfalz tartom\u00e1ny\u00e1ban, k\u00f6r\u00fclbel\u00fcl 50 000 lakossal b\u00fcszk\u00e9lkedhet. Ez a b\u00e1jos hely a Nahe-foly\u00f3 partj\u00e1n tal\u00e1lhat\u00f3, \u00e9s a Bad Kreuznach ker\u00fclet k\u00f6zigazgat\u00e1si k\u00f6zpontjak\u00e9nt szolg\u00e1l, egyed\u00fcl\u00e1ll\u00f3 kever\u00e9k\u00e9t k\u00edn\u00e1lva a t\u00f6rt\u00e9nelmi jelent\u0151s\u00e9gnek \u00e9s a modern k\u00e9nyelemnek.<\/p>","protected":false},"author":1,"featured_media":17520,"parent":13736,"menu_order":0,"comment_status":"closed","ping_status":"closed","template":"elementor_theme","meta":{"_eb_attr":"","footnotes":""},"class_list":["post-16642","page","type-page","status-publish","has-post-thumbnail"],"_links":{"self":[{"href":"https:\/\/travelshelper.com\/hu\/wp-json\/wp\/v2\/pages\/16642","targetHints":{"allow":["GET"]}}],"collection":[{"href":"https:\/\/travelshelper.com\/hu\/wp-json\/wp\/v2\/pages"}],"about":[{"href":"https:\/\/travelshelper.com\/hu\/wp-json\/wp\/v2\/types\/page"}],"author":[{"embeddable":true,"href":"https:\/\/travelshelper.com\/hu\/wp-json\/wp\/v2\/users\/1"}],"replies":[{"embeddable":true,"href":"https:\/\/travelshelper.com\/hu\/wp-json\/wp\/v2\/comments?post=16642"}],"version-history":[{"count":0,"href":"https:\/\/travelshelper.com\/hu\/wp-json\/wp\/v2\/pages\/16642\/revisions"}],"up":[{"embeddable":true,"href":"https:\/\/travelshelper.com\/hu\/wp-json\/wp\/v2\/pages\/13736"}],"wp:featuredmedia":[{"embeddable":true,"href":"https:\/\/travelshelper.com\/hu\/wp-json\/wp\/v2\/media\/17520"}],"wp:attachment":[{"href":"https:\/\/travelshelper.com\/hu\/wp-json\/wp\/v2\/media?parent=16642"}],"curies":[{"name":"wp","href":"https:\/\/api.w.org\/{rel}","templated":true}]}}