{"id":16626,"date":"2024-09-23T15:36:32","date_gmt":"2024-09-23T15:36:32","guid":{"rendered":"https:\/\/travelshelper.com\/staging\/?page_id=16626"},"modified":"2026-03-12T00:25:20","modified_gmt":"2026-03-12T00:25:20","slug":"bad-freienwalde","status":"publish","type":"page","link":"https:\/\/travelshelper.com\/hu\/destinations\/europe\/germany\/bad-freienwalde\/","title":{"rendered":"Bad Freienwalde"},"content":{"rendered":"<p>Bad Freienwalde az Oderbruch-medence \u00e9s a Barnim-fenns\u00edk sz\u00e9l\u00e9n fekszik, ahol az okkers\u00e1rga m\u00e9szk\u0151partok meredeken ereszkednek le a kanyarg\u00f3s Alte Oder\u00e1ba. Hohensaaten falu n\u00e9z\u0151pontj\u00e1b\u00f3l \u00e9rezhet\u0151 a foly\u00f3 lehelete \u2013 a v\u00e1ndorl\u00f3 v\u00edzimadarak \u00e9s a tavaszi szell\u0151ben susog\u00f3 n\u00e1d hars\u00e1ny akkordjai, valamint a Lengyelorsz\u00e1g fel\u00e9 tart\u00f3 teherhaj\u00f3k t\u00e1voli z\u00fcmm\u00f6g\u00e9se. Telep\u00fcl\u00e9sek mozaikja \u2013 Altranft, Altglietzen, Bralitz, Hohensaaten, Hohenw\u00fctzen, Neuenhagen \u00e9s Schiffm\u00fchle \u2013 csoportosul keskeny utak k\u00f6r\u00fcl, amelyeket gesztenyef\u00e1k szeg\u00e9lyeznek, melyek gy\u00f6kerei \u0151si t\u00f6lt\u00e9seken \u00e1llnak. K\u00e9s\u0151 ny\u00e1ron d\u00e9lut\u00e1nokon kab\u00f3c\u00e1k suhannak \u00e1t a f\u0171zf\u00e1kon, szinte mitikus aur\u00e1t k\u00f6lcs\u00f6n\u00f6zve a v\u00e1ros m\u00e9lyen r\u00e9tegzett t\u00e1j\u00e1nak.<\/p>\n<p>Vrienwalde els\u0151 \u00edr\u00e1sos eml\u00edt\u00e9se egy 1316-os \u0151rgr\u00f3fiai okiratban tal\u00e1lhat\u00f3, b\u00e1r k\u00f6z\u00e9pkori alaprajza f\u0151k\u00e9nt a v\u00e1ros halv\u00e1ny utc\u00e1kb\u00f3l \u00e9s terekb\u0151l \u00e1ll\u00f3 h\u00e1l\u00f3zat\u00e1ban maradt fenn. 1364-re a telep\u00fcl\u00e9s okleveles v\u00e1ross\u00e1 fejl\u0151d\u00f6tt, s\u00f3zott heringekkel \u00e9s k\u00e9zzel sz\u0151tt lenv\u00e1sznokkal kereskedtek a foly\u00f3parti m\u00f3l\u00f3k ment\u00e9n. 1618-t\u00f3l a Porosz Kir\u00e1lys\u00e1g megalap\u00edt\u00e1s\u00e1ig a Freienwalde-i uradalom Brandenburg v\u00e1laszt\u00f3fejedelmeinek szem\u00e9lyes gondnoks\u00e1ga al\u00e1 tartozott. K\u00f6zvetlen p\u00e1rtfog\u00e1suk biztos\u00edtotta, hogy a v\u00e1ros vagyona soha ne hanyatljon, m\u00e9g akkor sem, amikor a szomsz\u00e9dos falvak hanyatl\u00e1snak indultak.<\/p>\n<p>1683-ban egy \u00e1sv\u00e1nyokban gazdag v\u00edz reped\u00e9se t\u00f6rt fel, \u201eegy \u00e1rnyalatos vasb\u00f3l \u00e9s pal\u00e1b\u00f3l \u00e1ll\u00f3 forr\u00e1s\u201d \u2013 \u00e1ll\u00edtja Bernhardus Albinus orvos 1685-\u00f6s besz\u00e1mol\u00f3ja. Johann Kunckel alkimista a k\u00f6vetkez\u0151 \u00e9vben a k\u00f6szv\u00e9nyben szenved\u0151 Frigyes Vilmos v\u00e1laszt\u00f3fejedelmet vezette, hogy megk\u00f3stolja a cs\u00edp\u0151s italt. A helyiek \u2013 ha elid\u0151zik a Kurf\u00fcrstenquelle pavilonn\u00e1l \u2013 elmondj\u00e1k, hogy a v\u00edznek halv\u00e1ny k\u00e9n \u00e9s nedves erd\u0151talaj \u00edze van, ami az \u0151si f\u00f6ldalatti \u00e1ramlatokra eml\u00e9keztet. Ezzel a kir\u00e1lyi enged\u00e9llyel Freienwalde a gy\u00f3gyul\u00e1s \u00e9s a l\u00e1badoz\u00e1s fel\u00e9 fordult, els\u0151 fav\u00e1zas f\u00fcrd\u0151h\u00e1zai m\u00e9zeskal\u00e1csk\u00e9nt emelkedtek a Gesundbrunnenstra\u00dfe ment\u00e9n.<\/p>\n<p>I. Frigyes porosz kir\u00e1ly megb\u00edzta Andreas Schl\u00fctert, hogy \u00e9p\u00edtsen egy maison de plaisance-t az Apothekerbergen, egy f\u00e9lig erdei szikl\u00e1kba eltemetett, f\u00e9lig az Oderbruchba lejt\u0151 r\u00e9tekre n\u00e9z\u0151 \u00e9p\u00edtm\u00e9nyt. Homlokzatain mitikus nimf\u00e1k \u00e9s szarvasagancsok domborm\u0171vei d\u00edszelegtek \u2013 a meg\u00fajul\u00e1s \u00e9s a vad\u00e1szat szimb\u00f3lumai. A k\u0151terasz \u00e9s a kusza aljn\u00f6v\u00e9nyzet k\u00f6z\u00f6tti r\u00e9s hajnalban s\u00e9t\u00e1lni cs\u00e1b\u00edtott, amikor a harmat megcsillant a kov\u00e1csoltvas erk\u00e9lyeken. Schl\u00fcter pavilonja egy \u00faj korszakot jelk\u00e9pezett: a v\u00e1ros t\u00f6bb\u00e9 nem puszt\u00e1n mez\u0151gazdas\u00e1gi term\u00e9kekb\u0151l, hanem mag\u00e1nak a f\u00f6ldnek a gy\u00f3gy\u00edt\u00f3 titkaib\u00f3l fog meg\u00e9lni.<\/p>\n<p>1799-re David Gilly tolla \u00e9s vakolata alatt kiemelkedett a neoklasszicista Freienwalde kast\u00e9ly, Schl\u00fcter barokk pomp\u00e1j\u00e1nak szigor\u00fa megfelel\u0151je. Hesse-Darmstadti Frigyes Lujza hercegn\u0151, II. Frigyes Vilmos nemr\u00e9giben meg\u00f6zvegy\u00fclt hercegn\u0151, ny\u00e1ri mened\u00e9k\u00e9nek tekintette a kast\u00e9lyt. Homokk\u0151 erekkel burkolt oszlopcsarnok\u00e1nak oszlopai \u00fagy vert\u00e9k vissza a reggeli f\u00e9nyt, mint a m\u00e1rv\u00e1nyban a gyertyal\u00e1ngok. 1790-ben teah\u00e1zat \u00e9p\u00edttetett \u2013 egy nyolcsz\u00f6glet\u0171, aranyozott kupol\u00e1val koron\u00e1zott bolonds\u00e1got \u2013, ahol helyi m\u00e9zzel \u00e9s import\u00e1lt bergamotttal illatos\u00edtott kever\u00e9keket kortyolgatott.<\/p>\n<p>Peter Joseph Lenn\u00e9 1822-ben \u00fajragondolta a szomsz\u00e9dos parkot, \u00e9s k\u00edgy\u00f3z\u00f3 tavakkal \u00e9s h\u00e1rsf\u00e1kkal szeg\u00e9lyezett l\u00e1tk\u00e9pekkel ruh\u00e1zta fel a ter\u00fcletet. Gyerty\u00e1nbokroszok takart\u00e1k a kanyarg\u00f3s \u00f6sv\u00e9nyeket; itt az ember m\u00e1rv\u00e1nyb\u00f3l k\u00e9sz\u00fclt, bukolikus bik\u00e1kat \u00e1br\u00e1zol\u00f3 szobrokra bukkant, melyek oldal\u00e1t \u00e9vtizedek fagya \u00e9s vir\u00e1gpusztul\u00e1sa patin\u00e1s\u00edtotta. Egy korinthoszi talapzaton \u00e1ll\u00f3 nap\u00f3ra d\u00e9lben megny\u00falt \u00e1rny\u00e9kokat vetett, sz\u00e1mszer\u0171s\u00edtve az id\u0151 finom elt\u00fcntet\u00e9seit a f\u00fcrd\u0151v\u00e1rosr\u00f3l. A park b\u00fckk\u00f6s\u00f6kkel szeg\u00e9lyezett Papenteich-tava az elsuhan\u00f3 felh\u0151k visszhangz\u00f3 t\u00fck\u00f6rk\u00e9p\u00e9t adta.<\/p>\n<p>A kast\u00e9ly ipari-politikai t\u00f6rt\u00e9nelemk\u00f6nyvekbe vonult, amikor Walther Rathenau 1909-ben megszerezte. Az iparm\u00e1gn\u00e1s \u00e9s \u00edr\u00f3 a szalonokat szalonokk\u00e1 \u2013 szellemi szalonokk\u00e1 \u2013 alak\u00edtotta \u00e1t, ahol vend\u00e9geket fogadott, akikkel a gazdas\u00e1gr\u00f3l, az irodalomr\u00f3l \u00e9s az eur\u00f3pai b\u00e9ke k\u00e9nyes g\u00e9pezet\u00e9r\u0151l vitatkozhatott. 1922-es meggyilkol\u00e1sa ut\u00e1n az \u00f6r\u00f6k\u00f6s\u00f6k Oberbarnim ker\u00fcletre hagyt\u00e1k a kast\u00e9lyt, kik\u00f6tve, hogy Rathenau iratai \u00e9s szelleme fennmaradjon. A Harmadik Birodalom alatt a m\u00fazeumi zsalug\u00e1terek bez\u00e1rtak; az NDK-korszakban a N\u00e9met-Szovjet Bar\u00e1ts\u00e1g Puskin-h\u00e1za lett, gal\u00e9ri\u00e1iban szocialista realista nyomatok d\u00edszelegtek. 1991 \u00f3ta a Rathenau-eml\u00e9km\u0171 helyre\u00e1ll\u00edtotta mind a hagyat\u00e9k\u00e1t, mind a kast\u00e9ly eredeti elrendez\u00e9s\u00e9t.<\/p>\n<p>Bad Freienwalde a m\u00e1sodik vil\u00e1gh\u00e1bor\u00fa utols\u00f3 heteiben a k\u00fcsz\u00f6b\u00e9ig viselte a h\u00e1bor\u00fa megpr\u00f3b\u00e1ltat\u00e1sait. 1945. m\u00e1rcius 11-\u00e9n Adolf Hitler a f\u00fcrd\u0151park k\u00f6zel\u00e9b\u0151l szeml\u00e9lte a 9. n\u00e9met hadsereg vonalait \u2013 ez volt az utols\u00f3 l\u00e1togat\u00e1sa a keleti fronton. Egy h\u00f3nappal k\u00e9s\u0151bb, \u00e1prilis 16. \u00e9s 20. k\u00f6z\u00f6tt az 1. lengyel hadsereg \u00e1tvette az ir\u00e1ny\u00edt\u00e1st az itteni erd\u0151k \u00e9s mez\u0151k felett, a tal\u00e1lkoz\u00e1st csipk\u00e9zett gr\u00e1n\u00e1tkr\u00e1terek \u00e9s az aljn\u00f6v\u00e9nyzetben m\u00e9g mindig rozsd\u00e1sod\u00f3 elhagyott t\u00fcz\u00e9rs\u00e9gi l\u00f6ved\u00e9kek jellemezt\u00e9k. 1947 ut\u00e1n a v\u00e1ros Brandenburg \u00e1llamm\u00e1, majd a keletn\u00e9met k\u00f6zigazgat\u00e1s alatt \u00e1ll\u00f3 Bezirk Frankfurt r\u00e9sz\u00e9v\u00e9 v\u00e1lt, v\u00e9g\u00fcl 1990-ben visszat\u00e9rt az \u00fajraegyes\u00edtett Brandenburg r\u00e9sz\u00e9v\u00e9.<\/p>\n<p>A v\u00e1ros hat\u00e1rain bel\u00fcl Brandenburgra jellemz\u0151 domborzati von\u00e1s tal\u00e1lhat\u00f3: 160 m\u00e9teres szintk\u00fcl\u00f6nbs\u00e9g az Oderbruch-s\u00edks\u00e1gt\u00f3l a Barnim-fenns\u00edk erd\u0151s dombjaiig. Altglietzen egy szikla tetej\u00e9n \u00e1ll, melyet hatalmas t\u00f6lgyek d\u00edsz\u00edtenek; Schiffm\u00fchle, amely egykor ny\u00fczsg\u0151 kis falucska volt, g\u00e9mekkel tark\u00edtott csatornamaradv\u00e1nyok ment\u00e9n ter\u00fcl el. Zuckerfabrik v\u00e1rosr\u00e9sze a helyi kereskedelmet egykor hajt\u00f3 cukorfinom\u00edt\u00f3ra eml\u00e9keztet, amelynek v\u00f6r\u00f6s t\u00e9gl\u00e1s k\u00e9m\u00e9nyei m\u00e1r r\u00e9g leomlottak. Minden falu meg\u0151rzi saj\u00e1tos identit\u00e1s\u00e1t, m\u00e9gis mindegyik Bad Freienwalde gerinc\u00e9n kering, mint egy bolyg\u00f3 egy k\u00f6z\u00f6s csillag k\u00f6r\u00fcl.<\/p>\n<p>A v\u00e1ros kultur\u00e1lis sz\u00edve az Uchtenhagenstra\u00dfe 2. sz\u00e1m alatt tal\u00e1lhat\u00f3 Oderland M\u00fazeumban l\u00fcktet, egy \u00e1talak\u00edtott 19. sz\u00e1zadi vill\u00e1ban. Szob\u00e1iban az 1820-as \u00e9vekb\u0151l sz\u00e1rmaz\u00f3 lakkozott t\u00f6k\u00f6k \u00e9s a 14. sz\u00e1zadi folyami hal\u00e1szok \u00e1ltal haszn\u00e1lt mez\u0151gazdas\u00e1gi eszk\u00f6z\u00f6k l\u00e1that\u00f3k, amelyeket szerzetesi k\u00e9ziratokban meg\u00f6r\u00f6k\u00edtett csom\u00f3kkal jav\u00edtottak meg. A szomsz\u00e9dban tal\u00e1lhat\u00f3 a Szent Gy\u00f6rgy Koncertterem, ahol kamarazene sz\u00f3l, boltozatos mennyezete a k\u00f6z\u00e9pkori templomhaj\u00f3kra eml\u00e9keztet. Az 1860-as \u00e9vek elej\u00e9n Karl Weise k\u00f6lt\u0151 h\u00edvta \u00f6ssze a Freienwalder M\u00fazeumot, ahol Ernst Haeckelt \u00e9s Adolph Menzelt l\u00e1tta vend\u00e9g\u00fcl, hogy pap\u00edrl\u00e1mp\u00e1sok alatt p\u00e1rbesz\u00e9det folytassanak a m\u0171v\u00e9szetr\u0151l \u00e9s a tudom\u00e1nyr\u00f3l.<\/p>\n<p>K\u00e9t egyh\u00e1zi \u00e9p\u00edtm\u00e9ny alkotja a v\u00e1ros l\u00e1tk\u00e9p\u00e9t: a Szent Mikl\u00f3s pl\u00e9b\u00e1niatemplom \u00e9s a Szent Gy\u00f6rgy egykori templom, amelyet ma el\u0151ad\u00e1sok helysz\u00edn\u00e9\u00fcl haszn\u00e1lnak. A Szent Mikl\u00f3s okkerstukk\u00f3 tornya enyh\u00e9n megd\u0151l, ami a kript\u00e1ja alatti \u00e9vsz\u00e1zados fagyk\u00e1rokr\u00f3l tan\u00faskodik. Bel\u00fcl bord\u00e1zott boltozatok \u00edvelnek a protest\u00e1ns j\u00f3zans\u00e1got k\u00f6zepette v\u00e9d\u0151szenteket \u00e1br\u00e1zol\u00f3 fresk\u00f3k fel\u00e9. A Szent Gy\u00f6rgy koncertorgon\u00e1ja Bach dallamait\u00f3l visszhangzik, barokk pomp\u00e1j\u00fa hangboltozatokba rep\u00edtve a k\u00f6z\u00f6ns\u00e9get.<\/p>\n<p>A z\u00f6ldell\u0151 tengerhez hasonl\u00f3 terepen h\u00f6mp\u00f6lyg\u0151 f\u00fcrd\u0151park vassal teli forr\u00e1sokat t\u00e1r fel, ahol a l\u00e1togat\u00f3k egykor s\u00f3oldatban m\u00e1rt\u00f3ztak reumatikus panaszaik enyh\u00edt\u00e9s\u00e9re. Louis Tuaillon k\u00e9t m\u00e1rv\u00e1nybik\u00e1ja egy nap\u00f3ra mellett \u00e1ll, a Papenteich-t\u00f3b\u00f3l pedig egy kis sziget emelkedik ki \u2013 a hatty\u00fak udvarl\u00e1si ritu\u00e1l\u00e9inak sz\u00ednhelye. A k\u00f6zelben a kov\u00e1csoltvas nap\u00f3ra gnomonja pontos \u00e1rny\u00e9kokat vet, m\u00e9rve az \u00f3r\u00e1kat, mik\u00f6zben a betegek az iszapf\u00fcrd\u0151k \u00e9s a l\u00e1badoz\u00f3 pavilonok k\u00f6z\u00f6tt s\u00e9t\u00e1lgatnak.<\/p>\n<p>A v\u00e1ros sz\u00e9l\u00e9n egy szer\u00e9ny eml\u00e9kk\u0151 jelzi a Goethestra\u00df\u00e9n tal\u00e1lhat\u00f3 egykori zsid\u00f3 temet\u0151t, melynek D\u00e1vid-csillag\u00e1t gondosan m\u00e9lt\u00f3s\u00e1gteljesen faragt\u00e1k. A v\u00e1rosi temet\u0151ben h\u00edress\u00e9gek \u2013 Victor Bl\u00fcthgen, Julius D\u00f6rr, Luigi Fontane apja \u2013 s\u00edrk\u00f6vei tark\u00edtj\u00e1k a lank\u00e1s lejt\u0151t, s\u00edrfelirataikat zuzm\u00f3k koptatt\u00e1k meg. A Platz der Jugend egy szovjet eml\u00e9km\u0171vet \u0151riz, gr\u00e1nit talapzat\u00e1n cirill bet\u0171s feliratok csillognak a t\u00e9li naps\u00fct\u00e9sben.<\/p>\n<p>Bad Freienwalde n\u00e9gy kil\u00e1t\u00f3toronnyal b\u00fcszk\u00e9lkedhet, amelyek mindegyike h\u00edvogat\u00f3 a r\u00e9tek \u00e9s erd\u0151k v\u00e1ltoz\u00f3 horizontj\u00e1nak megtekint\u00e9s\u00e9re. A 26 m\u00e9teres Galgenberg-torony, amelyet 1879-ben h\u00e1bor\u00fas eml\u00e9km\u0171k\u00e9nt \u00e9p\u00edtettek, panor\u00e1m\u00e1t k\u00edn\u00e1l a n\u00e1dasok fel\u00e9 lejt\u0151, cser\u00e9ptet\u0151s h\u00e1zik\u00f3kr\u00f3l. H\u00e1rom kilom\u00e9terre nyugatra tal\u00e1lhat\u00f3 a 28 m\u00e9teres Bismarck-torony, amely a Schlossberg-utat tekinti meg; az utaz\u00f3k egykor meg\u00e1lltak, hogy bor\u00f3kap\u00e1link\u00e1val koccintsanak Bismarck kancell\u00e1rra. A 2004-ben fel\u00e9p\u00edtett 13 m\u00e9teres Bagolytorony b\u00fckk\u00f6s\u00f6k k\u00f6z\u00f6tt \u00e1ll; a modern K 60-as l\u00e9tes\u00edtm\u00e9ny r\u00e9szek\u00e9nt m\u0171k\u00f6d\u0151 32 m\u00e9teres s\u00edugr\u00f3torony pedig a hideg \u00e9szaki \u00e9gbolt el\u0151tt magasodik.<\/p>\n<p>A v\u00e1ros polg\u00e1ri szerep\u00e9t a t\u00f6rv\u00e9nyben foglalt int\u00e9zm\u00e9nyek hangs\u00falyozz\u00e1k: a ker\u00fcleti b\u00edr\u00f3s\u00e1g neoklasszicista oszlopok alatt \u00edt\u00e9lkezik, m\u00edg egy rehabilit\u00e1ci\u00f3s klinika \u2013 Brandenburg legr\u00e9gebbi gy\u00f3gyf\u00fcrd\u0151je \u2013 ortop\u00e9diai \u00e9s reumatol\u00f3giai betegs\u00e9geket kezel \u00fajj\u00e1\u00e9p\u00edtett szecesszi\u00f3s csarnokaiban. A t\u00f6megk\u00f6zleked\u00e9si buszok falvak k\u00f6z\u00f6tt k\u00f6zlekednek, az utasokat a must\u00e1rmez\u0151k\u00f6n kereszt\u00fcl a Berlin-Brandenburg k\u00f6zleked\u00e9si h\u00e1l\u00f3zat fel\u00e9 sz\u00e1ll\u00edtva. Az Eberswalde \u00e9s Frankfurt (Odera) k\u00f6z\u00f6tt \u00f3r\u00e1nk\u00e9nt k\u00f6zleked\u0151 RB 60-as region\u00e1lis vonat az Altranft \u00e1llom\u00e1son \u00e1ll meg \u2013 ez egykori csom\u00f3ponti vonalak maradv\u00e1nya.<\/p>\n<p>E r\u00e9tegek \u2013 geol\u00f3giai, politikai, kultur\u00e1lis \u2013 k\u00f6z\u00f6tt Bad Freienwalde sem nem ereklye, sem nem a n\u00e9met f\u00fcrd\u0151v\u00e1rosok klis\u00e9je. Barokk szesz\u00e9ly \u00e9s neoklasszicista visszafogotts\u00e1g jegy\u00e9ben \u00e9p\u00fclt \u00e9p\u00edt\u00e9szete, mocsaras \u00e9s magas fenns\u00edkos t\u00e1jai, valamint hercegek, hercegn\u0151k \u00e9s aktivist\u00e1k t\u00f6rt\u00e9nete egy rezon\u00e1ns m\u00e9lys\u00e9g\u0171 enkl\u00e1v\u00e9t alkot. Minden fordulattal \u00e9rezhet\u0151 a gy\u00f3gy\u00edt\u00f3 vizek \u00e9s az emberi er\u0151fesz\u00edt\u00e9sek l\u00fcktet\u0151 tal\u00e1lkoz\u00e1sa: egy v\u00e1ros, amelyet forr\u00e1sai emelnek a magasba, \u00e9s amely viszont meg\u00faj\u00edtja azokat, akik a partjaihoz l\u00e1togatnak.<\/p>","protected":false},"excerpt":{"rendered":"<p>Bad Freienwalde, egy b\u00e1jos f\u00fcrd\u0151v\u00e1ros a n\u00e9metorsz\u00e1gi Brandenburg M\u00e4rkisch-Oderland ker\u00fclet\u00e9ben, gazdag t\u00f6rt\u00e9nelemmel \u00e9s fest\u0151i elhelyezked\u00e9ssel b\u00fcszk\u00e9lkedhet. Az Alte Oderon, az Odera foly\u00f3 egy r\u00e9gi \u00e1g\u00e1n tal\u00e1lhat\u00f3 ez a k\u00f6r\u00fclbel\u00fcl 12 000 lakos\u00fa v\u00e1ros az Oderbruch-medence \u00e9szaknyugati perem\u00e9n, ahol a t\u00e1j dr\u00e1maian megemelkedik a Barnim-fenns\u00edk kialakul\u00e1s\u00e1hoz. Strat\u00e9giai helyzete Eberswald\u00e9t\u0151l 15 kilom\u00e9terre keletre \u00e9s Berlint\u0151l 50 kilom\u00e9terre \u00e9szakkeletre, a lengyel hat\u00e1r k\u00f6zel\u00e9ben helyezi el, \u00edgy k\u00e9t nemzet k\u00f6z\u00f6tti \u00e1tj\u00e1r\u00f3.<\/p>","protected":false},"author":1,"featured_media":17574,"parent":13736,"menu_order":0,"comment_status":"closed","ping_status":"closed","template":"elementor_theme","meta":{"_eb_attr":"","footnotes":""},"class_list":["post-16626","page","type-page","status-publish","has-post-thumbnail"],"_links":{"self":[{"href":"https:\/\/travelshelper.com\/hu\/wp-json\/wp\/v2\/pages\/16626","targetHints":{"allow":["GET"]}}],"collection":[{"href":"https:\/\/travelshelper.com\/hu\/wp-json\/wp\/v2\/pages"}],"about":[{"href":"https:\/\/travelshelper.com\/hu\/wp-json\/wp\/v2\/types\/page"}],"author":[{"embeddable":true,"href":"https:\/\/travelshelper.com\/hu\/wp-json\/wp\/v2\/users\/1"}],"replies":[{"embeddable":true,"href":"https:\/\/travelshelper.com\/hu\/wp-json\/wp\/v2\/comments?post=16626"}],"version-history":[{"count":0,"href":"https:\/\/travelshelper.com\/hu\/wp-json\/wp\/v2\/pages\/16626\/revisions"}],"up":[{"embeddable":true,"href":"https:\/\/travelshelper.com\/hu\/wp-json\/wp\/v2\/pages\/13736"}],"wp:featuredmedia":[{"embeddable":true,"href":"https:\/\/travelshelper.com\/hu\/wp-json\/wp\/v2\/media\/17574"}],"wp:attachment":[{"href":"https:\/\/travelshelper.com\/hu\/wp-json\/wp\/v2\/media?parent=16626"}],"curies":[{"name":"wp","href":"https:\/\/api.w.org\/{rel}","templated":true}]}}