{"id":16614,"date":"2024-09-23T14:12:53","date_gmt":"2024-09-23T14:12:53","guid":{"rendered":"https:\/\/travelshelper.com\/staging\/?page_id=16614"},"modified":"2026-03-12T00:25:54","modified_gmt":"2026-03-12T00:25:54","slug":"bad-feilnbach","status":"publish","type":"page","link":"https:\/\/travelshelper.com\/hu\/destinations\/europe\/germany\/bad-feilnbach\/","title":{"rendered":"Bad Feilnbach"},"content":{"rendered":"<p>Bad Feilnbach ott fekszik, ahol a Bajor-Alpok lank\u00e1s leereszked\u00e9se megkezd\u0151dik a Rosenheim-medenc\u00e9be, egy 5800 hekt\u00e1ros kiterjed\u00e9s\u0171 ter\u00fcletbe, amely a Wendelstein-hegy szigor\u00fa lejt\u0151it\u0151l a l\u00e1pokkal tark\u00edtott r\u00e9tekig h\u00faz\u00f3dik. Egy 1838 m\u00e9ter magas cs\u00facs l\u00e1b\u00e1n\u00e1l fekv\u0151 telep\u00fcl\u00e9s \u2013 Miesbacht\u00f3l 17 kilom\u00e9terre keletre, Bad Aiblingt\u00f3l 10 kilom\u00e9terre d\u00e9lre, Rosenheimt\u0151l 15 kilom\u00e9terre d\u00e9lnyugatra \u00e9s Kufsteint\u0151l 33 kilom\u00e9terre \u2013 el\u00e9g enyhe \u00e9ghajlatot k\u00edn\u00e1l ahhoz, hogy a berkenye \u00e9s a lucfeny\u0151 keveredjen a nedves t\u0151zegben. Az 1973 okt\u00f3ber\u00e9ben \u201eBad\u201d c\u00edmet elnyert telep\u00fcl\u00e9s m\u00e1ig N\u00e9metorsz\u00e1g egyik h\u00edres Moorheilb\u00e4der-je, ahol \u00e9vsz\u00e1zados t\u0151zeglerak\u00f3d\u00e1sok s\u0171r\u0171, s\u00f6t\u00e9t gy\u00f3gyiszapot eredm\u00e9nyeznek.<\/p>\n<p>Bad Feilnbach \u00e1talakul\u00e1s\u00e1nak t\u00f6rt\u00e9nete a tizenkilencedik sz\u00e1zadban kezd\u0151dik, amikor h\u00edre ment a t\u0151zeg gy\u00f3gy\u00edt\u00f3 hat\u00e1s\u00e1nak. A helyiek azt mondj\u00e1k majd \u2013 ha hajnalban mer\u00e9szelsz egy kezel\u00e9sre \u2013, hogy a t\u0151zeg illata az \u00fajonnan felkavart f\u00f6ldr\u0151l, a reggeli k\u00f6d alatt lassan l\u00e9legz\u0151 \u0151si l\u00e1pokr\u00f3l \u00e1rulkodik. Ez a \u201efekete arany\u201d hat\u00e9konynak bizonyult a reumatikus betegs\u00e9gek \u00e9s a l\u00e9gz\u0151szervi gyenges\u00e9gek ellen, ami arra k\u00e9sztette a v\u00e1llalkoz\u00f3 szellem\u0171 eg\u00e9szs\u00e9g\u00fcgyi szakembereket, hogy gy\u00f3gy- \u00e9s rehabilit\u00e1ci\u00f3s l\u00e9tes\u00edtm\u00e9nyeket hozzanak l\u00e9tre a lejt\u0151k\u00f6n \u00e9s az alatta l\u00e9v\u0151 v\u00f6lgyben. Id\u0151vel a falu gy\u00f3gy\u00fcd\u00fcl\u0151hely h\u00edrnev\u00e9t szerezte meg, fah\u00e1zai \u00e9s alacsony pavilonjai \u00fagy simultak a feny\u0151ligetekbe, mint a kandall\u00f3 mellett leteleped\u0151 vend\u00e9gek.<\/p>\n<p>M\u00e1r azel\u0151tt, hogy a \u201eBad\u201d sz\u00f3 szerepelt volna a telep\u00fcl\u00e9s neve el\u0151tt, a gy\u00f6kerei \u00e9vsz\u00e1zadokra ny\u00faltak vissza. El\u0151sz\u00f6r 980-ban emlegett\u00e9k \u201eFulinpah\u201d n\u00e9ven, amely n\u00e9v a moh\u00e1val bor\u00edtott k\u00f6vek alatt ma is cs\u00f6rgedez\u0151, lass\u00fa csordog\u00e1l\u00f3 patakr\u00f3l sz\u00e1rmazik, \u00e9s a telep\u00fcl\u00e9s val\u00f3sz\u00edn\u0171leg a r\u00f3mai id\u0151kb\u0151l sz\u00e1rmazik. Az ember a patak mellett \u00e1llva elk\u00e9pzelheti, ahogy legion\u00e1riusok meg\u00e1llnak v\u00edz\u00e9rt, szand\u00e1ljaik pedig a s\u00f6t\u00e9t agyagpartokat s\u00farolj\u00e1k. 1818-ban Bajororsz\u00e1g k\u00f6zigazgat\u00e1si reformjai f\u00fcggetlens\u00e9get biztos\u00edtottak Feilnbachnak, egy sz\u00fclet\u0151ben l\u00e9v\u0151 k\u00f6z\u00f6ss\u00e9gnek, amely az alpesi magass\u00e1g \u00e9s a medence sz\u00e9less\u00e9ge k\u00f6z\u00f6tt egyens\u00falyozott.<\/p>\n<p>A vasutak 1897-ben jelentek meg, keskeny v\u00e1g\u00e1nyon haladva Bad Aibling \u00e9s Feilnbach k\u00f6z\u00f6tt. K\u00f6zel nyolc \u00e9vtizeden \u00e1t g\u0151zmozdonyok z\u00f6tyk\u00f6l\u0151dtek az \u00e1rny\u00e9kos erd\u0151kben \u00e9s a hidakon, eg\u00e9szen 1973-ig, amikor a szolg\u00e1ltat\u00e1s megsz\u0171nt \u2013 de el\u0151tte m\u00e9g \u00f6sszekapcsolt\u00e1k a f\u00fcrd\u0151v\u00e1rost az eg\u00e9szs\u00e9gkeres\u0151k sz\u00e9lesebb vil\u00e1g\u00e1val. A r\u00e9gi \u00e1llom\u00e1s\u00e9p\u00fclet, amelyet ma \u201eAlter Bahnhof\u201d n\u00e9ven kalandj\u00e1tsz\u00f3t\u00e9rr\u00e9 alak\u00edtottak \u00e1t, n\u00e9ma tan\u00faja a g\u0151z sziszeg\u00e9s\u00e9nek \u00e9s a f\u00e9mkeret hat\u00e1rait feszeget\u0151 gyermekek nevet\u00e9s\u00e9nek.<\/p>\n<p>A sz\u00e1zad k\u00f6zep\u00e9n bek\u00f6vetkezett v\u00e1ltoz\u00e1sok \u00e1talak\u00edtott\u00e1k mag\u00e1t a telep\u00fcl\u00e9st is. 1966. janu\u00e1r 1-j\u00e9n a szomsz\u00e9dos Feilnbach \u00e9s Wiechs falvak egyes\u00fcltek, l\u00e9trehozva Feilnbach-Wiechs-t, majd 1971 december\u00e9ben visszat\u00e9rtek az egyszer\u0171bb Feilnbach n\u00e9vhez. N\u00e9h\u00e1ny h\u00e9ten bel\u00fcl Au bei Bad Aibling \u00e9s Dettendorf telep\u00fcl\u00e9seket csatolt\u00e1k a telep\u00fcl\u00e9shez \u2013 Dettendorf kiv\u00e9tel\u00e9vel a gy\u00f3gyf\u00fcrd\u0151i megnevez\u00e9s al\u00f3l \u2013, miel\u0151tt Litzldorf 1978. m\u00e1jus 1-j\u00e9n csatlakozott volna. 1972 j\u00falius\u00e1ra a telep\u00fcl\u00e9s Bad Aibling j\u00e1r\u00e1sb\u00f3l Rosenheim j\u00e1r\u00e1s\u00e1ba helyez\u0151d\u00f6tt \u00e1t, \u00edgy sorsa szorosabban \u00f6sszefon\u00f3dott a t\u00e1gabb k\u00f6zigazgat\u00e1si r\u00e9gi\u00f3val.<\/p>\n<p>Bad Feilnbach k\u00f6rny\u00e9k\u00e9t erd\u0151 \u00e9s v\u00edz form\u00e1lja. A fels\u0151 Jenbachtalban a \u201eJenbachwasser\u201d nev\u0171 \u00f6sv\u00e9ny a sziklahasad\u00e9kokban sziszeg\u0151 v\u00edzes\u00e9seket k\u00f6veti, cs\u00fasz\u00f3s, permett\u0151l cs\u00fasz\u00f3s keskeny p\u00e1rk\u00e1nyokon cs\u00e1b\u00edtva a l\u00e1togat\u00f3kat. Lejjebb a foly\u00e1sir\u00e1nyban a Jenbachparadies v\u00edzi j\u00e1tsz\u00f3t\u00e9rk\u00e9nt bontakozik ki, ahol a gyerekek sek\u00e9ly medenc\u00e9kben pancsolnak, a sz\u00fcl\u0151k pedig \u00e9vsz\u00e1zadok \u00f3ta \u00e1raml\u00f3 \u00e1ramlatok \u00e1ltal csiszolt sima k\u00f6veken hever\u00e9sznek. A nevet\u00e9s mad\u00e1rhangk\u00e9nt sz\u00e1ll fel, visszhangozva az \u00e9ger- \u00e9s f\u0171zligetek k\u00f6z\u00f6tt.<\/p>\n<p>Ebbe az erd\u0151 \u00f6lel\u00e9s\u00e9ben vezeti be a Moorerlebnis-i \u201eSterntaler felts\u201d \u00e1llom\u00e1s a t\u0151zegl\u00e1pok rejtett vil\u00e1g\u00e1t. Itt pall\u00f3k \u00edvelnek \u00e1t a l\u00e1pvid\u00e9ken, \u00e9s kis mened\u00e9kek k\u00edn\u00e1lnak bepillant\u00e1st a l\u00e1pvil\u00e1gba \u2013 \u00e1fonya v\u00f6r\u00f6slik a fekete mocs\u00e1rban, szitak\u00f6t\u0151k cik\u00e1znak, mint az \u00e9l\u0151 \u00e9kszerek. Az \u201eIsten nyomaira\u201d nev\u0171 kanyarg\u00f3s tematikus \u00f6sv\u00e9ny a spiritu\u00e1lis elm\u00e9lked\u00e9st a term\u00e9szeti csod\u00e1kra r\u00e9tegzi, elkalauzolva a l\u00e1togat\u00f3kat a terepb\u0151l kiemelked\u0151 k\u00e1poln\u00e1k \u00e9s szobrok mellett, mintha abb\u00f3l n\u0151ttek volna ki. A tematikus \u00f6sv\u00e9nyek teljes h\u00e1l\u00f3zata az EU LEADER programj\u00e1nak k\u00f6sz\u00f6nheti l\u00e9tez\u00e9s\u00e9t, amely csendben a mez\u0151gazdas\u00e1gi t\u00e1mogat\u00e1sokat a kultur\u00e1lis gazdagod\u00e1sba ir\u00e1ny\u00edtja.<\/p>\n<p>Bad Feilnbach nem korl\u00e1tozza vonzerej\u00e9t a gy\u00f3gy\u00edt\u00f3 f\u00f6ldre \u00e9s a h\u00f6mp\u00f6lyg\u0151 v\u00edzre. Litzldorfban egy r\u00e9gi cementgy\u00e1r ipari romjai egy m\u00e1sfajta ipar eml\u00e9km\u0171vek\u00e9nt \u00e1llnak \u2013 a gerend\u00e1k \u00e9s a rozsda csendes katedr\u00e1lisak\u00e9nt. A moha fest\u0151i ecsetvon\u00e1sokk\u00e9nt bor\u00edtja az ac\u00e9lgerend\u00e1kat, mik\u00f6zben a napf\u00e9ny ferd\u00e9n \u00e1ts\u00fct a bet\u00f6rt ablakokon, r\u00e1csos \u00e1rny\u00e9kokat vetve a csendben \u00e1z\u00f3 betonpadl\u00f3kra. A helysz\u00edn azt sugallja, hogy m\u00e9g a rothad\u00e1s is tiszteletet parancsolhat.<\/p>\n<p>Az akt\u00edv kikapcsol\u00f3d\u00e1sra v\u00e1gy\u00f3k sz\u00e1m\u00e1ra f\u00e9lrees\u0151 lovasutak kanyarognak Wendelstein \u00e1rny\u00e9k\u00e1ban, \u00f6sszek\u00f6tve Fels\u0151-Bajororsz\u00e1g r\u00e9gi\u00f3j\u00e1t Tirollal. A kelta szelekr\u0151l elnevezett lovakon lovasok f\u00fcves sarkanty\u00fakon haladnak, lehelet\u00fck a hidegebb h\u00f3napokban hallhat\u00f3, pat\u00e1ik dobog\u00e1sa por \u00e9s feny\u0151t\u0171k \u00f6rv\u00e9nyeit kavarja. A leveg\u0151ben nedv \u00e9s kora h\u00f3 \u00edze \u00e9rz\u0151dik; el lehet k\u00e9pzelni, ahogy \u00e9vsz\u00e1zadok zar\u00e1ndokai \u00e9s erd\u00e9szei osztoznak ezeken az \u00f6sv\u00e9nyeken.<\/p>\n<p>Modern f\u00fcrd\u0151v\u00e1rosk\u00e9nt Bad Feilnbach a gy\u00f3gy\u00edt\u00f3 gyakorlatok soksz\u00edn\u0171s\u00e9g\u00e9t mag\u00e1\u00e9v\u00e1 tette. A hagyom\u00e1nyos t\u0151zegter\u00e1pi\u00e1n t\u00fal az alternat\u00edv gy\u00f3gy\u00edt\u00f3k a hagyom\u00e1nyos k\u00ednai orvosl\u00e1sban gy\u00f6kerez\u0151 akupunkt\u00far\u00e1t, dr\u00e1gak\u00f6vek m\u00f3dj\u00e1ra elrendezett homeop\u00e1ti\u00e1s fiol\u00e1kat, gy\u00f3gyn\u00f6v\u00e9nyes gy\u00f3gym\u00f3dok tinkt\u00far\u00e1it, kurkum\u00e1val illatos\u00edtott \u00e1jurv\u00e9dikus massz\u00e1zst, valamint \u00e9trendet \u00e9s \u00e9letm\u00f3dot felm\u00e9r\u0151 term\u00e9szetgy\u00f3gy\u00e1szati \u200b\u200bkonzult\u00e1ci\u00f3kat k\u00edn\u00e1lnak. A Haus des Gastes melletti impoz\u00e1ns pavilonban \u201ef\u00fcrd\u0151koncerteket\u201d tartanak, ahol von\u00f3sn\u00e9gyesek j\u00e1tszanak ny\u00edrfa oszlopok k\u00f6z\u00f6tt, zen\u00e9j\u00fck egy elmer\u00fclt k\u00f6vek \u00e1ltal meleg\u00edtett kis term\u00e9szetes medenc\u00e9ben sodr\u00f3dik.<\/p>\n<p>A k\u00f6zs\u00e9g eg\u00e9szs\u00e9g\u00fcgyi infrastrukt\u00far\u00e1ja mag\u00e1ban foglalja a Reithofpark Klinik\u00e1t \u00e9s a Blumenhof Klinik\u00e1t, valamint egy j\u00e1r\u00f3beteg-ter\u00e1pi\u00e1s k\u00f6zpontot, amelyek mindegyike a badetorfi kezel\u00e9sekre specializ\u00e1l\u00f3dott. A St. Martin id\u0151sek otthon\u00e1val \u00e9s a St. Luke \u00e1pol\u00e1si, ter\u00e1pi\u00e1s \u00e9s wellness k\u00f6zponttal kieg\u00e9sz\u00edtve Bad Feilnbach r\u00f6vid t\u00e1v\u00fa l\u00e1badoz\u00e1st \u00e9s hossz\u00fa t\u00e1v\u00fa gondoz\u00e1st is ny\u00fajt. A lakosok az \u00d6kumenikus Nachbarschaftshilfe eV \u00e9s egy n\u00e9met vall\u00e1si rehabilit\u00e1ci\u00f3s k\u00f6zpont szolg\u00e1ltat\u00e1sait is ig\u00e9nybe vehetik, biztos\u00edtva, hogy a fizikai fel\u00e9p\u00fcl\u00e9s mellett a lelki \u00e9s szoci\u00e1lis sz\u00fcks\u00e9gleteik is figyelmet kapjanak.<\/p>\n<p>A csal\u00e1dok oktat\u00e1si int\u00e9zm\u00e9nyekben tal\u00e1lnak lehet\u0151s\u00e9get a kikapcsol\u00f3d\u00e1sra: Bad Feilnbachban az \u00e1ltal\u00e1nos \u00e9s k\u00f6z\u00e9piskol\u00e1ban, Auban az elemi iskol\u00e1ban, n\u00e9gy v\u00e1rosi \u00f3vod\u00e1ban \u00e9s k\u00e9t katolikus \u00f3vod\u00e1ban. A k\u00f6z\u00e9let a faluk\u00f6zpontban tal\u00e1lhat\u00f3 f\u0171t\u00f6tt \u00fasz\u00f3medence \u00e9s az Auban tal\u00e1lhat\u00f3 k\u00fcl\u00f6n f\u00fcrd\u0151hely k\u00f6r\u00fcl pezseg. A Burgaltendorf Waldeck \u00e9s az Alter Bahnhof kalandparkjai gyermekkori fel\u00fcd\u00fcl\u00e9sre cs\u00e1b\u00edtanak, m\u00edg a vall\u00e1sos \u00e9s k\u00f6z\u00f6ss\u00e9gi k\u00f6nyvt\u00e1r csendes mened\u00e9ket ny\u00fajt a tanul\u00e1shoz \u00e9s az elm\u00e9lked\u00e9shez.<\/p>\n<p>A turisztikai infrastrukt\u00fara a k\u00e9nyelmet a vadon h\u00edv\u00e1s\u00e1val \u00f6tv\u00f6zi. A n\u00e9gycsillagos Kaiser Camping Outdoor Resort 1968 \u00f3ta ak\u00e1r 800 vend\u00e9get is fogad v\u00e1szon alatt vagy \u00e1ll\u00f3 lak\u00f3kocsikban. A friss reggeli leveg\u0151ben a s\u00e1trak f\u00e9lig elmondott t\u00f6rt\u00e9netekk\u00e9nt d\u0151lnek a feny\u0151knek, \u00e9s az els\u0151 f\u00e9ny szil\u00e1nkok has\u00edtanak \u00e1t az \u00e1ttetsz\u0151 falakon. Alkonyatkor l\u00e1mp\u00e1sok lengedeznek a sz\u00e9lben, mormolva a t\u0151zeggel f\u0171t\u00f6tt szennyeskosarak \u00e9s kemenc\u00e9k fel\u00e9 k\u00f6zeled\u0151 utaz\u00f3k t\u00f6rt\u00e9neteit.<\/p>\n<p>A k\u00f6zleked\u00e9si kapcsolatok 2024-ben \u00fajultak ki, amikor Bad Feilnbach csatlakozott a M\u00fcncheni K\u00f6zleked\u00e9si \u00e9s D\u00edjszab\u00e1si Sz\u00f6vets\u00e9ghez. A 343-as \u00e9s 348-as buszj\u00e1ratok naponta k\u00f6zlekednek Bad Aiblingba, Raublingba \u00e9s Rosenheimbe, m\u00edg a szezon\u00e1lis, m\u00e1just\u00f3l novemberig k\u00f6zleked\u0151 349-es Wendelstein k\u00f6rgy\u0171r\u0171 Bayrischzellen, Fischbachaun, Brannenburgon, Flintsbachon \u00e9s Oberaudorfon kereszt\u00fcl k\u00f6zlekedik. Egyetlen d\u00e9lut\u00e1n alatt v\u00e9gigk\u00f6vethet\u0151 az \u00fat a v\u00e1rosi terjeszked\u00e9st\u0151l az alpesi mag\u00e1nyig, minden egyes m\u00e9rf\u00f6ld s\u00f6t\u00e9t feny\u0151erd\u0151k vagy naps\u00fct\u00f6tte legel\u0151k \u00faj l\u00e1tv\u00e1ny\u00e1t k\u00edn\u00e1lva.<\/p>\n<p>A t\u00f6rt\u00e9nelem \u00e9s a term\u00e9szet e r\u00e9tegein kereszt\u00fcl Bad Feilnbach csendesen \u00e9s hat\u00e1rozottan \u00e1ll \u2013 egy telep\u00fcl\u00e9s, amelyet legal\u00e1bb annyira form\u00e1lt a geol\u00f3gia, mint a reformrendeletek. Az \u00f6nkorm\u00e1nyzati \u00e9p\u00fcleteken tal\u00e1lhat\u00f3 dat\u00e1l\u00f3k\u00f6vek 1818-ra \u00e9s 1973-ra eml\u00e9keztetnek, de m\u00e9lyebb lenyomatok rejlenek olyan nevekben, mint a Fulinpah, \u00e9s az emberi gesztusokban: a l\u00e1pot az erd\u0151vel \u00f6sszek\u00f6t\u0151 pall\u00f3\u00fat, a term\u00e1lmedence mellett magasod\u00f3 pavilon, a klinika ablakai alkonyatkor a megk\u00f6nnyebb\u00fcl\u00e9s \u00edg\u00e9ret\u00e9vel ragyognak. A t\u0151zeg lassan, h\u0171v\u00f6sen \u00e9s s\u0171r\u0171n, mint az alkonyat, adja gy\u00f3gyszer\u00e9t, \u00e9s a l\u00e1togat\u00f3 t\u00fcrelmet tanul az \u00f6lel\u00e9s\u00e9ben.<\/p>\n<p>Egy olyan vid\u00e9ken, ahol cs\u00facsok d\u00f6fik \u00e1t az eget, \u00e9s l\u00e1pok \u00f6lelik k\u00f6r\u00fcl a f\u00f6ldet, Bad Feilnbach egy hat\u00e1rvid\u00e9ki helyet foglal el. A templomtorony \u00e1tsz\u00farja a reggeli k\u00f6d\u00f6t; az erd\u0151 gyant\u00e1t lehel a hajnalba; a t\u0151zegf\u00fcrd\u0151k csendbe sim\u00edtj\u00e1k a f\u00e1radt v\u00e9gtagokat. Itt az \u00e9vszakok ritmusa sz\u00e1m\u00edt \u2013 a tavaszi \u00e1rad\u00e1sok meg\u00faj\u00edtj\u00e1k a l\u00e1pot, a ny\u00e1ri k\u00f6d l\u00e1gy\u00edtja a k\u00f6vet, az \u0151szi d\u00e9lut\u00e1nok aranyozz\u00e1k a v\u00f6r\u00f6sfeny\u0151t, a t\u00e9li nap j\u00e9gteraszokat kapargatja. Bad Feilnbachban id\u0151t t\u00f6lteni annyit tesz, mint tan\u00faja lenni a f\u00f6ld \u00e9s az emberek kitart\u00f3 munk\u00e1j\u00e1nak, a k\u0151be v\u00e9sett t\u00f6rt\u00e9nelemnek \u00e9s a t\u0151zegb\u0151l el\u0151csalogatott gy\u00f3gy\u00edt\u00f3 er\u0151nek. Wendelstein \u0151rszeme alatt a v\u00e1ros fennmarad, nem zajong\u00e1ssal vagy l\u00e1tv\u00e1nyoss\u00e1g \u00edg\u00e9ret\u00e9vel cs\u00e1b\u00edtja az utaz\u00f3kat, hanem a f\u00f6ld \u00e9s a v\u00edz egyens\u00faly\u00e1nak m\u00e9ly nyugalm\u00e1val.<\/p>","protected":false},"excerpt":{"rendered":"<p>Bad Feilnbach, egy fest\u0151i telep\u00fcl\u00e9s a n\u00e9metorsz\u00e1gi Rosenheim fels\u0151-bajor ker\u00fclet\u00e9ben, k\u00f6r\u00fclbel\u00fcl 7500 lakosnak ad otthont. Ez a b\u00e1jos v\u00e1ros, amely a fens\u00e9ges Wendelstein-hegy l\u00e1b\u00e1n\u00e1l tal\u00e1lhat\u00f3, els\u0151rang\u00fa eg\u00e9szs\u00e9g\u00fcgyi \u00e9s wellness-helyis\u00e9g h\u00edrnev\u00e9t v\u00edvta ki mag\u00e1nak, \u00e9s a term\u00e9szetes sz\u00e9ps\u00e9g \u00e9s a ter\u00e1pi\u00e1s kezel\u00e9sek egyed\u00fcl\u00e1ll\u00f3 kever\u00e9k\u00e9t k\u00edn\u00e1lja a l\u00e1togat\u00f3knak.<\/p>","protected":false},"author":1,"featured_media":17525,"parent":13736,"menu_order":0,"comment_status":"closed","ping_status":"closed","template":"elementor_theme","meta":{"_eb_attr":"","footnotes":""},"class_list":["post-16614","page","type-page","status-publish","has-post-thumbnail"],"_links":{"self":[{"href":"https:\/\/travelshelper.com\/hu\/wp-json\/wp\/v2\/pages\/16614","targetHints":{"allow":["GET"]}}],"collection":[{"href":"https:\/\/travelshelper.com\/hu\/wp-json\/wp\/v2\/pages"}],"about":[{"href":"https:\/\/travelshelper.com\/hu\/wp-json\/wp\/v2\/types\/page"}],"author":[{"embeddable":true,"href":"https:\/\/travelshelper.com\/hu\/wp-json\/wp\/v2\/users\/1"}],"replies":[{"embeddable":true,"href":"https:\/\/travelshelper.com\/hu\/wp-json\/wp\/v2\/comments?post=16614"}],"version-history":[{"count":0,"href":"https:\/\/travelshelper.com\/hu\/wp-json\/wp\/v2\/pages\/16614\/revisions"}],"up":[{"embeddable":true,"href":"https:\/\/travelshelper.com\/hu\/wp-json\/wp\/v2\/pages\/13736"}],"wp:featuredmedia":[{"embeddable":true,"href":"https:\/\/travelshelper.com\/hu\/wp-json\/wp\/v2\/media\/17525"}],"wp:attachment":[{"href":"https:\/\/travelshelper.com\/hu\/wp-json\/wp\/v2\/media?parent=16614"}],"curies":[{"name":"wp","href":"https:\/\/api.w.org\/{rel}","templated":true}]}}