{"id":16596,"date":"2024-09-23T13:46:40","date_gmt":"2024-09-23T13:46:40","guid":{"rendered":"https:\/\/travelshelper.com\/staging\/?page_id=16596"},"modified":"2026-03-12T00:18:35","modified_gmt":"2026-03-12T00:18:35","slug":"bad-ems","status":"publish","type":"page","link":"https:\/\/travelshelper.com\/hu\/destinations\/europe\/germany\/bad-ems\/","title":{"rendered":"Bad Ems"},"content":{"rendered":"<p>A nyugat-n\u00e9metorsz\u00e1gi Rajna-vid\u00e9k-Pfalz sz\u00f6vets\u00e9gi tartom\u00e1nyban tal\u00e1lhat\u00f3 Bad Ems alig t\u00edzezer lakosnak ad otthont, akik 15,41 n\u00e9gyzetkilom\u00e9teren ter\u00fclnek el. A Lahn foly\u00f3 mindk\u00e9t partj\u00e1n elter\u00fcl\u0151 v\u00e1ros \u2013 amely itt term\u00e9szetes hat\u00e1rk\u00e9nt szolg\u00e1l a Rajnai Pala-hegys\u00e9g Taunus \u00e9s Westerwald r\u00e9gi\u00f3i k\u00f6z\u00f6tt \u2013 80 m\u00e9teres tengerszint feletti magass\u00e1gban fekszik. A Rajna-Lahn j\u00e1r\u00e1s k\u00f6zigazgat\u00e1si k\u00f6zpontjak\u00e9nt \u00e9s a Bad Ems-Nassau \u00f6nkorm\u00e1nyzati t\u00e1rsul\u00e1s r\u00e9szek\u00e9nt t\u00f6rt\u00e9nelmi szerep\u00e9t egyens\u00falyban tartja az eg\u00e9szs\u00e9g, a kult\u00fara \u00e9s a fenntarthat\u00f3 fejl\u0151d\u00e9s ir\u00e1nti modern elk\u00f6telezetts\u00e9ggel. 2021-ben az UNESCO Bad Emst felvette az \u201eEur\u00f3pa nagy f\u00fcrd\u0151v\u00e1rosai\u201d k\u00f6z\u00e9, elismerve tart\u00f3s \u00e1sv\u00e1nyv\u00edzforr\u00e1s-h\u00e1l\u00f3zat\u00e1t \u00e9s figyelemre m\u00e9lt\u00f3 18. \u00e9s 20. sz\u00e1zadi \u00e9p\u00edt\u00e9szet\u00e9t. Ez a kit\u00fcntet\u00e9s meger\u0151s\u00edti kultur\u00e1lis jelent\u0151s\u00e9g\u00e9t, \u00e9s al\u00e1t\u00e1masztja a l\u00e1togat\u00f3k \u00e9s a befektet\u00e9sek vonz\u00e1s\u00e1ra ir\u00e1nyul\u00f3 amb\u00edci\u00f3it, biztos\u00edtva a v\u00e1ros vitalit\u00e1s\u00e1t a j\u00f6v\u0151 gener\u00e1ci\u00f3i sz\u00e1m\u00e1ra.<\/p>\n<p>Bad Ems h\u00edres forr\u00e1sainak geol\u00f3giai eredete a v\u00e1ros alatti rajnai als\u00f3-devon k\u00e9pz\u0151dm\u00e9nyekben rejlik. Itt a talajv\u00edz \u0151si k\u0151zetr\u00e9tegeken sziv\u00e1rog \u00e1t, tizen\u00f6t k\u00fcl\u00f6n\u00e1ll\u00f3, n\u00e1trium-hidrog\u00e9n-karbon\u00e1tban gazdag forr\u00e1sk\u00e9nt bukkan fel, amelyek h\u0151m\u00e9rs\u00e9klete az enyhe 27 \u00b0C-t\u00f3l a leny\u0171g\u00f6z\u0151 57 \u00b0C-ig terjed. A Robert-Kampe forr\u00e1s art\u00e9zi ereje a melegebb h\u00f3napokban ak\u00e1r nyolc m\u00e9ter magasra is k\u00e9pes a vizet a leveg\u0151be emelni. A helyi v\u00e1llalkoz\u00e1sok ezeket a vizeket felhaszn\u00e1lva Emser-s\u00f3t \u00e9s palackozott v\u00e1ltozatokat, p\u00e9ld\u00e1ul Emser Kr\u00e4nchent \u00e1ll\u00edtanak el\u0151, m\u00edg az Emser Pastillen n\u00e9ven ismert pasztill\u00e1kat t\u00f6bb mint m\u00e1sf\u00e9l \u00e9vsz\u00e1zada gy\u00e1rtj\u00e1k. Ezek az iv\u00e1sra \u00e9s inhal\u00e1l\u00e1sra egyar\u00e1nt forgalmazott term\u00e9kek a hagyom\u00e1nyos gy\u00f3gym\u00f3dok \u00e9s a kereskedelmi \u00e9rz\u00e9k gondos \u00f6tv\u00f6z\u00e9s\u00e9t t\u00fckr\u00f6zik, bev\u00e9teli forr\u00e1sokat biztos\u00edtva, amelyek kieg\u00e9sz\u00edtik a v\u00e1ros turisztikai gazdas\u00e1g\u00e1t, \u00e9s messze t\u00falmutatnak a Lahn-v\u00f6lgy\u00f6n.<\/p>\n<p>Bad Ems t\u00f6rt\u00e9nelmi falisz\u0151nye k\u00e9t \u00e9vezreden \u00e1t\u00edvel. Legkor\u00e1bbi dokument\u00e1lt szakasza r\u00f3mai castrumk\u00e9nt jelent meg a fels\u0151 germ\u00e1n limes ment\u00e9n, melynek halv\u00e1ny f\u00f6ldmunk\u00e1i maradtak fenn a k\u00f6rnyez\u0151 erd\u0151k k\u00f6z\u00f6tt. Kr. u. 880-ra a telep\u00fcl\u00e9s megjelenik a feljegyz\u00e9sekben; h\u00e1rom \u00e9s f\u00e9l \u00e9vsz\u00e1zaddal k\u00e9s\u0151bb, 1324-ben v\u00e1rosi jogokat kapott. A \u201evadf\u00fcrd\u0151kre\u201d vonatkoz\u00f3 k\u00f6z\u00e9pkori utal\u00e1sok fokozatosan \u00e1tadt\u00e1k a hely\u00fcket egy m\u0171veltebb f\u00fcrd\u0151kult\u00far\u00e1nak. A tizenhatodik sz\u00e1zadra \u00edr\u00e1sos feljegyz\u00e9sek emlegett\u00e9k a term\u00e1lv\u00edz fogyaszt\u00e1s\u00e1nak j\u00f3t\u00e9kony hat\u00e1sait, \u00e9s Nassau \u00e9s Katzenelnbogen egym\u00e1st k\u00f6vet\u0151 gr\u00f3fjai f\u00fcrd\u0151h\u00e1zakba \u00e9s fogad\u00f3pavilonokba fektettek be. Ahogy a nemes mec\u00e9n\u00e1sok meg\u00e9rkeztek, a v\u00e1ros h\u00edrneve n\u0151tt, megalapozva a transzformat\u00edv tizennyolcadik \u00e9s tizenkilencedik sz\u00e1zadot.<\/p>\n<p>Az 1700-as \u00e9vek elej\u00e9n Bad Emsben \u00faj szivatty\u00fatermek \u00e9s j\u00e1t\u00e9ktermek \u00e9p\u00fcltek a n\u00f6vekv\u0151 vend\u00e9gk\u00f6r kiszolg\u00e1l\u00e1s\u00e1ra. A 19. sz\u00e1zad k\u00f6zep\u00e9re ki\u00e9rdemelte az \u201eEur\u00f3pa ny\u00e1ri f\u0151v\u00e1rosa\u201d g\u00fanynevet, \u00e9s olyan nemzetk\u00f6zi elitnek adott otthont, mint I. Vilmos cs\u00e1sz\u00e1r, II. S\u00e1ndor c\u00e1r, Fjodor Dosztojevszkij reg\u00e9ny\u00edr\u00f3 \u00e9s Richard Wagner zeneszerz\u0151. Ezek a l\u00e1togat\u00f3k g\u0151zhaj\u00f3val \u00e9rkeztek a Rajn\u00e1n \u00e9s a Lahnon felfel\u00e9, vagy a b\u0151v\u00fcl\u0151 vas\u00fath\u00e1l\u00f3zaton kereszt\u00fcl, amely messze t\u00falmutat az arisztokrata k\u00f6r\u00f6k\u00f6n. \u00c9l\u00e9nk t\u00e1rsadalmi ritu\u00e1l\u00e9kban vettek r\u00e9szt \u2013 iv\u00f3k\u00far\u00e1kon m\u00e1rv\u00e1nyozott csarnokokban, k\u00e9nyelmes s\u00e9t\u00e1kon a gondozott parkokban, dinasztikus h\u00e1zakhoz csatlakozott kapcsolatokon, \u00e9s inform\u00e1lis t\u00e1rgyal\u00e1sokon, amelyek befoly\u00e1solt\u00e1k a kereskedelmet \u00e9s a politik\u00e1t. 1870-ben meg\u00e9rkezett az Ems-i Diszpatch, amelynek t\u00f6m\u00f6r diplom\u00e1ciai megfogalmaz\u00e1sa hozz\u00e1j\u00e1rult a francia\u2013porosz h\u00e1bor\u00fa kirobbant\u00e1s\u00e1hoz, \u00e9s 1876-ban II. S\u00e1ndor c\u00e1r itt \u00edrta al\u00e1 az Ems-i ediktumot, amely korl\u00e1tozta az ukr\u00e1n nyelv haszn\u00e1lat\u00e1t. Az ilyen esem\u00e9nyek bizony\u00edtj\u00e1k Bad Ems kett\u0151s jelleg\u00e9t, mint a pihen\u00e9s helysz\u00edne \u00e9s a nemzetk\u00f6zi \u00fcgyek sz\u00edntere.<\/p>\n<p>A v\u00e1ros \u00e9p\u00edt\u00e9szeti egy\u00fcttese k\u0151ben \u00e9s d\u00edszekben \u0151rzi ezeket a r\u00e9tegzett t\u00f6rt\u00e9neteket. A foly\u00f3parton \u00e1ll az 1696 \u00e9s 1715 k\u00f6z\u00f6tt \u00e9p\u00fclt Kurhaus, a 20. sz\u00e1zad eleji kaszin\u00f3 sz\u00e1rnnyal \u00e9s az 1830-as \u00e9vekb\u0151l sz\u00e1rmaz\u00f3 M\u00e1rv\u00e1nyteremmel. A k\u00f6zelben tal\u00e1lhat\u00f3 H\u00e4cker Grand Hotel meg\u0151rizte 1912-es pomp\u00e1j\u00e1nak nagy r\u00e9sz\u00e9t, amely k\u00f6z\u00e9pkori f\u00fcrd\u0151h\u00e1z alapjaira \u00e9p\u00fclt, m\u00edg az 1696-ban \u00e9p\u00fclt, n\u00e9gytorny\u00fa Haus Vier T\u00fcrme k\u00e9s\u0151bb a l\u00e1togat\u00f3 kir\u00e1lyi csal\u00e1dokat sz\u00e1ll\u00e1solta el. A Lahn t\u00fal egy aranyozott hagymakupola jelzi az 1876-ban c\u00e1ri p\u00e1rtfog\u00e1s alatt elk\u00e9sz\u00fclt orosz ortodox templomot, az \u00fagynevezett Schloss Balmoral pedig, amely egy k\u00f6z\u00e9pkori er\u0151d\u00edtm\u00e9ny mint\u00e1j\u00e1ra \u00e9p\u00fclt, az 1860-as \u00e9vekbeli orosz nemesi eredetre eml\u00e9keztet. A barokk f\u00fcrd\u0151kast\u00e9ly, a Kaiser Wilhelm cs\u00e1sz\u00e1r eml\u00e9km\u0171ve \u00e9s a neog\u00f3tikus Szent M\u00e1rton templom egyar\u00e1nt hozz\u00e1j\u00e1rul egy egys\u00e9ges utcak\u00e9phez, amely egyszerre kir\u00e1lyi \u00e9s bens\u0151s\u00e9ges. Az olyan \u00fajabb \u00e9p\u00edtm\u00e9nyek, mint a Beatles M\u00fazeum \u00e9s K\u00e1v\u00e9z\u00f3, jelzik a kultur\u00e1lis program sz\u00e9les\u00edt\u00e9s\u00e9nek sz\u00e1nd\u00e9k\u00e1t a f\u00fcrd\u0151t\u00f6rt\u00e9neten t\u00fal.<\/p>\n<p>M\u00edg a m\u0171eml\u00e9k \u00e9p\u00fcletek a m\u00falt pomp\u00e1j\u00e1t \u0151rzik, a modern eg\u00e9szs\u00e9g\u00fcgyi int\u00e9zm\u00e9nyek a v\u00e1ros fejl\u0151d\u00e9s\u00e9t mutatj\u00e1k be. A foly\u00f3 partj\u00e1n fekv\u0151 Emser Therme panor\u00e1m\u00e1s kil\u00e1t\u00e1st k\u00edn\u00e1l a k\u00f6zvetlen\u00fcl a Robert-Kampe forr\u00e1sb\u00f3l t\u00e1pl\u00e1lt medenc\u00e9kkel. A t\u00f6rt\u00e9nelmi Kurhauson bel\u00fcl ma is sz\u00e1mos forr\u00e1s fakad iv\u00f3k\u00far\u00e1ra, amelyeket gazdagon d\u00edsz\u00edtett bels\u0151 terek kereteznek. Az orvosi szak\u00e9rtelem n\u00e9gy rehabilit\u00e1ci\u00f3s klinik\u00e1ra \u2013 a Hufeland Klinik\u00e1ra, a Lahntal Klinik\u00e1ra, a VAMED Rehabilit\u00e1ci\u00f3s Klinik\u00e1ra \u00e9s a Malberg K\u00f3rh\u00e1zra \u2013 terjed ki, egy akut ell\u00e1t\u00f3 k\u00f3rh\u00e1z \u00e9s egy holisztikus gy\u00f3gy\u00e1szati \u200b\u200bmag\u00e1nrendel\u0151 mellett. 1992 \u00f3ta a Maharishi Ayurveda Eg\u00e9szs\u00e9g\u00fcgyi K\u00f6zpont Eur\u00f3pa legnagyobb mag\u00e1n \u00e1jurv\u00e9da klinik\u00e1j\u00e1nak vallja mag\u00e1t, amely hagyom\u00e1nyos kezel\u00e9seket k\u00edn\u00e1l a f\u00fcrd\u0151negyedben. A Bad Emser Eg\u00e9szs\u00e9g\u00fcgyi Napok minden \u00e9vben szak\u00e9rt\u0151ket \u00e9s k\u00edv\u00e1ncsiakat h\u00edvnak \u00f6ssze a Kursaalban, al\u00e1h\u00fazva a v\u00e1ros folyamatos kiemelked\u0151 szerep\u00e9t az eg\u00e9szs\u00e9gnevel\u00e9sben.<\/p>\n<p>A wellnessiparon t\u00fal Bad Ems diverzifik\u00e1lt helyi gazdas\u00e1ggal is rendelkezik. Az UNESCO st\u00e1tusz, a kultur\u00e1lis \u00f6r\u00f6ks\u00e9g r\u00e9sz\u00e9t k\u00e9pez\u0151 \u00e9p\u00edt\u00e9szet \u00e9s a term\u00e9szetv\u00e9delmi k\u00f6rnyezet \u00e1ltal vez\u00e9relt turizmus tov\u00e1bbra is kiemelked\u0151 fontoss\u00e1g\u00fa. Az orvosi szolg\u00e1ltat\u00e1sok \u2013 az ortop\u00e9diai rehabilit\u00e1ci\u00f3t\u00f3l a t\u00fcd\u0151gy\u00f3gy\u00e1szaton, allergol\u00f3gi\u00e1n, alv\u00e1sgy\u00f3gy\u00e1szaton \u00e9s term\u00e9szetgy\u00f3gy\u00e1szaton \u00e1t \u2013 vonzz\u00e1k a betegeket, akik gyakran kombin\u00e1lj\u00e1k a kezel\u00e9st a szabadid\u0151s tart\u00f3zkod\u00e1sokkal. A szer\u00e9ny villamosm\u00e9rn\u00f6ki szektor gy\u00f3gyf\u00fcrd\u0151kkel kapcsolatos berendez\u00e9seket sz\u00e1ll\u00edt, m\u00edg az \u00e1sv\u00e1nyv\u00edz kinyer\u00e9se \u00e9s feldolgoz\u00e1sa s\u00f3k, palackozott v\u00edz \u00e9s pasztill\u00e1k el\u0151\u00e1ll\u00edt\u00e1s\u00e1t teszi lehet\u0151v\u00e9. A Staatsbad Bad Ems GmbH, a forr\u00e1sok \u00fczemeltet\u00e9s\u00e9t \u00e9s enged\u00e9lyez\u00e9s\u00e9t fel\u00fcgyel\u0151 \u00f6nkorm\u00e1nyzati v\u00e1llalat biztos\u00edtja ezeknek a term\u00e9keknek a megb\u00edzhat\u00f3 alapanyagait, \u00e9s egy olyan kereskedelmi \u00e1gat finansz\u00edroz, amely el\u00e9ri a nemzetk\u00f6zi piacokat. Ez a kiegyens\u00falyozott modell enyh\u00edti a l\u00e1togat\u00f3k sz\u00e1m\u00e1nak szezon\u00e1lis cs\u00f6kken\u00e9s\u00e9t az\u00e1ltal, hogy a v\u00e1ros sors\u00e1t mind a vend\u00e9gl\u00e1t\u00e1sra, mind az ipari disztrib\u00faci\u00f3ra k\u00f6ti.<\/p>\n<p>Az \u00f6sszek\u00f6ttet\u00e9sek alapozz\u00e1k meg ezt a sokr\u00e9t\u0171 gazdas\u00e1got. A Bad Ems \u00e1llom\u00e1son tal\u00e1lhat\u00f3 Bahnhofsgeb\u00e4ude a Lahntal vas\u00fatvonalat szolg\u00e1lja ki, ahonnan expressz \u00e9s region\u00e1lis j\u00e1ratok indulnak Koblenz Stadtmitte-be kevesebb mint f\u00e9l \u00f3ra alatt, Frankfurt f\u0151p\u00e1lyaudvar\u00e1ra alig t\u00f6bb mint m\u00e1sf\u00e9l \u00f3ra alatt, K\u00f6ln Hauptbahnhof-ba kevesebb mint k\u00e9t \u00f3ra alatt, \u00e9s alkalmank\u00e9nt k\u00f6zvetlen vonatok indulnak Berlinbe kevesebb mint hat \u00f3ra alatt. A Bad Ems West-i m\u00e1sodik meg\u00e1ll\u00f3hely fokozza a helyi k\u00e9nyelmet. A v\u00e1ros feletti szikl\u00e1kra val\u00f3 feljut\u00e1shoz a Kurwaldbahn sikl\u00f3 \u2013 a vil\u00e1g egyik legmeredekebbje \u2013 kabinonk\u00e9nt 20 utast sz\u00e1ll\u00edt 132 m\u00e9ter magasra kevesebb mint k\u00e9t perc alatt, leny\u0171g\u00f6z\u0151 panor\u00e1m\u00e1t k\u00edn\u00e1lva. A kora reggelt\u0151l k\u00e9s\u0151 estig h\u00e9tperces id\u0151k\u00f6z\u00f6nk\u00e9nt k\u00f6zleked\u0151 sikl\u00f3 \u00f6sszek\u00f6ttet\u00e9sben \u00e1ll a Bismarckturm kil\u00e1t\u00f3val \u00e9s a gy\u00f3gy\u00fcd\u00fcl\u0151 \u00f6sv\u00e9nyeivel, \u00edgy praktikus hozz\u00e1f\u00e9r\u00e9st \u00e9s \u00f6nmag\u00e1ban is l\u00e1tv\u00e1nyoss\u00e1got biztos\u00edt.<\/p>\n<p>Az elm\u00falt \u00e9vekben c\u00e9lzott beruh\u00e1z\u00e1sok t\u00f6rt\u00e9ntek Bad Ems j\u00f6v\u0151j\u00e9nek biztos\u00edt\u00e1sa \u00e9rdek\u00e9ben. A Josef Poetter \u00e1ltal, Thomas Himmel elk\u00e9pzel\u00e9sei alapj\u00e1n tervezett golfklub fel\u00faj\u00edt\u00e1s sor\u00e1n helyre\u00e1ll\u00edtj\u00e1k a fairway-eket \u00e9s a greeneket, \u00faj tee-ket vezetnek be, Rain Bird rendszerekkel korszer\u0171s\u00edtik az \u00f6nt\u00f6z\u00e9st, \u00e9s egy \u00faj r\u00f6vid j\u00e1t\u00e9kra alkalmas gyakorl\u00f3ter\u00fcletet hoznak l\u00e9tre. A 2026-ra tervezett, \u00e9s a 2027-es centen\u00e1rium el\u0151tt \u00fajra megnyit\u00f3 projekt c\u00e9lja a szabadid\u0151s k\u00edn\u00e1lat szezonalit\u00e1s\u00e1nak kiterjeszt\u00e9se, valamint a golfrajong\u00f3k \u00e9s a gy\u00f3gyf\u00fcrd\u0151 vend\u00e9geinek vonz\u00e1sa. 2025 okt\u00f3ber\u00e9ben az Emser Therme Hotel r\u00e9szt vesz az IAKS Pool Study Tour programban, amely a p\u00e9lda\u00e9rt\u00e9k\u0171 v\u00edzi k\u00f6zpontok bemutat\u00f3ja, t\u00fckr\u00f6zve az ipar\u00e1g elismer\u00e9s\u00e9t a sz\u00e1lloda tervez\u00e9se \u00e9s fenntarthat\u00f3 m\u0171k\u00f6d\u00e9se ir\u00e1nt. Ek\u00f6zben az \u00e9ves zenei programok \u2013 a foly\u00f3parti Kurparkban tartott koncertekt\u0151l az avantg\u00e1rd Festival gegen den Stromig \u2013 a Bartholom\u00e4usmarkt milli\u00f3 vir\u00e1gos felvonul\u00e1sa mellett fenntartj\u00e1k a helyi hagyom\u00e1nyok \u00e9s a frissess\u00e9g pulzus\u00e1t.<\/p>\n<p>T\u00f6rt\u00e9nelme sor\u00e1n Bad Ems ellen\u00e1ll\u00f3 k\u00e9pess\u00e9g\u00e9r\u0151l tett tan\u00fabizonys\u00e1got azzal, hogy adotts\u00e1gait a kort\u00e1rs ig\u00e9nyekhez igaz\u00edtotta. Term\u00e9szetes forr\u00e1sai, amelyeket egykor f\u0151k\u00e9nt a nemesi p\u00e1rtfog\u00e1shoz k\u00f6t\u00f6ttek, ma egy fed\u00e9l alatt t\u00e1mogatj\u00e1k az orvosi ter\u00e1pi\u00e1t, a kereskedelmi term\u00e9keket \u00e9s a holisztikus gyakorlatokat. Nagyszer\u0171 \u00e9p\u00fcletei arisztokratikus szalonokb\u00f3l dinamikus kultur\u00e1lis, vend\u00e9gl\u00e1t\u00f3ipari \u00e9s konferencia helysz\u00ednekk\u00e9 v\u00e1ltak. Gazdas\u00e1ga a f\u00e9m\u00e9rcek b\u00e1ny\u00e1szat\u00e1r\u00f3l a wellness-lehet\u0151s\u00e9gek b\u00e1ny\u00e1szati \u200b\u200b\u200b\u200blehet\u0151s\u00e9geire helyez\u0151d\u00f6tt \u00e1t, de az alapelv v\u00e1ltozatlan maradt: a helyi er\u0151forr\u00e1sok k\u00f6r\u00fcltekint\u0151 \u00e9s innovat\u00edv m\u00f3don t\u00f6rt\u00e9n\u0151 kiakn\u00e1z\u00e1sa. A v\u00e1ros UNESCO \u00e1ltali min\u0151s\u00edt\u00e9se meger\u0151s\u00edti identit\u00e1s\u00e1t egy t\u00e1gabb eur\u00f3pai narrat\u00edv\u00e1ban, m\u00edg az infrastrukt\u00far\u00e1ba \u00e9s programokba t\u00f6rt\u00e9n\u0151 beruh\u00e1z\u00e1sok biztos\u00edtj\u00e1k, hogy fejl\u0151dj\u00f6n, ne pedig megcsorduljon.<\/p>\n<p>Az adapt\u00edv meg\u0151rz\u00e9s meggy\u0151z\u0151 p\u00e9ld\u00e1jak\u00e9nt Bad Ems egyens\u00falyt teremt birodalmi \u00f6r\u00f6ks\u00e9ge \u00e9s modern vitalit\u00e1sa k\u00f6z\u00f6tt. A Lahn-parton s\u00e9t\u00e1lva r\u00e9tegzett t\u00f6rt\u00e9netek t\u00e1rulnak fel: az erd\u0151ben f\u00e9lig elrejtett r\u00f3mai er\u0151d\u00edtm\u00e9nyek, a s\u00e9t\u00e1nyokat szeg\u00e9lyez\u0151 barokk homlokzatok \u00e9s a foly\u00f3 f\u00e9ny\u00e9t visszaver\u0151 kort\u00e1rs f\u00fcrd\u0151komplexum \u00fcvegfalai. D\u00e9lben a l\u00e1togat\u00f3k forr\u00f3 \u00e1sv\u00e1nyvizet kortyolgathatnak egy tizennyolcadik sz\u00e1zadi teremben, a d\u00e9lut\u00e1nt rehabilit\u00e1ci\u00f3s foglalkoz\u00e1son t\u00f6lthetik, este pedig kamarazenei koncerten vehetnek r\u00e9szt a Kursaal M\u00e1rv\u00e1nyterm\u00e9ben. M\u00e1snap reggel a golfoz\u00f3k \u00fajratervezett bunkereket tesztelnek, miel\u0151tt ker\u00e9kp\u00e1rral bej\u00e1rj\u00e1k a Nassau Term\u00e9szetv\u00e9delmi Ter\u00fcletet. A gy\u00f3gy\u00edt\u00e1s, a t\u00f6rt\u00e9nelem \u00e9s a szabadid\u0151 szint\u00e9zise nem v\u00e9letlen; a tudatos gondoskod\u00e1s eredm\u00e9nye, amely tiszteletben tartja a m\u00faltat \u200b\u200ban\u00e9lk\u00fcl, hogy megadn\u00e1 mag\u00e1t a nosztalgi\u00e1nak.<\/p>\n<p>Bad Ems tart\u00f3s vonzereje ebben az egyens\u00falyban rejlik: forr\u00e1sainak \u00e1lland\u00f3s\u00e1g\u00e1ban, \u00e9p\u00edt\u00e9szet\u00e9nek m\u00e9lt\u00f3s\u00e1g\u00e1ban, orvosi szak\u00e9rtelm\u00e9nek sz\u00e9lesk\u00f6r\u0171s\u00e9g\u00e9ben \u00e9s kultur\u00e1lis \u00e9let\u00e9nek energi\u00e1j\u00e1ban. UNESCO st\u00e1tusza t\u00f6bbet k\u00edn\u00e1l, mint egy eml\u00e9kt\u00e1bla; keretet biztos\u00edt a meg\u0151rz\u00e9shez \u00e9s a n\u00e9pszer\u0171s\u00edt\u00e9shez, \u00faj k\u00f6z\u00f6ns\u00e9get h\u00edvva meg, hogy megismerkedjenek jellegzetes adotts\u00e1gaival. A t\u00f6rt\u00e9nelmi \u00e9p\u00edtm\u00e9nyek adapt\u00edv \u00fajrahasznos\u00edt\u00e1s\u00e1nak a legmodernebb wellness \u00e9s rekre\u00e1ci\u00f3s szolg\u00e1ltat\u00e1sokkal val\u00f3 \u00f6tv\u00f6z\u00e9s\u00e9vel a v\u00e1ros biztos\u00edtja jelent\u0151s\u00e9g\u00e9t egy olyan korban, amikor az utaz\u00f3k a m\u00e9lys\u00e9get legal\u00e1bb annyira keresik, mint a k\u00f6nnyeds\u00e9get. Ily m\u00f3don Bad Ems nemcsak az \u00e9vsz\u00e1zados gy\u00f3gyf\u00fcrd\u0151i hagyom\u00e1nyok eml\u00e9km\u0171ve, hanem \u00e9l\u0151 entit\u00e1s is, amelyet folyamatosan felfriss\u00edt saj\u00e1t vize \u00e9s azoknak a k\u00e9pzelete, akik j\u00f6v\u0151j\u00e9t alak\u00edtj\u00e1k.<\/p>","protected":false},"excerpt":{"rendered":"<p>A n\u00e9metorsz\u00e1gi Rajna-vid\u00e9k-Pfalz tartom\u00e1nyban, a Lahn foly\u00f3 partj\u00e1n tal\u00e1lhat\u00f3 Bad Ems egy idilli v\u00e1ros mes\u00e9s m\u00falttal \u00e9s k\u00f6r\u00fclbel\u00fcl 9000 lakossal. Ez a tetszet\u0151s v\u00e1ros a Rhein-Lahn vid\u00e9ki r\u00e9gi\u00f3 k\u00f6zigazgat\u00e1si k\u00f6zpontjak\u00e9nt m\u0171k\u00f6dik, \u00e9s h\u00edres gy\u00f3gy\u00e1szati \u200b\u200bmelegforr\u00e1sair\u00f3l, amelyek gener\u00e1ci\u00f3k \u00f3ta vonzz\u00e1k a l\u00e1togat\u00f3kat. A v\u00e1ros strat\u00e9giai helyzete, amely a Lahn-foly\u00f3 mindk\u00e9t partj\u00e1n \u00e1t\u00edvel, a Taunus \u00e9s a Westerwald r\u00e9gi\u00f3k term\u00e9szetes hat\u00e1r\u00e1n helyezkedik el, a rajnai Pala-hegys\u00e9g k\u00e9t k\u00fcl\u00f6n\u00e1ll\u00f3 ter\u00fclete. Bad Ems t\u00f6rt\u00e9nete a r\u00f3mai korb\u00f3l sz\u00e1rmazik, amikor a fels\u0151germ\u00e1n limes, a r\u00f3mai hat\u00e1rv\u00e9delem r\u00e9szek\u00e9nt castrumot hoztak l\u00e9tre. Ennek a r\u00e9gi \u00e9p\u00edtm\u00e9nynek a csek\u00e9ly maradv\u00e1nyai ellen\u00e9re a szomsz\u00e9dos erd\u0151k tov\u00e1bbra is a hajdani r\u00f3mai hat\u00e1r jeleit mutatj\u00e1k, konkr\u00e9t kapcsolatot biztos\u00edtva a r\u00e9gi\u00f3 t\u00e1voli t\u00f6rt\u00e9nelm\u00e9vel.<\/p>","protected":false},"author":1,"featured_media":17503,"parent":13736,"menu_order":0,"comment_status":"closed","ping_status":"closed","template":"elementor_theme","meta":{"_eb_attr":"","footnotes":""},"class_list":["post-16596","page","type-page","status-publish","has-post-thumbnail"],"_links":{"self":[{"href":"https:\/\/travelshelper.com\/hu\/wp-json\/wp\/v2\/pages\/16596","targetHints":{"allow":["GET"]}}],"collection":[{"href":"https:\/\/travelshelper.com\/hu\/wp-json\/wp\/v2\/pages"}],"about":[{"href":"https:\/\/travelshelper.com\/hu\/wp-json\/wp\/v2\/types\/page"}],"author":[{"embeddable":true,"href":"https:\/\/travelshelper.com\/hu\/wp-json\/wp\/v2\/users\/1"}],"replies":[{"embeddable":true,"href":"https:\/\/travelshelper.com\/hu\/wp-json\/wp\/v2\/comments?post=16596"}],"version-history":[{"count":0,"href":"https:\/\/travelshelper.com\/hu\/wp-json\/wp\/v2\/pages\/16596\/revisions"}],"up":[{"embeddable":true,"href":"https:\/\/travelshelper.com\/hu\/wp-json\/wp\/v2\/pages\/13736"}],"wp:featuredmedia":[{"embeddable":true,"href":"https:\/\/travelshelper.com\/hu\/wp-json\/wp\/v2\/media\/17503"}],"wp:attachment":[{"href":"https:\/\/travelshelper.com\/hu\/wp-json\/wp\/v2\/media?parent=16596"}],"curies":[{"name":"wp","href":"https:\/\/api.w.org\/{rel}","templated":true}]}}