{"id":16587,"date":"2024-09-23T13:26:36","date_gmt":"2024-09-23T13:26:36","guid":{"rendered":"https:\/\/travelshelper.com\/staging\/?page_id=16587"},"modified":"2026-03-12T00:18:49","modified_gmt":"2026-03-12T00:18:49","slug":"bad-durkheim","status":"publish","type":"page","link":"https:\/\/travelshelper.com\/hu\/destinations\/europe\/germany\/bad-durkheim\/","title":{"rendered":"Bad D\u00fcrkheim"},"content":{"rendered":"<p>Bad D\u00fcrkheim a Rajna-Neckar nagyv\u00e1rosi r\u00e9gi\u00f3 sz\u00edv\u00e9ben fekszik, nagyj\u00e1b\u00f3l h\u00fasz kilom\u00e9ter hossz\u00fa, elny\u00fal\u00f3 ter\u00fcletet foglal mag\u00e1ban az Isenach foly\u00f3 forr\u00e1s\u00e1t\u00f3l az \u00e1rt\u00e9ri r\u00e9teken \u00e1t a Rajna-s\u00edks\u00e1g sz\u00e9l\u00e9ig. 19 331 lakos\u00e1val (2020) n\u00e9vad\u00f3 ker\u00fclet\u00e9nek k\u00f6zigazgat\u00e1si sz\u00e9khelyek\u00e9nt szolg\u00e1l \u2013 m\u00e9retben csak Ha\u00dfloch ut\u00e1n a m\u00e1sodik \u2013, \u00e9s egyszerre k\u00edn\u00e1lja egy k\u00f6zepes m\u00e9ret\u0171 f\u00fcrd\u0151v\u00e1ros meghitts\u00e9g\u00e9t \u00e9s egy region\u00e1lis k\u00f6zpont vibr\u00e1l\u00f3 ritmus\u00e1t. Ludwigshafent\u0151l \u00e9s Mannheimt\u0151l h\u00fasz kilom\u00e9terre nyugatra, Kaiserslauternt\u0151l pedig harminc kilom\u00e9terre keletre fekv\u0151 telep\u00fcl\u00e9s a N\u00e9met Bor\u00faton \u00f6tv\u00f6zi az \u00e9vsz\u00e1zados emberi er\u0151fesz\u00edt\u00e9seket a Pfalz-erd\u0151 nyers sz\u00e9ps\u00e9g\u00e9vel.<\/p>\n<p>K\u00f6zvetlen\u00fcl a Haardt-hegys\u00e9gt\u0151l \u2013 a k\u00f6z\u00e9p-pfalzi-erd\u0151 meredek keleti l\u00e1b\u00e1t\u00f3l \u2013 keletre fekszik Bad D\u00fcrkheim k\u00f6zpontja, amely az Isenach lank\u00e1s v\u00f6lgy\u00e9ben h\u00faz\u00f3dik. Az Isenachweiher h\u0171v\u00f6s erdei v\u00edzt\u00e1roz\u00f3j\u00e1b\u00f3l a foly\u00f3 f\u0171r\u00e9szmalmokon \u00e9s pap\u00edrmalmokon kereszt\u00fcl ereszkedik le, amelyek egykor a foly\u00f3 viz\u00e9t hasznos\u00edtott\u00e1k, elhalad a t\u00f6rt\u00e9nelmi v\u00e1rosk\u00f6zpont mellett, \u00e9s a D\u00fcrkheimer Bruch szezon\u00e1lisan nedves r\u00e9tjeire jut. Ahogy a v\u00f6lgy a Rajna-s\u00edks\u00e1g fel\u00e9 kisz\u00e9lesedik, az ipari parkok \u00e9s a v\u00e1rosi v\u00edztiszt\u00edt\u00f3 telep jelzik a telep\u00fcl\u00e9s modern szakasz\u00e1t, eml\u00e9keztetve a v\u00e1ros alkalmazkod\u00e1s\u00e1ra az \u00e9vsz\u00e1zadok sor\u00e1n bek\u00f6vetkezett gazdas\u00e1gi v\u00e1ltoz\u00e1sokhoz.<\/p>\n<p>A telep\u00fcl\u00e9s ter\u00fclete nyugat fel\u00e9 \u00edvel az erd\u0151s felf\u00f6ldre, cs\u00facsok konstell\u00e1ci\u00f3j\u00e1t \u00f6lelve fel. A nyugati l\u00e1tk\u00e9pet a 570,8 m\u00e9teres Drachenfels uralja, m\u00edg a Weilerskopf (470 m) Herxheim am Berg hat\u00e1r\u00e1n \u0151rk\u00f6dik. A v\u00e1roshoz k\u00f6zelebb a Michelsberg (147,4 m) \u00e9s a Fuchsmantel (224 m) szer\u00e9ny magaslatai a sz\u0151l\u00e9szeti \u00f6r\u00f6ks\u00e9gre eml\u00e9keztetnek, lejt\u0151iken r\u00e9g\u00f3ta sz\u0151l\u0151t termesztenek. \u00c9szakabbra a Kleine Peterskopf \u00e9s a Teufelsstein t\u00f6ri meg a horizontot, m\u00e9g t\u00e1volabb pedig a Mainzer Berg \u00e9s a Bellenscheid emelkedik, csendes tan\u00fai a v\u00e1ros \u00e9s a term\u00e9szeti k\u00f6rnyezet tart\u00f3s kapcsolat\u00e1nak. K\u00e9t t\u00f3 \u2013 a Grethen \u00e9szaki perem\u00e9n tal\u00e1lhat\u00f3 Herzogweiher \u00e9s a Rajna-s\u00edks\u00e1gon tal\u00e1lhat\u00f3 Almensee \u2013 az \u00e9g \u00e9s az erd\u0151 nyugodt t\u00fck\u00f6rk\u00e9p\u00e9t k\u00edn\u00e1lja.<\/p>\n<p>Az Isenach foly\u00f3n t\u00fal is v\u00edzfoly\u00e1sok h\u00e1l\u00f3zz\u00e1k be a t\u00e1jat. A Kirschbach, a Dreibrunnentalbach \u00e9s a St\u00fctertalbach erd\u0151s szurdokokat v\u00e1jnak ki, ut\u00f3bbihoz a Glash\u00fcttentalbach csatlakozik, egy a forr\u00e1st\u00f3l az \u00f6sszefoly\u00e1sig megszak\u00edt\u00e1s n\u00e9lk\u00fcli vadonban. \u00c9szakkeleten a Schlittgraben r\u00f6vid id\u0151re el\u0151bukkan, miel\u0151tt \u00e1tszeli a szomsz\u00e9dos Erpolzheimet \u2013 partjait hat \u00e1rv\u00edzv\u00e9delmi medenc\u00e9vel \u00e9s egy 2023-ban elk\u00e9sz\u00fclt g\u00e1ttal er\u0151s\u00edtett\u00e9k meg, ami a Bruch 2019-ben kezd\u0151d\u00f6tt \u00e1tfog\u00f3 renaturaliz\u00e1ci\u00f3j\u00e1nak r\u00e9sze. M\u00e1s patakok, mint p\u00e9ld\u00e1ul a Glasbach \u00e9s Schwabenbach, valamint Erlenbach mell\u00e9kfoly\u00f3i, a telep\u00fcl\u00e9sek hat\u00e1rait jel\u00f6lik, miel\u0151tt Frankenstein \u00e9s Fischbach fel\u00e9 folynak tov\u00e1bb.<\/p>\n<p>Az \u00e9ghajlatot a meleg \u00e9s a relat\u00edv sz\u00e1razs\u00e1g jellemzi. Az \u00e9vi 11,1 \u00b0C-os \u00e1tlagh\u0151m\u00e9rs\u00e9klet \u00e9s az 574 mm-es csapad\u00e9kmennyis\u00e9g Bad D\u00fcrkheimet N\u00e9metorsz\u00e1g legsz\u00e1razabb helyei k\u00f6z\u00e9 sorolja \u2013 az id\u0151j\u00e1r\u00e1s-\u00e1llom\u00e1soknak csak tizenhat sz\u00e1zal\u00e9ka regisztr\u00e1l kevesebb csapad\u00e9kot. Febru\u00e1r jellemz\u0151en a legsz\u00e1razabb h\u00f3nap, m\u00edg m\u00e1jusban a leghevesebb z\u00e1porok, b\u00e1r az \u00e9vszakos elt\u00e9r\u00e9sek minim\u00e1lisak az orsz\u00e1gos m\u00e9rc\u00e9vel m\u00e9rve. Meleg nappali szell\u0151 f\u00faj a Rajna-s\u00edks\u00e1gr\u00f3l a hegyekbe, majd \u00e9jszaka megfordul, \u00e9s a sz\u0151l\u0151\u00fcltetv\u00e9nyeken \u00e1t ereszkedik le, leh\u0171tve a v\u00f6lgytalpat. K\u00e9t meteorol\u00f3giai \u00e1llom\u00e1s \u2013 az egyik a N\u00e9met Meteorol\u00f3giai Szolg\u00e1lat \u00e1ltal \u00fczemeltetett rep\u00fcl\u0151t\u00e9ren, a m\u00e1sik pedig a Rajna-vid\u00e9k-pfalzi Mez\u0151gazdas\u00e1gi Meteorol\u00f3gia Neubergben \u2013 figyeli ezeket a finom mint\u00e1zatokat.<\/p>\n<p>Az emberi telep\u00fcl\u00e9sek r\u00e9g\u00f3ta a foly\u00f3partokra \u00e9s lejt\u0151kre vonz\u00f3dnak. A v\u00e1rosk\u00f6zponthoz Grethen, Hardenburg, Seebach, Trift, S\u00e4gm\u00fchle, Ungstein \u00e9s Leistadt csatlakozik \u2013 mindegyik telep\u00fcl\u00e9sen mag\u00e1n viselik a k\u00f6z\u00e9pkori eredet, a k\u00e9s\u0151bbi konszolid\u00e1ci\u00f3 \u00e9s a 20. sz\u00e1zadi be\u00e9p\u00edt\u00e9sek nyomait, amelyek az 1900-as \u00e9vek elej\u00e9t\u0151l napjainkig megdupl\u00e1zt\u00e1k a lakoss\u00e1got. 1815-ben kevesebb mint 5000 lakos \u00e9lt itt; 1925-re a sz\u00e1muk 7060-ra n\u0151tt, \u00e9s t\u00f6bbsz\u00f6ri be\u00e9p\u00edt\u00e9sek \u00e9s a modern lak\u00f3\u00f6vezeti b\u0151v\u00edt\u00e9s ut\u00e1n 2020-ra el\u00e9rte a 19 331-et. 2013 \u00e9s 2023 k\u00f6z\u00f6tt a n\u00e9pess\u00e9g gyakorlatilag stagn\u00e1lt \u2013 2,4%-os n\u00f6veked\u00e9s egy \u00e9vtized alatt \u2013, amelyet az alacsonyabb sz\u00fclet\u00e9si ar\u00e1ny \u00e9s a bev\u00e1ndorl\u00e1s \u00e1ltal ellens\u00falyozott magasabb hal\u00e1loz\u00e1si ar\u00e1ny egyens\u00falyozott. A demogr\u00e1fiai eltol\u00f3d\u00e1s az id\u0151sebb lakoss\u00e1g fel\u00e9 egy\u00e9rtelm\u0171en megfigyelhet\u0151: 2023 v\u00e9g\u00e9re a lakosok 26,5%-a volt 65 \u00e9v feletti, szemben az egy \u00e9vtizeddel kor\u00e1bbi 17,7%-kal. A munkak\u00e9pes kor\u00fa feln\u0151ttek (20 \u00e9s 65 \u00e9v k\u00f6z\u00f6ttiek) a teljes n\u00e9pess\u00e9g 56,2 sz\u00e1zal\u00e9k\u00e1t teszik ki, \u00edgy a v\u00e1ros valamivel id\u0151sebb, mint a t\u00e1gabb ker\u00fclete.<\/p>\n<p>A vall\u00e1si hovatartoz\u00e1s is \u00e1talakult. A 2011-es n\u00e9psz\u00e1ml\u00e1l\u00e1s szerint a lakosok 40,6 sz\u00e1zal\u00e9ka protest\u00e1ns \u00e9s 24,9 sz\u00e1zal\u00e9ka katolikus volt, a t\u00f6bbiek felekezet n\u00e9lk\u00fcliek vagy m\u00e1s vall\u00e1s\u00faak voltak. 2025. \u00e1prilis 30-ra ezek az ar\u00e1nyok 28,4 sz\u00e1zal\u00e9kra, a protest\u00e1nsok 19,3 sz\u00e1zal\u00e9k\u00e1ra cs\u00f6kkentek, m\u00edg 52,3 sz\u00e1zal\u00e9k m\u00e1sk\u00e9nt vallotta mag\u00e1t, vagy nem k\u00edv\u00e1nt nyilatkozni.<\/p>\n<p>A v\u00e1ros sziluettj\u00e9t a kultur\u00e1lis \u00f6r\u00f6ks\u00e9g form\u00e1lja. Tizenh\u00e1rom \u00f6r\u00f6ks\u00e9gi \u00f6vezet \u0151rzi a m\u0171eml\u00e9keket a kilencedik sz\u00e1zadi limburgi benc\u00e9s ap\u00e1ts\u00e1gt\u00f3l a Hardenburg v\u00e1r romjaiig, amely a leiningeni gr\u00f3fok sz\u00e9khelye volt eg\u00e9szen a tizennyolcadik sz\u00e1zad v\u00e9gi pusztul\u00e1s\u00e1ig. A Schlosseck v\u00e1r tizedik sz\u00e1zadi alapjai erdei tiszt\u00e1sok k\u00f6z\u00f6tt \u00e1llnak, m\u00edg a Weilbergen tal\u00e1lhat\u00f3 villa rustica szabadt\u00e9ri betekint\u00e9st ny\u00fajt a r\u00f3mai vid\u00e9ki \u00e9letbe. Hardenburgt\u00f3l nyugatra tal\u00e1lhat\u00f3 a J\u00e4gerthal erd\u00e9szh\u00e1za, amely a nemesi vad\u00e1szhagyom\u00e1nyokra eml\u00e9keztet.<\/p>\n<p>A v\u00e1roson bel\u00fcl az erd\u00e9szh\u00e1zak a szesz\u00e9lyes Kehrdichannichts, Murrmirnichtviel \u00e9s Schaudichnichtum neveket viselik. Csak a Kehrdichannichts maradt fenn haszn\u00e1latban; a t\u00f6bbi az arisztokrata szesz\u00e9lyeinek pusztul\u00f3 eml\u00e9kek\u00e9nt l\u00e9tezik. A protest\u00e1ns v\u00e1rtemplom \u2013 egykor Szent J\u00e1nos-templom \u2013 a XIII. sz\u00e1zad v\u00e9g\u00e9r\u0151l sz\u00e1rmazik. 70 m\u00e9teres tornya a Vorderpfalz legmagasabbjai k\u00f6z\u00e9 tartozik, a Speyeri sz\u00e9kesegyh\u00e1z ikertornyai ut\u00e1n a m\u00e1sodik. A h\u00e1bor\u00fas puszt\u00edt\u00e1s ut\u00e1n \u00fajj\u00e1\u00e9p\u00edtett templom k\u00e9zzel hangos, 317 kg-os harangja eml\u00e9k\u00f3r\u00e1kat tart: minden \u00e9vben m\u00e1rcius 18-\u00e1n 14 \u00f3rakor az 1945-\u00f6s bomb\u00e1z\u00e1s alkalm\u00e1b\u00f3l, \u00e9s az els\u0151 adventi szombaton 17 \u00f3rakor az \u00faj liturgikus \u00e9v kezdet\u00e9nek beharangoz\u00e1s\u00e1ra.<\/p>\n<p>A Ludwigskirche piacter\u00e9n a neoklasszicista oszlopok \u00e9s a bajor kir\u00e1lyi p\u00e1rtfog\u00e1s Johann Bernhard Spatz Ramburg ihlette terveit id\u00e9zik. Bel\u00fcl Paul Thalheimer 1938-as olt\u00e1rk\u00e9pe a keresztre fesz\u00edt\u00e9st \u00e1br\u00e1zolja Adolf Hitler egykor \u00e9szrev\u00e9tlen, b\u0171nb\u00e1n\u00f3 tolvajk\u00e9nt \u00e1br\u00e1zolt k\u00e9pm\u00e1s\u00e1val, nyugtalan\u00edt\u00f3 t\u00f6rt\u00e9nelmi l\u00e1bjegyzetk\u00e9nt \u00e9s egyed\u00fcl\u00e1ll\u00f3 region\u00e1lis kincsk\u00e9nt.<\/p>\n<p>Az \u0151skori \u00e9s r\u00f3mai \u00f6r\u00f6ks\u00e9g f\u00f6ldmunk\u00e1kban \u00e9s k\u0151b\u00e1ny\u00e1kban maradt fenn. A Heidenmauer k\u00e9t kilom\u00e9ter hossz\u00fa kelta s\u00e1nca, amelyet Kr. e. 500 k\u00f6r\u00fcl \u00e9p\u00edtettek, egy erd\u0151s dombtet\u0151t vesz k\u00f6r\u00fcl k\u00f6r alak\u00fa er\u0151d\u00edtm\u00e9nyk\u00e9nt. A Kriemhildenstuhl k\u0151fejt\u0151 a negyedik sz\u00e1zadi k\u0151m\u0171vesmunk\u00e1t t\u00e1r fel, bar\u00e1zd\u00e1lt falai cs\u00e1sz\u00e1ri amb\u00edci\u00f3kr\u00f3l tan\u00faskodnak.<\/p>\n<p>A modern \u00e9let a Kurhausban gy\u0171lik \u00f6ssze, melynek s\u00f3bemutat\u00f3 tornya \u2013 helyben \u201eSaline\u201d \u2013 a kikapcsol\u00f3d\u00e1sra \u00e9s a ter\u00e1pi\u00e1s s\u00f3bel\u00e9gz\u00e9sre egyar\u00e1nt alkalmas gy\u00f3gyf\u00fcrd\u0151-kerteknek ad otthont. A szomsz\u00e9dos rendezv\u00e9nytermek adj\u00e1k a D\u00fcrkheim Kaszin\u00f3nak ad otthont, m\u00edg a sz\u0151l\u0151\u00fcltetv\u00e9nyeken \u00e1ll\u00f3 Vigil-torony a v\u00e1ros \u00e9p\u00edt\u00e9szeti dr\u00e1m\u00e1j\u00e1nak \u00e9s bor\u00e1szati \u200b\u200b\u00f6r\u00f6ks\u00e9g\u00e9nek f\u00fazi\u00f3j\u00e1t testes\u00edti meg.<\/p>\n<p>A m\u00fazeumok \u0151rzik a term\u00e9szeti \u00e9s emberi t\u00f6rt\u00e9nelmet. Grethenben a Herzogm\u00fchle malom ad otthont a Pfalzi Term\u00e9szettudom\u00e1nyi M\u00fazeumnak \u2013 k\u00f6znyelven a Pollichia M\u00fazeumnak az 1840-es \u00e9vekben m\u0171k\u00f6d\u0151 T\u00e1rsas\u00e1g ut\u00e1n, amelyet 1981-ben \u00e1lland\u00f3 sz\u00e9khelyre helyeztek \u00e1t. A v\u00e1rosk\u00f6zpontban tal\u00e1lhat\u00f3 Catoir-h\u00e1z t\u00f6bb mint 800 m\u00b2-en helyt\u00f6rt\u00e9neti m\u00fazeumk\u00e9nt m\u0171k\u00f6dik, ki\u00e1ll\u00edt\u00e1sai a r\u00f3mai r\u00e9g\u00e9szett\u0151l olyan szem\u00e9lyis\u00e9gek \u00e9let\u00e9ig terjednek, mint Johannes Fitz \u00e9s Rosa Maas. A nyilv\u00e1nos k\u00f6nyvt\u00e1r, zeneiskola, balett- \u00e9s t\u00e1nciskol\u00e1k t\u00e1mogatj\u00e1k a kreativit\u00e1st, amelyeket klubok \u00e9s egyes\u00fcletek eg\u00e9sz\u00edtenek ki: a Theater an der Weinstra\u00dfe, a Haus Catoir nyitott m\u0171hely, a Bad D\u00fcrkheim M\u0171v\u00e9szeti Egyes\u00fclet, karnev\u00e1li t\u00e1rsas\u00e1gok, zenekarok \u00e9s tov\u00e1bbi t\u00edz egy\u00fcttes \u0151rzi a dallamot \u00e9s a hagyom\u00e1nyt.<\/p>\n<p>A fesztiv\u00e1lok tark\u00edtj\u00e1k a napt\u00e1rat. Minden \u00e1ldoz\u00f3cs\u00fct\u00f6rt\u00f6ki h\u00e9tv\u00e9g\u00e9n a v\u00e1rosi fesztiv\u00e1l kacsaversenyeket szervez az Isenach foly\u00f3n; m\u00e1jusban a Sz\u0151l\u0151sgazd\u00e1k Piknikje \u00e9s a m\u0171v\u00e9szeti piac pezsd\u00edti fel a sz\u0151l\u0151skertek \u00f6sv\u00e9nyeit. A szeptemberi Wurstmarkt t\u00f6bb mint 600 000 l\u00e1togat\u00f3t vonz a vil\u00e1g legnagyobb borfesztiv\u00e1lj\u00e1ra, amelynek gy\u00f6kerei egy 1416-os kolb\u00e1sz- \u00e9s \u00e9vj\u00e1ratpiacra ny\u00falnak vissza, amelyet ma a helyi bor\u00e1szatok \u00e9s civil csoportok osztanak meg. A m\u00e1rcius k\u00f6zep\u00e9n megrendezett Sz\u0151l\u0151skertek \u00c9jszak\u00e1ja hat kilom\u00e9ternyi hegyoldalt alak\u00edt \u00e1t kivil\u00e1g\u00edtott k\u00f3stol\u00f3folyos\u00f3kk\u00e1. H\u00e1rom ny\u00e1ronk\u00e9nt a Limburgi Irodalmi D\u00edj a region\u00e1lis bet\u0171ket \u00fcnnepli, m\u00edg az adventi t\u00edz templomi harang egy\u00fcttes kong\u00e1sa az \u00e9vszakos meg\u00fajul\u00e1st jelzi.<\/p>\n<p>Az egykor \u00e1lland\u00f3 esem\u00e9nyk\u00e9nt sz\u00e1mon tartott SWR3 V\u00edgj\u00e1t\u00e9kfesztiv\u00e1l 2016 \u00e9s 2024 k\u00f6z\u00f6tt h\u00e1rom napon \u00e1t sz\u00f3rakoztatta a k\u00f6z\u00f6ns\u00e9get; a vil\u00e1g legnagyobb rulettkereke 1997 \u00e9s 2007 k\u00f6z\u00f6tt forgott a f\u00fcrd\u0151kertekben. 1951-ben a Group 47 itt tal\u00e1lkozott, \u00e9s Heinrich B\u00f6llnek \u00edt\u00e9lt\u00e9k oda irodalmi d\u00edj\u00e1t \u2013 ami tan\u00faskodik a v\u00e1ros szer\u00e9ny, de visszhangz\u00f3 hely\u00e9r\u0151l a h\u00e1bor\u00fa ut\u00e1ni kult\u00fart\u00f6rt\u00e9netben.<\/p>\n<p>A gazdas\u00e1gi \u00e9let egyens\u00falyban tartja a hagyom\u00e1nyokat az innov\u00e1ci\u00f3val. 2022-ben a szolg\u00e1ltat\u00e1sok a helyi foglalkoztat\u00e1s 86 sz\u00e1zal\u00e9k\u00e1t, a feldolgoz\u00f3ipar 11 sz\u00e1zal\u00e9k\u00e1t, a mez\u0151gazdas\u00e1g \u00e9s az erd\u0151gazd\u00e1lkod\u00e1s pedig alig 3 sz\u00e1zal\u00e9k\u00e1t tette ki. A k\u00f6r\u00fclbel\u00fcl 8700 munkav\u00e1llal\u00f3 k\u00f6z\u00fcl mintegy 3500 ing\u00e1zik, m\u00edg 4000 utazik ki, ami a v\u00e1ros region\u00e1lis egym\u00e1srautalts\u00e1g\u00e1t t\u00fckr\u00f6zi. A Bruch ipari park tizenhat hekt\u00e1ros b\u0151v\u00edt\u00e9s\u00e9re vonatkoz\u00f3 tervek tov\u00e1bbi n\u00f6veked\u00e9st \u00edg\u00e9rnek.<\/p>\n<p>A sz\u0151l\u0151termeszt\u00e9s tov\u00e1bbra is kiemelked\u0151: 819 hekt\u00e1r sz\u0151l\u0151ter\u00fclet\u00e9vel Bad D\u00fcrkheim a harmadik a pfalzi k\u00f6z\u00f6ss\u00e9gek k\u00f6z\u00f6tt, \u00e9s a hatodik a Rajna-vid\u00e9k-Pfalzon bel\u00fcl (2017-es adatok). Az olyan sz\u0151l\u0151\u00fcltetv\u00e9nyek, mint a Feuerberg, a Hochmess \u00e9s a Honigs\u00e4ckel \u2013 valamint az olyan intimebb parcell\u00e1k, mint az Abtsfronhof, a Bettelhaus \u00e9s az Osterberg \u2013 harminc\u00f6t akt\u00edv pinc\u00e9szet, k\u00f6zt\u00fck k\u00e9t sz\u00f6vetkezet \u00e9s egy szoci\u00e1lis v\u00e1llalkoz\u00e1sk\u00e9nt m\u0171k\u00f6d\u0151 pince gondoz\u00e1s\u00e1ban termelik a borokat. A pince kapuit a turizmus eg\u00e9sz\u00edti ki. Egy \u00faj term\u00e1lf\u00fcrd\u0151 \u2013 wellnessr\u00e9szleggel, term\u00e1lmedenc\u00e9vel \u00e9s szaun\u00e1val \u2013 \u00e9p\u00fcl, egy 45 milli\u00f3 eur\u00f3s projekt, amelynek megnyit\u00e1sa 2025-re van tervezve a megl\u00e9v\u0151 medenc\u00e9k mellett. Gy\u00f3gyf\u00fcrd\u0151kertek, renaturaliz\u00e1lt foly\u00f3partok, s\u00f3m\u0171vek, v\u00edzi j\u00e1tsz\u00f3t\u00e9r \u00e9s Kneipp-l\u00e9tes\u00edtm\u00e9ny szolg\u00e1lja ki a napi l\u00e1togat\u00f3kat, t\u00f6bb mint 3500 f\u00e9r\u0151hellyel sz\u00e1llod\u00e1kban, panzi\u00f3kban, egy 600 f\u00e9r\u0151helyes Almensee kempingben \u00e9s lak\u00f3aut\u00f3-ter\u00fcleteken.<\/p>\n<p>A k\u00f6z\u00f6ss\u00e9gi \u00e9let t\u00e1mogat\u00f3 pill\u00e9rei k\u00f6z\u00e9 tartoznak az eg\u00e9szs\u00e9g\u00fcgyi szolg\u00e1ltat\u00f3k, mint p\u00e9ld\u00e1ul a Median Group klinik\u00e1i, a p\u00e9nzint\u00e9zetek, mint p\u00e9ld\u00e1ul a VR Bank Mittelhaardt eG, a bor\u00e1szati \u200b\u200bberendez\u00e9sek speci\u00e1lis gy\u00e1rt\u00f3i, a g\u00e9pj\u00e1rm\u0171-tesztel\u0151 c\u00e9gek \u00e9s az ATS Leichtmetallr\u00e4der k\u00f6nny\u0171f\u00e9m ker\u00e9kt\u00e1rcsa m\u00e1rka. Az \u00e1llami munkaad\u00f3k az \u00f6nkorm\u00e1nyzati k\u00f6zm\u0171vekt\u0151l \u00e9s iskol\u00e1kt\u00f3l kezdve a ker\u00fcleti b\u00edr\u00f3s\u00e1gon, a rend\u0151r\u0151rs\u00f6n \u00e9s a munka\u00fcgyi \u00fcgyn\u00f6ks\u00e9gen \u00e1t eg\u00e9szen a nonprofit Lebenshilfe Bad D\u00fcrkheim t\u00f6bb mint 400 alkalmazottal tartja fenn a szoci\u00e1lis szolg\u00e1ltat\u00e1sokat.<\/p>\n<p>Az erd\u0151gazd\u00e1lkod\u00e1s t\u00fckr\u00f6zi a v\u00e1ros \u00e9vsz\u00e1zados Hartgereiden-rendszerben val\u00f3 r\u00e9szv\u00e9tel\u00e9t, az erd\u00e9szeti hivatal sz\u00e9khely\u00e9t \u00e9s a fennmaradt erd\u00e9szh\u00e1zakat, amelyeket \u00e9ttermekk\u00e9 alak\u00edtottak \u00e1t. A k\u00f6zleked\u00e9si h\u00e1l\u00f3zatok \u00f6sszek\u00f6tik a v\u00e1rost a r\u00e9gi\u00f3val: 1865-ben a Pfalz-\u00c9szaki Vas\u00fat el\u0151sz\u00f6r D\u00fcrkheimet \u00e9rte el, k\u00e9s\u0151bb Monsheimig meghosszabb\u00edtott\u00e1k, m\u00edg a region\u00e1lis vonatok ma \u00f3r\u00e1nk\u00e9nt k\u00e9tszer k\u00f6tik \u00f6ssze Gr\u00fcnstadtot \u00e9s Neustadtot, Mannheimet pedig egy \u00f3r\u00e1n bel\u00fcl. Az 1913-as Rajna-Haardt keskeny nyomt\u00e1v\u00fa villamos t\u00e1vols\u00e1gi j\u00e1ratokat biztos\u00edt Ludwigshafenbe \u00e9s Mannheimbe, h\u00e9tv\u00e9genk\u00e9nt pedig Heidelbergbe. \u00d6t buszj\u00e1rat fut \u00f6ssze a Bahnhof \u00e1llom\u00e1son, biztos\u00edtva a vas\u00fati \u00e9s villamoskapcsolatokat. A 37-es \u00e9s a 271-es sz\u00f6vets\u00e9gi aut\u00f3p\u00e1ly\u00e1k keresztezik itt a vonalat, az A650-es aut\u00f3p\u00e1lya pedig Ludwigshafenbe percekre tal\u00e1lhat\u00f3 a k\u00f6zpontt\u00f3l. Az Almensee melletti rep\u00fcl\u0151t\u00e9r k\u00f6nny\u0171 rep\u00fcl\u0151g\u00e9pekkel is el\u00e9rhet\u0151v\u00e9 teszi ezt a k\u00f6zleked\u00e9si h\u00e1l\u00f3zatot.<\/p>\n<p>A szabadt\u00e9ri tev\u00e9kenys\u00e9gek szerelmesei v\u00e9gtelen \u00f6sv\u00e9nyeket tal\u00e1lnak: a Sz\u00e1li-dinaszti\u00e1kat jelz\u0151 ker\u00e9kp\u00e1rutak, must\u00e1r- \u00e9s kar\u00f3fautak, mandulavir\u00e1gz\u00e1si \u00f6sv\u00e9nyek, a Saar-Rajna-Majna \u00e9s Saar-Pfalz hossz\u00fa t\u00e1v\u00fa t\u00fara\u00fatvonal-h\u00e1l\u00f3zatok, valamint a Pf\u00e4lzer Weinsteig \u00e9s H\u00fcttensteig t\u00far\u00e1k. Feh\u00e9r-piros s\u00e1vok, k\u00e9k s\u00e1vok, s\u00e1rga keresztek, fekete pontok \u00e9s piros-z\u00f6ld szimb\u00f3lumok alkotta jelz\u0151t\u00e1bl\u00e1k vezetik a t\u00far\u00e1z\u00f3kat a t\u00f6lgy- \u00e9s b\u00fckk\u00f6s\u00f6k\u00f6n \u00e1t olyan kunyh\u00f3khoz, mint a Limburgblick, a Frankenthaler H\u00fctte, a Weilach \u00e9s a t\u00e1voli Waldhaus Lambertskreuz. Az egykori Fronm\u00fchle ma vid\u00e9ki fogad\u00f3k\u00e9nt fogadja a vend\u00e9geket.<\/p>\n<p>Bad D\u00fcrkheim t\u00f6rt\u00e9nelm\u00e9nek \u00e9s term\u00e9szet\u00e9nek r\u00e9tegei egy egyszerre ismer\u0151s \u00e9s \u00e1rnyalt helyen tal\u00e1lkoznak \u2013 ahol sz\u0151l\u0151\u00fcltetv\u00e9nyek keretezik a k\u00f6z\u00e9pkori romokat, erdei \u00f6sv\u00e9nyek vezetnek az \u0151si b\u00e1sty\u00e1khoz, \u00e9s az Isenach egyenletes foly\u00e1sa gener\u00e1ci\u00f3k emberi \u00e9let\u00e9t t\u00fckr\u00f6zi. Itt az \u00e9ghajlat \u00e9s a kult\u00fara, az \u00fcnnepek \u00e9s a vadreg\u00e9nyes id\u0151szak ritmusa olyan bonyolult narrat\u00edv\u00e1t hordoz, mint maga a terep, figyelmes elm\u00e9lked\u00e9sre k\u00e9sztetve a f\u00fcrd\u0151v\u00e1rost meghat\u00e1roz\u00f3 ellen\u00e1ll\u00f3 k\u00e9pess\u00e9gr\u0151l \u00e9s folytonoss\u00e1gr\u00f3l.<\/p>","protected":false},"excerpt":{"rendered":"<p>A Rajna-Neckar nagyv\u00e1rosi k\u00f6rzetben tal\u00e1lhat\u00f3 Bad D\u00fcrkheim egy b\u00e1jos f\u00fcrd\u0151v\u00e1ros \u00e9s a Bad D\u00fcrkheim ker\u00fclet k\u00f6zigazgat\u00e1si k\u00f6zpontja Rajna-vid\u00e9k-Pfalz tartom\u00e1nyban, N\u00e9metorsz\u00e1gban. Ez a t\u00f6bb mint 20 000 lakos\u00fa b\u00e1jos hely kiterjedt t\u00f6rt\u00e9nelm\u00e9r\u0151l, vir\u00e1gz\u00f3 boripar\u00e1r\u00f3l \u00e9s wellness-szolg\u00e1ltat\u00e1sair\u00f3l h\u00edres. A n\u00e9met bor\u00fat ment\u00e9n, a Pfalz-erd\u0151 perif\u00e9ri\u00e1j\u00e1n tal\u00e1lhat\u00f3 Bad D\u00fcrkheim k\u00f6r\u00fclbel\u00fcl 30 kilom\u00e9terre keletre Kaiserslauternt\u0151l \u00e9s k\u00f6zel 20 kilom\u00e9terre nyugatra Ludwigshafent\u0151l \u00e9s Mannheimt\u0151l.<\/p>","protected":false},"author":1,"featured_media":17562,"parent":13736,"menu_order":0,"comment_status":"closed","ping_status":"closed","template":"elementor_theme","meta":{"_eb_attr":"","footnotes":""},"class_list":["post-16587","page","type-page","status-publish","has-post-thumbnail"],"_links":{"self":[{"href":"https:\/\/travelshelper.com\/hu\/wp-json\/wp\/v2\/pages\/16587","targetHints":{"allow":["GET"]}}],"collection":[{"href":"https:\/\/travelshelper.com\/hu\/wp-json\/wp\/v2\/pages"}],"about":[{"href":"https:\/\/travelshelper.com\/hu\/wp-json\/wp\/v2\/types\/page"}],"author":[{"embeddable":true,"href":"https:\/\/travelshelper.com\/hu\/wp-json\/wp\/v2\/users\/1"}],"replies":[{"embeddable":true,"href":"https:\/\/travelshelper.com\/hu\/wp-json\/wp\/v2\/comments?post=16587"}],"version-history":[{"count":0,"href":"https:\/\/travelshelper.com\/hu\/wp-json\/wp\/v2\/pages\/16587\/revisions"}],"up":[{"embeddable":true,"href":"https:\/\/travelshelper.com\/hu\/wp-json\/wp\/v2\/pages\/13736"}],"wp:featuredmedia":[{"embeddable":true,"href":"https:\/\/travelshelper.com\/hu\/wp-json\/wp\/v2\/media\/17562"}],"wp:attachment":[{"href":"https:\/\/travelshelper.com\/hu\/wp-json\/wp\/v2\/media?parent=16587"}],"curies":[{"name":"wp","href":"https:\/\/api.w.org\/{rel}","templated":true}]}}