{"id":16581,"date":"2024-09-23T13:21:19","date_gmt":"2024-09-23T13:21:19","guid":{"rendered":"https:\/\/travelshelper.com\/staging\/?page_id=16581"},"modified":"2026-03-12T00:19:03","modified_gmt":"2026-03-12T00:19:03","slug":"bad-bruckenau","status":"publish","type":"page","link":"https:\/\/travelshelper.com\/hu\/destinations\/europe\/germany\/bad-bruckenau\/","title":{"rendered":"Bad Br\u00fcckenau"},"content":{"rendered":"<p>Bad Br\u00fcckenau, egy k\u00f6r\u00fclbel\u00fcl 6695 lakos\u00fa, 23,73 km\u00b2-en elter\u00fcl\u0151 szer\u00e9ny f\u00fcrd\u0151v\u00e1ros, az \u00e9szaknyugat-bajororsz\u00e1gi Rh\u00f6n-hegys\u00e9g nyugati sz\u00e9l\u00e9n, a szel\u00edden erd\u0151s Sinn-v\u00f6lgyben fekszik. Ami\u00f3ta vizeit 1747-ben hivatalosan is elismert\u00e9k, a k\u00f6z\u00f6ss\u00e9g egy sor \u00e1sv\u00e1nyv\u00edzforr\u00e1s k\u00f6r\u00e9 n\u0151tte ki mag\u00e1t, amelyek ter\u00e1pi\u00e1s tulajdons\u00e1gaikr\u00f3l sz\u00f3l\u00f3 h\u00edrneve \u00e9vsz\u00e1zadok \u00f3ta fennmaradt. A Bad Kissingen ker\u00fcletben tal\u00e1lhat\u00f3 Bad Br\u00fcckenau barokk \u00e9p\u00edt\u00e9szeti egy\u00fcttes\u00e9nek kim\u00e9rt m\u00e9lt\u00f3s\u00e1g\u00e1t a vid\u00e9ki \u00e9let szer\u00e9ny ritmus\u00e1val \u00f6tv\u00f6zi, \u00e1rnyalt k\u00e9pet festve egy olyan telep\u00fcl\u00e9sr\u0151l, amely h\u00e1bor\u00fak, katasztr\u00f3f\u00e1k \u00e9s v\u00e1ltoz\u00f3 politikai \u00e1ramlatok idej\u00e9n is alkalmazkodott.<\/p>\n<p>Br\u00fcckenau t\u00f6rt\u00e9net\u00e9nek legkor\u00e1bbi fejezetei Nagy K\u00e1roly uralkod\u00e1s\u00e1ig ny\u00falnak vissza, amikor egy \u201el\u00e1ndzsasz\u00e9les\u201d hadi\u00fat keresztezte a Sinn foly\u00f3t egy sek\u00e9ly g\u00e1zl\u00f3n\u00e1l. A sz\u00e1nt\u00f3f\u00f6ldet \u00e9s ehhez a kisebb \u00e1tj\u00e1r\u00f3hoz val\u00f3 hozz\u00e1f\u00e9r\u00e9st keres\u0151 gazd\u00e1k egy Sinn-Aue n\u00e9ven ismert falucsk\u00e1t hoztak l\u00e9tre. Els\u0151 dokument\u00e1lis eml\u00edt\u00e9se 1249-b\u0151l sz\u00e1rmazik, amely a Fuldai Egyh\u00e1zmegye \u00e1ltal a Gelnhauseni v\u00e1rosi oklev\u00e9l mint\u00e1j\u00e1ra biztos\u00edtott kiv\u00e1lts\u00e1gokat r\u00f6gz\u00edtette. A nemesek hamarosan n\u00e9gy v\u00e1rbirtokot alap\u00edthattak a k\u00f6zelben, amelyek nyomai \u2013 legf\u0151k\u00e9ppen Hohelin maradv\u00e1nyai \u2013 ma is jelzik a t\u00e1jat. V. Henrik fuldai ap\u00e1t \u00e9s VII. Henrik kir\u00e1ly kett\u0151s uralma alatt Sinn-Aue 1310-ben teljes v\u00e1rosi jogokat kapott, megszerezve a jogot falainak meger\u0151s\u00edt\u00e9s\u00e9re, v\u00e1s\u00e1rok tart\u00e1s\u00e1ra, alkohol\u00e1rus\u00edt\u00e1sra, tan\u00e1csok \u00f6sszeh\u00edv\u00e1s\u00e1ra \u00e9s a k\u00f6rnyez\u0151 erd\u0151k haszn\u00e1lat\u00e1ra. Ezen el\u0151ny\u00f6k ellen\u00e9re id\u0151nk\u00e9nt s\u00farl\u00f3d\u00e1sok mer\u00fcltek fel az \u00f6r\u00f6kletes lovagrendekkel, ami helyi legend\u00e1khoz vezetett: 1400-ban a th\u00fcngeni lovagok \u00e1ll\u00edt\u00f3lag megt\u00e1madt\u00e1k a v\u00e1rost, de a hagyom\u00e1ny szerint Szent Gy\u00f6rgy k\u00f6zbenj\u00e1r\u00e1s\u00e1ra visszavert\u00e9k \u0151ket. Ezt k\u00f6vet\u0151en Gy\u00f6rgy\u00f6t patr\u00f3nusk\u00e9nt tisztelt\u00e9k, alakj\u00e1t pedig egy s\u00e1rk\u00e1ny\u00f6l\u0151 eml\u00e9km\u0171 \u00f6r\u00f6k\u00edtette meg a r\u00e9gi v\u00e1rosh\u00e1za el\u0151tt.<\/p>\n<p>Egy jelent\u0151s k\u0151h\u00edd \u00e9p\u00edt\u00e9se a Sinn foly\u00f3n 1597-ben fordul\u00f3pontot jelentett, amely a telep\u00fcl\u00e9s mai nev\u00e9t adta: Br\u00fcckenau (\u201eh\u00eddr\u00e9t\u201d). Ez a h\u00edd alig \u00e9lte t\u00fal a m\u00e1sodik vil\u00e1gh\u00e1bor\u00fat, amikor a visszavonul\u00f3 er\u0151k megpr\u00f3b\u00e1lt\u00e1k lebontani, \u00e9s csak az 1960-as \u00e9vekben v\u00e1ltotta fel a ma is haszn\u00e1latban l\u00e9v\u0151 modern betonh\u00edd. 1605-re a fuldai fejedelmi ap\u00e1ts\u00e1g oszm\u00e1n ad\u00f3-nyilv\u00e1ntart\u00e1sai 191 csal\u00e1dot soroltak fel a v\u00e1rosban. A harminc\u00e9ves h\u00e1bor\u00fa alatt a k\u00f6rnyez\u0151 falvak puszt\u00edt\u00e1st \u00e9s fosztogat\u00e1st szenvedtek el, Br\u00fcckenau m\u00e9gis megmenek\u00fclt \u2013 1634-ben azonban egy pestisj\u00e1rv\u00e1ny sz\u00f6rny\u0171 \u00e1ldozatokat k\u00f6vetelt. A bajor uralom alatti talpra \u00e1ll\u00e1s az 1816-os ter\u00fcleti \u00e1trendez\u0151d\u00e9seket k\u00f6vette, amikor Br\u00fcckenau csatlakozott az \u00fajonnan kib\u0151v\u00edtett Bajor Kir\u00e1lys\u00e1ghoz.<\/p>\n<p>1876. augusztus 13-\u00e1r\u00f3l 14-\u00e9re virrad\u00f3 \u00e9jszaka katasztr\u00f3fa s\u00fajtott: egy t\u0171zv\u00e9szben a v\u00e1ros 260 \u00e9p\u00fclet\u00e9b\u0151l 140 porr\u00e1 v\u00e1lt, \u00f6t lakos hal\u00e1l\u00e1t okozva \u00e9s \u00e9vsz\u00e1zados lev\u00e9lt\u00e1ri feljegyz\u00e9seket semmis\u00edtve meg. Az \u00fajj\u00e1\u00e9p\u00edt\u00e9s \u00e9veiben sz\u00e1mos mag\u00e1n- \u00e9s \u00f6nkorm\u00e1nyzati kezdem\u00e9nyez\u00e9s igyekezett a szomsz\u00e9dos f\u00fcrd\u0151v\u00e1rosok siker\u00e9t ut\u00e1nozni. A kutat\u00f3f\u00far\u00e1sok sor\u00e1n egy ac\u00e9l- \u00e9s egy k\u00e9nforr\u00e1st t\u00e1rtak fel a k\u00e9s\u0151bbi Siebener Parkban, k\u00e9s\u0151bb pedig egy vasforr\u00e1st a mai Georgi Kurpark k\u00f6zel\u00e9ben. Egy iszapkezel\u00e9seket \u00e9s massz\u00e1zsokat k\u00edn\u00e1l\u00f3 f\u00fcrd\u0151h\u00e1z \u00e9p\u00fclt egy szabadt\u00e9ri medence mellett \u2013 amelyet kezdetben k\u00e9nv\u00edz t\u00e1pl\u00e1lt \u2013, majd az 1970-es \u00e9vek elej\u00e9n egy fedett medence k\u00f6vetkezett. A medenc\u00e9t az 1990-es \u00e9vekben moderniz\u00e1lt\u00e1k, de 2023. okt\u00f3ber 1-j\u00e9t\u0151l v\u00e9gleg bez\u00e1rt\u00e1k.<\/p>\n<p>A Bad Br\u00fcckenau c\u00edm 1970. \u00e1prilis 8-i hivatalos elfogad\u00e1sa t\u00fckr\u00f6zte a v\u00e1ros identit\u00e1s\u00e1t, mint \u00e1sv\u00e1nyi gy\u00f3gyf\u00fcrd\u0151k k\u00f6zpontja. A v\u00e1ros n\u00e9vad\u00f3ja lett a Br\u00fcckenauer Rh\u00f6nallianznak is, egy telep\u00fcl\u00e9sek k\u00f6z\u00f6tti egyes\u00fcletnek, amelynek c\u00e9lja a turizmus \u00e9s a fejleszt\u00e9s \u00f6sszehangol\u00e1sa a t\u00e1gabb frank r\u00e9gi\u00f3ban.<\/p>\n<p>Bad Br\u00fcckenau karakter\u00e9nek k\u00f6z\u00e9ppontj\u00e1ban az \u00c1llami Gy\u00f3gyf\u00fcrd\u0151 \u00e1ll, egy komplexum, amelynek t\u00f6rt\u00e9nete egy v\u00e9letlen felfedez\u00e9ssel kezd\u0151dik 1747-ben. Egy ny\u00e1ri tart\u00f3zkod\u00e1sa sor\u00e1n r\u00f6mershagi vill\u00e1j\u00e1ban Amand von Buseck fuldai ap\u00e1t \u2013 p\u00e1sztor\u00e1t\u00f3l \u2013 megtudott egy forr\u00e1st, amelynek vize rendk\u00edv\u00fcli \u00edz\u0171. Az ap\u00e1ts\u00e1g orvosa gyorsan jelentett ur\u00e1nak, aki elrendelte a forr\u00e1s megcsapol\u00e1s\u00e1t; 1749-re hat pavilonszer\u0171 rezidencia \u2013 a Szarvas, a Kos, a Hatty\u00fa, a B\u00e1r\u00e1ny, a H\u00f3d \u00e9s az Oroszl\u00e1n \u2013 keretezte a f\u00e1kkal szeg\u00e9lyezett s\u00e9t\u00e1nyt, amelyet a L\u00f3 n\u00e9ven ismert keresztir\u00e1ny\u00fa hercegi \u00e9p\u00fclet z\u00e1rt le. Az egy\u00fcttest egy nyolcoszlopos, kupol\u00e1s forr\u00e1stemplom koron\u00e1zta. A b\u0151v\u00edt\u00e9st a h\u00e9t\u00e9ves h\u00e1bor\u00fa k\u00e9sleltette, de 1764 ut\u00e1n, Heinrich von Bibra herceg-p\u00fcsp\u00f6k alatt a f\u00fcrd\u0151 elnyerte jelenlegi \u00e9p\u00edt\u00e9szeti \u00e9s kert\u00e9szeti jelleg\u00e9t, az els\u0151, erre a c\u00e9lra l\u00e9trehozott f\u00fcrd\u0151h\u00e1z pedig 1779-ben jelent meg.<\/p>\n<p>A nap\u00f3leoni felfordul\u00e1s \u00e9s a francia forradalom megsz\u00e1ll\u00e1sa neh\u00e9zs\u00e9geket okozott: 1796-ban a f\u00fcrd\u0151 mind\u00f6ssze 127 vend\u00e9get regisztr\u00e1lt. A bajor szuverenit\u00e1s alatti 1816-os \u00fajj\u00e1\u00e9led\u00e9s a f\u00fcrd\u0151 aranykor\u00e1t ind\u00edtotta el. I. Lajos kir\u00e1ly 1818 \u00e9s 1862 k\u00f6z\u00f6tt nem kevesebb, mint 26 alkalommal l\u00e1togatta meg a helyet, alkalmank\u00e9nt a F\u00fcrstenhofb\u00f3l igazgatva a bajor \u00e1llamigazgat\u00e1si \u00fcgyeket. Itt tal\u00e1lkozott az uralkod\u00f3 1847-ben Eliza Gilberttel \u2013 Lola Montezzal \u2013, egy olyan kapcsolattart\u00f3val, aki 1848-ban forradalmi hev\u00fcletet v\u00e1ltott ki, \u00e9s v\u00e9g\u00fcl a koron\u00e1j\u00e1ba ker\u00fclt.<\/p>\n<p>Az 1939-es (R\u00f6mershag \u00e9s Wernarz) \u00e9s az 1978-as (Volkers) be\u00e9p\u00edt\u00e9sek kiterjesztett\u00e9k a telep\u00fcl\u00e9sek hat\u00e1rait. Demogr\u00e1fiailag a v\u00e1ros fokozatos n\u00f6veked\u00e9st mutatott: az 1988-as 6118 lakosr\u00f3l 2018-ra 6449-re \u2013 ez 5,4 sz\u00e1zal\u00e9kos n\u00f6veked\u00e9st jelent.<\/p>\n<p>Bad Br\u00fcckenau kultur\u00e1lis soksz\u00edn\u0171s\u00e9ge t\u00fckr\u00f6zi soksz\u00edn\u0171 vall\u00e1si \u00f6r\u00f6ks\u00e9g\u00e9t. A katolicizmus, amely 1694-ben \u00f6n\u00e1ll\u00f3 pl\u00e9b\u00e1niak\u00e9nt alakult, ma Szent Bertalan pl\u00e9b\u00e1nia \u00e9s Szent Benedek v\u00e1rtemplom k\u00f6r\u00e9 szervez\u0151dik, amelyek R\u00f6mershagot is magukban foglalj\u00e1k; Wernarzban tal\u00e1lhat\u00f3 Szent J\u00f3zsef, M\u00e1ria jegyese temploma, amely mag\u00e1ban foglalja az \u00e1llami f\u00fcrd\u0151hely M\u00e1ria, a Betegek Eg\u00e9szs\u00e9ge templom\u00e1t. 2009 \u00f3ta ezek a k\u00f6z\u00f6ss\u00e9gek a Bad Br\u00fcckenaui Szent Gy\u00f6rgy katolikus pl\u00e9b\u00e1niak\u00f6z\u00f6ss\u00e9ghez tartoznak, amely 2022. janu\u00e1r 9. \u00f3ta a bad kissingeni esperess\u00e9g r\u00e9sze. A protest\u00e1ns istentisztelet a Krisztus-templomban (1908), majd k\u00e9s\u0151bb a Georgi parkban tal\u00e1lhat\u00f3 evang\u00e9likus-luther\u00e1nus b\u00e9ketemplomban (1957\u201359) tal\u00e1lt kifejez\u00e9sre. 1908 \u00e9s 1920 k\u00f6z\u00f6tt Andrei Budberg b\u00e1r\u00f3 adott otthont a Szent M\u00e1ria Magdolna orosz ortodox k\u00e1poln\u00e1nak, amely a v\u00e1ros 20. sz\u00e1zad eleji kozmopolitizmus\u00e1nak szimb\u00f3luma volt.<\/p>\n<p>A zsid\u00f3 jelenl\u00e9t Br\u00fcckenauban eg\u00e9szen a k\u00f6z\u00e9pkorig ny\u00falik vissza, amit a Judengasse is bizony\u00edt, ahol egykor az 1913. augusztus 22-\u00e9n felavatott zsinag\u00f3ga \u00e9s az 1923-ban felszentelt temet\u0151 \u00e1llt. Samuel Josef Agnon \u201eK\u00e9t v\u00e1ros k\u00f6z\u00f6tt\u201d c\u00edm\u0171 novell\u00e1ja ezt a k\u00f6z\u00f6ss\u00e9get id\u00e9zi fel. A nemzetiszocializmus felemelked\u00e9s\u00e9vel a zsid\u00f3 \u00e9letet brut\u00e1lisan kioltott\u00e1k: a zsinag\u00f3ga a krist\u00e1ly\u00e9jszak\u00e1n, 1938. november 9\u201310-\u00e9n, SA \u00e1ltali gy\u00fajtogat\u00e1s \u00e1ldozata lett, \u00e9s 1940-re az utols\u00f3 zsid\u00f3kat is deport\u00e1lt\u00e1k. Az \u00daj temet\u0151ben 1987-ben fel\u00e1ll\u00edtott eml\u00e9kk\u0151 a br\u00fcckenaui ker\u00fclet 141 \u00e1ldozat\u00e1nak \u00e1ll\u00edt eml\u00e9ket.<\/p>\n<p>A v\u00e1rosvezet\u00e9st ma Jan-Malte Marberg (SPD) els\u0151 polg\u00e1rmester vezeti, akit 2024. m\u00e1jus 12-\u00e9n v\u00e1lasztottak meg 54,0 sz\u00e1zal\u00e9kos t\u00e1mogatotts\u00e1ggal; hivatalba l\u00e9p\u00e9se 2024. m\u00e1jus 14-\u00e9n t\u00f6rt\u00e9nt. A 20 tag\u00fa v\u00e1rosi tan\u00e1cs a CSU (7 hely), a PWG (7), az SPD (3), a Z\u00f6ldek (2) \u00e9s az FDP\/FB (1) egyens\u00faly\u00e1t t\u00fckr\u00f6zi.<\/p>\n<p>Bad Br\u00fcckenau heraldik\u00e1ja egyes\u00edti a fuldaani m\u00faltat \u200b\u200b\u00e9s Bernhard Gustav baden-durlachi ap\u00e1t \u00f6r\u00f6ks\u00e9g\u00e9t. A kis c\u00edmer \u2013 egy arany alapon \u00e1tl\u00f3san elhelyezett piros s\u00e1v \u2013 Fulda jelk\u00e9p\u00e9t id\u00e9zi, m\u00edg a nagy c\u00edmer a fuldai keresztet \u00e9s Hildegard, a kempteni kolostor alap\u00edt\u00f3j\u00e1nak mellszobr\u00e1t n\u00e9gyfel\u00e9 teszi, kiemelve a v\u00e1ros kett\u0151s, spiritu\u00e1lis \u00e9s vil\u00e1gi \u00f6r\u00f6ks\u00e9g\u00e9t.<\/p>\n<p>1980 \u00f3ta Br\u00fcckenau testv\u00e9rv\u00e1rosi kapcsolatban \u00e1ll a franciaorsz\u00e1gi Ancenis-szel; \u00f6t \u00e9vvel k\u00e9s\u0151bb csatlakozott a lancashire-i Kirkham is. K\u00f6lcs\u00f6n\u00f6s csereprogramjaikat a v\u00e1ros Eur\u00f3pai V\u00e1rosi Partners\u00e9gek El\u0151mozd\u00edt\u00e1s\u00e1\u00e9rt Egyes\u00fclete t\u00e1mogatja, amelyet 2012-ben alap\u00edtottak.<\/p>\n<p>A v\u00e1ros kultur\u00e1lis k\u00edn\u00e1lat\u00e1t m\u00fazeumok alapozz\u00e1k meg: a N\u00e9met Ker\u00e9kp\u00e1rm\u00fazeum \u00e9s a R\u00e9gi V\u00e1rosh\u00e1za helyt\u00f6rt\u00e9neti termei bemutatj\u00e1k Br\u00fcckenau fejl\u0151d\u00e9s\u00e9t. A Staatsbad Br\u00fcckenau ad otthont a Bajor Kamarazenekarnak, amelynek koncertjeinek \u00e9s egyetemi p\u00f3diumhangversenyeinek \u00e9vadai a Kursaal neoklasszicista nagyszer\u0171s\u00e9g\u00e9t id\u00e9zik. Az I. Lajos kir\u00e1ly megb\u00edz\u00e1s\u00e1b\u00f3l \u00e9p\u00fclt, \u00e9s 1833-ban, egy f\u00e1kly\u00e1s alapk\u0151let\u00e9teli \u00fcnneps\u00e9g ut\u00e1n, 1827-ben avatt\u00e1k fel. A Kursaal Ludwig H\u00f6ger \u00e9s Jakob Hochbrand olasz renesz\u00e1nsz st\u00edlus\u00fa mennyezetfestm\u00e9nyeit csod\u00e1lhatja meg. A f\u00fcrd\u0151komplexumon bel\u00fcl tal\u00e1lhat\u00f3 az Elisabethenhof \u2013 amelyet 1894-ben \u00e9p\u00edtettek Erzs\u00e9bet osztr\u00e1k cs\u00e1sz\u00e1rn\u00e9 (\u201eSissi\u201d) tisztelet\u00e9re \u2013, ma az \u00c1llami Gy\u00f3gyf\u00fcrd\u0151 Igazgat\u00f3s\u00e1gk\u00e9nt m\u0171k\u00f6dik, vend\u00e9gszolg\u00e1ltat\u00e1sokat, ter\u00e1pi\u00e1s irod\u00e1kat \u00e9s egy t\u00e1rsalg\u00f3t k\u00edn\u00e1lva. A k\u00f6zelben tal\u00e1lhat\u00f3 a Schlosshotel F\u00fcrstenhof, amelyet 1775-ben alap\u00edtottak Heinrich von Bebra megb\u00edz\u00e1s\u00e1b\u00f3l, majd Johann Gottfried Gutensohn kib\u0151v\u00edtett, \u00e9s amely a Dorint Resort &amp; Spa mell\u00e9k\u00e9p\u00fcletek\u00e9nt m\u0171k\u00f6dik.<\/p>\n<p>A sz\u00e1zadfordul\u00f3n \u00e9p\u00fclt b\u0151v\u00edt\u00e9sek k\u00f6z\u00e9 tartozik a Max Littmann tervezte Parkhotel (1899\u20131901), amelyben ma a Vital Spa tal\u00e1lhat\u00f3, valamint a Bernhard Morell neoklasszicista Bellevue (1819). Leo von Klenze \u201eR\u00e9gi f\u00fcrd\u0151h\u00e1za\u201d (1823) \u00e9s Eugen Drollinger 1901-es b\u0151v\u00edt\u00e9se a Badhotel k\u00e9t oldal\u00e1n \u00e1ll. Egy 1827-b\u0151l sz\u00e1rmaz\u00f3, fel\u00faj\u00edtott kocsisz\u00edn \u2013 amelyet Johann Nepomuk Pertsch tervezett \u00e1t Ludwig k\u00e9r\u00e9s\u00e9re \u2013 ad otthont az \u00c1llami Gy\u00f3gyf\u00fcrd\u0151kertnek.<\/p>\n<p>A Drollinger \u00e1ltal \u00e9p\u00edtett Wernarzer-forr\u00e1s temploma (1911) a Wernarzer-forr\u00e1s tetej\u00e9n \u00e1ll, amelyb\u0151l el\u0151sz\u00f6r 1749-ben csapoltak vizet; nyolcsz\u00f6glet\u0171 oszlopsora \u00e9s szecesszi\u00f3s elemei a s\u00e9t\u00e1nyt szeg\u00e9lyezik. M\u00e1sutt \u00e1ll a Krisztus-templom (a jeruzs\u00e1lemi Szent S\u00edr mint\u00e1j\u00e1ra) \u00e9s a bajor barokk st\u00edlus\u00fa Szent M\u00e1ria-templom, mindkett\u0151 Drollinger tervei szerint, valamint a Johann Georg Link \u00e1ltal tervezett Szent Bertalan pl\u00e9b\u00e1niatemplom (felszentelve 1783-ban). Az \u00e9p\u00edt\u00e9szeti panor\u00e1m\u00e1t a r\u00e9gi v\u00e1rosh\u00e1za, a 16. sz\u00e1zadi t\u00f6rt\u00e9nelmi fogad\u00f3k, a Volkersberg-kolostor, valamint a Grenzwald \u00e9s a Sinntal hidak teszik teljess\u00e9.<\/p>\n<p>Andrea Gallasini 1747-es barokk kertterv\u00e9t a f\u00fcrd\u0151 sz\u00e1m\u00e1ra \u2013 amely szigor\u00fa \u00e9szak-d\u00e9li tengely k\u00f6r\u00e9 \u00e9p\u00fclt \u2013 meg\u0151rizt\u00e9k, mik\u00f6zben egyes r\u00e9szei az angol t\u00e1jk\u00e9pi st\u00edlust vett\u00e9k \u00e1t. A mai parkfel\u00faj\u00edt\u00e1sok az eredeti faform\u00e1ci\u00f3t k\u00f6vetik: l\u00e1d\u00e1s geszteny\u00e9k, h\u0171en ny\u00edrt h\u00e1rsfa pergola, valamint tiszteletre m\u00e9lt\u00f3 p\u00e9ld\u00e1nyok, mint p\u00e9ld\u00e1ul a Lajos kir\u00e1ly t\u00f6lgy (ker\u00fcletm\u00e9rete h\u00e9t m\u00e9ter), az uborka magn\u00f3lia \u00e9s egy \u00e9vsz\u00e1zados ginkgo.<\/p>\n<p>Tov\u00e1bbi z\u00f6ldter\u00fcletek \u2013 a Georgi Kurpark, a Siebener Park \u00e9s a Sinntal t\u00e1jpark \u2013 eg\u00e9sz\u00edtik ki a f\u00fcrd\u0151kerteket. A wellness-r\u00e9szlegek k\u00f6z\u00e9 tartozik a ma m\u00e1r bez\u00e1rt Therme Sinnflut, a Dorint&#039;s Vital Spa &amp; Garden, valamint a Regena Health Resort &amp; Spa. Az \u00e9vszakok ritmusai szabadt\u00e9ri koncerteket hoznak a kast\u00e9lyparkban, t\u00f6rt\u00e9nelmi parkfesztiv\u00e1lokat, f\u00fcrd\u0151koncerteket a Wandelhalle-ban, \u00e1larcosb\u00e1lokat a Kursaalban a \u201eLajos kir\u00e1ly t\u00e1ncra h\u00edv\u201d rendezv\u00e9ny keret\u00e9ben, a Kab\u00e1tvas\u00e1rnapot, a v\u00e1rosi fesztiv\u00e1lt \u00e9s a minden negyedik szombaton megrendezett region\u00e1lis piacokat.<\/p>\n<p>A sport\u00e9let k\u00f6zpontja a Hans Pfister Stadion, ahol a 2006-os vil\u00e1gbajnoks\u00e1g alatt a horv\u00e1t v\u00e1logatott edzett. Helyi klubok, mint p\u00e9ld\u00e1ul az 1. FC Bad Br\u00fcckenau, fociban, k\u00e9zilabd\u00e1ban \u00e9s m\u00e1s sport\u00e1gakban is j\u00e1tszanak, m\u00edg a TV 1884 torn\u00e1t, r\u00f6plabd\u00e1t, kos\u00e1rlabd\u00e1t, atl\u00e9tik\u00e1t, dzs\u00fad\u00f3t \u00e9s t\u00e1ncot k\u00edn\u00e1l. Az \u0151szi Dreggichen 1000er terepfut\u00e1s 10 km-en \u00e1t k\u00f6zel 140 m\u00e9teres szintemelked\u00e9ssel kih\u00edv\u00e1st jelent a r\u00e9sztvev\u0151knek, az okt\u00f3ber 3-\u00e1n megrendez\u00e9sre ker\u00fcl\u0151 \u00e9ves Pink Run pedig az eml\u0151r\u00e1kkutat\u00e1s t\u00e1mogat\u00e1s\u00e1ra gy\u0171jt adom\u00e1nyokat.<\/p>\n<p>A gy\u00f3gy\u00edt\u00f3 forr\u00e1sok \u2013 mindegyik\u00fck elt\u00e9r\u0151 \u00e1sv\u00e1nyianyag-profilokkal \u2013 tov\u00e1bbra is a v\u00e1ros \u00e9ltet\u0151 erej\u00e9t jelentik. Az ac\u00e9lforr\u00e1s, amelyet el\u0151sz\u00f6r 1747-ben jegyeztek fel, \u00e9s 1965-ben f\u00fartak 300 m\u00e9ter m\u00e9lyre, vasban gazdag, sz\u00e9nsavas vizet ad, amelyet v\u00e9rszeg\u00e9nys\u00e9g \u00e9s kering\u00e9si rendelleness\u00e9gek kezel\u00e9s\u00e9re haszn\u00e1lnak; kereskedelmi forgalomban Bad Br\u00fcckenau \u00e1sv\u00e1nyv\u00edzk\u00e9nt palackozz\u00e1k. A 60 m\u00e9ter m\u00e9lyen tal\u00e1lhat\u00f3 10 \u00b0C-os Wernarzer-forr\u00e1s \u00e9s unokatestv\u00e9re, az 50 m\u00e9ter m\u00e9ly Sinnberger-forr\u00e1s egyar\u00e1nt savas, alacsony n\u00e1triumtartalm\u00fa vizet termel vese- \u00e9s h\u00fagy\u00fati ter\u00e1pi\u00e1khoz. A nyomelemekben gazdag Lola Montez-forr\u00e1s t\u00e1mogatja a b\u0151r, a k\u00f6r\u00f6m \u00e9s a haj eg\u00e9szs\u00e9g\u00e9t, valamint seg\u00edti az anyagcsere- \u00e9s epeh\u00f3lyag \u00e1llapot\u00e1t. A szint\u00e9n er\u0151sen sz\u00e9nsavas Bad Br\u00fcckenau Vital-forr\u00e1st emelkedett h\u00fagysavszint \u00e9s em\u00e9szt\u00e9si vagy kering\u00e9si rendelleness\u00e9gek eset\u00e9n \u00edrj\u00e1k fel. A Siebener Park k\u00e9nforr\u00e1sa \u00e9s a m\u00e9ly Georgi-forr\u00e1s tov\u00e1bbi lehet\u0151s\u00e9geket k\u00edn\u00e1l azok sz\u00e1m\u00e1ra, akik k\u00e9miai, termikus \u00e9s mechanikus balneoter\u00e1pi\u00e1t keresnek.<\/p>\n<p>A modern infrastrukt\u00fara \u00f6sszek\u00f6ti Bad Br\u00fcckenaut a t\u00e1gabb r\u00e9gi\u00f3kkal: az A7-es aut\u00f3p\u00e1lya k\u00e9t kij\u00e1rattal rendelkezik (Bad Br\u00fcckenau\/Wildflecken \u00e9s Bad Br\u00fcckenau\/Volkers), m\u00edg a legk\u00f6zelebbi vas\u00fati \u00f6sszek\u00f6ttet\u00e9s Joss\u00e1n\u00e1l (Sinntal) \u00e9s a Fuld\u00e1ba tart\u00f3 buszj\u00e1ratok kapcsolatot tartanak fenn az orsz\u00e1gos h\u00e1l\u00f3zatokkal. Az egykori Jossa\u2013Wildflecken vas\u00fatvonal ma a Rh\u00f6nexpress ker\u00e9kp\u00e1rutat alkotja, a k\u00f6nny\u0171rep\u00fcl\u00e9s pedig a Bad Br\u00fcckenau-Oberleichtersbach vitorl\u00e1z\u00f3rep\u00fcl\u0151t\u00e9ren tov\u00e1bbra is m\u0171k\u00f6dik. A frank Marienweg zar\u00e1ndokai \u00e1thaladnak a v\u00e1roson, amely egyszerre a pihen\u0151hely \u00e9s a m\u00e9lyebb spiritu\u00e1lis utaz\u00e1sok egyik kiindul\u00f3pontja.<\/p>\n<p>A zord terep \u00e9s a kifinomult elegancia \u00f6sszj\u00e1t\u00e9k\u00e1ban Bad Br\u00fcckenau megtestes\u00edti egyr\u00e9szt a h\u00e1bor\u00fat, t\u00fczet \u00e9s politikai v\u00e1ltoz\u00e1sokat \u00e1t\u00e9lt k\u00f6z\u00f6ss\u00e9g nyers t\u00f6rt\u00e9nelm\u00e9t, m\u00e1sr\u00e9szt a v\u00edz, a sz\u00e9l, valamint a hercegek \u00e9s parasztok t\u00f6rekv\u00e9sei \u00e1ltal form\u00e1lt f\u00fcrd\u0151v\u00e1ros v\u00e1ratlan sz\u00e9ps\u00e9g\u00e9t. Itt, barokk pavilonok \u00e9s \u0151si t\u00f6lgyf\u00e1k k\u00f6z\u00f6tt folytat\u00f3dik a gy\u00f3gyul\u00e1s \u00e9s a lakhat\u00e1s ritmusa, elm\u00e9lked\u00e9sre k\u00e9sztetve azokat a k\u00f6tel\u00e9keket, amelyek a f\u00f6ldet, a vizet \u00e9s az emberi lelket \u00f6sszek\u00f6tik.<\/p>","protected":false},"excerpt":{"rendered":"<p>Bad Br\u00fcckenau, egy elb\u0171v\u00f6l\u0151 f\u00fcrd\u0151v\u00e1ros a Rh\u00f6n-hegys\u00e9g l\u00e1b\u00e1n\u00e1l, az als\u00f3-frankos Bad Kissingen r\u00e9gi\u00f3ban, mes\u00e9s m\u00falttal \u00e9s gy\u00f3gyvizeit nagyra \u00e9rt\u00e9kel\u0151 lakoss\u00e1ggal. Ez a fest\u0151i bajor v\u00e1ros 1747 \u00f3ta akkredit\u00e1lt f\u00fcrd\u0151hely, amely a t\u00f6rt\u00e9nelmi \u00e9p\u00edt\u00e9szet, a term\u00e9szeti pompa \u00e9s a ter\u00e1pi\u00e1s szolg\u00e1ltat\u00e1sok jellegzetes kombin\u00e1ci\u00f3j\u00e1t k\u00edn\u00e1lja vend\u00e9geinek.<\/p>","protected":false},"author":1,"featured_media":17532,"parent":13736,"menu_order":0,"comment_status":"closed","ping_status":"closed","template":"elementor_theme","meta":{"_eb_attr":"","footnotes":""},"class_list":["post-16581","page","type-page","status-publish","has-post-thumbnail"],"_links":{"self":[{"href":"https:\/\/travelshelper.com\/hu\/wp-json\/wp\/v2\/pages\/16581","targetHints":{"allow":["GET"]}}],"collection":[{"href":"https:\/\/travelshelper.com\/hu\/wp-json\/wp\/v2\/pages"}],"about":[{"href":"https:\/\/travelshelper.com\/hu\/wp-json\/wp\/v2\/types\/page"}],"author":[{"embeddable":true,"href":"https:\/\/travelshelper.com\/hu\/wp-json\/wp\/v2\/users\/1"}],"replies":[{"embeddable":true,"href":"https:\/\/travelshelper.com\/hu\/wp-json\/wp\/v2\/comments?post=16581"}],"version-history":[{"count":0,"href":"https:\/\/travelshelper.com\/hu\/wp-json\/wp\/v2\/pages\/16581\/revisions"}],"up":[{"embeddable":true,"href":"https:\/\/travelshelper.com\/hu\/wp-json\/wp\/v2\/pages\/13736"}],"wp:featuredmedia":[{"embeddable":true,"href":"https:\/\/travelshelper.com\/hu\/wp-json\/wp\/v2\/media\/17532"}],"wp:attachment":[{"href":"https:\/\/travelshelper.com\/hu\/wp-json\/wp\/v2\/media?parent=16581"}],"curies":[{"name":"wp","href":"https:\/\/api.w.org\/{rel}","templated":true}]}}