{"id":16569,"date":"2024-09-23T13:02:14","date_gmt":"2024-09-23T13:02:14","guid":{"rendered":"https:\/\/travelshelper.com\/staging\/?page_id=16569"},"modified":"2026-03-12T00:19:44","modified_gmt":"2026-03-12T00:19:44","slug":"bad-brambach","status":"publish","type":"page","link":"https:\/\/travelshelper.com\/hu\/destinations\/europe\/germany\/bad-brambach\/","title":{"rendered":"Bad Brambach"},"content":{"rendered":"<p>A Sz\u00e1szorsz\u00e1g d\u00e9li r\u00e9sz\u00e9n fekv\u0151 Bad Brambach t\u00f6rt\u00e9nelmi \u00f6r\u00f6ks\u00e9g\u00e9vel \u00e9s tart\u00f3s gy\u00f3gy\u00fcd\u00fcl\u0151helyk\u00e9nt bet\u00f6lt\u00f6tt szerep\u00e9vel h\u00edvja fel mag\u00e1ra a figyelmet. A valamivel t\u00f6bb mint 2000 lakos\u00fa, k\u00f6r\u00fclbel\u00fcl 32 n\u00e9gyzetkilom\u00e9teres ter\u00fcleten elter\u00fcl\u0151, \u00e1llamilag elismert f\u00fcrd\u0151v\u00e1ros N\u00e9metorsz\u00e1g \u00e9s Csehorsz\u00e1g hat\u00e1r\u00e1n fekszik. A R\u00f6thenbach, k\u00e9s\u0151bb Flei\u00dfenbach \u00e1ltal v\u00e1jt v\u00f6lgyben Bad Brambach nyugatr\u00f3l keletre h\u00faz\u00f3d\u00f3 telep\u00fcl\u00e9ss\u00e1vban bontakozik ki, erd\u0151s lejt\u0151k \u00e9s egy szel\u00edd patak l\u00e1tk\u00e9p\u00e9vel, amely meghat\u00e1rozta sors\u00e1t. Itt, mintegy 600 m\u00e9teres tengerszint feletti magass\u00e1gban a Wettin-forr\u00e1s radonban gazdag vizet bocs\u00e1t ki, amely 1911-es felfedez\u00e9se \u00f3ta meghat\u00e1rozza a v\u00e1ros jelleg\u00e9t, ki\u00e9rdemelve a vil\u00e1g leger\u0151sebb radonforr\u00e1sa c\u00edmet, \u00e9s megszil\u00e1rd\u00edtva Bad Brambach hely\u00e9t szomsz\u00e9dja, Bad Elster mellett a rangos sz\u00e1sz \u00e1llami f\u00fcrd\u0151kben.<\/p>\n<p>A k\u00f6zs\u00e9g apr\u00f3 falvainak mozaikja \u2013 k\u00f6zt\u00fck R\u00f6thenbach, B\u00e4rendorf, G\u00fcrth, Hohendorf, Oberbrambach a mell\u00e9kfalukkal, Frauengr\u00fcnnel \u00e9s Kleedorffal, Raun \u00e9s a Raunergrund keskeny szurdoka, Rohrbach Hennebachhal, valamint Sch\u00f6nberg \u2013 \u00e9vsz\u00e1zados telep\u00fcl\u00e9sekr\u0151l \u00e9s fejl\u0151d\u0151 rendeltet\u00e9sr\u0151l tan\u00faskodik. A lovag de Brantbuch csal\u00e1d 1154-es els\u0151 eml\u00edt\u00e9s\u00e9t\u0151l Brambuch 1307-es v\u00e1ross\u00e1 nyilv\u00e1n\u00edt\u00e1s\u00e1ig a ter\u00fclet olyan nemesi h\u00e1zak kez\u00e9n volt, mint Zedtwitz \u00e9s Schirnding. A helyi er\u0151d, amelyet 1372-ben jegyeztek fel, b\u00e1sty\u00e1kk\u00e9nt \u00e9s k\u00f6zigazgat\u00e1si sz\u00e9khelyk\u00e9nt \u00e1llt, m\u00edg a helyi pl\u00e9b\u00e1nia, a Regensburgi Egyh\u00e1zmegye d\u00e9k\u00e1ns\u00e1g\u00e1hoz igazodva, a k\u00f6rnyez\u0151 mez\u0151gazdas\u00e1gi ter\u00fcletek lelki sz\u00fcks\u00e9gleteit szolg\u00e1lta. Id\u0151vel a Brambachot alkot\u00f3 sz\u00e9tsz\u00f3rt tany\u00e1k \u00e9s m\u0171helycsoportok a v\u00f6lgy forr\u00e1sai k\u00f6r\u00fcl egyes\u00fcltek, \u00f6sszekapcsolva az egyh\u00e1zi befoly\u00e1st a vid\u00e9ki \u00e9let ritmus\u00e1val.<\/p>\n<p>Az 1842. szeptember 11-i t\u0171zv\u00e9sz megv\u00e1ltoztatta a v\u00e1ros fejl\u0151d\u00e9si ir\u00e1ny\u00e1t, amikor a t\u0171z elpuszt\u00edtotta a templomot \u00e9s huszonnyolc paraszth\u00e1zat mell\u00e9k\u00e9p\u00fcleteikkel egy\u00fctt. Az \u00fajj\u00e1\u00e9p\u00edt\u00e9s megkezd\u00e9s\u00e9vel \u00faj \u00e9p\u00edt\u00e9szeti forma jelent meg, amelyet a k\u00e9zm\u0171vess\u00e9g \u00e9s a gy\u00e1rt\u00e1s ig\u00e9nyeihez igaz\u00edtottak. A hangszerk\u00e9sz\u00edt\u00e9s megjelen\u00e9se a 19. sz\u00e1zad k\u00f6zep\u00e9n hossz\u00fak\u00e1s m\u0171hely\u00e9p\u00fcletek \u00e9p\u00edt\u00e9s\u00e9hez vezetett, a fav\u00e1zas h\u00e1zakat olyan szerkezetekkel helyettes\u00edtve, amelyek megfeleltek a hangszerk\u00e9sz\u00edt\u0151k \u00e9s faf\u00fav\u00f3s m\u0171v\u00e9szek hangz\u00e1sbeli pontoss\u00e1g\u00e1nak. A m\u0171helyeket k\u00eds\u00e9r\u0151 t\u00e9rbeli \u00e1tszervez\u00e9s tart\u00f3s maradt, finom ipari jelleget k\u00f6lcs\u00f6n\u00f6zve Brambach egy\u00e9bk\u00e9nt bukolikus arculat\u00e1nak.<\/p>\n<p>J\u00f3val a f\u00fcrd\u0151park \u00e9s a f\u00fcrd\u0151pavilonok el\u0151tt a f\u00f6ld olyan forr\u00e1sokat hozott mag\u00e1ra, amelyek pezsg\u0151 vize felkeltette a helyiek figyelm\u00e9t. 1812-ben Wilhelm August Lampadius, egy freibergi b\u00e1ny\u00e1szati \u200b\u200bszak\u00e9rt\u0151, alaposan megvizsg\u00e1lta az \u201eUnterbrambach-i Sauerbrunnen\u201d-t, a lakosok \u00e1ltal kedvelt savas forr\u00e1st. \u00c9vtizedekkel k\u00e9s\u0151bb, 1890 k\u00f6r\u00fcl Christian Sch\u00fcller Sch\u00fcllerquelle n\u00e9ven kereskedelmi sz\u00e1ll\u00edtm\u00e1nyokat ind\u00edtott egy felsz\u00edn alatti forr\u00e1sb\u00f3l a R\u00f6thenbach-v\u00f6lgyben \u2013 amelyet apja el\u0151sz\u00f6r 1860-ban kutatott fel, miel\u0151tt felhagyott vele. Ezzel egy id\u0151ben egy \u00f6nkorm\u00e1nyzati b\u00e9rl\u0151 egy szomsz\u00e9dos forr\u00e1st Schillerquelle n\u00e9ven forgalmazott, ami j\u00f3l mutatja a korai versenyt az \u00e1sv\u00e1nyv\u00edz-v\u00e1llalkoz\u00e1sok ter\u00e9n. 1912-re a termel\u00e9s meghaladta az \u00e9vi k\u00e9tmilli\u00f3 palack sz\u00e9nsavas vizet, \u00e9s a Brambacher Sprudel v\u00e1llalkoz\u00e1s a Fels\u0151-Vogtland vezet\u0151 sz\u00e1ll\u00edt\u00f3j\u00e1v\u00e1 v\u00e1lt, \u00fcvegpalackos pezsg\u0151j\u00e9t messze a v\u00f6lgy\u00f6n t\u00falra is sz\u00e1ll\u00edtott\u00e1k.<\/p>\n<p>A v\u00edzv\u00e1laszt\u00f3 pillanat 1911-ben \u00e9rkezett el, amikor felt\u00e1rt\u00e1k az \u00fagynevezett Wettin-forr\u00e1st. A radonnal teli forr\u00e1st \u201er\u00e1dium \u00e1sv\u00e1nyv\u00edzforr\u00e1snak\u201d ki\u00e1ltott\u00e1k ki, amelynek \u00e1ll\u00edt\u00f3lag ereje p\u00e1ratlan volt vil\u00e1gszerte. Egy \u00e9vvel k\u00e9s\u0151bb a f\u00fcrd\u0151park megnyitotta kapuit a radioakt\u00edv \u00e1sv\u00e1nyf\u00fcrd\u0151ket \u2013 akkoriban radioakt\u00edv \u00e1sv\u00e1nyf\u00fcrd\u0151knek nevezt\u00e9k \u2013 keres\u0151 l\u00e1togat\u00f3k el\u0151tt, \u00e9s 1914 december\u00e9ben a sz\u00e1sz kir\u00e1lyi bel\u00fcgyminiszt\u00e9rium hivatalosan gy\u00f3gy\u00edt\u00f3 er\u0151forr\u00e1snak nyilv\u00e1n\u00edtotta a Wettin-forr\u00e1st. A k\u00f6z\u00f6ss\u00e9g \u00e1talakul\u00e1s\u00e1t az 1922-es n\u00e9vv\u00e1ltoztat\u00e1s is meger\u0151s\u00edtette, amely Bad Brambachra utalt \u2013 ez az el\u0151tag a f\u00fcrd\u0151v\u00e1rosi st\u00e1tusz\u00e1t jelezte \u2013, majd 1933 \u00e9s 1963 k\u00f6z\u00f6tt r\u00f6vid id\u0151re \u00e1tkeresztelt\u00e9k Radiumbad Brambachra. Az egym\u00e1st k\u00f6vet\u0151 \u00e9vtizedekben vill\u00e1k, kezel\u0151pavilonok \u00e9s s\u00e9t\u00e1nyok \u00e9p\u00fcltek, amelyek ma a f\u00fcrd\u0151kerteket hat\u00e1rozz\u00e1k meg.<\/p>\n<p>A m\u00e1sodik vil\u00e1gh\u00e1bor\u00fa ut\u00e1n Bad Brambachot a szovjet hadsereg szanat\u00f3rium\u00e1v\u00e1 alak\u00edtott\u00e1k \u00e1t, l\u00e9tes\u00edtm\u00e9nyeit pedig a l\u00e1badoz\u00f3 katon\u00e1k ell\u00e1t\u00e1s\u00e1ra haszn\u00e1lt\u00e1k fel. 1949-re a t\u00e1rsadalombiztos\u00edt\u00e1si betegeket visszavett\u00e9k, 1957-ben pedig a N\u00e9met Demokratikus K\u00f6zt\u00e1rsas\u00e1g \u00e1tfog\u00f3 moderniz\u00e1ci\u00f3t hajtott v\u00e9gre a f\u00fcrd\u0151komplexumban. Az \u00fajonnan telep\u00edtett ligetekben feny\u0151k \u00e9s b\u00fckkf\u00e1k vir\u00e1goztak \u2013 1961-ben negyvenezer facsemete gy\u00f6keret eresztett \u2013, helyre\u00e1ll\u00edtva azokat az erd\u0151ket, amelyek egykor a forr\u00e1sokat keretezt\u00e9k. Az NDK fennhat\u00f3s\u00e1ga alatt a f\u00fcrd\u0151ter\u00fclet az \u00e1llamilag t\u00e1mogatott eg\u00e9szs\u00e9gturizmus modellj\u00e9v\u00e9 \u00e9s a helyi foglalkoztat\u00e1s forr\u00e1s\u00e1v\u00e1 v\u00e1lt, mik\u00f6zben a szomsz\u00e9dos Brambacher Sprudel \u00e1sv\u00e1nyv\u00edzlel\u0151hely meg\u0151rizte hely\u00e9t a v\u00e1ros gazdas\u00e1g\u00e1nak egyik pill\u00e9rek\u00e9nt.<\/p>\n<p>Az 1989\u20131990-es politikai rendszerv\u00e1lt\u00e1s az \u00f6nkorm\u00e1nyzatok revitaliz\u00e1ci\u00f3j\u00e1nak \u00faj korszak\u00e1t hirdette. Mag\u00e1n- \u00e9s \u00e1llami beruh\u00e1z\u00e1sok sz\u0171r\u0151dtek be Bad Brambachba, \u00e9s a S\u00e4chsische Staatsb\u00e4der GmbH olyan projekteket vezetett be, amelyek a f\u00fcrd\u0151kertek \u00e9s l\u00e9tes\u00edtm\u00e9nyek meg\u00faj\u00edt\u00e1s\u00e1t c\u00e9lozt\u00e1k. Az AQUADON f\u00fcrd\u0151- \u00e9s szaunakomplexum kort\u00e1rs wellness-szolg\u00e1ltat\u00e1sokat, \u00fcvegtet\u0151s medenc\u00e9it parkos\u00edtott teraszok k\u00f6z\u00f6tt helyezt\u00e9k el. A t\u00f6rt\u00e9nelmi fesztiv\u00e1lcsarnok gondos fel\u00faj\u00edt\u00e1son esett \u00e1t, el\u0151ad\u00f3terme ism\u00e9t koncerteknek \u00e9s k\u00f6z\u00f6ss\u00e9gi \u00f6sszej\u00f6veteleknek adott otthont. A 20. sz\u00e1zad eleji f\u00fcrd\u0151\u00e9p\u00edt\u00e9szet jelk\u00e9pek\u00e9nt szolg\u00e1l\u00f3 k\u00f6zponti forr\u00e1s\u00e9p\u00fclet szerkezeti \u00e9s eszt\u00e9tikai restaur\u00e1ci\u00f3n esett \u00e1t. Az Ebel Klinika megjelen\u00e9s\u00e9vel fejl\u0151d\u00f6tt az orvosi ell\u00e1t\u00e1s, m\u00edg az egykori RDB f\u00fcrd\u0151h\u00e1zat \u2013 az NDK idej\u00e9n Julius-Fu\u010d\u00edk-Haus n\u00e9ven ismert \u2013 id\u0151sek otthon\u00e1v\u00e1 alak\u00edtott\u00e1k \u00e1t. Ezeket a fejleszt\u00e9seket kieg\u00e9sz\u00edtve sz\u00e1mos panzi\u00f3 \u00e9s fogad\u00f3 \u00e9p\u00fclt, hogy elf\u00e9rjenek a n\u00f6vekv\u0151 sz\u00e1m\u00fa eg\u00e9szs\u00e9g\u00fcgyi l\u00e1togat\u00f3k.<\/p>\n<p>Ezzel egyidej\u0171leg az \u00e1sv\u00e1nyv\u00edztermel\u00e9st nemcsak meg\u0151rizt\u00e9k, hanem ki is b\u0151v\u00edtett\u00e9k a Bad Brambacher Mineralquellen GmbH &amp; Co. Betriebs KG megalap\u00edt\u00e1s\u00e1val. A v\u00e1ros egyik legnagyobb munkaad\u00f3jak\u00e9nt a v\u00e1llalat fenntartotta a helyi meg\u00e9lhet\u00e9st, \u00e9s szponzor\u00e1ci\u00f3 \u00e9s k\u00f6z\u00f6ss\u00e9gi szerepv\u00e1llal\u00e1s r\u00e9v\u00e9n polg\u00e1ri klubok h\u00e1l\u00f3zat\u00e1t \u00e9p\u00edtette ki \u2013 az \u00f6nk\u00e9ntes t\u0171zolt\u00f3s\u00e1gt\u00f3l a zenei egyes\u00fcletig. Az ipar \u00e9s a polg\u00e1ri \u00e9let ilyen integr\u00e1ci\u00f3ja tov\u00e1bbra is Bad Brambach t\u00e1rsadalmi sz\u00f6vet\u00e9nek egyik v\u00e9djegye.<\/p>\n<p>A v\u00e1ros hat k\u00fcl\u00f6nb\u00f6z\u0151 forr\u00e1st k\u00edn\u00e1l f\u00fcrd\u0151z\u00e9sre \u00e9s iv\u00f3k\u00far\u00e1ra, mindegyik m\u00e1s \u00e1sv\u00e1nyi \u00f6sszet\u00e9tellel. A Dr. Ebel Fachkliniken GmbH \u00e9gisze alatt, amely 1991-ben felv\u00e1s\u00e1rolta a Bad Brambach Klinik\u00e1t, a rehabilit\u00e1ci\u00f3s programok a reumatol\u00f3gi\u00e1ra, az ortop\u00e9di\u00e1ra \u00e9s a kardiol\u00f3gi\u00e1ra \u00f6sszpontos\u00edtottak. Az 1994-ben elk\u00e9sz\u00fclt \u00faj klinikapavilon modern fekv\u0151beteg-elhelyez\u00e9st, fizioter\u00e1pi\u00e1s lakoszt\u00e1lyokat \u00e9s diagnosztikai laborat\u00f3riumokat k\u00edn\u00e1l, biztos\u00edtva, hogy a radonvizek gy\u00f3gy\u00edt\u00f3 \u00f6r\u00f6ks\u00e9ge megfeleljen a kort\u00e1rs orvosi szabv\u00e1nyoknak.<\/p>\n<p>Ennek a hat\u00e1rvid\u00e9ki mened\u00e9knek az megk\u00f6zel\u00edthet\u0151s\u00e9g\u00e9t a B92-es \u00e9s az E49-es sz\u00f6vets\u00e9gi aut\u00f3p\u00e1ly\u00e1k biztos\u00edtj\u00e1k, amelyek d\u00e9l fel\u00e9, Csehorsz\u00e1gba vezetik az utaz\u00f3kat. A Plauen\u2013Cheb vas\u00fatvonal Bad Brambachot \u00e9rinti, a v\u00e1ros sz\u00e9l\u00e9n egy \u00e1llom\u00e1ssal \u00e9s Raunban egy k\u00e9r\u00e9sre meg\u00e1ll\u00f3val. 2001 \u00f3ta egy elker\u00fcl\u0151 \u00fat elterelik a tranzitforgalmat a t\u00f6rt\u00e9nelmi k\u00f6zpontt\u00f3l, a j\u00e1rm\u0171veket a Sch\u00f6nberg\u2013Vojtanov hat\u00e1r\u00e1tkel\u0151hely fel\u00e9 terelve, meg\u0151rizve a f\u00fcrd\u0151\u00f6vezet nyugalm\u00e1t. Helyileg a Vogtland K\u00f6zleked\u00e9si Egyes\u00fclet \u00e1ltal \u00fczemeltetett h\u00e1rom, h\u00edv\u00e1sra indul\u00f3 buszj\u00e1rat k\u00f6ti \u00f6ssze a vas\u00fat\u00e1llom\u00e1st, a klinik\u00e1t, a fesztiv\u00e1ltermet \u00e9s a k\u00fcls\u0151 falvakat 60, illetve 120 perces id\u0151k\u00f6z\u00f6nk\u00e9nt, biztos\u00edtva mind a lakosok, mind a l\u00e1togat\u00f3k z\u00f6kken\u0151mentes mobilit\u00e1st a v\u00f6lgyben.<\/p>\n<p>A ter\u00e1pi\u00e1s k\u00edn\u00e1laton t\u00fal Bad Brambach csendes kultur\u00e1lis gazdags\u00e1ggal is rendelkezik. A gy\u00f3gyf\u00fcrd\u0151 parkja ligeteivel \u00e9s s\u00e9t\u00e1nyaival tov\u00e1bbra is a k\u00f6z\u00f6ss\u00e9gi \u00e9let k\u00f6zpontja, m\u00edg egy elk\u00f6telezett egyes\u00fclet \u00e1ltal gondozott helyt\u00f6rt\u00e9neti m\u00fazeum a v\u00e1ros bonyolult m\u00faltj\u00e1t dokument\u00e1lja. \u00c9p\u00edt\u00e9szeti \u00f6r\u00f6ks\u00e9gben b\u0151velkedik a R\u00f6thenbach ker\u00fcleti tavaszi kioszk, a piacteret szeg\u00e9lyez\u0151 fav\u00e1zas h\u00e1zak \u2013 ahol egykor a sz\u00e1sz-cseh v\u00e1mhivatal szab\u00e1lyozta a kereskedelmet \u2013, valamint a Sch\u00f6nberg-kast\u00e9ly impoz\u00e1ns jelenl\u00e9te a fenti dombon. Minden egyes \u00e9p\u00fclet felid\u00e9zi a feud\u00e1lis, ipari \u00e9s f\u00fcrd\u0151korszaki fejl\u0151d\u00e9s r\u00e9tegeit, amelyek form\u00e1lt\u00e1k a v\u00e1rosk\u00e9pet.<\/p>\n<p>A term\u00e9szetv\u00e9delmi kezdem\u00e9nyez\u00e9sek \u00fajabb dimenzi\u00f3val gazdag\u00edtj\u00e1k Bad Brambach vonzerej\u00e9t. A Raunergrund ker\u00fcletben egy, az \u00e9desv\u00edzi gy\u00f6ngykagyl\u00f3nak szentelt \u00e1llom\u00e1s mutatja be a faj kor\u00e1bbi gazdas\u00e1gi \u00e9rt\u00e9k\u00e9t \u00e9s jelenlegi \u00f6kol\u00f3giai jelent\u0151s\u00e9g\u00e9t. Egy k\u00e9t kilom\u00e9teres \u201eGy\u00f6ngykagyl\u00f3 \u00f6sv\u00e9ny\u201d vezet a szomsz\u00e9dos cseh Sohl faluba, m\u00edg egy szomsz\u00e9dos teny\u00e9sz\u00e1llom\u00e1s az ArKoNaVera fajv\u00e9delmi projektet szolg\u00e1lja ki, amelynek feladata a nemzeti szinten felel\u0151s \u00e1llatvil\u00e1g v\u00e9delme. Ezek az er\u0151fesz\u00edt\u00e9sek al\u00e1t\u00e1masztj\u00e1k a r\u00e9gi\u00f3 elk\u00f6telezetts\u00e9g\u00e9t a biol\u00f3giai sokf\u00e9les\u00e9g \u00e9s a hat\u00e1rokon \u00e1tny\u00fal\u00f3 egy\u00fcttm\u0171k\u00f6d\u00e9s ir\u00e1nt.<\/p>\n<p>A Bad Brambach-i sporthagyom\u00e1ny az 1950-es \u00e9vekig ny\u00falik vissza, amikor a BSG Brambacher Sprudel v\u00e1llalati klubot a BSG Empor Bad Brambach v\u00e1ltotta fel. Az \u00fajraegyes\u00edt\u00e9s ut\u00e1n j\u00f6tt l\u00e9tre a jelenlegi egyes\u00fclet, az SSV Bad Brambach, hogy el\u0151seg\u00edtse a futballt, a torn\u00e1t \u00e9s m\u00e1s k\u00f6z\u00f6ss\u00e9gi tev\u00e9kenys\u00e9geket. A m\u00faltban a s\u00edugr\u00f3k a Wachtbergschanze, az Adolf-Hayer-Schanze \u00e9s a Pionierschanze hegycs\u00facsokon tett\u00e9k pr\u00f3b\u00e1ra b\u00e1tors\u00e1gukat \u2013 h\u00e1rom dombon, amelyek egykor a rep\u00fcl\u00e9s izgalm\u00e1val \u00e9s a h\u00f3ba v\u00e1jt p\u00e1ly\u00e1k ritmus\u00e1val pezsd\u00edtett\u00e9k fel a t\u00e9li szezont.<\/p>\n<p>K\u00f6z\u00e9pkori gy\u00f6kereinek, ipari \u00e1talakul\u00e1s\u00e1nak, \u00e1sv\u00e1nyokban gazdag vizeinek \u00e9s erd\u0151s k\u00f6rnyezet\u00e9nek \u00f6tv\u00f6z\u00e9s\u00e9vel Bad Brambach a folytonoss\u00e1g \u00e9s a v\u00e1ltoz\u00e1s tanulm\u00e1nyoz\u00e1s\u00e1t mutatja be. A v\u00e1ros fejl\u0151d\u00e9se \u2013 egy er\u0151d\u00edtett telep\u00fcl\u00e9st\u0151l \u00e9s egyh\u00e1zi k\u00f6zpontt\u00f3l \u00e1sv\u00e1nyv\u00edztermel\u0151ig, egy 19. sz\u00e1zadi k\u00e9zm\u0171ves k\u00f6zpontt\u00f3l a 20. sz\u00e1zadi gy\u00f3gyf\u00fcrd\u0151ig \u2013 a meg\u00fajul\u00e1sra val\u00f3 k\u00e9pess\u00e9g\u00e9r\u0151l tan\u00faskodik. Ma vid\u00e9ki f\u00fcrd\u0151v\u00e1rosk\u00e9nt \u00e1ll, amely egyens\u00falyt teremt az orvosi szigor \u00e9s a kultur\u00e1lis hiteless\u00e9g k\u00f6z\u00f6tt, ahol a feny\u0151k porhany\u00f3s illata keveredik a templomi harangok halk rezg\u00e9s\u00e9vel \u00e9s a hat tart\u00f3s forr\u00e1sb\u00f3l \u00e1rad\u00f3, mindig jelen l\u00e9v\u0151 gy\u00f3gyul\u00e1s \u00edg\u00e9ret\u00e9vel. A t\u00f6rt\u00e9nelem, a term\u00e9szet \u00e9s a ter\u00e1pi\u00e1s hagyom\u00e1nyok tal\u00e1lkoz\u00e1s\u00e1n\u00e1l Bad Brambach egyszerre k\u00edn\u00e1l fel\u00fcd\u00fcl\u00e9st \u00e9s elm\u00e9lked\u00e9st, \u00e9s arra h\u00edvja a l\u00e1togat\u00f3kat, hogy r\u00e9szesei legyenek a csendesen kibontakoz\u00f3 t\u00f6rt\u00e9netnek.<\/p>","protected":false},"excerpt":{"rendered":"<p>Bad Brambach, egy \u00e1llamilag elismert gy\u00f3gyhely Vogtland t\u00e9rs\u00e9g\u00e9ben, a legd\u00e9libb telep\u00fcl\u00e9s Sz\u00e1szorsz\u00e1gban, N\u00e9metorsz\u00e1gban. Bad Brambach, egy apr\u00f3, de figyelemre m\u00e9lt\u00f3 f\u00fcrd\u0151v\u00e1ros, saj\u00e1tos poz\u00edci\u00f3t alak\u00edtott ki az eg\u00e9szs\u00e9gturizmusban \u00e9s a term\u00e9szetgy\u00f3gy\u00e1szatban.<\/p>","protected":false},"author":1,"featured_media":17544,"parent":13736,"menu_order":0,"comment_status":"closed","ping_status":"closed","template":"elementor_theme","meta":{"_eb_attr":"","footnotes":""},"class_list":["post-16569","page","type-page","status-publish","has-post-thumbnail"],"_links":{"self":[{"href":"https:\/\/travelshelper.com\/hu\/wp-json\/wp\/v2\/pages\/16569","targetHints":{"allow":["GET"]}}],"collection":[{"href":"https:\/\/travelshelper.com\/hu\/wp-json\/wp\/v2\/pages"}],"about":[{"href":"https:\/\/travelshelper.com\/hu\/wp-json\/wp\/v2\/types\/page"}],"author":[{"embeddable":true,"href":"https:\/\/travelshelper.com\/hu\/wp-json\/wp\/v2\/users\/1"}],"replies":[{"embeddable":true,"href":"https:\/\/travelshelper.com\/hu\/wp-json\/wp\/v2\/comments?post=16569"}],"version-history":[{"count":0,"href":"https:\/\/travelshelper.com\/hu\/wp-json\/wp\/v2\/pages\/16569\/revisions"}],"up":[{"embeddable":true,"href":"https:\/\/travelshelper.com\/hu\/wp-json\/wp\/v2\/pages\/13736"}],"wp:featuredmedia":[{"embeddable":true,"href":"https:\/\/travelshelper.com\/hu\/wp-json\/wp\/v2\/media\/17544"}],"wp:attachment":[{"href":"https:\/\/travelshelper.com\/hu\/wp-json\/wp\/v2\/media?parent=16569"}],"curies":[{"name":"wp","href":"https:\/\/api.w.org\/{rel}","templated":true}]}}