{"id":16563,"date":"2024-09-23T12:55:14","date_gmt":"2024-09-23T12:55:14","guid":{"rendered":"https:\/\/travelshelper.com\/staging\/?page_id=16563"},"modified":"2026-03-12T00:19:58","modified_gmt":"2026-03-12T00:19:58","slug":"bad-berka","status":"publish","type":"page","link":"https:\/\/travelshelper.com\/hu\/destinations\/europe\/germany\/bad-berka\/","title":{"rendered":"Bad Berka"},"content":{"rendered":"<p>A k\u00f6z\u00e9p-n\u00e9metorsz\u00e1gi Ilm-Saale-Platte lank\u00e1s dombjai k\u00f6z\u00f6tt megb\u00fav\u00f3 Bad Berka egy alig 8000 lakos\u00fa v\u00e1ros, amely nagyj\u00e1b\u00f3l 27,4 km\u00b2-en ter\u00fcl el. Weimart\u00f3l tizenk\u00e9t kilom\u00e9terre d\u00e9lre \u00e9s Jen\u00e1t\u00f3l h\u00fasz kilom\u00e9terre nyugatra fekszik, egy z\u00f6ldell\u0151 v\u00f6lgyben, amelyet az Ilm foly\u00f3 v\u00e1jt ki az \u00faj v\u00f6r\u00f6s homokk\u0151b\u0151l. 2008 \u00f3ta a telep\u00fcl\u00e9s hat\u00e1rai magukban foglalj\u00e1k az egykori Gutendorf falut, hat m\u00e1sik ker\u00fclettel egy\u00fctt, \u00e9s olyan t\u00e1jat hoznak l\u00e9tre, amely gy\u00f3gyf\u00fcrd\u0151i kertek, mez\u0151gazdas\u00e1gi ter\u00fcletek, valamint s\u0171r\u0171 lucfeny\u0151- \u00e9s b\u00fckk\u00f6s\u00f6k k\u00f6z\u00f6tt v\u00e1ltakozik.<\/p>\n<p>Bad Berka identit\u00e1sa a gy\u00f3gy\u00edt\u00f3 vizek k\u00f6r\u00e9 \u00e9p\u00fclt. A f\u00fcrd\u0151ipar eredete az 1813-ban alap\u00edtott k\u00e9nf\u00fcrd\u0151ig vezethet\u0151 vissza, amelyet az 1807-ben felfedezett vasban gazdag \u201eStahlquelle\u201d forr\u00e1s ihletett. A f\u00fcrd\u0151- \u00e9s iv\u00f3vizek felhaszn\u00e1l\u00e1s\u00e1t helyi l\u00e1tnokok t\u00e1mogatt\u00e1k Johann Wolfgang von Goethe-vel egy\u00fcttm\u0171k\u00f6dve, \u00edgy kapta a v\u00e1ros a \u201eDas Goethebad im Gr\u00fcnen\u201d inform\u00e1lis c\u00edmet. 2002-re \u00f6r\u00f6ks\u00e9g\u00e9t hivatalosan is elismert\u00e9k az \u201e\u00c1llamilag Elismert Gy\u00f3gyf\u00fcrd\u0151 \u00c1sv\u00e1nyv\u00edzforr\u00e1ssal rendelkez\u0151 Eg\u00e9szs\u00e9g\u00fcgyi Int\u00e9zm\u00e9ny\u201d c\u00edmmel. Id\u0151vel a l\u00e9tes\u00edtm\u00e9nyek b\u0151v\u00fcltek: 1952-ben tuberkul\u00f3zisklinika ny\u00edlt, amelyb\u0151l a Zentralklinik \u2013 egy Eur\u00f3pa-szerte elismert orvosi k\u00f6zpont \u2013 fejl\u0151d\u00f6tt, m\u00edg a berlini fal leoml\u00e1sa 1994-ben \u00e9s 1997-ben megnyitott\u00e1k a Median rehabilit\u00e1ci\u00f3s klinik\u00e1kat, amelyek \u00e1tfog\u00f3 ut\u00f3kezel\u00e9seket k\u00edn\u00e1ltak.<\/p>\n<p>Szer\u00e9ny m\u00e9rete ellen\u00e9re Bad Berka r\u00e9g\u00f3ta \u00f6sszefon\u00f3dik a n\u00e9met kultur\u00e1lis \u00e1ramlatokkal. 1812 \u00e9s 1828 k\u00f6z\u00f6tt maga Goethe Heinrich Friedrich Sch\u00fctzn\u00e9l lakott, akinek egykori otthona ma is a \u201eGoethe-h\u00e1z\u201d, egy kis m\u00fazeum, amely Berka orgonista-tan\u00e1r\u00e1nak \u00e9s mec\u00e9n\u00e1s\u00e1nak \u00e9let\u00e9t mutatja be. A f\u00fcrd\u0151t l\u00e1togat\u00f3 kiemelked\u0151 szem\u00e9lyis\u00e9gek ism\u00e9tl\u0151d\u0151 dag\u00e1lya \u00e9s ap\u00e1lya grandi\u00f3zus neoklasszicista \u00e9p\u00fcleteket hozott l\u00e9tre: Clemens Wenzeslaus Coudray 1817-ben \u00fajj\u00e1\u00e9p\u00edtett v\u00e1rosh\u00e1z\u00e1ja a piact\u00e9r k\u00f6zponti eleme, amely holdf\u00e1zis-\u00f3r\u00e1j\u00e1r\u00f3l nevezetes, m\u00edg a Coudray-h\u00e1z (1825) b\u00e1lok, koncertek \u00e9s sz\u00ednh\u00e1zi el\u0151ad\u00e1sok k\u00f6zpontjak\u00e9nt szolg\u00e1lt, miel\u0151tt interakt\u00edv f\u00fcrd\u0151m\u00fazeumm\u00e1 alak\u00edtott\u00e1k volna. A k\u00f6zelben tal\u00e1lhat\u00f3 59 m\u00e9teres fegyvert\u00e1r \u2013 amely egykor a hercegi vad\u00e1szfelszerel\u00e9s rakt\u00e1ra volt \u2013 ma a k\u00f6nyvt\u00e1rnak, a lev\u00e9lt\u00e1rnak, a k\u00f6z\u00f6ss\u00e9gi h\u00e1znak \u00e9s az \u00e9tteremnek ad otthont.<\/p>\n<p>A k\u00f6z\u00e9pkori Berka maradv\u00e1nyai tov\u00e1bbra is fennmaradtak az \u00d6regv\u00e1r bels\u0151 udvar\u00e1ban: egy vizes\u00e1rok, falt\u00f6red\u00e9kek \u00e9s egy fedett gardr\u00f3b utal a Berka gr\u00f3fok m\u00e9lt\u00f3s\u00e1g\u00e1ra, miel\u0151tt a XIII. sz\u00e1zad v\u00e9g\u00e9n egy dombtet\u0151n \u00e1ll\u00f3 palot\u00e1ba k\u00f6lt\u00f6ztek volna. Az 1786-ban \u00e9p\u00fclt barokk \u201eEdelhof\u201d a hercegi vad\u00e1szkast\u00e9lyb\u00f3l a gazdag f\u00fcrd\u0151l\u00e1togat\u00f3k vend\u00e9gh\u00e1z\u00e1v\u00e1 v\u00e1ltozott; Goethe \u00e9s feles\u00e9ge, Christiane 1814-es k\u00far\u00e1juk alatt itt sz\u00e1lltak meg. Az egyh\u00e1zi \u00e9p\u00edt\u00e9szet t\u00fckr\u00f6zi a v\u00e1ros sokr\u00e9t\u0171 t\u00f6rt\u00e9nelm\u00e9t: a Szent M\u00e1ria evang\u00e9likus templom az egykori cisztercita ap\u00e1cakolostor ter\u00fclet\u00e9n tal\u00e1lhat\u00f3, g\u00f3tikus keleti fala t\u00fal\u00e9lte az 1608-as t\u0171zv\u00e9szt, amely a barokk haj\u00f3 \u00e9p\u00edt\u00e9s\u00e9t 1739\u201341-ig k\u00e9sleltette. Egy kis katolikus templom, amely 1918-b\u00f3l sz\u00e1rmazik a Tannroda \u00faton, tan\u00fas\u00edtja Bad Berka fejl\u0151d\u0151 spiritu\u00e1lis t\u00e9rk\u00e9p\u00e9t.<\/p>\n<p>A v\u00e1rost k\u00f6r\u00fclvev\u0151 term\u00e9szeti k\u00f6rnyezet tov\u00e1bb er\u0151s\u00edti a v\u00e1ros gy\u00f3gy\u00edt\u00f3 h\u00edrnev\u00e9t. Az Ilm-v\u00f6lgyi ker\u00e9kp\u00e1r\u00fat \u00e9s a min\u0151s\u00edtett t\u00fcringiai H\u00e1rom Torony t\u00fara\u00fatvonal egy 150 km\u00b2-es term\u00e9szetv\u00e9delmi ter\u00fcleten halad kereszt\u00fcl, m\u00edg a f\u00fcrd\u0151park gyepter\u00fcletek, l\u00e1p\u00e1gy\u00e1sok \u00e9s v\u00e9dett ligetek sor\u00e1ban bontakozik ki. A Kneipp-berendez\u00e9sek \u2013 a Goethe-k\u00fatn\u00e1l, a Dammbachsgrundon \u00e9s a Gottesbr\u00fcnnleinen \u2013 v\u00edzalap\u00fa hidroter\u00e1pi\u00e1s l\u00e1bf\u00fcrd\u0151ket \u00e9s gyalogt\u00far\u00e1kat k\u00edn\u00e1lnak. Az Adelsberg tetej\u00e9n \u00e1ll\u00f3 Pauline-torony (1884) panor\u00e1m\u00e1s kil\u00e1t\u00e1st ny\u00fajt a t\u00fcringiai vid\u00e9kre, platformja szer\u00e9ny jutalom a huszonhat m\u00e9teres m\u00e1sz\u00e1s\u00e9rt.<\/p>\n<p>Bad Berka k\u00f6zleked\u00e9si kapcsolatai r\u00e1c\u00e1folnak kis m\u00e9ret\u00e9re. Az Ilm-v\u00f6lgyi vas\u00fat k\u00e9t \u00e1llom\u00e1sa \u00f6sszek\u00f6ti a belv\u00e1rost \u00e9s a szomsz\u00e9dos M\u00fcncheni j\u00e1r\u00e1st Weimarral \u00e9s Kranichfelddel. A B85-\u00f6s \u00e9s B87-es sz\u00f6vets\u00e9gi aut\u00f3p\u00e1ly\u00e1k szelik \u00e1t a telep\u00fcl\u00e9st, b\u00e1r ut\u00f3bbiak egyes szakaszait az elm\u00falt \u00e9vtizedekben \u00e1llami utaknak min\u0151s\u00edtett\u00e9k \u00e1t. Hat kilom\u00e9terre \u00e9szakra tal\u00e1lhat\u00f3 az A4-es aut\u00f3p\u00e1lya Nohra \u00e9s Weimar csom\u00f3pontja, m\u00edg egy kis rep\u00fcl\u0151t\u00e9r a vitorl\u00e1z\u00f3rep\u00fcl\u0151g\u00e9p-pil\u00f3t\u00e1k \u00e9s alkalmank\u00e9nti charterj\u00e1ratok ig\u00e9nyeit is kiel\u00e9g\u00edti.<\/p>\n<p>T\u00f6rt\u00e9nelmileg a v\u00e1ros sorsa t\u00fckr\u00f6zte a t\u00e1gabb r\u00e9gi\u00f3 sors\u00e1t. A k\u00f6z\u00e9pkorban 1251-t\u0151l a reform\u00e1ci\u00f3ig egy cisztercita ap\u00e1cakolostor vir\u00e1gzott, ap\u00e1ts\u00e1gi temploma pedig a k\u00e9s\u0151bbi egyh\u00e1zi strukt\u00far\u00e1k alapj\u00e1t k\u00e9pezte. A N\u00e9met Birodalomhoz tartoz\u00f3 Sz\u00e1sz-Weimar-Eisenachi Nagyhercegs\u00e9ghez csatolt Bad Berka h\u00e1bor\u00fas zavarokat szenvedett el: olajl\u00e9tes\u00edtm\u00e9nyek \u00e9s egy f\u00f6ldalatti k\u00e9nyszermunka-\u00fczem tett\u00e9k c\u00e9lpontt\u00e1 az 1945-\u00f6s sz\u00f6vets\u00e9ges olajhadj\u00e1rat sor\u00e1n. A m\u00e1rcius 31-i, \u00e1prilis 5-i \u00e9s \u00e1prilis 9-i sz\u00f6vets\u00e9ges bomb\u00e1z\u00e1sok civil \u00e9s katona \u00e1ldozatokat k\u00f6veteltek, akikre ma eml\u00e9koszlopok eml\u00e9keznek a v\u00e1rosi temet\u0151ben \u2013 23 \u00e1ldozat s\u00edrjai, valamint a lak\u00f3hely\u00fcket elhagyni k\u00e9nyszer\u00fclt szem\u00e9lyek \u00e9s az elesett amerikai katon\u00e1k eml\u00e9k\u00e9re \u00e1ll\u00edtott eml\u00e9kt\u00e1bl\u00e1k.<\/p>\n<p>A v\u00e1ros k\u00f6zigazgat\u00e1si fejl\u0151d\u00e9se \u00e1talak\u00edtotta k\u00f6z\u00f6ss\u00e9gi k\u00f6rvonalait is. Az 1994-es t\u00fcringiai reform egyes\u00edtette Berk\u00e1t a kor\u00e1bban f\u00fcggetlen Tannroda, Bergern, Schoppendorf, Meckfeld \u00e9s Tiefengruben falvakkal, m\u00edg Gutendorf 2008 december\u00e9ben csatlakozott. Minden ker\u00fclet egyedi l\u00e1tnival\u00f3kkal rendelkezik: Bergernben tal\u00e1lhat\u00f3 a \u201eZum Kripplein Christi\u201d falutemplom, amelynek belsej\u00e9t Matt Lamb m\u0171v\u00e9sz \u00faj\u00edtotta fel; Tannroda \u0151rzi a t\u00fcringiai Kos\u00e1rfon\u00f3 M\u00fazeumot, amely a region\u00e1lis k\u00e9zm\u0171vess\u00e9g tan\u00faskodik; Meckfeld \u00e9s Tiefengruben meg\u0151rizte csendes mez\u0151gazdas\u00e1gi jelleg\u00e9t.<\/p>\n<p>Bad Berka kultur\u00e1lis \u00e9lete tov\u00e1bbra is a gy\u00f3gyf\u00fcrd\u0151i \u00f6r\u00f6ks\u00e9ghez \u00e9s a term\u00e9szeti k\u00f6rnyezethez k\u00f6t\u0151dik. 1996 \u00f3ta az \u00e9ves Party.San szabadt\u00e9ri fesztiv\u00e1l a heavy metal rajong\u00f3it vonzza a v\u00e1ros perem\u00e9n tal\u00e1lhat\u00f3 ny\u00edlt mez\u0151kre. Hagyom\u00e1nyosabban t\u00fcringiai hangulat\u00fa a k\u00e9t\u00e9vente megrendezett Sz\u00f6k\u0151k\u00fatfesztiv\u00e1l \u2013 felvonul\u00e1sokkal, t\u0171zij\u00e1t\u00e9kkal a gy\u00f3gyf\u00fcrd\u0151 parkj\u00e1ban \u00e9s egy esti \u201eLiszt a z\u00f6ldben\u201d l\u00e1tv\u00e1nyoss\u00e1ggal, ahol kivil\u00e1g\u00edtott f\u00e1k k\u00eds\u00e9rik a weimari zeneakad\u00e9mia felv\u00e9teleit \u2013, valamint a Pap\u00edrs\u00e1rk\u00e1nyfesztiv\u00e1l a vitorl\u00e1z\u00f3rep\u00fcl\u0151t\u00e9ren. A gy\u00f3gyf\u00fcrd\u0151 parkban megrendezett Sch\u00fctzenfest egy vad\u00e1szklub-felvonul\u00e1st is beiktat a napt\u00e1rba, m\u00edg a kisebb arat\u00f3fesztiv\u00e1lok \u00e9s ker\u00fcleti \u00fcnneps\u00e9gek helyi melegs\u00e9ggel tark\u00edtj\u00e1k az \u00e9vszakokat.<\/p>\n<p>Mag\u00e1ban a f\u00fcrd\u0151parkban tal\u00e1lhat\u00f3 a Goethe-k\u00fat, amely 1835-b\u0151l sz\u00e1rmaz\u00f3 vasban gazdag viz\u00e9t \u0151rzi, melyet t\u00f6rt\u00e9nelmi vill\u00e1k \u00e1rny\u00e9kolnak, \u00e9s l\u00e1pb\u00f3l sz\u00e1rmaz\u00f3 t\u0151zeg\u00e1gyak tark\u00edtanak. Adolf Br\u00fctt \u2013 Goethe mellszobra egy kerti f\u00fclk\u00e9ben \u2013 \u00e9s Bruno Eyermann \u2013 egy 1946-ban hozz\u00e1adott f\u00fcrd\u0151z\u0151csoport \u2013 szobr\u00e1szati \u200b\u200balkot\u00e1sai eleven\u00edtik fel a forr\u00e1sok \u00f6r\u00f6ks\u00e9g\u00e9t. A k\u00f6zelben tal\u00e1lhat\u00f3 az egykori \u201eSchloss Harth\u201d szanat\u00f3rium, amelyet 1905-ben avattak fel a \u201eMens sana in corpore sano\u201d mott\u00f3val, \u00e9s amely ma a T\u00fcringiai Tan\u00e1rk\u00e9pz\u0151, Tantervfejleszt\u00e9si \u00e9s M\u00e9diaint\u00e9zetk\u00e9nt m\u0171k\u00f6dik, t\u00fckr\u00f6zve az eg\u00e9szs\u00e9g\u00fcgyi elvonul\u00e1sb\u00f3l oktat\u00e1si k\u00f6zpontt\u00e1 val\u00f3 \u00e1talakul\u00e1st.<\/p>\n<p>Kompakt m\u00e9ret\u00e9vel Bad Berka egyed\u00fcl\u00e1ll\u00f3 kever\u00e9k\u00e9t k\u00edn\u00e1lja az orvosi hagyom\u00e1nynak, az irodalmi asszoci\u00e1ci\u00f3knak \u00e9s a term\u00e9szeti mened\u00e9knek. Az Ilm foly\u00f3 \u0151si medr\u00e9ben halad \u00e1t homokk\u0151 falakon; a fagerend\u00e1s tet\u0151k \u00e9s a neoklasszicista homlokzatok a h\u00e1bor\u00fa ac\u00e9los eml\u00e9kei mellett \u00e1llnak. A l\u00e1togat\u00f3k barangolhatnak a l\u00e1pvid\u00e9ki \u00f6sv\u00e9nyeken, meg\u00e1llhatnak m\u00e1rv\u00e1ny mellszobrokn\u00e1l, vagy felmehetnek, hogy a t\u00e1voli erd\u0151k felett hajnalhasad\u00e1st n\u00e9zz\u00e9k. A v\u00e1ros sz\u00edv\u00e9t m\u00e9gis tov\u00e1bbra is az a forr\u00e1s hat\u00e1rozza meg, amely el\u0151sz\u00f6r rem\u00e9nyt adott a tuberkul\u00f3zisban szenved\u0151knek, majd k\u00e9s\u0151bb felkeltette Goethe figyelm\u00e9t \u2013 a v\u00edz, amely ma is form\u00e1lja a k\u00f6z\u00f6ss\u00e9gi \u00e9letet, az orvosi gyakorlatot \u00e9s a f\u00fcrd\u0151v\u00e1rosi l\u00e9t csendes ritmus\u00e1t.<\/p>","protected":false},"excerpt":{"rendered":"<p>Bad Berka, egy vonz\u00f3 n\u00e9met f\u00fcrd\u0151v\u00e1ros T\u00fcringia d\u00e9li Weimar ter\u00fclet\u00e9n, k\u00f6r\u00fclbel\u00fcl 8000 lakossal, \u00edgy a m\u00e1sodik legnagyobb v\u00e1ros a Weimarer Land ker\u00fcletben. Ez a fest\u0151i v\u00e1ros, amely az Ilm-foly\u00f3 ment\u00e9n tal\u00e1lhat\u00f3, \u00e9s z\u00f6ldell\u0151 luc- \u00e9s b\u00fckkerd\u0151k veszi k\u00f6r\u00fcl, t\u00f6rt\u00e9nelmi hagyat\u00e9ka eg\u00e9szen a 13. sz\u00e1zadig ny\u00falik vissza. Strat\u00e9giai helyzete, mind\u00f6ssze 12 kilom\u00e9terre d\u00e9lre Weimart\u00f3l, az \u00e9vek sor\u00e1n jelent\u0151sen befoly\u00e1solta kultur\u00e1lis \u00e9s gazdas\u00e1gi fejl\u0151d\u00e9s\u00e9t.<\/p>","protected":false},"author":1,"featured_media":17504,"parent":13736,"menu_order":0,"comment_status":"closed","ping_status":"closed","template":"elementor_theme","meta":{"_eb_attr":"","footnotes":""},"class_list":["post-16563","page","type-page","status-publish","has-post-thumbnail"],"_links":{"self":[{"href":"https:\/\/travelshelper.com\/hu\/wp-json\/wp\/v2\/pages\/16563","targetHints":{"allow":["GET"]}}],"collection":[{"href":"https:\/\/travelshelper.com\/hu\/wp-json\/wp\/v2\/pages"}],"about":[{"href":"https:\/\/travelshelper.com\/hu\/wp-json\/wp\/v2\/types\/page"}],"author":[{"embeddable":true,"href":"https:\/\/travelshelper.com\/hu\/wp-json\/wp\/v2\/users\/1"}],"replies":[{"embeddable":true,"href":"https:\/\/travelshelper.com\/hu\/wp-json\/wp\/v2\/comments?post=16563"}],"version-history":[{"count":0,"href":"https:\/\/travelshelper.com\/hu\/wp-json\/wp\/v2\/pages\/16563\/revisions"}],"up":[{"embeddable":true,"href":"https:\/\/travelshelper.com\/hu\/wp-json\/wp\/v2\/pages\/13736"}],"wp:featuredmedia":[{"embeddable":true,"href":"https:\/\/travelshelper.com\/hu\/wp-json\/wp\/v2\/media\/17504"}],"wp:attachment":[{"href":"https:\/\/travelshelper.com\/hu\/wp-json\/wp\/v2\/media?parent=16563"}],"curies":[{"name":"wp","href":"https:\/\/api.w.org\/{rel}","templated":true}]}}