{"id":16551,"date":"2024-09-23T12:38:53","date_gmt":"2024-09-23T12:38:53","guid":{"rendered":"https:\/\/travelshelper.com\/staging\/?page_id=16551"},"modified":"2026-03-12T00:21:10","modified_gmt":"2026-03-12T00:21:10","slug":"bad-bellingen","status":"publish","type":"page","link":"https:\/\/travelshelper.com\/hu\/destinations\/europe\/germany\/bad-bellingen\/","title":{"rendered":"Bad Bellingen"},"content":{"rendered":"<p>Bad Bellingen, egy 4504 lakos\u00fa telep\u00fcl\u00e9s, amely 16,93 n\u00e9gyzetkilom\u00e9teren ter\u00fcl el N\u00e9metorsz\u00e1g L\u00f6rrach j\u00e1r\u00e1s\u00e1ban, egyed\u00fcl\u00e1ll\u00f3 helyen fekszik a Fels\u0151-Rajna-s\u00edks\u00e1gon, a Fekete-erd\u0151 d\u00e9li l\u00e1b\u00e1n\u00e1l, k\u00f6zvetlen\u00fcl a francia hat\u00e1r mellett. M\u00fcllheim \u00e9szaki \u00e9s L\u00f6rrach d\u00e9li r\u00e9sze k\u00f6z\u00f6tt, alig 18 kilom\u00e9terre nyugatra Mulhouse-t\u00f3l, ez a telep\u00fcl\u00e9s mag\u00e1ban foglalja mind az alf\u00f6ld term\u00e9keny kiterjed\u00e9seit, mind a Rajn\u00e1n t\u00fali erd\u0151s lejt\u0151ket.<\/p>\n<p>A t\u00e1j n\u00e9gy egykori faluban bontakozik ki \u2013 Bad Bellingen, Bamlach, Hertingen \u00e9s Rheinweiler \u2013, amelyek mindegyike meg\u0151rizte egyedi jelleg\u00e9t, annak ellen\u00e9re, hogy 1975. janu\u00e1r 1. \u00f3ta egyetlen \u00f6nkorm\u00e1nyzattal rendelkeznek. Bellingen, a legnagyobb j\u00e1r\u00e1s, 1926 lakossal 4,26 km\u00b2-en, t\u00f6rt\u00e9nelmi magj\u00e1t a f\u00fcrd\u0151v\u00e1rossal egyes\u00edti; Bamlach, amely 762 lelket sz\u00e1ml\u00e1l 4,38 km\u00b2-en, sz\u0151l\u0151\u00fcltetv\u00e9nyek k\u00f6z\u00f6tt ter\u00fcl el; Hertingen 672 lakosa 5,66 km\u00b2 term\u0151f\u00f6ldet \u00e9s erd\u0151t foglal el; Rheinweiler 1144 lakosa pedig mind\u00f6ssze 2,63 km\u00b2-en \u00e9l a Rajna partj\u00e1n. Ezek a telep\u00fcl\u00e9sek pontosan megfelelnek az egykori auton\u00f3m telep\u00fcl\u00e9seknek, amelyeket az \u00e1llami t\u00f6rv\u00e9nyek \u201eOrtsteil\u201d-k\u00e9nt ismernek el.<\/p>\n<p>A gy\u00f6kerek t\u00f6bb mint egy \u00e9vezredre ny\u00falnak vissza, amikor egy Bellikon n\u00e9ven ismert alemann falucska el\u0151sz\u00f6r szerepel egy 1006-os kir\u00e1lyi oklev\u00e9lben. A mez\u0151v\u00e1rosb\u00f3l hal\u00e1sz- \u00e9s sz\u0151l\u0151termeszt\u0151 telep\u00fcl\u00e9ss\u00e9 v\u00e1l\u00e1s\u00e1t \u00e9vsz\u00e1zadokon \u00e1t helyi urak fel\u00fcgyelt\u00e9k. 1418-t\u00f3l az 1805-\u00f6s pozsonyi b\u00e9k\u00e9ig az andlaui b\u00e1r\u00f3k Fels\u0151-Ausztria r\u00e9szek\u00e9nt igazgatt\u00e1k a ter\u00fcletet, m\u00edgnem a nap\u00f3leoni \u00e1truh\u00e1z\u00e1sok a Badeni Nagyhercegs\u00e9gnek engedt\u00e9k \u00e1t.<\/p>\n<p>A m\u00e1sodik vil\u00e1gh\u00e1bor\u00fa puszt\u00edt\u00e1st v\u00e9gzett: az \u00e9p\u00edtett ter\u00fclet nagyj\u00e1b\u00f3l k\u00e9t\u00f6t\u00f6de 1945-re romokban hevert. A konfliktus ut\u00e1ni \u00fajj\u00e1\u00e9p\u00edt\u00e9s ambici\u00f3zus m\u00e9rn\u00f6ki projektekkel keresztezte mag\u00e1t. Az 1928-ban megkezdett, de a h\u00e1bor\u00fa alatt felf\u00fcggesztett Oldals\u00f3 Rajna-csatorna \u00e9p\u00edt\u00e9se az elz\u00e1szi oldalon folytat\u00f3dott, az alf\u00f6ld egyes r\u00e9szeit lecsapolva \u00e9s parlagon hagyva. A gazdas\u00e1g diverzifik\u00e1l\u00e1sa \u00e9rdek\u00e9ben a helyi hat\u00f3s\u00e1gok enged\u00e9lyezt\u00e9k a pr\u00f3baf\u00far\u00e1sokat az olaj ut\u00e1n. A fekete arany helyett a kutat\u00f3k 1956. november 28-\u00e1n egy term\u00e1lforr\u00e1st t\u00e1rtak fel. Az els\u0151 f\u00far\u00e1s, amelyet k\u00e9s\u0151bb Markusquelle-nek neveztek el, 36 \u00b0C-os vizet szolg\u00e1ltatott. K\u00e9t tov\u00e1bbi forr\u00e1s k\u00f6vetkezett: a Leodegar-forr\u00e1s 1972-ben 35,5 \u00b0C-on, \u00e9s az Eberhard-forr\u00e1s 1974-ben 40,7 \u00b0C-on. Ezek a n\u00e1trium-kalcium-klorid forr\u00e1sok egy\u00fctt csatlakoztak a r\u00e9gi\u00f3 patin\u00e1s f\u00fcrd\u0151v\u00e1rosaihoz \u2013 Badenweilerhez, Bad Krozingenhez, Freiburghoz \u00e9s Baden-Badenhez \u2013, hogy gy\u00f3gy\u00edt\u00f3 \u00e9lm\u00e9nyt ny\u00fajtsanak.<\/p>\n<p>\u00daj identit\u00e1s\u00e1nak elismer\u00e9sek\u00e9nt a k\u00f6z\u00f6ss\u00e9g 1969. okt\u00f3ber 14-\u00e9n hivatalosan is felvette a Bad el\u0151tagot, \u00e9s 1972-ben a feloszl\u00f3 M\u00fcllheim negyedb\u0151l L\u00f6rrachba k\u00f6lt\u00f6z\u00f6tt. A sz\u00fclet\u0151ben l\u00e9v\u0151 f\u00fcrd\u0151 legkor\u00e1bbi medenc\u00e9i \u00e1talak\u00edtott borosk\u00e1dakb\u00f3l \u00e1lltak. Az ezt k\u00f6vet\u0151 \u00e9vtizedekben form\u00e1t \u00f6lt\u00f6tt a Balinea term\u00e1lkomplexum, amely ma h\u00e1rom f\u0171t\u00f6tt medenc\u00e9vel, egy v\u00edzl\u00e9pcs\u0151vel, \u00f6t k\u00fcl\u00f6nb\u00f6z\u0151 h\u0151m\u00e9rs\u00e9klet\u0171 szaun\u00e1val, egy g\u0151zf\u00fcrd\u0151vel, egy meleg vizes medenc\u00e9vel \u00e9s egy f\u00e9lrees\u0151, Holt-tengeri s\u00f3val b\u00e9lelt barlanggal rendelkezik. A barlang sz\u00e1raz l\u00e9gk\u00f6r\u00e9ben \u2013 mind\u00f6ssze 25 sz\u00e1zal\u00e9kos p\u00e1ratartalom 21 \u00b0C-on \u2013 a negyven\u00f6t perces kezel\u00e9sek \u00e1ll\u00edt\u00f3lag a l\u00e9gz\u0151szervi \u00e9s idegi \u00e1llapotokat seg\u00edtik.<\/p>\n<p>A f\u00fcrd\u0151 el\u0151tt Erich Hauser monument\u00e1lis ac\u00e9lszobra vonzza a figyelmet. Az absztrakt alkot\u00e1st, amelyet 1992. j\u00fanius 14-\u00e9n adom\u00e1nyozott a v\u00e1rosnak sz\u00fcl\u0151f\u00f6ldje, Franz Mary, a meg\u00fajul\u00e1s helyi jelk\u00e9p\u00e9v\u00e9 v\u00e1lt, pol\u00edrozott fel\u00fcletei a termikus g\u0151z \u00e9s a napf\u00e9ny t\u00fckr\u00f6z\u0151d\u00e9s\u00e9t egyar\u00e1nt visszaadj\u00e1k.<\/p>\n<p>Bad Bellingen vall\u00e1si \u00e9lete a katolikus \u00e9s a protest\u00e1ns hagyom\u00e1nyokat \u00f6tv\u00f6zi. A Szent Leodegar pl\u00e9b\u00e1niatemplom a k\u00f6zponti ker\u00fcletet szolg\u00e1lja ki, m\u00edg Bamlachban a Szent P\u00e9ter \u00e9s P\u00e1l pl\u00e9b\u00e1nia, valamint a rheinweileri Szent Mikl\u00f3s k\u00e1polna tal\u00e1lhat\u00f3. Mindkett\u0151 a Schliengen\u2013Bad Bellingen lelk\u00e9szi egys\u00e9ghez tartozik. A f\u00fcrd\u0151v\u00e1rosban is van protest\u00e1ns pl\u00e9b\u00e1niai hivatal.<\/p>\n<p>Minden ker\u00fclet mag\u00e1n viseli a k\u00f6z\u00e9pkori uradalmak nyomait. Rheinweilerben, amelyet el\u0151sz\u00f6r 1097-ben dokument\u00e1ltak, a von Rotberg csal\u00e1d v\u00e1ra a feud\u00e1lis birtokl\u00e1s eml\u00e9k\u00e9re \u00e1ll. A 14. sz\u00e1zadban a b\u00e1zeli von Schaler csal\u00e1d birtokolta a falut, amely 1434-ben a rotbergi lovagrendhez ker\u00fclt. M\u00f6rs t\u00e1bornok vezette osztr\u00e1k er\u0151k 1793-ban a rheinweileri csat\u00e1ban meg\u00e1ll\u00edtott\u00e1k a francia forradalmi hadsereget, megakad\u00e1lyozva ezzel a Rajn\u00e1n val\u00f3 \u00e1tkel\u00e9st. A falu ezut\u00e1n Pressburg alatt csatlakozott Badenhez. Rheinweiler 20. sz\u00e1zadi t\u00f6rt\u00e9nete tragikus fordulatot vett 1971. j\u00falius 21-\u00e9n, amikor a 370-es \u201eSv\u00e1jc Express\u201d gyorsvonat 13:10-kor kisiklott egy kanyarban, 23 ember \u00e9let\u00e9t k\u00f6vetelve \u00e9s 121-en megsebes\u00fclve. Egy 75 km\/h-s kanyarban a t\u00falsebess\u00e9g miatt a N\u00e9met Sz\u00f6vets\u00e9gi Vasutak bevezett\u00e9k a pontvonat-vez\u00e9rl\u00e9st \u00e9s ler\u00f6vid\u00edtett\u00e9k a biztons\u00e1gi rendszerek v\u00e1laszidej\u00e9t, a Sz\u00f6vets\u00e9gi B\u00edr\u00f3s\u00e1g egy m\u00e9rf\u00f6ldk\u0151nek sz\u00e1m\u00edt\u00f3 \u00edt\u00e9lete pedig meger\u0151s\u00edtette az \u00fczemeltet\u0151k biztons\u00e1gi k\u00f6telezetts\u00e9geit.<\/p>\n<p>Bamlach, amelyet el\u0151sz\u00f6r 1130-ban eml\u00edtenek, \u00e9vsz\u00e1zadokat t\u00f6lt\u00f6tt a Rotberg b\u00e1r\u00f3k uralma alatt. Lank\u00e1s sz\u0151l\u0151skertjei \u00e9s gy\u00fcm\u00f6lcs\u00f6s\u00f6kkel bor\u00edtott vid\u00e9ke ma a Fels\u0151-Rajna Gy\u00f3gyf\u00fcrd\u0151m\u00fazeumnak ad otthont, amelyet 1991-ben alap\u00edtottak, hogy a f\u00fcrd\u0151kult\u00far\u00e1t a r\u00f3mai \u00f3kort\u00f3l a modern l\u00e1badoz\u00e1sig nyomon k\u00f6vesse. Ki\u00e1ll\u00edt\u00e1si helysz\u00ednei k\u00f6z\u00f6tt szerepel az egyik eredeti borosk\u00e1d, amely az els\u0151 gy\u00f3gyf\u00fcrd\u0151k\u00e9nt szolg\u00e1lt. A k\u00f6zelben, a Kapellenberg-dombon tal\u00e1lhat\u00f3 Maria H\u00fcgel k\u00e1poln\u00e1ja. Az 1866-ban fel\u00e1ll\u00edtott, egy r\u00e9gebbi M\u00e1ria-szoborra \u00e9p\u00fclt, amelyet 1945-ben leromboltak, majd hat \u00e9vvel k\u00e9s\u0151bb restaur\u00e1ltak, \u00e9s egy Hugo Eckert \u00e1ltal faragott, f\u00e1b\u00f3l k\u00e9sz\u00fclt szobrot \u0151riz. A k\u00e1polna kil\u00e1t\u00f3pontj\u00e1r\u00f3l tiszta napokon a megfigyel\u0151k megpillanthatj\u00e1k a Vog\u00e9zekben tal\u00e1lhat\u00f3 Hartmannswillerkopfot.<\/p>\n<p>A Bamlacher-lejt\u0151k\u00f6n folytat\u00f3dik a sz\u0151l\u0151termeszt\u00e9s, Pinot Blanc, Pinot Gris, M\u00fcller-Thurgau \u00e9s Pinot Noir sz\u0151l\u0151t teremve. Hertingen, k\u00f6z\u00e9pkori gy\u00f6kereivel \u00e9s az elhagyatott Kleinhertingen faluval, meg\u0151rizte a nyugalom hangulat\u00e1t. Tany\u00e1i \u00e9s a Hertinger M\u00fchle renesz\u00e1nsz st\u00edlus\u00fa malomja \u00e9vsz\u00e1zados vid\u00e9ki v\u00e1llalkoz\u00e1sr\u00f3l tan\u00faskodnak.<\/p>\n<p>A k\u00f6zigazgat\u00e1si rendszer Bad Bellingen \u00e9s szomsz\u00e9dos Schliengen k\u00f6z\u00f6tti kapcsolatot egy k\u00f6z\u00f6s k\u00f6zigazgat\u00e1si k\u00f6z\u00f6ss\u00e9g biztos\u00edtja, Schliengen pedig a v\u00e9grehajt\u00f3 \u00f6nkorm\u00e1nyzat. A k\u00f6zs\u00e9gi tan\u00e1cs 17 tiszteletbeli tan\u00e1csosb\u00f3l \u00e9s a polg\u00e1rmesterb\u0151l \u00e1ll. A 2024. j\u00fanius 9-i v\u00e1laszt\u00e1sokon h\u00e9t-h\u00e9t helyet kapott a CDU\/f\u00fcggetlen \u00e9s a szabad szavaz\u00f3k list\u00e1ja (mindkett\u0151 39,45 sz\u00e1zal\u00e9k), \u00e9s h\u00e1rmat az SPD (20,83 sz\u00e1zal\u00e9k). 2018 \u00f3ta a CDU-s Carsten Vogelpohl t\u00f6lti be a polg\u00e1rmesteri tiszts\u00e9get.<\/p>\n<p>A v\u00e1ros 1978. december 8-\u00e1n adom\u00e1nyozott c\u00edmer\u00e9ben egy ez\u00fcst hull\u00e1mos s\u00e1v szeli kett\u00e9 a pajzsot. Fel\u00fcl, k\u00e9ken egy ez\u00fcst sz\u00f6k\u0151k\u00fat t\u00f6r fel a hull\u00e1mb\u00f3l; alul, z\u00f6lden egy stiliz\u00e1lt arany sz\u0151l\u0151f\u00fcrt l\u00e1that\u00f3. A minta egyes\u00edti a v\u00e1ros k\u00e9t pill\u00e9r\u00e9t, a gy\u00f3gyf\u00fcrd\u0151t \u00e9s a bort, a Rajna sodr\u00e1s\u00e1val.<\/p>\n<p>A hat\u00e1rokon \u00e1tny\u00fal\u00f3 kapcsolatok hivatalos partners\u00e9gek form\u00e1j\u00e1ban is fennmaradnak Petit-Landau-val (Franciaorsz\u00e1g Haut-Rhin r\u00e9gi\u00f3ja) \u00e9s Reigoldswil-lel (Sv\u00e1jc B\u00e1zel-Landschaft r\u00e9gi\u00f3ja). A kultur\u00e1lis \u00e9let olyan esem\u00e9nyeken kereszt\u00fcl bontakozik ki, mint a Guggemusik Rondo Bellinziano Guggeballja, a helyi zenei egyes\u00fclet \u00e9ves koncertje, a F\u00e9nyfesztiv\u00e1l minden j\u00falius v\u00e9g\u00e9n, a hertingeni f\u00fcves p\u00e1ly\u00e1s versenyfut\u00e1s minden augusztusban, a Bamlach\/Rheinweiler sportklub Gr\u00fcmpel torn\u00e1ja a j\u00falius els\u0151 h\u00e9tv\u00e9g\u00e9j\u00e9n, a febru\u00e1ri farsangi c\u00e9hes est\u00e9k \u00e9s a Rheinauenlauf fut\u00e1s minden \u00e1prilisban.<\/p>\n<p>Gazdas\u00e1gi szempontb\u00f3l a f\u00fcrd\u0151k fel\u00fclm\u00falt\u00e1k a mez\u0151gazdas\u00e1got. T\u00f6bb mint 2000 vend\u00e9g\u00e1gy \u00e9vente mintegy 350 000 vend\u00e9g\u00e9jszak\u00e1t biztos\u00edt, \u00edgy a turizmus a bev\u00e9tel f\u0151 forr\u00e1sa. A mez\u0151k \u00e9s a sz\u0151l\u0151\u00fcltetv\u00e9nyek azonban tov\u00e1bbra is meghat\u00e1rozz\u00e1k a vid\u00e9ket, m\u00edg a Balinea f\u00fcrd\u0151k Eur\u00f3pa-szerte vonzz\u00e1k a wellness-keres\u0151ket.<\/p>\n<p>A k\u00f6zleked\u00e9si kapcsolatok jav\u00edtj\u00e1k a v\u00e1ros megk\u00f6zel\u00edthet\u0151s\u00e9g\u00e9t. A Rajna-v\u00f6lgyi vas\u00fat (Mannheim\u2013B\u00e1zel) Bad Bellingenben \u00e9s Rheinweilerben is meg\u00e1ll, ahonnan \u00f3r\u00e1nk\u00e9nt indulnak region\u00e1lis vonatok a d\u00e9li Basel Badischer Bahnhof \u00e9s az \u00e9szaki Freiburg im Breisgau \u00e1llom\u00e1sra. A ker\u00e9kp\u00e1rosok mindennapi \u00fatvonalakon \u00e9s t\u00e1vols\u00e1gi t\u00fara\u00fatvonalakon is bej\u00e1rhatj\u00e1k a telep\u00fcl\u00e9st: a Baden Wine ker\u00e9kp\u00e1r\u00fat Bamlach sz\u0151l\u0151\u00fcltetv\u00e9nyein kereszt\u00fcl vezet; a Rajna ker\u00e9kp\u00e1r\u00fat, amely az EuroVelo 15 \u00e9s a n\u00e9met D-8-as \u00fatvonal r\u00e9sze, \u00e9szak fel\u00e9 k\u00f6veti a Rajn\u00e1t; a D\u00e9li-Fekete-erd\u0151 ker\u00e9kp\u00e1r\u00fat pedig a foly\u00f3parton kanyarog. Az \u00fathaszn\u00e1l\u00f3k az A5-\u00f6s aut\u00f3p\u00e1ly\u00e1t \u2013 helyi kiszolg\u00e1l\u00f3 ter\u00fclettel egy\u00fctt \u2013 az Efringen-Kirchen (8 km) \u00e9s a M\u00fcllheim\/Neuenburg (6 km) csom\u00f3pontokon kereszt\u00fcl k\u00f6zel\u00edthetik meg, m\u00edg az A3-as sz\u00f6vets\u00e9gi aut\u00f3p\u00e1lya Hertingen mellett halad Freiburg \u00e9s L\u00f6rrach k\u00f6z\u00f6tt. Az EuroAirport Basel\u2013Mulhouse\u2013Freiburg rep\u00fcl\u0151t\u00e9r aut\u00f3val k\u00f6r\u00fclbel\u00fcl h\u00fasz perc alatt el\u00e9rhet\u0151.<\/p>\n<p>Az oktat\u00e1si ell\u00e1t\u00e1s mag\u00e1ban foglalja a Rheinweilerben tal\u00e1lhat\u00f3 \u00e1ltal\u00e1nos iskol\u00e1t \u00e9s a ker\u00fcletekben elosztott h\u00e1rom \u00f6nkorm\u00e1nyzati \u00f3vod\u00e1t, biztos\u00edtva, hogy a fiatal csal\u00e1dok k\u00e9zn\u00e9l tal\u00e1lj\u00e1k a gondoz\u00e1st \u00e9s az oktat\u00e1st.<\/p>\n<p>Bad Bellingen ma egy \u00f6sszef\u00fcgg\u0151 sz\u00f6vetet k\u00edn\u00e1l, amely a vid\u00e9ki \u00f6r\u00f6ks\u00e9gb\u0151l, a hat\u00e1rokon \u00e1tny\u00fal\u00f3 interakci\u00f3kb\u00f3l \u00e9s a ter\u00e1pi\u00e1s vizekb\u0151l sz\u0151tt. Szer\u00e9ny lakoss\u00e1ga \u00e9s kompakt m\u00e9rete meglep\u0151en soksz\u00edn\u0171 \u00e9lm\u00e9nyeket rejt mag\u00e1ban: k\u00f6z\u00e9pkori v\u00e1rak \u00e9s modern gy\u00f3gyf\u00fcrd\u0151i \u00e9p\u00edt\u00e9szet; sz\u0151l\u0151vel bor\u00edtott lejt\u0151k \u00e9s s\u00edkvid\u00e9kek; \u00e9vsz\u00e1zados szok\u00e1sokat meg\u00f6r\u00f6k\u00edt\u0151 fesztiv\u00e1lok \u00e9s kort\u00e1rs wellness-aj\u00e1nlatok, amelyek nemzetk\u00f6zi vend\u00e9gk\u00f6rt vonzanak. Ez a soksz\u00edn\u0171s\u00e9g egys\u00e9get tal\u00e1l a Rajna h\u00f6mp\u00f6lyg\u0151 medr\u00e9ben \u00e9s a k\u00f6rnyezet\u00e9b\u0151l felt\u00f6r\u0151 meleg forr\u00e1sokban, amelyek a sz\u0151l\u0151t \u00e9s a falut a rugalmass\u00e1g \u00e9s a meg\u00fajul\u00e1s k\u00f6z\u00f6s narrat\u00edv\u00e1j\u00e1ba k\u00f6tik.<\/p>","protected":false},"excerpt":{"rendered":"<p>Bad Bellingen, egy vonz\u00f3 telep\u00fcl\u00e9s a n\u00e9met Baden-W\u00fcrttemberg tartom\u00e1nyban, egy fest\u0151i v\u00e1ros, amely nyugatr\u00f3l hat\u00e1ros Franciaorsz\u00e1ggal. A L\u00f6rrach negyedben tal\u00e1lhat\u00f3 ez a b\u00e1jos hely a term\u00e9szeti sz\u00e9ps\u00e9g, a t\u00f6rt\u00e9nelmi jelent\u0151s\u00e9g\u0171 \u00e9s a modern wellness szolg\u00e1ltat\u00e1sok jellegzetes kombin\u00e1ci\u00f3j\u00e1val. B\u00e1r pontos n\u00e9pess\u00e9gstatisztik\u00e1k nem \u00e1llnak rendelkez\u00e9sre, Bad Bellingen apr\u00f3, de dinamikus faluk\u00e9nt val\u00f3 jellemz\u00e9se nyilv\u00e1nval\u00f3 a le\u00edr\u00e1s\u00e1b\u00f3l \u00e9s a l\u00e9tes\u00edtm\u00e9nyeib\u0151l.<\/p>","protected":false},"author":1,"featured_media":17468,"parent":13736,"menu_order":0,"comment_status":"closed","ping_status":"closed","template":"elementor_theme","meta":{"_eb_attr":"","footnotes":""},"class_list":["post-16551","page","type-page","status-publish","has-post-thumbnail"],"_links":{"self":[{"href":"https:\/\/travelshelper.com\/hu\/wp-json\/wp\/v2\/pages\/16551","targetHints":{"allow":["GET"]}}],"collection":[{"href":"https:\/\/travelshelper.com\/hu\/wp-json\/wp\/v2\/pages"}],"about":[{"href":"https:\/\/travelshelper.com\/hu\/wp-json\/wp\/v2\/types\/page"}],"author":[{"embeddable":true,"href":"https:\/\/travelshelper.com\/hu\/wp-json\/wp\/v2\/users\/1"}],"replies":[{"embeddable":true,"href":"https:\/\/travelshelper.com\/hu\/wp-json\/wp\/v2\/comments?post=16551"}],"version-history":[{"count":0,"href":"https:\/\/travelshelper.com\/hu\/wp-json\/wp\/v2\/pages\/16551\/revisions"}],"up":[{"embeddable":true,"href":"https:\/\/travelshelper.com\/hu\/wp-json\/wp\/v2\/pages\/13736"}],"wp:featuredmedia":[{"embeddable":true,"href":"https:\/\/travelshelper.com\/hu\/wp-json\/wp\/v2\/media\/17468"}],"wp:attachment":[{"href":"https:\/\/travelshelper.com\/hu\/wp-json\/wp\/v2\/media?parent=16551"}],"curies":[{"name":"wp","href":"https:\/\/api.w.org\/{rel}","templated":true}]}}