{"id":16242,"date":"2024-09-22T19:00:46","date_gmt":"2024-09-22T19:00:46","guid":{"rendered":"https:\/\/travelshelper.com\/staging\/?page_id=16242"},"modified":"2026-03-11T23:15:39","modified_gmt":"2026-03-11T23:15:39","slug":"podebrady","status":"publish","type":"page","link":"https:\/\/travelshelper.com\/hu\/destinations\/europe\/czech-republic\/podebrady\/","title":{"rendered":"Pod\u011bbrady"},"content":{"rendered":"<p>Pod\u011bbrady az Elba foly\u00f3 lank\u00e1s kanyarulat\u00e1ban fekszik, kompakt f\u00fcrd\u0151v\u00e1rosa \u00e9s t\u00f6rt\u00e9nelmi k\u00f6zpontja mind\u00f6ssze negyvenegy kilom\u00e9terre keletre fekszik Pr\u00e1g\u00e1t\u00f3l a modern D11-es aut\u00f3p\u00e1lya ment\u00e9n. A v\u00e1ros mintegy 33,7 n\u00e9gyzetkilom\u00e9teres kataszteri ter\u00fclete a sz\u00e9les Pol\u00e1biai-alf\u00f6ld\u00f6n fekszik, tengerszint feletti magass\u00e1ga alig v\u00e1ltozik 184 \u00e9s 190 m\u00e9ter k\u00f6z\u00f6tt. Ez a kim\u00e9rt s\u00edks\u00e1g, amelyet intenz\u00edven m\u0171velt, m\u00e9gis \u00e1rt\u00e9ri erd\u0151foszl\u00e1nyok tark\u00edtanak, az emberi telep\u00fcl\u00e9seknek ad otthont, ami\u00f3ta a legkor\u00e1bbi paleolitikus vad\u00e1szok a foly\u00f3 kanyarg\u00f3s partjain vad\u00e1sztak.<\/p>\n<p>Azokt\u00f3l a t\u00e1voli \u00e9vezredekt\u0151l napjainkig Pod\u011bbrady sorsa szorosan \u00f6sszefon\u00f3dott a v\u00edzfoly\u00e1saival. 1262-ben II. P\u0159emysl Otakar kir\u00e1ly felismerte a hely strat\u00e9giai \u00e9s eszt\u00e9tikai \u00e9rt\u00e9k\u00e9t is. Elrendelte egy k\u0151b\u0151l \u00e9p\u00fclt v\u00edzi v\u00e1r \u00e9p\u00edt\u00e9s\u00e9t egy egyszer\u0171 er\u0151d\u00edtett k\u00faria hely\u00e9n, amely egy telep\u00fcl\u00e9st hozott l\u00e9tre a foly\u00f3 partj\u00e1n. Az egym\u00e1st k\u00f6vet\u0151 \u00e9vsz\u00e1zadok sor\u00e1n az eredeti er\u0151d\u00f6t \u00e1talak\u00edtott\u00e1k az eleg\u00e1ns Pod\u011bbrady kast\u00e9lys\u00e1, melynek z\u00f6m\u00f6k falai \u00e9s kecses udvarai a v\u00e1ros identit\u00e1s\u00e1nak k\u00f6z\u00e9ppontj\u00e1v\u00e1 v\u00e1ltak.<\/p>\n<p>A Kun\u0161t\u00e1t-h\u00e1z, k\u00e9s\u0151bb Kun\u0161t\u00e1t-Pod\u011bbrad\u0161t\u00ed n\u00e9ven ismert, maradand\u00f3 \u00f6r\u00f6ks\u00e9get hagyott itt. Az \u0151 ir\u00e1ny\u00edt\u00e1suk alatt, nevezetesen Pod\u011bbrady Gy\u00f6rgy ir\u00e1ny\u00edt\u00e1sa alatt, a birtok vir\u00e1gzott. 1472-ben Gy\u00f6rgy fiai hivataloss\u00e1 tett\u00e9k a telep\u00fcl\u00e9s \u00f6nkorm\u00e1nyzati st\u00e1tusz\u00e1t, v\u00e1rosi kiv\u00e1lts\u00e1gokkal \u00e9s felel\u0151ss\u00e9gekkel ruh\u00e1zva fel. Gy\u00f6rgy cseh kir\u00e1lyr\u00e1 v\u00e1l\u00e1sa ut\u00e1n Pod\u011bbrady tekint\u00e9lyre \u00e9s bizonyos m\u00e9rt\u00e9k\u0171 kir\u00e1lyi p\u00e1rtfog\u00e1sra tett szert, amely a k\u00e9s\u0151 k\u00f6z\u00e9pkorban is fenntartotta vir\u00e1gz\u00e1s\u00e1t. A korm\u00e1nyz\u00e1s 1495-ben a kir\u00e1lyi kamara, majd 1839-ben a b\u00e9csi p\u00e9nzember, Georg von Sina mag\u00e1nk\u00e9zbe ker\u00fclt.<\/p>\n<p>Az 1905-\u00f6s \u00e9v azonban visszavonhatatlanul megv\u00e1ltoztatta Pod\u011bbrady rendeltet\u00e9s\u00e9t. A kast\u00e9ly udvar\u00e1n k\u00f6zel kilencvennyolc m\u00e9ter m\u00e9lyen felt\u00f6r\u0151 \u00e1sv\u00e1nyv\u00edzforr\u00e1s sz\u00e9nsavas, vasban gazdag vizet hozott felsz\u00ednre, amelyr\u0151l k\u00f6ztudott, hogy gy\u00f3gy\u00edt\u00f3 erej\u0171. 1908-ra fel\u00e9p\u00fclt az els\u0151 f\u00fcrd\u0151pavilon, \u00e9s az azt k\u00f6vet\u0151 \u00e9vtizedekben a v\u00e1ros a sz\u00edv- \u00e9s \u00e9rrendszeri kezel\u00e9sek k\u00f6zpontj\u00e1v\u00e1 v\u00e1lt. Feny\u0151\u00e1rny\u00e9kos parkja, amelyet az 1930-as \u00e9vekben Vojt\u011bch Kerhart tervei alapj\u00e1n alak\u00edtottak ki, a vas\u00fat\u00e1llom\u00e1s fel\u00e9 b\u0151v\u00fclt, amely maga is 1932-ben Csehorsz\u00e1g els\u0151 funkcionalista v\u00e9g\u00e1llom\u00e1sak\u00e9nt jelent meg.<\/p>\n<p>A f\u00fcrd\u0151park ma is a polg\u00e1ri \u00e9let k\u00f6zpontja, egy t\u00e1gas ter\u00fclet, ahol \u00f6nt\u00f6ttvas oszlopsorok \u00f3vj\u00e1k az \u00e1sv\u00e1nyvizes sz\u00f6k\u0151kutakat, \u00e9s egy h\u00edres vir\u00e1g\u00f3ra jelzi az \u00f3r\u00e1k m\u00fal\u00e1s\u00e1t egy szesz\u00e9lyes bronz t\u00f6rpe mellett, amely \u00fcti az id\u0151t. Ker\u00fclet\u00e9n Josef Fanta vill\u00e1i \u00e9s vend\u00e9gh\u00e1zai emelkednek, olyan szolg\u00e1ltat\u00e1sok, mint a Libensk\u00fd f\u00fcrd\u0151h\u00e1z, valamint a K\u00f6zponti \u00e9s a Ny\u00e1ri Gy\u00f3gyf\u00fcrd\u0151 \u00e9p\u00fcletei, amelyek letisztult vonalai a k\u00e9t vil\u00e1gh\u00e1bor\u00fa k\u00f6z\u00f6tti modernit\u00e1s \u00f6lel\u00e9s\u00e9t hirdetik.<\/p>\n<p>Pod\u011bbrady t\u00f6rt\u00e9nelmi k\u00f6zpontja, amely 1992 \u00f3ta v\u00e1rosi m\u0171eml\u00e9ki \u00f6vezetk\u00e9nt v\u00e9dett, meg\u0151rizte k\u00f6z\u00e9pkori \u00e9s kora \u00fajkori fejl\u0151d\u00e9s\u00e9nek jellegzetess\u00e9geit. A Ji\u0159\u00ed t\u00e9ren m\u00e9g mindig \u00e1ll a kast\u00e9ly kapuh\u00e1za \u00e9s a Bohuslav Schnirch \u00e1ltal k\u00e9sz\u00edtett 19. sz\u00e1zadi Gy\u00f6rgy kir\u00e1ly eml\u00e9km\u0171ve, amely a cseh monument\u00e1lis szobr\u00e1szat egyik cs\u00facspontja. Az 1765-\u00f6s M\u00e1ria-oszlop az 1714-es pestisj\u00e1rv\u00e1ny komor bizony\u00edt\u00e9kak\u00e9nt \u00e1ll. A teret szeg\u00e9lyezik a v\u00e1rosi nevezetess\u00e9gek: a renesz\u00e1nsz r\u00e9gi v\u00e1rosh\u00e1za, amely ma a v\u00e1rosi k\u00f6nyvt\u00e1r; az 1906-os neorenesz\u00e1nsz v\u00e1rosh\u00e1za; \u00e9s az 1899-es v\u00e1rosi takar\u00e9kp\u00e9nzt\u00e1r \u00e9p\u00fclete, amelynek eleg\u00e1ns homlokzata az Osztr\u00e1k-Magyar Monarchia fin-de-si\u00e8cle-i magabiztoss\u00e1g\u00e1ra eml\u00e9keztet.<\/p>\n<p>Ezeken a k\u00f6zponti helysz\u00edneken t\u00fal a v\u00e1ros a n\u00f6veked\u00e9s egym\u00e1st k\u00f6vet\u0151 szakaszait mutatja. B\u011blidla negyed a Szent Kereszt Felmagasztal\u00e1sa templomt\u00f3l keletre emelkedett a 18. sz\u00e1zad k\u00f6zep\u00e9n, m\u00edg Hr\u00e1z k\u00fclv\u00e1rosa a r\u00e9gi k\u00fclv\u00e1rosi t\u00f3 lecsapolt medr\u00e9ben j\u00f6tt l\u00e9tre. A vas\u00fat 1870-es meg\u00e9rkez\u00e9se, majd annak k\u00e9s\u0151bbi k\u00e9tv\u00e1g\u00e1ny\u00fav\u00e1 t\u00e9tele \u00e9s villamos\u00edt\u00e1sa a Franti\u0161ek Janda \u00e1ltal tervezett modern kertv\u00e1rosi negyedd\u00e9, a ma \u017di\u017ekov n\u00e9ven ismertt\u00e9 v\u00e1lt v\u00e1rosr\u00e9sz b\u0151v\u00edt\u00e9s\u00e9t eredm\u00e9nyezte. A neofunkcionalizmus is nyomot hagyott, a Kerhart \u00e1ltal tervezett mez\u0151gazdas\u00e1gi iskol\u00e1t\u00f3l \u00e9s post\u00e1t\u00f3l a Josef Semer\u00e1d \u00e1ltal tervezett csehszlov\u00e1k huszita templomig.<\/p>\n<p>A t\u00e1gabb k\u00f6rnyezetben a term\u00e9szet bujk\u00e1l. Az Elba egyik vak \u00e1ga, a helyiek \u00e1ltal Skupice n\u00e9ven ismert, a foly\u00f3 szab\u00e1lyoz\u00e1s el\u0151tti medr\u00e9t id\u00e9zi fel. A Cidlina foly\u00f3t\u00f3l keletre fekszik a Libick\u00fd luh nemzeti term\u00e9szetv\u00e9delmi ter\u00fclet, a s\u00edks\u00e1got egykor bebor\u00edt\u00f3 hatalmas \u00e1rt\u00e9ri erd\u0151k fennmaradt t\u00f6red\u00e9ke. A k\u00f6zeli \u017dehu\u0148sk\u00e1 obora erd\u00e9szeti rezerv\u00e1tumai, a P\u00edse\u010dn\u00fd presyp homokos z\u00e1tonyai, az erd\u0151s B\u00e1\u0148 \u00e9s a Vinn\u00fd vrch sz\u0151l\u0151hegy. A r\u00e9gi\u00f3 viszonylag meleg \u00e9ghajlata \u2013 9 \u00b0C k\u00f6r\u00fcli \u00e1tlagos \u00e9ves h\u0151m\u00e9rs\u00e9klettel \u2013 kora tavaszt \u00e9s k\u00e9s\u0151i, elh\u00faz\u00f3d\u00f3 \u0151szt hoz; a h\u00f3 ritk\u00e1n marad meg n\u00e9h\u00e1ny napn\u00e1l tov\u00e1bb, m\u00edg a t\u00e9li hull\u00e1mok \u00e9s a fagyos k\u00f6d szigor\u00fa b\u00e1jt k\u00f6lcs\u00f6n\u00f6z a foly\u00f3parti t\u00e1jnak.<\/p>\n<p>Demogr\u00e1fiailag Pod\u011bbrady sok\u00e1ig szer\u00e9ny m\u00e9ret\u0171 maradt. Nagyj\u00e1b\u00f3l tizen\u00f6tezer lakosa \u00f6t kataszteri ter\u00fcletet foglal el \u2013 Pod\u011bbrady, Polabec, Velk\u00e9 Zbo\u017e\u00ed, Kluk \u00e9s P\u0159edn\u00ed Lhota \u2013, amelyek 3369,7 hekt\u00e1ron ter\u00fclnek el. A 2001-es n\u00e9psz\u00e1ml\u00e1l\u00e1s szerint a lakosok k\u00f6zel k\u00e9tharmada nem vallott vall\u00e1si hovatartoz\u00e1st; azok k\u00f6z\u00fcl, akik igen, a r\u00f3mai katolikus egyh\u00e1z maradt a legfontosabb. Pod\u011bbrady, amely egykor egy kis zsid\u00f3 k\u00f6z\u00f6ss\u00e9g otthona volt, sok k\u00f6z\u00e9p-eur\u00f3pai v\u00e1roshoz hasonl\u00f3an l\u00e1tta, hogy ez a jelenl\u00e9t kiolt\u00f3dott a holokausztban.<\/p>\n<p>Pod\u011bbrady kult\u00far\u00e1ja egy meghitt, helyi sz\u00ednpadon bontakozik ki. A Na Kov\u00e1rn\u011b Sz\u00ednh\u00e1z \u00e9s a V\u00e1rmozi a kast\u00e9ly udvarait foglalja el, az egykori 233 f\u00e9r\u0151helyes sz\u00ednh\u00e1zteremben, amelyet 19. sz\u00e1zadi \u00e1llapot\u00e1ra \u00e1ll\u00edtottak fel. A Polabsk\u00e9 M\u00fazeum a \u0160ternberki Kunhuta \u00e1ltal alap\u00edtott egykori k\u00f6z\u00e9pkori k\u00f3rh\u00e1zban tal\u00e1lhat\u00f3, barokk homlokzata m\u00f6g\u00f6tte \u00e1ll: egy k\u00e1poln\u00e1ban, ahol Gy\u00f6rgy kir\u00e1ly sz\u00fcl\u0151term\u00e9ben ma Schnirch eredeti eml\u00e9km\u0171ve l\u00e1that\u00f3, valamint a 10. sz\u00e1zadb\u00f3l sz\u00e1rmaz\u00f3, f\u00e1b\u00f3l k\u00e9sz\u00fclt monoxyl cs\u00f3nakok. A Lys\u00e1 nad Labemben, Ro\u017e\u010falovice-ben, Sadsk\u00e1ban \u00e9s M\u011bstec Kr\u00e1lov\u00e9ban tal\u00e1lhat\u00f3 kieg\u00e9sz\u00edt\u0151 gy\u0171jtem\u00e9nyek kiterjesztik az int\u00e9zm\u00e9ny hat\u00f3k\u00f6r\u00e9t az eg\u00e9sz r\u00e9gi\u00f3ra.<\/p>\n<p>A Pod\u011bbrady V\u00e1rosi K\u00f6nyvt\u00e1r folytatja a renesz\u00e1nsz v\u00e1rosh\u00e1z\u00e1n 1930 \u00f3ta helyet kap\u00f3 polg\u00e1ri hagyom\u00e1nyokat, a f\u00fcrd\u0151park perem\u00e9n tal\u00e1lhat\u00f3 Ludv\u00edk Kuba Gal\u00e9ria pedig olyan m\u0171veket \u00e1ll\u00edt ki, amelyek a Polabiai-s\u00edks\u00e1g t\u00e1jait \u00e9s ritmusait id\u00e9zik. Az \u00e9venk\u00e9nt megrendezett fesztiv\u00e1lok meghat\u00e1roz\u00f3ak: a Gy\u00f6rgy kir\u00e1ly t\u00f6rt\u00e9nelmi fesztiv\u00e1lja k\u00f6z\u00e9pkori pomp\u00e1t k\u00edn\u00e1l; a K\u00f6lt\u00e9szeti Napok k\u00e9s\u0151 ny\u00e1ron \u00edr\u00f3kat \u00e9s felolvas\u00f3kat h\u00edvnak \u00f6ssze; az Eur\u00f3pa J\u00e1tszik Kmocha r\u00e9zf\u00fav\u00f3s verseny nemzetk\u00f6zi egy\u00fctteseket vonz; a FEMAD ifj\u00fas\u00e1gi sz\u00ednh\u00e1zi fesztiv\u00e1l, a majorett bajnoks\u00e1gok \u00e9s a Barvy l\u00e9ta zenei rendezv\u00e9ny pezsegteti a v\u00e1rosi tereket \u00e9s parkokat. Az okt\u00f3beri Prix Bohemia Radio a r\u00e1di\u00f3s dr\u00e1ma m\u0171v\u00e9szet\u00e9t \u00fcnnepli, 2016 \u00f3ta pedig a Soundtrack Pod\u011bbrady fesztiv\u00e1l filmzenei \u00e9s multim\u00e9di\u00e1s el\u0151ad\u00e1sokat mutat be.<\/p>\n<p>A k\u00f6zleked\u00e9si f\u0151utak \u0151si \u00e9s modern \u00fatvonalakat is k\u00f6vetnek. Pod\u011bbrady eredete a Kladsk\u00e1 \u00faton \u00e1tvezet\u0151 g\u00e1zl\u00f3n\u00e1l h\u00faz\u00f3dott, amely kereskedelmi \u00fatvonal Pr\u00e1g\u00e1t k\u00f6t\u00f6tte \u00f6ssze Szil\u00e9zi\u00e1val \u00e9s Lengyelorsz\u00e1ggal. A 19. sz\u00e1zad elej\u00e9re cs\u00e1sz\u00e1ri utak k\u00f6t\u00f6tt\u00e9k \u00f6ssze Hradec Kr\u00e1lov\u00e9val a P\u0159edm\u011bstsk\u00fd rybn\u00edk g\u00e1tj\u00e1n kereszt\u00fcl, valamint Kol\u00ednnal, Nymburk-kal \u00e9s azon t\u00fal, amelyek a D11-es aut\u00f3p\u00e1ly\u00e1k \u00e9s az I\/38, II\/611, I\/32 \u00e9s II\/329-es f\u0151utak forr\u00e1sai, amelyek ma is szolg\u00e1lj\u00e1k a v\u00e1rost. H\u00e9t h\u00edd \u00edvel \u00e1t az Elb\u00e1n a telep\u00fcl\u00e9s hat\u00e1rain bel\u00fcl, az 1828\u201331-es k\u0151 \u00e1rv\u00edzh\u00eddt\u00f3l \u00e9s annak 2008-as ac\u00e9l ut\u00f3dj\u00e1t\u00f3l a k\u00f6zpontban a Velk\u00e9 Zbo\u017e\u00ed-i g\u00e1zvezet\u00e9k h\u00eddj\u00e1ig. A gyalogosok egy 122 m\u00e9teres gyalogh\u00eddon kelnek \u00e1t, amelyet 2002-ben \u00e9p\u00edtettek a v\u00edzer\u0151m\u0171n\u00e9l, Anton\u00edn Engel egy m\u00e1sik terve, amelyet ma nemzeti kultur\u00e1lis eml\u00e9kk\u00e9nt v\u00e9denek.<\/p>\n<p>A vas\u00fati kapcsolatok 1870 \u00f3ta tartj\u00e1k fenn Pod\u011bbrady kapcsolatait. Az Osztr\u00e1k \u00c9szaknyugati Vas\u00fat (OSRA) k\u00e9tv\u00e1g\u00e1ny\u00fa, villamos\u00edtott 231-es vonala expressz \u00e9s helyi j\u00e1ratokat \u00fczemeltet Pr\u00e1g\u00e1ba, Kol\u00ednba, Hradec Kr\u00e1lov\u00e9ba \u00e9s azon t\u00falra, mintegy \u00f6tven vonattal, amelyek minden h\u00e9tk\u00f6znap meg\u00e1llnak a v\u00e1ros f\u0151p\u00e1lyaudvar\u00e1n \u00e9s a Velk\u00e9 Zbo\u017e\u00ed meg\u00e1ll\u00f3helyen. Az Elba kereskedelmi haj\u00f3z\u00e1s\u00e1t, amely egykor a Chvaletice er\u0151m\u0171be sz\u00e1nt sz\u00e9nnel sz\u00e1ll\u00edtott, m\u00e1ra a szabadid\u0151s haj\u00f3knak \u2013 a Kr\u00e1l Ji\u0159\u00ed \u043a\u0440\u0443\u0438\u0437haj\u00f3t\u00f3l a mag\u00e1n sporthaj\u00f3kig \u2013 \u00e9s az ose\u010deki falusi kompnak adt\u00e1k \u00e1t.<\/p>\n<p>A buszok t\u00e1vols\u00e1gi j\u00e1ratokat k\u00f6zlekedtetnek Csehorsz\u00e1g, valamint a szomsz\u00e9dos Szlov\u00e1kia \u00e9s Lengyelorsz\u00e1g f\u0151v\u00e1rosaiba \u00e9s f\u00fcrd\u0151v\u00e1rosaiba, b\u00e1r a v\u00e1rosi t\u00f6megk\u00f6zleked\u00e9s a 2016-ban bevezetett id\u0151sek taxi szolg\u00e1ltat\u00e1s\u00e1ra korl\u00e1toz\u00f3dik a hatvan\u00f6t \u00e9v feletti vagy mozg\u00e1skorl\u00e1tozott polg\u00e1rok sz\u00e1m\u00e1ra.<\/p>\n<p>Pod\u011bbrady jellege nem a leny\u0171g\u00f6z\u0151 er\u0151d\u00edtm\u00e9nyekb\u0151l vagy a dr\u00e1mai cs\u00facsokb\u00f3l fakad, hanem az \u00e9p\u00edtett k\u00f6rnyezet csendes koherenci\u00e1j\u00e1b\u00f3l, a foly\u00f3 egyenletes l\u00fcktet\u00e9s\u00e9b\u0151l \u00e9s annak a k\u00f6z\u00f6ss\u00e9gnek a rugalmass\u00e1g\u00e1b\u00f3l, amely az \u00f3kori romokat modern gy\u00f3gy\u00edt\u00f3 terekk\u00e9 alak\u00edtotta. Itt, a s\u00edks\u00e1g sz\u00e9les ege alatt nem l\u00e1tv\u00e1nyoss\u00e1gra, hanem kim\u00e9rt kecsess\u00e9gre lelhet\u00fcnk: a f\u00fcrd\u0151park hajnali csendj\u00e9re, az Elba sodr\u00e1s\u00e1nak csendj\u00e9re a kopott rakpart k\u00f6vei k\u00f6z\u00f6tt, a t\u00f6rt\u00e9nelem csendj\u00e9re, amely a k\u00f6v\u00f6n \u00e9s a v\u00edzen kereszt\u00fcl sz\u00f3lal meg. A m\u00falt \u00e9s a jelen tal\u00e1lkoz\u00e1s\u00e1n\u00e1l Pod\u011bbrady a reflexi\u00f3 \u00e9s a meg\u00fajul\u00e1s helysz\u00ednek\u00e9nt marad meg, l\u00e1gy ritmusai arra cs\u00e1b\u00edtj\u00e1k az utaz\u00f3kat, hogy a foly\u00f3 temp\u00f3j\u00e1ban haladjanak.<\/p>","protected":false},"excerpt":{"rendered":"<p>Pod\u011bbrady, a Cseh K\u00f6zt\u00e1rsas\u00e1g K\u00f6z\u00e9p-Csehorsz\u00e1gi r\u00e9gi\u00f3j\u00e1ban tal\u00e1lhat\u00f3 f\u00fcrd\u0151v\u00e1ros, amelynek lakoss\u00e1ga megk\u00f6zel\u00edt\u0151leg 15 000 f\u0151. Az Elba foly\u00f3 ment\u00e9n tal\u00e1lhat\u00f3 ez a ter\u00fclet t\u00f6rt\u00e9nelmi jelent\u0151s\u00e9g\u0171 \u00e9s modern wellness-szolg\u00e1ltat\u00e1sok kombin\u00e1ci\u00f3j\u00e1t mutatja be. A v\u00e1ros strat\u00e9giai elhelyezked\u00e9se Pr\u00e1g\u00e1t\u00f3l k\u00f6r\u00fclbel\u00fcl 39 kilom\u00e9terre keletre \u00e9s Nymburkt\u00f3l 7 kilom\u00e9terre d\u00e9lkeletre, el\u00e9rhet\u0151 mened\u00e9ket k\u00edn\u00e1l mind a lakosok, mind a v\u00e1rosi k\u00f6rnyezetb\u0151l megk\u00f6nnyebb\u00fcl\u00e9st keres\u0151 l\u00e1togat\u00f3k sz\u00e1m\u00e1ra.<\/p>","protected":false},"author":1,"featured_media":18769,"parent":14322,"menu_order":0,"comment_status":"closed","ping_status":"closed","template":"elementor_theme","meta":{"_eb_attr":"","footnotes":""},"class_list":["post-16242","page","type-page","status-publish","has-post-thumbnail"],"_links":{"self":[{"href":"https:\/\/travelshelper.com\/hu\/wp-json\/wp\/v2\/pages\/16242","targetHints":{"allow":["GET"]}}],"collection":[{"href":"https:\/\/travelshelper.com\/hu\/wp-json\/wp\/v2\/pages"}],"about":[{"href":"https:\/\/travelshelper.com\/hu\/wp-json\/wp\/v2\/types\/page"}],"author":[{"embeddable":true,"href":"https:\/\/travelshelper.com\/hu\/wp-json\/wp\/v2\/users\/1"}],"replies":[{"embeddable":true,"href":"https:\/\/travelshelper.com\/hu\/wp-json\/wp\/v2\/comments?post=16242"}],"version-history":[{"count":0,"href":"https:\/\/travelshelper.com\/hu\/wp-json\/wp\/v2\/pages\/16242\/revisions"}],"up":[{"embeddable":true,"href":"https:\/\/travelshelper.com\/hu\/wp-json\/wp\/v2\/pages\/14322"}],"wp:featuredmedia":[{"embeddable":true,"href":"https:\/\/travelshelper.com\/hu\/wp-json\/wp\/v2\/media\/18769"}],"wp:attachment":[{"href":"https:\/\/travelshelper.com\/hu\/wp-json\/wp\/v2\/media?parent=16242"}],"curies":[{"name":"wp","href":"https:\/\/api.w.org\/{rel}","templated":true}]}}