{"id":16218,"date":"2024-09-22T18:20:15","date_gmt":"2024-09-22T18:20:15","guid":{"rendered":"https:\/\/travelshelper.com\/staging\/?page_id=16218"},"modified":"2026-03-11T22:53:01","modified_gmt":"2026-03-11T22:53:01","slug":"jachymov","status":"publish","type":"page","link":"https:\/\/travelshelper.com\/hu\/destinations\/europe\/czech-republic\/jachymov\/","title":{"rendered":"J\u00e1chymov"},"content":{"rendered":"<p>Magasan az \u00c9rchegys\u00e9gben, a cseh-n\u00e9met hat\u00e1r ment\u00e9n fekszik J\u00e1chymov, egy keskeny v\u00f6lgyben, 733 m\u00e9terrel a tengerszint felett, melyet olyan magas cs\u00facsok szeg\u00e9lyeznek, mint a Kl\u00ednovec (1244 m) \u00e9s a Bo\u017e\u00eddarsk\u00fd \u0160pi\u010d\u00e1k (1115 m). A jelenlegi k\u00f6r\u00fclbel\u00fcl 2300 lakos\u00fa v\u00e1ros viharvert homlokzatai \u00e9s meredek, kanyarg\u00f3s utc\u00e1i egy olyan korszakra eml\u00e9keztetnek, amelyben a v\u00e1ros a Cseh Kir\u00e1lys\u00e1g legnagyobb v\u00e1rosi k\u00f6zpontjai k\u00f6z\u00e9 tartozott. Az \u00e1sv\u00e1nykincsek, az \u00fatt\u00f6r\u0151 koh\u00e1szat \u00e9s a f\u00fcrd\u0151k tal\u00e1lkoz\u00e1sa messzemen\u0151 befoly\u00e1ssal b\u00edrt erre a helyre \u2013 ez\u00fcstp\u00e9nzver\u00e9s\u00e9r\u0151l kapta a nev\u00e9t a tall\u00e9r, \u00e9s v\u00e9gs\u0151 soron a doll\u00e1r; ur\u00e1nja tudom\u00e1nyos \u00e1tt\u00f6r\u00e9sekr\u0151l \u00e9s emberi trag\u00e9di\u00e1kr\u00f3l egyar\u00e1nt tan\u00faskodik; radonban gazdag forr\u00e1saib\u00f3l pedig a vil\u00e1g els\u0151 radioakt\u00edv vizeken alapul\u00f3 ter\u00e1pi\u00e1s f\u00fcrd\u0151i j\u00f6ttek l\u00e9tre.<\/p>\n<p>J\u00e1chymov eredetileg egy n\u00e9vtelen v\u00f6lgyk\u00e9nt indult, amelyet n\u00e9met\u00fcl egyszer\u0171en csak \u201eThal\u201d-nak, vagy \u201ev\u00f6lgynek\u201d neveztek. Ez 1516-ban megv\u00e1ltozott, amikor Steffan Schlick megalap\u00edtotta a Sankt Joachimsthal \u2013 \u201eSzent Joachim v\u00f6lgye\u201d \u2013 nev\u0171 telep\u00fcl\u00e9st, amelyet k\u00e9s\u0151bb csehszlov\u00e1kul J\u00e1chymovra v\u00e1ltoztattak. A v\u00f6lgy meredek falai \u00e9vsz\u00e1zados kitermel\u00e9s nyomait viselik magukon, m\u00edg az erd\u0151s lejt\u0151k a gerincek fel\u00e9 emelkednek, amelyek egykor kereskedelmi \u00fatvonalakat hat\u00e1roztak meg Csehorsz\u00e1g \u00e9s Sz\u00e1szorsz\u00e1g k\u00f6z\u00f6tt. Ma a v\u00e1ros \u00f6t k\u00f6zigazgat\u00e1si r\u00e9szre oszlik \u2013 J\u00e1chymov k\u00f6zs\u00e9g, Mari\u00e1nsk\u00e1, Nov\u00e9 M\u011bsto, Such\u00e1 \u00e9s Vr\u0161ek \u2013, amelyek mindegyike a b\u00e1ny\u00e1szok, nemes mec\u00e9n\u00e1sok \u00e9s k\u00e9s\u0151bb az eg\u00e9szs\u00e9g\u00fcket keres\u0151 l\u00e1togat\u00f3k egym\u00e1st k\u00f6vet\u0151 hull\u00e1maival j\u00e1r\u00f3 fejl\u0151d\u00e9si r\u00e9tegeket t\u00fckr\u00f6zi.<\/p>\n<p>Az ez\u00fcst\u00e9rc 1512-es felfedez\u00e9se szinte egyik napr\u00f3l a m\u00e1sikra \u00e1talak\u00edtotta J\u00e1chymovot. A Schlick csal\u00e1d p\u00e1rtfog\u00e1sa alatt gyors n\u00e9pess\u00e9gn\u00f6veked\u00e9s k\u00f6vetkezett be, \u00e9s 1534-re a v\u00e1ros mintegy 20 000 lakossal b\u00fcszk\u00e9lkedhetett \u2013 ezzel Csehorsz\u00e1g m\u00e1sodik legn\u00e9pesebb v\u00e1rosa lett. A p\u00e9nzver\u00e9s k\u00f6zponti szerepet j\u00e1tszott a helyi iparban: 1520-t\u00f3l kezd\u0151d\u0151en az 1533 \u00e9s 1536 k\u00f6z\u00f6tt \u00e9p\u00fclt kir\u00e1lyi l\u00e9tes\u00edtm\u00e9nyben m\u0171k\u00f6d\u0151 p\u00e9nzverdepr\u00e9sekb\u0151l gurultak a Joachimthaler n\u00e9ven ismert ez\u00fcstp\u00e9nzek. Ezek a \u201etalerek\u201d eg\u00e9sz Eur\u00f3p\u00e1ban forgalomban voltak, nev\u00fck cseh\u00fcl \u201etolar\u201d, hollandul \u201edaalder\u201d, v\u00e9g\u00fcl angolul \u201edoll\u00e1r\u201d lett. Amikor I. Ferdin\u00e1nd 1528-ban megragadta a b\u00e1ny\u00e1szati \u200b\u200bjogokat, a Schlick gr\u00f3fok elvesztett\u00e9k monop\u00f3liumukat, de a Joachimthaler legend\u00e1ja fennmaradt, nyelvi \u00f6r\u00f6ks\u00e9ge a vil\u00e1g minden t\u00e1j\u00e1n haszn\u00e1lt p\u00e9nznemekben fennmaradt.<\/p>\n<p>J\u00e1chymov tekint\u00e9lyes koh\u00e1szati \u200b\u200bm\u0171veletei vonzott\u00e1k Georgius Agricol\u00e1t, a n\u00e9met orvost \u00e9s term\u00e9szettud\u00f3st, akinek 1527 \u00e9s 1531 k\u00f6z\u00f6tti megfigyel\u00e9sei megalapozt\u00e1k a modern \u00e1sv\u00e1nytan tudom\u00e1ny\u00e1t. Dokument\u00e1lta a kemenceterveket, az \u00e9rcek elv\u00e1laszt\u00e1s\u00e1nak technik\u00e1it \u00e9s az koh\u00e1szat k\u00e9mi\u00e1j\u00e1t, eredm\u00e9nyeit pedig a De re metallica (1556) c\u00edm\u0171 k\u00f6nyv\u00e9ben publik\u00e1lta. Agricola munk\u00e1ss\u00e1ga koh\u00e1szok gener\u00e1ci\u00f3i sz\u00e1m\u00e1ra volt ir\u00e1nymutat\u00f3. \u00c1m \u00e9ppen azok a folyamatok, amelyek gazdag\u00edtott\u00e1k Csehorsz\u00e1got, vesz\u00e9lyeket is rejtettek magukban: a b\u00e1ny\u00e1szok m\u00e9rgez\u0151 port l\u00e9legeztek be \u00e9s neh\u00e9z k\u00f6r\u00fclm\u00e9nyeket \u00e1lltak ki, el\u0151revet\u00edtve a foglalkoz\u00e1si megbeteged\u00e9sekr\u0151l sz\u00f3l\u00f3 k\u00e9s\u0151bbi besz\u00e1mol\u00f3kat.<\/p>\n<p>J\u00e1chymov vir\u00e1gz\u00e1s\u00e1t vall\u00e1si felfordul\u00e1s \u00e1rny\u00e9kolta be. A v\u00e1ros az 1520-as \u00e9vekben \u00e1tt\u00e9rt a luther\u00e1nus hitre, \u00e9s fel\u00e9p\u00edtette Szent Joachim templom\u00e1t (1534\u20131540), amely Csehorsz\u00e1g els\u0151 protest\u00e1ns szent\u00e9lye volt. A schmalkaldeni h\u00e1bor\u00faval sz\u00e1sz csapatok foglalt\u00e1k el a v\u00f6lgyet, majd az 1621-es ellenreform\u00e1ci\u00f3t k\u00f6vet\u0151en sok luther\u00e1nus csal\u00e1d menek\u00fclt sz\u00e1sz ter\u00fcletekre. Ezt k\u00f6vet\u0151en a katolikus szertart\u00e1sok ker\u00fcltek el\u0151t\u00e9rbe, \u00e9s J\u00e1chymov Habsburg ker\u00fcleti k\u00f6zpontt\u00e1 v\u00e1lt Ausztria-Magyarorsz\u00e1gon bel\u00fcl a birodalom 1918-as felboml\u00e1s\u00e1ig. M\u00edg az ez\u00fcst a 18. sz\u00e1zadban is fontos maradt, a nikkel, bizmut, \u00f3lom, arz\u00e9n, kobalt, \u00f3n \u00e9s a 19. sz\u00e1zadra az ur\u00e1n kitermel\u00e9s\u00e9nek b\u0151v\u00fcl\u00e9se diverzifik\u00e1lta a helyi kitermel\u0151 gazdas\u00e1got.<\/p>\n<p>A 19. sz\u00e1zad k\u00f6zep\u00e9n \u00faj ipar\u00e1gak jelentek meg a b\u00e1ny\u00e1szat mellett: ur\u00e1nalap\u00fa pigmenteket gy\u00e1rtottak, \u00e9s doh\u00e1nygy\u00e1rat nyitottak 1856-ban, illetve 1860-ban. 1873-ban egy puszt\u00edt\u00f3 t\u0171zv\u00e9sz a v\u00e1rosmag nagy r\u00e9sz\u00e9t elpuszt\u00edtotta. Az \u00fajj\u00e1\u00e9p\u00edt\u00e9s sor\u00e1n barokk \u00e9s neoklasszicista homlokzatokat kaptak a fennmaradt renesz\u00e1nsz v\u00e1z\u00e1k. A 1520 k\u00f6r\u00fcl \u00e9p\u00fclt 131. sz\u00e1m\u00fa patr\u00edcius h\u00e1z egykor Csehorsz\u00e1g legr\u00e9gebbi gy\u00f3gyszert\u00e1r\u00e1nak adott otthont. A v\u00e1rosh\u00e1za, amelyet eredetileg az 1530-as \u00e9vekben emeltek egykori Schlick-rezidenci\u00e1n, 1901\u20131902-ben szecesszi\u00f3s vir\u00e1gkor\u00e1t \u00e9lte \u00e1t, \u00e9s ma egy ritka latin iskolai k\u00f6nyvt\u00e1rnak ad otthont boltozatos alagsor\u00e1ban.<\/p>\n<p>1898-ban egy uraninit medd\u0151h\u00e1ny\u00f3n\u00e1l Maria Sk\u0142odowska-Curie azonos\u00edtott egy \u00faj elemet \u2013 a r\u00e1diumot \u2013, ami J\u00e1chymovot a vil\u00e1g f\u0151 nemesf\u00e9mforr\u00e1s\u00e1v\u00e1 tette az els\u0151 vil\u00e1gh\u00e1bor\u00faig. Egy \u00e9vtizeddel k\u00e9s\u0151bb, 1929-ben, a pr\u00e1gai belgy\u00f3gy\u00e1sz, Dr. Josef L\u00f6wy a b\u00e1ny\u00e1kban el\u0151fordul\u00f3 \u201erejt\u00e9lyes kisug\u00e1rz\u00e1sokat\u201d a b\u00e1ny\u00e1szok k\u00f6r\u00e9ben el\u0151fordul\u00f3 t\u00fcd\u0151r\u00e1kkal hozta \u00f6sszef\u00fcgg\u00e9sbe. A javul\u00f3 szell\u0151z\u00e9s, a v\u00edzpermetez\u0151 rendszerek \u00e9s a megemelt b\u00e9rek ellen\u00e9re a morbidit\u00e1s tov\u00e1bbra is magas maradt. Az ebb\u0151l az id\u0151szakb\u00f3l sz\u00e1rmaz\u00f3 publik\u00e1lt besz\u00e1mol\u00f3k az ur\u00e1nkitermel\u0151 munk\u00e1sok \u00e1tlagos v\u00e1rhat\u00f3 \u00e9lettartama k\u00f6r\u00fclbel\u00fcl negyvenk\u00e9t \u00e9v. Ezek a komor statisztik\u00e1k a 20. sz\u00e1zad s\u00f6t\u00e9tebb fejezeteit vet\u00edtett\u00e9k el\u0151re.<\/p>\n<p>Az 1938-as m\u00fcncheni meg\u00e1llapod\u00e1st k\u00f6vet\u0151en J\u00e1chymovot a n\u00e1ci N\u00e9metorsz\u00e1g annekt\u00e1lta. Az 1939 \u00e9s 1945 k\u00f6z\u00f6tt kitermelt ur\u00e1n a Harmadik Birodalom nukle\u00e1ris amb\u00edci\u00f3it t\u00e1mogatta \u2013 v\u00e9g\u00fcl sikertelen\u00fcl egy m\u0171k\u00f6d\u0151k\u00e9pes reaktor meg\u00e9p\u00edt\u00e9s\u00e9ben. Ezzel egyidej\u0171leg k\u00e9nyszermunkat\u00e1borok emelkedtek a b\u00e1ny\u00e1k k\u00f6r\u00fcl. A szovjet hadifoglyok brut\u00e1lis k\u00f6r\u00fclm\u00e9nyek k\u00f6z\u00f6tt dolgoztak, ak\u00e1rcsak a cseh politikai foglyok, akiket 1948 ut\u00e1n a kommunista uralom alatt tartottak fogva. A b\u00e1ny\u00e1szat 1964-ig folytat\u00f3dott, k\u00f6rnyezeti \u00e9s emberi szennyez\u00e9s \u00f6r\u00f6ks\u00e9g\u00e9t hagyva maga ut\u00e1n.<\/p>\n<p>B\u00e1ny\u00e1szati \u200b\u200b\u00f6r\u00f6ks\u00e9g\u00e9vel p\u00e1rhuzamosan J\u00e1chymov \u00e1polta a hidroter\u00e1pia hagyom\u00e1ny\u00e1t. 1864-ben egy radonnal teli vizet ad\u00f3 forr\u00e1st csapoltak meg, de csak 1906-ban ny\u00edlt meg Eur\u00f3pa els\u0151 radonf\u00fcrd\u0151je. A k\u00f6zeli Karlovy Vary \u00e9s Mari\u00e1nsk\u00e9 L\u00e1zn\u011b mint\u00e1j\u00e1ra az Agricola Gy\u00f3gyf\u00fcrd\u0151k\u00f6zpont (1906\u20131911) a forr\u00e1s radioaktivit\u00e1s\u00e1t \u2013 a vitatott sug\u00e1rz\u00e1si horm\u00e9zis hipot\u00e9zis\u00e9re alapozva \u2013 haszn\u00e1lta fel neurol\u00f3giai betegs\u00e9gek, reumatikus rendelleness\u00e9gek, b\u0151rbetegs\u00e9gek \u00e9s olyan anyagcsere-\u00e1llapotok kezel\u00e9s\u00e9re is, mint a k\u00f6szv\u00e9ny \u00e9s a cukorbetegs\u00e9g. Ma orvosi fel\u00fcgyelet mellett a l\u00e1togat\u00f3k oldott radonnal (\u00b2\u00b2\u00b2Rn) t\u00f6lt\u00f6tt f\u00fcrd\u0151kbe m\u00e1rt\u00f3zhatnak, hisznek a f\u00e1jdalomcsillap\u00edt\u00f3 \u00e9s gyullad\u00e1scs\u00f6kkent\u0151 hat\u00e1s\u00e1ban, a tudom\u00e1nyos k\u00f6z\u00f6ss\u00e9gen bel\u00fcli folyamatos vita ellen\u00e9re.<\/p>\n<p>A legt\u00f6bb b\u00e1ny\u00e1szati \u200b\u200btev\u00e9kenys\u00e9g bez\u00e1r\u00e1sa ut\u00e1n az 1525-ben alap\u00edtott Svornost b\u00e1nya tov\u00e1bbra is Eur\u00f3pa legr\u00e9gebbi m\u0171k\u00f6d\u0151 b\u00e1ny\u00e1ja. M\u00e1sutt az Eduard komplexumot biatlonk\u00f6zpontt\u00e1 alak\u00edtott\u00e1k \u00e1t, amely kilom\u00e9ternyi p\u00e1ly\u00e1n k\u00edn\u00e1l s\u00edel\u00e9si \u00e9s l\u00f6v\u00e9szeti lehet\u0151s\u00e9geket. J\u00e1chymov felv\u00e9tele az \u00c9rchegyi B\u00e1ny\u00e1szati \u200b\u200bR\u00e9gi\u00f3 UNESCO Vil\u00e1g\u00f6r\u00f6ks\u00e9gi list\u00e1j\u00e1ra a technikai eml\u00e9kekben gazdag kultur\u00e1lis t\u00e1jat ismeri el: b\u00e1nyaakn\u00e1k, salakhalmok, koh\u00f3k \u00e9s v\u00edzgazd\u00e1lkod\u00e1si rendszerek. A 16. sz\u00e1zadi p\u00e9nzverde \u00e9p\u00fclet\u00e9ben tal\u00e1lhat\u00f3 J\u00e1chymov Kir\u00e1lyi P\u00e9nzverde M\u00fazeum a p\u00e9nzver\u00e9s technik\u00e1it \u00e9s a p\u00e9nzt\u00f6rt\u00e9netet mutatja be. A Szenth\u00e1roms\u00e1g-oszlop (1703) a v\u00e1ros f\u0151ter\u00e9n \u00e1ll, m\u00edg a szomsz\u00e9dos Freudenstein-v\u00e1r \u2013 amely egykor v\u00e9delmi er\u0151d volt, 1520 k\u00f6r\u00fcl \u00e9p\u00fclt \u2013 k\u00e9t tornyot (Schlick-torony \u00e9s az \u00fagynevezett Prach\u00e1rna) \u0151riz a romos b\u00e1sty\u00e1kb\u00f3l.<\/p>\n<p>A v\u00e1ros m\u0171eml\u00e9ki \u00f6vezete bonyolult port\u00e1lokkal rendelkez\u0151 polg\u00e1rh\u00e1zak \u00f6sszef\u00fcgg\u0151 egy\u00fcttes\u00e9t \u0151rzi, renesz\u00e1nsz magjaikat barokk \u00e9s neoklasszicista fel\u00faj\u00edt\u00e1sok \u00f6lelik k\u00f6r\u00fcl. A szent helyek k\u00f6z\u00e9 tartozik a Mindenszentek temploma (kora renesz\u00e1nsz, 1520), amely fav\u00e1zas r\u00e9szeir\u0151l nevezetes; a Szent Joachim templom, amely eredeti evang\u00e9likus jelleg\u00e9b\u0151l barokk fel\u00faj\u00edt\u00e1son (1764\u20131785) \u00e9s az 1870-es \u00e9vekbeli t\u0171zv\u00e9sz ut\u00e1ni \u00e1lg\u00f3tikus rekonstrukci\u00f3n kereszt\u00fcl fejl\u0151d\u00f6tt ki; valamint az evang\u00e9likus templom (1904), az \u00e1lrenesz\u00e1nsz forma figyelemre m\u00e9lt\u00f3 p\u00e9ld\u00e1ja. A f\u00fcrd\u0151\u00e9p\u00edt\u00e9szeti st\u00edlus tov\u00e1bb gazdag\u00edtja a v\u00e1rosi sz\u00f6vetet: a neoklasszicista Radium Palace Hotel (1912) olyan h\u00edress\u00e9geket fogadott, mint Richard Strauss zeneszerz\u0151, Tom\u00e1\u0161 G. Masaryk \u00e1llamf\u00e9rfi \u00e9s I. Fuad egyiptomi kir\u00e1ly. Karel Lidick\u00fd szobr\u00e1szm\u0171v\u00e9sz 1966-os eml\u00e9km\u0171ve a Curie csal\u00e1d itteni munk\u00e1ss\u00e1g\u00e1t \u00e1ll\u00edtja eml\u00e9ket, felirata J\u00e1chymov r\u00e1dium\u00f6r\u00f6ks\u00e9g\u00e9t jel\u00f6li.<\/p>\n<p>A mai J\u00e1chymov az eml\u00e9kez\u00e9s \u00e9s a kikapcsol\u00f3d\u00e1s k\u00f6z\u00f6tt egyens\u00falyoz. Vas\u00fati \u00f6sszek\u00f6ttet\u00e9s hi\u00e1ny\u00e1ban az I\/25-\u00f6s \u00faton, valamint Karlovy Varyba buszj\u00e1rattal lehet eljutni. T\u00e9len h\u00e1rom s\u00edterep \u2013 Novako, Kl\u00ednovec \u00e9s Kl\u00ednovec-Neklid \u2013 vonzza az alpesi \u00e9s s\u00edfut\u00f3sport szerelmeseit, m\u00edg az Eduard-i biatlonp\u00e1lya a b\u00e1ny\u00e1k sportc\u00e9lokra \u00e1talak\u00edtott, szigor\u00fa m\u00faltj\u00e1ra eml\u00e9keztet. A Georgius Agricola V\u00edzipark fedett szabadid\u0151s lehet\u0151s\u00e9geket k\u00edn\u00e1l, nev\u00e9t a v\u00e1ros tudom\u00e1nyos \u0151s\u00e9re utalva kapta. S\u0171r\u0171 t\u0171level\u0171 erd\u0151k \u00e9s hegyvid\u00e9ki legel\u0151k veszik k\u00f6r\u00fcl, J\u00e1chymov sokr\u00e9t\u0171 \u00e9lm\u00e9nyt k\u00edn\u00e1l: a m\u00e9lyen a f\u00f6ld alatt cs\u00e1k\u00e1nyok visszhangj\u00e1t, a hegyi leveg\u0151ben a feny\u0151illatot \u00e9s a modern f\u00fcrd\u0151l\u00e9tes\u00edtm\u00e9nyek tompa z\u00fcmm\u00f6g\u00e9s\u00e9t. K\u0151homlokzataiban \u00e9s kanyarg\u00f3s utc\u00e1iban a v\u00e1ros ez\u00fcstrudak, olvadt \u00e9rc \u00fcstjei, Nobel-d\u00edjasok \u00e9s olyan foglyok visszhangj\u00e1t \u0151rzi, akiknek \u00e9lete a f\u00f6ld alatti ereihez k\u00f6t\u0151d\u00f6tt.<\/p>\n<p>J\u00e1chymov elbesz\u00e9l\u00e9se nem t\u00f6retlen diadal \u00e9s nem is sz\u00fcntelen trag\u00e9dia, hanem az emberi amb\u00edci\u00f3k \u2013 gazdas\u00e1gi, tudom\u00e1nyos, politikai \u00e9s ter\u00e1pi\u00e1s \u2013 gobelinje, amely az \u00c9rchegys\u00e9g egyenetlen terep\u00e9be sz\u0151tt. \u00c9rm\u00e9i form\u00e1lt\u00e1k a glob\u00e1lis kereskedelmet; r\u00e1diuma az orvosi optimizmust \u00e9s az emberi szenved\u00e9st egyar\u00e1nt t\u00e1pl\u00e1lta; forr\u00e1sai pedig fenntartott\u00e1k a hitet a f\u00f6ldalatti gy\u00f3gy\u00edt\u00f3 forr\u00e1sokban. A v\u00f6lgy, amely egykor n\u00e9vad\u00f3 p\u00e9nznem\u00e9nek adott otthont, ma az er\u0151forr\u00e1sok, az ipar \u00e9s a k\u00f6z\u00f6ss\u00e9g \u00f6sszetett k\u00f6lcs\u00f6nhat\u00e1s\u00e1ra h\u00edv elm\u00e9lked\u00e9sre. A kont\u00faros k\u00f6vek \u00e9s a t\u00e9li k\u00f6d\u00f6k k\u00f6z\u00f6tt J\u00e1chymov az alkalmazkod\u00e1s, az eml\u00e9kezet \u00e9s a hely tart\u00f3s rezonanci\u00e1j\u00e1nak bizonys\u00e1g\u00e1ul szolg\u00e1l.<\/p>","protected":false},"excerpt":{"rendered":"<p>J\u00e1chymov, a csehorsz\u00e1gi Karlovy Vary r\u00e9gi\u00f3ban tal\u00e1lhat\u00f3 kis f\u00fcrd\u0151v\u00e1ros, amelynek lakoss\u00e1ga k\u00f6r\u00fclbel\u00fcl 2400 f\u0151. Ez az \u00c9rchegys\u00e9gben tal\u00e1lhat\u00f3 t\u00f6rt\u00e9nelmi telep\u00fcl\u00e9s jelent\u0151sen befoly\u00e1solta az eur\u00f3pai t\u00f6rt\u00e9nelmet, k\u00fcl\u00f6n\u00f6sen a b\u00e1ny\u00e1szat, a k\u00f6zgazdas\u00e1gtan \u00e9s az eg\u00e9szs\u00e9gtudom\u00e1ny ter\u00fclet\u00e9n.<\/p>","protected":false},"author":1,"featured_media":29465,"parent":14322,"menu_order":0,"comment_status":"closed","ping_status":"closed","template":"elementor_theme","meta":{"_eb_attr":"","footnotes":""},"class_list":["post-16218","page","type-page","status-publish","has-post-thumbnail"],"_links":{"self":[{"href":"https:\/\/travelshelper.com\/hu\/wp-json\/wp\/v2\/pages\/16218","targetHints":{"allow":["GET"]}}],"collection":[{"href":"https:\/\/travelshelper.com\/hu\/wp-json\/wp\/v2\/pages"}],"about":[{"href":"https:\/\/travelshelper.com\/hu\/wp-json\/wp\/v2\/types\/page"}],"author":[{"embeddable":true,"href":"https:\/\/travelshelper.com\/hu\/wp-json\/wp\/v2\/users\/1"}],"replies":[{"embeddable":true,"href":"https:\/\/travelshelper.com\/hu\/wp-json\/wp\/v2\/comments?post=16218"}],"version-history":[{"count":0,"href":"https:\/\/travelshelper.com\/hu\/wp-json\/wp\/v2\/pages\/16218\/revisions"}],"up":[{"embeddable":true,"href":"https:\/\/travelshelper.com\/hu\/wp-json\/wp\/v2\/pages\/14322"}],"wp:featuredmedia":[{"embeddable":true,"href":"https:\/\/travelshelper.com\/hu\/wp-json\/wp\/v2\/media\/29465"}],"wp:attachment":[{"href":"https:\/\/travelshelper.com\/hu\/wp-json\/wp\/v2\/media?parent=16218"}],"curies":[{"name":"wp","href":"https:\/\/api.w.org\/{rel}","templated":true}]}}