{"id":16212,"date":"2024-09-22T18:15:28","date_gmt":"2024-09-22T18:15:28","guid":{"rendered":"https:\/\/travelshelper.com\/staging\/?page_id=16212"},"modified":"2026-03-11T22:53:19","modified_gmt":"2026-03-11T22:53:19","slug":"ferencfurdo","status":"publish","type":"page","link":"https:\/\/travelshelper.com\/hu\/destinations\/europe\/czech-republic\/frantiskovy-lazne\/","title":{"rendered":"Ferencf\u00fcrd\u0151"},"content":{"rendered":"<p>Franti\u0161kovy L\u00e1zn\u011b Nyugat-Csehorsz\u00e1g egy csendes szeglet\u00e9t foglalja el, Chebt\u0151l \u00f6t kilom\u00e9terre \u00e9szakra, a Cheb-medence legnyugatibb ny\u00falv\u00e1ny\u00e1n. Enyhe dombjai legfeljebb 483 m\u00e9teres tengerszint feletti magass\u00e1gba emelkednek a Na Sk\u00e1l\u00e9ban, m\u00e9gis gazdag \u00e1sv\u00e1nyforr\u00e1sok h\u00e1l\u00f3j\u00e1t rejtik, amelyek h\u00edrneve \u00e9vsz\u00e1zados m\u00faltra tekint vissza. Az Oh\u0159e mell\u00e9kfoly\u00f3ja, a Slatinn\u00fd potok kanyarog \u00e1t a telep\u00fcl\u00e9sen, nyolc telep\u00fcl\u00e9s \u2013 Franti\u0161kovy L\u00e1zn\u011b (2 986 lakos), Aleje-Z\u00e1ti\u0161\u00ed (59), Dlouh\u00e9 Mosty (44), Doln\u00ed Lomany (235), Slatinn\u00ed Krany1 (9) 46 (9) \u2013 mellett. \u00e9s \u017d\u00edrovice (355) \u2013 miel\u0151tt elt\u0171nt az alf\u00f6ld\u00f6n. Egy sor halast\u00f3, amelyek k\u00f6z\u00fcl a legnagyobb az Amerika, tark\u00edtja a t\u00e1jat, nyugati szigete v\u00e9dett mened\u00e9k a v\u00e1ndorl\u00f3 v\u00edzimadarak sz\u00e1m\u00e1ra, keleti partjai pedig a ny\u00e1ri kikapcsol\u00f3d\u00e1snak vannak szentelve.<\/p>\n<p>E r\u00e9gi\u00f3 vizeit legal\u00e1bb a tizennegyedik sz\u00e1zad v\u00e9ge \u00f3ta nagyra becs\u00fclik, amikor Georgius Agricola (1494\u20131555) feljegyezte a Cheb lak\u00f3i \u00e1ltal haszn\u00e1lt s\u00f3s forr\u00e1sokat. Ezekben a korai \u00e9vekben a helyi hagyom\u00e1ny \u0151si szok\u00e1s szerint enged\u00e9lyezte a polg\u00e1roknak a kutak haszn\u00e1lat\u00e1t; a vizet agyaged\u00e9nyekbe merett\u00e9k, \u00e9s a birodalom eg\u00e9sz ter\u00fclet\u00e9n sz\u00e9tk\u00fcldt\u00e9k. 1700-ra ezeknek a forr\u00e1soknak az elad\u00e1sai \u00e1ll\u00edt\u00f3lag meghaladt\u00e1k az \u00f6sszes korabeli gy\u00f3gyf\u00fcrd\u0151 egy\u00fcttes termel\u00e9s\u00e9t. 1705 k\u00f6r\u00fcl egy fogad\u00f3t alap\u00edtottak a k\u00e9s\u0151bb Franzensquelle n\u00e9ven ismert forr\u00e1s mellett, jelezve az els\u0151 szer\u00e9ny l\u00e9p\u00e9seket egy hivatalos \u00fcd\u00fcl\u0151hely fel\u00e9.<\/p>\n<p>A hivatalos megalap\u00edt\u00e1sra 1793. \u00e1prilis 27-\u00e9n ker\u00fclt sor, amikor Bernhard Adler (1753\u20131810) egri (ma Cheb) orvos cs\u00e1sz\u00e1ri enged\u00e9lyt kapott a Kaiser Franzensdorf \u2013 k\u00e9s\u0151bb Franzensbad \u2013 megalap\u00edt\u00e1s\u00e1ra II. Ferenc cs\u00e1sz\u00e1r tisztelet\u00e9re. Adler fel\u00fcgyelte a mocsaras l\u00e1pvid\u00e9k lecsapol\u00e1s\u00e1t, gyaloghidak \u00e9p\u00edt\u00e9s\u00e9t, valamint egy pavilon \u00e9s v\u00edzgy\u0171jt\u0151 fel\u00e1ll\u00edt\u00e1s\u00e1t Franzensquelle-ben, amely k\u00f6r\u00fcl huszonn\u00e9gy forr\u00e1st helyezett el der\u00e9ksz\u00f6g\u0171 r\u00e1csban. Elk\u00e9pzel\u00e9se heves ellen\u00e1ll\u00e1sba \u00fctk\u00f6z\u00f6tt az \u00fagynevezett Egerer Weibersturmban, amikor a forr\u00e1sv\u00edz \u00e9rt\u00e9kes\u00edt\u00e9s\u00e9t\u0151l f\u00fcgg\u0151 meg\u00e9lhet\u00e9s\u00fcket biztos\u00edt\u00f3 helyi asszonyok lerombolt\u00e1k korai l\u00e9tes\u00edtm\u00e9nyeit. Cheb v\u00e1rosi tan\u00e1cs\u00e1nak beavatkoz\u00e1sa lecsillap\u00edtotta a zavarg\u00e1sokat, \u00e9s a sz\u00e1zad k\u00f6zep\u00e9re Franzensbad f\u00fcggetlen k\u00f6zs\u00e9gg\u00e9 v\u00e1lt (1852), kiterjedt s\u00e9t\u00e1ny-, pavilon- \u00e9s sz\u00e1ll\u00e1shelyh\u00e1l\u00f3zattal a vizek gy\u00f3gy\u00edt\u00f3 hat\u00e1s\u00e1t keres\u0151 l\u00e1togat\u00f3k sz\u00e1m\u00e1ra.<\/p>\n<p>A \u00fcd\u00fcl\u0151hely els\u0151 \u00e9vtizedeiben a kor n\u00e9h\u00e1ny legkiv\u00e1l\u00f3bb szem\u00e9lyis\u00e9ge is p\u00e1rtfog\u00e1sba ker\u00fclt. Johann Wolfgang von Goethe t\u00f6bbsz\u00f6r is ell\u00e1togatott ide; benyom\u00e1sai k\u00e9s\u0151bb Johannes Urzidil \u200b\u200b1932-es memo\u00e1rj\u00e1ban, a Goethe in B\u00f6hmenben elevenedtek meg. Ludwig van Beethoven a Brentano csal\u00e1ddal \u00e9rkezett, Johann Strauss Jr. pedig saj\u00e1t kering\u0151inek dallamaira s\u00e9t\u00e1lt a kertekben. Bo\u017eena N\u011bmcov\u00e1 \u00e9s Marie von Ebner-Eschenbach \u2013 akiknek 1858-as novell\u00e1ja, az Aus Franzensbad a \u00fcd\u00fcl\u0151hely t\u00e1rsas\u00e1gi \u00e9let\u00e9t v\u00e1zolta fel \u2013 irodalmi zar\u00e1ndoklatai tov\u00e1bb \u00f6regb\u00edtett\u00e9k a v\u00e1ros h\u00edrnev\u00e9t. I. K\u00e1roly f\u0151herceg \u00e9s I. Ferenc J\u00f3zsef cs\u00e1sz\u00e1r cs\u00e1sz\u00e1ri p\u00e1rtfog\u00e1sban r\u00e9szes\u00edtette Franzensbadot, ut\u00f3bbi 1865-ben v\u00e1rosi rangra emelte a v\u00e1rost.<\/p>\n<p>A tizenkilencedik sz\u00e1zad folyam\u00e1n orosz nagyurak \u00e9s eur\u00f3pai arisztokrat\u00e1k \u00f6z\u00f6nl\u00f6ttek Franzensbadba, akiket olyan \u00fatt\u00f6r\u0151 kezel\u00e9sek vonzottak, mint a t\u0151zegp\u00e9pes f\u00fcrd\u0151k, amelyek a kontinensen az els\u0151k k\u00f6z\u00f6tt voltak a maguk nem\u00e9ben. Az 1827-ben \u00e9p\u00fclt nyilv\u00e1nos f\u00fcrd\u0151h\u00e1z k\u00f6z\u00f6ss\u00e9gi l\u00e9tes\u00edtm\u00e9nyeket k\u00edn\u00e1lt, m\u00edg a f\u0151bb utak ment\u00e9n mag\u00e1nvill\u00e1k \u00e9s sz\u00e1llod\u00e1k sorakoztak. A sz\u00e1zadfordul\u00f3ra az \u00e9ves l\u00e1togatotts\u00e1g k\u00f6zel 20 000 betegre \u00e9s 80 000 turist\u00e1ra duzzadt, akik hint\u00f3val, majd k\u00e9s\u0151bb vonattal, a Cheb\u2013Hof vonalon \u00e9rkeztek. A \u00fcd\u00fcl\u0151hely ortogon\u00e1lis alaprajza, amelyet \u00e1rnyas sik\u00e1torok \u00e9s neoklasszicista pavilonok tark\u00edtanak, a felvil\u00e1gosod\u00e1s korabeli rend \u00e9s j\u00f3l\u00e9t eszm\u00e9nyeir\u0151l tan\u00faskodott.<\/p>\n<p>Az Osztr\u00e1k\u2013Magyar Monarchia 1918-as \u00f6sszeoml\u00e1sa bizonytalan id\u0151szakot hozott. Csehszlov\u00e1kia r\u00e9szek\u00e9nt a v\u00e1ros hagyom\u00e1nyos vend\u00e9gk\u00f6re cs\u00f6kkent; az 1929-es nagy gazdas\u00e1gi vil\u00e1gv\u00e1ls\u00e1g \u00fajabb csap\u00e1st m\u00e9rt a f\u00fcrd\u0151gazdas\u00e1gra. A m\u00e1sodik vil\u00e1gh\u00e1bor\u00fa ut\u00e1n a n\u00e9met ajk\u00fa lakoss\u00e1got a Bene\u0161-dekr\u00e9tumok \u00e9rtelm\u00e9ben kiutas\u00edtott\u00e1k, \u00e9s a \u00fcd\u00fcl\u0151helyet \u2013 amelyet hivatalosan Franti\u0161kovy L\u00e1zn\u011b-re kereszteltek \u00e1t \u2013 a kommunista rezsim \u00e1llamos\u00edtotta. L\u00e9trej\u00f6tt egy \u00e1llami f\u00fcrd\u0151t\u00e1rsas\u00e1g, amely nyolc f\u00fcrd\u0151h\u00e1zat \u00e9s sz\u00e1llod\u00e1t egyes\u00edtett mintegy 1500 f\u00e9r\u0151hellyel, \u00e9s huszonn\u00e9gy forr\u00e1st \u00fczemeltetett, amelyek k\u00f6z\u00fcl tizenkett\u0151 ma is haszn\u00e1latban van.<\/p>\n<p>Az 1989-es b\u00e1rsonyos forradalom \u00fajabb \u00e1talakul\u00e1st ind\u00edtott el. A f\u00fcrd\u0151vagyont egy r\u00e9szv\u00e9nyt\u00e1rsas\u00e1g kez\u00e9be adt\u00e1k, amelynek c\u00e9lja a nemzetk\u00f6zi \u00e9rdekl\u0151d\u00e9s fel\u00e9leszt\u00e9se volt. A cs\u00e1sz\u00e1rkori homlokzatok restaur\u00e1l\u00e1sa, a t\u00f6rt\u00e9nelmi forr\u00e1spavilonok fel\u00faj\u00edt\u00e1sa \u00e9s a kezel\u0151l\u00e9tes\u00edtm\u00e9nyek korszer\u0171s\u00edt\u00e9se napjainkban is folytat\u00f3dik. 1992-ben a v\u00e1rosk\u00f6zpont v\u00e1rosi m\u0171eml\u00e9ki v\u00e9detts\u00e9get kapott. 2021-ben az UNESCO Franti\u0161kovy L\u00e1zn\u011bt Karlovy Varyval \u00e9s Mari\u00e1nsk\u00e9 L\u00e1zn\u011bvel egy\u00fctt felvette az Eur\u00f3pa Nagy F\u00fcrd\u0151v\u00e1rosai Vil\u00e1g\u00f6r\u00f6ks\u00e9g r\u00e9sz\u00e9v\u00e9, elismerve term\u00e9szetes forr\u00e1sait \u00e9s a barokkt\u00f3l a szecesszi\u00f3ig terjed\u0151, a kontinens 18. \u00e9s 20. sz\u00e1zad k\u00f6z\u00f6tti eg\u00e9szs\u00e9g- \u00e9s szabadid\u0151kultusz\u00e1t.<\/p>\n<p>A mai ter\u00e1pi\u00e1s rendszer gy\u00f6kerei tov\u00e1bbra is a helyi geol\u00f3gi\u00e1ban gy\u00f6kereznek. A csapad\u00e9k besziv\u00e1rog a Cheb-medence \u00fcled\u00e9kes r\u00e9tegeibe, feloldja a sz\u00e9n-dioxidot \u00e9s az \u00e1sv\u00e1nyi s\u00f3kat, miel\u0151tt huszonh\u00e1rom akt\u00edv forr\u00e1sban felt\u00f6rne. B\u00e1r a k\u00e9miai \u00f6sszet\u00e9tel elt\u00e9r\u0151, minden v\u00edzben magas az oldott sz\u00e9nsav tartalma. A hidrosztatikus f\u00fcrd\u0151k ezeket a tulajdons\u00e1gokat haszn\u00e1lj\u00e1k ki a sz\u00edv- \u00e9s \u00e9rrendszeri teljes\u00edtm\u00e9ny fokoz\u00e1s\u00e1ra, enyh\u00e9n cs\u00f6kkentik a v\u00e9rnyom\u00e1st \u00e9s el\u0151seg\u00edtik a v\u00e9rkering\u00e9st, mik\u00f6zben enyh\u00edtik a kr\u00f3nikus gyullad\u00e1st \u00e9s enyh\u00fcl\u00e9st ny\u00fajtanak a reumatikus \u00e1llapotokra. A helyi iszapkezel\u00e9sek termikus, k\u00e9miai \u00e9s mechanikai ingereket \u00f6tv\u00f6znek: az izomzatra felvitt meleg\u00edtett iszap- \u00e9s \u00e1sv\u00e1nyv\u00edzkever\u00e9k n\u00f6veli a mozg\u00e9konys\u00e1got \u00e9s enyh\u00edti a f\u00e1jdalmat a fokozatos h\u0151\u00e1tad\u00e1s \u00e9s az \u00e1sv\u00e1nyi anyagok felsz\u00edv\u00f3d\u00e1sa r\u00e9v\u00e9n.<\/p>\n<p>A gy\u00f3gyf\u00fcrd\u0151n t\u00fal Franti\u0161kovy L\u00e1zn\u011b \u00e9p\u00edtett \u00f6r\u00f6ks\u00e9ge felfedez\u00e9sre cs\u00e1b\u00edt. A neorenesz\u00e1nsz T\u00e1rsash\u00e1z (1877) a gy\u00f3gyf\u00fcrd\u0151 k\u00f6zpontj\u00e1nak k\u00f6zpontja, amely oszlopos homlokzatai \u00e9s boltozatos bels\u0151 terei k\u00f6z\u00f6tt kongresszusoknak, hivatalos b\u00e1loknak \u00e9s egy kaszin\u00f3nak ad otthont. Egy r\u00f6vid s\u00e9ta nyugat fel\u00e9 t\u00e1rul el\u00e9nk a Szent Kereszt Felmagasztal\u00e1sa templom (1815\u20131820), az empire st\u00edlus\u00fa szakr\u00e1lis \u00e9p\u00edt\u00e9szet tiszta p\u00e9ld\u00e1ja, amelyet szigor\u00fa oszlopcsarnoka \u00e9s kifinomult d\u00edsz\u00edt\u00e9se jellemez. A k\u00f6zelben tal\u00e1lhat\u00f3 Szent Olga templom (1887) az orosz barokkot id\u00e9zi hagymakupol\u00e1ival \u00e9s aranyozott ikonoszt\u00e1z\u00e1val, tan\u00faskodik a c\u00e1ri birtokokr\u00f3l \u00e9rkez\u0151 l\u00e1togat\u00f3kr\u00f3l, akik egykor itt kerestek megnyugv\u00e1st. A Szent P\u00e9ter \u00e9s P\u00e1l Evang\u00e9likus Templom (1875\u20131880) a neorom\u00e1n t\u00f6megszerkezetet egy kubista ihlet\u00e9s\u0171 toronnyal \u00f6tv\u00f6zi, amelyet az 1920-as \u00e9vekben \u00e9p\u00edtettek, m\u00edg Horn\u00ed Lomanyban a Nagy Szent Jakab barokk temploma (1739\u20131741) a f\u00fcrd\u0151v\u00e1ros el\u0151tti vid\u00e9ki pl\u00e9b\u00e1niai \u00e9letre eml\u00e9keztet.<\/p>\n<p>A kultur\u00e1lis \u00fatvonal el\u0151ad\u00e1sokra \u00e9s ki\u00e1ll\u00edt\u00e1sokra is kiterjed. A Bo\u017eena N\u011bmcov\u00e1 Sz\u00ednh\u00e1z, amelyet 1868-ban avattak fel, majd 1927\u20131928-ban neoklasszicista form\u00e1ban, art deco bels\u0151 terekkel \u00fajj\u00e1\u00e9p\u00edtettek, fresk\u00f3kkal d\u00edsz\u00edtett mennyezet alatt koncerteket \u00e9s helyi sz\u00edndarabokat rendez. A V\u00e1rosi M\u00fazeum a v\u00e1ros fejl\u0151d\u00e9s\u00e9t mutatja be a mocsaras forr\u00e1sparti gy\u00fclekez\u0151helyt\u0151l a Belle \u00c9poque c\u00e9lpontj\u00e1ig, m\u00edg a mag\u00e1n Motorker\u00e9kp\u00e1r- \u00e9s Aut\u00f3m\u00fazeum a mechanikus k\u00e9zm\u0171vess\u00e9g \u00e9s a formatervez\u00e9s ir\u00e1nti \u00e9rdekl\u0151d\u00e9st k\u00edn\u00e1lja. A k\u00f6nnyedebb kikapcsol\u00f3d\u00e1st az Aquaforum v\u00edzipark k\u00edn\u00e1lja, amely modern medenc\u00e9kkel, cs\u00faszd\u00e1kkal \u00e9s wellness-r\u00e9szlegekkel k\u00f6ti \u00f6ssze a m\u00faltat \u200b\u200b\u00e9s a jelent a v\u00edzi sz\u00f3rakoztat\u00e1son kereszt\u00fcl.<\/p>\n<p>Franti\u0161kovy L\u00e1zn\u011b modern megk\u00f6zel\u00edt\u00e9se egyszer\u0171. Az I\/21-es \u00fat Chebet \u00e9s a D6-os aut\u00f3p\u00e1ly\u00e1t k\u00f6ti \u00f6ssze a n\u00e9met hat\u00e1rral Vojtanovn\u00e1l, m\u00edg az I\/64-es \u00fat A\u0161 fel\u00e9 \u00e1gazik el, az I\/6-os \u00fat pedig \u2013 a D6 folytat\u00e1sak\u00e9nt \u2013 d\u00e9l fel\u00e9 tart Pomez\u00ed nad Oh\u0159\u00ed fel\u00e9. A Cheb\u2013Hof vonalon rendszeres vonatj\u00e1ratok k\u00f6zlekednek, amelyek mind a gy\u00f3gyf\u00fcrd\u0151 vend\u00e9geket, mind a kir\u00e1ndul\u00f3kat a v\u00e1ros sz\u00edv\u00e9be hozz\u00e1k.<\/p>\n<p>B\u00e1r alig 5600 lakosnak ad otthont, Franti\u0161kovy L\u00e1zn\u011b m\u00e1ig a t\u00e1j \u00e9s az \u00e9p\u00edt\u00e9szet, a tudom\u00e1ny \u00e9s a t\u00e1rsas\u00e1gi \u00e9let metsz\u00e9spontj\u00e1nak tan\u00fabizonys\u00e1ga. Gondosan \u00e1polt s\u00e9t\u00e1nyain \u00e9s oszlopos folyos\u00f3in \u00e9rezhet\u0151 a felvil\u00e1gosod\u00e1s korabeli hit a term\u00e9szet gy\u00f3gy\u00edt\u00f3 erej\u00e9ben. \u00c1sv\u00e1nyviz\u00e9nek \u00f6lel\u00e9s\u00e9ben minden \u00faj gener\u00e1ci\u00f3 \u00fajra felfedezi ugyanazt a der\u0171s intenzit\u00e1st, amely \u00f6t \u00e9vsz\u00e1zaddal ezel\u0151tt el\u0151sz\u00f6r felkeltette Georgius Agricola k\u00edv\u00e1ncsis\u00e1g\u00e1t. Itt, a nyugodt tavak \u00e9s a tizennyolcadik sz\u00e1zadi pavilonok k\u00f6z\u00f6tt a m\u00falt \u00e9s a jelen ritmusa a j\u00f3l\u00e9t t\u00fcrelmes kibontakoz\u00e1s\u00e1ban tal\u00e1lkozik.<\/p>","protected":false},"excerpt":{"rendered":"<p>Franti\u0161kovy L\u00e1zn\u011b mintegy 5800 lakos\u00fa f\u00fcrd\u0151v\u00e1ros Csehorsz\u00e1gban, a Karlovy Vary r\u00e9gi\u00f3 Cheb ker\u00fclet\u00e9ben. Ez az egerlandi Chebt\u0151l k\u00f6r\u00fclbel\u00fcl 5 kilom\u00e9terre \u00e9szakra fekv\u0151 helysz\u00edn a nyugat-csehorsz\u00e1gi gy\u00f3gyf\u00fcrd\u0151h\u00e1romsz\u00f6g jelent\u0151s r\u00e9sze, Karlovy Vary \u00e9s Mari\u00e1nsk\u00e9 L\u00e1zn\u011b v\u00e1rosok mellett.<\/p>","protected":false},"author":1,"featured_media":18720,"parent":14322,"menu_order":0,"comment_status":"closed","ping_status":"closed","template":"elementor_theme","meta":{"_eb_attr":"","footnotes":""},"class_list":["post-16212","page","type-page","status-publish","has-post-thumbnail"],"_links":{"self":[{"href":"https:\/\/travelshelper.com\/hu\/wp-json\/wp\/v2\/pages\/16212","targetHints":{"allow":["GET"]}}],"collection":[{"href":"https:\/\/travelshelper.com\/hu\/wp-json\/wp\/v2\/pages"}],"about":[{"href":"https:\/\/travelshelper.com\/hu\/wp-json\/wp\/v2\/types\/page"}],"author":[{"embeddable":true,"href":"https:\/\/travelshelper.com\/hu\/wp-json\/wp\/v2\/users\/1"}],"replies":[{"embeddable":true,"href":"https:\/\/travelshelper.com\/hu\/wp-json\/wp\/v2\/comments?post=16212"}],"version-history":[{"count":0,"href":"https:\/\/travelshelper.com\/hu\/wp-json\/wp\/v2\/pages\/16212\/revisions"}],"up":[{"embeddable":true,"href":"https:\/\/travelshelper.com\/hu\/wp-json\/wp\/v2\/pages\/14322"}],"wp:featuredmedia":[{"embeddable":true,"href":"https:\/\/travelshelper.com\/hu\/wp-json\/wp\/v2\/media\/18720"}],"wp:attachment":[{"href":"https:\/\/travelshelper.com\/hu\/wp-json\/wp\/v2\/media?parent=16212"}],"curies":[{"name":"wp","href":"https:\/\/api.w.org\/{rel}","templated":true}]}}