{"id":15974,"date":"2024-09-22T01:11:09","date_gmt":"2024-09-22T01:11:09","guid":{"rendered":"https:\/\/travelshelper.com\/staging\/?page_id=15974"},"modified":"2024-09-22T01:13:07","modified_gmt":"2024-09-22T01:13:07","slug":"felelossegelhatarolas","status":"publish","type":"page","link":"https:\/\/travelshelper.com\/hu\/disclaimer\/","title":{"rendered":"Jogi nyilatkozat"},"content":{"rendered":"<div data-elementor-type=\"wp-page\" data-elementor-id=\"15974\" class=\"elementor elementor-15974\">\n\t\t\t\t<div class=\"elementor-element elementor-element-6f0bcdfa e-flex e-con-boxed e-con e-parent\" data-id=\"6f0bcdfa\" data-element_type=\"container\" data-e-type=\"container\">\n\t\t\t\t\t<div class=\"e-con-inner\">\n\t\t<div class=\"elementor-element elementor-element-627d6690 e-con-full e-flex e-con e-child\" data-id=\"627d6690\" data-element_type=\"container\" data-e-type=\"container\">\n\t\t\t\t<div class=\"elementor-element elementor-element-428000a8 elementor-widget elementor-widget-text-editor\" data-id=\"428000a8\" data-element_type=\"widget\" data-e-type=\"widget\" data-widget_type=\"text-editor.default\">\n\t\t\t\t\t\t\t\t\t<p><\/p><p>Utols\u00f3 friss\u00edt\u00e9s: 2024-09-26<\/p><p> <\/p><p><strong>WEBOLDAL JOGI NYILATKOZAT<\/strong><\/p><p> <\/p><p>Az inform\u00e1ci\u00f3, amelyet a\u00a0<strong>Travel S Helper<\/strong>\u00a0(\u201eV\u00e1llalat\u201d, \u201emi\u201d, \u201eminket\u201d) a k\u00f6vetkez\u0151n:\u00a0<strong>https:\/\/travelshelper.com<\/strong>\u00a0(a tov\u00e1bbiakban: \u201eWebhely\u201d) kiz\u00e1r\u00f3lag \u00e1ltal\u00e1nos t\u00e1j\u00e9koztat\u00e1si c\u00e9lokat szolg\u00e1l. A Webhelyen tal\u00e1lhat\u00f3 \u00f6sszes inform\u00e1ci\u00f3t j\u00f3hiszem\u0171en biztos\u00edtjuk, azonban semmilyen kifejezett vagy hallgat\u00f3lagos nyilatkozatot vagy garanci\u00e1t nem v\u00e1llalunk a Webhelyen tal\u00e1lhat\u00f3 inform\u00e1ci\u00f3k pontoss\u00e1g\u00e1ra, megfelel\u0151s\u00e9g\u00e9re, \u00e9rv\u00e9nyess\u00e9g\u00e9re, megb\u00edzhat\u00f3s\u00e1g\u00e1ra, el\u00e9rhet\u0151s\u00e9g\u00e9re vagy teljess\u00e9g\u00e9re vonatkoz\u00f3an.<\/p><p> <\/p><p>SEMMILYEN K\u00d6R\u00dcLM\u00c9NYEK K\u00d6Z\u00d6TT SEMMILYEN FELEL\u0150SS\u00c9GET SEMMILYEN VESZTES\u00c9G\u00c9RT VAGY K\u00c1R\u00c9RT, AMELY A WEBOLDAL HASZN\u00c1LAT\u00c1B\u00d3L VAGY A WEBOLDALON TAL\u00c1LHAT\u00d3 INFORM\u00c1CI\u00d3KRA VAL\u00d3 T\u00c1MASZKOD\u00c1S\u00c1B\u00d3L ELSZ\u00c1MOL\u00d3DIK. A WEBOLDAL HASZN\u00c1LATA \u00c9S A WEBOLDALON TAL\u00c1LHAT\u00d3 INFORM\u00c1CI\u00d3KRA VAL\u00d3 T\u00c1MASZKOD\u00c1S KIZ\u00c1R\u00d3LAG SAJ\u00c1T FELEL\u0150SS\u00c9G\u00c9RE T\u00d6RT\u00c9NIK.<\/p><p> <\/p><p><strong>K\u00dcLS\u0150 LINKEKRE VONATKOZ\u00d3 JOGI NYILATKOZAT<\/strong><\/p><p> <\/p><p>A Webhely tartalmazhat (vagy a Webhelyen kereszt\u00fcl \u00d6nt is el\u00e9rheti) m\u00e1s weboldalakra mutat\u00f3 linkeket, harmadik felekhez tartoz\u00f3 vagy azokt\u00f3l sz\u00e1rmaz\u00f3 tartalmakat, illetve weboldalakra \u00e9s funkci\u00f3kra mutat\u00f3 linkeket. Az ilyen k\u00fcls\u0151 linkeket nem vizsg\u00e1ljuk, nem figyelj\u00fck meg \u00e9s nem ellen\u0151rizz\u00fck pontoss\u00e1g, megfelel\u0151s\u00e9g, \u00e9rv\u00e9nyess\u00e9g, megb\u00edzhat\u00f3s\u00e1g, el\u00e9rhet\u0151s\u00e9g vagy teljess\u00e9g szempontj\u00e1b\u00f3l.<\/p><p> <\/p><p>NEM GARANT\u00c1LJUK, T\u00c1MOGATOK, GARANCI\u00c1T V\u00c1LLALUNK, \u00c9S NEM V\u00c1LLALUNK FELEL\u0150SS\u00c9GET A WEBOLDALON KERESZT\u00dcL KAPCSOLT HARMADIK F\u00c9L WEBOLDALAK \u00c1LTAL K\u00cdN\u00c1LT INFORM\u00c1CI\u00d3K PONTOSS\u00c1G\u00c1\u00c9RT VAGY MEGB\u00cdZHAT\u00d3S\u00c1G\u00c1\u00c9RT. NEM LESZ\u00dcNK R\u00c9SZTVEV\u0150I AZ \u00d6N \u00c9S A HARMADIK F\u00c9L TERM\u00c9KEKET VAGY SZOLG\u00c1LTAT\u00c1SOKAT NY\u00daJT\u00d3 B\u00c1RMELY WEBOLDALON VAGY FUNKCI\u00d3N. SEMMILYEN M\u00d3DON NEM VAGYUNK FELEL\u0150SEK AZ \u00d6N \u00c9S A HARMADIK F\u00c9L TERM\u00c9KEKET VAGY SZOLG\u00c1LTAT\u00d3K K\u00d6Z\u00d6TT FOLY\u00d3 TRANZAKCI\u00d3K FIGYELEM\u00c9BEN.<\/p><p> <\/p><p><strong>PARTNEREKRE VONATKOZ\u00d3 JOGI NYILATKOZAT<\/strong><\/p><p> <\/p><p>A weboldal tartalmazhat kapcsolt weboldalakra mutat\u00f3 linkeket, \u00e9s jutal\u00e9kot kaphatunk az \u00d6n \u00e1ltal a kapcsolt weboldalakon az ilyen linkek haszn\u00e1lat\u00e1val v\u00e9grehajtott v\u00e1s\u00e1rl\u00e1sok\u00e9rt vagy m\u0171veletek\u00e9rt.<\/p><p> <\/p><p><strong>V\u00c9LEM\u00c9NYEK JOGI NYILATKOZAT<\/strong><\/p><p> <\/p><p>A weboldal tartalmazhat felhaszn\u00e1l\u00f3i v\u00e9lem\u00e9nyeket term\u00e9keinkr\u0151l \u00e9s\/vagy szolg\u00e1ltat\u00e1sainkr\u00f3l. Ezek a v\u00e9lem\u00e9nyek a felhaszn\u00e1l\u00f3k val\u00f3s tapasztalatait \u00e9s v\u00e9lem\u00e9nyeit t\u00fckr\u00f6zik. A tapasztalatok azonban az adott felhaszn\u00e1l\u00f3k szem\u00e9lyes tapasztalatai, \u00e9s nem felt\u00e9tlen\u00fcl reprezentat\u00edvak term\u00e9keink \u00e9s\/vagy szolg\u00e1ltat\u00e1saink \u00f6sszes felhaszn\u00e1l\u00f3j\u00e1ra n\u00e9zve. Nem \u00e1ll\u00edtjuk, \u00e9s \u00d6nnek sem szabad felt\u00e9teleznie, hogy minden felhaszn\u00e1l\u00f3nak ugyanazok a tapasztalatai lesznek.<\/p><p> <\/p><p>AZ EGY\u00c9NI EREDM\u00c9NYEK ELT\u00c9R\u0150EK LEHETNEK.<\/p><p> <\/p><p>A weboldalon tal\u00e1lhat\u00f3 aj\u00e1nl\u00e1sok k\u00fcl\u00f6nb\u00f6z\u0151 form\u00e1kban, p\u00e9ld\u00e1ul sz\u00f6vegben, hanganyagban \u00e9s\/vagy vide\u00f3ban \u00e9rkeznek, \u00e9s k\u00f6zz\u00e9t\u00e9tel\u00fck el\u0151tt ellen\u0151rizz\u00fck \u0151ket. A weboldalon sz\u00f3 szerint jelennek meg, ahogyan a felhaszn\u00e1l\u00f3k megadt\u00e1k \u0151ket, kiv\u00e9ve a nyelvtani vagy g\u00e9pel\u00e9si hib\u00e1k jav\u00edt\u00e1s\u00e1t. Egyes aj\u00e1nl\u00e1sokat a r\u00f6vids\u00e9g kedv\u00e9\u00e9rt ler\u00f6vid\u00edtett\u00fcnk, ha a teljes aj\u00e1nl\u00e1s a nagyk\u00f6z\u00f6ns\u00e9g sz\u00e1m\u00e1ra nem relev\u00e1ns, felesleges inform\u00e1ci\u00f3kat tartalmazott.<\/p><p> <\/p><p>A v\u00e9lem\u00e9nyekben tal\u00e1lhat\u00f3 n\u00e9zetek \u00e9s v\u00e9lem\u00e9nyek kiz\u00e1r\u00f3lag az adott felhaszn\u00e1l\u00f3hoz tartoznak, \u00e9s nem t\u00fckr\u00f6zik a mi n\u00e9zeteinket \u00e9s v\u00e9lem\u00e9ny\u00fcnket.<\/p><p> <\/p><p><strong>HIB\u00c1K \u00c9S HI\u00c1NYOSS\u00c1GOK \u2013 JOGI NYILATKOZAT<\/strong><\/p><p> <\/p><p>B\u00e1r minden t\u0151l\u00fcnk telhet\u0151t megtett\u00fcnk annak \u00e9rdek\u00e9ben, hogy a weboldalon tal\u00e1lhat\u00f3 inform\u00e1ci\u00f3k megb\u00edzhat\u00f3 forr\u00e1sokb\u00f3l sz\u00e1rmazzanak, a Travel S Helper nem v\u00e1llal felel\u0151ss\u00e9get semmilyen hib\u00e1\u00e9rt, hi\u00e1nyoss\u00e1g\u00e9rt vagy az inform\u00e1ci\u00f3k felhaszn\u00e1l\u00e1s\u00e1b\u00f3l sz\u00e1rmaz\u00f3 eredm\u00e9nyek\u00e9rt. A weboldalon tal\u00e1lhat\u00f3 \u00f6sszes inform\u00e1ci\u00f3t \u201eahogy van\u201d biztos\u00edtjuk, a teljess\u00e9gre, pontoss\u00e1gra, id\u0151szer\u0171s\u00e9gre vagy az inform\u00e1ci\u00f3k felhaszn\u00e1l\u00e1s\u00e1b\u00f3l sz\u00e1rmaz\u00f3 eredm\u00e9nyekre vonatkoz\u00f3 garancia n\u00e9lk\u00fcl, \u00e9s b\u00e1rmilyen kifejezett vagy hallgat\u00f3lagos garancia n\u00e9lk\u00fcl, bele\u00e9rtve, de nem kiz\u00e1r\u00f3lagosan a teljes\u00edtm\u00e9nyre, az eladhat\u00f3s\u00e1gra \u00e9s egy adott c\u00e9lra val\u00f3 alkalmass\u00e1gra vonatkoz\u00f3 garanci\u00e1kat.<\/p><p> <\/p><p>A Travel S Helper, kapcsolt partners\u00e9gei vagy v\u00e1llalatai, illetve azok partnerei, \u00fcgyn\u00f6kei vagy alkalmazottai semmilyen esetben sem felel\u0151sek \u00d6nnel vagy b\u00e1rki m\u00e1ssal szemben a weboldalon tal\u00e1lhat\u00f3 inform\u00e1ci\u00f3kra t\u00e1maszkodva hozott d\u00f6nt\u00e9sek\u00e9rt vagy tett int\u00e9zked\u00e9sek\u00e9rt, illetve semmilyen k\u00f6vetkezm\u00e9nyes, k\u00fcl\u00f6nleges vagy hasonl\u00f3 k\u00e1r\u00e9rt, m\u00e9g akkor sem, ha az ilyen k\u00e1rok lehet\u0151s\u00e9g\u00e9re figyelmeztett\u00e9k.<\/p><p> <\/p><p><strong>VEND\u00c9GSZERZ\u0150K JOGI NYILATKOZATA<\/strong><\/p><p> <\/p><p>Ez az oldal vend\u00e9gszerz\u0151kt\u0151l sz\u00e1rmaz\u00f3 tartalmakat is tartalmazhat, \u00e9s az ilyen bejegyz\u00e9sekben kifejezett n\u00e9zetek vagy v\u00e9lem\u00e9nyek szem\u00e9lyesek, \u00e9s nem k\u00e9pviselik a Travel S Helper vagy annak munkat\u00e1rsainak vagy le\u00e1nyv\u00e1llalatainak \u00e1ll\u00e1spontj\u00e1t, kiv\u00e9ve, ha ezt kifejezetten jelezz\u00fck.<\/p><p> <\/p><p><strong>LOG\u00d3K \u00c9S V\u00c9DJEGYEK JOGI NYILATKOZATA<\/strong><\/p><p> <\/p><p>All logos and trademarks of third parties referenced on\u00a0https:\/\/travelshelper.com\u00a0are the trademarks and logos of their respective owners. Any inclusion of such trademarks or logos does not imply or constitute any approval, endorsement or sponsorship of\u00a0Travel S Helper\u00a0by such owners.<\/p><p> <\/p><p><strong>KAPCSOLAT<\/strong><\/p><p> <\/p><p>Ha b\u00e1rmilyen visszajelz\u00e9se, \u00e9szrev\u00e9tele, technikai t\u00e1mogat\u00e1si k\u00e9r\u00e9se vagy egy\u00e9b k\u00e9rd\u00e9se van, k\u00e9rj\u00fck, vegye fel vel\u00fcnk a kapcsolatot az al\u00e1bbi e-mail c\u00edmen:\u00a0<strong>office@travelshelper.com<\/strong>.<\/p><p><\/p>\t\t\t\t\t\t\t\t<\/div>\n\t\t\t\t<\/div>\n\t\t\t\t\t<\/div>\n\t\t\t\t<\/div>\n\t\t\t\t<\/div>","protected":false},"excerpt":{"rendered":"<p>Last updated: 2024-09-26 WEBSITE DISCLAIMER The information provided by\u00a0Travel S Helper\u00a0(\u201cCompany\u201d, \u201cwe\u201d, \u201cour\u201d, \u201cus\u201d) on\u00a0https:\/\/travelshelper.com\u00a0(the \u201cSite\u201d) is for general informational purposes only. All information on the Site is provided in good faith, however we make no representation or warranty of any kind, express or implied, regarding the accuracy, adequacy, validity, reliability, availability, or completeness of [&hellip;]<\/p>\n","protected":false},"author":1,"featured_media":0,"parent":0,"menu_order":0,"comment_status":"closed","ping_status":"closed","template":"elementor_header_footer","meta":{"_eb_attr":"","footnotes":""},"class_list":["post-15974","page","type-page","status-publish"],"_links":{"self":[{"href":"https:\/\/travelshelper.com\/hu\/wp-json\/wp\/v2\/pages\/15974","targetHints":{"allow":["GET"]}}],"collection":[{"href":"https:\/\/travelshelper.com\/hu\/wp-json\/wp\/v2\/pages"}],"about":[{"href":"https:\/\/travelshelper.com\/hu\/wp-json\/wp\/v2\/types\/page"}],"author":[{"embeddable":true,"href":"https:\/\/travelshelper.com\/hu\/wp-json\/wp\/v2\/users\/1"}],"replies":[{"embeddable":true,"href":"https:\/\/travelshelper.com\/hu\/wp-json\/wp\/v2\/comments?post=15974"}],"version-history":[{"count":0,"href":"https:\/\/travelshelper.com\/hu\/wp-json\/wp\/v2\/pages\/15974\/revisions"}],"wp:attachment":[{"href":"https:\/\/travelshelper.com\/hu\/wp-json\/wp\/v2\/media?parent=15974"}],"curies":[{"name":"wp","href":"https:\/\/api.w.org\/{rel}","templated":true}]}}