{"id":15920,"date":"2024-09-21T23:53:15","date_gmt":"2024-09-21T23:53:15","guid":{"rendered":"https:\/\/travelshelper.com\/staging\/?page_id=15920"},"modified":"2026-03-11T01:49:55","modified_gmt":"2026-03-11T01:49:55","slug":"brunei","status":"publish","type":"page","link":"https:\/\/travelshelper.com\/hu\/destinations\/asia\/brunei\/","title":{"rendered":"Brunei"},"content":{"rendered":"<p>Brunei Darussalam egyed\u00fcl\u00e1ll\u00f3 helyet foglal el D\u00e9lkelet-\u00c1zsi\u00e1ban: egy kompakt szult\u00e1ns\u00e1g Borne\u00f3 \u00e9szaki partj\u00e1n, gazdag sz\u00e9nhidrog\u00e9n-kincsben, m\u00e9gis a hagyom\u00e1nyok \u00e1ltal korl\u00e1tozva. Ter\u00fclete \u2013 amelyet a malajziai Limbang k\u00f6rzet k\u00e9t nem \u00f6sszef\u00fcgg\u0151 szakaszra oszt \u2013 mind\u00f6ssze 5765 n\u00e9gyzetkilom\u00e9teren ter\u00fcl el, m\u00e9gis s\u0171r\u0171 alf\u00f6ldi es\u0151erd\u0151ket, zord hegyvid\u00e9ki lejt\u0151ket \u00e9s 161 kilom\u00e9ter hossz\u00fa partszakaszt foglal mag\u00e1ban a D\u00e9l-k\u00ednai-tengeren. K\u00f6r\u00fclbel\u00fcl 455 858 lakos (2023-as becsl\u00e9s) tekinti ezt a birodalmat otthon\u00e1nak, akiknek t\u00f6bb mint h\u00e1romnegyede Brunei-Muara, Tutong \u00e9s Belait nyugati tartom\u00e1nyaiban \u00e9l; mind\u00f6ssze t\u00edzezren \u00e9lnek a hegyvid\u00e9ki Temburong k\u00f6rzetben. A f\u0151v\u00e1ros, Bandar Seri Begawan, nagyj\u00e1b\u00f3l 180 000 lelket rejt mag\u00e1ban kampong h\u00e1zak, mecsetek, korm\u00e1nyhivatalok \u00e9s sz\u00fclet\u0151ben l\u00e9v\u0151 \u00fczleti negyedek mozaikj\u00e1ban.<\/p>\n\n\n\n<p>Hat\u00e1rain t\u00fal h\u00faz\u00f3dik a sz\u00e9lesebb Borne\u00f3-sziget, amelyet Malajzi\u00e1val \u00e9s Indon\u00e9zi\u00e1val osztanak meg; Brunei egyed\u00fcl \u00e1ll Borne\u00f3 egyetlen szuver\u00e9n \u00e1llamak\u00e9nt. T\u00e1ja k\u00f6zel h\u00e1romnegyede erd\u0151s\u00fclt: 2020-ban mintegy 380 000 hekt\u00e1r maradt erd\u0151vel bor\u00edtva, amelynek k\u00f6zel 70 sz\u00e1zal\u00e9ka az ipari tev\u00e9kenys\u00e9gek \u00e1ltal \u00e9rintetlen \u0151serd\u0151 volt. A szultan\u00e1tus \u00e9ghajlata \u00f6r\u00f6kk\u00e9 p\u00e1r\u00e1s \u00e9s nedves, amelyet ink\u00e1bb az intertr\u00f3pusi konvergencia z\u00f3na ingadoz\u00e1sai alak\u00edtanak, mint az id\u0151szakos monszunok vagy ciklonok. M\u00e9gis, szomsz\u00e9daihoz hasonl\u00f3an, Brunei a gyors gazdas\u00e1gi fejl\u0151d\u00e9s h\u00e1tter\u00e9ben szembes\u00fcl az \u00e9ghajlatv\u00e1ltoz\u00e1s egyre n\u00f6vekv\u0151 nyom\u00e1s\u00e1val \u2013 az emelked\u0151 tengerszinttel, a v\u00e1ltoz\u00f3 csapad\u00e9kmint\u00e1kkal \u00e9s a part menti er\u00f3zi\u00f3val.<\/p>\n\n\n\n<p>Egy pillant\u00e1s a t\u00f6rt\u00e9nelemre Brunei tengeri befoly\u00e1s\u00e1nak cs\u00facspontj\u00e1t mutatja Bolkiah szult\u00e1n (uralkodott 1485\u20131528) uralkod\u00e1sa alatt. Helyi kr\u00f3nik\u00e1k \u00e9s k\u00fcls\u0151 feljegyz\u00e9sek arra utalnak, hogy a birodalom ekkor Borne\u00f3 \u00e9szaknyugati r\u00e9sz\u00e9nek nagy r\u00e9sz\u00e9n, Sabahig \u00e9s Sarawakig, valamint eg\u00e9szen a Sulu-szigetcsoportig terjedt. Magell\u00e1n k\u00f6r\u00fatj\u00e1nak t\u00fal\u00e9l\u0151 leg\u00e9nys\u00e9ge 1521-ben l\u00e1togatta meg partjait; \u00e9vtizedekkel k\u00e9s\u0151bb, 1578-ban Brunei haditenger\u00e9szete \u00f6sszecsapott a spanyol er\u0151kkel a kaszt\u00edliai h\u00e1bor\u00faban. A tizenkilencedik sz\u00e1zadra azonban a bels\u0151 rivaliz\u00e1l\u00e1s \u00e9s az eur\u00f3pai gyarmatos\u00edt\u00e1s el\u0151ret\u00f6r\u00e9se megcsappantotta Brunei ter\u00fcleteit. 1841-ben Sarawak James Brooke, a \u201eFeh\u00e9r R\u00e1dzsa\u201d kez\u00e9be ker\u00fclt; az 1880-as \u00e9vekben brit okleveles t\u00e1rsas\u00e1gok vett\u00e9k \u00e1t Sabah ir\u00e1ny\u00edt\u00e1s\u00e1t; 1888-ban pedig Brunei brit protektor\u00e1tuss\u00e1 v\u00e1lt, k\u00fclpolitik\u00e1j\u00e1t \u00e9s v\u00e9delm\u00e9t London fel\u00fcgyelte.<\/p>\n\n\n\n<p>A huszadik sz\u00e1zad pecs\u00e9telte meg az \u00e1tmenetet a szult\u00e1ns\u00e1gb\u00f3l a modern korm\u00e1nyz\u00e1sba. A m\u00e1sodik vil\u00e1gh\u00e1bor\u00fa alatti r\u00f6vid jap\u00e1n megsz\u00e1ll\u00e1s ut\u00e1n az 1959-es alkotm\u00e1ny korl\u00e1tozott \u00f6nkorm\u00e1nyz\u00e1st vezetett be egy brit lakos alatt. Egy 1962-es felkel\u00e9st \u2013 amelyet r\u00e9szben az \u00faj malajziai f\u00f6der\u00e1ci\u00f3hoz val\u00f3 csatlakoz\u00e1s k\u00f6r\u00fcli fesz\u00fclts\u00e9gek v\u00e1ltottak ki \u2013 brit t\u00e1mogat\u00e1ssal vertek le; a felkel\u00e9s kudarca meggy\u0151zte III. Omar Ali Saifuddien szult\u00e1nt, hogy Bruneinak Malajzi\u00e1n k\u00edv\u00fcl kell maradnia. A teljes f\u00fcggetlens\u00e9g v\u00e9g\u00fcl 1984. janu\u00e1r 1-j\u00e9n j\u00f6tt el. 1967 \u00f3ta Hassanal Bolkiah szult\u00e1n ir\u00e1ny\u00edtja az orsz\u00e1g sors\u00e1t, a v\u00e9grehajt\u00f3, a t\u00f6rv\u00e9nyhoz\u00f3 \u00e9s a vall\u00e1si hatalmat a palot\u00e1n bel\u00fcl \u00f6sszpontos\u00edtva. A T\u00f6rv\u00e9nyhoz\u00f3 Tan\u00e1cs csak konzultat\u00edv form\u00e1ban l\u00e9tezik, tags\u00e1g\u00e1t kir\u00e1lyi rendelet nevezi ki.<\/p>\n\n\n\n<p>Az olaj \u00e9s a f\u00f6ldg\u00e1z Brunei modern \u00e9let\u00e9nek szinte minden ter\u00fclet\u00e9t \u00e1thatja. A sz\u00e9nhidrog\u00e9nmez\u0151k a GDP mintegy 90 sz\u00e1zal\u00e9k\u00e1t teszik ki; a napi termel\u00e9s k\u00f6r\u00fclbel\u00fcl 167 000 hord\u00f3 nyersolaj \u00e9s 25 milli\u00f3 k\u00f6bm\u00e9ter cseppfoly\u00f3s\u00edtott f\u00f6ldg\u00e1z, \u00edgy a szultan\u00e1tus D\u00e9lkelet-\u00c1zsia egyik f\u0151 termel\u0151je. A bev\u00e9telek a Brunei Befektet\u00e9si \u00dcgyn\u00f6ks\u00e9gen kereszt\u00fcl glob\u00e1lis r\u00e9szv\u00e9nyekbe, k\u00f6tv\u00e9nyekbe \u00e9s ingatlanokba \u00e1ramlanak, biztos\u00edtva, hogy m\u00e9g a hazai tartal\u00e9kok \u00e9r\u00e9s\u00e9vel is fennmaradjanak a j\u00f6vedelemforr\u00e1sok. Ez a k\u00f6lts\u00e9gvet\u00e9si nagylelk\u0171s\u00e9g egy szokatlan j\u00f3l\u00e9ti rendszert t\u00e1pl\u00e1lt a r\u00e9gi\u00f3ban: az eg\u00e9szs\u00e9g\u00fcgy, az oktat\u00e1s \u00e9s a szoci\u00e1lis lak\u00e1sok er\u0151sen t\u00e1mogatottak vagy ingyenesek, a rizs, a f\u0151z\u0151olaj \u00e9s a k\u00f6zm\u0171vek pedig \u00e1llami t\u00e1mogat\u00e1st kapnak. Ennek eredm\u00e9nyek\u00e9nt Brunei \u201enagyon magas\u201d helyen \u00e1ll az emberi fejl\u0151d\u00e9si indexben \u2013 az ASEAN-\u00e1llamok k\u00f6z\u00f6tt csak Szingap\u00far ut\u00e1n \u2013, \u00e9s v\u00e1s\u00e1rl\u00f3er\u0151-parit\u00e1son m\u00e9rve a kilencedik legmagasabb egy f\u0151re jut\u00f3 GDP-vel rendelkezik vil\u00e1gszerte.<\/p>\n\n\n\n<p>A sz\u00e9nhidrog\u00e9nekre val\u00f3 t\u00e1maszkod\u00e1s azonban hivatalos terveket v\u00e1ltott ki a gazdas\u00e1gi b\u00e1zis sz\u00e9les\u00edt\u00e9s\u00e9re. A hossz\u00fa t\u00e1v\u00fa fejleszt\u00e9si v\u00edzi\u00f3 a munkaer\u0151 b\u0151v\u00edt\u00e9s\u00e9t, a turizmus n\u00f6veked\u00e9s\u00e9t, a p\u00e9nz\u00fcgyi szolg\u00e1ltat\u00e1sok b\u0151v\u00edt\u00e9s\u00e9t \u00e9s az agr\u00e1r \u00f6nell\u00e1t\u00e1st c\u00e9lozza meg \u2013 k\u00fcl\u00f6n\u00f6sen a rizstermeszt\u00e9sben. 2009-ben a korm\u00e1ny bevezette a Laila rizst, egy Wasanban termesztett, magas hozam\u00fa fajt\u00e1t, amely a hazai termel\u00e9s f\u00e9l \u00e9vsz\u00e1zados amb\u00edci\u00f3ira utal. A halal m\u00e1rka\u00e9p\u00edt\u00e9si kezdem\u00e9nyez\u00e9sek exportpiacokat keresnek, m\u00edg a szer\u00e9nyebb gy\u00e1rt\u00e1si v\u00e1llalkoz\u00e1sok \u2013 k\u00fcl\u00f6n\u00f6sen a petrolk\u00e9mia \u00e9s a k\u00f6nny\u0171ipar \u2013 alternat\u00edv munkahelyeket biztos\u00edtanak. A nemzeti l\u00e9git\u00e1rsas\u00e1g, a Royal Brunei Airlines, arra t\u00f6rekszik, hogy Bandar Seri Begawant tranzitk\u00f6zpontk\u00e9nt pozicion\u00e1lja Eur\u00f3pa \u00e9s Ausztr\u00e1lia k\u00f6z\u00f6tt, \u00e9s fenntartsa a londoni Heathrow-n a napi j\u00e1ratait.<\/p>\n\n\n\n<p>Brunei infrastrukt\u00far\u00e1ja t\u00fckr\u00f6zi mind a gazdags\u00e1g\u00e1t, mind az \u00f3vatos megk\u00f6zel\u00edt\u00e9s\u00e9t. Az aut\u00f3p\u00e1lya-h\u00e1l\u00f3zat \u2013 mintegy 3700 kilom\u00e9ter, amelynek 87 sz\u00e1zal\u00e9ka aszfaltozott \u2013 \u00f6sszek\u00f6ti a f\u0151bb v\u00e1rosokat: Muar\u00e1t, Seri\u00e1t, Kuala Belaitot \u00e9s Tutongot. A g\u00e9pkocsival rendelkez\u0151k sz\u00e1ma vil\u00e1gszerte a legmagasabbak k\u00f6z\u00e9 tartozik, kevesebb mint minden m\u00e1sodik lakosra jut egy szem\u00e9lyg\u00e9pkocsi; az \u00fczemanyag\u00e1rak tov\u00e1bbra is er\u0151sen t\u00e1mogatottak, \u00e9s a t\u00f6megk\u00f6zleked\u00e9s, b\u00e1r m\u0171k\u00f6dik, korl\u00e1tozott. Egy \u00fajabb m\u00e9rf\u00f6ldk\u0151 a Muar\u00e1t Temburonggal \u00f6sszek\u00f6t\u0151 30 kilom\u00e9teres \u00fat \u00e9s h\u00edd, amelyet 2020. m\u00e1rcius 17-\u00e9n nyitottak meg 1,6 milli\u00e1rd USD k\u00f6lts\u00e9ggel. A Brunei Nemzetk\u00f6zi Rep\u00fcl\u0151t\u00e9r a Changi Airport Consultants \u00e1ltal tervezett 150 milli\u00f3 USD-s b\u0151v\u00edt\u00e9s k\u00f6zep\u00e9n j\u00e1r, amelynek c\u00e9lja, hogy megdupl\u00e1zza az \u00e9ves kapacit\u00e1s\u00e1t, el\u00e9rje a h\u00e1rommilli\u00f3 utast.<\/p>\n\n\n\n<p>A gyors gazdas\u00e1gi n\u00f6veked\u00e9s k\u00f6zepette az \u00e1llam hivatalosan \u00f3vatos elszigetelts\u00e9get tan\u00fas\u00edt. A vezet\u0151k att\u00f3l tartanak, hogy a korl\u00e1tlan glob\u00e1lis integr\u00e1ci\u00f3 al\u00e1\u00e1shatja a mal\u00e1j kult\u00far\u00e1n, az iszl\u00e1m hiten \u00e9s a monarcha ir\u00e1nti lojalit\u00e1son alapul\u00f3 t\u00e1rsadalmi koh\u00e9zi\u00f3t. Mindazon\u00e1ltal Brunei nemzetk\u00f6zi szinten is akt\u00edv szerepet v\u00e1llal az ENSZ, a WTO, a Nemzetk\u00f6z\u00f6ss\u00e9g, az ASEAN, az OIC \u00e9s a Nemzetek Elk\u00f6telezettjei Mozgalom tagjak\u00e9nt. 2000-ben az APEC eln\u00f6ke volt, m\u00e9rs\u00e9kelt arcot mutatva az \u00e1zsiai-csendes-\u00f3ce\u00e1ni t\u00e9rs\u00e9g fel\u00e9, mik\u00f6zben meg\u0151rizte a bels\u0151 nyugalmat.<\/p>\n\n\n\n<p>Bruneiban a t\u00e1rsadalmi \u00e9let meghat\u00e1rozott temp\u00f3ban halad. Az iszl\u00e1m, k\u00fcl\u00f6n\u00f6sen a szunnita jogtudom\u00e1ny s\u00e1fi&#039;i iskol\u00e1ja, az \u00e1llamvall\u00e1s; a lakoss\u00e1g t\u00f6bb mint 82 sz\u00e1zal\u00e9ka muszlimnak vallja mag\u00e1t. A sar\u00eda kieg\u00e9sz\u00edti az angol k\u00f6zjogot, \u00e9s a b\u00fcntet\u00e9sek \u2013 bizonyos b\u0171ncselekm\u00e9nyek eset\u00e9n a vessz\u0151ztet\u00e9st\u0151l (elm\u00e9letileg) a s\u00falyos b\u0171ncselekm\u00e9nyek\u00e9rt j\u00e1r\u00f3 hal\u00e1lb\u00fcntet\u00e9sig \u2013 al\u00e1h\u00fazz\u00e1k az \u00e1llam szigor\u00fa jogi keret\u00e9t. Az alkohol nyilv\u00e1nos helyen tilos; a nem muszlimok korl\u00e1tozott mennyis\u00e9get hozhatnak be mag\u00e1nfogyaszt\u00e1sra, a k\u00ednai \u00e9ttermek pedig diszkr\u00e9ten \u00e1rulhatnak sert\u00e9sh\u00fast. A ramad\u00e1n idej\u00e9n a legt\u00f6bb \u00e9tterem nappali \u00f3r\u00e1kban z\u00e1rva tart, \u00e9s a nyilv\u00e1nos \u00e9tel- vagy italfogyaszt\u00e1s s\u00falyos b\u00edrs\u00e1gokkal j\u00e1rhat. A p\u00e9nteki im\u00e1k k\u00e9t \u00f3r\u00e1ra sz\u00fcneteltetik az \u00fczletet, az \u00e9jszakai \u00e9let pedig a hat\u00e1ron \u00e1t Limbangba helyez\u0151dik \u00e1t, ahol b\u00e1rok \u00e9s klubok szolg\u00e1lj\u00e1k ki a brunei vend\u00e9geket.<\/p>\n\n\n\n<p>Etnikailag Brunei t\u00f6bbs\u00e9g\u00e9ben mal\u00e1j \u2013 egy felm\u00e9r\u00e9s szerint nagyj\u00e1b\u00f3l k\u00e9tharmados \u2013, k\u00f6r\u00fclbel\u00fcl 10 sz\u00e1zal\u00e9kos k\u00ednai kisebbs\u00e9ggel, \u0151slakos csoportokkal (belait, bisaya, dusun, kedayan, lun bawang, murut, tutong) \u00e9s k\u00f6zel 26 sz\u00e1zal\u00e9kkal k\u00fclf\u00f6ldiekkel. Az angol nyelv vir\u00e1gzik a kereskedelem \u00e9s az oktat\u00e1s nyelvek\u00e9nt az \u00e1ltal\u00e1nos iskol\u00e1t\u00f3l az egyetemig, egy\u00fctt \u00e9lve a standard mal\u00e1j (latin \u00e9s hagyom\u00e1nyos dzsawi \u00edr\u00e1sm\u00f3ddal \u00edrva), a brunei mal\u00e1j dialektus, a k\u00fcl\u00f6nb\u00f6z\u0151 k\u00ednai nyelvek \u00e9s vall\u00e1si k\u00f6rnyezetben az arab mellett. Ezek a nyelvi von\u00e1sai t\u00fckr\u00f6zik a szultan\u00e1tus t\u00f6rt\u00e9nelmi nyitotts\u00e1g\u00e1t a kereskedelem \u00e9s a tudom\u00e1ny ir\u00e1nt, a k\u00fclf\u00f6ldi befoly\u00e1ssal szembeni jelenlegi tart\u00f3zkod\u00e1sa ellen\u00e9re.<\/p>\n\n\n\n<p>Brunei kultur\u00e1lis kifejez\u00e9sm\u00f3dja diszkr\u00e9t, m\u00e9gis k\u00e9zzelfoghat\u00f3. A feh\u00e9r m\u00e1rv\u00e1nyb\u00f3l k\u00e9sz\u00fclt mecsetek \u00e9s az aranyozott kupol\u00e1k d\u00edsz\u00edtik a v\u00e1rosi l\u00e1tk\u00e9pet, m\u00edg Kampong Ayer, a legend\u00e1s v\u00edzparti falu, c\u00f6l\u00f6p\u00f6s fa emelv\u00e9nyeken \u0151rzi \u00e9vsz\u00e1zados \u00e9letm\u00f3dj\u00e1t. A kir\u00e1lyi t\u00e1mogat\u00e1s\u00fa int\u00e9zm\u00e9nyekben tov\u00e1bbra is fennmaradt a hagyom\u00e1nyos zene, a sz\u00f6v\u00e9s \u00e9s az ez\u00fcstm\u0171vess\u00e9g. A konyha egyszer\u0171 \u00e9lvezeteket k\u00edn\u00e1l: a nasi katok \u2013 rizs s\u00fclt csirk\u00e9vel \u00e9s samballal \u2013 a k\u00f6lts\u00e9gvet\u00e9ssel is kiel\u00e9g\u00edt\u0151; az ambuyat, egy sz\u00e1g\u00f3 alap\u00fa alap\u00e9tel, ritmikus m\u00e1rtogat\u00e1st ig\u00e9nyel cs\u00edp\u0151s sz\u00f3szokba. A veget\u00e1ri\u00e1nusok d\u00e9l-\u00e1zsiai vagy k\u00ednai buddhista \u00e9ttermekben tal\u00e1lnak mened\u00e9ket, b\u00e1r ezek a kitaposott \u00f6sv\u00e9nyekt\u0151l t\u00e1vol esnek. A tarik \u00e9s a kopi, amelyeket az \u00fatsz\u00e9li standokon szolg\u00e1lnak fel, vid\u00e1m hangulatot k\u00f6lcs\u00f6n\u00f6znek a reggeli rutinnak.<\/p>\n\n\n\n<p>A napi interakci\u00f3kat a Mal\u00e1j Iszl\u00e1m Monarchia szab\u00e1lyozza, amely a f\u00fcggetlens\u00e9g \u00f3ta alapvet\u0151 pill\u00e9r. A szult\u00e1n rendszeresen megjelenik a helyi m\u00e9di\u00e1ban, a vezet\u00e9s \u2013 mind a vil\u00e1gi, mind a spiritu\u00e1lis \u2013 jelk\u00e9pek\u00e9nt. A kir\u00e1lyi pompa lombkorona alatt azonban a k\u00fclf\u00f6ldiek \u00e9s a fiatal bruneiak \u00e1rnyalt n\u00e9zeteket vallanak a fejl\u0151d\u00e9sr\u0151l, az identit\u00e1sr\u00f3l, valamint a hagyom\u00e1ny \u00e9s a v\u00e1ltoz\u00e1s k\u00f6z\u00f6tti egyens\u00falyr\u00f3l. A fels\u00e9gs\u00e9rt\u00e9si t\u00f6rv\u00e9nyek \u00f3vatoss\u00e1gra intenek a nyilv\u00e1nos diskurzusban, meger\u0151s\u00edtve a palota ir\u00e1nti tiszteletet. Mindazon\u00e1ltal a bizalmi k\u00f6r\u00f6kben besz\u00e9lget\u00e9sek bontakoznak ki a region\u00e1lis politik\u00e1r\u00f3l, az iszl\u00e1m szerep\u00e9r\u0151l \u00e9s Brunei hely\u00e9r\u0151l a gyorsan fejl\u0151d\u0151 D\u00e9lkelet-\u00c1zsi\u00e1ban.<\/p>\n\n\n\n<p>Brunei paradoxona a hatalmas anyagi gazdags\u00e1g \u00e9s a visszafogott t\u00e1rsadalmi nyitotts\u00e1g egym\u00e1s melletti elhelyezked\u00e9s\u00e9ben rejlik. Erd\u0151i nagyr\u00e9szt \u00e9rintetlenek maradtak, mik\u00f6zben olajf\u00far\u00f3tornyok tark\u00edtj\u00e1k a tengeri mez\u0151ket; \u00fatjai csendes tr\u00f3pusi vadonba ny\u00falnak; mecsetjei szer\u00e9ny fah\u00e1zak mellett ragyognak. Ebben a birodalomban a t\u00f6rt\u00e9nelem \u00e9l \u2013 a p\u00e9nteki im\u00e1k kim\u00e9rt recit\u00e1l\u00e1s\u00e1ban, a rizstermeszt\u0151k hajnali csendes b\u00fcszkes\u00e9g\u00e9ben, a szult\u00e1n aranyozott tr\u00f3nterm\u00e9ben \u2013, \u00e9s a j\u00f6v\u0151beli t\u00f6rekv\u00e9sek egy gondosan kidolgozott egyens\u00faly alatt kavarognak. Az orsz\u00e1g nem k\u00e9rkedik gazdags\u00e1g\u00e1val, mint a k\u00f6zel-keleti petrosejkhs\u00e9gek, \u00e9s nem olvad bele a glob\u00e1lis \u00e1ramlatba, mint Szingap\u00far, hanem egyfajta tartal\u00e9kkal, a nyugalom \u00e9s a rend \u00edg\u00e9ret\u00e9vel rendelkezik, amely tov\u00e1bbra is form\u00e1lja egyetlen \u00fatj\u00e1t.<\/p>","protected":false},"excerpt":{"rendered":"<p>Brunei, hivatalos nev\u00e9n Brunei Darussalam, egy kompakt \u00e9s j\u00f3m\u00f3d\u00fa orsz\u00e1g, Borne\u00f3 \u00e9szaki partj\u00e1n, D\u00e9lkelet-\u00c1zsi\u00e1ban. 2023-ban 455 858 lakos\u00e1val ez a szuver\u00e9n \u00e1llam az egyetlen f\u00fcggetlen nemzet, amely teljes eg\u00e9sz\u00e9ben Bornea sziget\u00e9n tal\u00e1lhat\u00f3. A csaknem 180 000 lakost sz\u00e1ml\u00e1l\u00f3 Bandar Seri Begawan, a f\u0151v\u00e1ros \u00e9s a legnagyobb v\u00e1ros a nemzet politikai \u00e9s kereskedelmi k\u00f6zpontjak\u00e9nt szolg\u00e1l.<\/p>","protected":false},"author":1,"featured_media":5108,"parent":24063,"menu_order":0,"comment_status":"closed","ping_status":"closed","template":"elementor_theme","meta":{"_eb_attr":"","footnotes":""},"class_list":["post-15920","page","type-page","status-publish","has-post-thumbnail"],"_links":{"self":[{"href":"https:\/\/travelshelper.com\/hu\/wp-json\/wp\/v2\/pages\/15920","targetHints":{"allow":["GET"]}}],"collection":[{"href":"https:\/\/travelshelper.com\/hu\/wp-json\/wp\/v2\/pages"}],"about":[{"href":"https:\/\/travelshelper.com\/hu\/wp-json\/wp\/v2\/types\/page"}],"author":[{"embeddable":true,"href":"https:\/\/travelshelper.com\/hu\/wp-json\/wp\/v2\/users\/1"}],"replies":[{"embeddable":true,"href":"https:\/\/travelshelper.com\/hu\/wp-json\/wp\/v2\/comments?post=15920"}],"version-history":[{"count":0,"href":"https:\/\/travelshelper.com\/hu\/wp-json\/wp\/v2\/pages\/15920\/revisions"}],"up":[{"embeddable":true,"href":"https:\/\/travelshelper.com\/hu\/wp-json\/wp\/v2\/pages\/24063"}],"wp:featuredmedia":[{"embeddable":true,"href":"https:\/\/travelshelper.com\/hu\/wp-json\/wp\/v2\/media\/5108"}],"wp:attachment":[{"href":"https:\/\/travelshelper.com\/hu\/wp-json\/wp\/v2\/media?parent=15920"}],"curies":[{"name":"wp","href":"https:\/\/api.w.org\/{rel}","templated":true}]}}