{"id":15845,"date":"2024-09-21T22:01:18","date_gmt":"2024-09-21T22:01:18","guid":{"rendered":"https:\/\/travelshelper.com\/staging\/?page_id=15845"},"modified":"2026-03-11T02:56:58","modified_gmt":"2026-03-11T02:56:58","slug":"csengtu","status":"publish","type":"page","link":"https:\/\/travelshelper.com\/hu\/destinations\/asia\/china\/chengdu\/","title":{"rendered":"Csengtu"},"content":{"rendered":"<p>Csengtu a Szecsu\u00e1ni-medence sz\u00edv\u00e9ben fekszik, ahol a Jin foly\u00f3 egy term\u00e9keny s\u00edks\u00e1gon kanyarog kereszt\u00fcl, amelyet r\u00e9g\u00f3ta a \u201eB\u0151s\u00e9g F\u00f6ldjek\u00e9nt\u201d ismernek. 450 \u00e9s 720 m\u00e9ter k\u00f6z\u00f6tti tengerszint feletti magass\u00e1ga enyhe \u00e9ghajlatot biztos\u00edt, amelyet az \u00e9szakon fekv\u0151 Csin-hegys\u00e9g m\u00e9rs\u00e9kel, amely v\u00e9di a v\u00e1rost a zord t\u00e9li szelekt\u0151l. B\u00e1r a ny\u00e1ri p\u00e1ratartalom emelkedik, a napi maximumok ritk\u00e1n haladj\u00e1k meg a 33 \u00b0C-ot, a csapad\u00e9k pedig j\u00faliusban \u00e9s augusztusban koncentr\u00e1l\u00f3dik. Decemberben a lehets\u00e9ges naps\u00fct\u00e9s kevesebb mint tizenhat sz\u00e1zal\u00e9ka \u00e9ri el Csengtut, augusztusban pedig alig t\u00f6bb mint harminc sz\u00e1zal\u00e9kra emelkedik, \u00edgy \u00e9vente k\u00f6r\u00fclbel\u00fcl 1006 \u00f3ra ragyog\u00f3 naps\u00fct\u00e9st biztos\u00edt. Ezek a k\u00f6r\u00fclm\u00e9nyek, valamint a Dujiangyan \u00f6nt\u00f6z\u0151rendszer \u2013 amelyet az i. e. harmadik sz\u00e1zadban g\u00e1t n\u00e9lk\u00fcl \u00e9p\u00edtettek \u2013 k\u00e9t \u00e9vezreden \u00e1t fenntartott\u00e1k a s\u00edks\u00e1g rizsf\u00f6ldjeit, teakertjeit \u00e9s bambuszligeteit.<\/p>\n\n\n\n<p>A k\u00e9s\u0151bbi Csengtu n\u00e9ven ismert ter\u00fclet el\u0151sz\u00f6r a Shu kir\u00e1lys\u00e1gnak adott otthont az i. e. negyedik sz\u00e1zadban. A 2001-ben felfedezett Sanxingdui kult\u00fara maradv\u00e1nyai egy kifinomult bronzkori t\u00e1rsadalmat mutatnak be, amelynek arany Napmad\u00e1r mot\u00edvuma ma K\u00edna kultur\u00e1lis \u00f6r\u00f6ks\u00e9gi jelk\u00e9p\u00e9n szerepel. A telep\u00fcl\u00e9s nev\u00e9t az egym\u00e1st k\u00f6vet\u0151 dinaszti\u00e1k, a birodalmi sz\u00e9tt\u00f6redez\u00e9s \u00e9s a k\u00f6zt\u00e1rsas\u00e1gi \u00e1tmenet sor\u00e1n is meg\u0151rizte. A H\u00e1rom Kir\u00e1lys\u00e1g kor\u00e1ban Liu Bei Csengtut tette meg Shu Han \u00e1llam\u00e1nak sz\u00e9khely\u00e9v\u00e9; k\u00e9s\u0151bb a k\u00f6z\u00e9pkorban region\u00e1lis rezsimek f\u0151v\u00e1rosak\u00e9nt szolg\u00e1lt. A keleti tartom\u00e1nyokb\u00f3l \u00e9rkez\u0151 menek\u00fcltek a m\u00e1sodik vil\u00e1gh\u00e1bor\u00fa alatt n\u00f6velt\u00e9k lakoss\u00e1g\u00e1t, \u00e9s 1945 ut\u00e1n r\u00f6vid ideig a k\u00f6zt\u00e1rsas\u00e1g ideiglenes f\u0151v\u00e1rosak\u00e9nt is funkcion\u00e1lt. A N\u00e9pk\u00f6zt\u00e1rsas\u00e1g alatt a Csungkingba (1952), Kunmingba \u00e9s Lh\u00e1sz\u00e1ba vezet\u0151 vas\u00fati \u00f6sszek\u00f6ttet\u00e9sek szorosabban \u00f6sszekapcsolt\u00e1k Csengtut a keleti \u00e9s d\u00e9lnyugati h\u00e1l\u00f3zatokkal, m\u00edg az 1960-as \u00e9vekben v\u00e9delmi ipar alakult ki.<\/p>\n\n\n\n<p>A mai v\u00e1rosi lakoss\u00e1g sz\u00e1ma meghaladja a h\u00faszmilli\u00f3t, \u00edgy Csengtu K\u00edna negyedik legn\u00e9pesebb v\u00e1rosa, \u00e9s az egyetlen nem k\u00f6zvetlen\u00fcl igazgatott telep\u00fcl\u00e9s, amely \u00e1tl\u00e9pte ezt a k\u00fcsz\u00f6b\u00f6t. A 2021-es Glob\u00e1lis P\u00e9nz\u00fcgyi K\u00f6zpontok Index\u00e9n a harminc\u00f6t\u00f6dik helyen \u00e1ll, \u00e9s t\u00f6bb mint h\u00e1romsz\u00e1z Fortune 500-as v\u00e1llalat tart fenn fi\u00f3ktelepet a v\u00e1rosban. Az aut\u00f3ipari, g\u00e9pipari, gy\u00f3gyszeripari \u00e9s informatikai c\u00e9gek olyan nagy kutat\u00f3int\u00e9zetekkel osztoznak a ter\u00fcleten, mint a Szecsu\u00e1ni Egyetem, az Elektronikai Tudom\u00e1nyok \u00e9s Technol\u00f3gia Egyeteme \u00e9s a D\u00e9lnyugati Jiaotong Egyetem. A s\u00edks\u00e1g nyugati sz\u00e9l\u00e9n a Tienfu \u00e9s a Shuangliu rep\u00fcl\u0151terek alkotj\u00e1k a vil\u00e1g egyik legforgalmasabb p\u00e1ros\u00edtott csom\u00f3pontj\u00e1t, m\u00edg K\u00edna nagysebess\u00e9g\u0171 vas\u00fath\u00e1l\u00f3zata itt tal\u00e1lkozik a Hszi&#039;an, Kunming \u00e9s azon t\u00fali vonalakon. A nagyv\u00e1rosi gyorsforgalmi utak, tizenk\u00e9t v\u00e1rosi ker\u00fclet, \u00f6t megyei szint\u0171 v\u00e1ros \u00e9s h\u00e1rom megye k\u00f6zel 12 400 n\u00e9gyzetkilom\u00e9tert fednek le, mintegy 192 kilom\u00e9ter hosszan kelet-nyugat fel\u00e9.<\/p>\n\n\n\n<p>A term\u00e9szetv\u00e9delem \u00e9s a biol\u00f3giai sokf\u00e9les\u00e9g megvet\u00e9s\u00e9t c\u00e9lz\u00f3 t\u00f6rekv\u00e9sek a Qionglai \u00e9s Longmen hegys\u00e9gek erdeiben zajlanak, ahol a tengerszint feletti magass\u00e1g meghaladja az \u00f6tezer m\u00e9tert, \u00e9s ahol \u00f3ri\u00e1spand\u00e1k barangolnak bambuszboz\u00f3tosokban. A Csengtui \u00d3ri\u00e1spanda-teny\u00e9szt\u00e9si Kutat\u00f3b\u00e1zis egy\u00fcttm\u0171k\u00f6dik a k\u00f6zeli Szecsu\u00e1ni Szent\u00e9lyekkel \u2013 amelyek a vil\u00e1g vadon \u00e9l\u0151 pand\u00e1inak t\u00f6bb mint nyolcvan sz\u00e1zal\u00e9k\u00e1nak adnak otthont \u2013, hogy 9245 n\u00e9gyzetkilom\u00e9teren t\u00e1mogass\u00e1k a teny\u00e9szt\u00e9st, a vadon \u00e9l\u0151 \u00e1llatok visszatelep\u00edt\u00e9s\u00e9t \u00e9s az \u00e9l\u0151helyek v\u00e9delm\u00e9t. A tizenhatsz\u00e1z m\u00e9ter magas Csingcseng-hegy \u0151rzi a taoista templomokat, amelyek halv\u00e1nyan megvil\u00e1g\u00edtott csarnokai a korai gyakorl\u00f3kra eml\u00e9keztetnek. A Dujiangyan rendszer tov\u00e1bbra is teljes m\u00e9rt\u00e9kben m\u0171k\u00f6d\u0151k\u00e9pes, a vizet olyan csatorn\u00e1kon osztja el, amelyek modern szivatty\u00fak n\u00e9lk\u00fcl is ir\u00e1ny\u00edtj\u00e1k az \u00e9vszakos \u00e1raml\u00e1sokat.<\/p>\n\n\n\n<p>Csengtu kultur\u00e1lis \u00e9lete az \u00f3kort \u00e9s az alkalmazkod\u00e1st egyar\u00e1nt t\u00fckr\u00f6zi. A Vuhou-szent\u00e9ly k\u0151feliratokkal \u00e9s szobrokkal tiszteleg Zhuge Liang \u00e9s Liu Bei el\u0151tt, m\u00edg Du Fu n\u00e1dfedeles h\u00e1zik\u00f3ja a Tang-korabeli k\u00f6lt\u0151 Huanhua-patak melletti sz\u00e1m\u0171zet\u00e9s\u00e9ben t\u00f6lt\u00f6tt \u00e9veit id\u00e9zi fel. A Jinsha Ereklyem\u00fazeum, amely a huszonegyedik sz\u00e1zad \u00f3ta intenz\u00edv \u00e1sat\u00e1sok helysz\u00edne, t\u00f6bb ezer \u00e9ves j\u00e1de, arany \u00e9s bronz t\u00e1rgyakat mutat be. A Sanxingdui M\u00fazeum 2022-ben megny\u00edlt \u00faj gal\u00e9ri\u00e1i t\u00f6bb mint k\u00e9tezer erekly\u00e9t mutatnak be egy hatalmas modern komplexumban. Buddhista \u00e9s taoista k\u00f6zpontok \u2013 a Daci-templom, a Wenshu \u00e9s a Qingyang-palota \u2013 a v\u00e1rosi h\u00e1l\u00f3zat k\u00f6zep\u00e9n \u00e1llnak, \u00e9s a Xuanzanghoz \u00e9s Lao Tzuhoz kapcsol\u00f3d\u00f3 sz\u00f6vegeket \u00e9s erekly\u00e9ket \u0151rzik.<\/p>\n\n\n\n<p>Az utcai \u00e9let a k\u00e9nyelmes teah\u00e1zak \u00e9s a szorosan zs\u00fafolt \u00fczlet- \u00e9s vend\u00e9gl\u00e1t\u00f3helyek k\u00f6z\u00f6tt v\u00e1ltakozik. A teakult\u00fara t\u00f6bb mint ezer \u00e9ves m\u00faltra tekint vissza; a vend\u00e9gek j\u00e1zmin- vagy longjing te\u00e1t kortyolgatnak, mik\u00f6zben mahjongoznak vagy szecsu\u00e1ni oper\u00e1t hallgatnak. A b\u00e1rok sz\u00e1ma meghaladja a sanghajiakat, \u00e9s t\u00f6bb mint harmincezer teah\u00e1z szolg\u00e1l t\u00e1rsas\u00e1gi k\u00f6zpontk\u00e9nt. A helyi chili- \u00e9s borsszemeket kedvel\u0151 hot-pot \u00e9ttermek g\u0151z\u00f6lg\u0151 \u00fcst\u00f6k k\u00f6r\u00e9 vonzz\u00e1k a csal\u00e1dokat \u00e9s a koll\u00e9g\u00e1kat. A k\u00fclv\u00e1rosokban a \u201eNong Jia Le\u201d h\u00e1zias st\u00edlus\u00fa \u00e9ttermek h\u00e1zi k\u00e9sz\u00edt\u00e9s\u0171 \u00e9teleket, sz\u00e1ll\u00e1st \u00e9s mahjongasztalokat k\u00edn\u00e1lnak egy fed\u00e9l alatt, cs\u00e1b\u00edtva a v\u00e1roslak\u00f3kat, hogy szer\u00e9ny \u00e1ron t\u00f6ltsenek el egy \u00e9jszak\u00e1t.<\/p>\n\n\n\n<p>A k\u00f6zelben sz\u00e1mos \u0151si v\u00e1ros \u0151rzi a t\u00f6rt\u00e9nelem r\u00e9tegeit. A Jinli utca, amely egykor Han-kori kereskedelmi \u00fatvonal volt, ma k\u00fcl\u00f6nleges \u00fczleteknek ad otthont Csing-st\u00edlus\u00fa tet\u0151k alatt; a Kuanzhaixiangzi sz\u00e9les \u00e9s keskeny sik\u00e1torai n\u00e9pi \u00e9p\u00edt\u00e9szetet mutatnak be; a Huanglongxi \u00e9s az Anren meg\u0151rz\u00f6tt k\u00fari\u00e1kat, m\u00fazeumi gy\u0171jtem\u00e9nyeket \u00e9s foly\u00f3parti s\u00e9t\u00e1nyokat k\u00edn\u00e1l. Luodai, a legnagyobb Hakka telep\u00fcl\u00e9s, a H\u00e1rom Kir\u00e1lys\u00e1g korabeli nev\u00e9t \u0151rzi a feliratokon \u00e9s a ker\u00e1mi\u00e1kon.<\/p>\n\n\n\n<p>Csengtu nagyv\u00e1rosi st\u00e1tusza kiterjed a glob\u00e1lis esem\u00e9nyekre is. A 2023-as ny\u00e1ri egyetemi vil\u00e1gj\u00e1t\u00e9koknak adott otthont, \u00e9s a 2025-\u00f6s vil\u00e1gj\u00e1t\u00e9koknak is otthont ad majd. A v\u00e1ros huszonh\u00e1rom diplom\u00e1ciai k\u00e9pviselettel rendelkezik \u2013 csak Peking, Sanghaj \u00e9s Kanton el\u0151zi meg \u2013, \u00e9s itt tal\u00e1lhat\u00f3 a N\u00e9pi Felszabad\u00edt\u00f3 Hadsereg Nyugati Hadsz\u00ednt\u00e9r Parancsnoks\u00e1ga. Nemzeti k\u00f6zponti v\u00e1rosk\u00e9nt Csengtu a nyugati fejleszt\u00e9si strat\u00e9gi\u00e1k alapk\u00f6v\u00e9v\u00e9 v\u00e1lik, \u00e9s olyan tudom\u00e1nyos eredm\u00e9nyeket t\u00e1mogat, amelyek a vil\u00e1g huszon\u00f6t legjobb kutat\u00f3k\u00f6zpontja k\u00f6z\u00e9 sorolj\u00e1k.<\/p>\n\n\n\n<p>Minden ker\u00fcletben modern tornyok magasodnak templomok \u00e9s teah\u00e1zak mellett. A forgalom z\u00fag az alagutakon \u00e9s a v\u00e1ros sz\u00e1m\u00e1ra \u00e9p\u00edtett hidakon, melynek m\u00e1sodik k\u00f6rgy\u0171r\u0171je ma m\u00e1r a v\u00e1ros alapter\u00fclet\u00e9nek nagy r\u00e9sz\u00e9t k\u00f6r\u00fcl\u00f6leli. A Dujiangyan-csatorn\u00e1k m\u00e9gis tov\u00e1bbra is folynak, \u00e9s a hegyek tiszta napokon is l\u00e1that\u00f3k. Csengtu \u00f6sszetett metropolissz\u00e1 n\u0151tte ki mag\u00e1t an\u00e9lk\u00fcl, hogy elvesz\u00edtette volna m\u00faltj\u00e1t meghat\u00e1roz\u00f3 elemeit: a b\u0151s\u00e9ges f\u00f6ldter\u00fcletet, az \u00f6sszefut\u00f3 foly\u00f3kat, a kultur\u00e1lis keresztez\u0151d\u00e9seket \u00e9s a pand\u00e1kat, amelyek a helyi identit\u00e1st \u00e9s a term\u00e9szetv\u00e9delmi amb\u00edci\u00f3kat egyar\u00e1nt szimboliz\u00e1lj\u00e1k. Utc\u00e1i \u00f6tv\u00f6zik a munk\u00e1t \u00e9s a szabadid\u0151t, a templomot \u00e9s a teah\u00e1zat, a kutat\u00f3laborat\u00f3riumot \u00e9s a csal\u00e1di konyh\u00e1t. A t\u00f6bb mint k\u00e9tezer \u00e9ves Csengtu tov\u00e1bbra is a s\u00edks\u00e1g \u00e9l\u0151 \u00f6r\u00f6ks\u00e9ge \u00e9s a nev\u00e9t ma is visel\u0151 v\u00e1ros t\u00f6rekv\u00e9sei k\u00f6r\u00e9 form\u00e1lja mag\u00e1t.<\/p>","protected":false},"excerpt":{"rendered":"<p>Csengdu, a k\u00ednai Szecsu\u00e1n tartom\u00e1ny f\u0151v\u00e1rosa a nemzet kiterjedt t\u00f6rt\u00e9nelmi \u00f6r\u00f6ks\u00e9g\u00e9t p\u00e9ld\u00e1zza a gyors moderniz\u00e1ci\u00f3 mellett. A 2020-as n\u00e9psz\u00e1ml\u00e1l\u00e1skor 20 937 757 lakos\u00e1val a negyedik legn\u00e9pesebb v\u00e1ros K\u00edn\u00e1ban, \u00e9s az egyetlen, ahol t\u00f6bb mint 20 milli\u00f3 lakos tal\u00e1lhat\u00f3 a k\u00f6zvetlen\u00fcl \u00e1tutalt telep\u00fcl\u00e9seken k\u00edv\u00fcl. Ez a Nyugat-K\u00edna klasszikus k\u00f6zpontjak\u00e9nt m\u0171k\u00f6d\u0151 energikus v\u00e1ros a r\u00e9gi t\u00f6rt\u00e9nelem \u00e9s a modern fejl\u0151d\u00e9s egyed\u00fcl\u00e1ll\u00f3 f\u00fazi\u00f3j\u00e1val rendelkezik.<\/p>","protected":false},"author":1,"featured_media":4444,"parent":15750,"menu_order":0,"comment_status":"closed","ping_status":"closed","template":"elementor_theme","meta":{"_eb_attr":"","footnotes":""},"class_list":["post-15845","page","type-page","status-publish","has-post-thumbnail"],"_links":{"self":[{"href":"https:\/\/travelshelper.com\/hu\/wp-json\/wp\/v2\/pages\/15845","targetHints":{"allow":["GET"]}}],"collection":[{"href":"https:\/\/travelshelper.com\/hu\/wp-json\/wp\/v2\/pages"}],"about":[{"href":"https:\/\/travelshelper.com\/hu\/wp-json\/wp\/v2\/types\/page"}],"author":[{"embeddable":true,"href":"https:\/\/travelshelper.com\/hu\/wp-json\/wp\/v2\/users\/1"}],"replies":[{"embeddable":true,"href":"https:\/\/travelshelper.com\/hu\/wp-json\/wp\/v2\/comments?post=15845"}],"version-history":[{"count":0,"href":"https:\/\/travelshelper.com\/hu\/wp-json\/wp\/v2\/pages\/15845\/revisions"}],"up":[{"embeddable":true,"href":"https:\/\/travelshelper.com\/hu\/wp-json\/wp\/v2\/pages\/15750"}],"wp:featuredmedia":[{"embeddable":true,"href":"https:\/\/travelshelper.com\/hu\/wp-json\/wp\/v2\/media\/4444"}],"wp:attachment":[{"href":"https:\/\/travelshelper.com\/hu\/wp-json\/wp\/v2\/media?parent=15845"}],"curies":[{"name":"wp","href":"https:\/\/api.w.org\/{rel}","templated":true}]}}