{"id":15708,"date":"2024-09-21T19:03:14","date_gmt":"2024-09-21T19:03:14","guid":{"rendered":"https:\/\/travelshelper.com\/staging\/?page_id=15708"},"modified":"2026-03-11T20:51:49","modified_gmt":"2026-03-11T20:51:49","slug":"sri-lanka","status":"publish","type":"page","link":"https:\/\/travelshelper.com\/hu\/destinations\/asia\/sri-lanka\/","title":{"rendered":"Sr\u00ed Lanka"},"content":{"rendered":"<p>Sr\u00ed Lanka az Indiai-\u00f3ce\u00e1n szer\u00e9ny r\u00e9sz\u00e9n fekszik, egy k\u00f6rte alak\u00fa sz\u00e1razf\u00f6ld\u00f6n, k\u00f6zvetlen\u00fcl az indiai szubkontinenst\u0151l d\u00e9lre. Egy karcs\u00fa m\u00e9szk\u0151 z\u00e1tonyl\u00e1nc, amelyet a legenda \u00c1d\u00e1m h\u00eddjak\u00e9nt ismer, k\u00f6ti \u00f6ssze India sz\u00e1razf\u00f6ldj\u00e9vel, b\u00e1r ennek a sz\u00e1razf\u00f6ldi h\u00eddnak csak maradv\u00e1nyai maradtak fenn a hull\u00e1mok felett. Ezeken a maradv\u00e1nyokon t\u00fal a Mannari-\u00f6b\u00f6l \u00e9s a Palk-szoros egy\u00e9rtelm\u0171 elk\u00fcl\u00f6n\u00fcl\u00e9st jel\u00f6l, m\u00e9gis \u00e1ramlatok \u00e9s kult\u00far\u00e1k \u00e1ramlottak a sziget \u00e9s a f\u00e9lsziget k\u00f6z\u00f6tt \u00e9vezredek \u00f3ta.<\/p>\n<p>Sr\u00ed Lanka a talaj \u00e9s a hull\u00e1mok alatt fekszik az Indiai-lemez tetej\u00e9n. A partvonalt\u00f3l parti s\u00edks\u00e1gok h\u00faz\u00f3dnak, a sziget k\u00f6zep\u00e9n pedig a 2524 m\u00e9ter magas Pidurutalagala koron\u00e1zta dombok \u00e9s cs\u00facsok gerinc\u00e9ig. Sz\u00e1z foly\u00f3 v\u00e1jja medr\u00e9t a tenger fel\u00e9; a Mahaweli, a leghosszabb k\u00f6z\u00fcl\u00fck 335 kilom\u00e9terrel, ell\u00e1tja azokat az \u00f6nt\u00f6z\u00f6tt f\u00f6ldeket, amelyek egykor az \u0151si kir\u00e1lys\u00e1gok alapj\u00e1t k\u00e9pezt\u00e9k. Ezek a v\u00edzi utak t\u00f6bbet hoznak, mint a rizsf\u00f6ldek: erd\u0151s szurdokokon zuhannak \u00e1t, \u00e9s 51 term\u00e9szetes, t\u00f6bb mint t\u00edz m\u00e9ter magas v\u00edzes\u00e9st alkotnak, k\u00f6zt\u00fck a 263 m\u00e9teres Bambarakanda-zuhatagot.<\/p>\n<p>A monszunok alak\u00edtj\u00e1k a sziget es\u0151it. A d\u00e9lnyugati szelek a felf\u00f6ld lejt\u0151it \u00e9s a \u201enedves z\u00f3n\u00e1t\u201d \u00e9vi 2500 millim\u00e9ter csapad\u00e9kkal \u00e1ztatj\u00e1k. \u00c9szakon \u00e9s keleten a csapad\u00e9kmennyis\u00e9g nagyj\u00e1b\u00f3l 1200\u20131900 millim\u00e9terre cs\u00f6kken; a partok m\u00e9g tov\u00e1bb sz\u00e1razodnak. Id\u0151szakos ciklonok \u00e9s sz\u00e9ll\u00f6k\u00e9sek avatkoznak be, de az \u00e1ltal\u00e1nos minta megmarad. A h\u0151m\u00e9rs\u00e9klet a tengerszint feletti magass\u00e1ggal v\u00e1ltozik: a legmagasabb pontokon fagy is el\u0151fordulhat, m\u00edg a part menti s\u00edks\u00e1gokon nappal gyakran 30 \u00b0C f\u00f6l\u00e9 emelkedik a h\u0151m\u00e9r\u0151 h\u0151m\u00e9rs\u00e9klete, \u00e9jszaka pedig k\u00f6zel 15 \u00b0C-ra cs\u00f6kken.<\/p>\n<p>A bizony\u00edt\u00e9kok arra utalnak, hogy az emberek t\u00f6bb mint sz\u00e1zezer \u00e9vvel ezel\u0151tt j\u00e1rtak itt; az \u00edrott t\u00f6rt\u00e9nelem h\u00e1romezer \u00e9vre ny\u00falik vissza. A nevek a korszakokkal v\u00e1ltoztak: a modern nyelvhaszn\u00e1latban Sr\u00ed Lanka szanszkrit eredet\u0171 nev\u00e9t viseli, m\u00e9gis \u00e9vsz\u00e1zadokon \u00e1t az eur\u00f3paiak \u00e9rkez\u00e9se ut\u00e1n Ceylonk\u00e9nt ismert\u00e9k. A buddhista v\u00e9nek negyedik tan\u00e1cs\u00e1b\u00f3l, Kr. e. 29-b\u0151l sz\u00e1rmazik a P\u0101li k\u00e1non, egy olyan feljegyz\u00e9s, amelyet el\u0151sz\u00f6r a szigeten \u00edrtak le. \u00cdr\u00e1sai k\u0151feliratokban, p\u00e1lmalev\u00e9l k\u00e9ziratokban \u00e9s a szerzetesrendek eml\u00e9keiben maradtak fenn.<\/p>\n<p>A strat\u00e9giai kik\u00f6t\u0151k a szigetet az \u0151si Selyem\u00fat keresked\u0151inek k\u00f6zpontj\u00e1v\u00e1 tett\u00e9k. Arab tenger\u00e9szek, k\u00ednai k\u00f6vetek, majd a tizenhatodik sz\u00e1zad elej\u00e9re portug\u00e1l flott\u00e1k is igyekeztek ellen\u0151rz\u00e9st szerezni a sziget kik\u00f6t\u0151i \u00e9s fah\u00e9jligetei felett. Konfliktusok tark\u00edtott\u00e1k a t\u00e9rk\u00e9pet: a holland er\u0151k a tizenhetedik sz\u00e1zadban part menti szakaszokat ig\u00e9nyeltek; Nagy-Britannia 1796-ban elkobozta ezeket a birtokokat, 1815-re megszil\u00e1rd\u00edtva uralm\u00e1t az eg\u00e9sz sziget felett. A Korona alatt a tea-, kaucsuk- \u00e9s k\u00e1v\u00e9\u00fcltetv\u00e9nyek a sz\u00e1razf\u00f6ld belsej\u00e9ben terjeszkedtek, m\u00edg a g\u0151zhaj\u00f3k Colomb\u00f3t Londonnal \u00e9s Bombay-jal k\u00f6t\u00f6tt\u00e9k \u00f6ssze.<\/p>\n<p>Egy nemzeti mozgalom el\u0151sz\u00f6r a tizenkilencedik sz\u00e1zad v\u00e9g\u00e9n alakult ki, \u00e9s Ceylon 1948-ban elnyerte az uralkod\u00f3i st\u00e1tuszt. 1972-re k\u00f6zt\u00e1rsas\u00e1gi st\u00e1tuszt kapott, \u00e9s az orsz\u00e1g felvette jelenlegi nev\u00e9t. R\u00f6viddel ezut\u00e1n a szingal\u00e9z \u00e9s tamil lakoss\u00e1g k\u00f6z\u00f6tti visz\u00e1ly polg\u00e1rh\u00e1bor\u00fav\u00e1 fajult, amely 1983-t\u00f3l 2009-ig tartott. A Tamil Eelam Felszabad\u00edt\u00f3 Tigrisei abban az \u00e9vben a korm\u00e1nyer\u0151k kez\u00e9re ker\u00fcltek, lez\u00e1rva egy olyan fejezetet, amelyet a kitelep\u00edt\u00e9s jellemez, de sebeket hagyva \u00e9szakon \u00e9s keleten, ahol az aknamentes\u00edt\u00e9s \u00e9s az \u00fajj\u00e1\u00e9p\u00edt\u00e9s folytat\u00f3dik.<\/p>\n<p>Ma nagyj\u00e1b\u00f3l huszonk\u00e9tmilli\u00f3 ember \u00e9l a szigeten. A lakoss\u00e1g k\u00f6r\u00fclbel\u00fcl h\u00e1romnegyed\u00e9t kitev\u0151 szingal\u00e9zek szingal\u00e9zul besz\u00e9lnek; a tamilul besz\u00e9l\u0151k sz\u00e1ma k\u00f6zel \u00f6tmilli\u00f3. A kisebb k\u00f6z\u00f6ss\u00e9gek k\u00f6z\u00e9 tartoznak a m\u00f3rok, akiknek \u0151sei arab kereskedelem \u00fatj\u00e1n \u00e9rkeztek, valamint a holland \u00e9s portug\u00e1l lesz\u00e1rmaz\u00e1si vonalakb\u00f3l sz\u00e1rmaz\u00f3 polg\u00e1rok. Az \u0151slakos vedda n\u00e9p a t\u00e1voli erd\u0151kben \u00e1polja hagyom\u00e1nyait. Az alkotm\u00e1nyos rendelkez\u00e9sek a szingal\u00e9z \u00e9s a tamil nyelvet jel\u00f6lik meg hivatalos nyelvk\u00e9nt; az angol \u00f6sszek\u00f6t\u0151 nyelvk\u00e9nt szolg\u00e1l a kereskedelemben \u00e9s az oktat\u00e1sban.<\/p>\n<p>A buddhista gyakorlat domin\u00e1l, a lakoss\u00e1g k\u00f6r\u00fclbel\u00fcl hetven sz\u00e1zal\u00e9ka k\u00f6veti, t\u00f6bbs\u00e9g\u00fck szingal\u00e9z. A hinduizmus, az iszl\u00e1m \u00e9s a kereszt\u00e9nys\u00e9g egyar\u00e1nt kisebb ar\u00e1nyban k\u00e9pviselteti mag\u00e1t, m\u00e9gis minden vall\u00e1s befoly\u00e1solja a k\u00f6z\u00e9letet \u00e9s az \u00fcnnepnapt\u00e1rakat. Az \u00e1llam alkotm\u00e1ny\u00e1ban a buddhizmusnak biztos\u00edt kiemelked\u0151 helyet, \u00e9s templomkomplexumok \u2013 k\u0151b\u0151l k\u00e9sz\u00fclt dagob\u00e1k, dobol\u00f3 pavilonok, gr\u00e1nitb\u00f3l faragott \u0151ralakok \u2013 tark\u00edtj\u00e1k a vid\u00e9ket Anuradhapur\u00e1t\u00f3l Kandyig.<\/p>\n<p>A gazdas\u00e1gi adatok szerint Sr\u00ed Lanka a Hum\u00e1n Fejl\u0151d\u00e9si Index 78. hely\u00e9n \u00e1ll, amivel D\u00e9l-\u00c1zsia legmagasabb szintj\u00e9t k\u00e9pviseli ezen a ter\u00fcleten. V\u00e1s\u00e1rl\u00f3er\u0151 tekintet\u00e9ben az egy f\u0151re jut\u00f3 GDP a m\u00e1sodik helyen \u00e1ll a r\u00e9gi\u00f3ban. Az \u00fcltetv\u00e9nyeken termesztett n\u00f6v\u00e9nyek tov\u00e1bbra is emblematikusak \u2013 a tea exportja k\u00f6zel k\u00e9t \u00e9vsz\u00e1zados h\u00edrnevet szerzett a \u201eceyloni tea\u201d-nak \u2013, m\u00e9gis a szolg\u00e1ltat\u00e1sok ma m\u00e1r a termel\u00e9s k\u00f6zel hatvan sz\u00e1zal\u00e9k\u00e1t teszik ki, az ipar huszonhat, a mez\u0151gazdas\u00e1g pedig nyolc sz\u00e1zal\u00e9kot. A turizmus, a textilipar, az \u00e9lelmiszer-feldolgoz\u00e1s \u00e9s a k\u00fclf\u00f6ldi hazautal\u00e1sok mind hozz\u00e1j\u00e1rulnak ehhez.<\/p>\n<p>K\u00edna, India \u00e9s az Egyes\u00fclt \u00c1llamok a f\u0151 kereskedelmi partnerek. Az orsz\u00e1ghat\u00e1rokon bel\u00fcl a tartom\u00e1nyok termel\u00e9se elt\u00e9r\u0151: a Colombo \u00e1ltal k\u00f6zpontos\u00edtott Nyugati tartom\u00e1ny a gazdas\u00e1g k\u00f6zel fel\u00e9t adja. Egy h\u00e1bor\u00fas sz\u00fcnet ut\u00e1n az \u00c9szaki tartom\u00e1ny 2010-ben k\u00f6zel huszonh\u00e1rom sz\u00e1zal\u00e9kos n\u00f6veked\u00e9st k\u00f6nyvelhetett el, de az egyenl\u0151tlens\u00e9gek tov\u00e1bbra is fenn\u00e1llnak. Az \u00e1llam kik\u00f6t\u0151b\u0151v\u00edt\u00e9sekkel \u2013 Hambantota csatlakozik Colomb\u00f3n\u00e1l, Gall\u00e9ban \u00e9s Trincomalee-ben tal\u00e1lhat\u00f3 m\u00e9lytengeri l\u00e9tes\u00edtm\u00e9nyekhez \u2013, valamint a k\u00f6z\u00fati \u00e9s vas\u00fati h\u00e1l\u00f3zatok fejleszt\u00e9s\u00e9vel \u00f6szt\u00f6nzi a diverzifik\u00e1ci\u00f3t.<\/p>\n<p>T\u00f6bb mint sz\u00e1zezer kilom\u00e9ternyi aszfaltozott \u00fat kanyarog a szigeten, amivel a vil\u00e1g egyik legs\u0171r\u0171bb \u00fath\u00e1l\u00f3zata lett. Harminc\u00f6t \u201eA\u201d kateg\u00f3ri\u00e1s aut\u00f3p\u00e1lya \u00e9s n\u00e9gy gyorsforgalmi \u00fat k\u00f6ti \u00f6ssze Colomb\u00f3t a region\u00e1lis k\u00f6zpontokkal. A Sr\u00ed Lanka-i Vasutak mintegy 1447 kilom\u00e9ternyi p\u00e1ly\u00e1t \u00fczemeltetnek, amely a teaterm\u0151 vid\u00e9ken \u00e1t Ell\u00e1ig, a vadonban tal\u00e1lhat\u00f3 elef\u00e1ntok mellett elhaladva az \u00e9szaki s\u00edks\u00e1gokra vezet. A legt\u00f6bb v\u00e1rosok k\u00f6z\u00f6tti utast t\u00f6megk\u00f6zleked\u00e9ssel \u00e9s mag\u00e1nbuszokkal sz\u00e1ll\u00edtj\u00e1k; a v\u00e1rosi utc\u00e1kat tuk-tukok \u00e9s motorker\u00e9kp\u00e1rok t\u00f6ltik meg.<\/p>\n<p>A turizmus a gazdas\u00e1gi v\u00e1ls\u00e1gok \u00e9s a biztons\u00e1gi aggodalmak idej\u00e9n visszaesett, de a legfrissebb adatok a fellend\u00fcl\u00e9st jelzik. 2024 els\u0151 fel\u00e9ben a l\u00e1togat\u00f3k bev\u00e9tele meghaladta az 1,5 milli\u00e1rd doll\u00e1rt, ami 78 sz\u00e1zal\u00e9kos n\u00f6veked\u00e9st jelent az el\u0151z\u0151 \u00e9vhez k\u00e9pest; az \u00e9rkez\u0151k sz\u00e1ma meghaladta az egymilli\u00f3t, ami 62 sz\u00e1zal\u00e9kos n\u00f6veked\u00e9st jelent. A korm\u00e1nyzati kezdem\u00e9nyez\u00e9sek magukban foglalj\u00e1k a v\u00edzummentess\u00e9get egyes nemzetis\u00e9gek sz\u00e1m\u00e1ra, valamint a nemzeti l\u00e9git\u00e1rsas\u00e1ghoz kapcsol\u00f3d\u00f3 glob\u00e1lis marketingtev\u00e9kenys\u00e9get. A strandok, zar\u00e1ndokhelyek \u00e9s vadasparkok vonzz\u00e1k az utaz\u00f3kat, m\u00edg a templomok etikettje \u00e9s a vid\u00e9ki szok\u00e1sok t\u00e1j\u00e9koztat\u00f3t ig\u00e9nyelnek.<\/p>\n<p>A szok\u00e1sok el\u0151\u00edrj\u00e1k a l\u00e1bbeli lev\u00e9tel\u00e9t \u00e9s a szer\u00e9ny \u00f6lt\u00f6zet visel\u00e9s\u00e9t az istentiszteleti helyeken; a v\u00e1llakat \u00e9s a t\u00e9rdeket be kell fedni. A turist\u00e1knak nem szabad buddhista szerzeteseket meg\u00e9rinteni\u00fck, \u00e9s nem p\u00f3zolniuk szobrok el\u0151tt tiszteletlen m\u00f3don. A szent k\u00e9peket \u00e1br\u00e1zol\u00f3 tetov\u00e1l\u00e1sok nyilv\u00e1nos ki\u00e1ll\u00edt\u00e1sa s\u00e9rt\u00e9st v\u00e1lthat ki. A helyi h\u00e1ztart\u00e1sok n\u00e9ha a templomi protokollt k\u00f6vetik: az ajt\u00f3ban hagyott cip\u0151 tiszteletet jelez. A t\u00e1rgyak jobb vagy mindk\u00e9t k\u00e9zzel t\u00f6rt\u00e9n\u0151 \u00e1tad\u00e1sa szok\u00e1s \u2013 az apr\u00f3 aj\u00e1nd\u00e9kok vagy a p\u00e9nz l\u00e1that\u00f3 tiszteletet \u00e9rdemel.<\/p>\n<p>A biztons\u00e1gi agg\u00e1lyok megv\u00e1ltoztak. A k\u00f6z\u00fati balesetek t\u00f6bb hal\u00e1los \u00e1ldozatot k\u00f6vetelnek, mint a b\u0171ncselekm\u00e9nyek vagy a h\u00e1bor\u00fas id\u0151szak fennmarad\u00f3 kock\u00e1zatai. A napi k\u00f6zleked\u00e9si balesetek legal\u00e1bb nyolc ember\u00e9letet k\u00f6vetelnek; sokuk a t\u00falzott sebess\u00e9gb\u0151l, a felel\u0151tlen el\u0151z\u00e9sekb\u0151l vagy a menetrend betart\u00e1sa miatti nyom\u00e1s alatt \u00e1ll\u00f3 f\u00e1radt sof\u0151r\u00f6kb\u0151l ered. A gyalogosok sz\u00e1m\u00e1ra el\u0151ny\u00f6s, ha szembesz\u00e1llnak a bej\u00f6v\u0151 forgalommal, \u00e9s \u00e9berek maradnak az \u00e1tkel\u0151helyeken. A tuk-tukok vagy robog\u00f3k vezet\u00e9si viselked\u00e9se meglepheti a gyan\u00fatlan l\u00e1togat\u00f3kat.<\/p>\n<p>B\u00e1r a polg\u00e1rh\u00e1bor\u00fa 2009-ben v\u00e9get \u00e9rt, a tapos\u00f3akn\u00e1k elt\u00e1vol\u00edt\u00e1sa tov\u00e1bbra is folytat\u00f3dik a kor\u00e1bbi konfliktus\u00f6vezetekben. Fel nem robbant l\u0151szer gyan\u00faja eset\u00e9n a hat\u00f3s\u00e1gok azt javasolj\u00e1k, hogy h\u00edvj\u00e1k a helyi seg\u00e9lyh\u00edv\u00f3 sz\u00e1mokat. A terrorcselekm\u00e9nyek ism\u00e9tl\u0151dnek: az Iszl\u00e1m \u00c1llamhoz k\u00f6thet\u0151 robbant\u00e1sok 2019 \u00e1prilis\u00e1ban templomokat \u00e9s sz\u00e1llod\u00e1kat c\u00e9loztak meg, t\u00f6bb sz\u00e1z \u00e1ldozatot k\u00f6vetelve. Ezeken az esem\u00e9nyeken k\u00edv\u00fcl a turist\u00e1k elleni er\u0151szakos b\u0171ncselekm\u00e9nyek ar\u00e1nya tov\u00e1bbra is alacsony, b\u00e1r a zs\u00fafolt buszokon elk\u00f6vetett apr\u00f3 lop\u00e1sok \u00f3vatoss\u00e1got \u00e9rdemelnek.<\/p>\n<p>A n\u0151k \u00e1ltal\u00e1ban indokolatlan kock\u00e1zat n\u00e9lk\u00fcl utaznak, felt\u00e9ve, hogy a j\u00f3zan \u00e9sz \u00f3vint\u00e9zked\u00e9seit betartj\u00e1k. A t\u00f6megk\u00f6zleked\u00e9s k\u00e9s\u0151 este fokozott sebezhet\u0151s\u00e9get jelent. A vid\u00e9ki utak kilenc \u00f3r\u00e1ra s\u00f6t\u00e9tednek; a v\u00e1llak \u00e9s a t\u00e9rdek eltakar\u00e1sa megk\u00f6nny\u00edtheti a konzervat\u00edv k\u00f6z\u00f6ss\u00e9gekkel val\u00f3 interakci\u00f3t. A strandokon kev\u00e9s probl\u00e9ma ad\u00f3dik, ha a l\u00e1togat\u00f3k csoportokban tart\u00f3zkodnak. Az LMBT utaz\u00f3knak fel kell ismerni\u00fck, hogy a gyarmati korabeli t\u00f6rv\u00e9nyek b\u00fcntetik a homoszexu\u00e1lis tev\u00e9kenys\u00e9get; a diszkr\u00e9ci\u00f3 tov\u00e1bbra is aj\u00e1nlott.<\/p>\n<p>Sr\u00ed Lanka kontrasztjait szeml\u00e9lteti, hogy a nyugodt teakerteket ny\u00fczsg\u0151 kik\u00f6t\u0151kkel p\u00e1ros\u00edtja; az \u0151si dagob\u00e1k a modern Colomb\u00f3ban magasod\u00f3 l\u00e1tk\u00e9p l\u00e1t\u00f3t\u00e1vols\u00e1g\u00e1n bel\u00fcl \u00e1llnak. A hegyvid\u00e9ki vas\u00fati utaz\u00e1sok k\u00f6d\u00f6s v\u00f6lgyeken haladnak \u00e1t, m\u00edg a part menti aut\u00f3p\u00e1ly\u00e1k monszunid\u0151szaki dr\u00e1m\u00e1knak teszik ki az utaz\u00f3kat. A t\u00f6rt\u00e9nelem a romos f\u0151v\u00e1rosokban \u00e9s a f\u00f6ldben is megmarad, amely \u00e9vsz\u00e1zadokon \u00e1t t\u00e1pl\u00e1lta a kir\u00e1lys\u00e1gokat. A sziget l\u00fcktet\u00e9se n\u00e9pek, nyelvek \u00e9s vall\u00e1sok tal\u00e1lkoz\u00e1s\u00e1b\u00f3l fakad \u2013 a folytonoss\u00e1g \u00e9s a v\u00e1ltoz\u00e1s tart\u00f3s k\u00f6lcs\u00f6nhat\u00e1s\u00e1b\u00f3l egy tr\u00f3pusi nap alatt.<\/p>","protected":false},"excerpt":{"rendered":"<p>Sr\u00ed Lanka, egy d\u00e9l-\u00e1zsiai szigetorsz\u00e1g, amelynek lakoss\u00e1ga k\u00f6r\u00fclbel\u00fcl 22 milli\u00f3 ember. A kor\u00e1bban Ceylon n\u00e9ven ismert k\u00f6nnycsepp alak\u00fa orsz\u00e1g ide\u00e1lis helyen tal\u00e1lhat\u00f3 az Indiai-\u00f3ce\u00e1nban, a Beng\u00e1li-\u00f6b\u00f6lt\u0151l d\u00e9lnyugatra. T\u00f6rt\u00e9nelmi t\u00f6rt\u00e9nelm\u00e9t \u00e9s kultur\u00e1lis v\u00e1ltozatoss\u00e1g\u00e1t nagyban befoly\u00e1solta szokatlan f\u00f6ldrajzi elhelyezked\u00e9se.<\/p>","protected":false},"author":1,"featured_media":4713,"parent":24063,"menu_order":0,"comment_status":"closed","ping_status":"closed","template":"elementor_theme","meta":{"_eb_attr":"","footnotes":""},"class_list":["post-15708","page","type-page","status-publish","has-post-thumbnail"],"_links":{"self":[{"href":"https:\/\/travelshelper.com\/hu\/wp-json\/wp\/v2\/pages\/15708","targetHints":{"allow":["GET"]}}],"collection":[{"href":"https:\/\/travelshelper.com\/hu\/wp-json\/wp\/v2\/pages"}],"about":[{"href":"https:\/\/travelshelper.com\/hu\/wp-json\/wp\/v2\/types\/page"}],"author":[{"embeddable":true,"href":"https:\/\/travelshelper.com\/hu\/wp-json\/wp\/v2\/users\/1"}],"replies":[{"embeddable":true,"href":"https:\/\/travelshelper.com\/hu\/wp-json\/wp\/v2\/comments?post=15708"}],"version-history":[{"count":0,"href":"https:\/\/travelshelper.com\/hu\/wp-json\/wp\/v2\/pages\/15708\/revisions"}],"up":[{"embeddable":true,"href":"https:\/\/travelshelper.com\/hu\/wp-json\/wp\/v2\/pages\/24063"}],"wp:featuredmedia":[{"embeddable":true,"href":"https:\/\/travelshelper.com\/hu\/wp-json\/wp\/v2\/media\/4713"}],"wp:attachment":[{"href":"https:\/\/travelshelper.com\/hu\/wp-json\/wp\/v2\/media?parent=15708"}],"curies":[{"name":"wp","href":"https:\/\/api.w.org\/{rel}","templated":true}]}}