{"id":15699,"date":"2024-09-21T18:55:31","date_gmt":"2024-09-21T18:55:31","guid":{"rendered":"https:\/\/travelshelper.com\/staging\/?page_id=15699"},"modified":"2026-03-11T19:52:22","modified_gmt":"2026-03-11T19:52:22","slug":"busan","status":"publish","type":"page","link":"https:\/\/travelshelper.com\/hu\/destinations\/asia\/south-korea\/busan\/","title":{"rendered":"Busan"},"content":{"rendered":"<p>Puszan, D\u00e9l-Korea tengeri kapuja, egy olyan t\u00e1jat k\u00edn\u00e1l, amelyet mind a term\u00e9szeti vonulatok, mind lak\u00f3inak szorgalmas szelleme meghat\u00e1roz. A Koreai-f\u00e9lsziget d\u00e9lkeleti cs\u00fccsk\u00e9ben fekv\u0151 v\u00e1ros \u2013 hivatalosan Puszan Metropolitan City \u2013 a Koreai-szoros m\u00e9rs\u00e9kelt \u00f6vi vizeit\u0151l az \u00e9szaki \u00e9s nyugati hat\u00e1rait szeg\u00e9lyez\u0151 zord cs\u00facsokig h\u00faz\u00f3dik. 2024-ben meghaladta a 3,3 milli\u00f3 f\u0151t, \u00edgy orsz\u00e1gos szinten csak Sz\u00f6ul ut\u00e1n \u00e1ll a m\u00e1sodik helyen, jellege m\u00e9gis \u00e9lesen elt\u00e9r: ahol a f\u0151v\u00e1ros kiterjed\u00e9se ellaposodik, Puszan s\u0171r\u0171n be\u00e9p\u00edtett negyedei a Nakdong \u00e9s a Suyeong foly\u00f3k k\u00f6z\u00f6tti keskeny v\u00f6lgyekben helyezkednek el, m\u00edg a hegyek \u0151rk\u00f6dnek a v\u00e1rosi \u00e9let felett.<\/p>\n\n\n\n<p>A v\u00e1ros domborzata alak\u00edtotta n\u00f6veked\u00e9s\u00e9t. Nyugaton a Nakdong foly\u00f3 \u2013 Korea leghosszabb foly\u00f3ja \u2013 term\u00e9keny delt\u00e1v\u00e1 terjeszkedik, miel\u0151tt a tengerbe \u00f6mlik; \u00e9szakon magasodik Geumjeongsan, Busan legmagasabb cs\u00facsa. E term\u00e9szetes hat\u00e1rok k\u00f6z\u00f6tt tizen\u00f6t k\u00f6zigazgat\u00e1si k\u00f6rzet (gu) \u00e9s egy megye (gun) helyezkedik el olyan fejleszt\u00e9si \u00edvekben, amelyek v\u00f6lgyeket vagy fenns\u00edkokat k\u00f6vetnek, elk\u00fcl\u00f6n\u00fcl\u0151 v\u00e1rosr\u00e9szeket eredm\u00e9nyezve egyetlen egyenletes kiterjed\u00e9s helyett. A Haeundae strand, az orsz\u00e1g legnagyobb strandja, a v\u00e1ros keleti sz\u00e9l\u00e9n fekszik, feh\u00e9r homokos partj\u00e1t luxushotelek \u00e9s Dongbaekseom \u00e9vsz\u00e1zados erdeje szeg\u00e9lyezi. Az ellenkez\u0151 sz\u00e9len, a Yeongdo-szigeten tal\u00e1lhat\u00f3 Taejongdae hegyfok\u00e1t zord szikl\u00e1k keretezik. Ezek a helysz\u00ednek egy\u00fcttesen p\u00e9ld\u00e1zz\u00e1k, hogyan l\u00e9tezett egy\u00fctt a zord domborzat \u00e9s a v\u00edzpart Busan terjeszked\u00e9se sor\u00e1n.<\/p>\n\n\n\n<p>Puszan \u00e9ghajlata a szubtr\u00f3pusi meleget a tengeri m\u00e9rs\u00e9kelt hat\u00e1ssal \u00f6tv\u00f6zi, amely m\u00e9rs\u00e9kli a sz\u00e9ls\u0151s\u00e9geket. A nyarak, b\u00e1r p\u00e1r\u00e1sak, j\u00falius v\u00e9g\u00e9ig h\u0171v\u00f6sebbek maradnak, mint a sz\u00e1razf\u00f6ldi ter\u00fcleteken; az \u0151sz tiszta eget \u00e9s kellemes h\u0151m\u00e9rs\u00e9kletet hoz okt\u00f3berben \u00e9s novemberben. A telek enyh\u00e9k \u00e9s nagyr\u00e9szt h\u00f3mentesek \u2013 \u00e1tlagosan \u00e9vente csak n\u00e9gy napon esik havaz\u00e1s \u2013, m\u00e9gis a szelek feler\u0151s\u00f6dhetnek a kitett part menti folyos\u00f3k ment\u00e9n. D\u00e9l-Korea t\u00e1jfunoknak legink\u00e1bb kitett v\u00e1rosak\u00e9nt Puszan ritka s\u00falyoss\u00e1g\u00fa viharokat is \u00e1t\u00e9lt: az 1959-es Sarah szupert\u00e1jfun hatalmas puszt\u00edt\u00e1st v\u00e9gzett a partvonal ment\u00e9n, a 2003-as Maemi t\u00e1jfun pedig tucatnyi ember\u00e9letet k\u00f6vetelt. \u00dajabban, 2022 szeptember\u00e9ben a Hinnamnor t\u00e1jfun megmutatta, mennyire sebezhet\u0151ek maradnak a kont\u00e9nertermin\u00e1lok \u00e9s az alacsonyan fekv\u0151 ter\u00fcletek, amikor a 2-es kateg\u00f3ri\u00e1j\u00fa sz\u00e9l s\u00fajtja a partot.<\/p>\n\n\n\n<p>Puszan k\u00f6zigazgat\u00e1si gy\u00f6kerei 1957-re ny\u00falnak vissza, amikor hat ker\u00fcletet \u2013 Busanjin, Dong, Dongnae, Jung, Seo \u00e9s Yeongdo \u2013 jel\u00f6ltek ki. A k\u00f6vetkez\u0151 \u00e9vtizedekben a v\u00e1rosok feloszt\u00e1sra ker\u00fcltek, m\u00edgnem a jelenlegi tizen\u00f6t ker\u00fcletb\u0151l \u00e9s egy megy\u00e9b\u0151l \u00e1ll\u00f3 strukt\u00fara k\u00f6zel 3,6 milli\u00f3 f\u0151s nagyv\u00e1rosi lakoss\u00e1got foglalt mag\u00e1ban. Ezen telep\u00fcl\u00e9si hat\u00e1rokon t\u00fal fekszik a D\u00e9lkeleti Tenger\u00e9szeti Ipari R\u00e9gi\u00f3 \u2013 egy agglomer\u00e1ci\u00f3, amely mag\u00e1ban foglalja Ulsant, Daegu-t \u00e9s Gyeongsang tartom\u00e1ny egyes r\u00e9szeit \u2013, amely nagyj\u00e1b\u00f3l nyolcmilli\u00f3 embernek ad otthont, \u00e9s Korea legnagyobb ipari \u00f6vezetek\u00e9nt ismert. Ez a t\u00e1gabb r\u00e9gi\u00f3 hangs\u00falyozza Puszan \u00e1lland\u00f3 szerep\u00e9t, mint helyi k\u00f6zpont \u00e9s a gazdas\u00e1gi csere hatalmas h\u00e1l\u00f3zat\u00e1nak horgonyz\u00f3ja.<\/p>\n\n\n\n<p>Puszan kik\u00f6t\u0151je a hatodik helyen \u00e1ll a vil\u00e1gon a kont\u00e9nerforgalom tekintet\u00e9ben, 2020-ban t\u00f6bb mint 21,8 milli\u00f3 TEU-t kezelt. 43 kik\u00f6t\u0151helye az \u00c9szaki Kik\u00f6t\u0151ben \u00e9s a modern Puszan \u00daj Kik\u00f6t\u0151ben tal\u00e1lhat\u00f3; egy\u00fcttesen a 21. sz\u00e1zadi Tengeri Selyem\u00fat d\u00e9li v\u00e9g\u00e1llom\u00e1s\u00e1t alkotj\u00e1k, amely a Szuezi-csatorn\u00e1n kereszt\u00fcl \u00f6sszek\u00f6ti Kelet-\u00c1zsi\u00e1t Eur\u00f3p\u00e1val. Puszan tengeri l\u00e9tes\u00edtm\u00e9nyei diverzifik\u00e1lt gazdas\u00e1got teremtenek: 2022-ben a v\u00e1ros brutt\u00f3 region\u00e1lis hazai term\u00e9ke (GRDP) 104 billi\u00f3 \u20a9 volt, amelyb\u0151l a szolg\u00e1ltat\u00e1sok a termel\u00e9s 70,3%-\u00e1t, a feldolgoz\u00f3ipar 19,8%-\u00e1t, az \u00e9p\u00edt\u0151ipar pedig 5,9%-\u00e1t tett\u00e9k ki. Kisebb m\u00e9rt\u00e9kben j\u00e1rulnak hozz\u00e1 a mez\u0151gazdas\u00e1g, a hal\u00e1szat \u00e9s a kieg\u00e9sz\u00edt\u0151 \u00e1gazatok. Ezt a kereskedelmi lend\u00fcletet kieg\u00e9sz\u00edtik olyan kutat\u00f3int\u00e9zetek, mint a Koreai \u00d3ce\u00e1ntudom\u00e1nyi \u00e9s Technol\u00f3giai Int\u00e9zet \u00e9s a Nemzeti Hal\u00e1szati \u200b\u200bTerm\u00e9kek Min\u0151s\u00e9gir\u00e1ny\u00edt\u00e1si Szolg\u00e1lata.<\/p>\n\n\n\n<p>A haj\u00f3z\u00e1son t\u00fal Puszan vir\u00e1gz\u00f3 MICE szektornak is otthont ad. A Centum Cityben tal\u00e1lhat\u00f3 Busani Ki\u00e1ll\u00edt\u00e1si \u00e9s Konferencia K\u00f6zpont (BEXCO) sz\u00e1mos l\u00e9tes\u00edtm\u00e9nynek ad otthont \u2013 a k\u00f6zelben sz\u00e1llod\u00e1k, parkok \u00e9s a Nurimaru APEC H\u00e1z \u2013, amelyek alkalmasak rendezv\u00e9nyek befogad\u00e1s\u00e1ra, a 2005-\u00f6s APEC Gazdas\u00e1gi Vezet\u0151k Tal\u00e1lkoz\u00f3j\u00e1t\u00f3l a 2018-as Afrikai Fejleszt\u00e9si Bank \u00e9ves tal\u00e1lkoz\u00f3j\u00e1ig. Az UNESCO 2014 december\u00e9ben elismerte a v\u00e1ros kreat\u00edv vitalit\u00e1s\u00e1t, \u00e9s \u201eFilmv\u00e1rosnak\u201d nevezte el. Ez a megnevez\u00e9s kieg\u00e9sz\u00edti Puszan sz\u00e9lesebb k\u00f6r\u0171 profilj\u00e1t, mint nemzetk\u00f6zi tal\u00e1lkoz\u00f3k helysz\u00edne, legyenek azok diplom\u00e1ciai, kereskedelmi vagy kultur\u00e1lis jelleg\u0171ek.<\/p>\n\n\n\n<p>Busan kultur\u00e1lis \u00e9lete \u00f6sszefon\u00f3dik a templomnegyedekkel, a modern m\u0171v\u00e9szeti terekkel \u00e9s a m\u00faltbeli felfordul\u00e1sok eml\u00e9keit \u0151rz\u0151 v\u00e1rosr\u00e9szekkel. A Geumjeongsan lejt\u0151in megb\u00fav\u00f3 Beomeosa Korea egyik legfontosabb buddhista szent\u00e9lye. A v\u00e1ros sz\u00edv\u00e9ben tal\u00e1lhat\u00f3 Chungnyeolsa azoknak az eml\u00e9k\u00e9re \u00e1ll, akik a tizenhatodik sz\u00e1zadi Imjin h\u00e1bor\u00faban a Dongnae-er\u0151d v\u00e9delm\u00e9ben estek el. A Yongdusan park tetej\u00e9n \u00e1ll\u00f3 Busani torony a Nampo-dong kereskedelmi \u00fatvonalaihoz vezet\u0151 utc\u00e1kra tekint, m\u00edg a szomsz\u00e9dos Busani Akv\u00e1rium a v\u00e1ros tornyai alatt egy bez\u00e1rt tengeri vil\u00e1got k\u00edn\u00e1l. M\u00e1sutt a Gamcheon Kultur\u00e1lis Falu \u2013 teraszos gerincekbe v\u00e1jt h\u00e1zaival \u2013 egy h\u00e1bor\u00fa ut\u00e1ni telep\u00fcl\u00e9st t\u00fckr\u00f6z, amely gal\u00e9ri\u00e1k \u00e9s st\u00fadi\u00f3k mozaikj\u00e1v\u00e1 fejl\u0151d\u00f6tt.<\/p>\n\n\n\n<p>A D\u00e9l-Korea \u201eny\u00e1ri f\u0151v\u00e1rosak\u00e9nt\u201d emlegetett Puszan partvonala egyar\u00e1nt vonz\u00f3 a csal\u00e1dok \u00e9s a fesztiv\u00e1lra v\u00e1gy\u00f3k sz\u00e1m\u00e1ra. Haeundae sz\u00e9les sk\u00e1l\u00e1ja tele van nyaral\u00f3kkal; a t\u0151le nyugatra fekv\u0151 Gwangalli a k\u00e1v\u00e9z\u00f3kkal szeg\u00e9lyezett s\u00e9t\u00e1nyokat a kivil\u00e1g\u00edtott Gwangan h\u00edddal egyens\u00falyozza. Haeundae-t\u00f3l \u00e9szakra a Songjeong Beach csendesebb sz\u00f6rf\u00f6z\u00e9si lehet\u0151s\u00e9get k\u00edn\u00e1l. A Nakdong torkolat\u00e1n\u00e1l tal\u00e1lhat\u00f3 Daejeo \u00d6kol\u00f3giai Park v\u00e1ndormadarak sz\u00e1m\u00e1ra is alkalmas, \u00e9s szezon\u00e1lis fesztiv\u00e1loknak ad otthont \u2013 cseresznyevir\u00e1gz\u00e1s tavasszal, repcevir\u00e1gz\u00e1s ny\u00e1r elej\u00e9n \u00e9s paradicsom az \u00e9v k\u00f6zep\u00e9n. A nyugati perem\u00e9n az Ilgwang Beach sek\u00e9ly vize vonzza a gyerekeket, amit a Gaetmaeul Szabadt\u00e9ri Dr\u00e1mafesztiv\u00e1l tark\u00edt minden ny\u00e1ron.<\/p>\n\n\n\n<p>Puszan napt\u00e1ra l\u00fcktet az esem\u00e9nyekben. Tavasszal rendezik meg a Puszani Kik\u00f6t\u0151i Fesztiv\u00e1lt \u00e9s a Csoszon Tongszinsa Fesztiv\u00e1lt \u2013 amely az UNESCO Vil\u00e1geml\u00e9kezet programj\u00e1nak r\u00e9sze. Ny\u00e1ron a Puszani Tengeri Fesztiv\u00e1lt a Haeundae-ban \u00e9s a Nemzetk\u00f6zi Rockfesztiv\u00e1lt. Okt\u00f3berben rendezik meg a Puszani Nemzetk\u00f6zi Filmfesztiv\u00e1lt (\u00c1zsia legnagyobb ilyen jelleg\u0171 rendezv\u00e9ny\u00e9t), a T\u0171zij\u00e1t\u00e9k Fesztiv\u00e1lt a Holdf\u00e9ny-\u00f6b\u00f6l felett \u00e9s az One Asia K-pop Fesztiv\u00e1lt. Novemberben a G-Star, Korea vezet\u0151 j\u00e1t\u00e9kki\u00e1ll\u00edt\u00e1sa l\u00e1that\u00f3, az e-sport versenyek mellett; decemberben pedig a Kar\u00e1csonyfa Fesztiv\u00e1l z\u00e1rja az \u00e9vet. A film \u00e9s a telev\u00edzi\u00f3 gyakran v\u00e1lasztja Puszant helysz\u00ednk\u00e9nt: a Vonat Busanba c\u00edm\u0171 film apokaliptikus folyos\u00f3it\u00f3l a helyi dialektust megid\u00e9z\u0151 \u200b\u200bmelodr\u00e1m\u00e1kig a v\u00e1ros felv\u00e1ltva jelenik meg mened\u00e9kk\u00e9nt, hat\u00e1rter\u00fcletk\u00e9nt \u00e9s dr\u00e1mai ellenpontk\u00e9nt Sz\u00f6ul urbaniz\u00e1ci\u00f3j\u00e1hoz k\u00e9pest.<\/p>\n\n\n\n<p>A helyi konyha tan\u00faskodik Busan t\u00f6rt\u00e9nelm\u00e9r\u0151l \u00e9s a tengerparti kincsekr\u0151l. A Dongnae pajeon, egy osztrig\u00e1val telet\u0171zdelt palacsinta, a katonai k\u00fcld\u00f6tteknek egykor k\u00edn\u00e1lt \u00e9lelmiszerekre eml\u00e9keztet. A hideg b\u00faz\u00e1b\u00f3l k\u00e9sz\u00fclt t\u00e9szta, a milmyeon, a koreai h\u00e1bor\u00fas menek\u00fcltekb\u0151l sz\u00e1rmazik, akik az \u00e9szaki hajdina recepteket d\u00e9li alap\u00e9lelmiszerekk\u00e9 adapt\u00e1lt\u00e1k. A Dwaeji gukbap \u2013 egy kiad\u00f3s sert\u00e9s-rizs leves \u2013 orsz\u00e1gszerte szerzett h\u00edv\u0151ket. Az utcai standokon sert\u00e9scs\u00fclk\u00f6t (nangchae-jokbal) szolg\u00e1lnak fel erjesztett sz\u00f3szok mellett, m\u00edg a Jagalchi piacon \u00e9l\u0151 tart\u00e1lyokban \u00e9s serceg\u0151 grills\u00fct\u0151kben mutatj\u00e1k be a tenger hozam\u00e1t. M\u00e9g az olyan \u00fajabb v\u00e1rosr\u00e9szek, mint a Jeonpo Caf\u00e9 Street, a v\u00e1ros fejl\u0151d\u0151 \u00edzvil\u00e1g\u00e1r\u00f3l tan\u00faskodnak, ahol az \u00e1talak\u00edtott m\u0171helyek ma avantg\u00e1rd k\u00e1v\u00e9z\u00f3kat rejtenek.<\/p>\n\n\n\n<p>Puszan lakoss\u00e1ga 1990-ben tet\u0151z\u00f6tt, k\u00f6zel 3,8 milli\u00f3 f\u0151vel, majd fokozatosan cs\u00f6kkent, 2024-re k\u00f6r\u00fclbel\u00fcl 3,27 milli\u00f3ra \u2013 ez a tendencia D\u00e9l-Korea Sz\u00f6ul k\u00f6rny\u00e9ki high-tech ipar\u00e1gak fel\u00e9 val\u00f3 sz\u00e9lesebb k\u00f6r\u0171 elmozdul\u00e1s\u00e1hoz kapcsol\u00f3dik. Az el\u00f6reged\u0151 demogr\u00e1fiai adatok \u00e9s a v\u00e1rosi kiv\u00e1ndorl\u00e1s egy\u00fcttesen rontj\u00e1k a n\u00f6veked\u00e9st, annak ellen\u00e9re, hogy a v\u00e1ros id\u0151szakos be\u00e1raml\u00e1st fogad az oktat\u00e1s, a turizmus \u00e9s az \u00fczleti \u00e9let sz\u00e1m\u00e1ra. 2024-ben a lakosok 48 sz\u00e1zal\u00e9ka nem vall\u00e1sosnak, 29 sz\u00e1zal\u00e9ka buddhist\u00e1nak, 21 sz\u00e1zal\u00e9ka pedig kereszt\u00e9nynek (14 sz\u00e1zal\u00e9k protest\u00e1ns, 7 sz\u00e1zal\u00e9k katolikus) vallotta mag\u00e1t. Kisebb kisebbs\u00e9gek m\u00e1s vall\u00e1sokat is gyakorolnak.<\/p>\n\n\n\n<p>Az \u00f6sszek\u00f6ttet\u00e9sek t\u00e1masztj\u00e1k al\u00e1 Puszan csom\u00f3ponti h\u00edrnev\u00e9t. A 2017-ben hat vonalb\u00f3l \u00e1ll\u00f3 metr\u00f3 \u00f6sszek\u00f6ti a belv\u00e1rost, a k\u00fclv\u00e1rosokat \u00e9s a rep\u00fcl\u0151t\u00e9ri k\u00f6nny\u0171vasutat. A nagysebess\u00e9g\u0171 KTX vonatok a Gyeongbu vonalon nagyj\u00e1b\u00f3l 150 perc alatt \u00e9rnek Sz\u00f6ulba. Az intercity buszok t\u00f6bb termin\u00e1lr\u00f3l indulnak, kiszolg\u00e1lva a szomsz\u00e9dos tartom\u00e1nyokat \u00e9s eg\u00e9szen a f\u0151v\u00e1rosig. A puszani kik\u00f6t\u0151 nemzetk\u00f6zi komptermin\u00e1lj\u00e1n sz\u00e1rnyashaj\u00f3k \u00e9s \u00e9jszakai haj\u00f3k k\u00f6tnek \u00f6ssze Tsushima sziget\u00e9vel, Fukuok\u00e1val \u00e9s Oszak\u00e1val. A helyi buszj\u00e1ratok, bele\u00e9rtve a rep\u00fcl\u0151t\u00e9r-limuzin \u00fatvonalakat is, minden ker\u00fcletben megtal\u00e1lhat\u00f3k, m\u00edg a Gadeokdo sziget\u00e9n \u00e9p\u00fcl\u0151 tengeri rep\u00fcl\u0151t\u00e9r \u2013 b\u00e1r mostanra korl\u00e1tozott \u2013 egykor \u00fajra\u00e9rtelmez\u00e9s\u00e9t \u00edg\u00e9rte a region\u00e1lis l\u00e9gi k\u00f6zleked\u00e9snek.<\/p>\n\n\n\n<p>A tengeri kereskedelem, a kultur\u00e1lis pezsg\u0151s\u00e9g \u00e9s a geol\u00f3giai soksz\u00edn\u0171s\u00e9g \u00f6sszefon\u00f3d\u00e1s\u00e1n kereszt\u00fcl Puszan megtestes\u00edti mind Korea t\u00f6rt\u00e9nelmi kapcsolatait a k\u00fclf\u00f6ldi hatalmakkal, mind jelenlegi t\u00f6rekv\u00e9seit a glob\u00e1lis sz\u00ednt\u00e9ren. A Daejeo vizes \u00e9l\u0151helyeinek liliomait\u00f3l a kont\u00e9nertermin\u00e1lok ac\u00e9l bakjaiig a v\u00e1ros term\u00e9szet\u00e9nek \u00e9s ipar\u00e1nak ellent\u00e9tes l\u00e9pt\u00e9kei sz\u00e1nd\u00e9kos fesz\u00fclts\u00e9gben l\u00e9teznek egy\u00fctt. Messze nem puszt\u00e1n kik\u00f6t\u0151 vagy \u00fcd\u00fcl\u0151hely, Puszan az alkalmazkod\u00e1s \u00e9l\u0151 bizony\u00edt\u00e9kak\u00e9nt marad meg: egy v\u00e1ros, amely \u2013 ak\u00e1rcsak a partjait csapkod\u00f3 dag\u00e1ly \u2013 folyamatosan \u00e1talakul a helyi \u00e9s nemzetk\u00f6zi er\u0151k hat\u00e1s\u00e1ra.<\/p>","protected":false},"excerpt":{"rendered":"<p>Busan, amelyet hivatalosan Busan Metropolitan Cityk\u00e9nt jel\u00f6lnek meg, D\u00e9l-Korea m\u00e1sodik legn\u00e9pesebb v\u00e1rosa, lakoss\u00e1ga 2024-ben meghaladja a 3,3 milli\u00f3t. Az eredetileg Pusan \u200b\u200bn\u00e9ven romaniz\u00e1lt tengerparti v\u00e1ros D\u00e9lkelet-Korea gazdas\u00e1gi, kultur\u00e1lis \u00e9s oktat\u00e1si k\u00f6zpontj\u00e1v\u00e1 v\u00e1lt, nagyr\u00e9szt strat\u00e9giai elhelyezked\u00e9s\u00e9nek \u00e9s ny\u00fczsg\u0151 kik\u00f6t\u0151j\u00e9nek k\u00f6sz\u00f6nhet\u0151en.<\/p>","protected":false},"author":1,"featured_media":3004,"parent":15674,"menu_order":0,"comment_status":"closed","ping_status":"closed","template":"elementor_theme","meta":{"_eb_attr":"","footnotes":""},"class_list":["post-15699","page","type-page","status-publish","has-post-thumbnail"],"_links":{"self":[{"href":"https:\/\/travelshelper.com\/hu\/wp-json\/wp\/v2\/pages\/15699","targetHints":{"allow":["GET"]}}],"collection":[{"href":"https:\/\/travelshelper.com\/hu\/wp-json\/wp\/v2\/pages"}],"about":[{"href":"https:\/\/travelshelper.com\/hu\/wp-json\/wp\/v2\/types\/page"}],"author":[{"embeddable":true,"href":"https:\/\/travelshelper.com\/hu\/wp-json\/wp\/v2\/users\/1"}],"replies":[{"embeddable":true,"href":"https:\/\/travelshelper.com\/hu\/wp-json\/wp\/v2\/comments?post=15699"}],"version-history":[{"count":0,"href":"https:\/\/travelshelper.com\/hu\/wp-json\/wp\/v2\/pages\/15699\/revisions"}],"up":[{"embeddable":true,"href":"https:\/\/travelshelper.com\/hu\/wp-json\/wp\/v2\/pages\/15674"}],"wp:featuredmedia":[{"embeddable":true,"href":"https:\/\/travelshelper.com\/hu\/wp-json\/wp\/v2\/media\/3004"}],"wp:attachment":[{"href":"https:\/\/travelshelper.com\/hu\/wp-json\/wp\/v2\/media?parent=15699"}],"curies":[{"name":"wp","href":"https:\/\/api.w.org\/{rel}","templated":true}]}}