{"id":15674,"date":"2024-09-21T18:19:44","date_gmt":"2024-09-21T18:19:44","guid":{"rendered":"https:\/\/travelshelper.com\/staging\/?page_id=15674"},"modified":"2026-03-11T19:54:45","modified_gmt":"2026-03-11T19:54:45","slug":"del-korea","status":"publish","type":"page","link":"https:\/\/travelshelper.com\/hu\/destinations\/asia\/south-korea\/","title":{"rendered":"D\u00e9l-Korea"},"content":{"rendered":"<p>D\u00e9l-Korea az \u00e9vezredes hagyom\u00e1nyok \u00e9s a legmodernebb modernit\u00e1s tal\u00e1lkoz\u00e1s\u00e1n\u00e1l \u00e1ll, egy olyan nemzet, amelyet zord hegyek \u00e9s a t\u00f6rt\u00e9nelem k\u00e9rlelhetetlen hull\u00e1mai form\u00e1ltak. A Koreai-f\u00e9lsziget d\u00e9li fel\u00e9t alkot\u00f3 orsz\u00e1got \u00e9szakon a Demilitariz\u00e1lt Z\u00f3na hat\u00e1rolja, amely elv\u00e1lasztja \u00e9szaki szomsz\u00e9dj\u00e1t\u00f3l, nyugaton a S\u00e1rga-tenger, keleten pedig az, amit a koreaiak Keleti-tengernek neveznek. A valamivel t\u00f6bb mint 100 000 n\u00e9gyzetkilom\u00e9teres sz\u00e1razf\u00f6ldi ter\u00fclettel, amelynek nagyj\u00e1b\u00f3l 70 sz\u00e1zal\u00e9ka hegyvid\u00e9ki vagy erd\u0151s, ez a kompakt orsz\u00e1g t\u00f6bb mint 52 milli\u00f3 lakost tart el, akiknek fele a hatalmas sz\u00f6uli nagyv\u00e1rosi ter\u00fcleten \u00e9l \u2013 amely a vil\u00e1g egyik legn\u00e9pesebb v\u00e1rosi r\u00e9gi\u00f3ja.<\/p>\n\n\n\n<p>A r\u00e9g\u00e9szeti bizony\u00edt\u00e9kok az emberi jelenl\u00e9tet a f\u00e9lszigeten eg\u00e9szen az als\u00f3 paleolitikumig vezetik vissza. Az i. e. hetedik sz\u00e1zad elej\u00e9re a k\u00ednai feljegyz\u00e9sek szervezett politik\u00e1r\u00f3l tan\u00faskodnak. Az ezt k\u00f6vet\u0151 \u00e9vsz\u00e1zadokban h\u00e1rom kir\u00e1lys\u00e1g \u2013 Goguryeo, Baekje \u00e9s Silla \u2013 versengett a fels\u0151bbs\u00e9g\u00e9rt, m\u00edgnem Silla a i. sz. hetedik sz\u00e1zad v\u00e9g\u00e9n egyes\u00edtette a f\u00e9lsziget nagy r\u00e9sz\u00e9t. A k\u00f6vetkez\u0151 Goryeo-dinasztia (918\u20131392) szil\u00e1rdan megalapozta a koreai identit\u00e1st, amelyr\u0151l az angol \u201eKorea\u201d n\u00e9vm\u00e1st kapta. Csoszon (1392\u20131897) uralkod\u00e1sa alatt a konfuci\u00e1nus elvek uralt\u00e1k az udvari \u00e9letet: a merev t\u00e1rsadalmi hierarchia a jangban elitet a k\u00f6zemberek f\u00f6l\u00e9 emelte, m\u00edg a tud\u00f3sok egy olyan k\u00f6zszolg\u00e1lati rendszert vezettek be, amely nagyra \u00e9rt\u00e9kelte az irodalmi tud\u00e1st.<\/p>\n\n\n\n<p>A tizenkilencedik sz\u00e1zad v\u00e9g\u00e9n a r\u00f6vid \u00e9let\u0171 Koreai Birodalom t\u00f6rekedett a jogrendszer \u00e9s az ipar moderniz\u00e1l\u00e1s\u00e1ra, de Jap\u00e1n 1910-es annekt\u00e1l\u00e1sa 35 \u00e9vre elt\u00f6r\u00f6lte a szuver\u00e9n uralmat. A felszabadul\u00e1s csak Jap\u00e1n m\u00e1sodik vil\u00e1gh\u00e1bor\u00fas veres\u00e9g\u00e9vel \u00e9rkezett el, de a f\u00fcggetlens\u00e9g\u00e9rt s\u00falyos \u00e1rat kellett fizetni: a szovjet \u00e9s amerikai megsz\u00e1ll\u00e1s megosztotta a f\u00e9lszigetet, \u00e9s 1950-ben az \u00e9szak-koreai inv\u00e1zi\u00f3 egy h\u00e1rom\u00e9ves h\u00e1bor\u00fat ind\u00edtott el, amelyben mintegy h\u00e1rommilli\u00f3 koreai halt meg, \u00e9s v\u00e1rosok pusztultak el. Az 1953-as fegyversz\u00fcnet b\u00e9keszerz\u0151d\u00e9s n\u00e9lk\u00fcl befagyasztotta a konfliktust, fenntartva a ma is tart\u00f3 fesz\u00fclt patthelyzetet.<\/p>\n\n\n\n<p>A h\u00e1bor\u00fa ut\u00e1ni D\u00e9l-Korea sz\u00e9tesett infrastrukt\u00far\u00e1val, elszeg\u00e9nyedett lakoss\u00e1ggal \u00e9s egym\u00e1st k\u00f6vet\u0151 autoriter rezsimekkel n\u00e9zett szembe. Az 1960-as \u00e9s 1970-es \u00e9vek \u00e1llamilag vez\u00e9relt iparos\u00edt\u00e1sa azonban gyors gazdas\u00e1gi n\u00f6veked\u00e9st eredm\u00e9nyezett, olyan exportorient\u00e1lt \u00f3ri\u00e1sv\u00e1llalatokat ind\u00edtva el, mint a Samsung \u00e9s a Hyundai. A \u201eHan foly\u00f3n t\u00f6rt\u00e9nt csoda\u201d sor\u00e1n az egy f\u0151re jut\u00f3 GDP a vil\u00e1g egyik leggyorsabb \u00fctem\u00e9ben n\u0151tt 1980 \u00e9s 1990 k\u00f6z\u00f6tt. B\u00e1r az 1997-es \u00e1zsiai p\u00e9nz\u00fcgyi v\u00e1ls\u00e1g struktur\u00e1lis sebezhet\u0151s\u00e9geket t\u00e1rt fel, a gyors fisk\u00e1lis \u00e9s monet\u00e1ris int\u00e9zked\u00e9sek gyors fellend\u00fcl\u00e9st eredm\u00e9nyeztek. A 2008-as glob\u00e1lis recesszi\u00f3ban D\u00e9l-Korea ism\u00e9t ellen\u00e1ll\u00f3nak bizonyult, elker\u00fclve a visszaes\u00e9st, m\u00e9g akkor is, amikor sz\u00e1mos fejlett gazdas\u00e1g visszaes\u00e9sbe s\u00fcllyedt.<\/p>\n\n\n\n<p>A politikai \u00e1talakul\u00e1s ezzel p\u00e1rhuzamosan bontakozott ki. A katonai puccsok \u00e9s di\u00e1kfelkel\u00e9sek \u00e9vtizedei ut\u00e1n az 1987-es j\u00faniusi demokratikus harc arra k\u00e9nyszer\u00edtette az uralkod\u00f3 elitet, hogy k\u00f6zvetlen eln\u00f6kv\u00e1laszt\u00e1st \u00e9s nagyobb polg\u00e1ri szabads\u00e1gjogokat vezessenek be. A Hatodik K\u00f6zt\u00e1rsas\u00e1g alkotm\u00e1nya \u00e9rtelm\u00e9ben az egykamar\u00e1s Nemzetgy\u0171l\u00e9s osztozik a hatalmon a megv\u00e1lasztott eln\u00f6kkel. Ma D\u00e9l-Kore\u00e1t sz\u00e9les k\u00f6rben Kelet-\u00c1zsia egyik leger\u0151sebb demokr\u00e1ci\u00e1j\u00e1nak tartj\u00e1k, versenyk\u00e9pes v\u00e1laszt\u00e1sokkal, f\u00fcggetlen igazs\u00e1gszolg\u00e1ltat\u00e1ssal \u00e9s \u00e9l\u00e9nk civil t\u00e1rsadalommal.<\/p>\n\n\n\n<p>A f\u00e9lsziget gr\u00e1nit- \u00e9s gneiszhegys\u00e9gekb\u0151l \u00e1ll\u00f3 gerince foly\u00f3kat vezet a sz\u00e9les nyugati s\u00edks\u00e1gokba \u00e9s keskeny keleti folyos\u00f3kba. N\u00e9gy \u00e1ltal\u00e1nos r\u00e9gi\u00f3 rajzol\u00f3dik ki: keleten a magas hegys\u00e9gek \u00e9s a tenger fel\u00e9 n\u00e9z\u0151 kib\u00fav\u00e1sok; nyugaton a term\u00e9keny, lank\u00e1s s\u00edks\u00e1gok; d\u00e9lnyugaton a zord v\u00f6lgyek; \u00e9s d\u00e9lkeleten a Nakdong foly\u00f3 medenc\u00e9je. A f\u00f6ldter\u00fcletnek csak mintegy 30 sz\u00e1zal\u00e9ka sz\u00e1nt\u00f3f\u00f6ld.<\/p>\n\n\n\n<p>H\u00e1rom sz\u00e1razf\u00f6ldi \u00f6kor\u00e9gi\u00f3 \u2013 a k\u00f6z\u00e9p-koreai lombhullat\u00f3 erd\u0151k, a mandzs\u00fariai vegyes erd\u0151k \u00e9s a d\u00e9l-koreai \u00f6r\u00f6kz\u00f6ld erd\u0151k \u2013 v\u00e1ltozatos n\u00f6v\u00e9ny- \u00e9s \u00e1llatvil\u00e1gnak ad otthont. D\u00e9l-Korea h\u00fasz nemzeti parkkal v\u00e9di a term\u00e9szeti ter\u00fcleteket, a Jirisan k\u00f6dbe burkol\u00f3z\u00f3 cs\u00facsait\u00f3l a Boseong tea\u00fcltetv\u00e9nyek rekonstru\u00e1lt rizsteraszaiig \u00e9s a Suncheon-\u00f6b\u00f6l v\u00e1ndormad\u00e1r-paradicsomaiig.<\/p>\n\n\n\n<p>A partt\u00f3l k\u00f6zel h\u00e1romezer sziget fekszik, melyek nagy r\u00e9sze lakatlan. A sz\u00e1razf\u00f6ldt\u0151l 100 kilom\u00e9terre d\u00e9lre fekv\u0151 Csedzsu-sziget z\u00f6ldell\u0151 lejt\u0151kkel emelkedik ki a tengerb\u0151l, m\u00edg a Hallasan, egy 1950 m\u00e9ter magas vulkanikus cs\u00facs, a keleti tengeri hat\u00e1rt kisebb szigetek, mint p\u00e9ld\u00e1ul az Ulleungdo \u00e9s a vitatott Liancourt-szikl\u00e1k (helyi nev\u00e9n Dokdo).<\/p>\n\n\n\n<p>Az \u00e9ghajlat a p\u00e1r\u00e1s kontinent\u00e1lis \u00e9s a szubtr\u00f3pusi z\u00f3n\u00e1k k\u00f6z\u00f6tt h\u00faz\u00f3dik. N\u00e9gy j\u00f3l elk\u00fcl\u00f6n\u00fcl\u0151 \u00e9vszak hoz szeles, sz\u00e1raz telet, vir\u00e1gz\u00e1st tavasszal, f\u00fclledt monszunes\u0151ket (jangma) j\u00fanius v\u00e9g\u00e9t\u0151l j\u00faliusig, \u00e9s m\u00e9rs\u00e9kelt \u0151szt. Sz\u00f6ulban az \u00e1tlagh\u0151m\u00e9rs\u00e9klet janu\u00e1rban \u20137 \u00e9s 1 \u00b0C, augusztusban pedig 22\u201330 \u00b0C k\u00f6z\u00f6tt mozog. A d\u00e9li partvid\u00e9k ment\u00e9n a telek enyh\u00e9bbek, \u00e9s a t\u00e1jfunok vesz\u00e9lye a ny\u00e1r v\u00e9g\u00e9n fenyeget.<\/p>\n\n\n\n<p>D\u00e9l-Korea vegyes gazdas\u00e1ga a nomin\u00e1lis GDP alapj\u00e1n a tizenkettedik, a v\u00e1s\u00e1rl\u00f3er\u0151-parit\u00e1s alapj\u00e1n pedig a tizennegyedik helyen \u00e1ll. Kifel\u00e9 orient\u00e1lts\u00e1ga miatt a glob\u00e1lis export\u0151r\u00f6k k\u00f6z\u00f6tt a tizenegyedik, az import\u0151r\u00f6k k\u00f6z\u00f6tt pedig a hetedik helyen \u00e1ll. A csillog\u00f3 \u00fcvegtornyokban megb\u00fav\u00f3 Chaebol konglomer\u00e1tumok a f\u00e9lvezet\u0151k, az aut\u00f3k \u00e9s az elektronikai cikkek gy\u00e1rt\u00e1s\u00e1t hajtj\u00e1k. Az LG \u00e9s a Samsung nemzetk\u00f6zi h\u00edrnevet szerzett a fogyaszt\u00e1si cikkek ter\u00e9n; a Hyundai \u00e9s a Kia pedig \u00e1talak\u00edtotta az aut\u00f3gy\u00e1rt\u00e1st.<\/p>\n\n\n\n<p>Az oktat\u00e1s nemzeti megsz\u00e1llotts\u00e1g. D\u00e9l-Korea, amely egykor sz\u00e9les k\u00f6rben elterjedt \u00edr\u00e1studatlans\u00e1ggal k\u00fczd\u00f6tt, ma a vil\u00e1g legmagasabb fels\u0151fok\u00fa v\u00e9gzetts\u00e9ggel rendelkez\u0151 orsz\u00e1gai k\u00f6z\u00e9 tartozik. A fegyelmezett, magasan k\u00e9pzett munkaer\u0151 a kutat\u00e1s \u00e9s fejleszt\u00e9s alapja: ma D\u00e9l-Korea vezet az egy f\u0151re jut\u00f3 szabadalmi bejelent\u00e9sek sz\u00e1m\u00e1ban, \u00e9s fel\u00fclm\u00falja versenyt\u00e1rsait a nemzetk\u00f6zi innov\u00e1ci\u00f3s rangsorokban.<\/p>\n\n\n\n<p>Az infrastrukt\u00fara t\u00fckr\u00f6zi ezeket a priorit\u00e1sokat. A Korail nagysebess\u00e9g\u0171 vas\u00fath\u00e1l\u00f3zata, nevezetesen a Sz\u00f6ult Puszannal \u00f6sszek\u00f6t\u0151 KTX j\u00e1rat, nagysebess\u00e9g\u0171 vas\u00fatvonalakon szeli \u00e1t az orsz\u00e1got. Fizet\u0151s aut\u00f3p\u00e1ly\u00e1k \u00edvelnek \u00e1t hegygerinceken \u00e9s s\u00edks\u00e1gokon; expressz buszok szelik \u00e1t a vid\u00e9ki falvakat; \u00e9s kompok k\u00f6tik \u00f6ssze a szigeteket. A 2001-ben megny\u00edlt Incheon Nemzetk\u00f6zi Rep\u00fcl\u0151t\u00e9r 2016-ban 58 milli\u00f3 utast szolg\u00e1lt ki, \u00e9s a vil\u00e1g legforgalmasabb csom\u00f3pontjai k\u00f6z\u00e9 tartozik. K\u00e9t f\u0151 l\u00e9git\u00e1rsas\u00e1g \u2013 a Korean Air \u00e9s az Asiana \u2013 k\u00f6zel h\u00e1romsz\u00e1z nemzetk\u00f6zi \u00fatvonalat \u00fczemeltet, m\u00edg az alacsony viteld\u00edj\u00fa belf\u00f6ldi l\u00e9git\u00e1rsas\u00e1gok megfizethet\u0151 intercity j\u00e1ratokat k\u00edn\u00e1lnak.<\/p>\n\n\n\n<p>D\u00e9l-Korea lakoss\u00e1ga 2024-ben tet\u0151z\u00f6tt, alig t\u00f6bb mint 52 milli\u00f3val, miut\u00e1n 1955-ben 21,5 milli\u00f3r\u00f3l emelkedett. M\u00e9gis, mivel a sz\u00fclet\u00e9si ar\u00e1ny zuhant \u2013 2018-ban egy gyermek al\u00e1 esett n\u0151nk\u00e9nt, \u00e9s 2023-ra el\u00e9rte a 0,72-t \u2013, az orsz\u00e1g az els\u0151 term\u00e9szetes n\u00e9pess\u00e9gfogy\u00e1ssal n\u00e9z szembe. 2050-re a lakoss\u00e1g k\u00f6zel fele hatvan\u00f6t \u00e9v feletti lehet, ami m\u00e9lyrehat\u00f3 k\u00f6vetkezm\u00e9nyekkel j\u00e1r a nyugd\u00edjak, az eg\u00e9szs\u00e9g\u00fcgy \u00e9s a gazdas\u00e1gi termel\u00e9kenys\u00e9g szempontj\u00e1b\u00f3l. 2024 m\u00e1jus\u00e1ban a korm\u00e1ny l\u00e9trehozott egy k\u00fcl\u00f6n miniszt\u00e9riumot az \u00f6reged\u00e9s \u00e9s a term\u00e9kenys\u00e9g kezel\u00e9s\u00e9re, \u00e9s a sz\u00fclet\u00e9sek sz\u00e1m\u00e1nak 2024 v\u00e9gi szer\u00e9ny n\u00f6veked\u00e9se \u00f3vatos optimizmusra adott okot.<\/p>\n\n\n\n<p>Az urbaniz\u00e1ci\u00f3 \u00e1talak\u00edtotta a t\u00e1rsadalmat: od\u00e1ig fajult, hogy Sz\u00f6ul \u00e9s k\u00f6rnyez\u0151 v\u00e1rosai ma m\u00e1r az orsz\u00e1g lakoss\u00e1g\u00e1nak nagyj\u00e1b\u00f3l fel\u00e9t adj\u00e1k otthonul. Puszan, Incshon, Tegu, Tedzs\u00f3n, Kvangdzsu \u00e9s Ulszan megapoliszok konstell\u00e1ci\u00f3j\u00e1t alkotj\u00e1k, mindegyiknek megvan a maga ipari b\u00e1zisa \u00e9s kultur\u00e1lis jellege. A vid\u00e9ki ter\u00fcleteken, amelyek egykor nagycsal\u00e1dok otthona voltak, az \u00f6reged\u0151 gener\u00e1ci\u00f3k a v\u00e1rosi k\u00f6zpontokba v\u00e1ndorolnak oktat\u00e1s \u00e9s munkav\u00e1llal\u00e1s c\u00e9lj\u00e1b\u00f3l.<\/p>\n\n\n\n<p>A korai s\u00e1m\u00e1nisztikus gyakorlatokban gy\u00f6kerez\u0151, \u00e9s \u00e9vsz\u00e1zadokon \u00e1t a konfuci\u00e1nus, buddhista \u00e9s daoista filoz\u00f3fi\u00e1k \u00e1ltal \u00e1titatott koreai kult\u00fara olyan ritu\u00e1l\u00e9kat \u0151rz, amelyek \u00f6sszek\u00f6tik a k\u00f6z\u00f6ss\u00e9get \u00e9s az \u0151si eml\u00e9kezetet. A Csoszon-korszak szigor\u00fa konfuci\u00e1nus hierarchi\u00e1ja az oktat\u00e1s, a gyermeki tisztelet \u00e9s a t\u00e1rsadalmi rend ir\u00e1nti tiszteletet \u00f6r\u00f6k\u00f6lte \u2013 olyan \u00e9rt\u00e9keket, amelyek a modern szervezeti \u00e9letben is fennmaradnak. Ezen folytonoss\u00e1gok mellett D\u00e9l-Korea glob\u00e1lis kultur\u00e1lis jelenl\u00e9tet alak\u00edtott ki: a K-pop csoportok vil\u00e1gszerte telt h\u00e1zas stadionokat v\u00e1s\u00e1rolnak, a telev\u00edzi\u00f3s dr\u00e1m\u00e1k leny\u0171g\u00f6zik a nemzetk\u00f6zi k\u00f6z\u00f6ns\u00e9get, a filmesek pedig elismer\u00e9st aratnak Cannes-ban \u00e9s az Oscar-g\u00e1l\u00e1n. Ez a \u201ekoreai hull\u00e1m\u201d nemcsak a turizmust t\u00e1pl\u00e1lja \u2013 t\u00f6bb mint 17 milli\u00f3 l\u00e1togat\u00f3 \u00e9rkezett 2019-ben \u2013, hanem a koreai \u00e9telek, divat \u00e9s kozmetikumok ir\u00e1nti keresletet is \u00e9l\u00e9nk\u00edti.<\/p>\n\n\n\n<p>A kulin\u00e1ris hagyom\u00e1nyok k\u00f6z\u00e9ppontj\u00e1ban a rizs, a t\u00e9szta, a z\u00f6lds\u00e9gek, a hal \u00e9s a h\u00fasok \u00e1llnak, amelyeket minden \u00e9tkez\u00e9shez k\u00fcl\u00f6nf\u00e9le k\u00f6retek (banchan) eg\u00e9sz\u00edtenek ki. A kimchi, a minden\u00fctt jelenl\u00e9v\u0151 erjesztett z\u00f6lds\u00e9galapanyag, a koreai erjeszt\u00e9si k\u00e9pess\u00e9geket p\u00e9ld\u00e1zza, ak\u00e1rcsak a sz\u00f3japaszt\u00e1k (doenjang), a chilipaszt\u00e1k (gochujang) \u00e9s a minden\u00fctt jelenl\u00e9v\u0151 szez\u00e1molaj. Az ikonikus \u00e9telek a bulgogit\u00f3l \u2013 az asztaln\u00e1l grillezett v\u00e9kony p\u00e1colt marhah\u00fasszeletekt\u0151l \u2013 a tteokbokkiig, az utcai \u00e1rusok \u00e1ltal \u00e1rult f\u0171szeres rizss\u00fctem\u00e9nyekig terjednek. Az olyan alkoholos italok, mint a szodzsu \u00e9s a makgeolli, a bar\u00e1ts\u00e1gos \u00f6sszej\u00f6veteleket k\u00eds\u00e9rik, amelyeket gyakran f\u00e9m ev\u0151p\u00e1lcik\u00e1kkal \u00e9s k\u00f6z\u00f6s asztalokkal tesznek m\u00e9g kellemesebb\u00e9.<\/p>\n\n\n\n<p>D\u00e9l-Kore\u00e1ban a vall\u00e1s pluralista: a felm\u00e9r\u00e9sek azt mutatj\u00e1k, hogy a lakoss\u00e1g nagyj\u00e1b\u00f3l fele nem vall vall\u00e1si hovatartoz\u00e1st, m\u00edg a fennmarad\u00f3 r\u00e9sz nagy r\u00e9sz\u00e9t a kereszt\u00e9nys\u00e9g (protest\u00e1ns \u00e9s katolikus) \u00e9s a buddhizmus teszi ki. Az \u0151slakos vall\u00e1sok \u2013 a von buddhizmus, a cseondoizmus, a d\u00e9dzsongizmus \u2013 \u00e9s egy kis, de n\u00f6vekv\u0151 muszlim k\u00f6z\u00f6ss\u00e9g is hozz\u00e1j\u00e1rulnak a k\u00e9phez. Az alkotm\u00e1nyos garanci\u00e1k biztos\u00edtj\u00e1k a vall\u00e1sgyakorl\u00e1s szabads\u00e1g\u00e1t, m\u00e9g akkor is, ha a hagyom\u00e1nyos konfuci\u00e1nus szok\u00e1sok befoly\u00e1solj\u00e1k a mindennapi interakci\u00f3kat.<\/p>\n\n\n\n<p>Az \u00e9p\u00edtkez\u00e9s \u00e9s puszt\u00edt\u00e1s ism\u00e9tl\u0151d\u0151 ciklusai \u2013 a mongol inv\u00e1zi\u00f3t\u00f3l a jap\u00e1n megsz\u00e1ll\u00e1sig, a h\u00e1bor\u00fa puszt\u00edt\u00e1s\u00e1t\u00f3l az \u00fajj\u00e1\u00e9p\u00edt\u00e9s \u0151r\u00fclet\u00e9ig \u2013 egy \u00e9p\u00edt\u00e9szeti koll\u00e1zst hoztak l\u00e9tre. \u00d3kori palot\u00e1k enyh\u00e9n \u00edvelt cser\u00e9ptet\u0151kkel, k\u0151fal\u00fa er\u0151d\u00f6k \u00e9s hanok falvak, mint p\u00e9ld\u00e1ul Hahoe \u00e9s Yangdong, magas irod\u00e1k \u00e9s k\u00fclf\u00f6ldi \u00e9p\u00edt\u00e9szek k\u00eds\u00e9rleti modern alkot\u00e1sai mellett \u00e1llnak. Az 1988 ut\u00e1ni olimpiai fejleszt\u00e9sek \u00fcvegszerkezeteket vezettek be, amelyek egyens\u00falyt teremtenek a futurisztikus amb\u00edci\u00f3 \u00e9s a \u201eterm\u00e9szettel val\u00f3 harm\u00f3nia\u201d \u2013 a hagyom\u00e1nyos koreai \u00e9p\u00edt\u00e9szet vez\u00e9relv\u00e9nek \u2013, valamint az ondol padl\u00f3f\u0171t\u00e9snek a gondolata k\u00f6z\u00f6tt.<\/p>\n\n\n\n<p>D\u00e9l-Kore\u00e1ban az etikett a konfuci\u00e1nus hierarchia \u00e9s k\u00f6z\u00f6ss\u00e9gi harm\u00f3nia ir\u00e1nti tiszteletb\u0151l fakad. A meghajl\u00e1s \u00e9s a k\u00e9tkezes csere \u2013 legyen sz\u00f3 n\u00e9vjegyk\u00e1rty\u00e1r\u00f3l vagy te\u00e1scs\u00e9sz\u00e9r\u0151l \u2013 tiszteletet jelez. Otthonokban \u00e9s bizonyos \u00e9ttermekben le kell venni a cip\u0151t. A nyilv\u00e1nos szeretetmegnyilv\u00e1nul\u00e1sok ritk\u00e1k a fiatalos szubkult\u00far\u00e1kon k\u00edv\u00fcl. Az \u00e9tkez\u00e9si szok\u00e1sok el\u0151\u00edrj\u00e1k, hogy az id\u0151sebbek kezdj\u00e9k el\u0151sz\u00f6r, soha ne t\u00f6lts\u00f6n senki saj\u00e1t italt, \u00e9s hogy udvariatlan visszautas\u00edtani m\u00e1s pohar\u00e1t. Az \u00e9rz\u00e9keny t\u00e9m\u00e1kat \u2013 \u00c9szak-Korea, Jap\u00e1n gyarmati \u00f6r\u00f6ks\u00e9ge, Dokdo k\u00f6r\u00fcli ter\u00fcleti vit\u00e1k \u00e9s a belpolitika \u2013 a k\u00edv\u00fcl\u00e1ll\u00f3knak jobb elker\u00fclni\u00fck.<\/p>\n\n\n\n<p>Az \u00fczleti kult\u00fara k\u00fcl\u00f6n\u00f6sen a k\u00e9t k\u00e9zzel feltartott, k\u00e9ppel felfel\u00e9 tartott k\u00e1rty\u00e1k ritualiz\u00e1lt cser\u00e9j\u00e9n alapul; a k\u00e1rokoz\u00e1s vagy a laza b\u00e1n\u00e1sm\u00f3d tiszteletlens\u00e9gre utal. Az \u00f6lt\u00f6zk\u00f6d\u00e9s a konzervat\u00edv \u00e9s makul\u00e1tlan st\u00edlus fel\u00e9 hajlik, t\u00fckr\u00f6zve a szem\u00e9lyes b\u00fcszkes\u00e9get \u00e9s a v\u00e1llalati im\u00e1zst.<\/p>\n\n\n\n<p>D\u00e9l-Korea er\u0151ss\u00e9gei \u2013 vil\u00e1gsz\u00ednvonal\u00fa gazdas\u00e1ga, magas szint\u0171 oktat\u00e1sa, gyors innov\u00e1ci\u00f3ja \u00e9s dinamikus kult\u00far\u00e1ja \u2013 s\u00fcrget\u0151 probl\u00e9m\u00e1k mellett l\u00e9teznek. A demogr\u00e1fiai cs\u00f6kken\u00e9s vesz\u00e9lyezteti a munkaer\u0151piacokat \u00e9s a szoci\u00e1lis ell\u00e1t\u00f3rendszereket. Az exportpiacokt\u00f3l val\u00f3 gazdas\u00e1gi f\u00fcgg\u0151s\u00e9g sebezhet\u0151v\u00e9 teszi az orsz\u00e1got a glob\u00e1lis visszaes\u00e9sekkel \u00e9s a geopolitikai fesz\u00fclts\u00e9gekkel szemben. A f\u00e9lsziget \u00e9szaki hat\u00e1r\u00e1n d\u00fal\u00f3 megoldatlan konfliktus a bizonytalans\u00e1g \u00e1lland\u00f3 forr\u00e1sak\u00e9nt fenyeget.<\/p>\n\n\n\n<p>Ezek a kih\u00edv\u00e1sok azonban mer\u00e9sz politikai k\u00eds\u00e9rleteket \u00f6szt\u00f6n\u00f6ztek: a csal\u00e1doknak ny\u00fajtott p\u00e9nzbeli \u00f6szt\u00f6nz\u0151kt\u0151l kezdve az \u00faj bev\u00e1ndorl\u00e1si programokig, amelyek a zsugorod\u00f3 munkaer\u0151 kieg\u00e9sz\u00edt\u00e9s\u00e9t c\u00e9lozz\u00e1k; a z\u00f6ld technol\u00f3gi\u00e1ba t\u00f6rt\u00e9n\u0151 befektet\u00e9sekt\u0151l az Egyes\u00fclt \u00c1llamokkal, K\u00edn\u00e1val \u00e9s Jap\u00e1nnal fenntartott kapcsolatokat egyens\u00falyoz\u00f3 strat\u00e9giai diplom\u00e1ci\u00e1ig. A h\u00e1bor\u00fa ut\u00e1ni hetvenedik \u00e9vfordul\u00f3j\u00e1t \u00fcnnepl\u0151, 2025-ben D\u00e9l-Korea tov\u00e1bbra is a tal\u00e1l\u00e9konys\u00e1g \u00e9s az alkalmazkod\u00f3k\u00e9pess\u00e9g nemzete \u2013 olyan, amely a t\u00f6rt\u00e9nelem tanuls\u00e1gait viszi tov\u00e1bb, mik\u00f6zben \u00faj utakat alak\u00edt ki egy \u00f6sszekapcsol\u00f3d\u00f3 vil\u00e1gban.<\/p>\n\n\n\n<p>Sz\u00f6ul minden sz\u0171k sik\u00e1tor\u00e1ban \u00e9s a f\u00e9lsziget t\u00e1voli hegyi h\u00e1g\u00f3iban D\u00e9l-Korea t\u00f6rt\u00e9net\u00e9nek k\u00f6rvonalai l\u00e1that\u00f3k: a tart\u00f3s elk\u00f6telezetts\u00e9g az oktat\u00e1s ir\u00e1nt, a k\u00f6z\u00f6ss\u00e9gi tisztelet ir\u00e1nti ragaszkod\u00e1s \u00e9s a nyughatatlan kreativit\u00e1s, amely a j\u00f6v\u0151 fel\u00e9 hajtja az embereket. Az \u00f6r\u00f6ks\u00e9g \u00e9s az innov\u00e1ci\u00f3 k\u00f6lcs\u00f6nhat\u00e1sa jellemzi azt az orsz\u00e1got, amelynek szellem\u00e9t, b\u00e1r a neh\u00e9zs\u00e9gek m\u00e9rs\u00e9klik, tov\u00e1bbra is form\u00e1lja a modern vil\u00e1got.<\/p>","protected":false},"excerpt":{"rendered":"<p>D\u00e9l-Korea, hivatalos nev\u00e9n a Koreai K\u00f6zt\u00e1rsas\u00e1g (ROK), Kelet-\u00c1zsi\u00e1ban tal\u00e1lhat\u00f3, \u00e9s a Koreai-f\u00e9lsziget d\u00e9li szegmens\u00e9t foglalja mag\u00e1ban, lakoss\u00e1ga pedig 51,96 milli\u00f3. Ez az orsz\u00e1g vil\u00e1gszerte jelent\u0151s szerepl\u0151v\u00e9 n\u0151tte ki mag\u00e1t, amely \u00f6tv\u00f6zi a modern technol\u00f3gi\u00e1t a kultur\u00e1lis \u00f6r\u00f6ks\u00e9ggel \u00e9s a gazdas\u00e1gi hatalommal. A nemzet ellen\u00e1ll\u00f3 k\u00e9pess\u00e9g\u00e9t \u00e9s alkot\u00f3k\u00e9pess\u00e9g\u00e9t legink\u00e1bb a h\u00e1bor\u00fa s\u00fajtotta \u00e1llamb\u00f3l a vil\u00e1g egyik legfejlettebb gazdas\u00e1g\u00e1v\u00e1 val\u00f3 fejl\u0151d\u00e9se mutatja.<\/p>","protected":false},"author":1,"featured_media":3312,"parent":24063,"menu_order":0,"comment_status":"closed","ping_status":"closed","template":"elementor_theme","meta":{"_eb_attr":"","footnotes":""},"class_list":["post-15674","page","type-page","status-publish","has-post-thumbnail"],"_links":{"self":[{"href":"https:\/\/travelshelper.com\/hu\/wp-json\/wp\/v2\/pages\/15674","targetHints":{"allow":["GET"]}}],"collection":[{"href":"https:\/\/travelshelper.com\/hu\/wp-json\/wp\/v2\/pages"}],"about":[{"href":"https:\/\/travelshelper.com\/hu\/wp-json\/wp\/v2\/types\/page"}],"author":[{"embeddable":true,"href":"https:\/\/travelshelper.com\/hu\/wp-json\/wp\/v2\/users\/1"}],"replies":[{"embeddable":true,"href":"https:\/\/travelshelper.com\/hu\/wp-json\/wp\/v2\/comments?post=15674"}],"version-history":[{"count":0,"href":"https:\/\/travelshelper.com\/hu\/wp-json\/wp\/v2\/pages\/15674\/revisions"}],"up":[{"embeddable":true,"href":"https:\/\/travelshelper.com\/hu\/wp-json\/wp\/v2\/pages\/24063"}],"wp:featuredmedia":[{"embeddable":true,"href":"https:\/\/travelshelper.com\/hu\/wp-json\/wp\/v2\/media\/3312"}],"wp:attachment":[{"href":"https:\/\/travelshelper.com\/hu\/wp-json\/wp\/v2\/media?parent=15674"}],"curies":[{"name":"wp","href":"https:\/\/api.w.org\/{rel}","templated":true}]}}