{"id":15662,"date":"2024-09-21T17:11:49","date_gmt":"2024-09-21T17:11:49","guid":{"rendered":"https:\/\/travelshelper.com\/staging\/?page_id=15662"},"modified":"2026-03-11T21:11:35","modified_gmt":"2026-03-11T21:11:35","slug":"tadzsikisztan","status":"publish","type":"page","link":"https:\/\/travelshelper.com\/hu\/destinations\/asia\/tajikistan\/","title":{"rendered":"T\u00e1dzsikiszt\u00e1n"},"content":{"rendered":"<p>A Pam\u00edrok \u00e9s K\u00f6z\u00e9p-\u00c1zsia sz\u00e1raz s\u00edks\u00e1gai k\u00f6z\u00f6tt fekszik T\u00e1dzsikiszt\u00e1n, egy kik\u00f6t\u0151k n\u00e9lk\u00fcli, m\u00e9gis magaslatokban gazdag orsz\u00e1g. Szintvonalai a Hindukus magas h\u00e1g\u00f3it\u00f3l keleten az Amu-Darja als\u00f3 medenc\u00e9iig h\u00faz\u00f3dnak nyugaton. A ritk\u00e1n 3000 m\u00e9ter al\u00e1 s\u00fcllyed\u0151 gerincek k\u00f6z\u00f6tt az orsz\u00e1g d\u00e9li perem\u00e9n Afganiszt\u00e1nnal, nyugaton \u00dczbegiszt\u00e1nnal, \u00e9szakon Kirgiziszt\u00e1nnal, keleti gerinc\u00e9n pedig K\u00edn\u00e1val hat\u00e1ros. A karcs\u00fa Vakhan-folyos\u00f3n t\u00fal Pakiszt\u00e1n fekszik, k\u00f6zvetlen\u00fcl m\u00f6g\u00f6tt\u00fck. A Kofarnihon-v\u00f6lgy feletti lejt\u0151k\u00f6n fekv\u0151 Dusanbe a k\u00f6zt\u00e1rsas\u00e1g politikai sz\u00edve \u00e9s legn\u00e9pesebb k\u00f6zpontja, mintegy 10,7 milli\u00f3 lakossal.<\/p>\n<p>Az emberis\u00e9g t\u00f6rt\u00e9nete itt a m\u00e9ly \u0151skorba ny\u00falik vissza. A neolitikum \u00e9s a bronzkor k\u00f6z\u00f6ss\u00e9gei k\u0151eszk\u00f6z\u00f6kben \u00e9s \u00f6nt\u00f6z\u00f6tt f\u00f6ldeken hagytak nyomokat, m\u00edg az oxus civiliz\u00e1ci\u00f3 egykor a nyugati foly\u00f3partok ment\u00e9n vir\u00e1gzott. Az indoir\u00e1ni csoportok az Andronovo-kult\u00fara \u00e9gisze alatt \u00e9rkeztek, \u00e9s \u00e9vsz\u00e1zadok sor\u00e1n a szogd keresked\u0151k karav\u00e1nokat sz\u0151ttek a foly\u00f3v\u00f6lgyeken kereszt\u00fcl, selymet \u00e9s eszm\u00e9ket sz\u00e1ll\u00edtva. Az uralom az Akhaimenida szatrap\u00e1k, a hellenisztikus birodalmak, a Kus\u00e1n birodalom, valamint az egym\u00e1st k\u00f6vet\u0151 t\u00f6r\u00f6k \u200b\u200b\u00e9s perzsa dinaszti\u00e1k k\u00f6z\u00f6tt v\u00e1ltozott. A tizenkilencedik sz\u00e1zadig a baktriai \u00e9s sz\u00e1manida udvarok fel\u00fcgyelt\u00e9k a v\u00e1rosi k\u00f6zpontokat, amelyek a tanul\u00e1s \u00e9s a kereskedelem k\u00f6zpontjaiv\u00e1 v\u00e1ltak. Az Orosz Birodalom az 1800-as \u00e9vek v\u00e9g\u00e9n beolvasztotta a r\u00e9gi\u00f3t. 1924-ben a szovjet hat\u00f3s\u00e1gok auton\u00f3m k\u00f6zt\u00e1rsas\u00e1gk\u00e9nt elv\u00e1lasztott\u00e1k a t\u00e1dzsik ter\u00fcleteket az \u00fczb\u00e9g f\u00f6ldekb\u0151l, majd 1929 december\u00e9re teljes sz\u00f6vets\u00e9gi k\u00f6zt\u00e1rsas\u00e1gi st\u00e1tuszba emelt\u00e9k. 1991-ig Moszkva k\u00f6zponti tervez\u00e9se hat\u00e1rozta meg gazdas\u00e1g\u00e1t \u00e9s hat\u00e1rait.<\/p>\n<p>1991. szeptember 9-\u00e9n kiki\u00e1ltott\u00e1k a f\u00fcggetlens\u00e9get. Kevesebb mint egy \u00e9vvel k\u00e9s\u0151bb region\u00e1lis \u00e9s ideol\u00f3giai megosztotts\u00e1g \u00e1ltal d\u00falt konfliktus s\u00f6p\u00f6rt v\u00e9gig az \u00faj \u00e1llamon. 1992 m\u00e1jus\u00e1t\u00f3l 1997 j\u00fanius\u00e1ig a Khatlon s\u00edks\u00e1g\u00e1n \u00e9s a Pamiri-v\u00f6lgyekben frakci\u00f3k csaptak \u00f6ssze, v\u00e1rosokat \u00e9s term\u0151f\u00f6ldeket puszt\u00edtva el. Egy b\u00e9kemeg\u00e1llapod\u00e1s stabilit\u00e1st hozott, k\u00fclf\u00f6ldi seg\u00edts\u00e9ggel k\u00eds\u00e9rve, mik\u00f6zben a belpolitika helyre\u00e1ll\u00edtotta az \u00f6nt\u00f6z\u0151csatorn\u00e1kat \u00e9s a vas\u00fati \u00f6sszek\u00f6ttet\u00e9seket. 1994-ben Emomali Rahmon vette \u00e1t az eln\u00f6ki posztot, \u00e9s az\u00f3ta megszil\u00e1rd\u00edtotta a v\u00e9grehajt\u00f3 hatalmat, kritik\u00e1kat fogalmazva meg a m\u00e1sk\u00e9nt gondolkod\u00e1s \u00e9s a polg\u00e1ri szabads\u00e1gjogok korl\u00e1toz\u00e1sa miatt.<\/p>\n<p>K\u00f6zigazgat\u00e1silag T\u00e1dzsikiszt\u00e1n n\u00e9gy r\u00e9gi\u00f3ra oszlik. Az \u00e9szakon fekv\u0151 Szughd a Fergana-v\u00f6lgy egy r\u00e9sz\u00e9n h\u00faz\u00f3dik, Hudzsand k\u00f6zponttal. A d\u00e9lnyugaton fekv\u0151 Hatlon s\u00edks\u00e1gokat foglal mag\u00e1ban, amelyeket egykor polg\u00e1rh\u00e1bor\u00fa s\u00fajtott, m\u00edg Gorno-Badaks\u00e1n auton\u00f3m tartom\u00e1ny a Pam\u00edr-felf\u00f6ld nagy r\u00e9sz\u00e9t foglalja el. Dusanbe k\u00f6r\u00fcli k\u00f6zponti \u00f6vezet alkotja a K\u00f6zt\u00e1rsas\u00e1gi Alelv\u0171s\u00e9g R\u00e9gi\u00f3it. A j\u00e1r\u00e1sok ezeket a ter\u00fcleteket dzs\u00e1mokra \u00e9s falvakra osztj\u00e1k. E hierarchia ellen\u00e9re a neh\u00e9z terep elszigetelte a k\u00f6z\u00f6ss\u00e9geket: az utak hegyi h\u00e1g\u00f3kon kanyarognak, \u00e9s egyes magaslati v\u00f6lgyek tov\u00e1bbra is csak keskeny \u00f6sv\u00e9nyeken \u00e9rhet\u0151k el.<\/p>\n<p>A ter\u00fclet t\u00f6bb mint kilencven sz\u00e1zal\u00e9k\u00e1t hegys\u00e9gek foglalj\u00e1k el. A Pam\u00edr, a Hindukus \u00e9szaki ny\u00falv\u00e1nya, 7000 m\u00e9ter f\u00f6l\u00e9 emelkedik Qullai Ismoili Somonin\u00e1l. Az Alay \u00e9s Turkeszt\u00e1n hegys\u00e9g az orsz\u00e1g k\u00f6z\u00e9ps\u0151 r\u00e9sz\u00e9n h\u00faz\u00f3dik, elv\u00e1lasztva a Fergana-folyos\u00f3t a d\u00e9li medenc\u00e9kt\u0151l. Kisebb gerincek \u2013 a Dusanbe melletti Hisor, a Panjakent melletti Fann \u00e9s a nyugatabbra fekv\u0151 Zeravshan \u2013 alacsonyabb, de m\u00e9g mindig tekint\u00e9lyes cs\u00facsokat k\u00edn\u00e1lnak. Lent h\u00e1rom f\u0151 v\u00f6lgyben term\u0151f\u00f6ldek tal\u00e1lhat\u00f3k: a Fergana-szakasz Szughdban, az \u0151si romokkal tark\u00edtott Zeravshan-v\u00f6lgy, valamint a Kulob \u00e9s Bokhtar k\u00f6r\u00fcli hordal\u00e9kos s\u00edks\u00e1gok.<\/p>\n<p>A v\u00edz form\u00e1lja a t\u00e1jat \u00e9s a meg\u00e9lhet\u00e9st is. A Kofarnihon \u00e9s a Vakhsh foly\u00f3k egyes\u00fclnek, \u00edgy alakul ki az Amu Darya az afg\u00e1n hat\u00e1rn\u00e1l. Az olvadt h\u00f3 \u00f6nt\u00f6z\u0151csatorn\u00e1kat t\u00e1pl\u00e1l, amelyek gyapotf\u00f6ldeket \u00e9s s\u00e1rgabarack-, gr\u00e1n\u00e1talma- \u00e9s di\u00f3\u00fcltetv\u00e9nyeket tartanak fenn. Alpesi tavak csillognak a szikl\u00e1k k\u00f6z\u00f6tt, nevezetesen a Karakul-t\u00f3 a magas cs\u00facsok alatt.<\/p>\n<p>A nyelv \u00e9s a hit a t\u00f6rt\u00e9nelem r\u00e9tegeit t\u00fckr\u00f6zi. Az \u00e1llamnyelv a t\u00e1dzsik, egy perzsa eredet\u0171, cirill bet\u0171s nyelv. Az orosz tov\u00e1bbra is a hivatalos nyelv az etnikumok k\u00f6z\u00f6tti \u00fcgyekben; a polg\u00e1rok k\u00f6zel kilenctizede besz\u00e9li k\u00fcl\u00f6nb\u00f6z\u0151 m\u00e9rt\u00e9kben. Gorno-Badahs\u00e1nban a pamiri k\u00f6z\u00f6ss\u00e9gekben tov\u00e1bbra is \u00e9lnek olyan kisebbs\u00e9gi nyelvek, mint a sughni, a rus\u00e1ni \u00e9s a vakhi. A hanafi iskola iszl\u00e1mja domin\u00e1l, a lakoss\u00e1g t\u00f6bb mint kilencvenh\u00e9t sz\u00e1zal\u00e9ka vallja. Egy kis s\u00edita-iszm\u00e1ilita kisebbs\u00e9g \u00e9l, nagyr\u00e9szt a keleti felf\u00f6ld\u00f6n. B\u00e1r elvileg vil\u00e1gi, az alkotm\u00e1ny k\u00e9t iszl\u00e1m \u00fcnnepet ismer el, \u00e9s szab\u00e1lyozza a vall\u00e1si oktat\u00e1st \u00e9s istentiszteletet.<\/p>\n<p>Demogr\u00e1fiailag a t\u00e1dzsik etnikai csoportok alkotj\u00e1k a t\u00f6bbs\u00e9get. Az \u00fczb\u00e9gek \u00e9s az oroszok f\u0151k\u00e9nt a v\u00e1rosi k\u00f6zpontokban jelennek meg, sz\u00e1muk a migr\u00e1ci\u00f3 miatt cs\u00f6kken. A mintegy 25 000 f\u0151s jaghnobi n\u00e9p az \u00e9szaki hegyl\u00e1bakn\u00e1l \u00e9l, \u00e9s a szogd nyelv egyetlen \u00e9l\u0151 lesz\u00e1rmazottj\u00e1t besz\u00e9li. A pamiriek \u2013 akiknek elt\u00e9r\u0151 kult\u00far\u00e1ja az \u0151si Selyem\u00fat enkl\u00e1v\u00e9inak t\u00fck\u00f6rk\u00e9pe \u2013 n\u00e9pes\u00edtik be a GBAO-t.<\/p>\n<p>A gazdas\u00e1gi \u00e9let nagym\u00e9rt\u00e9kben f\u00fcgg a munkaer\u0151-migr\u00e1ci\u00f3t\u00f3l. A k\u00fclf\u00f6ld\u00f6n \u2013 f\u0151k\u00e9nt Oroszorsz\u00e1gban \u2013 dolgoz\u00f3 t\u00e1dzsikok hazautal\u00e1sai a GDP k\u00f6zel harminc sz\u00e1zal\u00e9k\u00e1t teszik ki, ami a k\u00fcls\u0151 sokkokkal szembeni sebezhet\u0151s\u00e9get n\u00f6veli. Az \u00e1sv\u00e1nykincsek korl\u00e1tozottak; az alum\u00edniumkoh\u00e1szat \u00e9s a gyapotgyapot-feldolgoz\u00e1s tov\u00e1bbra is a f\u0151 ipar\u00e1gak. A 2000-es \u00e9vek elej\u00e9n a nemzetk\u00f6zi seg\u00e9lyek az asz\u00e1ly \u00e9s a polg\u00e1rh\u00e1bor\u00fa ut\u00e1ni \u00e9lelmiszerhi\u00e1nyt kezelt\u00e9k. 2010-re a hazautal\u00e1sok meghaladt\u00e1k a k\u00e9tmilli\u00e1rd amerikai doll\u00e1rt, ami a fogyaszt\u00e1s \u00e9s a szeg\u00e9nys\u00e9g cs\u00f6kkent\u00e9s\u00e9nek alapj\u00e1t k\u00e9pezi. K\u00edna az \u00d6vezet, egy \u00dat Kezdem\u00e9nyez\u00e9s projektjein kereszt\u00fcl jelent\u0151s partnerr\u00e9 v\u00e1lt, utakat, vasutakat \u00e9s energiah\u00e1l\u00f3zatokat finansz\u00edrozva.<\/p>\n<p>A k\u00f6zleked\u00e9si kapcsolatok tov\u00e1bbra is megterhel\u0151dnek a f\u00f6ldrajzi adotts\u00e1gok miatt. Mind\u00f6ssze 680 kilom\u00e9ternyi sz\u00e9les nyomt\u00e1v\u00fa vas\u00fat k\u00f6ti \u00f6ssze Dusanb\u00e9t \u00dczbegiszt\u00e1nnal, Oroszorsz\u00e1ggal \u00e9s m\u00e1s szomsz\u00e9dos orsz\u00e1gokkal. A teher\u00e1ru nagy r\u00e9sz\u00e9t vas\u00faton sz\u00e1ll\u00edtj\u00e1k. Az aut\u00f3p\u00e1ly\u00e1k hossza mintegy 28 000 kilom\u00e9ter, a hegyi h\u00e1g\u00f3k azonban t\u00e9len lez\u00e1rulnak. Az \u00f6b\u00f6l menti \u00f6sszek\u00f6ttet\u00e9sek miatt er\u0151fesz\u00edt\u00e9seket tesznek az ir\u00e1ni \u00e9s pakiszt\u00e1ni kik\u00f6t\u0151k el\u00e9r\u00e9s\u00e9re afg\u00e1n folyos\u00f3kon kereszt\u00fcl. A 2004-ben amerikai t\u00e1mogat\u00e1ssal \u00e9p\u00fclt t\u00e1dzsik-afg\u00e1n Bar\u00e1ts\u00e1g h\u00edd d\u00e9l fel\u00e9 nyitott \u00fatvonalat. A leg\u00fajabb meg\u00e1llapod\u00e1sok egy 1300 kilom\u00e9teres k\u00f6z\u00fati-vas\u00fati folyos\u00f3t ir\u00e1nyoznak el\u0151 a k\u00ednai \u00e9s afg\u00e1n hat\u00e1rt\u00f3l a pakiszt\u00e1ni kik\u00f6t\u0151kig.<\/p>\n<p>A l\u00e9gi k\u00f6zleked\u00e9s 26 rep\u00fcl\u0151t\u00e9rb\u0151l \u00e1ll\u00f3 h\u00e1l\u00f3zatra t\u00e1maszkodik, amelyek fele burkolt kifut\u00f3p\u00e1ly\u00e1kkal rendelkezik. Dusanbe els\u0151dleges nemzetk\u00f6zi kapuja a region\u00e1lis f\u0151v\u00e1rosokkal \u00e9s orosz v\u00e1rosokkal k\u00f6ti \u00f6ssze a rep\u00fcl\u0151tereket. Az Anzabban, Sahriszt\u00e1nban \u00e9s m\u00e1sutt zajl\u00f3 \u00fatfel\u00faj\u00edt\u00e1si \u00e9s alag\u00fatprojektek c\u00e9lja a k\u00fcl\u00f6nb\u00f6z\u0151 magass\u00e1gokban \u00e9s id\u0151j\u00e1r\u00e1si k\u00f6r\u00fclm\u00e9nyek k\u00f6z\u00f6tt t\u00f6rt\u00e9n\u0151 megk\u00f6zel\u00edthet\u0151s\u00e9g megk\u00f6nny\u00edt\u00e9se.<\/p>\n<p>A turist\u00e1k egy ellent\u00e9tekb\u0151l \u00e1ll\u00f3 nemzettel tal\u00e1lkoznak. Ferghana szer\u00e9ny Selyem\u00fat menti v\u00e1rosai \u2013 Hudzsand, Iszfara \u00e9s Isztaravasz \u2013 meg\u0151rizt\u00e9k madraszai udvaraikat \u00e9s baz\u00e1rutc\u00e1ikat. Pandzsakentben tal\u00e1lhat\u00f3k Szarazm protourb\u00e1nus romjai \u00e9s szogd lak\u00f3helyek maradv\u00e1nyai. Zeravs\u00e1n Fann-hegys\u00e9ge gr\u00e1nitgerinceihez \u00e9s gleccsertavaihoz vonzza a hegym\u00e1sz\u00f3kat. Ezen t\u00fal a Pamir aut\u00f3p\u00e1lya kanyarog a foly\u00f3partokhoz kapaszkod\u00f3 falvakon, 4500 m\u00e9ter magas cs\u00facsok k\u00f6z\u00f6tt. Dusanbe lombos utakat, grandi\u00f3zus eml\u00e9km\u0171veket \u00e9s k\u00e9zzel h\u00edmzett ki\u00e1ll\u00edt\u00e1sokat k\u00edn\u00e1l a baz\u00e1rokban.<\/p>\n<p>A gyakorlati k\u00e9rd\u00e9sek tervez\u00e9st ig\u00e9nyelnek. A somoni, amely 100 diramra oszlik, leggyakrabban egy, h\u00e1rom \u00e9s \u00f6t somonis \u00e9rm\u00e9kben forog. A bankok \u00e9s ATM-ek k\u00e9szp\u00e9nzt adnak ki; a hitelk\u00e1rty\u00e1k szinte kiz\u00e1r\u00f3lag Visa h\u00e1l\u00f3zatokon kereszt\u00fcl m\u0171k\u00f6dnek. A baz\u00e1rokban az \u00e1rak alkudoz\u00e1sra \u00f6szt\u00f6n\u00f6znek; a hagyom\u00e1nyos \u00fczletekben fix c\u00edmk\u00e9k vannak. A l\u00e1togat\u00f3knak somonival kell \u00e9rkezni\u00fck, mivel a k\u00fclf\u00f6ldi valuta haszn\u00e1lata s\u00e9rti a helyi t\u00f6rv\u00e9nyeket. A pontos visszaj\u00e1r\u00f3 gyakran nehezen adhat\u00f3 ki, mivel a keresked\u0151k a legk\u00f6zelebbi eg\u00e9sz bankjegyre kerek\u00edtenek, de a pontos visszaj\u00e1r\u00f3 k\u00e9r\u00e9se \u00e1ltal\u00e1ban sikeres.<\/p>\n<p>A kisebb b\u0171ncselekm\u00e9nyek biztons\u00e1gi kock\u00e1zata tov\u00e1bbra is alacsony; a helyiek a szok\u00e1sos vend\u00e9gszeretetet tan\u00fas\u00edtj\u00e1k, \u00e9s a zsebtolvajl\u00e1s ritka. Biztons\u00e1gi kih\u00edv\u00e1sok mer\u00fclnek fel az afg\u00e1n hat\u00e1r k\u00f6zel\u00e9ben \u00e9s az elszigetelt pamiri telep\u00fcl\u00e9seken. S\u00f6t\u00e9ted\u00e9s ut\u00e1n a vid\u00e9ki ter\u00fcleteken a mag\u00e1nyos utaz\u00e1s nagyobb kock\u00e1zatot jelent. A b\u0171n\u00fcld\u00f6z\u0151 szerveknek hi\u00e1nyozhatnak az er\u0151forr\u00e1saik, \u00e9s el\u0151fordulnak veszteget\u00e9si k\u00e9r\u00e9sek; a f\u00e9lre\u00e9rt\u00e9s sz\u00ednlel\u00e9se gyakran hat\u00e1stalan\u00edtja a k\u00f6vetel\u00e9seket. Az \u00e1ram- \u00e9s v\u00edzell\u00e1t\u00e1s kimarad\u00e1sa napokig is eltarthat; a hordozhat\u00f3 t\u00f6lt\u0151k \u00e9s a tartal\u00e9k akkumul\u00e1torok magukkal cipel\u00e9se enyh\u00edti a kellemetlens\u00e9geket.<\/p>\n<p>A kultur\u00e1lis norm\u00e1k tiszteletet \u00e9rdemelnek. A l\u00e1togat\u00f3knak Dusanbe k\u00f6zel\u00e9ben szer\u00e9ny \u00f6lt\u00f6z\u00e9ket kell viselni\u00fck \u2013 amely eltakarja a v\u00e1llukat \u00e9s a t\u00e9rd\u00fcket \u2013, \u00e9s s\u00e1lat kell magukkal vinni\u00fck a mecsetl\u00e1togat\u00e1sokhoz, b\u00e1r a n\u0151k bel\u00e9p\u00e9s tov\u00e1bbra is korl\u00e1tozott, \u00e9s \u00e1ltal\u00e1ban nem im\u00e1dkoz\u00e1si \u00f3r\u00e1kra vagy vezetett csoportokra korl\u00e1toz\u00f3dik. Az id\u0151sebbekkel val\u00f3 interakci\u00f3 megk\u00f6veteli a k\u00e9z sz\u00edvre helyez\u00e9s\u00e9t. Az azonos nem\u0171ek k\u00f6z\u00f6tti vonzalom nyilv\u00e1nos megnyilv\u00e1nul\u00e1sa, b\u00e1r nem illeg\u00e1lis, ellens\u00e9gesked\u00e9st v\u00e1lthat ki egy konzervat\u00edv t\u00e1rsadalomban. A politikai besz\u00e9lget\u00e9sek, k\u00fcl\u00f6n\u00f6sen Oroszorsz\u00e1gr\u00f3l vagy Afganiszt\u00e1nr\u00f3l, fesz\u00fclts\u00e9get okozhatnak.<\/p>\n<p>Az egyed\u00fcl\u00e1ll\u00f3 n\u0151i utaz\u00f3k nagyj\u00e1b\u00f3l biztons\u00e1gosnak tal\u00e1lj\u00e1k T\u00e1dzsikiszt\u00e1nt, ha hozz\u00e1szoktak az \u00f6n\u00e1ll\u00f3 utaz\u00e1shoz. A diszkr\u00e9t \u00f6lt\u00f6zet, a nem k\u00edv\u00e1nt figyelem elleni \u00f3vint\u00e9zked\u00e9sk\u00e9nt viselt karikagy\u0171r\u0171 \u00e9s a t\u00e1voli hegyvid\u00e9kekre tett csoportos kir\u00e1ndul\u00e1sok fokozz\u00e1k a k\u00e9nyelmet. N\u0151i idegenvezet\u0151k a Pamir \u00d6kokultur\u00e1lis Turisztikai Egyes\u00fcleten kereszt\u00fcl szerveznek t\u00far\u00e1kat olyan r\u00e9gi\u00f3kban, ahol a f\u00e9rfi t\u00e1rsas\u00e1g nyugtalans\u00e1got okozhat.<\/p>\n<p>Az exportszab\u00e1lyoz\u00e1sok tiltj\u00e1k a feldolgozatlan k\u00f6vek, f\u00e9mek vagy hivatalos jelz\u00e9ssel nem rendelkez\u0151 \u00e9kszerek kivitel\u00e9t. Bizonyos korm\u00e1nyzati \u00e9p\u00fcletek f\u00e9nyk\u00e9pez\u00e9se jogi k\u00f6vetkezm\u00e9nyekkel j\u00e1r. A k\u00e1b\u00edt\u00f3szerrel kapcsolatos b\u0171ncselekm\u00e9nyek s\u00falyos b\u00fcntet\u00e9seket vonnak maguk ut\u00e1n. A nagyk\u00f6vets\u00e9gek seg\u00edts\u00e9get ny\u00fajtanak v\u00e9szhelyzetekben vagy \u00fatlev\u00e9l\u00fcgyekben.<\/p>\n<p>H\u00e1rom UNESCO-helysz\u00edn tan\u00fas\u00edtja az orsz\u00e1g \u00f6r\u00f6ks\u00e9g\u00e9t: Szarazm r\u00e9g\u00e9szeti t\u00e1ja, Pandzsakent \u0151si v\u00e1rosa \u00e9s a T\u00e1dzsik Nemzeti Park hegyvid\u00e9ki kiterjed\u00e9se. Ezek a helysz\u00ednek k\u00e9zzelfoghat\u00f3 kapcsolatokat k\u00edn\u00e1lnak az emberi er\u0151fesz\u00edt\u00e9s \u00e9vsz\u00e1zadaival, magasod\u00f3 cs\u00facsok h\u00e1tter\u00e9ben.<\/p>\n<p>T\u00e1dzsikiszt\u00e1n cs\u00facsai, v\u00f6lgyei \u00e9s kultur\u00e1lis \u00f6r\u00f6ks\u00e9ge ellen\u00e1ll a felsz\u00ednes \u00e1br\u00e1zol\u00e1snak. N\u00e9pe \u00e9vsz\u00e1zados birodalmak \u00e9s sztyepp\u00e9k lenyomat\u00e1t viseli mag\u00e1n. A k\u0151eml\u00e9kek let\u0171nt dinaszti\u00e1kra eml\u00e9keztetnek, m\u00edg az \u00f6nt\u00f6z\u0151csatorn\u00e1k ugyanolyan biztosan hordozz\u00e1k az eml\u00e9keket, mint a v\u00edz. Azok sz\u00e1m\u00e1ra, akik kanyarg\u00f3s \u00fatjain j\u00e1rnak, az orsz\u00e1g nemcsak a nagyszer\u0171 l\u00e1tk\u00e9pekben, hanem a mindennapi \u00e9let csendes ritmus\u00e1ban is megmutatkozik: a teah\u00e1z k\u00f6r\u00fcl \u00f6sszegy\u0171lt v\u00e9nek, az alkudoz\u00f3 hangokkal teli piacok \u00e9s a tavaszi olvad\u00e1s egyenletes l\u00fcktet\u00e9se a felf\u00f6ldeken, amelyek meghat\u00e1rozz\u00e1k a nemzet jellem\u00e9t.<\/p>","protected":false},"excerpt":{"rendered":"<p>T\u00e1dzsikiszt\u00e1n, hivatalos nev\u00e9n T\u00e1dzsik K\u00f6zt\u00e1rsas\u00e1g, egy tengerparttal nem rendelkez\u0151 orsz\u00e1g K\u00f6z\u00e9p-\u00c1zsia sz\u00edv\u00e9ben. A nagyj\u00e1b\u00f3l t\u00edzmilli\u00f3s lakoss\u00e1ggal ez a nemzet a term\u00e9szeti sz\u00e9ps\u00e9gek, \u00f6r\u00f6ks\u00e9gek \u00e9s kult\u00fara v\u00e1ltozatos sk\u00e1l\u00e1j\u00e1val b\u00fcszk\u00e9lkedhet. Dusanbe, az orsz\u00e1g f\u0151v\u00e1rosa \u00e9s legn\u00e9pesebb v\u00e1rosa egyszerre politikai \u00e9s gazdas\u00e1gi k\u00f6zpont. A strat\u00e9giai elhelyezked\u00e9s\u0171 T\u00e1dzsikiszt\u00e1n d\u00e9len Afganiszt\u00e1nnal, nyugaton \u00dczbegiszt\u00e1nnal, \u00e9szakon Kirgiziszt\u00e1nnal, keleten pedig K\u00edn\u00e1val hat\u00e1ros, t\u00f6bb szomsz\u00e9dos nemzetet metszve. \u00c9rdekes m\u00f3don Afganiszt\u00e1n korl\u00e1tozott Wakhan folyos\u00f3ja v\u00e1lasztja el Pakiszt\u00e1nt\u00f3l, ez egy f\u00f6ldrajzi furcsas\u00e1g, amely seg\u00edt megmagyar\u00e1zni egyed\u00fcl\u00e1ll\u00f3 elhelyezked\u00e9s\u00fcket a r\u00e9gi\u00f3ban.<\/p>","protected":false},"author":1,"featured_media":4607,"parent":24063,"menu_order":0,"comment_status":"closed","ping_status":"closed","template":"elementor_theme","meta":{"_eb_attr":"","footnotes":""},"class_list":["post-15662","page","type-page","status-publish","has-post-thumbnail"],"_links":{"self":[{"href":"https:\/\/travelshelper.com\/hu\/wp-json\/wp\/v2\/pages\/15662","targetHints":{"allow":["GET"]}}],"collection":[{"href":"https:\/\/travelshelper.com\/hu\/wp-json\/wp\/v2\/pages"}],"about":[{"href":"https:\/\/travelshelper.com\/hu\/wp-json\/wp\/v2\/types\/page"}],"author":[{"embeddable":true,"href":"https:\/\/travelshelper.com\/hu\/wp-json\/wp\/v2\/users\/1"}],"replies":[{"embeddable":true,"href":"https:\/\/travelshelper.com\/hu\/wp-json\/wp\/v2\/comments?post=15662"}],"version-history":[{"count":0,"href":"https:\/\/travelshelper.com\/hu\/wp-json\/wp\/v2\/pages\/15662\/revisions"}],"up":[{"embeddable":true,"href":"https:\/\/travelshelper.com\/hu\/wp-json\/wp\/v2\/pages\/24063"}],"wp:featuredmedia":[{"embeddable":true,"href":"https:\/\/travelshelper.com\/hu\/wp-json\/wp\/v2\/media\/4607"}],"wp:attachment":[{"href":"https:\/\/travelshelper.com\/hu\/wp-json\/wp\/v2\/media?parent=15662"}],"curies":[{"name":"wp","href":"https:\/\/api.w.org\/{rel}","templated":true}]}}