{"id":15647,"date":"2024-09-21T16:59:50","date_gmt":"2024-09-21T16:59:50","guid":{"rendered":"https:\/\/travelshelper.com\/staging\/?page_id=15647"},"modified":"2026-03-11T20:55:22","modified_gmt":"2026-03-11T20:55:22","slug":"tajvan","status":"publish","type":"page","link":"https:\/\/travelshelper.com\/hu\/destinations\/asia\/taiwan\/","title":{"rendered":"Tajvan"},"content":{"rendered":"<p>Tajvan egy keskeny \u00edvet foglal el a Kelet- \u00e9s D\u00e9l-k\u00ednai-tenger k\u00f6z\u00f6tt, ahol \u00f6t hegyl\u00e1nc uralja keleti k\u00e9tharmad\u00e1t, nyugati harmad\u00e1t pedig s\u00edks\u00e1gok sorozata h\u00faz\u00f3dik. Maga a sziget 35 808 n\u00e9gyzetkilom\u00e9teren ter\u00fcl el, a K\u00ednai K\u00f6zt\u00e1rsas\u00e1g joghat\u00f3s\u00e1ga al\u00e1 tartoz\u00f3 \u00f6sszesen 168 szigeten bel\u00fcl, amelyek \u00f6sszesen 36 193 n\u00e9gyzetkilom\u00e9tert fednek le. Tajpej, \u00daj-Tajpej v\u00e1rosa \u00e9s Keelung alkotja a legnagyobb agglomer\u00e1ci\u00f3j\u00e1t, amely k\u00f6zel 24 milli\u00f3 embernek ad otthont, ezzel Tajvan a bolyg\u00f3 legs\u0171r\u0171bben lakott ter\u00fcletei k\u00f6z\u00e9 tartozik.<\/p>\n<p>Az emberi jelenl\u00e9t Tajvanon legal\u00e1bb 25 000 \u00e9ves m\u00faltra tekint vissza. K\u00f6r\u00fclbel\u00fcl 6000 \u00e9vvel ezel\u0151tt ausztron\u00e9z telepesek \u00e9rkeztek, \u00e9s letelep\u00edtett\u00e9k a mai \u0151slakos k\u00f6z\u00f6ss\u00e9gek \u0151seit. A tizenhetedik sz\u00e1zad elej\u00e9n a holland gyarmati hat\u00f3s\u00e1gok fel\u00fcgyelt\u00e9k a han migr\u00e1nsok els\u0151 nagy be\u00e1raml\u00e1s\u00e1t, amely mozgalom a Tungning Kir\u00e1lys\u00e1g alatt is folytat\u00f3dott, amely az els\u0151 han vezet\u00e9s\u0171 \u00e1llam volt a szigeten. A Csing-korm\u00e1ny 1683-ban annekt\u00e1lta Tajvant, majd 1895-ben \u00e1tadta Jap\u00e1nnak. Jap\u00e1n 1945-\u00f6s kapitul\u00e1ci\u00f3ja ut\u00e1n a K\u00ednai K\u00f6zt\u00e1rsas\u00e1g vette \u00e1t az ir\u00e1ny\u00edt\u00e1st; a kommunista er\u0151kkel folytatott polg\u00e1rh\u00e1bor\u00fa arra k\u00e9sztette a K\u00ednai K\u00f6zt\u00e1rsas\u00e1g korm\u00e1ny\u00e1t, hogy 1949-ben Tajvanra k\u00f6lt\u00f6zz\u00f6n, \u00e9s ett\u0151l kezdve t\u00e9nyleges uralm\u00e1t Tajvanra, Penghura, Kinmenre, Macura \u00e9s n\u00e9h\u00e1ny d\u00e9l-k\u00ednai-tengeri szigetre korl\u00e1tozza.<\/p>\n<p>Az 1960-as \u00e9s 1980-as \u00e9vek k\u00f6z\u00f6tt Tajvan gazdas\u00e1ga gyorsan fejl\u0151d\u00f6tt, ezt az \u00e1tmenetet gyakran nevezik a tajvani csod\u00e1nak. Az iparosod\u00e1s egy exportorient\u00e1lt modellt k\u00f6vetett, amely az ac\u00e9lra, a g\u00e9pekre, az elektronik\u00e1ra \u00e9s a vegyi anyagokra \u00f6sszpontos\u00edtott. A kis- \u00e9s k\u00f6z\u00e9pv\u00e1llalkoz\u00e1sok v\u00e1ltak a termel\u00e9s gerinc\u00e9v\u00e9, k\u00fcl\u00f6nb\u00f6zve a szomsz\u00e9dos gazdas\u00e1gok nagy konglomer\u00e1tumait\u00f3l. 2022 okt\u00f3ber\u00e9re Tajvan a nomin\u00e1lis GDP-ben a huszonegyedik, a v\u00e1s\u00e1rl\u00f3er\u0151-parit\u00e1son pedig a huszadik helyen \u00e1llt, a teljes kereskedelem el\u00e9rte a 907 milli\u00e1rd USD-t: az export 479,5 milli\u00e1rd USD, az import pedig 427,6 milli\u00e1rd USD. K\u00edna, az Egyes\u00fclt \u00c1llamok \u00e9s Jap\u00e1n egy\u00fcttesen a kereskedelem t\u00f6bb mint negyven sz\u00e1zal\u00e9k\u00e1t tette ki. A cs\u00facstechnol\u00f3giai parkok \u00e9s a t\u0151keig\u00e9nyes ipar\u00e1gak fel\u00e9 val\u00f3 elmozdul\u00e1s a fenntarthat\u00f3 n\u00f6veked\u00e9s alapj\u00e1t k\u00e9pezt\u00e9k.<\/p>\n<p>Geol\u00f3giailag Tajvan egy ferde t\u00f6r\u00e9svonal\u00fa ter\u00fclet. A keleti r\u00e9sz\u00e9n tal\u00e1lhat\u00f3 \u00f6t hegys\u00e9g 3500 m\u00e9ter feletti cs\u00facsokat foglal mag\u00e1ban; a legmagasabb, a Yu Shan, 3952 m\u00e9ter magas, ezzel Tajvan Kelet-\u00c1zsia negyedik legmagasabb szigete. Az akt\u00edv tektonika \u00e9s a tenger alatti vulkanizmus gyakori f\u00f6ldreng\u00e9seket v\u00e1lt ki. N\u00e9gy sz\u00e1razf\u00f6ldi \u00f6kor\u00e9gi\u00f3 \u2013 szubtr\u00f3pusi \u00f6r\u00f6kz\u00f6ld erd\u0151k, monszun es\u0151erd\u0151k, a D\u00e9l-k\u00ednai-tenger szigetei \u00e9s a d\u00e9li monszun erd\u0151k \u2013 v\u00e1ltozatos n\u00f6v\u00e9ny- \u00e9s \u00e1llatvil\u00e1got biztos\u00edt. Az erd\u0151bor\u00edt\u00e1s integrit\u00e1sa 2019-ben 10-b\u0151l 6,38 pontot \u00e9rt el, amivel Tajvan a 172 orsz\u00e1g k\u00f6z\u00fcl a hetvenhatodik helyen v\u00e9gzett.<\/p>\n<p>\u00c9ghajlatilag Tajvan a R\u00e1kt\u00e9rz\u0151n fekszik. Az \u00e1tlagos csapad\u00e9kmennyis\u00e9g \u00e9vi 2600 millim\u00e9ter, m\u00e1just\u00f3l szeptemberig heves z\u00e1porokkal a kelet-\u00e1zsiai monszun miatt. J\u00faniust\u00f3l szeptemberig tart a forr\u00f3, p\u00e1r\u00e1s id\u0151j\u00e1r\u00e1s, amikor a t\u00e1jfunok a leggyakoribbak. A novembert\u0151l m\u00e1rciusig tart\u00f3 telek folyamatos es\u0151t hoznak az \u00e9szakkeleti orsz\u00e1gr\u00e9szbe, m\u00edg a k\u00f6z\u00e9ps\u0151 \u00e9s d\u00e9li ter\u00fcletek viszonylag sz\u00e1razak \u00e9s naposak maradnak. Az \u00e1tlagh\u0151m\u00e9rs\u00e9klet az elm\u00falt \u00e9vsz\u00e1zadban 1,4 \u00b0C-kal emelkedett \u2013 ez a k\u00e9tszerese a glob\u00e1lis \u00e1tlagos n\u00f6veked\u00e9snek \u2013, ami arra k\u00e9sztette a korm\u00e1nyokat, hogy 2030-ra 20%-kal, 2050-re pedig 50%-kal cs\u00f6kkents\u00e9k a kibocs\u00e1t\u00e1st a 2005-\u00f6s szinthez k\u00e9pest.<\/p>\n<p>A sziget politikai st\u00e1tusza tov\u00e1bbra is megoldatlan. Tajvan 1971-ben elvesztette ENSZ-tags\u00e1g\u00e1t, mivel a tagok elismert\u00e9k a K\u00ednai N\u00e9pk\u00f6zt\u00e1rsas\u00e1got; a ROC korm\u00e1nya 1991-ben feladta 1949-es ig\u00e9ny\u00e9t, hogy eg\u00e9sz K\u00edn\u00e1t k\u00e9pviselje. Peking fenntartja, hogy Tajvan a ter\u00fclet\u00e9nek r\u00e9sze, \u00e9s megtagadja a diplom\u00e1ciai elismer\u00e9st azokt\u00f3l az \u00e1llamokt\u00f3l, amelyek hivatalos kapcsolatokat tartanak fenn Tajpejjel. A ROC ma tizenegy ENSZ-taggal \u00e9s a Szentsz\u00e9kkel tart fenn hivatalos kapcsolatokat, m\u00edg m\u00e1sok de facto nagyk\u00f6vets\u00e9geket \u00fczemeltetnek k\u00fcl\u00f6nb\u00f6z\u0151 c\u00edmeken. A belpolitika k\u00e9t koal\u00edci\u00f3 k\u00f6r\u00fcl forog: a p\u00e1nk\u00e9k p\u00e1rtok a ROC alatti esetleges egyes\u00fcl\u00e9st t\u00e1mogatj\u00e1k, m\u00edg a p\u00e1nz\u00f6ld csoportok a hivatalos f\u00fcggetlens\u00e9get t\u00e1mogatj\u00e1k. Mindk\u00e9t f\u00e9l m\u00e9rs\u00e9kelt \u00e1ll\u00e1spontot k\u00e9pvisel, hogy sz\u00e9lesebb k\u00f6rben is vonz\u00f3v\u00e1 v\u00e1ljon.<\/p>\n<p>A k\u00f6zleked\u00e9si h\u00e1l\u00f3zatok ott koncentr\u00e1l\u00f3dnak, ahol az emberek \u00f6sszegy\u0171lnek. 2019 m\u00e1rcius\u00e1ra 13,86 milli\u00f3 robog\u00f3 k\u00e9tszer annyi lakost sz\u00e1ll\u00edtott, mint aut\u00f3. Az aut\u00f3p\u00e1ly\u00e1k 1619 kilom\u00e9ter hossz\u00faak, f\u0151k\u00e9nt a part menti \u00fatvonalakon. A Tajvani Vasutak Igazgat\u00f3s\u00e1ga k\u00f6rk\u00f6r\u00f6s rendszert \u00fczemeltet; a Tajvani Nagysebess\u00e9g\u0171 Vas\u00fat \u00f6sszek\u00f6ti a nyugati v\u00e1rosokat. A v\u00e1rosi metr\u00f3k \u200b\u200bTajpejt, \u00daj-Tajpejt, Kaohsziungot, Taoj\u00fcant \u00e9s Tajcsungot szolg\u00e1lj\u00e1k ki. A taoj\u00fcani, kaohsziungi, szongsani \u00e9s tajcsungi rep\u00fcl\u0151terek a polg\u00e1ri forgalmat bonyol\u00edtj\u00e1k le. H\u00e9t belf\u00f6ldi l\u00e9git\u00e1rsas\u00e1g \u00fczemel, \u00e9l\u00fck\u00f6n a China Airlines-szal \u00e9s az EVA Airrel. H\u00e9t tengeri kik\u00f6t\u0151, Kaohsziung az orsz\u00e1g 750 milli\u00f3 tonn\u00e1s forgalm\u00e1nak 58,6 sz\u00e1zal\u00e9k\u00e1t kezeli 2021-ben, a tengeri kereskedelem alapj\u00e1t k\u00e9pezi.<\/p>\n<p>Tajvan lakoss\u00e1ga, amely 2022-ben k\u00f6r\u00fclbel\u00fcl 23,4 milli\u00f3 f\u0151 volt, 95 sz\u00e1zal\u00e9kban han k\u00ednaiak, 2,4 sz\u00e1zal\u00e9kban \u0151shonos ausztron\u00e9zek, 2,6 sz\u00e1zal\u00e9kban pedig K\u00edn\u00e1b\u00f3l \u00e9s D\u00e9lkelet-\u00c1zsi\u00e1b\u00f3l \u00fajabban \u00e9rkezettek alkotj\u00e1k a lakoss\u00e1g 95 sz\u00e1zal\u00e9k\u00e1t. A hanok k\u00f6z\u00f6tt a hoklo sz\u00e1rmaz\u00e1s nagyj\u00e1b\u00f3l 70 sz\u00e1zal\u00e9kot, a hakka 15 sz\u00e1zal\u00e9kot, a \u201ewaishengren\u201d pedig az 1949 ut\u00e1ni migr\u00e1nsokhoz k\u00f6thet\u0151eket k\u00e9pviseli. A genetikai elemz\u00e9sek d\u00e9l-k\u00ednai eredetet mutatnak, \u00e9s az ausztron\u00e9z csoportok k\u00f6z\u00f6tt a migr\u00e1ci\u00f3 el\u0151tt kevered\u00e9s t\u00f6rt\u00e9nt. Tizenhat \u0151slakos k\u00f6z\u00f6ss\u00e9g \u2013 Ami, Atayal, Bunun, Kanakanavu, Kavalan, Paiwan, Puyuma, Rukai, Saisiyat, Saaroa, Sakizaya, Sediq, Thao, Truku, Tsou \u00e9s Yami \u2013 \u00e9l a keleti felf\u00f6ld\u00f6n \u00e9s az Orchidea-szigeten. Nyelveik az ausztron\u00e9z csal\u00e1dokhoz tartoznak, \u00e9s latin \u00edr\u00e1sm\u00f3dot haszn\u00e1lnak; haszn\u00e1latuk a kultur\u00e1lis \u00fajj\u00e1\u00e9leszt\u00e9si er\u0151fesz\u00edt\u00e9seken k\u00edv\u00fcl cs\u00f6kkent.<\/p>\n<p>A mandarin uralja az \u00fczleti \u00e9letet \u00e9s az oktat\u00e1st an\u00e9lk\u00fcl, hogy t\u00f6rv\u00e9nyileg el\u0151\u00edrt hivatalos nyelv lenne. A hagyom\u00e1nyos k\u00ednai \u00edr\u00e1sjelek tov\u00e1bbra is a standard \u00edr\u00e1srendszert k\u00e9pviselik. A tajvani hokkien, amelyet a lakoss\u00e1g 70 sz\u00e1zal\u00e9ka besz\u00e9l, \u00e9s a hakka, amelyet a lakoss\u00e1g 14\u201318 sz\u00e1zal\u00e9ka besz\u00e9l, az 1990-es \u00e9vek \u00f3ta \u00fajra megjelenik a k\u00f6z\u00e9letben. Egy mozgalom igyekszik egyszer\u0171s\u00edteni a b\u00edr\u00f3s\u00e1gi sz\u00f6vegeket a k\u00ednai anyanyelvre, mivel sok \u00edt\u00e9let m\u00e9g mindig klasszikus form\u00e1kat alkalmaz. A klasszikus k\u00ednai nyelv tov\u00e1bbra is fennmaradt a hivatalos \u00fcnnepi kontextusokban, bele\u00e9rtve a himnuszt is.<\/p>\n<p>A vall\u00e1sszabads\u00e1got az alkotm\u00e1ny r\u00f6gz\u00edti. 2020-ban a n\u00e9pi vall\u00e1sok a h\u00edvek 43,8 sz\u00e1zal\u00e9k\u00e1t, a buddhizmus 21,2 sz\u00e1zal\u00e9k\u00e1t, a taoista gyakorlatok 15,5 sz\u00e1zal\u00e9k\u00e1t, a nem vall\u00e1sosak 13,7 sz\u00e1zal\u00e9k\u00e1t, a kereszt\u00e9nys\u00e9g 5,8 sz\u00e1zal\u00e9k\u00e1t \u00e9s az iszl\u00e1m 1 sz\u00e1zal\u00e9k\u00e1t tett\u00e9k ki. K\u00f6r\u00fclbel\u00fcl 15 175 vall\u00e1si \u00e9p\u00fclet l\u00e9tezik \u2013 minden 1572 lakosra jut egy \u2013, bele\u00e9rtve 2317 buddhista templomot, 9684 taoista templomot \u00e9s 2845 templomot. Az \u0151slakos kereszt\u00e9nyek jelent\u0151s kisebbs\u00e9get alkotnak. A magas vall\u00e1sszabads\u00e1gi mutat\u00f3k miatt Tajvan az \u00e1zsiai-csendes-\u00f3ce\u00e1ni t\u00e9rs\u00e9g egyik kev\u00e9s \u201enyitott\u201d t\u00e1rsadalma.<\/p>\n<p>A han k\u00ednai hagyom\u00e1nyok, az \u0151slakos szok\u00e1sok, a jap\u00e1n gyarmati \u00f6r\u00f6ks\u00e9g \u00e9s a nyugati eszm\u00e9k f\u00fazi\u00f3ja form\u00e1lja a tajvani kult\u00far\u00e1t. A hadi\u00e1llapot idej\u00e9n a Kuomintang hat\u00f3s\u00e1gok a \u201ek\u00ednai kultur\u00e1lis renesz\u00e1nszt\u201d t\u00e1mogatt\u00e1k a hagyom\u00e1nyos m\u0171v\u00e9szetek \u00e9s nyelv meg\u0151rz\u00e9se \u00e9rdek\u00e9ben. 1987 ut\u00e1n a korl\u00e1toz\u00e1sok enyh\u00fcltek, lehet\u0151v\u00e9 t\u00e9ve az irodalom, a m\u00e9dia \u00e9s az akad\u00e9miai \u00e9let vir\u00e1gz\u00e1s\u00e1t. 2022-ben Tajvan a m\u00e1sodik helyen \u00e1llt az \u00e1zsiai-csendes-\u00f3ce\u00e1ni t\u00e9rs\u00e9gben a demokr\u00e1cia indexen; a polg\u00e1ri szabads\u00e1gjogok \u00e9s a sz\u00f3l\u00e1sszabads\u00e1g \u00e9l\u00e9nk kultur\u00e1lis sz\u00ednteret t\u00e1mogatnak. A hongkongi migr\u00e1nsok k\u00f6zelm\u00faltbeli hull\u00e1mai gazdag\u00edtott\u00e1k a diskurzust, 2019 \u00e9s 2022 k\u00f6z\u00f6tt \u00e1tlagosan \u00e9vi k\u00f6zel 9000 ember \u00e9rkezett.<\/p>\n<p>K\u00f6zigazgat\u00e1silag Tajvan \u00e9szaki, k\u00f6z\u00e9ps\u0151, keleti \u00e9s d\u00e9li r\u00e9gi\u00f3kra, valamint k\u00fcls\u0151 szigetekre oszlik. \u00c9szak-Tajvan, amelynek k\u00f6zpontja Tajpej, politikai \u00e9s technol\u00f3giai k\u00f6zpontk\u00e9nt szolg\u00e1l. A k\u00f6zponti ter\u00fcletek Csanghua, Miaoli, Nantou \u00e9s Taichung v\u00e1rosait foglalj\u00e1k magukban, amelyek hegyeikr\u0151l, tavaikr\u00f3l \u00e9s parkjaikr\u00f3l ismertek. A keleti megy\u00e9k, mint Jilan, Hualien \u00e9s Taitung, a k\u00f6zponti gerincen t\u00fal fekszenek, \u00e9s \u0151shonos \u00f6r\u00f6ks\u00e9g\u00fcket \u00e9s term\u00e9szeti l\u00e1tk\u00e9peiket k\u00edn\u00e1lj\u00e1k. A d\u00e9li telep\u00fcl\u00e9sek \u2013 Chiayi, Kaohsziung, Pingtung \u00e9s Tainan \u2013 tr\u00f3pusi partvid\u00e9kkel \u00e9s t\u00f6rt\u00e9nelmi \u00e9p\u00edt\u00e9szettel b\u00fcszk\u00e9lkedhetnek. A k\u00fcls\u0151 szigetek \u2013 Kinmen, Matsu, Penghu, Green \u00e9s Orchid \u2013 helyi mened\u00e9khelyeket k\u00edn\u00e1lnak.<\/p>\n<p>A v\u00e1rosi k\u00f6zpontok Tajpejt\u0151l, egy glob\u00e1lis metropoliszt\u00f3l, olyan nevezetess\u00e9gekkel, mint a Tajpej 101 \u00e9s a Nemzeti Palotam\u00fazeum, eg\u00e9szen Jiufenig, egykori b\u00e1ny\u00e1szfaluig terjednek, amely keskeny utc\u00e1ir\u00f3l \u00e9s tengerre n\u00e9z\u0151 kil\u00e1t\u00e1s\u00e1r\u00f3l h\u00edres. Tainan tov\u00e1bbra is Tajvan legr\u00e9gebbi v\u00e1rosa, templomaival \u00e9s gyarmati eml\u00e9keivel, mint p\u00e9ld\u00e1ul az Anping fah\u00e1z. Kaohsziung, a harmadik legnagyobb v\u00e1ros, az egyik legforgalmasabb kik\u00f6t\u0151vel \u00e9s egy modern v\u00edzparttal rendelkezik. Tajcsung p\u00e9ks\u00e9gei \u00e9s kultur\u00e1lis parkjai vonzz\u00e1k a l\u00e1togat\u00f3kat; Hualien \u00e9s Tajtung hozz\u00e1f\u00e9r\u00e9st biztos\u00edt a Taroko-szurdokhoz \u00e9s a part menti szikl\u00e1khoz.<\/p>\n<p>A szabadt\u00e9ri programok a sziget minden r\u00e9sz\u00e9n vonz\u00f3ak. A Beitou, Wulai \u00e9s Yangmingshan h\u0151forr\u00e1sai vulkanikus \u00f6r\u00f6ks\u00e9get t\u00fckr\u00f6znek; a nyilv\u00e1nos f\u00fcrd\u0151k alapos tiszt\u00edt\u00e1st ig\u00e9nyelnek a bel\u00e9p\u00e9s el\u0151tt, \u00e9s gyakran nemek szerint vannak elk\u00fcl\u00f6n\u00edtve, b\u00e1r n\u00e9h\u00e1nyban priv\u00e1t, ruh\u00e1zathoz k\u00f6t\u00f6tt medenc\u00e9k is tal\u00e1lhat\u00f3k. A hegyi \u00f6sv\u00e9nyek a Taipei City k\u00f6nny\u0171 \u00fatvonalait\u00f3l a Yushan \u00e9s a Wuling Sixiu t\u00f6bbnapos t\u00far\u00e1iig terjednek, amelyekhez enged\u00e9lyek \u00e9s sz\u00e1ll\u00e1slott\u00f3 sz\u00fcks\u00e9ges. A fedett medenc\u00e9kben, thai garn\u00e9l\u00e1kkal felt\u00f6ltve, helysz\u00edni f\u0151z\u00e9s mellett v\u00e9gzett garn\u00e9lar\u00e1k-hal\u00e1szat n\u00e9pszer\u0171v\u00e9 v\u00e1lt mind a helyiek, mind a l\u00e1togat\u00f3k k\u00f6r\u00e9ben.<\/p>\n<p>Az \u00faj tajvani doll\u00e1r (NT$) 100 centre (\u5206) oszlik; k\u00f6znyelven a j\u00fcan \u00e9s a ku\u00e0i jel\u00f6li az egys\u00e9get, m\u00edg a f\u0113n, ji\u01ceo \u00e9s m\u00e1o t\u00f6rt \u00f6sszegeket jel\u00f6l. A meg\u00e9lhet\u00e9si k\u00f6lts\u00e9gek Jap\u00e1n \u00e9s D\u00e9l-Korea k\u00f6lts\u00e9gei alatt vannak, de sz\u00e1mos d\u00e9lkelet-\u00e1zsiai \u00fati c\u00e9l\u00e9t meghaladj\u00e1k. A minim\u00e1lis napi k\u00f6lts\u00e9gvet\u00e9s 1000 NT$-t\u00f3l kezd\u0151dhet; az utcai \u00e9telek \u00e1ra 50 NT$ vagy kevesebb, a gyors\u00e9ttermek \u00e1ra 150 NT$ k\u00f6r\u00fcl, a luxus\u00e9ttermek\u00e9 pedig 1000 NT$ felett. Az el\u0151kel\u0151 sz\u00e1llod\u00e1k 5000 NT$ vagy t\u00f6bb \u00e1rat is k\u00edn\u00e1lhatnak. A taxik m\u00e9r\u0151\u00f3r\u00e1s vagy fix tarif\u00e1val k\u00f6zlekednek, opcion\u00e1lis alkudoz\u00e1ssal; a borraval\u00f3 a londinerek borraval\u00f3j\u00e1n k\u00edv\u00fcl ritka.<\/p>\n<p>A szok\u00e1sok \u00e9s az etikett a konfuci\u00e1nus tisztelet \u00e9s harm\u00f3nia alapelveit t\u00fckr\u00f6zi. A n\u00e9vjegyk\u00e1rty\u00e1kat mindk\u00e9t k\u00e9zzel, enyhe meghajl\u00e1ssal cser\u00e9lik. A nyelvi vagy szimbolikus asszoci\u00e1ci\u00f3k miatt tabunak sz\u00e1m\u00edt\u00f3 aj\u00e1nd\u00e9kok k\u00f6z\u00e9 tartoznak az \u00f3r\u00e1k, cip\u0151k, k\u00e9sek \u00e9s eserny\u0151k. A lak\u00e1sba l\u00e9p\u00e9s el\u0151tt le kell venni a cip\u0151t, papucsot kell biztos\u00edtani. A bar\u00e1tok k\u00f6z\u00f6tti n\u00e9vtelen aj\u00e1nd\u00e9koz\u00e1s a k\u00f6lcs\u00f6n\u00f6s szabadidej\u00e9t \u00f6szt\u00f6nzi. A t\u00f6megk\u00f6zleked\u00e9s els\u0151bbs\u00e9gi \u00fcl\u00e9seket tart fenn az id\u0151sek, a fogyat\u00e9kkal \u00e9l\u0151k \u00e9s a terhes utasok sz\u00e1m\u00e1ra. A templomokban a l\u00e1togat\u00f3knak meg kell hajolniuk az istens\u00e9gek el\u0151tt, ker\u00fclni\u00fck kell a k\u00fcsz\u00f6b\u00f6kre l\u00e9p\u00e9st, \u00e9s tart\u00f3zkodniuk kell az egyetlen ujjal val\u00f3 mutogat\u00e1st\u00f3l.<\/p>\n<p>Tajvan identit\u00e1sa a k\u00fcls\u0151 nyom\u00e1s \u00e9s a bels\u0151 vit\u00e1k k\u00f6zepette folyamatosan fejl\u0151dik. Egyesek a k\u00ednai \u00f6r\u00f6ks\u00e9g egyedi jelleg\u00e9t hangs\u00falyozz\u00e1k; m\u00e1sok egy jellegzetes tajvani nacionalizmust vagy multikultur\u00e1lis perspekt\u00edv\u00e1t alkalmaznak, amely mag\u00e1ban foglalja az \u0151slakosok, a sz\u00e1razf\u00f6ldiek \u00e9s a bev\u00e1ndorl\u00f3k narrat\u00edv\u00e1it. Ez a dinamika a sz\u00e1razf\u00f6ldt\u0151l val\u00f3 t\u00f6bb mint egy \u00e9vsz\u00e1zados elk\u00fcl\u00f6n\u00fcl\u00e9st \u00e9s a demokratikus szabads\u00e1gjogok ir\u00e1nti elk\u00f6telezetts\u00e9get t\u00fckr\u00f6zi, amelyek form\u00e1lj\u00e1k t\u00e1rsadalm\u00e1t, kult\u00far\u00e1j\u00e1t \u00e9s nemzetk\u00f6zi jelenl\u00e9t\u00e9t.<\/p>","protected":false},"excerpt":{"rendered":"<p>Tajvan egy kelet-\u00e1zsiai szigetorsz\u00e1g, amelynek lakoss\u00e1ga k\u00f6r\u00fclbel\u00fcl 23,9 milli\u00f3 ember, \u00edgy a F\u00f6ld egyik legs\u0171r\u0171bben lakott nemzete. A Kelet- \u00e9s D\u00e9l-K\u00ednai-tenger k\u00f6z\u00f6tt Tajvan strat\u00e9giai elhelyezked\u00e9se a Csendes-\u00f3ce\u00e1n \u00e9szaknyugati r\u00e9sz\u00e9n nagym\u00e9rt\u00e9kben alak\u00edtotta \u00f6sszetett t\u00f6rt\u00e9net\u00e9t \u00e9s geopolitikai jelent\u0151s\u00e9g\u00e9t.<\/p>","protected":false},"author":1,"featured_media":3752,"parent":24063,"menu_order":0,"comment_status":"closed","ping_status":"closed","template":"elementor_theme","meta":{"_eb_attr":"","footnotes":""},"class_list":["post-15647","page","type-page","status-publish","has-post-thumbnail"],"_links":{"self":[{"href":"https:\/\/travelshelper.com\/hu\/wp-json\/wp\/v2\/pages\/15647","targetHints":{"allow":["GET"]}}],"collection":[{"href":"https:\/\/travelshelper.com\/hu\/wp-json\/wp\/v2\/pages"}],"about":[{"href":"https:\/\/travelshelper.com\/hu\/wp-json\/wp\/v2\/types\/page"}],"author":[{"embeddable":true,"href":"https:\/\/travelshelper.com\/hu\/wp-json\/wp\/v2\/users\/1"}],"replies":[{"embeddable":true,"href":"https:\/\/travelshelper.com\/hu\/wp-json\/wp\/v2\/comments?post=15647"}],"version-history":[{"count":0,"href":"https:\/\/travelshelper.com\/hu\/wp-json\/wp\/v2\/pages\/15647\/revisions"}],"up":[{"embeddable":true,"href":"https:\/\/travelshelper.com\/hu\/wp-json\/wp\/v2\/pages\/24063"}],"wp:featuredmedia":[{"embeddable":true,"href":"https:\/\/travelshelper.com\/hu\/wp-json\/wp\/v2\/media\/3752"}],"wp:attachment":[{"href":"https:\/\/travelshelper.com\/hu\/wp-json\/wp\/v2\/media?parent=15647"}],"curies":[{"name":"wp","href":"https:\/\/api.w.org\/{rel}","templated":true}]}}