{"id":15631,"date":"2024-09-21T16:31:07","date_gmt":"2024-09-21T16:31:07","guid":{"rendered":"https:\/\/travelshelper.com\/staging\/?page_id=15631"},"modified":"2026-03-11T20:51:25","modified_gmt":"2026-03-11T20:51:25","slug":"sziria","status":"publish","type":"page","link":"https:\/\/travelshelper.com\/hu\/destinations\/asia\/syria\/","title":{"rendered":"Sz\u00edria"},"content":{"rendered":"<p>Sz\u00edria, hivatalos nev\u00e9n Sz\u00edriai Arab K\u00f6zt\u00e1rsas\u00e1g, a F\u00f6ldk\u00f6zi-tenger keleti partj\u00e1n k\u00f6zponti helyet foglal el. 185\u00a0180 n\u00e9gyzetkilom\u00e9teres sz\u00e1razf\u00f6ldi ter\u00fclete mintegy 25 milli\u00f3 lakost tart fenn, \u00edgy az \u00f6tvenhetedik \u00e9s a nyolcvanhetedik legn\u00e9pesebb nemzet. A tengerparti s\u00edks\u00e1gokt\u00f3l a keleti sivatagig Sz\u00edria hat\u00e1rai \u00e9szakon T\u00f6r\u00f6korsz\u00e1ggal, keleten \u00e9s d\u00e9lkeleten Irakkal, d\u00e9len Jord\u00e1ni\u00e1val, d\u00e9lnyugaton pedig Libanonnal \u00e9s Izraellel h\u00faz\u00f3dnak. Az orsz\u00e1got \u2013 legal\u00e1bbis a k\u00f6zelm\u00faltbeli felfordul\u00e1sokig \u2013 egyetlen p\u00e1rt korm\u00e1nyozta elh\u00faz\u00f3d\u00f3 sz\u00fcks\u00e9g\u00e1llapot alatt, k\u00f6zigazgat\u00e1silag tizenn\u00e9gy korm\u00e1nyz\u00f3s\u00e1gra oszlik, f\u0151v\u00e1rosa \u00e9s f\u0151 v\u00e1rosi k\u00f6zpontja Damaszkusz.<\/p>\n<p>J\u00f3val a modern k\u00f6zt\u00e1rsas\u00e1g kialakul\u00e1sa el\u0151tt \u201eSz\u00edria\u201d egy nagyobb r\u00e9gi\u00f3t jel\u00f6lt, amely egym\u00e1st k\u00f6vet\u0151 birodalmak k\u00f6z\u00f6tt h\u00faz\u00f3dott. Ebla r\u00e9g\u00e9szeti leletei az i. e. harmadik \u00e9vezredb\u0151l sz\u00e1rmaznak, Ugarit \u00e9s Mari k\u00e9s\u0151bbi v\u00e1rosi komplexumai pedig korai kereskedelmi h\u00e1l\u00f3zatokr\u00f3l tan\u00faskodnak. A hetedik sz\u00e1zadban Damaszkuszban m\u0171k\u00f6d\u00f6tt az Omajj\u00e1d Kalif\u00e1tus udvara, ami a v\u00e1rost az iszl\u00e1m korm\u00e1nyz\u00e1s korai sz\u00e9khelyek\u00e9nt jel\u00f6lte meg. A Mamluk Szultan\u00e1tus alatt region\u00e1lis k\u00f6zpontk\u00e9nt szolg\u00e1lt; ezt k\u00f6vet\u0151en t\u00f6bb mint n\u00e9gy \u00e9vsz\u00e1zadra oszm\u00e1n k\u00e9zre ker\u00fclt.<\/p>\n<p>Az els\u0151 vil\u00e1gh\u00e1bor\u00fat k\u00f6vet\u0151en a N\u00e9psz\u00f6vets\u00e9g francia mand\u00e1tum al\u00e1 helyezte Sz\u00edri\u00e1t. A francia korm\u00e1nyzat egyetlen politikai egys\u00e9gbe egyes\u00edtette az egykor az oszm\u00e1nok \u00e1ltal birtokolt tartom\u00e1nyokat. A k\u00e9t vil\u00e1gh\u00e1bor\u00fa k\u00f6z\u00f6tti \u00e9vekben fokoz\u00f3dott a nacionalista agit\u00e1ci\u00f3. 1945 \u00e1prilis\u00e1ban az Els\u0151 Sz\u00edriai K\u00f6zt\u00e1rsas\u00e1g csatlakozott az Egyes\u00fclt Nemzetek Szervezet\u00e9hez, ezzel jogilag is megsz\u00fcntetve a mand\u00e1tumot. A francia er\u0151k 1946 \u00e1prilis\u00e1ban befejezt\u00e9k kivonul\u00e1sukat, \u00e9s Sz\u00edria teljes de facto f\u00fcggetlens\u00e9get szerzett.<\/p>\n<p>A korai k\u00f6zt\u00e1rsas\u00e1g politikai instabilit\u00e1ssal k\u00fczd\u00f6tt. 1949 \u00e9s 1971 k\u00f6z\u00f6tt legal\u00e1bb hatszor katonai puccsok alak\u00edtott\u00e1k \u00e1t a korm\u00e1nyzatot. 1958-ban Sz\u00edria \u00e9s Egyiptom megalak\u00edtotta az Egyes\u00fclt Arab K\u00f6zt\u00e1rsas\u00e1got; az uni\u00f3 egy 1961-es puccs ut\u00e1n felbomlott. 1963 m\u00e1rcius\u00e1ban az Arab Szocialista Baasz P\u00e1rt egy frakci\u00f3ja ragadta mag\u00e1hoz a hatalmat, \u00e9s hadi\u00e1llapot alatt korm\u00e1nyzott. A bels\u0151 megosztotts\u00e1g tov\u00e1bbi puccsokhoz vezetett, nevezetesen 1966 febru\u00e1rj\u00e1ban \u00e9s 1970 november\u00e9ben, ut\u00f3bbi Hafiz el-Aszad eln\u00f6kk\u00e9 tette. H\u00e1rom \u00e9vtized alatt Aszad olyan rendszert szil\u00e1rd\u00edtott meg, amelyben a kulcsfontoss\u00e1g\u00fa katonai \u00e9s korm\u00e1nyzati szerepk\u00f6r\u00f6k az alavita k\u00f6z\u00f6ss\u00e9g tagjaihoz ker\u00fcltek. 2000 j\u00fanius\u00e1ban bek\u00f6vetkezett hal\u00e1la ut\u00e1n fia, Bass\u00e1r el-Aszad k\u00f6vette \u0151t a tr\u00f3non.<\/p>\n<p>2011 elej\u00e9n az arab tavaszhoz kapcsol\u00f3d\u00f3 n\u00e9pi tiltakoz\u00e1sok \u00e1tterjedtek Sz\u00edri\u00e1ra. A korm\u00e1ny v\u00e1lasza t\u00f6bbp\u00e1rti konfliktust v\u00e1ltott ki, amely region\u00e1lis \u00e9s glob\u00e1lis hatalmakat vonzott be. 2015 k\u00f6zep\u00e9re az Iszl\u00e1m \u00c1llam csoport K\u00f6z\u00e9p- \u00e9s Kelet-Sz\u00edria nagy ter\u00fcleteit foglalta el, ami t\u00f6bb \u00e1llam k\u00f6zvetlen beavatkoz\u00e1s\u00e1t v\u00e1ltotta ki. 2017 v\u00e9g\u00e9re az IS \u00e1ltal tartott ter\u00fclet nagyr\u00e9szt \u00f6sszeomlott a kurd vezet\u00e9s\u0171 er\u0151k, a sz\u00edriai korm\u00e1nycsapatok \u00e9s sz\u00f6vets\u00e9ges mil\u00edci\u00e1k, valamint a k\u00fcl\u00f6nf\u00e9le k\u00fclf\u00f6ldi hadseregek nyom\u00e1sa alatt. \u00daj politikai entit\u00e1sok jelentek meg, k\u00f6zt\u00fck egy f\u00e9lig auton\u00f3m k\u00f6zigazgat\u00e1s \u00e9szakkeleten. 2024 v\u00e9g\u00e9n az ellenz\u00e9ki frakci\u00f3k r\u00f6vid id\u0151re behatoltak Damaszkuszba, megd\u00f6ntve a hatalmon l\u00e9v\u0151 rezsimet. 2025 elej\u00e9n Sz\u00edria infrastrukt\u00far\u00e1j\u00e1nak nagy r\u00e9sze romokban hever, \u00e9s a nemzetk\u00f6zi szankci\u00f3k tov\u00e1bbra is \u00e9rv\u00e9nyben vannak.<\/p>\n<p>Fizikailag Sz\u00edria h\u00e1rom sz\u00e9les z\u00f3n\u00e1b\u00f3l \u00e1ll. A F\u00f6ldk\u00f6zi-tenger partvid\u00e9k\u00e9n keskeny s\u00edks\u00e1gok kapj\u00e1k a t\u00e9li csapad\u00e9kot, \u00e9s olajfaligeteknek \u00e9s citrus\u00fcltetv\u00e9nyeknek adnak otthont. A sz\u00e1razf\u00f6ld belsej\u00e9ben egy f\u00e9lsz\u00e1raz sztyeppe sivatagnak ad otthont a keleti korm\u00e1nyz\u00f3s\u00e1gokban. Az Eufr\u00e1tesz foly\u00f3, Sz\u00edria f\u0151 v\u00edzfoly\u00e1sa, T\u00f6r\u00f6korsz\u00e1gb\u00f3l nyugat fel\u00e9 folyik sz\u00e1raz s\u00edks\u00e1gokon kereszt\u00fcl, miel\u0151tt d\u00e9lre fordulna. \u00c9szakkeleten az al-Dzsazira-fenns\u00edk term\u00e9keny talajfoltokat \u0151riz, amelyeket a foly\u00f3 mell\u00e9kfoly\u00f3i \u00f6nt\u00f6znek; d\u00e9len Hawran vulkanikus talajai b\u00faz\u00e1t \u00e9s \u00e1rp\u00e1t teremnek. A part menti hegyvonulatok meghaladj\u00e1k a 2000 m\u00e9tert, nedvess\u00e9get k\u00f6tnek meg, \u00e9s egy z\u00f6ld \u00f6vet hoznak l\u00e9tre, amely \u00e9les ellent\u00e9tben \u00e1ll a keletebbre elter\u00fcl\u0151 sivataggal.<\/p>\n<p>Amikor 1956-ban olaj bukkant fel \u00e9szakkeleten \u2013 olyan mez\u0151k\u00f6n, mint a Rmelan \u00e9s az al-Suwaydiyah \u2013, az er\u0151forr\u00e1s \u00e1talak\u00edtotta Sz\u00edria exportprofilj\u00e1t. Az 1970-es \u00e9vek k\u00f6zep\u00e9re a k\u0151olaj lett a vezet\u0151 devizabev\u00e9teli forr\u00e1s, a Deir az-Zawr k\u00f6zel\u00e9ben l\u00e9v\u0151 mez\u0151k pedig a hat\u00e1ron t\u00fali iraki lel\u0151helyekhez csatlakoztak. F\u00f6ldg\u00e1z 1940-ben bukkant fel Dzsbessz\u00e1ban, b\u00e1r a g\u00e1ztermel\u00e9s az elm\u00falt \u00e9vtizedekig m\u00e1sodlagos maradt. 2000 \u00e9s 2008 k\u00f6z\u00f6tt az egy f\u0151re jut\u00f3 \u00e9ves GDP \u00e1tlagosan 2,5 sz\u00e1zal\u00e9kkal n\u0151tt. A korm\u00e1nyzat az \u00e1llamilag ir\u00e1ny\u00edtott tervez\u00e9sr\u0151l a piacorient\u00e1lt reformok fel\u00e9 igyekezett \u00e1tt\u00e9rni, \u00f6szt\u00f6n\u00f6zve a k\u00fclf\u00f6ldi befektet\u00e9seket a turizmus, a szolg\u00e1ltat\u00e1sok \u00e9s a f\u00f6ldg\u00e1z ter\u00fclet\u00e9n. Az el\u0151rel\u00e9p\u00e9s azonban egyenetlennek bizonyult, \u00e9s a szeg\u00e9nys\u00e9gi r\u00e1ta 2005-re k\u00f6zel 30 sz\u00e1zal\u00e9kra ingadozott.<\/p>\n<p>A h\u00e1bor\u00fa visszaford\u00edtotta ezeket a szer\u00e9ny eredm\u00e9nyeket. 2012-re az exportbev\u00e9telek 12 milli\u00e1rd doll\u00e1rr\u00f3l 4 milli\u00e1rd doll\u00e1rra zuhantak. A sz\u00edriai font \u00e9rt\u00e9k\u00e9nek n\u00e9gy\u00f6t\u00f6d\u00e9t vesz\u00edtette. Az \u00e1llami k\u00f6lts\u00e9gvet\u00e9sek k\u00fcls\u0151 hitelkeretekt\u0151l f\u00fcggtek, f\u0151k\u00e9nt Ir\u00e1nt\u00f3l, Oroszorsz\u00e1gt\u00f3l \u00e9s K\u00edn\u00e1t\u00f3l. Az Egyes\u00fclt \u00c1llamok \u00e9s az EU k\u0151olajexportra vonatkoz\u00f3 szankci\u00f3i, amelyeket 2012-t\u0151l l\u00e9ptettek \u00e9letbe, nagyj\u00e1b\u00f3l havi 400 milli\u00f3 doll\u00e1rba ker\u00fcltek. Az Iszl\u00e1m \u00c1llam 2015-\u00f6s foszf\u00e1tb\u00e1ny\u00e1inak lefoglal\u00e1sa megsz\u00fcntette a fennmarad\u00f3 bev\u00e9teli forr\u00e1st. Az infrastruktur\u00e1lis k\u00e1rok, a valuta\u00f6sszeoml\u00e1s \u00e9s a szankci\u00f3k miatt az \u00fajj\u00e1\u00e9p\u00edt\u00e9si k\u00f6lts\u00e9gek megk\u00f6zel\u00edtett\u00e9k a 10 milli\u00e1rd doll\u00e1rt.<\/p>\n<p>A konfliktus el\u0151tt Sz\u00edria k\u00f6zleked\u00e9si h\u00e1l\u00f3zata n\u00e9gy nemzetk\u00f6zi rep\u00fcl\u0151teret \u2013 Damaszkusz, Aleppo, Latakia \u00e9s Kamishli \u2013, valamint egy nagyobb v\u00e1rosokat \u00f6sszek\u00f6t\u0151 vas\u00fati rendszert foglalt mag\u00e1ban. Az utak k\u00f6zel 70 000 kilom\u00e9tert \u00f6leltek fel, ebb\u0151l 1100 gyorsforgalmi \u00fat volt. L\u00e9teztek belv\u00edzi utak, de nem volt kereskedelmi jelent\u0151s\u00e9g\u00fck. H\u00e1bor\u00fa idej\u00e9n sz\u00e1mos \u00fatvonal vesz\u00e9lyess\u00e9 v\u00e1lt, \u00e9s a hat\u00e1rokon \u00e1tny\u00fal\u00f3 vas\u00fati szolg\u00e1ltat\u00e1sok megsz\u0171ntek.<\/p>\n<p>Sz\u00edria lakoss\u00e1ga \u00e9vezredes migr\u00e1ci\u00f3t \u00e9s leteleped\u00e9st t\u00fckr\u00f6z. Az arabok nagyj\u00e1b\u00f3l h\u00e1romnegyed\u00e9t teszik ki az orsz\u00e1gban m\u00e9g mindig \u00e9l\u0151knek; a kor\u00e1bbi n\u00e9psz\u00e1ml\u00e1l\u00e1si adatok szerint a lakosok sz\u00e1ma k\u00f6r\u00fclbel\u00fcl 18,5 milli\u00f3 volt (2019). A fennmarad\u00f3 r\u00e9szhez tartoznak a kurdok (els\u0151sorban \u00e9szakkeleten), a t\u00f6r\u00f6k \u200b\u200bnyelv\u0171 k\u00f6z\u00f6ss\u00e9gek, az assz\u00edrok \u00e9s m\u00e1s csoportok. Az \u00fajar\u00e1mi nyelvj\u00e1r\u00e1sok Ma&#039;lul\u00e1ban \u00e9s a k\u00f6rnyez\u0151 falvakban fennmaradtak; a klasszikus sz\u00edr nyelv liturgikus funkci\u00f3kat l\u00e1t el. A kurd, t\u00f6r\u00f6k, \u00f6rm\u00e9ny, cserkesz \u00e9s csecsen kisebbs\u00e9gek hivatalos st\u00e1tusz n\u00e9lk\u00fcl tartj\u00e1k fenn nyelv\u00fcket. Az arab nyelvj\u00e1r\u00e1sok \u2013 a levantei nyugaton, a mezopot\u00e1miai \u00e9szakkeleten \u2013 uralj\u00e1k a mindennapi besz\u00e9det. Az angol \u00e9s a francia nyelv megjelenik az oktat\u00e1sban \u00e9s a kereskedelemben.<\/p>\n<p>A vall\u00e1si \u00f6sszet\u00e9tel szerint a lakoss\u00e1g k\u00f6zel h\u00e1romnegyed\u00e9t szunnita muszlimok, k\u00f6r\u00fclbel\u00fcl 13 sz\u00e1zal\u00e9k\u00e1t alavit\u00e1k \u00e9s tizenk\u00e9tsz\u00e1zal\u00e9kos s\u00edit\u00e1k, k\u00f6zel 10 sz\u00e1zal\u00e9k\u00e1t kereszt\u00e9nyek, k\u00f6r\u00fclbel\u00fcl 3 sz\u00e1zal\u00e9k\u00e1t pedig dr\u00fazok tett\u00e9k ki. A gyakorlatban az alavit\u00e1k ar\u00e1nytalanul nagy ar\u00e1nyban t\u00f6ltenek be magas rang\u00fa katonai \u00e9s korm\u00e1nyzati poz\u00edci\u00f3kat az 1970-es \u00e9vek \u00f3ta. A kereszt\u00e9ny felekezetek \u2013 g\u00f6r\u00f6g ortodoxok, sz\u00edr katolikusok, \u00f6rm\u00e9ny apostoliak \u00e9s m\u00e1sok \u2013 folytatj\u00e1k a k\u00f6z\u00f6ss\u00e9gi \u00e9letet a v\u00e1rosokban \u00e9s falvakban.<\/p>\n<p>Sz\u00edri\u00e1ban a kultur\u00e1lis szok\u00e1sok k\u00f6z\u00e9ppontj\u00e1ban a csal\u00e1d, a vend\u00e9gszeretet \u00e9s a vall\u00e1si el\u0151\u00edr\u00e1sok betart\u00e1sa \u00e1ll. A t\u00e1rsadalmi ritu\u00e1l\u00e9k k\u00f6z\u00e9 tartozik a dabkeh t\u00e1nc \u00e9s a kardt\u00e1ncok az esk\u00fcv\u0151k\u00f6n \u00e9s fesztiv\u00e1lokon. A n\u00e9pm\u0171v\u00e9szet az arab, kurd \u00e9s ar\u00e1mi hagyom\u00e1nyokra \u00e9p\u00edt. A konyham\u0171v\u00e9szet r\u00e9gi\u00f3nk\u00e9nt v\u00e1ltozik: az alepp\u00f3i \u00e9telek a cs\u00edp\u0151s kebabokra helyezik a hangs\u00falyt; a damaszkuszi konyha a t\u00f6lt\u00f6tt z\u00f6lds\u00e9geket \u00e9s a robusztus p\u00e9ks\u00fctem\u00e9nyeket emeli ki. A mindennap frissen s\u00fclt lep\u00e9nykeny\u00e9rhez olyan alapvet\u0151 \u00e9telek tartoznak, mint a hummusz, a tabbouleh \u00e9s a labneh. Az \u00e9teleket meze t\u00e1lak vezetik be. Az arab k\u00e1v\u00e9 a reggelin\u00e9l \u00e9s a vend\u00e9gfogad\u00e1sokn\u00e1l kap helyet; az arak, egy \u00e1nizs\u00edz\u0171 ital, az \u00fcnnepi lakom\u00e1kon jelenik meg.<\/p>\n<p>Az \u00e9p\u00edt\u00e9szeti \u00f6r\u00f6ks\u00e9g mag\u00e1ban foglalja a Boszra \u00e9s Apamea r\u00f3mai sz\u00ednh\u00e1zait, a keresztes v\u00e1rakat, mint p\u00e9ld\u00e1ul a Krak des Chevaliers, valamint az oszm\u00e1n mecseteket, medresz\u00e9ket \u00e9s karav\u00e1nszer\u00e1jokat. Damaszkusz \u00e9s Alepp\u00f3 v\u00e1rosi sz\u00f6vete meg\u0151rizte a k\u00f6z\u00e9pkori negyedeket, amelyek a baz\u00e1rok \u00e9s mecsetek k\u00f6r\u00e9 csoportosulnak. Palm\u00fcra egykor a keleti sivatagi fellegv\u00e1rk\u00e9nt \u00e1llt; a 2015-\u00f6s s\u00falyos k\u00e1rok ut\u00e1n az aknamentes\u00edt\u00e9s \u00e9s a helyre\u00e1ll\u00edt\u00e1s lassan halad.<\/p>\n<p>2011 el\u0151tt a turizmus n\u00f6veked\u00e9si potenci\u00e1lt k\u00edn\u00e1lt: a tengerparti \u00fcd\u00fcl\u0151helyek, a zar\u00e1ndokhelyek \u00e9s a r\u00e9g\u00e9szeti ter\u00fcletek vonzott\u00e1k a l\u00e1togat\u00f3kat. A korm\u00e1nyzat az olajon t\u00fal a szolg\u00e1ltat\u00e1sok \u00e9s a vend\u00e9gl\u00e1t\u00e1s fel\u00e9 k\u00edv\u00e1nta diverzifik\u00e1lni tev\u00e9kenys\u00e9g\u00e9t. A h\u00e1bor\u00fa azonban meghi\u00fas\u00edtotta ezeket a terveket. Egyes seg\u00e9lyszervezetek becsl\u00e9se szerint a turisztikai szektorban a munkahelyek 40 sz\u00e1zal\u00e9ka sz\u0171nt meg 2015 k\u00f6zep\u00e9re. Az \u00e9p\u00edtett k\u00f6rnyezet nagy r\u00e9sze, a sz\u00e1llod\u00e1kt\u00f3l az aut\u00f3p\u00e1ly\u00e1kig, fel\u00faj\u00edt\u00e1sra szorul.<\/p>\n<p>Az utaz\u00e1si tan\u00e1csok egykor \u00f3va intettek a politikai vit\u00e1kt\u00f3l, mivel az \u00e9rz\u00e9keny t\u00e9m\u00e1kra \u2013 Izrael Gol\u00e1n-fenns\u00edk feletti ellen\u0151rz\u00e9se vagy az uralkod\u00f3 csal\u00e1d kritik\u00e1ja \u2013 vonatkoz\u00f3 alkalmi megjegyz\u00e9sek nem k\u00edv\u00e1nt figyelmet kelthetnek. A koldul\u00e1s n\u00e9ha agressz\u00edvv\u00e9 v\u00e1lt zar\u00e1ndokhelyek k\u00f6zel\u00e9ben. A nyugati \u00f6lt\u00f6zk\u00f6d\u00e9s illik a v\u00e1rosi kereszt\u00e9ny negyedekhez, de m\u00e1shol felt\u0171n\u00e9st kelthet; a szer\u00e9ny ruh\u00e1zat megk\u00f6nny\u00edtette az interakci\u00f3kat. A csapv\u00edz \u00e1ltal\u00e1ban megfelelt a biztons\u00e1gi el\u0151\u00edr\u00e1soknak, b\u00e1r a palackozott m\u00e1rk\u00e1k sz\u00e9lesebb k\u00f6r\u0171 bizalmat \u00e9lveztek. Az eg\u00e9szs\u00e9g\u00fcgyi int\u00e9zm\u00e9nyek min\u0151s\u00e9ge v\u00e1ltoz\u00f3 volt; a k\u00fclf\u00f6ldi orvosok gyakran szolg\u00e1lt\u00e1k ki a sz\u00e1llodai vend\u00e9geket \u00fcgyeletben.<\/p>\n<p>A mindennapi \u00e9letben a sz\u00edriaiak a k\u00f6zvetlen kritik\u00e1t a priv\u00e1t helyzetekre tartogatj\u00e1k. A nyilv\u00e1nos p\u00e1rbesz\u00e9dek sor\u00e1n emelt hangon \u00e9s \u00e9l\u00e9nk gesztusokkal fogalmaznak, b\u00e1r ezek ink\u00e1bb elk\u00f6telezetts\u00e9get, mint haragot fejeznek ki. A h\u00e1zigazd\u00e1k sz\u00edvesen l\u00e1tj\u00e1k az idegeneket; a gyerekek szeretetteljes figyelmet kapnak a feln\u0151ttekt\u0151l. A t\u00e1rsas\u00e1gi etikett nem javasolja a mutat\u00f3ujjal val\u00f3 integet\u00e9st \u00e9s a talp felmutat\u00e1s\u00e1t. A szem\u00e9lyes k\u00e9rd\u00e9sek pr\u00f3b\u00e1ra teszik a nyugati komfortz\u00f3n\u00e1t, de a kapcsolatteremt\u00e9s v\u00e1gy\u00e1b\u00f3l fakadnak.<\/p>\n<p>A n\u0151k, k\u00fcl\u00f6n\u00f6sen, ha k\u00eds\u00e9r\u0151 n\u00e9lk\u00fcl vannak, k\u00e9retlen megjegyz\u00e9seket v\u00e1lthatnak ki; az udvarias visszautas\u00edt\u00e1sok \u00e9s a szemtan\u00fak megh\u00edv\u00e1sa jellemz\u0151en elegend\u0151 volt a nemk\u00edv\u00e1natos k\u00f6zeled\u00e9sek hat\u00e1stalan\u00edt\u00e1s\u00e1hoz. A helyi t\u00f6rv\u00e9nyek \u00e9rtelm\u00e9ben az erk\u00f6lcsi szab\u00e1lyok letart\u00f3ztat\u00e1shoz vezethetnek a nem h\u00e1zas f\u00e9rfiak \u00e9s n\u0151k sz\u00e1m\u00e1ra, akik mag\u00e1nter\u00fcleten osztoznak. A homoszexu\u00e1lis cselekm\u00e9nyek tov\u00e1bbra is b\u00fcntetend\u0151k.<\/p>\n<p>A k\u00f6zelm\u00faltbeli zavarok ellen\u00e9re Sz\u00edria hossz\u00fa t\u00f6rt\u00e9nelme tov\u00e1bb \u00e9l a t\u00e1jain, nyelvein \u00e9s k\u00f6z\u00f6ss\u00e9gein. Minden egyes r\u00e9teg \u2013 a bronzkori romokt\u00f3l az oszm\u00e1n f\u00fcrd\u0151kig \u2013 tan\u00faskodik a birodalmak \u00e9s a migr\u00e1ci\u00f3 egym\u00e1st k\u00f6vet\u0151 hull\u00e1mair\u00f3l. Amint az utc\u00e1k \u00fajra ny\u00fczs\u00f6gni kezdenek, a konfliktusok \u00e1ltal sz\u00e9tsz\u00f3rt v\u00e1rosr\u00e9szek baz\u00e1rokban \u00e9s tereken gy\u00fclekez\u00e9si helyeknek adhatnak otthont. Az \u00e9vsz\u00e1zadokkal ezel\u0151tt \u00fcltetett olajf\u00e1k m\u00e9g mindig teremhetnek gy\u00fcm\u00f6lcs\u00f6t. Amikor visszat\u00e9r a stabilit\u00e1s, Sz\u00edria anyagi \u00f6r\u00f6ks\u00e9ge \u00e9s \u00e9l\u0151 hagyom\u00e1nyai k\u00e9szen \u00e1llnak arra, hogy visszanyerj\u00e9k hely\u00fcket a mindennapi \u00e9letben.<\/p>","protected":false},"excerpt":{"rendered":"<p>Form\u00e1lisan Sz\u00edriai Arab K\u00f6zt\u00e1rsas\u00e1gk\u00e9nt ismert Sz\u00edria nyugat-\u00e1zsiai orsz\u00e1g a F\u00f6ldk\u00f6zi-tenger keleti r\u00e9sze \u00e9s a Levant k\u00f6z\u00f6tt. Sz\u00edria 2023-ban csaknem 17 milli\u00f3 lakos\u00e1val strat\u00e9giailag fontos helyen tal\u00e1lhat\u00f3, sz\u00e1mos t\u00f6rt\u00e9nelmi \u00f6r\u00f6ks\u00e9g \u00e9s civiliz\u00e1ci\u00f3 metsz\u00e9spontj\u00e1ban. D\u00e9lnyugat fel\u0151l Izrael \u00e9s Libanon; d\u00e9lr\u0151l Jord\u00e1nia; keletr\u0151l \u00e9s d\u00e9lkeletr\u0151l Irak; \u00e9szakr\u00f3l T\u00f6r\u00f6korsz\u00e1g; nyugatr\u00f3l a F\u00f6ldk\u00f6zi-tenger. Sz\u00edria \u00f6sszetett m\u00faltbeli \u00e9s jelenlegi geopolitikai kih\u00edv\u00e1sait nagyban befoly\u00e1solta ez a f\u00f6ldrajzi helyzet.<\/p>","protected":false},"author":1,"featured_media":3305,"parent":24063,"menu_order":0,"comment_status":"closed","ping_status":"closed","template":"elementor_theme","meta":{"_eb_attr":"","footnotes":""},"class_list":["post-15631","page","type-page","status-publish","has-post-thumbnail"],"_links":{"self":[{"href":"https:\/\/travelshelper.com\/hu\/wp-json\/wp\/v2\/pages\/15631","targetHints":{"allow":["GET"]}}],"collection":[{"href":"https:\/\/travelshelper.com\/hu\/wp-json\/wp\/v2\/pages"}],"about":[{"href":"https:\/\/travelshelper.com\/hu\/wp-json\/wp\/v2\/types\/page"}],"author":[{"embeddable":true,"href":"https:\/\/travelshelper.com\/hu\/wp-json\/wp\/v2\/users\/1"}],"replies":[{"embeddable":true,"href":"https:\/\/travelshelper.com\/hu\/wp-json\/wp\/v2\/comments?post=15631"}],"version-history":[{"count":0,"href":"https:\/\/travelshelper.com\/hu\/wp-json\/wp\/v2\/pages\/15631\/revisions"}],"up":[{"embeddable":true,"href":"https:\/\/travelshelper.com\/hu\/wp-json\/wp\/v2\/pages\/24063"}],"wp:featuredmedia":[{"embeddable":true,"href":"https:\/\/travelshelper.com\/hu\/wp-json\/wp\/v2\/media\/3305"}],"wp:attachment":[{"href":"https:\/\/travelshelper.com\/hu\/wp-json\/wp\/v2\/media?parent=15631"}],"curies":[{"name":"wp","href":"https:\/\/api.w.org\/{rel}","templated":true}]}}