{"id":15472,"date":"2024-09-21T13:55:29","date_gmt":"2024-09-21T13:55:29","guid":{"rendered":"https:\/\/travelshelper.com\/staging\/?page_id=15472"},"modified":"2026-03-11T21:52:17","modified_gmt":"2026-03-11T21:52:17","slug":"egyesult-arab-emirsegek","status":"publish","type":"page","link":"https:\/\/travelshelper.com\/hu\/destinations\/asia\/united-arab-emirates\/","title":{"rendered":"Egyes\u00fclt Arab Em\u00edrs\u00e9gek"},"content":{"rendered":"<p>Az Arab-f\u00e9lsziget keleti cs\u00fccsk\u00e9ben fekv\u0151 Egyes\u00fclt Arab Em\u00edrs\u00e9gek (EAE) a gyors \u00e1talakul\u00e1s felt\u0171n\u0151 p\u00e9ld\u00e1jak\u00e9nt mutatkozik meg. Alig f\u00e9l \u00e9vsz\u00e1zad alatt egy csoport kis tengerparti sejks\u00e9g \u00e9s sivatagi o\u00e1zis h\u00e9t em\u00edrs\u00e9gb\u0151l \u2013 Abu Dhabi, Dubai, Sardzsa, Ad\u017em\u00e1n, Umm al-Kaivein, R\u00e1sz al-Haima \u00e9s Fudzsejra \u2013 \u00e1ll\u00f3 f\u00f6der\u00e1ci\u00f3v\u00e1 egyes\u00fclt. Mindegyik em\u00edrs\u00e9get saj\u00e1t szuver\u00e9nje ural, m\u00e9gis sz\u00f6vets\u00e9gi, v\u00e1lasztott monarchia k\u00f6ti \u00f6ssze \u0151ket. Abu Dhabival, mint az eln\u00f6ks\u00e9g \u00e9s a politikai k\u00f6zpont sz\u00e9khely\u00e9vel, a f\u00f6der\u00e1ci\u00f3 mintegy 83 600 n\u00e9gyzetkilom\u00e9teren ter\u00fcl el, ter\u00fclet\u00e9t mozg\u00f3 d\u0171n\u00e9k, elhagyatott hegyek, csillog\u00f3 partvonalak \u00e9s enkl\u00e1v\u00e9k jellemzik, amelyek hat\u00e1rai let\u0171nt meg\u00e1llapod\u00e1sokr\u00f3l \u00e9s elh\u00faz\u00f3d\u00f3 vit\u00e1kr\u00f3l suttognak.<\/p>\n<p>Az Em\u00edrs\u00e9gek k\u00f6rvonalait sivatagok \u00e9s tengerek egyar\u00e1nt meghat\u00e1rozz\u00e1k. D\u00e9lnyugatra \u00e9s nyugatra Sza\u00fad-Ar\u00e1bia fekszik; keletre \u00e9s \u00e9szakkeletre Om\u00e1n; a Perzsa-\u00f6b\u00f6l vizein t\u00fal Katar \u00e9s Ir\u00e1n fekszik; \u00e9szakkeletre pedig az Om\u00e1ni-\u00f6b\u00f6l ny\u00edlik az Indiai-\u00f3ce\u00e1n fel\u00e9. A Rub al-Khali, az \u00fagynevezett \u00dcres Negyed, \u00e9gett okkers\u00e1rga homok tenger\u00e9ben nyomul Abu Dhabi d\u00e9li r\u00e9sz\u00e9re. \u00c9szakabbra a Hadzsar-hegys\u00e9g has\u00edtja a t\u00e1jat, sz\u00fcrke m\u00e9szk\u0151 gerinceik k\u00f6zel 1900 m\u00e9terre emelkednek a Ras al-Khaimah-i Jebel Jaisn\u00e1l. E k\u00e9t sz\u00e9ls\u0151 pont k\u00f6z\u00f6tt o\u00e1zisok fekszenek: a sza\u00fadi hat\u00e1r k\u00f6zel\u00e9ben elter\u00fcl\u0151 \u00e9s elszigetelt Liwa; az om\u00e1ni hat\u00e1ron h\u00faz\u00f3d\u00f3 Al-Buraimi; \u00e9s az ember alkotta Zakher-t\u00f3 Al Ainn\u00e1l, amely az uni\u00f3 sz\u0171k\u00f6s talajv\u00edzkezel\u00e9s\u00e9nek mesteri szintj\u00e9t bizony\u00edtja.<\/p>\n<p>A part menti s\u00edks\u00e1gok egy olyan \u00e9g alatt h\u00faz\u00f3dnak, amelyet az \u00e9v nagy r\u00e9sz\u00e9ben k\u00f6ny\u00f6rtelen nap perzsel. A nagyj\u00e1b\u00f3l 650 kilom\u00e9ter hossz\u00fa partvonal ment\u00e9n s\u00f3s\u00edks\u00e1gok h\u00faz\u00f3dnak a sz\u00e1razf\u00f6ld belsej\u00e9ben, miel\u0151tt olajf\u00far\u00f3tornyoknak, kik\u00f6t\u0151knek \u00e9s v\u00e1rosoknak adn\u00e1nak helyet. Dubai term\u00e9szetes kik\u00f6t\u0151je, amely egykor szer\u00e9ny volt, kotr\u00e1ssal kib\u0151v\u00fclt; Abu-Dzabi, Sardzsa \u00e9s m\u00e1s em\u00edrs\u00e9gek m\u00e9lyv\u00edzi kik\u00f6t\u0151ket tartanak fenn, amelyek \u00f6sszek\u00f6tik az Em\u00edrs\u00e9geket a glob\u00e1lis kereskedelemmel. M\u00e9gis ezek az ember alkotta kik\u00f6t\u0151k korallz\u00e1tonyok \u00e9s v\u00e1ltoz\u00f3 homokpadok mellett fekszenek, amelyek r\u00e9g\u00f3ta pr\u00f3b\u00e1ra teszik a tenger\u00e9szek k\u00e9pess\u00e9geit. Az er\u0151s \u00e1rap\u00e1ly \u00e9s a hirtelen sz\u00e9lviharok tov\u00e1bbra is alak\u00edtj\u00e1k a partvonalat, mik\u00f6zben a legmodernebb navig\u00e1ci\u00f3s \u00e9s elektronikus ir\u00e1ny\u00edt\u00f3rendszerek sim\u00edtj\u00e1k a nemzeti vagyon alapj\u00e1t k\u00e9pez\u0151 fekete arannyal megrakott \u00f3ri\u00e1si tart\u00e1lyhaj\u00f3k \u00e1thalad\u00e1s\u00e1t.<\/p>\n<p>Az \u00e9ghajlat a sivatagi el\u0151\u00edr\u00e1sokat k\u00f6veti: a ny\u00e1r perzsel\u0151, a nappali h\u0151m\u00e9rs\u00e9klet a s\u00edks\u00e1gokon gyakran meghaladja a 45 \u00b0C-ot; a telek enyh\u00e9k maradnak, a h\u0151m\u00e9rs\u00e9klet \u00e9jszaka 10-14 \u00b0C-ra s\u00fcllyed. A csapad\u00e9k kev\u00e9s, \u00e1ltal\u00e1ban r\u00f6vid, \u00f6z\u00f6nv\u00edzszer\u0171 kit\u00f6r\u00e9sekben esik a h\u0171v\u00f6sebb h\u00f3napokban, id\u0151nk\u00e9nt a sz\u00e1raz v\u00e1di medreket hirtelen foly\u00f3kk\u00e1 duzzasztva. A hegyekben a csapad\u00e9k valamivel b\u0151s\u00e9gesebb, \u00e9s id\u0151nk\u00e9nt h\u00f3 form\u00e1j\u00e1ban esik \u2013 a legh\u00edresebb p\u00e9lda a Jebel Jais-on 2004 december\u00e9ben, amikor a cs\u00facsot el\u0151sz\u00f6r bor\u00edtotta be feh\u00e9r por. A porviharok el\u0151zetes figyelmeztet\u00e9s n\u00e9lk\u00fcl is felt\u00f6rhetnek, bebor\u00edtva az aut\u00f3p\u00e1ly\u00e1kat \u00e9s a sivatagi \u00f6sv\u00e9nyeket, m\u00edg a d\u00e9lkeleti fel\u0151l f\u00faj\u00f3 p\u00e1r\u00e1s szelek, amelyeket helyileg Sharqi n\u00e9ven ismernek, k\u00e9s\u0151 ny\u00e1ron kellemetlen f\u00fclledts\u00e9get hoznak a partra.<\/p>\n<p>Az 1971-ben, Nagy-Britannia protektor\u00e1tusaib\u00f3l val\u00f3 kil\u00e9p\u00e9sekor kidolgozott sz\u00f6vets\u00e9gi strukt\u00fara sz\u00e9lesk\u00f6r\u0171 auton\u00f3mi\u00e1t biztos\u00edt minden em\u00edrs\u00e9gnek. Abu Dhabi, amely az orsz\u00e1g ter\u00fclet\u00e9nek k\u00f6zel 87 sz\u00e1zal\u00e9k\u00e1t teszi ki, jelent\u0151s befoly\u00e1ssal b\u00edr: uralkod\u00f3ja hagyom\u00e1nyosan a sz\u00f6vets\u00e9g eln\u00f6ke, \u00e9s bev\u00e9telei \u2013 f\u0151k\u00e9nt az olajb\u00f3l \u00e9s a g\u00e1zb\u00f3l \u2013 finansz\u00edrozz\u00e1k az uni\u00f3 eg\u00e9szs\u00e9g\u00fcgyi, oktat\u00e1si \u00e9s infrastruktur\u00e1lis kiad\u00e1sainak nagy r\u00e9sz\u00e9t. Dubai, amely ter\u00fclet\u00e9t tekintve a legkisebb, m\u00e9gis legn\u00e9pesebb, a kereskedelemre, a rep\u00fcl\u00e9sre \u00e9s a turizmusra \u00f6sszpontos\u00edtott, \u00e9s nemzetk\u00f6zi k\u00f6zpontt\u00e1 v\u00e1lt, ahol t\u00f6bb mint 10 milli\u00f3 lakos \u00e9s l\u00e1togat\u00f3 keveredik. Sardzsa konzervat\u00edvabb t\u00e1rsadalmi l\u00e9gk\u00f6rt tart fenn, partvonal\u00e1t ipari ter\u00fcletek \u00e9s kultur\u00e1lis negyedek tark\u00edtj\u00e1k, amelyek az arab \u00f6r\u00f6ks\u00e9gre utalnak. Az \u00e9szaki em\u00edrs\u00e9gek n\u00e9gyese \u2013 Fudzsejra, Ajm\u00e1n, R\u00e1sz al-Haima \u00e9s Umm al-Kaivein \u2013 tengerparti enkl\u00e1v\u00e9kat, hegyi mened\u00e9khelyeket \u00e9s sivatagi kiterjed\u00e9seket \u00f6tv\u00f6z, mindegyik a hagyom\u00e1ny \u00e9s a modernit\u00e1s saj\u00e1t egyens\u00faly\u00e1t k\u00edn\u00e1lja.<\/p>\n<p>A n\u00e9pess\u00e9gdinamika j\u00f3l mutatja a sz\u00f6vets\u00e9g egyedi jelleg\u00e9t. 2024 k\u00f6zep\u00e9n mintegy 10 milli\u00f3 ember \u00e9lt az Egyes\u00fclt Arab Em\u00edrs\u00e9gekben, de az em\u00edrs\u00e9gekbeli \u00e1llampolg\u00e1rok ennek mind\u00f6ssze tizenegy sz\u00e1zal\u00e9k\u00e1t tett\u00e9k ki. A fennmarad\u00f3 r\u00e9szt az \u00e9p\u00edt\u0151iparban, a vend\u00e9gl\u00e1t\u00e1sban, a p\u00e9nz\u00fcgyekben \u00e9s sz\u00e1mos szolg\u00e1ltat\u00f3iparban dolgoz\u00f3 migr\u00e1nsok teszik ki. Az indiaiak a lakoss\u00e1g nagyj\u00e1b\u00f3l egynegyed\u00e9t teszik ki, \u0151ket k\u00f6vetik a pakiszt\u00e1niak, bangladesiek \u00e9s a filipp\u00edn\u00f3k; a nyugati k\u00fclf\u00f6ldiek sz\u00e1ma t\u00edzezrekre r\u00fag. Ez az egyens\u00falyhi\u00e1ny olyan t\u00e1rsadalmat eredm\u00e9nyezett, amelyben a helyi hagyom\u00e1nyok nehezen \u00e9lnek egy\u00fctt a globaliz\u00e1lt \u00e9letm\u00f3ddal. Az arab nyelv hivatalos nyelv, \u00e9s az iszl\u00e1m alak\u00edtja a jogi keretet; m\u00e9gis az angol uralkodik az \u00fczleti \u00e9letben, az oktat\u00e1sban \u00e9s a mindennapi kereskedelemben. Az \u00e1llam toleranci\u00e1t hirdet m\u00e1s vall\u00e1sok ir\u00e1nt, lehet\u0151v\u00e9 t\u00e9ve a templomok m\u0171k\u00f6d\u00e9s\u00e9t \u00e9s a nem muszlim kisebbs\u00e9gek szabad vall\u00e1sgyakorl\u00e1s\u00e1t, m\u00e9g akkor is, ha a t\u00f6bbs\u00e9g tov\u00e1bbra is szunnita muszlim \u2013 b\u00e1r egy jelent\u0151s s\u00edita k\u00f6z\u00f6ss\u00e9g, az ib\u00e1di \u00e9s a sz\u00fafi hat\u00e1sok mellett, \u00e1tsz\u00f6vi a sz\u00f6vets\u00e9get.<\/p>\n<p>A k\u0151olaj \u00e9s a f\u00f6ldg\u00e1z tov\u00e1bbra is az Egyes\u00fclt Arab Em\u00edrs\u00e9gek vagyon\u00e1nak k\u00f6zponti eleme. Az orsz\u00e1g a vil\u00e1g t\u00edz legnagyobb olaj- \u00e9s g\u00e1zk\u00e9szlet-tulajdonosa k\u00f6z\u00e9 tartozik. A sz\u00f6vets\u00e9g alap\u00edt\u00f3 eln\u00f6k\u00e9nek, Sejk Zayed bin Sultan Al Nahyannak a v\u00edzi\u00f3j\u00e1n kereszt\u00fcl befolyt bev\u00e9teleket k\u00f3rh\u00e1zakba, iskol\u00e1kba, aut\u00f3p\u00e1ly\u00e1kba \u00e9s kik\u00f6t\u0151kbe fektett\u00e9k be, lehet\u0151v\u00e9 t\u00e9ve az Em\u00edrs\u00e9gek sz\u00e1m\u00e1ra, hogy a modernit\u00e1s fel\u00e9 ugorjon. A 21. sz\u00e1zad fordul\u00f3ja \u00f3ta a vezet\u0151k tudatosan sz\u00e9les\u00edtett\u00e9k a gazdas\u00e1got. A turizmus, a p\u00e9nz\u00fcgy, az ingatlanpiac, a logisztika \u00e9s a technol\u00f3gia ma m\u00e1r a n\u00f6veked\u00e9s motorjai, a nem olaj\u00e1gazati szektorok \u00e9rt\u00e9ke \u00e9s foglalkoztat\u00e1sa pedig b\u0151v\u00fcl. Dubai, amely r\u00e9g\u00f3ta v\u00e1llalkoz\u00e1s, a vil\u00e1g k\u00e9t legforgalmasabb rep\u00fcl\u0151ter\u00e9nek ad otthont \u2013 a Dubai Internationalnek \u00e9s a felt\u00f6rekv\u0151 Al Maktoumnak \u2013, Abu Dhabi pedig glob\u00e1lis konferenci\u00e1k \u00e9s kultur\u00e1lis projektek f\u0151v\u00e1ros\u00e1v\u00e1 v\u00e1lt, k\u00f6zt\u00fck a Louvre Abu Dhabinak \u00e9s a tervezett Guggenheim m\u0171holdnak. A monolitikus sz\u00e9nhidrog\u00e9n-export\u0151rb\u0151l diverzifik\u00e1lt k\u00f6z\u00e9phatalomm\u00e1 val\u00f3 \u00e1talakul\u00e1s nem volt z\u00f6kken\u0151mentes \u2013 2015 \u00e9s 2019 k\u00f6z\u00f6tt id\u0151nk\u00e9nt megtorpant a n\u00f6veked\u00e9s \u2013, de a 2000 \u00e9s 2018 k\u00f6z\u00f6tti \u00e1tlagos, mintegy 4 sz\u00e1zal\u00e9kos re\u00e1l GDP-n\u00f6veked\u00e9s egy \u00e1ltal\u00e1noss\u00e1gban pozit\u00edv tendenci\u00e1t mutat.<\/p>\n<p>Mindazon\u00e1ltal a vagyon \u00e9s a politikai hatalom koncentr\u00e1ci\u00f3ja kritik\u00e1t v\u00e1lt ki. A nemzetk\u00f6zi emberi jogi szervezetek a korm\u00e1nyt hib\u00e1ztatj\u00e1k a gy\u00fclekez\u00e9s, a sz\u00f3l\u00e1sszabads\u00e1g \u00e9s a sajt\u00f3szabads\u00e1g korl\u00e1toz\u00e1sa, valamint a t\u00e1rgyal\u00e1s n\u00e9lk\u00fcli hossz\u00fa t\u00e1v\u00fa fogva tart\u00e1st lehet\u0151v\u00e9 tev\u0151 jogrendszer miatt. Tov\u00e1bbra is \u00e9rkeznek jelent\u00e9sek a k\u00ednz\u00e1sokr\u00f3l, az er\u0151szakos elt\u0171n\u00e9sekr\u0151l \u00e9s a m\u00e1sk\u00e9nt gondolkod\u00f3k zaklat\u00e1s\u00e1r\u00f3l. Az alacsony b\u00e9r\u0171 \u00e1gazatokban dolgoz\u00f3k gyakran neh\u00e9z k\u00f6r\u00fclm\u00e9nyek k\u00f6z\u00f6tt, korl\u00e1tozott v\u00e9delemben \u00e9s a szervezked\u00e9s akad\u00e1lyaiban \u00e9lnek. Az orsz\u00e1g emberi szabads\u00e1g indexe elmarad sok versenyt\u00e1rs\u00e1\u00e9t\u00f3l, eml\u00e9keztetve a megfigyel\u0151ket, hogy a gazdas\u00e1gi nyitotts\u00e1got nem k\u00f6vette a politikai liberaliz\u00e1ci\u00f3.<\/p>\n<p>Az infrastruktur\u00e1lis beruh\u00e1z\u00e1sok gyorsan haladnak. Az aut\u00f3p\u00e1lya-h\u00e1l\u00f3zat \u2013 legf\u0151k\u00e9ppen az Abu-Dzabit\u00f3l Dubain, Sharjahon \u00e9s azon t\u00fal h\u00faz\u00f3d\u00f3 E11 \u2013 \u00f6sszek\u00f6ti a nagyobb n\u00e9pess\u00e9gk\u00f6zpontokat. Az elektronikus \u00fatd\u00edjszed\u00e9s a dubaji Salikon kereszt\u00fcl kezeli a forgalmat \u00e9s finansz\u00edrozza a karbantart\u00e1st. A v\u00e1rosi t\u00f6megk\u00f6zleked\u00e9si rendszerek meggy\u00f6keresedtek: a Dubai Metro, a vezet\u0151 n\u00e9lk\u00fcli \u00e9s a r\u00e9gi\u00f3 els\u0151 gyorsvas\u00fati h\u00e1l\u00f3zata, felh\u0151karcol\u00f3k alatt fut; villamosok \u00e9s egys\u00edn\u0171 vasutak szolg\u00e1lj\u00e1k ki olyan ker\u00fcleteket, mint a Palm Jumeirah \u00e9s az Al Sufouh. Az 1200 kilom\u00e9teres nemzeti vas\u00fatvonal tervei kik\u00f6t\u0151ket, ipari \u00f6vezeteket \u00e9s sz\u00e1razf\u00f6ldi v\u00e1rosokat k\u00f6tnek \u00f6ssze, b\u00e1r a befejez\u00e9s m\u00e9g \u00e9veket v\u00e1rat mag\u00e1ra.<\/p>\n<p>A tengeri logisztika egy m\u00e1sik pill\u00e9rt k\u00e9pvisel. A Khalifa kik\u00f6t\u0151, a Jebel Ali, a Zayed kik\u00f6t\u0151 \u00e9s m\u00e1sok nemcsak a region\u00e1lis piacok, hanem a t\u00e1gabb Tengeri Selyem\u00fat kapuit is jelentik, amely az \u0151si kereskedelmi \u00fatvonalak modern megtestes\u00fcl\u00e9se K\u00edn\u00e1t, D\u00e9l-\u00c1zsi\u00e1t, Afrik\u00e1t \u00e9s Eur\u00f3p\u00e1t \u00f6sszek\u00f6ti. Az automatiz\u00e1l\u00e1s, a gyors \u00e1rusz\u00e1ll\u00edt\u00e1s \u00e9s a m\u00e9ly kik\u00f6t\u0151helyek lehet\u0151v\u00e9 teszik az Em\u00edrs\u00e9gek sz\u00e1m\u00e1ra, hogy versenyk\u00e9pesek legyenek a hagyom\u00e1nyos csom\u00f3pontokkal; az amb\u00edci\u00f3k kiterjednek a Kauk\u00e1zuson \u00e9s Eur\u00f3p\u00e1n \u00e1t\u00edvel\u0151 vas\u00fati \u00f6sszek\u00f6ttet\u00e9sek haszn\u00e1lat\u00e1ra, a Perzsa-\u00f6b\u00f6l\u00f6n t\u00fali kapcsolatok elm\u00e9ly\u00edt\u00e9s\u00e9re.<\/p>\n<p>A kultur\u00e1lis \u00e9let egyens\u00falyban tartja a konzerv\u00e1ci\u00f3t \u00e9s az \u00fajdons\u00e1got. Sardzsa \u00d6r\u00f6ks\u00e9gnegyed\u00e9ben fel\u00faj\u00edtott sz\u00e9ltornyok \u00e9s korallstukk\u00f3 h\u00e1zak adnak otthont a beduin hagyom\u00e1nyokat, a gy\u00f6ngyhal\u00e1szatot \u00e9s a korai tengerparti \u00e9letet bemutat\u00f3 m\u00fazeumoknak. Abu Dhabi Szaadijat-sziget\u00e9nek emelked\u0151 r\u00e9sze vil\u00e1gh\u00edr\u0171 m\u00fazeumoknak ad otthont. Dubai, amely egykor szer\u00e9ny keresked\u0151v\u00e1ros volt, ma Al Quozban gal\u00e9ri\u00e1knak \u00e9s a ker\u00fclet m\u0171v\u00e9szeti tereinek ad otthont, amelyek k\u00f6zel-keleti \u00e9s nemzetk\u00f6zi alkot\u00f3kat mutatnak be. A Sardzsai Nemzetk\u00f6zi K\u00f6nyvv\u00e1s\u00e1r, a Perzsa-\u00f6b\u00f6l legr\u00e9gebbi r\u00e9sze, \u00e9vente t\u00f6bb sz\u00e1z szerz\u0151t \u00e9s kiad\u00f3t vonz.<\/p>\n<p>Az irodalom \u00e9s a k\u00f6lt\u00e9szet m\u00e9ly gy\u00f6kerekkel rendelkezik itt. Ibn Majid, a 15. sz\u00e1zadi Ras al-Khaimah-i haj\u00f3s \u00e9s k\u00f6lt\u0151 \u00fatt\u00f6r\u0151 szerepet j\u00e1tszott az arab tenger\u00e9szeti \u00e9rtekez\u00e9sek \u00edr\u00e1s\u00e1ban. A 20. sz\u00e1zad eleji \u00edr\u00f3k, mint Mubarak Al Oqaili \u00e9s Salem bin Ali al Owais, versekben \u0151rizt\u00e9k meg a helyi dialektusokat \u00e9s a folkl\u00f3rt, m\u00edg a sz\u00e1zadk\u00f6zepi szem\u00e9lyis\u00e9gek a f\u00fcggetlens\u00e9g idej\u00e9n zajl\u00f3 t\u00e1rsadalmi v\u00e1ltoz\u00e1sokat \u00f6r\u00f6k\u00edtett\u00e9k meg. Ma az em\u00edrs\u00e9gekbeli szerz\u0151k tov\u00e1bbra is olyan narrat\u00edv\u00e1kat sz\u0151nek, amelyek a p\u00e1sztori o\u00e1zisokat \u00fcvegtornyokkal \u00e9s globaliz\u00e1lt t\u00e1rsadalmakkal \u00e1ll\u00edtj\u00e1k szembe.<\/p>\n<p>A fesztiv\u00e1lok ezt a kett\u0151ss\u00e9get t\u00fckr\u00f6zik: a bantu-afrikai ritmusokb\u00f3l sz\u00e1rmaz\u00f3 hagyom\u00e1nyos liwa zene \u00e9s t\u00e1nc a sivatagi \u00f6sszej\u00f6veteleken is tov\u00e1bb \u00e9l, m\u00e9g akkor is, amikor a Dubai Desert Rock Fesztiv\u00e1l a heavy metalt a nemzetk\u00f6zi sz\u00ednpadokra hozza. A modern kompoz\u00edci\u00f3k \u00e9vsz\u00e1zados ritu\u00e1l\u00e9k mellett kapnak helyet, mik\u00f6zben az Em\u00edrs\u00e9gekben az \u00e9let az eml\u00e9kez\u00e9s \u00e9s a meg\u00fajul\u00e1s k\u00f6z\u00f6tt ingadozik.<\/p>\n<p>A konyham\u0171v\u00e9szet is a konvergencia jele. \u00c9vsz\u00e1zadokon \u00e1t a tenger gy\u00fcm\u00f6lcsei, a rizs, valamint a kecske- vagy b\u00e1r\u00e1nyh\u00fas t\u00e1pl\u00e1lta a tengerparti \u00e9s beduin asztalokat. A f\u0171szerek \u00e9s a m\u00f3dszerek perzsa, indiai \u00e9s kelet-afrikai kereskedelem \u00fatj\u00e1n \u00e9rkeztek: s\u00e1fr\u00e1nyos k\u00e1v\u00e9; machboos, egy f\u0171szeres rizses \u00e9tel; datolya\u00e9telek \u00e9s \u00e9des lugaimat. Ma a baz\u00e1rok tele vannak helyi f\u0171szerekkel \u00e9s term\u00e9kekkel, mik\u00f6zben a glob\u00e1lis szupermarketl\u00e1ncok minden kontinensr\u0151l k\u00edn\u00e1lnak \u00e1rukat. Az \u00e9ttermek a szer\u00e9ny shawarma standokt\u00f3l a fine diningig terjednek, amelyek az arab alapfogalmakat modern technik\u00e1val \u00e9rtelmezik \u00fajra.<\/p>\n<p>A turizmus a strat\u00e9gia egyik kulcsfontoss\u00e1 v\u00e1lt. Dubai a vil\u00e1g legl\u00e1togatottabb v\u00e1rosai k\u00f6z\u00e9 tartozik, l\u00e1tk\u00e9p\u00e9t a Burj Khalifa, a F\u00f6ld jelenleg legmagasabb \u00e9p\u00fclete tark\u00edtja. A k\u00f6zelben a Palm Jumeirah \u00e9s a The World szigetcsoport emelkedik ki a tengerb\u0151l, lak\u00f3- \u00e9s \u00fcd\u00fcl\u0151helyi \u00e9let kever\u00e9k\u00e9t k\u00edn\u00e1lva. Abu Dhabi Sheikh Zayed nagymecsete m\u00e1rv\u00e1nytermeivel \u00e9s bonyolult kalligr\u00e1fi\u00e1j\u00e1val vonzza a zar\u00e1ndokokat \u00e9s a v\u00e1rosn\u00e9z\u0151ket. A Yas-sziget ad otthont a Ferrari Worldnek \u00e9s a Yas Marina versenyp\u00e1ly\u00e1nak, a Forma-1 fin\u00e1l\u00e9j\u00e1nak. Fujairah Hadzsar dombjai \u00e9s v\u00e1dijai a t\u00far\u00e1z\u00f3kat \u00e9s a hegym\u00e1sz\u00f3kat cs\u00e1b\u00edtj\u00e1k; Ras al-Haimah Jebel Jais hegyvonulata a vil\u00e1g leghosszabb dr\u00f3tk\u00f6t\u00e9lp\u00e1ly\u00e1j\u00e1t k\u00edn\u00e1lja. A sz\u00e1razf\u00f6ld belsej\u00e9ben tal\u00e1lhat\u00f3 Al Ain az o\u00e1zisok \u00e9let\u00e9re eml\u00e9keztet \u00e1rny\u00e9kos h\u00e1zakkal, datolyap\u00e1lm\u00e1kkal \u00e9s a Kr. e. harmadik \u00e9vezredb\u0151l sz\u00e1rmaz\u00f3 r\u00e9g\u00e9szeti leletekkel.<\/p>\n<p>Az \u00e9p\u00edt\u00e9szek l\u00e1tv\u00e1nytervein \u00e9s turisztikai bros\u00far\u00e1in t\u00fal azonban egy \u00f6sszetettebb val\u00f3s\u00e1g h\u00faz\u00f3dik meg. A vend\u00e9gmunk\u00e1sok gyakran munkat\u00e1borokban \u00e9lnek a v\u00e1rosi peremvid\u00e9ken, t\u00e1vol a luxushotelekt\u0151l \u00e9s a makul\u00e1tlan golfp\u00e1ly\u00e1kt\u00f3l. A politikai vagy vall\u00e1si ellenv\u00e9lem\u00e9nyek kifejez\u00e9se korl\u00e1tozott. A n\u0151k, b\u00e1r t\u00f6rv\u00e9nyileg nem k\u00f6telesek fed\u0151lak\u00e1st viselni, a sz\u00f6vets\u00e9gi \u00e1llam nagy r\u00e9sz\u00e9n betartj\u00e1k a konzervat\u00edv norm\u00e1kat; a szer\u00e9ny \u00f6lt\u00f6zk\u00f6d\u00e9s elv\u00e1rt a nyilv\u00e1nos helyeken, \u00e9s k\u00f6telez\u0151 a mecsetekben. Az alkohol, amely csak enged\u00e9lyezett helysz\u00edneken kaphat\u00f3, tov\u00e1bbra is els\u0151sorban a k\u00fclf\u00f6ldiek sz\u00e1m\u00e1ra el\u00e9rhet\u0151; a nyilv\u00e1nos helyen t\u00f6rt\u00e9n\u0151 ittas jelenl\u00e9tet b\u00fcntetik. A h\u00e1zass\u00e1gon k\u00edv\u00fcli szex, a homoszexualit\u00e1s \u00e9s a k\u00e1b\u00edt\u00f3szer-birtokl\u00e1s elleni t\u00f6rv\u00e9nyek tov\u00e1bbra is szigor\u00faak, a b\u00fcntet\u00e9sek ak\u00e1r szabads\u00e1gveszt\u00e9ssel vagy s\u00falyosabb b\u00fcntet\u00e9ssel is j\u00e1rhatnak.<\/p>\n<p>A rep\u00fcl\u0151tereken v\u00e9gzett v\u00e1mellen\u0151rz\u00e9sek magukban foglalhatj\u00e1k a k\u00fclf\u00f6ld\u00f6n lenyelt anyagok v\u00e9rvizsg\u00e1lat\u00e1t. Az \u00fczleti etikett formalit\u00e1st k\u00f6vetel: a k\u00e1rty\u00e1k jobb k\u00e9zzel val\u00f3 cser\u00e9je, tiszteletteljes \u00fcdv\u00f6zl\u00e9sek, t\u00fcrelem a t\u00e1rgyal\u00e1sok sor\u00e1n. Az em\u00edrs\u00e9gekbeliek maguk is a melegs\u00e9get \u00e9s a b\u00fcszkes\u00e9get testes\u00edtik meg, nagy hangs\u00falyt fektetve a vend\u00e9gszeretetre, mik\u00f6zben tiszteletben tartj\u00e1k a hagyom\u00e1nyokat.<\/p>\n<p>Ezen ellentmond\u00e1sok \u2013 a felh\u0151karcol\u00f3k gyors emelked\u00e9se \u00e9s a sivatagi szelek tart\u00f3s l\u00fcktet\u00e9se; a kozmopolita banknegyedek a meghitt souk sik\u00e1torok mellett \u2013 r\u00e9v\u00e9n az Egyes\u00fclt Arab Em\u00edrs\u00e9gek a kontrasztok tanulm\u00e1nyak\u00e9nt mutatkozik meg. Vezet\u0151i a sz\u00e9nhidrog\u00e9n-vagyont csillog\u00f3 v\u00e1rosok fel\u00e9p\u00edt\u00e9s\u00e9re \u00e9s glob\u00e1lis kultur\u00e1lis projektek finansz\u00edroz\u00e1s\u00e1ra haszn\u00e1lt\u00e1k fel. M\u00e9gis, az egyenl\u0151s\u00e9g, a jogok \u00e9s a sz\u00f6vets\u00e9g soksz\u00edn\u0171 lakoss\u00e1g\u00e1nak j\u00f6v\u0151j\u00e9nek k\u00e9rd\u00e9sei tov\u00e1bbra sem megoldottak. Az Em\u00edrs\u00e9geken val\u00f3 utaz\u00e1s azt jelenti, hogy els\u0151 k\u00e9zb\u0151l tapasztaljuk meg ezt a fesz\u00fclts\u00e9get: naplementekor egy csillog\u00f3 torony tetej\u00e9n \u00e1llni, hajnalban \u00e9rezni a h\u0171v\u00f6s hegyi leveg\u0151 suhog\u00e1s\u00e1t, hajnalban barangolni egy datolyap\u00e1lma-ligetben, \u00e9s csod\u00e1lni azt a tal\u00e1l\u00e9konys\u00e1got, amely a r\u00e9zkunyh\u00f3kat glob\u00e1lis keresztez\u0151d\u00e9sekk\u00e9 alak\u00edtotta. Itt a t\u00f6rt\u00e9nelem \u00e9s a modernit\u00e1s tal\u00e1lkozik egy felh\u0151tlen \u00e9g alatt, egyszerre tan\u00fabizonys\u00e1got t\u00e9ve az emberi amb\u00edci\u00f3r\u00f3l \u00e9s eml\u00e9keztetve arra, hogy a halad\u00e1snak megvannak a maga \u00f6sszetetts\u00e9gei.<\/p>","protected":false},"excerpt":{"rendered":"<p>A nyugat-\u00e1zsiai Arab-f\u00e9lsziget keleti v\u00e9g\u00e9n tal\u00e1lhat\u00f3 Egyes\u00fclt Arab Em\u00edrs\u00e9gek (EAE) egy h\u00e9t em\u00edrs\u00e9gb\u0151l \u00e1ll\u00f3 sz\u00f6vets\u00e9gi v\u00e1lasztm\u00e1nyi monarchia, amelynek lakoss\u00e1ga 2024-ben a becsl\u00e9sek szerint meghaladja a 10 milli\u00f3t. Az Om\u00e1ni-\u00f6b\u00f6lben tal\u00e1lhat\u00f3 Om\u00e1n mellett ez a strat\u00e9giailag elhelyezked\u0151 nemzet a K\u00f6zel-Keleten peremi \u00e9s ir\u00e1ni sz\u00e1razf\u00f6ldi hat\u00e1rral hat\u00e1ros a periai \u00e9s ir\u00e1ni \u00f6b\u00f6llel. Sza\u00fad-Ar\u00e1bia. A f\u0151v\u00e1ros Abu Dhabi; a legn\u00e9pesebb v\u00e1ros \u00e9s nemzetk\u00f6zi k\u00f6zpont Dubaj.<\/p>","protected":false},"author":1,"featured_media":2910,"parent":24063,"menu_order":0,"comment_status":"closed","ping_status":"closed","template":"elementor_theme","meta":{"_eb_attr":"","footnotes":""},"class_list":["post-15472","page","type-page","status-publish","has-post-thumbnail"],"_links":{"self":[{"href":"https:\/\/travelshelper.com\/hu\/wp-json\/wp\/v2\/pages\/15472","targetHints":{"allow":["GET"]}}],"collection":[{"href":"https:\/\/travelshelper.com\/hu\/wp-json\/wp\/v2\/pages"}],"about":[{"href":"https:\/\/travelshelper.com\/hu\/wp-json\/wp\/v2\/types\/page"}],"author":[{"embeddable":true,"href":"https:\/\/travelshelper.com\/hu\/wp-json\/wp\/v2\/users\/1"}],"replies":[{"embeddable":true,"href":"https:\/\/travelshelper.com\/hu\/wp-json\/wp\/v2\/comments?post=15472"}],"version-history":[{"count":0,"href":"https:\/\/travelshelper.com\/hu\/wp-json\/wp\/v2\/pages\/15472\/revisions"}],"up":[{"embeddable":true,"href":"https:\/\/travelshelper.com\/hu\/wp-json\/wp\/v2\/pages\/24063"}],"wp:featuredmedia":[{"embeddable":true,"href":"https:\/\/travelshelper.com\/hu\/wp-json\/wp\/v2\/media\/2910"}],"wp:attachment":[{"href":"https:\/\/travelshelper.com\/hu\/wp-json\/wp\/v2\/media?parent=15472"}],"curies":[{"name":"wp","href":"https:\/\/api.w.org\/{rel}","templated":true}]}}