{"id":15466,"date":"2024-09-21T13:48:07","date_gmt":"2024-09-21T13:48:07","guid":{"rendered":"https:\/\/travelshelper.com\/staging\/?page_id=15466"},"modified":"2026-03-11T21:44:36","modified_gmt":"2026-03-11T21:44:36","slug":"asgabat","status":"publish","type":"page","link":"https:\/\/travelshelper.com\/hu\/destinations\/asia\/turkmenistan\/ashgabat\/","title":{"rendered":"Asgabat"},"content":{"rendered":"<p>A Karakum-sivatag k\u00fcsz\u00f6b\u00e9n fekv\u0151 \u00e9s a Kopetdag-hegys\u00e9g l\u00e1b\u00e1n\u00e1l mened\u00e9ket ny\u00fajt\u00f3 Asgabat halv\u00e1ny homokb\u00f3l emelkedik ki, mint egy d\u00e9lib\u00e1b \u00e1ltal adott anyag. A tengerszint feletti magass\u00e1ga k\u00e9tsz\u00e1z \u00e9s k\u00e9tsz\u00e1z\u00f6tven\u00f6t m\u00e9ter k\u00f6z\u00f6tt ingadozik, a v\u00e1ros az \u0151si Paratethys-tenger \u00e1ltal lerakott \u00fcled\u00e9ken nyugszik, alapjai egyszerre t\u00f6r\u00e9kenyek \u00e9s t\u00f6rt\u00e9nelmiek. Kevesebb mint harminc kilom\u00e9terre az ir\u00e1ni hat\u00e1rt\u00f3l, Asgabat egy f\u00f6ldreng\u00e9seknek kitett o\u00e1ziss\u00edks\u00e1gon fekszik, m\u00e9gis hat\u00e1rozott elsz\u00e1nts\u00e1ggal ellen\u00e1ll a f\u00f6ldmozg\u00e1soknak \u2013 olyan elsz\u00e1nts\u00e1ggal, amely a karakter\u00e9t att\u00f3l a pillanatt\u00f3l kezdve hat\u00e1rozta meg, hogy az orosz katon\u00e1k 1881-ben el\u0151sz\u00f6r rajzolt\u00e1k meg a t\u00f6rzsi falu t\u00e9rk\u00e9p\u00e9t.<\/p>\n<p>Asgabat eredetileg egy szer\u00e9ny, Ahal Teke jurt\u00e1kkal teli telep\u00fcl\u00e9s volt \u2013 a korai orosz l\u00e1togat\u00f3k szerint tal\u00e1n n\u00e9gyezer f\u0151 \u2013, majd 1881 ut\u00e1n hirtelen, kevesebb mint h\u00e1romezer lelket sz\u00e1ml\u00e1l\u00f3, szinte teljes eg\u00e9sz\u00e9ben orosz \u00f6sszet\u00e9tel\u0171 hely\u0151rs\u00e9gi v\u00e1ross\u00e1 fejl\u0151d\u00f6tt. A transzkaszpi vas\u00fatvonal meg\u00e9rkez\u00e9se a sz\u00e1zadfordul\u00f3n megnyitotta a v\u00e1rost a Kauk\u00e1zusb\u00f3l, a Volga-v\u00f6lgyb\u0151l \u00e9s Perzsi\u00e1b\u00f3l \u00e9rkez\u0151 bev\u00e1ndorl\u00f3k el\u0151tt, egy \u00e9vtizeden bel\u00fcl majdnem megdupl\u00e1zva lakoss\u00e1g\u00e1t. 1911-re mintegy negyven\u00f6tezer lakos hemzsegett az utc\u00e1in; az oroszok alkott\u00e1k a t\u00f6bbs\u00e9get, akiket \u00f6rm\u00e9nyek, perzs\u00e1k \u00e9s m\u00e1s csoportok is kiseg\u00edtettek. 1924-ben a telep\u00fcl\u00e9s, amelyet akkoriban szovjet nev\u00e9n Poltoratszk n\u00e9ven ismertek, a T\u00fcrkm\u00e9n Szovjet Szocialista K\u00f6zt\u00e1rsas\u00e1g sz\u00e9khelye lett, \u00e9s nem sokkal ezut\u00e1n a t\u00fcrkm\u00e9nek ar\u00e1nya a v\u00e1ros hat\u00e1rain bel\u00fcl fokozatosan, b\u00e1r emelkedni kezdett, ahogy a szovjet politika \u00e1talak\u00edtotta a t\u00e1rsadalmat. Az ilyen v\u00e1ltoz\u00e1sok ellen\u00e9re egy kataklizmikus f\u00f6ldreng\u00e9s 1948 okt\u00f3ber\u00e9ben a v\u00e1rosi sz\u00f6vet nagy r\u00e9sz\u00e9t lerombolta, trag\u00e9di\u00e1t okozva Asgabat \u00fatjain, \u00e9s eg\u00e9sz v\u00e1rosr\u00e9szeket romba d\u00f6ntve.<\/p>\n<p>A puszt\u00edt\u00e1s azonban alig bizonyult t\u00f6bbnek, mint a meg\u00fajul\u00e1s el\u0151j\u00e1t\u00e9k\u00e1nak. Az ezt k\u00f6vet\u0151 \u00e9vtizedekben a szovjetek \u00e1ltal \u00e9p\u00edtett Karakum-csatorna az Amu-darja viz\u00e9t sz\u00e1ll\u00edtotta a v\u00e1roson kereszt\u00fcl keletr\u0151l nyugatra, fenntartva a kerteket \u00e9s az \u00faj \u00e9p\u00edtkez\u00e9seket egyar\u00e1nt. Amikor T\u00fcrkmeniszt\u00e1n 1991-ben elnyerte f\u00fcggetlens\u00e9g\u00e9t, Saparmurat Niyazov eln\u00f6k ambici\u00f3zus v\u00e1rosmeg\u00faj\u00edt\u00e1si programba kezdett. Ir\u00e1ny\u00edt\u00e1sa alatt k\u00fclf\u00f6ldi c\u00e9gek \u2013 nevezetesen a francia Bouygues, valamint a t\u00f6r\u00f6k \u200b\u200bPolimeks \u00e9s Gap \u0130n\u0170aat konszernek \u2013 g\u00f6r\u00f6g-r\u00f3mai oszlopokban \u00e9s perzsa kupol\u00e1kban gy\u00f6kerez\u0151 \u00e9p\u00edt\u00e9szeti st\u00edlust alak\u00edtottak ki, amelyek mindegyik\u00e9nek fel\u00fclet\u00e9t vil\u00e1g\u00edt\u00f3 feh\u00e9r m\u00e1rv\u00e1ny bor\u00edtotta. Teljes k\u00f6rutak csillogtak a napon, mik\u00f6zben az oszlopok \u00e9s oromzatok \u00e1tadt\u00e1k hely\u00fcket a monument\u00e1lis sz\u00f6k\u0151kutaknak \u00e9s tereknek, amelyeket mind a polg\u00e1rok, mind a diplomat\u00e1k leny\u0171g\u00f6z\u00e9s\u00e9re terveztek.<\/p>\n<p>Asgabat lakoss\u00e1ga ma meghaladja az egymilli\u00f3t, a t\u00fcrkm\u00e9nek t\u00f6bb mint h\u00e1romnegyed\u00e9t teszik ki. Az oroszok nagyj\u00e1b\u00f3l t\u00edz sz\u00e1zal\u00e9kot tesznek ki, m\u00edg az \u00fczb\u00e9gek, azeriek, t\u00f6r\u00f6k\u00f6k \u00e9s m\u00e1s kisebb k\u00f6z\u00f6ss\u00e9gek fenntartj\u00e1k saj\u00e1t kultur\u00e1lis enkl\u00e1v\u00e9ikat. K\u00f6zigazgat\u00e1silag a v\u00e1ros n\u00e9gy f\u0151 ker\u00fcletre oszlik: Bagty\u00fdarlyk, Berkararlyk, B\u00fczme\u00fdin \u00e9s K\u00f6petdag. Ezek a ker\u00fcletek mikroker\u00fcletek konstell\u00e1ci\u00f3j\u00e1t foglalj\u00e1k magukban \u2013 sz\u00e1mozott szektorokat \u00e9s elnevezett v\u00e1rosr\u00e9szeket, mint p\u00e9ld\u00e1ul a Howdan A, B \u00e9s W, valamint a Parahat sorozat \u2013, amelyek mindegyik\u00e9t a k\u00f6zm\u0171vek \u00e9s a lak\u00e1sgazd\u00e1lkod\u00e1s korszer\u0171s\u00edt\u00e9se \u00e9rdek\u00e9ben hozt\u00e1k l\u00e9tre, b\u00e1r f\u00fcggetlen helyi korm\u00e1nyz\u00e1s n\u00e9lk\u00fcl. Ezen egys\u00e9gek v\u00e1ltoz\u00f3 hat\u00e1rai Asgabat sz\u00fcntelen meg\u00fajul\u00e1s\u00e1t t\u00fckr\u00f6zik: a Lenin \u00e9s Nyijazov nev\u00e9t egykor visel\u0151 v\u00e1rosr\u00e9szeket egyes\u00edtett\u00e9k \u00e9s \u00e1tnevezt\u00e9k, m\u00edg 2020-ban bejelentett\u00e9k az \u00f6t\u00f6dik ker\u00fclet, az Altyn etraby terveit, amelynek k\u00f6zpontja az \u00fajonnan keresztelt Arany-t\u00f3 \u00fcd\u00fcl\u0151\u00f6vezet lesz.<\/p>\n<p>A csillog\u00f3 homlokzat alatt azonban a v\u00e1ros meg\u00fajul\u00e1sa emberi \u00e1ldozatokkal j\u00e1rt. A m\u00e1rv\u00e1nyburkolat\u00fa lak\u00f3tornyok lebont\u00e1sa gyakran csal\u00e1di h\u00e1zak \u2013 az 1948-as f\u00f6ldreng\u00e9s ut\u00e1n \u00fajj\u00e1\u00e9p\u00edtett, de hivatalosan soha be nem iktatott lak\u00f3h\u00e1zak \u2013 elt\u00e1vol\u00edt\u00e1s\u00e1val j\u00e1rt, \u00e9s sok esetben a b\u00e9rl\u0151ket k\u00e1rt\u00e9r\u00edt\u00e9s n\u00e9lk\u00fcl lakoltatt\u00e1k ki. Olyan ker\u00fcletek, mint Ruhabat, valamint Berzengi \u00e9s Choganly egykori d\u00e1csa k\u00f6z\u00f6ss\u00e9gei buld\u00f3zerek alatt t\u0171ntek el, lak\u00f3ikat sodr\u00f3d\u00f3zva.<\/p>\n<p>F\u00f6ldrajzilag Asgabat \u00e9ghajlata egyszerre bar\u00e1ts\u00e1gtalan \u00e9s leny\u0171g\u00f6z\u0151. A nyarak perzsel\u0151ek: a j\u00faliusi d\u00e9lut\u00e1nokon \u00e1tlagosan 38,3 \u00b0C-ra emelkedik a h\u0151m\u00e9rs\u00e9klet, \u00e9s ritk\u00e1n 47 \u00b0C f\u00f6l\u00e9 is emelkedik. Az \u00e9jszak\u00e1k csak enyhe enyh\u00fcl\u00e9st hoznak, a legalacsonyabb h\u0151m\u00e9rs\u00e9klet 23,8 \u00b0C k\u00f6r\u00fcl alakul. A telek r\u00f6videk \u00e9s h\u0171v\u00f6sek, a h\u0151m\u00e9rs\u00e9klet id\u0151nk\u00e9nt \u00e9ppen fagypont al\u00e1 s\u00fcllyed; a t\u00f6rt\u00e9nelmi feljegyz\u00e9sek 1969-ben -24,1 \u00b0C-os legalacsonyabb h\u0151m\u00e9rs\u00e9kletet jegyeztek fel. A csapad\u00e9k alig rontja el a k\u00f6ny\u00f6rtelen naps\u00fct\u00e9st, ritk\u00e1n haladja meg az \u00e9vi k\u00e9tsz\u00e1z millim\u00e9tert. 2022 \u00e1prilis\u00e1ban m\u00e9gis t\u00f6bb mint h\u00e1romsz\u00e1z millim\u00e9ter csapad\u00e9k esett a v\u00e1rosban, ami megd\u00f6nt\u00f6tte a havi norm\u00e1kat, \u00e9s eml\u00e9keztette a lakosokat a sivataggal szeg\u00e9lyezett s\u00edks\u00e1g szesz\u00e9lyess\u00e9g\u00e9re.<\/p>\n<p>Az \u00e9p\u00edt\u00e9szet tov\u00e1bbra is Asgabat legfelt\u0171n\u0151bb v\u00e9djegye. Nyijazov 2006-os hal\u00e1l\u00e1t k\u00f6vet\u0151en a kupol\u00e1k ir\u00e1nti vonzalom h\u00e1tt\u00e9rbe szorult, kiv\u00e9ve a szakr\u00e1lis tereket, \u00e1tadva hely\u00e9t a modernista mot\u00edvumoknak, amelyek az \u00e9p\u00fclet funkci\u00f3j\u00e1t jelzik. Egy f\u00f6ldg\u00f6mb \u00e1ll a K\u00fcl\u00fcgyminiszt\u00e9rium tetej\u00e9n, amelynek belseje konferenciateremk\u00e9nt szolg\u00e1l; egy stiliz\u00e1lt \u00e9rme koron\u00e1zza a Fejleszt\u00e9si Bankot; az Eg\u00e9szs\u00e9g\u00fcgyi \u00e9s Orvosi Ipari Miniszt\u00e9rium caduceus form\u00e1j\u00e1t \u00f6lti; a fog\u00e1szati \u200b\u200bk\u00f3rh\u00e1z egy t\u00falm\u00e9retezett z\u00e1pfogra hasonl\u00edt; \u00e9s az Asgabati Nemzetk\u00f6zi Rep\u00fcl\u0151t\u00e9r s\u00f3lyom alak\u00fa termin\u00e1lja az \u00e9g fel\u00e9 mutat, 2,3 milli\u00e1rd doll\u00e1ros b\u0151v\u00edt\u00e9se \u00e9vi tizenn\u00e9gymilli\u00f3 utas kiszolg\u00e1l\u00e1s\u00e1ra k\u00e9pes.<\/p>\n<p>A feh\u00e9r m\u00e1rv\u00e1nyburkolat a t\u00e9v\u00e9toronyig terjed, melynek nyolcsz\u00f6glet\u0171 Oguzhan csillaga \u2013 az \u0151si t\u00f6r\u00f6k \u200b\u200bsz\u00e1rmaz\u00e1s jelk\u00e9pe \u2013 a Guinness Rekordok K\u00f6nyv\u00e9be ker\u00fclt, mint a legnagyobb \u00e9p\u00edt\u00e9szeti csillag. A v\u00e1rosi eml\u00e9km\u0171vek szaporodnak: a f\u00fcggetlens\u00e9g \u00f3ta Lenin \u00e9s Puskin szobrai mellett Magtymguly Pyragy, Tarasz Sevcsenko, Alp Arslan \u00e9s Mustafa Kemal Atat\u00fcrk el\u0151tti tisztelg\u00e9sek is szerepelnek. Az olyan parkokban, mint az Ylham \u00e9s a VDNH komplexum, h\u0151si mellszobrok \u0151rk\u00f6dnek a f\u00e1kkal szeg\u00e9lyezett s\u00e9t\u00e1nyok felett. Nyijazov aranyozott b\u00e1buja egykor a Semlegess\u00e9g Diadal\u00edv\u00e9nek tetej\u00e9n forgott, a nap fel\u00e9 t\u00e1jolva, am\u00edg Gurbanguly Berdimuhamedov eln\u00f6k 2010-ben el nem t\u00e1vol\u00edtotta.<\/p>\n<p>A k\u00f6zelm\u00faltbeli b\u0151v\u00edt\u00e9sek a k\u00f6zt\u00e9ri m\u0171v\u00e9szet folyamatos \u00e1llami mec\u00e9n\u00e1s\u00e1r\u00f3l tan\u00faskodnak. 2015 m\u00e1jus\u00e1ban a nemzeti stadion k\u00f6zel\u00e9ben felavatt\u00e1k a hivatalban l\u00e9v\u0151 eln\u00f6k monument\u00e1lis portr\u00e9j\u00e1t. 2020-ban bronz eml\u00e9km\u0171vek jelentek meg a t\u00fcrkm\u00e9n alabaj kutyafajta eml\u00e9k\u00e9re, \u00e9s egy ker\u00e9kp\u00e1r-eml\u00e9km\u0171vet lepleztek le k\u00f6r alak\u00fa tereken. 2024 m\u00e1jus\u00e1ban Magtymguly Pyragy, a tizennyolcadik sz\u00e1zadi k\u00f6lt\u0151 \u00e9s filoz\u00f3fus hatvan m\u00e9teres szobr\u00e1t emelt\u00e9k a Kopetdag t\u00f6v\u00e9ben, akinek versei a t\u00fcrkm\u00e9n tudatban l\u00fcktetnek. A k\u00f6vetkez\u0151 okt\u00f3berben Abai Qunanbaiuly kazah k\u00f6lt\u0151 szobr\u00e1t helyezt\u00e9k el a Lachyn Parkban, al\u00e1h\u00fazva a v\u00e1ros transznacion\u00e1lis kultur\u00e1lis p\u00e1rbesz\u00e9d\u00e9t. A Magtymguly Pyragy Kultur\u00e1lis \u00e9s Park Komplexumon bel\u00fcl huszonn\u00e9gy m\u00e1rv\u00e1nyfigura tiszteleg Dante \u00e9s Goethe, Tagore \u00e9s Langston Hughes jeles szem\u00e9lyis\u00e9gei el\u0151tt, mindegyiket azzal a sz\u00e1nd\u00e9kkal \u00f6r\u00f6k\u00edtett\u00e9k meg, hogy felid\u00e9zz\u00e9k munk\u00e1ss\u00e1guk egyedi szellemis\u00e9g\u00e9t.<\/p>\n<p>A nagyszer\u0171s\u00e9g alatt azonban az eml\u00e9kezet rejlik. A Bekrewe eml\u00e9km\u0171komplexum a geok tepei csat\u00e1ban \u00e9s a m\u00e1sodik vil\u00e1gh\u00e1bor\u00faban elesetteknek \u00e1ll\u00edt eml\u00e9ket, l\u00e1that\u00f3 rajta egy bronzbika, amelyen a f\u00f6ldg\u00f6mb l\u00e1that\u00f3 \u2013 utal\u00e1s az 1948-as f\u00f6ldreng\u00e9sre \u2013, valamint t\u00fcrkm\u00e9n harcosok, akik egy gy\u00e1szol\u00f3 \u00f6zvegyasszonyt vesznek k\u00f6r\u00fcl. Az \u00e1llami tulajdonban l\u00e9v\u0151 Halk Hakydasy eml\u00e9km\u0171komplexum, amely 2014-ben ny\u00edlt meg, a 19. sz\u00e1zad v\u00e9gi konfliktusok, a m\u00e1sodik vil\u00e1gh\u00e1bor\u00fa \u00e9s a f\u00f6ldreng\u00e9s \u00e1ldozatainak \u00e1ll\u00edt eml\u00e9ket, falait t\u00fcrkm\u00e9n t\u00f6rt\u00e9nelemb\u0151l vett domborm\u0171vek d\u00edsz\u00edtik.<\/p>\n<p>Asgabat m\u00faltj\u00e1nak egy m\u00e1sik r\u00e9teg\u00e9t a vall\u00e1si \u00e9p\u00edt\u00e9szet k\u00f6veti nyomon. 1908-ban a v\u00e1ros adott otthont a vil\u00e1g els\u0151 bah\u00e1\u2019\u00ed imah\u00e1z\u00e1nak, amelyet form\u00e1lis kertek \u00f6leltek k\u00f6r\u00fcl, \u00e9s amelyet iskola, k\u00f3rh\u00e1z, vend\u00e9gh\u00e1z \u00e9s kert\u00e9szek sz\u00e1ll\u00e1sa eg\u00e9sz\u00edtett ki. A szovjet szekulariz\u00e1ci\u00f3 idej\u00e9n az ingatlant 1928-ban elhagyt\u00e1k, \u00e9s m\u0171v\u00e9szeti gal\u00e9ri\u00e1nak alak\u00edtott\u00e1k \u00e1t, am\u00edg a f\u00f6ldreng\u00e9s helyrehozhatatlan k\u00e1rokat nem okozott benne; 1963-ban lebontott\u00e1k. Ma a vall\u00e1si k\u00f6rnyezet olyan mecseteket foglal mag\u00e1ban, mint a T\u00fcrkmenba\u015fy Ruhy mecset, a t\u00f6r\u00f6k \u200b\u200b\u200b\u200bfinansz\u00edroz\u00e1s\u00fa \u00c4rtogrul Gazy \u00e9p\u00fclet, amelyet az isztambuli Ahmed szult\u00e1n mecset mint\u00e1j\u00e1ra \u00e9p\u00edtettek, \u00e9s kisebb k\u00f6rny\u00e9kbeli szent\u00e9lyeket. Templomok is fennmaradtak: \u00f6t kereszt\u00e9ny imah\u00e1z, k\u00f6zt\u00fck n\u00e9gy orosz ortodox pl\u00e9b\u00e1nia \u2013 Szent S\u00e1ndor Nyevszkij, Szent Mikl\u00f3s Csodatev\u0151, Krisztus Felt\u00e1mad\u00e1s \u00e9s Szent Cirill \u00e9s Met\u00f3d \u2013, valamint egy r\u00f3mai katolikus k\u00e1polna a p\u00e1pai nunciat\u00far\u00e1n bel\u00fcl, szer\u00e9ny kereszt\u00e9ny jelenl\u00e9tet tart fenn a vall\u00e1si kisebbs\u00e9gek hivatalos ellen\u0151rz\u00e9se k\u00f6zepette.<\/p>\n<p>A kultur\u00e1lis \u00e9let m\u00e1rv\u00e1nytereken sz\u00e9tsz\u00f3rt m\u00fazeumokban \u00e9s sz\u00ednh\u00e1zakban zajlik. A T\u00fcrkmeniszt\u00e1n \u00c1llami Kultur\u00e1lis K\u00f6zpontj\u00e1nak \u00c1llami M\u00fazeuma t\u00f6bb mint sz\u00e1zhatvanezer n\u00e9gyzetm\u00e9teren a p\u00e1rtus r\u00e9gis\u00e9gekt\u0151l a modern sz\u0151nyegsz\u00f6v\u00e9sig mutatja be a gy\u0171jtem\u00e9nyeket, m\u00edg az Eln\u00f6ki M\u00fazeum a k\u00f6zt\u00e1rsas\u00e1g bel- \u00e9s k\u00fclpolitik\u00e1j\u00e1t dokument\u00e1lja. A N\u00e9prajzi \u00e9s Helyt\u00f6rt\u00e9neti M\u00fazeum a t\u00fcrkm\u00e9n fl\u00f3r\u00e1t \u00e9s folkl\u00f3rt vizsg\u00e1lja, m\u00edg olyan mag\u00e1nkezdem\u00e9nyez\u00e9sek, mint a 2024-ben megny\u00edlt ART-bazar, kort\u00e1rs k\u00e9zm\u0171vess\u00e9get mutatnak be. Az el\u0151ad\u00f3m\u0171v\u00e9szeti helysz\u00ednek \u2013 a Magtymguly Nemzeti Zenei \u00e9s Dr\u00e1mai Sz\u00ednh\u00e1zt\u00f3l a T\u00fcrkm\u00e9n \u00c1llami Cirkuszig \u2013 opera-, dr\u00e1ma- \u00e9s b\u00e1bsz\u00ednh\u00e1zi programokat k\u00edn\u00e1lnak. A mozik, k\u00f6zt\u00fck az \u00fatt\u00f6r\u0151 h\u00e1romdimenzi\u00f3s A\u015fgabat Mozi, hat m\u00e1sik v\u00e1s\u00e1rteremmel egy\u00fctt helyezkednek el, n\u00e9melyik \u00faj bev\u00e1s\u00e1rl\u00f3k\u00f6zpontokban tal\u00e1lhat\u00f3. Az 1892-ben alap\u00edtott \u00e9s 1992-ben nemzeti rangot kapott \u00c1llami K\u00f6nyvt\u00e1r t\u00f6bb mint hatmilli\u00f3 k\u00f6tetet \u0151riz; az \u00c1llami Gyermekk\u00f6nyvt\u00e1r negyedmilli\u00f3 t\u00e9tellel a fiatal olvas\u00f3kat \u00e1polja.<\/p>\n<p>A parkos\u00edtott ter\u00fclet mened\u00e9ket ny\u00fajt a m\u00e1rv\u00e1ny \u00e9s a forgalom el\u0151l. Az 1929-ben alap\u00edtott, K\u00f6z\u00e9p-\u00c1zsia legr\u00e9gebbi botanikus kertje tizennyolc hekt\u00e1ron ter\u00fcl el, \u00e9s t\u00f6bb mint \u00f6tsz\u00e1z n\u00f6v\u00e9nyfajnak ad otthont. Az Els\u0151 Park \u2013 Asgabat Park \u2013 1887-b\u0151l sz\u00e1rmazik, \u00e9s ma is a csal\u00e1di kir\u00e1ndul\u00e1sok sz\u00edntere, m\u00edg m\u00e1s z\u00f6ldter\u00fcletek, mint p\u00e9ld\u00e1ul a G\u00fcne\u015f, a T\u00fcrkm\u00e9n-T\u00f6r\u00f6k Bar\u00e1ts\u00e1g Parkja \u00e9s a F\u00fcggetlens\u00e9g Park, a diplom\u00e1ciai kapcsolatokat t\u00fckr\u00f6zik. Az Arany-t\u00f3 mesters\u00e9ges t\u00f3parti s\u00e9t\u00e1nya szabadid\u0151s tev\u00e9kenys\u00e9geket \u00e9s v\u00edzi sportokat \u00edg\u00e9r. Az \u00fagynevezett T\u00fcrkmenbashi Mes\u00e9k Vil\u00e1ga vid\u00e1mpark, \u00e1llamilag t\u00e1mogatott st\u00edlusban kialak\u00edtott j\u00e1t\u00e9kaival, a nemzetk\u00f6zi sz\u00f3rakoz\u00e1s helyi v\u00e1ltozat\u00e1t k\u00edn\u00e1lja.<\/p>\n<p>Ezen infrastruktur\u00e1lis r\u00e9tegek alatt Asgabat k\u00f6lts\u00e9ges val\u00f3s\u00e1got tart fenn a k\u00fclf\u00f6ldiek sz\u00e1m\u00e1ra. A 2019-es \u00e9s 2020-as felm\u00e9r\u00e9sek a vil\u00e1g legdr\u00e1g\u00e1bb v\u00e1ros\u00e1v\u00e1 min\u0151s\u00edtett\u00e9k a k\u00fclf\u00f6ldiek sz\u00e1m\u00e1ra, \u00e9s \u00f6sszess\u00e9g\u00e9ben a m\u00e1sodik legdr\u00e1g\u00e1bbnak, ami a s\u00falyos infl\u00e1ci\u00f3 \u00e9s a magas importv\u00e1mok k\u00f6vetkezm\u00e9nye. A v\u00e1roson bel\u00fcli k\u00f6zleked\u00e9sben buszok \u2013 t\u00f6bb mint h\u00e9tsz\u00e1z j\u00e1rm\u0171, amely t\u00f6bb mint k\u00e9tezer kilom\u00e9ternyi \u00fatvonalat szolg\u00e1l ki \u2013 \u00e9s taxik k\u00f6zlekednek, amelyeket kis z\u00f6ld tet\u0151t\u00e1bl\u00e1k k\u00fcl\u00f6nb\u00f6ztetnek meg. Az Olimpiai Faluban 2016-ban megny\u00edlt egys\u00edn\u0171 vas\u00fatvonal K\u00f6z\u00e9p-\u00c1zsia els\u0151 ilyen jelleg\u0171 hurokja, m\u00edg a k\u00e1belvasutak a v\u00e1rosi f\u0151utakat k\u00f6tik \u00f6ssze a Kopetdag-hegys\u00e9g l\u00e1b\u00e1val. A v\u00e1ros hat\u00e1rain t\u00fal hatsz\u00e1z kilom\u00e9ternyi aut\u00f3p\u00e1lya k\u00f6ti \u00f6ssze Asgabatot Tejennel, Maryval \u00e9s T\u00fcrkmenabattal, \u00e9s azon t\u00fal a szomsz\u00e9dos \u00e1llamokkal, m\u00edg az \u00fajj\u00e1\u00e9ledt vas\u00fat\u00e1llom\u00e1s a transzkaszpi \u00e9s a transzkarakumi vonalakon biztos\u00edtja a t\u00e1vols\u00e1gi j\u00e1ratokat.<\/p>\n<p>Asgabat elnevez\u00e9se korszakr\u00f3l korszakra v\u00e1ltozott: egykor \u201ea szerelem v\u00e1rosa\u201d, ma pedig k\u00f6zismerten \u201ea feh\u00e9r m\u00e1rv\u00e1ny v\u00e1rosa\u201d. Itt egyetlen ember \u2013 el\u0151sz\u00f6r a gyarmati adminisztr\u00e1torok, majd a szovjet k\u00f6zt\u00e1rsas\u00e1g, v\u00e9g\u00fcl pedig a f\u00fcggetlen nemzet \u2013 v\u00edzi\u00f3ja form\u00e1lta meg minden teret \u00e9s homlokzatot. A m\u00e1rv\u00e1nybor\u00edt\u00e1s\u00fa termin\u00e1lokra \u00e9rkez\u0151 l\u00e1togat\u00f3k \u00fagy \u00e9rezhetik, mintha egy m\u00e1sik vil\u00e1gba l\u00e9ptek volna, ahol a szimmetria \u00e9s a l\u00e9pt\u00e9kek uralkodnak, \u00e9s ahol minden oszlop, kupola \u00e9s eml\u00e9km\u0171 a t\u00f6rt\u00e9nelem s\u00falya \u00e9s a sivatag csendje k\u00f6z\u00f6tt egyens\u00falyozik. Ebben a fesz\u00fclts\u00e9gben rejlik Asgabat l\u00e9nyege: egyszerre t\u00f6r\u00e9keny \u00e9s legy\u0151zhetetlen, homokb\u00f3l \u00e9s meggy\u0151z\u0151d\u00e9sb\u0151l faragott f\u0151v\u00e1ros, amely mindig a f\u00f6ld pisl\u00e1kol\u00e1sa \u00e9s a becsv\u00e1gy izz\u00e1sa k\u00f6z\u00f6tt egyens\u00falyozik.<\/p>","protected":false},"excerpt":{"rendered":"<p>Ashgabat, T\u00fcrkmeniszt\u00e1n f\u0151v\u00e1rosa \u00e9s legn\u00e9pesebb v\u00e1rosa j\u00f3l p\u00e9ld\u00e1zza a nemzet t\u00f6rt\u00e9nelm\u00e9nek \u00e9s moderns\u00e9g\u00e9nek jellegzetes \u00f6tv\u00f6zet\u00e9t. A 2022-es n\u00e9psz\u00e1ml\u00e1l\u00e1s szerint 1\u00a0030\u00a0063 f\u0151t sz\u00e1ml\u00e1l\u00f3 k\u00f6z\u00e9p-\u00e1zsiai v\u00e1ros a Karakum-sivatag \u00e9s a Kopetdag-hegys\u00e9g k\u00f6z\u00f6tt fekszik, mintegy 50 kilom\u00e9terre az ir\u00e1ni-t\u00fcrkmeniszt\u00e1ni hat\u00e1rt\u00f3l. Politikai, kereskedelmi \u00e9s kultur\u00e1lis k\u00f6zpontk\u00e9nt Ashgabat T\u00fcrkmeniszt\u00e1n sz\u00edve.<\/p>","protected":false},"author":1,"featured_media":3617,"parent":15457,"menu_order":0,"comment_status":"closed","ping_status":"closed","template":"elementor_theme","meta":{"_eb_attr":"","footnotes":""},"class_list":["post-15466","page","type-page","status-publish","has-post-thumbnail"],"_links":{"self":[{"href":"https:\/\/travelshelper.com\/hu\/wp-json\/wp\/v2\/pages\/15466","targetHints":{"allow":["GET"]}}],"collection":[{"href":"https:\/\/travelshelper.com\/hu\/wp-json\/wp\/v2\/pages"}],"about":[{"href":"https:\/\/travelshelper.com\/hu\/wp-json\/wp\/v2\/types\/page"}],"author":[{"embeddable":true,"href":"https:\/\/travelshelper.com\/hu\/wp-json\/wp\/v2\/users\/1"}],"replies":[{"embeddable":true,"href":"https:\/\/travelshelper.com\/hu\/wp-json\/wp\/v2\/comments?post=15466"}],"version-history":[{"count":0,"href":"https:\/\/travelshelper.com\/hu\/wp-json\/wp\/v2\/pages\/15466\/revisions"}],"up":[{"embeddable":true,"href":"https:\/\/travelshelper.com\/hu\/wp-json\/wp\/v2\/pages\/15457"}],"wp:featuredmedia":[{"embeddable":true,"href":"https:\/\/travelshelper.com\/hu\/wp-json\/wp\/v2\/media\/3617"}],"wp:attachment":[{"href":"https:\/\/travelshelper.com\/hu\/wp-json\/wp\/v2\/media?parent=15466"}],"curies":[{"name":"wp","href":"https:\/\/api.w.org\/{rel}","templated":true}]}}