{"id":15457,"date":"2024-09-21T12:44:01","date_gmt":"2024-09-21T12:44:01","guid":{"rendered":"https:\/\/travelshelper.com\/staging\/?page_id=15457"},"modified":"2026-03-11T21:44:48","modified_gmt":"2026-03-11T21:44:48","slug":"turkmenisztan","status":"publish","type":"page","link":"https:\/\/travelshelper.com\/hu\/destinations\/asia\/turkmenistan\/","title":{"rendered":"T\u00fcrkmeniszt\u00e1n"},"content":{"rendered":"<p>A Kaszpi-tenger hull\u00e1mz\u00f3 vize \u00e9s a Kopet Dag \u00e9s Koytendag hegys\u00e9gek szaggatott gerincei k\u00f6z\u00f6tt fekszik T\u00fcrkmeniszt\u00e1n, a csendes sivatagok \u00e9s \u0151si o\u00e1zisok, csillog\u00f3 m\u00e1rv\u00e1nyf\u0151k \u00e9s omladoz\u00f3 karav\u00e1ner\u0151d\u00f6k f\u00f6ldje. Kev\u00e9s k\u00f6z\u00e9p-\u00e1zsiai orsz\u00e1g kelt akkora \u00e9rdekl\u0151d\u00e9st, mint ez a mintegy h\u00e9tmilli\u00f3 lelket sz\u00e1ml\u00e1l\u00f3 k\u00f6zt\u00e1rsas\u00e1g, ahol a hatalmas Karakum-sivatag a t\u00e1j t\u00f6bb mint n\u00e9gy\u00f6t\u00f6d\u00e9t uralja, \u00e9s ahol a modern \u00e1llam igyekszik \u00f6sszeegyeztetni szovjet \u00f6r\u00f6ks\u00e9g\u00e9t, tekint\u00e9lyelv\u0171 korm\u00e1nyz\u00e1s\u00e1t \u00e9s ambici\u00f3zus g\u00e1z\u00fczem\u0171 moderniz\u00e1ci\u00f3j\u00e1t a sivatag tart\u00f3s megszor\u00edt\u00e1saival.<\/p>\n<p>T\u00fcrkmeniszt\u00e1n a Selyem\u00fat f\u0151\u00fatvonalain \u00e1t\u00edvel\u0151 fontos v\u00edzvezet\u00e9k kezdeti napjait\u00f3l kezdve eg\u00e9szen a bolyg\u00f3 egyik legnagyobb f\u00f6ldg\u00e1zt\u00e1rol\u00f3jak\u00e9nt bet\u00f6lt\u00f6tt jelenlegi st\u00e1tusz\u00e1ig tan\u00faja volt birodalmak felemelked\u00e9s\u00e9nek \u00e9s buk\u00e1s\u00e1nak, kereskedelemmel duzzadt, majd romba d\u0151l\u0151 v\u00e1rosoknak, \u00e9s olyan uralkod\u00f3knak, akiknek szesz\u00e9lyei form\u00e1lt\u00e1k mind a v\u00e1rosok l\u00e1tk\u00e9p\u00e9t, mind a polg\u00e1rok mindennapjait.<\/p>\n<p>T\u00fcrkmeniszt\u00e1n, amely mintegy 488 100 n\u00e9gyzetkilom\u00e9teren ter\u00fcl el \u2013 valamivel kisebb, mint Spanyolorsz\u00e1g \u2013, tektonikus lemezek \u00e9s \u00e9ghajlati sz\u00e9ls\u0151s\u00e9gek metsz\u00e9spontj\u00e1ban fekszik. \u00c9szakon a Tur\u00e1ni-medence lapos ter\u00fcletei az Usztyurt-fenns\u00edknak adnak utat; d\u00e9len a Kopet-Dag magasodik az \u00e9g fel\u00e9 egy Ir\u00e1nnal k\u00f6z\u00f6s hat\u00e1rfalban, ahol olyan cs\u00facsok, mint a Kuh-e Rizeh, k\u00f6zel 2912 m\u00e9terre emelkednek. Keleten a Koytendag \u00e9s a Paropamyz fenns\u00edkok alpesi magaslatai Ayrybab\u00e1n\u00e1l (3137 m) cs\u00facsosodnak ki, az orsz\u00e1g legmagasabb pontj\u00e1n. A nagyobb foly\u00f3k \u2013 az Amu Darja, a Murghab, a Tejen \u00e9s az Atrek \u2013 o\u00e1zisokk\u00e9nt vonulnak \u00e1t ezen a zord domborzaton, de viz\u00fck ritk\u00e1n t\u00f6ri fel a sivatag szomj\u00e1t.<\/p>\n<p>Kev\u00e9s a csapad\u00e9k. A Karakum-hegys\u00e9g sz\u00edv\u00e9ben az \u00e9ves csapad\u00e9kmennyis\u00e9g gyakran 12 millim\u00e9ter alatt marad; a sivatag halv\u00e1ny homokja \u00e9vente t\u00f6bb mint 235 tiszta napot t\u00f6lt el, ny\u00e1ri h\u0151hull\u00e1mok alatt, amelyek ak\u00e1r 50 \u00b0C f\u00f6l\u00e9 is emelkedhetnek. A telek r\u00f6videk \u00e9s sz\u00e1razak, kiv\u00e9ve a janu\u00e1rt\u00f3l m\u00e1jusig tart\u00f3 z\u00e1porokat, amelyek az Atlanti-\u00f3ce\u00e1n nedvess\u00e9g\u00e9b\u0151l hullanak le, elhalv\u00e1nyulva a d\u00e9li hegyek m\u00f6g\u00f6tt, amelyek elz\u00e1rj\u00e1k az Indiai-\u00f3ce\u00e1n meleg\u00e9t. Ez a k\u00f6ny\u00f6rtelen \u00e9ghajlat form\u00e1lta mind a n\u00f6v\u00e9nyvil\u00e1got \u2013 h\u00e9t k\u00fcl\u00f6n\u00e1ll\u00f3 \u00f6kor\u00e9gi\u00f3t, az Amu menti part menti erd\u0151kt\u0151l a Kopet-dag \u00e1ltal kiemelt f\u00e9lsivatagi cserj\u00e9sekig \u2013, mind az itt \u00e9l\u0151 emberi szellemet.<\/p>\n<p>J\u00f3val a modern hat\u00e1rok el\u0151tt T\u00fcrkmeniszt\u00e1n o\u00e1zisv\u00e1rosai t\u00e1mogatt\u00e1k a karav\u00e1nkereskedelmet Kelet \u00e9s Nyugat k\u00f6z\u00f6tt. A Murghab foly\u00f3 partj\u00e1n fekv\u0151 Merv egykor a vil\u00e1g legnagyobb metropoliszai k\u00f6z\u00e9 tartozott, falai tud\u00f3soknak \u00e9s keresked\u0151knek adtak otthont az iszl\u00e1m aranykorban. Nyugaton fekszenek Nisa \u00e9s Gonur Depe, p\u00e1rtus palot\u00e1k \u00e9s bronzkori telep\u00fcl\u00e9sek maradv\u00e1nyai. Asgabatt\u00f3l d\u00e9lre Anau \u00e9s Jeitun fallal k\u00f6r\u00fclvett romjai a mezolitikus \u00fatt\u00f6r\u0151kre eml\u00e9keztetnek, akik el\u0151sz\u00f6r akn\u00e1zt\u00e1k ki a f\u00f6ldalatti v\u00edztart\u00f3 r\u00e9tegeket. Ahogy a mongol hord\u00e1k, perzsa szatrap\u00e1k \u00e9s arab h\u00f3d\u00edt\u00f3k haladtak el, kult\u00far\u00e1ikat egym\u00e1sra r\u00e9tegezt\u00e9k, kialak\u00edtva a r\u00e9gi\u00f3 t\u00f6bbes \u00f6r\u00f6ks\u00e9g\u00e9t.<\/p>\n<p>1881-ben az Orosz Birodalom annekt\u00e1lta a t\u00fcrkm\u00e9n f\u00f6ldeket. 1925-re a szovjet tervez\u0151k l\u00e9trehozt\u00e1k a T\u00fcrkm\u00e9n SZSZK-t, a gyapot- \u00e9s g\u00e1ztermel\u00e9st Moszkva gazdas\u00e1gi programjaihoz k\u00f6tve. Egy puszt\u00edt\u00f3 f\u00f6ldreng\u00e9s 1948-ban Asgabatot a f\u00f6lddel tette egyenl\u0151v\u00e9, amelyet k\u00e9s\u0151bb szt\u00e1linista betonb\u00f3l \u00e9p\u00edtettek \u00fajj\u00e1. A Szovjetuni\u00f3 1991-es \u00f6sszeoml\u00e1s\u00e1val T\u00fcrkmeniszt\u00e1n kiki\u00e1ltotta a f\u00fcggetlens\u00e9get, \u00e1m a l\u00e9trej\u00f6tt \u00e1llam ink\u00e1bb egy szem\u00e9lyes h\u0171b\u00e9rbirtokra, mint egy liber\u00e1lis demokr\u00e1ci\u00e1ra hasonl\u00edtott.<\/p>\n<p>Saparmurat Niyazov, akit \u00f6nmag\u00e1t \u201eT\u00fcrkmenba\u015fynak\u201d neveztek, a f\u00fcggetlens\u00e9gt\u0151l 2006-ig uralkodott. K\u00fcl\u00f6nc rendeleteit \u2013 a fekete aut\u00f3k balj\u00f3slat\u00fak\u00e9nt val\u00f3 betilt\u00e1s\u00e1t, saj\u00e1t medit\u00e1ci\u00f3s sz\u00f6vegeinek k\u00f6telez\u0151 szem\u00e9lyes felolvas\u00e1s\u00e1t az iskol\u00e1kban, s\u0151t, a f\u0151v\u00e1rosban a kuty\u00e1k betilt\u00e1s\u00e1t \u2013 egy olyan biztons\u00e1gi appar\u00e1tuson kereszt\u00fcl \u00e9rv\u00e9nyes\u00edtett\u00e9k, amely nem t\u0171rte a tiltakoz\u00e1st. Ut\u00f3dja, Gurbanguly Berdimuhamedow fenntartotta a szoros hatalmat, \u00e9s 2022-ben kiterjesztette az \u00f6r\u00f6k\u00f6s uralmat fi\u00e1ra, Serdarra, miut\u00e1n a v\u00e1laszt\u00e1sokat a nemzetk\u00f6zi megfigyel\u0151k sem szabadnak, sem tisztess\u00e9gesnek nem min\u0151s\u00edtett\u00e9k. Az \u00fajs\u00e1g\u00edr\u00f3k \u00e9s a vall\u00e1si gyakorl\u00f3k tov\u00e1bbra is megfigyel\u00e9s alatt \u00e1llnak, \u00e9s a kisebbs\u00e9gi jogok csek\u00e9ly v\u00e9delmet \u00e9lveznek. T\u00fcrkmeniszt\u00e1n k\u00f6vetkezetesen a legszigor\u00fabb rezsimek k\u00f6z\u00e9 tartozik a glob\u00e1lis sajt\u00f3 \u00e9s emberi jogi indexekben.<\/p>\n<p>A sivatagi homok alatt fekszik a vil\u00e1g negyedik legnagyobb g\u00e1zk\u00e9szlete; elm\u00e9letileg ez az adotts\u00e1g megv\u00e1ltoztathatja az orsz\u00e1g sors\u00e1t. 1993 \u00e9s 2019 k\u00f6z\u00f6tt a lakosok \u00e1llamilag t\u00e1mogatott \u00e1ramot, vizet \u00e9s g\u00e1zt \u00e9lvezhettek. 2019 ut\u00e1n a t\u00e1mogat\u00e1sok megsz\u0171ntek, \u00e9s a manat, amely hivatalosan 3,5-\u00f6s \u00e1rfolyamon volt k\u00f6tve az amerikai doll\u00e1rhoz, a feketepiacon 19 vagy 20 k\u00f6zel\u00e9be esett \u2013 ami a gazdas\u00e1gi nyom\u00e1s er\u0151s mutat\u00f3ja. A gyapot tov\u00e1bbra is az export m\u00e1sodik pill\u00e9re, b\u00e1r a vil\u00e1gpiaci \u00e1rak \u00f6sszeoml\u00e1sa \u00e9s a k\u00fcls\u0151 ad\u00f3ss\u00e1gok 2015 \u00f3ta kr\u00f3nikus kereskedelmi hi\u00e1nyhoz vezetnek.<\/p>\n<p>A diverzifik\u00e1ci\u00f3ra ir\u00e1nyul\u00f3 er\u0151fesz\u00edt\u00e9sek k\u00f6z\u00e9 tartoznak az olyan turisztikai v\u00e1llalkoz\u00e1sok, mint az Avaza, egy kaszpi-tengeri \u201e\u00fcd\u00fcl\u0151\u00f6vezet\u201d, ahol sz\u00e1llod\u00e1k \u00e9s s\u00e9t\u00e1nyok \u00e9p\u00fcltek az \u00d6b\u00f6l-\u00e1llamok fejleszt\u00e9sei mint\u00e1j\u00e1ra, b\u00e1r k\u00fclf\u00f6ldi befektet\u00e9sek n\u00e9lk\u00fcl. 2022-ben a korm\u00e1ny elrendelte a Darvaza g\u00e1zkr\u00e1ter l\u00e1ngj\u00e1nak \u2013 a \u201epokol kapuj\u00e1nak\u201d \u2013 elolt\u00e1s\u00e1t, a g\u00e1zexportot helyezve el\u0151t\u00e9rbe a mer\u00e9sz utaz\u00f3kat a t\u00fczes g\u00f6d\u00f6rbe vonz\u00f3 vonzer\u0151vel szemben.<\/p>\n<p>Asgabat, a hatalmas f\u0151v\u00e1ros, feh\u00e9r m\u00e1rv\u00e1nyhomlokzataival, hatalmas z\u00e1szl\u00f3r\u00fadj\u00e1val \u00e9s a d\u00e9li hegyl\u00e1bak el\u0151tt magasod\u00f3 T\u00fcrkmen-toronnyal k\u00e1pr\u00e1ztat el. Csillog\u00f3 o\u00e1zisa m\u00f6g\u00f6tt tartom\u00e1nyi k\u00f6zpontok emelkednek: T\u00fcrkmenbasi olajtermin\u00e1ljai a Kaszpi-tenger partj\u00e1n; M\u00e1ria szel\u00edd d\u0171n\u00e9i, amelyek a Selyem\u00fat romjait \u0151rzik; Da\u015foguz neoklasszikus sz\u00ednh\u00e1zai \u00e9s \u00fczb\u00e9g \u00edz\u0171 baz\u00e1rjai; valamint T\u00fcrkmenabat foly\u00f3parti f\u0151\u00fatjai.<\/p>\n<p>A modern aut\u00f3p\u00e1ly\u00e1k a szovjetek \u00e1ltal kijel\u00f6lt \u00fatvonalakat k\u00f6vetik: az M37-es nyugat-keleti \u00f6sszek\u00f6ttet\u00e9s T\u00fcrkmenbasib\u00f3l Asgabaton, Marion \u00e9s T\u00fcrkmenabaton kereszt\u00fcl h\u00faz\u00f3dik, m\u00edg egy \u00e9szak-d\u00e9li aut\u00f3p\u00e1lya Asgabatot Da\u015foguzzal k\u00f6ti \u00f6ssze. Fizet\u0151s utak \u00e9s \u00faj hidak \u00e9p\u00fclnek az \u00e1llami \u00e9p\u00edt\u0151ipari v\u00e1llalatok ir\u00e1ny\u00edt\u00e1sa alatt, b\u00e1r a projektek a k\u00fclf\u00f6ldi v\u00e1llalkoz\u00f3knak nem fizettek. A vas\u00fatvonalak \u2013 a Transzkaszpi-tengeri vas\u00fatvonal maradv\u00e1nyai \u2013 belf\u00f6ldi utasokat \u00e9s t\u00f6meges \u00e1rukat szolg\u00e1lnak ki; egy tervezett afg\u00e1n \u00e1g Heratba egy esetleges region\u00e1lis \u00f6sszek\u00f6ttet\u00e9sre utal.<\/p>\n<p>A l\u00e9gi k\u00f6zleked\u00e9s k\u00f6zpontja az Asgabat Nemzetk\u00f6zi Rep\u00fcl\u0151t\u00e9r, amely minden tartom\u00e1nyi f\u0151v\u00e1rosban rendelkezik belf\u00f6ldi kifut\u00f3p\u00e1ly\u00e1kkal. A Turkmenistan Airlines, az egyetlen l\u00e9git\u00e1rsas\u00e1g, szer\u00e9ny j\u00e1ratokat ind\u00edt Moszkv\u00e1ba, Dubajba, Isztambulba \u00e9s azon t\u00falra, valamint a teher\u00e1ru- \u00e9s karant\u00e9nig\u00e9nyek kiel\u00e9g\u00edt\u00e9s\u00e9re korszer\u0171s\u00edtett tartom\u00e1nyi rep\u00fcl\u0151terekre. A tengeren a kib\u0151v\u00edtett T\u00fcrkmenbasi kik\u00f6t\u0151 fogad kompokat Bakuba, rakom\u00e1nyokat Aktauba \u00e9s olajsz\u00e1ll\u00edt\u00f3 tart\u00e1lyhaj\u00f3kat a glob\u00e1lis piacokra.<\/p>\n<p>T\u00fcrkmeniszt\u00e1n, amely hivatalosan a t\u00fcrkm\u00e9nek (mintegy 85 sz\u00e1zal\u00e9k) otthona az \u00fczb\u00e9gek, oroszok, kazahok \u00e9s tucatnyi m\u00e1s kisebbs\u00e9g mellett, rejtett soksz\u00edn\u0171s\u00e9g\u00e9t ritk\u00e1n t\u00e1rt\u00e1k fel teljesen; az 1995 \u00f3ta rendelkez\u00e9sre \u00e1ll\u00f3 n\u00e9psz\u00e1ml\u00e1l\u00e1si adatok tov\u00e1bbra sem egy\u00e9rtelm\u0171ek. A t\u00fcrkm\u00e9n, a t\u00f6r\u00f6kh\u00f6z \u00e9s az azerihez hasonl\u00f3 t\u00f6r\u00f6k \u200b\u200bnyelv, az \u00e1llamnyelv, m\u00edg az orosz \u2013 amely egykor domin\u00e1ns volt \u2013 a posztszovjet \u00e1b\u00e9c\u00e9 latin \u00edr\u00e1sm\u00f3dra val\u00f3 \u00e1tt\u00e9r\u00e9se \u00e9s az etnikumok k\u00f6z\u00f6tti st\u00e1tusz 1996-os visszavon\u00e1sa \u00f3ta visszaszorult.<\/p>\n<p>A polg\u00e1rok k\u00f6zel 93 sz\u00e1zal\u00e9ka muszlimnak, t\u00falnyom\u00f3r\u00e9szt szunnit\u00e1nak vallja mag\u00e1t, b\u00e1r a szertart\u00e1s gyakran vil\u00e1gi, \u00e9s a Kor\u00e1n \u00e1llamilag j\u00f3v\u00e1hagyott oktat\u00e1sa szigor\u00fa fel\u00fcgyelet mellett t\u00f6rt\u00e9nik. A szl\u00e1v k\u00f6z\u00f6ss\u00e9gekben tov\u00e1bbra is fenn\u00e1ll a keleti ortodoxia. Az 1990 \u00f3ta tart\u00f3 vall\u00e1si meg\u00fajul\u00e1st az \u00e1llam gondosan ir\u00e1ny\u00edtja, \u00e9s csak n\u00e9h\u00e1ny teol\u00f3giai kar m\u0171k\u00f6dik egyetemi \u00e9gisze alatt.<\/p>\n<p>A t\u00fcrkm\u00e9n \u00e9p\u00edt\u00e9szek azzal a kih\u00edv\u00e1ssal n\u00e9znek szembe, hogy a kort\u00e1rs diz\u00e1jnt t\u00f6rt\u00e9nelmi k\u00f6rnyezettel integr\u00e1lj\u00e1k. Asgabat monument\u00e1lis projektjei, az Alem Kultur\u00e1lis K\u00f6zpontt\u00f3l a palotaszer\u0171 korm\u00e1nyzati komplexumokig, feh\u00e9r m\u00e1rv\u00e1nyburkolatra, kolossz\u00e1lis oszlopokra \u00e9s neoklasszikus szimmetri\u00e1ra \u00e9p\u00fclnek. A f\u0151v\u00e1roson t\u00fal azonban az \u0151si er\u0151d\u00f6k \u00e9s mauz\u00f3leumok \u2013 Ahmed Sanjar Mervben, a Parau-Ata mauz\u00f3leum \u2013 tan\u00faskodnak a k\u00f6z\u00e9pkori k\u00e9zm\u0171vess\u00e9gr\u0151l, a bonyolult t\u00e9glamunk\u00e1kr\u00f3l \u00e9s az iszl\u00e1m temetkez\u00e9si m\u0171v\u00e9szet \u00fcnnep\u00e9lyes geometri\u00e1j\u00e1r\u00f3l.<\/p>\n<p>A bel\u00e9p\u00e9shez v\u00edzum, a legt\u00f6bb \u00e1llampolg\u00e1r sz\u00e1m\u00e1ra pedig egy enged\u00e9llyel rendelkez\u0151 \u00fcgyn\u00f6ks\u00e9g t\u00e1mogat\u00e1sa sz\u00fcks\u00e9ges. Az \u00f6n\u00e1ll\u00f3 utaz\u00e1s tilos; minden k\u00fclf\u00f6ldi egy idegenvezet\u00e9s keretein bel\u00fcl mozog. A sz\u00e1ll\u00e1s\u00e1rak t\u00fckr\u00f6zik T\u00fcrkmeniszt\u00e1n st\u00e1tusz\u00e1t, mint K\u00f6z\u00e9p-\u00c1zsia legdr\u00e1g\u00e1bb el\u0151v\u00e1rosa: az egyszer\u0171 k\u00e9t\u00e1gyas szob\u00e1k \u00e1ra k\u00f6r\u00fclbel\u00fcl 30 USD\/\u00e9j, a k\u00f6z\u00e9pkateg\u00f3ri\u00e1s komfortos szob\u00e1k \u00e1ra 60 USD, az asgabati \u00e9ttermek pedig \u00e9tkez\u00e9senk\u00e9nt k\u00f6r\u00fclbel\u00fcl 20 USD-t sz\u00e1molnak fel. 2017 \u00f3ta napi 2 USD \u201eidegenforgalmi ad\u00f3t\u201d adnak hozz\u00e1 a sz\u00e1llodai sz\u00e1ml\u00e1khoz.<\/p>\n<p>A helyi p\u00e9nznem, a manat (TMT) 100 teng\u00e9re oszlik. Az amerikai doll\u00e1r mellett p\u00e9nz\u00e9rm\u00e9k \u2013 1, 2, 5, 10, 20 \u00e9s 50 tenge c\u00edmletek, valamint 1 \u00e9s 2 manat \u2013 is forgalomban vannak, amelyeket a nemzetk\u00f6zi sz\u00e1llod\u00e1kban \u00e9s rep\u00fcl\u0151tereken elfogadnak. A hitelk\u00e1rtya-haszn\u00e1lat ritka a nagyobb sz\u00e1llod\u00e1kon \u00e9s bankokon k\u00edv\u00fcl, ATM-ek sz\u00e1ma pedig csak n\u00e9h\u00e1ny asgabati helysz\u00ednen korl\u00e1tozott. A turist\u00e1kat arra figyelmeztetik, hogy csak a legsz\u00fcks\u00e9gesebb manat \u00f6sszeget v\u00e1lts\u00e1k be, mivel a kimen\u0151 p\u00e9nznemben t\u00f6rt\u00e9n\u0151 \u00e1tv\u00e1lt\u00e1s lehetetlen.<\/p>\n<p>A t\u00fcrkm\u00e9n t\u00e1rsadalom nagyra \u00e9rt\u00e9keli az udvariass\u00e1got \u00e9s a m\u00e9lt\u00f3s\u00e1g meg\u0151rz\u00e9s\u00e9t. A vend\u00e9gek leveszik a cip\u0151j\u00fcket, amikor bel\u00e9pnek a h\u00e1zba, \u00e9s szer\u00e9ny aj\u00e1nd\u00e9kokat visznek a h\u00e1zigazd\u00e1knak. A kenyeret \u2013 amelyet gyakran \u00fcnnep\u00e9lyesen k\u00edn\u00e1lnak fel \u2013 k\u00e9t k\u00e9zzel is elfogadhatj\u00e1k; a visszautas\u00edt\u00e1s m\u00e9ly s\u00e9rt\u00e9st okozhat. A babon\u00e1k m\u00e1ig fennmaradtak: a benti f\u00fcty\u00f6r\u00e9sz\u00e9s \u00e1ll\u00edt\u00f3lag szerencs\u00e9tlens\u00e9get h\u00edv el\u0151; bizonyos napokon hagyom\u00e1ny szerint tilos a k\u00f6r\u00f6mv\u00e1g\u00e1s vagy a takar\u00edt\u00e1s.<\/p>\n<p>A vezet\u00e9s vagy a politika ny\u00edlt kritik\u00e1ja vesz\u00e9lyes. A Berdimuhamedow n\u00e9v tiszteletet parancsol mind a nyilv\u00e1nos diskurzusban, mind a hivatalos k\u00e9pekben. A strat\u00e9giai helysz\u00ednek \u2013 korm\u00e1nyzati \u00e9p\u00fcletek, katonai l\u00e9tes\u00edtm\u00e9nyek, hat\u00e1r\u00e1tkel\u0151k \u2013 f\u00e9nyk\u00e9pez\u00e9se tilos, \u00e9s a rend\u0151rs\u00e9g szigor\u00faan betartatja ezeket a tilalmakat. Maguk a rend\u0151rs\u00e9gek arr\u00f3l h\u00edresek, hogy zaklatj\u00e1k mind a polg\u00e1rokat, mind a k\u00fclf\u00f6ldieket; a veszteget\u00e9s gyakori, \u00e9s minden konfront\u00e1ci\u00f3t a legjobb az engedelmess\u00e9ggel \u00e9s a nyugalommal enyh\u00edteni.<\/p>\n<p>A k\u00f6z\u00fati k\u00f6zleked\u00e9snek megvannak a maga vesz\u00e9lyei. A sof\u0151r\u00f6k gyakran figyelmen k\u00edv\u00fcl hagyj\u00e1k a k\u00f6zleked\u00e9si szab\u00e1lyokat; a taxikb\u00f3l hi\u00e1nyoznak a biztons\u00e1gi berendez\u00e9sek, \u00e9s az aut\u00f3p\u00e1ly\u00e1kat jel\u00f6letlen ellen\u0151rz\u0151pontok tark\u00edtj\u00e1k. A turist\u00e1knak ink\u00e1bb enged\u00e9llyel rendelkez\u0151 \u00fcgyn\u00f6ks\u00e9gekkel kell mag\u00e1nj\u00e1rm\u0171vet b\u00e9relni\u00fck, mintsem helyi taxikat h\u00edvjanak.<\/p>\n<p>A f\u0151v\u00e1ros m\u00e1rv\u00e1ny sug\u00e1r\u00fatjain t\u00fal T\u00fcrkmeniszt\u00e1n kincsei csendes romokban \u00e9s term\u00e9szeti k\u00fcl\u00f6nlegess\u00e9gekben rejt\u0151znek. Az \u0151si Merv koncentrikus falakban bontakozik ki \u2013 Erk Kala, Sultan Kala \u2013, minden korszakot omladoz\u00f3 v\u00e1lyogt\u00e9gl\u00e1ba v\u00e9sve. Konye-Urgench t\u00fcrkizk\u00e9k mauz\u00f3leumai homokos pusztas\u00e1gok k\u00f6z\u00f6tt magasodnak, m\u00edg Nisa p\u00e1rtus oszlopai a Karakumra n\u00e9znek. Kow-Ata f\u00f6ldalatti, k\u00e9nben gazdag vizei alacsony barlangboltozatok alatti meleg f\u00fcrd\u0151kre cs\u00e1b\u00edtj\u00e1k a f\u00e1radt utaz\u00f3kat. A term\u00e9szetv\u00e9delmi ter\u00fcletek \u2013 Repetek sivatagi homokja, K\u00f6pet Dag bor\u00f3kafa lejt\u0151i \u00e9s a Kaszpi-tenger partvid\u00e9k\u00e9nek s\u00f3s s\u00edks\u00e1gai \u2013 j\u00f3 el\u0151re enged\u00e9lyeket ig\u00e9nyelnek. A sivatag m\u00e9ly\u00e9n pedig a Darvaza kr\u00e1ter pisl\u00e1kol\u00f3 g\u00f6dre egyszerre fenyeget\u0151 \u00e9s leny\u0171g\u00f6z\u0151 l\u00e1tv\u00e1nyt ny\u00fajt.<\/p>\n<p>T\u00fcrkmeniszt\u00e1n ellen\u00e1ll a felsz\u00ednes jellemz\u00e9seknek. Korm\u00e1nya vas\u00f6k\u00f6llel gyakorolja a hatalmat, n\u00e9pe az \u00e1llam \u00e1ltal el\u0151\u00edrt megszor\u00edt\u00e1sok \u00e9s propaganda k\u00f6zepette birk\u00f3z meg a mindennapi szigor\u00fas\u00e1gokkal, m\u00e9gis a f\u0151v\u00e1ros t\u00f6k\u00e9letes \u00fatjain t\u00fal \u00e9vsz\u00e1zados emberi er\u0151fesz\u00edt\u00e9sek h\u00faz\u00f3dnak meg k\u0151be \u00e9s f\u00f6ldbe v\u00e9sve. Azoknak a l\u00e1togat\u00f3knak, akik erre a homokra l\u00e9pnek, tisztelettel, al\u00e1zattal \u00e9s annak a v\u00e9kony hat\u00e1rvonalnak a tudat\u00e1val kell ezt tenni\u00fck, amely elv\u00e1lasztja a t\u00f6rt\u00e9nelmi csod\u00e1t a kort\u00e1rs kontrollt\u00f3l. Ezeken a sz\u00e1raz kiterjed\u00e9seken \u2013 ahol a sz\u00e9l \u00e9jszaka megv\u00e1ltoztatja a sivatag arc\u00e1t, \u00e9s a t\u00fal\u00e9l\u0151k kutak k\u00f6r\u00fcl csoportosulnak \u2013 T\u00fcrkmeniszt\u00e1n felt\u00e1rja paradoxon\u00e1t: az elszigetelts\u00e9g \u00e9s a nyitotts\u00e1g, a t\u00f6rt\u00e9nelem visszhangjai \u00e1ltal tark\u00edtott csend \u00e9s a k\u00e9rlelhetetlen szigorb\u00f3l sz\u00fcletett sz\u00e9ps\u00e9g f\u00f6ldje.<\/p>","protected":false},"excerpt":{"rendered":"<p>A K\u00f6z\u00e9p-\u00c1zsi\u00e1ban tal\u00e1lhat\u00f3 T\u00fcrkmeniszt\u00e1n egy olyan nemzet, amelyet kontrasztok \u00e9s bonyolults\u00e1gok jellemeznek. B\u00e1r \u00c1zsia 35. legn\u00e9pesebb orsz\u00e1ga, t\u00f6bb mint 7 milli\u00f3 lakos\u00e1val, ironikus m\u00f3don a kontinens legritk\u00e1bban lakott orsz\u00e1gai k\u00f6z\u00e9 tartozik. Ez a leny\u0171g\u00f6z\u0151 paradoxon el\u0151k\u00e9sz\u00edti a terepet egy olyan nemzet sz\u00e1m\u00e1ra, amelynek gazdag m\u00faltja \u00f6sszefon\u00f3dik modern k\u00e9rd\u00e9sekkel \u00e9s t\u00f6rekv\u00e9sekkel, birodalmak \u00e9s kult\u00far\u00e1k hossz\u00fa keresztez\u0151d\u00e9s\u00e9vel.<\/p>","protected":false},"author":1,"featured_media":4331,"parent":24063,"menu_order":0,"comment_status":"closed","ping_status":"closed","template":"elementor_theme","meta":{"_eb_attr":"","footnotes":""},"class_list":["post-15457","page","type-page","status-publish","has-post-thumbnail"],"_links":{"self":[{"href":"https:\/\/travelshelper.com\/hu\/wp-json\/wp\/v2\/pages\/15457","targetHints":{"allow":["GET"]}}],"collection":[{"href":"https:\/\/travelshelper.com\/hu\/wp-json\/wp\/v2\/pages"}],"about":[{"href":"https:\/\/travelshelper.com\/hu\/wp-json\/wp\/v2\/types\/page"}],"author":[{"embeddable":true,"href":"https:\/\/travelshelper.com\/hu\/wp-json\/wp\/v2\/users\/1"}],"replies":[{"embeddable":true,"href":"https:\/\/travelshelper.com\/hu\/wp-json\/wp\/v2\/comments?post=15457"}],"version-history":[{"count":0,"href":"https:\/\/travelshelper.com\/hu\/wp-json\/wp\/v2\/pages\/15457\/revisions"}],"up":[{"embeddable":true,"href":"https:\/\/travelshelper.com\/hu\/wp-json\/wp\/v2\/pages\/24063"}],"wp:featuredmedia":[{"embeddable":true,"href":"https:\/\/travelshelper.com\/hu\/wp-json\/wp\/v2\/media\/4331"}],"wp:attachment":[{"href":"https:\/\/travelshelper.com\/hu\/wp-json\/wp\/v2\/media?parent=15457"}],"curies":[{"name":"wp","href":"https:\/\/api.w.org\/{rel}","templated":true}]}}