{"id":15439,"date":"2024-09-21T09:51:32","date_gmt":"2024-09-21T09:51:32","guid":{"rendered":"https:\/\/travelshelper.com\/staging\/?page_id=15439"},"modified":"2026-03-11T21:53:07","modified_gmt":"2026-03-11T21:53:07","slug":"szana","status":"publish","type":"page","link":"https:\/\/travelshelper.com\/hu\/destinations\/asia\/yemen\/sanaa\/","title":{"rendered":"Szana"},"content":{"rendered":"<p>A tengerszint felett k\u00f6r\u00fclbel\u00fcl 2300 m\u00e9teres magass\u00e1gban fekv\u0151 Szanaa kiemelkedik a vil\u00e1g f\u0151v\u00e1rosai k\u00f6z\u00fcl. Hajnalban v\u00e9kony hegyi k\u00f6df\u00e1tyolba burkol\u00f3zik, \u00e9s Dzsabal An-Nabi Suajb \u00e9s Dzsabal Tijal dr\u00e1mai sziluettjei keretezik, nem felhajt\u00e1ssal, hanem csendes jelenl\u00e9t\u00e9vel vonzza mag\u00e1ra a figyelmet. A hivatalosan Szanaa k\u00f6zs\u00e9gk\u00e9nt sz\u00e1mon tartott v\u00e1ros Jemen de jure f\u0151v\u00e1rosa \u00e9s legn\u00e9pesebb v\u00e1rosi k\u00f6zpontja, 2023-as adatok szerint valamivel t\u00f6bb mint 3,29 milli\u00f3 lakossal. A korm\u00e1ny sz\u00e9khelye m\u00e9gis \u00c1denben tal\u00e1lhat\u00f3, miut\u00e1n a h\u00faszik 2014 v\u00e9g\u00e9n elfoglalt\u00e1k Szana\u00e1t, majd 2015 m\u00e1rcius\u00e1ban ideiglenes f\u0151v\u00e1ross\u00e1 nyilv\u00e1n\u00edtott\u00e1k. E v\u00e1ltoz\u00e1s ellen\u00e9re az alkotm\u00e1ny meger\u0151s\u00edti Szanaa els\u0151bbs\u00e9g\u00e9t, \u00e9s neve tov\u00e1bbra is szil\u00e1rdan be\u00e1gyaz\u00f3dott Jemen identit\u00e1s\u00e1ba.<\/p>\n<p>Szanaa egy sz\u00e9les, hegyvid\u00e9ki s\u00edks\u00e1gon fekszik, amelyet a helyiek Haql Sanaa n\u00e9ven ismernek. Ez a fenns\u00edk \u00f6tven-hatvan kilom\u00e9ter hosszan h\u00faz\u00f3dik \u00e9szakr\u00f3l d\u00e9lre, \u00e9s ak\u00e1r huszon\u00f6t kilom\u00e9ter hosszan keletr\u0151l nyugatra, szikl\u00e1k \u00e9s gerincek szeg\u00e9lyezik, amelyeken kereszt\u00fcl id\u0151szakos v\u00e1dik ereszkednek le. A V\u00e1di al-Kharid az \u00e9szaki kiterjed\u00e9s nagy r\u00e9sz\u00e9t lecsapolja, viz\u00e9t al-Dzsawf fel\u00e9 folyatva, m\u00edg a d\u00e9li r\u00e9szek egy olyan v\u00edzgy\u0171jt\u0151 ter\u00fcletet \u00f6lelnek fel, amely mind az al-Kharidet, mind a V\u00e1di Sihamot t\u00e1pl\u00e1lja, amely a V\u00f6r\u00f6s-tenger partj\u00e1n fekv\u0151 Tihama-alf\u00f6ld fel\u00e9 folyik. A v\u00e1ros legkeskenyebb pontj\u00e1n a Jabal Nuqum mintegy \u00f6tsz\u00e1z m\u00e9terrel keletre emelkedik, lejt\u0151in egykor vasmegmunk\u00e1l\u00e1s \u00e9s \u00f3nixb\u00e1ny\u00e1k m\u0171k\u00f6dtek, amelyeket a 10. sz\u00e1zadi f\u00f6ldrajztud\u00f3s, al-Hamdani kr\u00f3nik\u00e1ban r\u00f6gz\u00edtett. Nyugatra magasodik Jemen legmagasabb cs\u00facsa, a Jabal An-Nabi Shu&#039;ayb, amelynek cs\u00facsa mind\u00f6ssze tizenhat m\u00e9rf\u00f6ldre tal\u00e1lhat\u00f3 a v\u00e1rost\u00f3l, csendes \u0151rszemk\u00e9nt az alatta elt\u00f6lt\u00f6tt \u00e9vsz\u00e1zadok \u00e9let\u00e9hez.<\/p>\n<p>Szanaa n\u00f6veked\u00e9s\u00e9nek mint\u00e1zat\u00e1t ez a domborzat alak\u00edtotta. A keletre \u00e9s nyugatra elny\u00fal\u00f3 v\u00e1ros t\u00falnyom\u00f3r\u00e9szt \u00e9szak-d\u00e9li tengely ment\u00e9n h\u00faz\u00f3dott, huszadik sz\u00e1zadi terjeszked\u00e9s\u00e9t a vid\u00e9ki migr\u00e1ci\u00f3 \u00e9s az 1960-as \u00e9vekben a k\u00f6zt\u00e1rsas\u00e1g f\u0151v\u00e1ros\u00e1v\u00e1 val\u00f3 kinevez\u00e9se hajtotta. K\u00e9t k\u00fcl\u00f6n\u00e1ll\u00f3 v\u00e1rosi sz\u00f6vet alakult ki: a kompakt \u00d3v\u00e1ros, vagy al-Qadeemah, \u00e9s a hatalmas \u00fajabb ker\u00fcletek, amelyeket egy\u00fcttesen al-Jadidnak neveznek. Az \u00d3v\u00e1ros, amelyet 1986-ban vettek fel az UNESCO Vil\u00e1g\u00f6r\u00f6ks\u00e9g r\u00e9sz\u00e9v\u00e9, t\u00f6bb mint huszonhat \u00e9vsz\u00e1zados folyamatos lakotts\u00e1got \u0151riz, \u00e9s t\u00f6bb mint 100 mecsettel, tizenk\u00e9t hagyom\u00e1nyos hammammal \u00e9s mintegy 6500 lak\u00f3egys\u00e9ggel b\u00fcszk\u00e9lkedhet. Meghat\u00e1roz\u00f3 jellegzetess\u00e9g\u00e9t \u2013 a helyi k\u0151b\u0151l \u00e9s \u00e9getett t\u00e9gl\u00e1b\u00f3l \u00e9p\u00fclt, ak\u00e1r nyolcemeletes toronyh\u00e1zakat \u2013 finom vakolatd\u00edsz\u00edt\u00e9s \u00e9s az ikonikus \u00f3lom\u00fcveg \u201eqamariya\u201d ablakok tark\u00edtj\u00e1k. Ezek a lak\u00f3h\u00e1zak egykor nagycsal\u00e1doknak adtak otthont, emeleteket \u00e9p\u00edtettek, ahogy a fi\u00fak \u00f6sszeh\u00e1zasodtak, \u00e9s a tet\u0151teraszokat d\u00e9lut\u00e1ni fogad\u00f3termekk\u00e9 \u2013 a mafrajv\u00e1 \u2013 alak\u00edtott\u00e1k \u00e1t, ahol csendesen zajlottak a qat \u00fcl\u00e9sek.<\/p>\n<p>Az \u0151si falakon t\u00fal a v\u00e1ros \u00fajabb negyedei a gyors urbaniz\u00e1ci\u00f3r\u00f3l \u00e9s a fejl\u0151d\u0151 \u00e9p\u00edt\u00e9szeti \u00edzl\u00e9sr\u0151l \u00e1rulkodnak. D\u00e9len \u00e9s nyugaton alacsony, beker\u00edtett kertekkel rendelkez\u0151 \u201e\u00faj vill\u00e1k\u201d k\u00edn\u00e1lnak mened\u00e9ket a s\u0171r\u0171 utc\u00e1k el\u0151l, m\u00edg az \u00e9szaki \u00e9s keleti k\u00fclv\u00e1rosokban \u201eegyiptomi\u201d st\u00edlus\u00fa vasbeton lak\u00f3h\u00e1zak magasodnak. M\u00e9g itt is megmaradt a hagyom\u00e1ny var\u00e1zsa: a betonblokkokb\u00f3l \u00e9p\u00fclt \u00e9s szesz\u00e9lyesen t\u00e9gl\u00e1val \u00e9s k\u0151vel burkolt \u201eneotradicion\u00e1lis\u201d toronyh\u00e1zak az \u00d3v\u00e1ros f\u00fcgg\u0151legess\u00e9g\u00e9t \u00e9s d\u00edsz\u00edtetts\u00e9g\u00e9t id\u00e9zik. Ezek a hibridek a m\u00faltra utalnak, mik\u00f6zben a kort\u00e1rs ig\u00e9nyeket is kiel\u00e9g\u00edtik.<\/p>\n<p>Ezen a mozaikon bel\u00fcl sz\u00e1mos negyed emelkedik ki. Az Al-Tahrir, amelyet az 1960-as \u00e9vekben a v\u00e1ros polg\u00e1ri \u00e9s kereskedelmi k\u00f6zpontjak\u00e9nt hoztak l\u00e9tre, ma f\u0151k\u00e9nt a nyilv\u00e1nos \u00f6sszej\u00f6vetelek \u00e9s a szabadid\u0151 k\u00f6zpontjak\u00e9nt funkcion\u00e1l. Bi&#039;r al-Azab, amelyet egykor T\u00f6r\u00f6k Negyedk\u00e9nt, majd a 17. sz\u00e1zad v\u00e9gi sz\u00e1m\u0171z\u00f6ttek visszat\u00e9r\u00e9se ut\u00e1n zsid\u00f3 Negyedk\u00e9nt ismertek, diplom\u00e1ciai \u00e9s k\u00f6zigazgat\u00e1si negyedd\u00e9 fejl\u0151d\u00f6tt, ahol nagyk\u00f6vets\u00e9gek, a minisztereln\u00f6ki hivatal \u00e9s a k\u00e9pvisel\u0151h\u00e1z tal\u00e1lhat\u00f3. Szanaa k\u00e9t k\u00f6rgy\u0171r\u0171je \u2013 a bels\u0151 K\u00f6rgy\u0171r\u0171 \u00e9s a Sittin \u2013 k\u00f6z\u00f6tt h\u00faz\u00f3dnak az al-Hasabah, a Shumayla \u00e9s a Hayil s\u0171r\u0171 souk folyos\u00f3i, ahol a keresked\u0151k f\u0171szereket, textileket \u00e9s r\u00e9zt\u00e1rgyakat \u00e1rulnak a ny\u00fczsg\u0151 \u00e1rk\u00e1dok baldachinjai alatt. D\u00e9lnyugatra a Haddah k\u00f6r\u00fat vonzza azokat, akik megb\u00edzhat\u00f3bb k\u00f6zm\u0171veket keresnek, ami az 1990-es \u00e9vek \u00f3ta a toronyh\u00e1zak felemelked\u00e9s\u00e9t inspir\u00e1lta.<\/p>\n<p>\u00c9ghajlatilag Szanaa egy niche helyet foglal el az arab v\u00e1rosok k\u00f6z\u00f6tt. Hideg sivatagi \u00e9ghajlatk\u00e9nt van besorolva, \u00e9vente k\u00f6r\u00fclbel\u00fcl 265 millim\u00e9ter csapad\u00e9k esik \u2013 alig el\u00e9g ahhoz, hogy kiv\u00e1jja a m\u00e9szk\u0151 dombokat, m\u00e9gis elegend\u0151 ahhoz, hogy teraszos kerteket \u00e9s kis gazdas\u00e1gokat hozzon l\u00e9tre a k\u00f6rnyez\u0151 magaslatokon. A h\u0151m\u00e9rs\u00e9klet az \u00e9v sor\u00e1n alig ingadozik; a janu\u00e1ri h\u0171v\u00f6s reggeleket kellemes napok v\u00e1ltj\u00e1k fel, m\u00edg a j\u00faliusi meleget az esti szell\u0151 m\u00e9rs\u00e9kli. A v\u00e1ros magass\u00e1ga azonban fokozza a napsug\u00e1rz\u00e1st: m\u00e9g a \u201eh\u0171v\u00f6s\u201d \u00e9vszakban is l\u00e9nyegesen er\u0151sebbek az ultraibolya sugarak, mint az \u00e9szakabbra fekv\u0151 alacsonyabban fekv\u0151 r\u00e9gi\u00f3kban.<\/p>\n<p>Demogr\u00e1fiai szempontb\u00f3l Szanaa t\u00f6rt\u00e9nete a fiatals\u00e1g \u00e9s a soksz\u00edn\u0171s\u00e9g t\u00f6rt\u00e9nete. Az Amanat al-Asimah korm\u00e1nyz\u00f3s\u00e1g lakosainak k\u00f6zel hatvan sz\u00e1zal\u00e9ka tizennyolc \u00e9v alatti, \u00e9s a f\u00e9rfiak sz\u00e1ma kism\u00e9rt\u00e9kben meghaladja a n\u0151k\u00e9t, 1,10 ar\u00e1nyban. A t\u00f6bbs\u00e9g a zajdi iszl\u00e1mot vallja, m\u00edg a szunnita \u00e9s iszm\u00e1&#039;ili kisebbs\u00e9gek jobban l\u00e1that\u00f3k az \u00fajabb k\u00fclv\u00e1rosokban \u2013 t\u00fckr\u00f6zve a jemeni vid\u00e9kr\u0151l kiindul\u00f3 bels\u0151 migr\u00e1ci\u00f3 mint\u00e1it. Az 1960-as \u00e9vek \u00f3ta a v\u00e1rosi lakoss\u00e1g \u00e9vi nagyj\u00e1b\u00f3l h\u00e9t sz\u00e1zal\u00e9kkal n\u0151tt, meghaladva a 3,2 sz\u00e1zal\u00e9kos orsz\u00e1gos \u00e1tlagot.<\/p>\n<p>Gazdas\u00e1gi szempontb\u00f3l a v\u00e1ros Jemen f\u0151 kereskedelmi \u00e9s k\u00f6zigazgat\u00e1si motorja. A munkaer\u0151 k\u00f6zel negyven sz\u00e1zal\u00e9ka az \u00e1llami szektorban dolgozik, \u00e9s jelent\u0151s inform\u00e1lis gazdas\u00e1g \u2013 a becsl\u00e9sek szerint a nem korm\u00e1nyzati foglalkoztat\u00e1s 32 sz\u00e1zal\u00e9ka \u2013 vir\u00e1gzik a baz\u00e1rokban \u00e9s a mell\u00e9kutc\u00e1kban. A kism\u00e9ret\u0171 kereskedelem \u00e9s szolg\u00e1ltat\u00e1sok domin\u00e1lnak, a l\u00e9tes\u00edtm\u00e9nyek k\u00f6zel 59 sz\u00e1zal\u00e9k\u00e1t \u00e9s a munkahelyek t\u00f6bb mint 31 sz\u00e1zal\u00e9k\u00e1t tett\u00e9k ki 2004-es adatok szerint. Az \u00e1ltal\u00e1nos k\u00f6zigazgat\u00e1s, b\u00e1r kevesebb v\u00e1llalkoz\u00e1s k\u00e9pviselteti mag\u00e1t, a munkaer\u0151 18 sz\u00e1zal\u00e9k\u00e1t foglalkoztatja. A feldolgoz\u00f3ipar a harmadik helyen \u00e1ll, a v\u00e1llalkoz\u00e1sok \u00e9s a munkahelyek k\u00f6r\u00fclbel\u00fcl 12 sz\u00e1zal\u00e9k\u00e1val. A sz\u00e1llod\u00e1k \u00e9s \u00e9ttermek nagyobb koncentr\u00e1ci\u00f3ban vannak itt, mint Jemen m\u00e1s r\u00e9szein, diplomat\u00e1k, seg\u00e9lyszervezetek munkat\u00e1rsai \u00e9s a n\u00e9h\u00e1ny kalandv\u00e1gy\u00f3 utaz\u00f3 ig\u00e9nyeit kiel\u00e9g\u00edtve, akik eligazodnak a biztons\u00e1gi korl\u00e1toz\u00e1sok k\u00f6z\u00f6tt.<\/p>\n<p>Szana\u00e1n bel\u00fcli k\u00f6zleked\u00e9st \u00e9les ellent\u00e9tek jellemzik. A v\u00e1ros hivatalosan ki\u00e9p\u00edtett \u00fath\u00e1l\u00f3zata, amely k\u00e9t k\u00f6rgy\u0171r\u0171 \u00e9s egy sor \u00e9szak-d\u00e9li ir\u00e1ny\u00fa f\u0151\u00fatvonal k\u00f6r\u00e9 szervez\u0151dik, a torl\u00f3d\u00e1sok legnagyobb r\u00e9sz\u00e9t viseli. Harminch\u00e1romezer taxi k\u00f6zlekedik az utc\u00e1kon, de gyakran \u00fcresen k\u00f6zlekednek a fuvarok k\u00f6z\u00f6tt, ami forgalmi dug\u00f3khoz \u00e9s a megn\u00f6vekedett l\u00e9gszennyezetts\u00e9ghez vezet. A hegyvid\u00e9ki medenc\u00e9be z\u00e1rt Szana\u00e1ban termikus inverzi\u00f3k tapasztalhat\u00f3k, amelyek csapd\u00e1ba ejtik a r\u00e9szecsk\u00e9ket, \u00edgy leveg\u0151min\u0151s\u00e9ge \u00f6sszehasonl\u00edthat\u00f3 m\u00e1s magaslati \u201et\u00e1lakkal\u201d, p\u00e9ld\u00e1ul Mexik\u00f3v\u00e1ros\u00e9val. A t\u00f6megk\u00f6zleked\u00e9s t\u00falnyom\u00f3r\u00e9szt inform\u00e1lis: a napi ing\u00e1z\u00e1s nagy r\u00e9sz\u00e9t mag\u00e1ntulajdonban l\u00e9v\u0151 mikrobuszok (dababok), minibuszok (nuss-busok) \u00e9s taxik teszik ki. 2005-ben becsl\u00e9sek szerint 4000-7000 dabab, 5500-7300 minibusz \u00e9s 33 000 taxi szolg\u00e1lta ki a v\u00e1rost. A f\u00e9rfiak gyakrabban haszn\u00e1lnak t\u00f6megk\u00f6zleked\u00e9si eszk\u00f6z\u00f6ket, m\u00edg a n\u0151k ink\u00e1bb gyalog j\u00e1rnak; a ker\u00e9kp\u00e1rok \u00e9s a motorker\u00e9kp\u00e1rok minim\u00e1lis szerepet j\u00e1tszanak. A kik\u00e9nyszer\u00edtett menetrendek hi\u00e1nya miatt a hosszabb utakra gyakori j\u00e1rm\u0171v\u00e1lt\u00e1sra van sz\u00fcks\u00e9g, a rendszertelen szolg\u00e1ltat\u00e1s pedig arra k\u00e9sztetheti az utasokat, hogy ne tudjanak megold\u00e1st tal\u00e1lni.<\/p>\n<p>A Szanaai Nemzetk\u00f6zi Rep\u00fcl\u0151t\u00e9r egykor Jemen l\u00e9gi utasainak nyolcvan sz\u00e1zal\u00e9k\u00e1t szolg\u00e1lta ki; ma a tart\u00f3s konfliktusk\u00e1rok miatt le van z\u00e1rva a kereskedelmi j\u00e1ratok el\u0151l. A 2016 augusztusa \u00f3ta bez\u00e1rt \u00e9s a 2024. december 26-i ir\u00e1ny\u00edt\u00f3tornyot \u00e9rt l\u00e9gicsap\u00e1s \u00e1ltal s\u00falyosan \u00e9rintett rep\u00fcl\u0151t\u00e9r csup\u00e1n t\u00f6red\u00e9kes \u00e1llapotban maradt fenn, \u00e9s csak humanit\u00e1rius j\u00e1ratokat fogadhat. Egy \u00faj rep\u00fcl\u0151t\u00e9r 2008-ban megkezdett terveit 2011 \u00f3ta f\u00e9lretett\u00e9k. A szanaai sz\u00e9khely\u0171 nemzeti l\u00e9git\u00e1rsas\u00e1g, a Yemenia, e korl\u00e1toz\u00e1sok k\u00f6zepette is fennmaradt, m\u0171k\u00f6d\u00e9se lehet\u0151s\u00e9g szerint region\u00e1lis charterj\u00e1ratokra korl\u00e1toz\u00f3dott.<\/p>\n<p>Az utaz\u00e1s Szana\u00e1ba egy olyan vil\u00e1gba cs\u00e1b\u00edt, ahol az id\u0151 a saj\u00e1t temp\u00f3j\u00e1ban telik. B\u00e1rmelyik utcai k\u00e1v\u00e9z\u00f3ban megfigyelhetj\u00fck a qat r\u00e1g\u00f3sze\u00e1nszokat: d\u00e9lut\u00e1ni \u00f6sszej\u00f6veteleket, ahol bar\u00e1tok \u00e9s koll\u00e9g\u00e1k siets\u00e9g n\u00e9lk\u00fcl merengenek el enyhe stimul\u00e1nsokon \u00e9s besz\u00e9lgetnek. Sok f\u00e9rfi sz\u00e1m\u00e1ra a levelek elengedhetetlen ritu\u00e1l\u00e9, \u00e9s b\u00e1r cs\u00f6kkentik az \u00e9tv\u00e1gyat \u00e9s megzavarj\u00e1k az alv\u00e1st, m\u00e9lyen be\u00e1gyaz\u00f3dnak a t\u00e1rsadalmi szok\u00e1sokba. A k\u00fclf\u00f6ldiek szer\u00e9ny \u00e1ron \u2013 gyakran \u00f6t amerikai doll\u00e1r alatt egy alkalommal \u2013 is k\u00f3stolhatnak, de a tov\u00e1bbutaz\u00e1s sor\u00e1n szem el\u0151tt kell tartaniuk a jogi korl\u00e1toz\u00e1sokat.<\/p>\n<p>Az \u00d3v\u00e1ros felfedez\u00e9se sor\u00e1n a l\u00e1togat\u00f3k elhaladnak az ezer\u00e9ves Bab al-Yaman alatt, melynek faragott faajtaja m\u00e9g mindig leng az \u0151si z\u00e1vokr\u00f3l. Bent a Souk al-Milhben s\u00f3t, f\u0171szereket, mazsol\u00e1t \u00e9s k\u00e9zzel k\u00e9sz\u00edtett ker\u00e1mi\u00e1kat k\u00edn\u00e1lnak. A negyed sz\u00edv\u00e9ben \u00e1ll a 7. sz\u00e1zadi J\u0101mi\u02bf al-Kab\u012br \u2013 vitathatatlanul a vil\u00e1g egyik legr\u00e9gebbi fennmaradt mecsetje \u2013, amelynek arch\u00edvum\u00e1ban az eredeti Kor\u00e1n-k\u00e9ziratok t\u00f6red\u00e9keit is megtal\u00e1lt\u00e1k. A k\u00f6zelben tal\u00e1lhat\u00f3 a Nemzeti M\u00fazeum egy fel\u00faj\u00edtott kir\u00e1lyi palot\u00e1ban, gal\u00e9ri\u00e1i az \u0151st\u00f6rt\u00e9nett\u0151l az oszm\u00e1n uralomig k\u00f6vetik nyomon Jemen t\u00f6rt\u00e9net\u00e9t, m\u00edg a szomsz\u00e9dos Hadt\u00f6rt\u00e9neti M\u00fazeum fegyvereket \u00e9s egyenruh\u00e1kat mutat be villog\u00f3 arab c\u00edmk\u00e9k \u00e9s n\u00e9h\u00e1ny angol felirat alatt a szabadban.<\/p>\n<p>A b\u00e1sty\u00e1kon t\u00fal egy r\u00f6vid kir\u00e1ndul\u00e1s vezet Wadi Dhahr z\u00f6ldell\u0151 v\u00f6lgy\u00e9be, ahol teraszos mez\u0151k kapaszkodnak a hegyoldalakra, \u00e9s egy im\u00e1m m\u00e9szk\u0151be faragott sziklapalot\u00e1ja \u00e1ll. A f\u00f6ld \u00e9s a falazat k\u00f6lcs\u00f6nhat\u00e1sa \u00e9les ellenpontot jelent a v\u00e1ros zs\u00fafolt negyedeivel szemben. A falakon bel\u00fcl a k\u00e9zm\u0171vesek tov\u00e1bbra is tiszteletre m\u00e9lt\u00f3 mesters\u00e9geket \u2013 ez\u00fcstm\u0171vess\u00e9get, r\u00e9zmetsz\u00e9st \u00e9s f\u00e9ldr\u00e1gak\u0151-farag\u00e1st \u2013 \u0171znek, b\u00e1r a g\u00e9pes\u00edtett ipar kora m\u00e1r csak t\u00e1voli eml\u00e9k. A kor\u00e1bbi \u00e9vsz\u00e1zadokban a k\u00f6zeli lejt\u0151k\u00f6n tal\u00e1lhat\u00f3 b\u00e1ny\u00e1k \u00f3nixot, kalcedont \u00e9s karneolt termeltek, \u00e9s a brit megfigyel\u0151k egykor \u201eh\u00edresnek\u201d nevezt\u00e9k Szanaa f\u00e9mm\u0171vess\u00e9g\u00e9t, mik\u00f6zben sajn\u00e1lkoztak fokozatos hanyatl\u00e1sa miatt.<\/p>\n<p>Azok sz\u00e1m\u00e1ra, akik haza szeretn\u00e9k vinni Jemen \u00f6r\u00f6ks\u00e9g\u00e9nek egy darabj\u00e1t, a szanaai v\u00e1s\u00e1rl\u00e1s t\u00fcrelemre \u00e9s tapintatra egyar\u00e1nt sz\u00fcks\u00e9g van. Alkudozni v\u00e1rhat\u00f3; az \u00e1rak rialban, doll\u00e1rban vagy eur\u00f3ban is megadhat\u00f3k, az egyes p\u00e9nznemek elfogad\u00e1sa az elad\u00f3 bel\u00e1t\u00e1sa szerint t\u00f6rt\u00e9nik. A dzsambija \u2013 a helyi f\u00e9rfiak \u00e1ltal viselt g\u00f6rbe t\u0151r \u2013 k\u00fcl\u00f6n\u00f6s figyelmet \u00e9rdemel. A v\u00e1s\u00e1rl\u00f3knak fel kell h\u00edvniuk a figyelmet arra, hogy ezekhez a peng\u00e9khoz ez\u00fcst vagy nemesf\u00e9m tokok \u00e9s k\u00e9zzel varrott b\u0151r\u00f6vek j\u00e1rnak, amelyek markolat\u00e1t hagyom\u00e1nyosan szarvb\u00f3l vagy elef\u00e1ntcsontb\u00f3l faragj\u00e1k, b\u00e1r manaps\u00e1g gyakran f\u00e1b\u00f3l vagy borosty\u00e1nb\u00f3l d\u00edsz\u00edtik. K\u00f6nnyebb eml\u00e9kt\u00e1rgyk\u00e9nt b\u0151ven akadnak miniat\u0171r dzsambija alak\u00fa brossok \u00e9s med\u00e1lok, valamint nyakl\u00e1ncok, amelyek \u00e1ll\u00edt\u00f3lag l\u00e1pisz lazulival \u00e9s m\u00e1s k\u00f6vekkel vannak d\u00edsz\u00edtve \u2013 a hiteless\u00e9g ritk\u00e1n garant\u00e1lt.<\/p>\n<p>Este, ahogy az \u00e1rny\u00e9kok megny\u00falnak a terrakotta tet\u0151k\u00f6n, Szanaa felt\u00e1rja val\u00f3di alakj\u00e1t: hegyi leveg\u0151 \u00e9s agyagfalak, imak\u00e9r\u00e9sek \u00e9s gyermeknevet\u00e9s, faoszlopok alatt alkudoz\u00f3 keresked\u0151k \u00e9l\u0151 k\u00e1rpitja. Itt a modernit\u00e1s \u00e9s a hagyom\u00e1ny csendes alkudoz\u00e1sban \u00e1ll. A v\u00e1ros nyughatatlan lakoss\u00e1ga egyre kifel\u00e9 terjeszkedik, m\u00e9gis az \u00d3v\u00e1ros falain bel\u00fcl az \u00e9vsz\u00e1zadok csendje megmarad. Szana\u00e1ban id\u0151zni annyit tesz, mint k\u0151be \u00e9s t\u00e9gl\u00e1ba v\u00e9sett ellen\u00e1ll\u00f3 k\u00e9pess\u00e9get l\u00e1tni \u2013 siets\u00e9g n\u00e9lk\u00fcli bizony\u00edt\u00e9ka egy olyan helynek, amely nem hajland\u00f3 sietni, m\u00e9g akkor sem, amikor a hegyeken t\u00fali vil\u00e1g sz\u00fcnet n\u00e9lk\u00fcl v\u00e1ltozik.<\/p>","protected":false},"excerpt":{"rendered":"<p>Szanaa, Jemen f\u0151v\u00e1rosa \u00e9s legnagyobb v\u00e1rosa 2023-ban k\u00f6r\u00fclbel\u00fcl 3 292 497 lakossal rendelkezik, \u00edgy az orsz\u00e1g jelent\u0151s v\u00e1rosi k\u00f6zpontja lett. 2300 m\u00e9teres tengerszint feletti magass\u00e1g\u00e1val Szanaa a vil\u00e1g legmagasabban fekv\u0151 f\u0151v\u00e1rosai k\u00f6z\u00e9 tartozik. A Sarawat-hegys\u00e9g veszi k\u00f6r\u00fcl, amely Jabal An-Nabi Shu&#039;ayb-b\u0151l \u00e9s Jabal Tiyal-b\u00f3l \u00e1ll, \u00e9s az Arab-f\u00e9lsziget legmagasabb pontja.<\/p>","protected":false},"author":1,"featured_media":3481,"parent":15430,"menu_order":0,"comment_status":"closed","ping_status":"closed","template":"elementor_theme","meta":{"_eb_attr":"","footnotes":""},"class_list":["post-15439","page","type-page","status-publish","has-post-thumbnail"],"_links":{"self":[{"href":"https:\/\/travelshelper.com\/hu\/wp-json\/wp\/v2\/pages\/15439","targetHints":{"allow":["GET"]}}],"collection":[{"href":"https:\/\/travelshelper.com\/hu\/wp-json\/wp\/v2\/pages"}],"about":[{"href":"https:\/\/travelshelper.com\/hu\/wp-json\/wp\/v2\/types\/page"}],"author":[{"embeddable":true,"href":"https:\/\/travelshelper.com\/hu\/wp-json\/wp\/v2\/users\/1"}],"replies":[{"embeddable":true,"href":"https:\/\/travelshelper.com\/hu\/wp-json\/wp\/v2\/comments?post=15439"}],"version-history":[{"count":0,"href":"https:\/\/travelshelper.com\/hu\/wp-json\/wp\/v2\/pages\/15439\/revisions"}],"up":[{"embeddable":true,"href":"https:\/\/travelshelper.com\/hu\/wp-json\/wp\/v2\/pages\/15430"}],"wp:featuredmedia":[{"embeddable":true,"href":"https:\/\/travelshelper.com\/hu\/wp-json\/wp\/v2\/media\/3481"}],"wp:attachment":[{"href":"https:\/\/travelshelper.com\/hu\/wp-json\/wp\/v2\/media?parent=15439"}],"curies":[{"name":"wp","href":"https:\/\/api.w.org\/{rel}","templated":true}]}}