{"id":15430,"date":"2024-09-21T09:30:52","date_gmt":"2024-09-21T09:30:52","guid":{"rendered":"https:\/\/travelshelper.com\/staging\/?page_id=15430"},"modified":"2026-03-11T21:53:28","modified_gmt":"2026-03-11T21:53:28","slug":"jemen","status":"publish","type":"page","link":"https:\/\/travelshelper.com\/hu\/destinations\/asia\/yemen\/","title":{"rendered":"Jemen"},"content":{"rendered":"<p>Jemen, hivatalos nev\u00e9n Jemeni K\u00f6zt\u00e1rsas\u00e1g, az Arab-f\u00e9lsziget d\u00e9lnyugati sark\u00e1ban fekszik, sz\u00e1razf\u00f6ldje k\u00f6r\u00fclbel\u00fcl 455 503 n\u00e9gyzetkilom\u00e9ter (175 871 n\u00e9gyzetm\u00e9rf\u00f6ld) kiterjed\u00e9s\u0171, \u00e9s mintegy 2000 kilom\u00e9ter (1200 m\u00e9rf\u00f6ld) hossz\u00fa partvonalat foglal mag\u00e1ban. \u00c9szakon Sza\u00fad-Ar\u00e1bi\u00e1val; \u00e9szakkeleten Om\u00e1nnal; keleten az Arab-tengerrel; d\u00e9len az \u00c1deni-\u00f6b\u00f6llel; nyugaton pedig a V\u00f6r\u00f6s-tengerrel hat\u00e1ros, amelynek vizein kereszt\u00fcl Jemen Dzsibutival, Eritre\u00e1val \u00e9s Szom\u00e1li\u00e1val osztozik a tengeri hat\u00e1rokon. Szanaa, az orsz\u00e1g alkotm\u00e1nyos f\u0151v\u00e1rosa, t\u00f6bb mint k\u00e9t \u00e9vezredes telep\u00fcl\u00e9sen fekszik, 2100 m\u00e9ter feletti magass\u00e1gban; mintegy 34,7 milli\u00f3 lakosa t\u00falnyom\u00f3r\u00e9szt arab \u00e9s muszlim, \u00e9s az Arab Lig\u00e1ban, az Egyes\u00fclt Nemzetek Szervezet\u00e9ben, a Nemzetek Mozgalm\u00e1ban \u00e9s az Iszl\u00e1m Egy\u00fcttm\u0171k\u00f6d\u00e9si Szervezetben val\u00f3 tags\u00e1ga a diplom\u00e1ciai kapcsolatok hossz\u00fa t\u00f6rt\u00e9net\u00e9t t\u00fckr\u00f6zi.<\/p>\n<p>F\u00f6ldrajzilag \u00e9s \u00e9ghajlatilag Jemen n\u00e9gy f\u0151 r\u00e9gi\u00f3ra oszlik. A V\u00f6r\u00f6s-tenger partj\u00e1n fekszik a Tihamah: egy lapos, f\u00fclledt s\u00edks\u00e1g, amelyet lag\u00fan\u00e1k tark\u00edtanak \u00e9s d\u0171n\u00e9k \u00f6veznek. B\u00e1r a forr\u00f3 minimum miatt egyetlen foly\u00f3 sem \u00e9ri el a tengert, a f\u00f6ldalatti v\u00edztart\u00f3 r\u00e9tegek t\u00e1pl\u00e1lj\u00e1k a sz\u00e1razf\u00f6ldi mez\u0151gazdas\u00e1got. M\u00f6g\u00f6tte egy hegyvid\u00e9ki gerinc nyugati \u00e9s keleti fenns\u00edkra szakad. A nyugati hegyvid\u00e9k kapja a hegyrajzi csapad\u00e9k nagy r\u00e9sz\u00e9t, ami a teraszos gazdas\u00e1gokat z\u00f6ldell\u00e9sre k\u00e9szteti; keleti, sz\u00e1razabb t\u00e1rsaik ritk\u00e1bb m\u0171vel\u00e9st eredm\u00e9nyeznek. Keleten ism\u00e9t fekszik a Rub\u02bf al Khali, vagyis \u00dcres Negyed \u2013 egy mozg\u00f3 homokos kiterjed\u00e9s az Arab-f\u00e9lsziget sz\u00edv\u00e9ben. A partt\u00f3l t\u00e1volabb Jemen szuverenit\u00e1sa kiterjed sz\u00e1mos V\u00f6r\u00f6s-tengeri szigetre \u2013 Hanishra, Kamaranra, Perimre \u2013 \u00e9s a Szokotra szigetcsoportra, amely Afrik\u00e1hoz k\u00f6zelebb fekszik, \u00e9s amelynek vulkanikus cs\u00facsai \u00e9s endemikus n\u00f6v\u00e9nyvil\u00e1ga el\u00e1rulja a kontinens ir\u00e1nti rokons\u00e1got.<\/p>\n<p>Jemen t\u00f6bb mint h\u00e9t \u00e9vezreden \u00e1t a kereskedelem \u00e9s a kult\u00fara keresztez\u0151d\u00e9s\u00e9ben fek\u00fcdt. Az i. e. els\u0151 \u00e9vezredben Saba kir\u00e1lys\u00e1ga t\u00f6mj\u00e9n- \u00e9s mirhasz\u00e1ll\u00edt\u00f3 karav\u00e1nokat vezetett, kol\u00f3ni\u00e1kat alap\u00edtva a V\u00f6r\u00f6s-tengeren \u00e1t a mai Eti\u00f3pia \u00e9s Eritrea ter\u00fclet\u00e9n. Kr. u. 275-re a himyarit\u00e1k k\u00f6vett\u00e9k Sab\u00e1t, ahol a judaizmus maradand\u00f3 nyomokat hagyott a politikai \u00e9s t\u00e1rsadalmi \u00e9letben. A kereszt\u00e9ny k\u00f6z\u00f6ss\u00e9gek a negyedik sz\u00e1zadban gy\u00f6kereztek; h\u00e1rom \u00e9vsz\u00e1zadon bel\u00fcl meg\u00e9rkezett az iszl\u00e1m, \u00e9s gyorsan uralkodott. A jemeni harcosok a Pr\u00f3f\u00e9ta oldal\u00e1n, majd k\u00e9s\u0151bb az iszl\u00e1m Ar\u00e1bi\u00e1n t\u00falra terjeszt\u0151 h\u00f3d\u00edt\u00e1sokban szolg\u00e1ltak. A k\u00f6z\u00e9pkorban olyan dinaszti\u00e1k, mint a Rasulid\u00e1k \u00e9s a Tahirid\u00e1k, emelkedtek \u00e9s buktak, m\u00edg a hegyvid\u00e9ki v\u00e1rosok szemin\u00e1riumokat hoztak l\u00e9tre, amelyek Jement az iszl\u00e1m tanul\u00e1s k\u00f6zpontj\u00e1v\u00e1 tett\u00e9k.<\/p>\n<p>A tizenhatodik \u00e9s huszadik sz\u00e1zad k\u00f6z\u00f6tt Jemen k\u00fclf\u00f6ldi behatol\u00e1sokkal n\u00e9zett szembe. Az Oszm\u00e1n Birodalom \u00e9szakon nagyr\u00e9szt ig\u00e9nyt tartott mag\u00e1nak; a britek d\u00e9len, \u00c1den k\u00f6r\u00fcl vett\u00e9k \u0151rizetbe magukat. Az els\u0151 vil\u00e1gh\u00e1bor\u00fa ut\u00e1n Jahja im\u00e1m kiki\u00e1ltotta a f\u00fcggetlen Jemeni Kir\u00e1lys\u00e1got. 1962-ben a k\u00f6zt\u00e1rsas\u00e1gi tisztvisel\u0151k megd\u00f6nt\u00f6tt\u00e9k a monarchi\u00e1t, megalak\u00edtva a Jemeni Arab K\u00f6zt\u00e1rsas\u00e1got, vagyis \u00c9szak-Jement. \u00d6t \u00e9vvel k\u00e9s\u0151bb \u00c1den \u00e9s h\u00e1torsz\u00e1ga elszakadt Jemenb\u0151l, \u00e9s megalakult a Jemeni N\u00e9pi Demokratikus K\u00f6zt\u00e1rsas\u00e1g, az arab vil\u00e1g egyetlen \u00e1ll\u00edt\u00f3lagos szocialista \u00e1llama. Csak 1990-ben er\u0151s\u00edtette meg \u00e9szak \u00e9s d\u00e9l az egys\u00e9get Jemeni K\u00f6zt\u00e1rsas\u00e1gk\u00e9nt; els\u0151 eln\u00f6ke, Ali Abdullah Saleh a 2011-es arab tavaszig vezette az orsz\u00e1got, ami lemond\u00e1sra k\u00e9nyszer\u00edtette.<\/p>\n<p>A politikai felfordul\u00e1s gyorsan visszat\u00e9rt. T\u00f6meges t\u00fcntet\u00e9sek szervez\u0151dtek a gazdas\u00e1gi stagn\u00e1l\u00e1s, a burj\u00e1nz\u00f3 munkan\u00e9lk\u00fclis\u00e9g \u00e9s az alkotm\u00e1nym\u00f3dos\u00edt\u00e1si javaslatok ellen Jemen megr\u00f6gz\u00f6tt vezet\u00e9se ellen. 2015-re polg\u00e1rh\u00e1bor\u00fa puszt\u00edtott az orsz\u00e1gban: a szanaai h\u00faszi mozgalom szembesz\u00e1llt a nemzetk\u00f6zileg elismert korm\u00e1nnyal, mik\u00f6zben k\u00fclf\u00f6ldi hatalmak l\u00e9gi, sz\u00e1razf\u00f6ldi \u00e9s tengeri \u00faton avatkoztak be. Az ezt k\u00f6vet\u0151 humanit\u00e1rius katasztr\u00f3fa az \u00e9vsz\u00e1zad legs\u00falyosabb katasztr\u00f3f\u00e1i k\u00f6z\u00e9 tartozik: 2019-re mintegy 24 milli\u00f3 jemeni \u2013 a lakoss\u00e1g h\u00e1romnegyede \u2013 szorult seg\u00edts\u00e9gre, \u00e9s az \u00e9hez\u00e9s, a gyermekhaland\u00f3s\u00e1g \u00e9s a betegs\u00e9gek terjed\u00e9s\u00e9nek mutat\u00f3i tov\u00e1bbra is siralmasak. Jemen az Afrik\u00e1n k\u00edv\u00fcli emberi fejl\u0151d\u00e9s \u00e9s a glob\u00e1lis b\u00e9ke tekintet\u00e9ben a legalacsonyabb helyen \u00e1ll, annak ellen\u00e9re, hogy b\u00e9keid\u0151ben a gazdas\u00e1ga szinte teljesen \u00f6sszeomlott a blok\u00e1d \u00e9s a konfliktusok alatt.<\/p>\n<p>A neh\u00e9zs\u00e9gek k\u00f6zepette Jemen \u00e9p\u00edt\u00e9szeti \u00f6r\u00f6ks\u00e9ge m\u00e9gis ellen\u00e1llhatatlan. Szanaa \u00f3v\u00e1ros\u00e1ban \u2013 amelyet 1986-ban vettek fel az UNESCO Vil\u00e1g\u00f6r\u00f6ks\u00e9g r\u00e9sz\u00e9v\u00e9 \u2013 hat, s\u0151t h\u00e9t emelet magasak az \u00e9getett t\u00e9gl\u00e1b\u00f3l \u00e9s k\u0151b\u0151l \u00e9p\u00fclt toronyh\u00e1zak, homlokzataikat geometrikus gipszdomborm\u0171vek mint\u00e1zz\u00e1k. Az als\u00f3 emeleteken egykor \u00e1llat\u00e1llom\u00e1nyt \u00e9s magt\u00e1rakat t\u00e1roltak; a tetej\u00e9n egy fogad\u00f3terem (mafraj) k\u00edn\u00e1lt kil\u00e1t\u00e1st a h\u00e1ztet\u0151kre. \u00c9szak fel\u00e9 fekszik Shibam, a \u201esivatag Manhattanje\u201d, amelynek 16. sz\u00e1zadi v\u00e1lyogt\u00e9gl\u00e1b\u00f3l \u00e9p\u00fclt felh\u0151karcol\u00f3i ma is \u0151rzik a Wadi Hadhramautot. M\u00e9g t\u00e1volabb Zabid egy k\u00f6z\u00e9pkori egyetemi v\u00e1rost \u0151riz, amelynek \u00e1rk\u00e1djai \u00e9vsz\u00e1zados tudom\u00e1nyos munk\u00e1ss\u00e1got id\u00e9znek fel. Wadi Dahrban \u00e1ll Dar al-Hajar, az im\u00e1m sziklapalot\u00e1ja, amelynek sz\u00ednes \u00fcveg fel\u00fclvil\u00e1g\u00edt\u00f3i \u00e9s d\u00edszes vakolata egy csendesebb korszakra eml\u00e9keztet.<\/p>\n<p>A 2008-ban vil\u00e1g\u00f6r\u00f6ks\u00e9gi helysz\u00ednnek nyilv\u00e1n\u00edtott Sokotra szigetcsoport p\u00e1ratlan term\u00e9szeti csod\u00e1kat k\u00edn\u00e1l. 825 n\u00f6v\u00e9nyfaj\u00e1nak mintegy 37 sz\u00e1zal\u00e9ka sehol m\u00e1shol nem fordul el\u0151 a F\u00f6ld\u00f6n; hasonl\u00f3k\u00e9ppen a h\u00fcll\u0151k 90 sz\u00e1zal\u00e9ka \u00e9s a csig\u00e1k 95 sz\u00e1zal\u00e9ka. A h\u00edres s\u00e1rk\u00e1nyv\u00e9rfa (Dracaena cinnabari) m\u00e9szk\u0151fenns\u00edkokat tark\u00edt, m\u00edg a korallz\u00e1tonyok 253 korall- \u00e9s 730 halfajjal telnek meg. Sokotra elszigetelts\u00e9ge nemcsak a biol\u00f3giai sokf\u00e9les\u00e9get, hanem a saj\u00e1tos nyelvet \u00e9s kult\u00far\u00e1t is el\u0151seg\u00edtette, ami Jemen r\u00e9teges \u00f6r\u00f6ks\u00e9g\u00e9re utal.<\/p>\n<p>K\u00f6zigazgat\u00e1silag Jemen huszonegy korm\u00e1nyz\u00f3s\u00e1gb\u00f3l, valamint a Szanaa k\u00f6r\u00fcli Amanat al-\u02bfAsimah k\u00f6zs\u00e9gb\u0151l \u00e1ll; egy 2013-as reform Szokotr\u00e1t \u00f6n\u00e1ll\u00f3 korm\u00e1nyz\u00f3s\u00e1gg\u00e1 emelte. Az alk\u00f6rzetek 333 j\u00e1r\u00e1sb\u00f3l t\u00f6bb mint 2200 alk\u00f6rzetbe \u00e9s k\u00f6zel 38 300 faluba t\u00f6m\u00f6r\u00fclnek. 2014-ben egy alkotm\u00e1nyos terv hat sz\u00f6vets\u00e9gi r\u00e9gi\u00f3t javasolt \u2013 n\u00e9gy \u00e9szaki \u00e9s kett\u0151 d\u00e9li \u2013, b\u00e1r a polg\u00e1rh\u00e1bor\u00fa f\u00e9lbeszak\u00edtotta a teljes hat\u00e1lybal\u00e9p\u00e9s\u00e9t.<\/p>\n<p>Gazdas\u00e1gi szempontb\u00f3l az \u00fajraegyes\u00edt\u00e9s szer\u00e9ny eredm\u00e9nyeket hozott: 2013-ra Jemen brutt\u00f3 hazai term\u00e9ke (v\u00e1s\u00e1rl\u00f3er\u0151-parit\u00e1son) el\u00e9rte a 61,63 milli\u00e1rd USD-t, az egy f\u0151re jut\u00f3 j\u00f6vedelem pedig 2500 USD volt. A szolg\u00e1ltat\u00e1sok a termel\u00e9s t\u00f6bb mint 60%-\u00e1t, az ipar 31%-\u00e1t, a mez\u0151gazdas\u00e1g pedig 8% alatti ar\u00e1nyt tette ki; a k\u0151olaj egykor a GDP negyed\u00e9t, a bev\u00e9telek 63%-\u00e1t pedig a teljes GDP-nek adta. A konfliktus ki\u00fajul\u00e1sa \u00f3ta a GDP t\u00f6bb mint a fel\u00e9re esett vissza, az export megtorpant, az infrastrukt\u00fara pedig leromlott. Jemen tov\u00e1bbra is a vil\u00e1g legszeg\u00e9nyebbjei k\u00f6z\u00e9 tartozik, emberi fejl\u0151d\u00e9si mutat\u00f3i m\u00e9lyen a legalacsonyabbak k\u00f6z\u00f6tt vannak.<\/p>\n<p>Jemen demogr\u00e1fiailag fiatal. Az 1950-es 4,3 milli\u00f3s lakoss\u00e1g a 2020-as \u00e9vek elej\u00e9re mintegy 33-35 milli\u00f3ra duzzadt, amelynek k\u00f6zel fele tizen\u00f6t \u00e9v alatti, \u00e9s kevesebb mint 3 sz\u00e1zal\u00e9ka hatvan\u00f6t \u00e9v feletti. A term\u00e9kenys\u00e9g tov\u00e1bbra is magas, k\u00f6r\u00fclbel\u00fcl 4,5 gyermek n\u0151nk\u00e9nt, ami a sz\u00e1zad k\u00f6zep\u00e9re tov\u00e1bbi, tal\u00e1n 60 milli\u00f3ra val\u00f3 n\u00f6veked\u00e9st vet\u00edt el\u0151re. Az arab nyelv a k\u00f6z\u00e9let alapja: a modern standard arab az oktat\u00e1sban \u00e9s a korm\u00e1nyz\u00e1sban szolg\u00e1l; a jemeni arab, archaikus fonetik\u00e1j\u00e1val \u00e9s sz\u00f3kincs\u00e9vel, tov\u00e1bbra is a k\u00f6znyelv. Szokotr\u00e1ban \u00e9s Kelet-Hadhramautban a d\u00e9l-s\u00e9mi nyelvek \u2013 a sz\u00f3kotri, a mehri \u00e9s m\u00e1sok \u2013 tov\u00e1bbra is fennmaradtak. Az angol nyelv egyre n\u00e9pszer\u0171bb, k\u00fcl\u00f6n\u00f6sen a kor\u00e1bbi brit \u00f6vezetekben.<\/p>\n<p>Az iszl\u00e1m egyes\u00edti a jemenieket, a zajdi s\u00edit\u00e1k k\u00f6r\u00fclbel\u00fcl 45 sz\u00e1zal\u00e9kot, a szunnita muszlimok pedig, f\u0151k\u00e9nt a s\u00e1fi iskola tagjai, mintegy 53 sz\u00e1zal\u00e9kot tesznek ki; a kisebb iszm\u00e1ili \u00e9s twelver k\u00f6z\u00f6ss\u00e9gek teszik ki a s\u00e9m\u00e1t. A vall\u00e1si szertart\u00e1sok alak\u00edtj\u00e1k a napi ritmust: a hajnali, d\u00e9li, d\u00e9lut\u00e1ni, naplementei \u00e9s esti mecsetl\u00e1togat\u00e1sok egyar\u00e1nt meghat\u00e1rozz\u00e1k a piactereket \u00e9s a hegyi falvakat.<\/p>\n<p>Jemen megl\u00e1togat\u00e1sa t\u00fcrelmet \u00e9s \u00e9bers\u00e9get ig\u00e9nyel. Biztons\u00e1gi okokb\u00f3l a rep\u00fcl\u0151j\u00e1ratok forgalma ingadozik; 2024 k\u00f6zep\u00e9t\u0151l csak a Szanaa, \u00c1den \u00e9s Szaj&#039;un rep\u00fcl\u0151terek fogadnak korl\u00e1tozott j\u00e1ratokat Ammanb\u00f3l, Kair\u00f3b\u00f3l, Rij\u00e1db\u00f3l \u00e9s Mumbaib\u00f3l. Vasutak nincsenek. Om\u00e1non kereszt\u00fcl tov\u00e1bbra is lehets\u00e9ges a sz\u00e1razf\u00f6ldi bel\u00e9p\u00e9s, b\u00e1r a v\u00e1rosok k\u00f6z\u00f6tti k\u00f6z\u00fati utaz\u00e1shoz k\u00f6telez\u0151 a turisztikai rend\u0151rs\u00e9g enged\u00e9lye (tasriih); a sza\u00fadi hat\u00e1r\u00e1tkel\u0151helyek szigor\u00fabb k\u00f6vetelm\u00e9nyeket t\u00e1masztanak. A f\u0151bb v\u00e1rosokat l\u00e9gkondicion\u00e1lt, b\u00e1r n\u00e9ha elavult buszok k\u00f6tik \u00f6ssze, b\u00e1r a mag\u00e1nutaz\u00f3k gyakran b\u00e9relnek n\u00e9gyker\u00e9k-meghajt\u00e1s\u00fa j\u00e1rm\u0171veket helyi idegenvezet\u0151kkel. Dzsibutib\u00f3l indul\u00f3 part menti kompok szelik \u00e1t az \u00f6bl\u00f6t, \u00e9s a rettenthetetlen lelkek m\u00e9g mindig a Szokotra fel\u00e9 tart\u00f3 cementsz\u00e1ll\u00edt\u00f3 haj\u00f3kon sz\u00e1llhatnak fel.<\/p>\n<p>A v\u00e1rosokon bel\u00fcl a megosztott taxik \u2013 helyben \u201ebizsu\u201d vagy Peugeot-b\u00f3l sz\u00e1rmaz\u00f3 minibuszok \u2013 folyamatosan k\u00f6zlekednek, ak\u00e1r kilenc utast is elf\u00e9rnek; a k\u00e9nyelem \u00e9rdek\u00e9ben tov\u00e1bbra is szok\u00e1s k\u00e9t \u00fcl\u00e9st el\u00f6l vagy eg\u00e9sz sorokat meg\u00fclni. A nyugodtabb r\u00e9gi\u00f3kban utaz\u00f3k sz\u00e1m\u00e1ra a v\u00e1roson bel\u00fcli buszok olcs\u00f3 \u00e9s bar\u00e1ts\u00e1gos utaz\u00e1st biztos\u00edtanak. Az enged\u00e9ly f\u00e9nym\u00e1solata, az \u00fatlev\u00e9l \u00e9s az \u00fatiterv elegend\u0151 a ny\u00edlt \u00fati enged\u00e9lyek megszerz\u00e9s\u00e9hez, b\u00e1r a katonai ellen\u0151rz\u0151pontokon tov\u00e1bbra is sz\u00fcks\u00e9g lehet t\u00f6bb igazol\u00e1sra.<\/p>\n<p>A logisztikai akad\u00e1lyok ellen\u00e9re Jemen l\u00e1tnival\u00f3i tov\u00e1bbra is fennmaradtak. Szana\u00e1ban a keskeny sik\u00e1torok labirintusa, a v\u00f6r\u00f6sfa r\u00e1csos ablakok \u00e9s a kardamommal f\u0171szerezett k\u00e1v\u00e9 illata \u00e9vsz\u00e1zadok mindennapjait id\u00e9zi fel. A 3000 m\u00e9teres tengerszint feletti magass\u00e1gban fekv\u0151 Kawkaban himyarita feliratokat \u00e9s D\u00e1vid-csillagokat \u0151rzi az \u0151si zsid\u00f3 k\u00f6z\u00f6ss\u00e9gekb\u0151l. Sza&#039;da v\u00e1lyogt\u00e9gla-s\u00e1ncai sz\u0151l\u0151- \u00e9s p\u00e1lma\u00fcltetv\u00e9nyeket v\u00e9denek, amelyek gy\u00fcm\u00f6lcsei a felf\u00f6ldi falvakat tartj\u00e1k fenn. Al Mahwit felh\u0151bor\u00edtotta farmokkal koron\u00e1zza a hegyeket; Bura&#039; monszun \u00e1ltal t\u00e1pl\u00e1lt erd\u0151ket rejt, amelyekhez foghat\u00f3t nem tal\u00e1l a f\u00e9lszigeten. Manakhah magas telep\u00fcl\u00e9se k\u00f6z\u00e9pkori dombtet\u0151n \u00e9p\u00fclt tervez\u00e9st mutat; Ma&#039;rib \u0151si g\u00e1tja, amelyet a legenda szerint egykor S\u00e1ba kir\u00e1lyn\u0151j\u00e9nek tulajdon\u00edtanak, hatalmas mez\u0151ket \u00f6nt\u00f6z\u0151 m\u00e9rn\u00f6ki brav\u00farokr\u00f3l tan\u00faskodik. Ibbben, a \u201eZ\u00f6ld Sz\u00edvben\u201d az \u00e9ves csapad\u00e9k\u00f6z\u00f6n k\u00e1v\u00e9- \u00e9s m\u00e9zv\u00f6lgyeket t\u00e1pl\u00e1l; a k\u00f6zeli Jiblah er\u0151d\u00edtett k\u0151h\u00e1zakt\u00f3l visszhangzik. Al Khawkhah p\u00e1lmaf\u00e1kkal \u00e1rny\u00e9kolt V\u00f6r\u00f6s-tengeri strandokat k\u00edn\u00e1l, m\u00edg Ta&#039;izz, a k\u00f6zt\u00e1rsas\u00e1g kultur\u00e1lis k\u00f6zpontja, a Jabal Sabir teraszos lejt\u0151i alatt fekszik. Hadhramautban tal\u00e1lhat\u00f3 Tarim \u00e9s Say&#039;un t\u00e9glapalot\u00e1i \u00e9s mecsetei a hadhrami eleganci\u00e1t t\u00fckr\u00f6zik. Al Mukalla modernit\u00e1ssal n\u00e9z az Arab-tengerre, partvid\u00e9ke m\u00e9gis \u00e1tadja hely\u00e9t Bir Ali \u00e9rintetlen homokj\u00e1nak. V\u00e9g\u00fcl a monszunhat\u00e1s eml\u00e9kek\u00e9nt \u0151rz\u00f6tt Hauf Nemzeti Park es\u0151erd\u0151k \u00e9s vadvil\u00e1g gy\u0171jt\u0151helyeit biztos\u00edtja, amelyeket az om\u00e1ni szomsz\u00e9dokkal is megosztanak.<\/p>\n<p>A l\u00e1togat\u00f3 sz\u00e1m\u00e1ra a t\u00e1rsadalmi norm\u00e1k diszkr\u00e9t viselked\u00e9st k\u00f6vetelnek meg. A politikai t\u00e9m\u00e1k \u2013 k\u00fcl\u00f6n\u00f6sen az Egyes\u00fclt \u00c1llamokkal vagy Izraellel kapcsolatos v\u00e9lem\u00e9nyek \u2013 nyugtalans\u00e1got v\u00e1lthatnak ki. A vall\u00e1s tiszteletet parancsol: a mecsetek \u00f6lt\u00f6zk\u00f6d\u00e9si szab\u00e1lyokat \u00edrnak el\u0151, a Ramad\u00e1n alatt pedig a nyilv\u00e1nos \u00e9tkez\u00e9sek \u00e9s doh\u00e1nyz\u00e1sok s\u00e9rtik a lakoss\u00e1got. A kamer\u00e1khoz enged\u00e9ly sz\u00fcks\u00e9ges; a n\u0151kr\u0151l vagy biztons\u00e1gi l\u00e9tes\u00edtm\u00e9nyekr\u0151l k\u00e9sz\u00fclt portr\u00e9k ellens\u00e9gesked\u00e9st v\u00e1lthatnak ki. A j\u00f3t\u00e9konys\u00e1gi k\u00e9sztet\u00e9sek jobban kifejez\u00e9sre jutnak az elismert j\u00f3t\u00e9konys\u00e1gi szervezeteken kereszt\u00fcl, mint a gyermekeknek adott r\u00f6gt\u00f6nz\u00f6tt aj\u00e1nd\u00e9kokon, amelyek f\u00fcgg\u0151s\u00e9get okozhatnak. Az alkudoz\u00e1s a kereskedelem k\u00f6z\u00e9ppontj\u00e1ban \u00e1ll; a k\u00fclf\u00f6ldiek sz\u00e1m\u00e1ra ritka a fix \u00e1rk\u00e9pz\u00e9s, \u00e9s a t\u00e1rgyal\u00e1s testes\u00edti meg a szok\u00e1st.<\/p>\n<p>Jemen \u00edgy tov\u00e1bbra is a kontrasztok f\u00f6ldje marad: a civiliz\u00e1ci\u00f3 b\u00f6lcs\u0151je, amelynek \u00e9p\u00edt\u00e9szete \u00e9s term\u00e9szeti csod\u00e1i dacolnak a konfliktusok puszt\u00edt\u00e1saival; egy olyan hely, ahol a vend\u00e9gszeretet a neh\u00e9zs\u00e9gek k\u00f6zepette is fennmarad, \u00e9s ahol minden v\u00f6lgy \u00e9s falu t\u00f6rt\u00e9nelem r\u00e9tegeit hordozza mag\u00e1ban. Jemen meg\u00e9rt\u00e9s\u00e9hez egyenl\u0151 m\u00e9rt\u00e9kben el kell ismerni szenved\u00e9s\u00e9t \u00e9s sz\u00e9ps\u00e9g\u00e9t, tiszteletben kell tartani hagyom\u00e1nyait \u00e9s n\u00e9p\u00e9t, \u00e9s fel kell ismerni, hogy \u2013 m\u00e9g a jelenlegi megpr\u00f3b\u00e1ltat\u00e1sai k\u00f6zepette is \u2013 Jemen \u00f6r\u00f6ks\u00e9ge form\u00e1lja mind a m\u00faltat, mind a t\u00e1gabb arab vil\u00e1g \u00edg\u00e9ret\u00e9t.<\/p>","protected":false},"excerpt":{"rendered":"<p>A Nyugat-\u00c1zsi\u00e1ban tal\u00e1lhat\u00f3 Jemen lakoss\u00e1ga 2024-ben k\u00f6r\u00fclbel\u00fcl 40,8 milli\u00f3 f\u0151, \u00edgy a vil\u00e1g 37. legn\u00e9pesebb orsz\u00e1ga. A strat\u00e9giailag k\u00f6zel 528 000 n\u00e9gyzetkilom\u00e9ter ter\u00fcletet lefed\u0151 d\u00e9l-Ar\u00e1bi\u00e1ban ez a nemzet \u00e9szakon Sza\u00fad-Ar\u00e1bi\u00e1t\u00f3l, \u00e9szakkeleten pedig Om\u00e1nt\u00f3l hat\u00e1ros. Jemen 2000 kilom\u00e9teres partvonala az Indiai-\u00f3ce\u00e1nt\u00f3l d\u00e9len a V\u00f6r\u00f6s-tengerig h\u00faz\u00f3dik nyugatra. Ez az Afrika szarv\u00e1n t\u00falny\u00fal\u00f3 f\u00f6ldrajzi t\u00e1jol\u00e1s tengeri hat\u00e1rokat k\u00e9pez Eritrea, Dzsibuti \u00e9s Szom\u00e1lia k\u00f6z\u00f6tt.<\/p>","protected":false},"author":1,"featured_media":3216,"parent":24063,"menu_order":0,"comment_status":"closed","ping_status":"closed","template":"elementor_theme","meta":{"_eb_attr":"","footnotes":""},"class_list":["post-15430","page","type-page","status-publish","has-post-thumbnail"],"_links":{"self":[{"href":"https:\/\/travelshelper.com\/hu\/wp-json\/wp\/v2\/pages\/15430","targetHints":{"allow":["GET"]}}],"collection":[{"href":"https:\/\/travelshelper.com\/hu\/wp-json\/wp\/v2\/pages"}],"about":[{"href":"https:\/\/travelshelper.com\/hu\/wp-json\/wp\/v2\/types\/page"}],"author":[{"embeddable":true,"href":"https:\/\/travelshelper.com\/hu\/wp-json\/wp\/v2\/users\/1"}],"replies":[{"embeddable":true,"href":"https:\/\/travelshelper.com\/hu\/wp-json\/wp\/v2\/comments?post=15430"}],"version-history":[{"count":0,"href":"https:\/\/travelshelper.com\/hu\/wp-json\/wp\/v2\/pages\/15430\/revisions"}],"up":[{"embeddable":true,"href":"https:\/\/travelshelper.com\/hu\/wp-json\/wp\/v2\/pages\/24063"}],"wp:featuredmedia":[{"embeddable":true,"href":"https:\/\/travelshelper.com\/hu\/wp-json\/wp\/v2\/media\/3216"}],"wp:attachment":[{"href":"https:\/\/travelshelper.com\/hu\/wp-json\/wp\/v2\/media?parent=15430"}],"curies":[{"name":"wp","href":"https:\/\/api.w.org\/{rel}","templated":true}]}}