{"id":15420,"date":"2024-09-20T23:51:22","date_gmt":"2024-09-20T23:51:22","guid":{"rendered":"https:\/\/travelshelper.com\/staging\/?page_id=15420"},"modified":"2026-03-11T18:34:32","modified_gmt":"2026-03-11T18:34:32","slug":"ulanbator","status":"publish","type":"page","link":"https:\/\/travelshelper.com\/hu\/destinations\/asia\/mongolia\/ulaanbaatar\/","title":{"rendered":"Ul\u00e1nb\u00e1tor"},"content":{"rendered":"<p>Ul\u00e1nb\u00e1tor egy olyan helyen fekszik, ahol a magaslati leveg\u0151 tal\u00e1lkozik Mong\u00f3lia sztyepp\u00e9j\u00e9nek hatalmas kiterjed\u00e9s\u00e9vel. Nagyj\u00e1b\u00f3l 1350 m\u00e9terrel a tengerszint felett, a Szelenge mell\u00e9kfoly\u00f3ja, a Tuul \u00e1ltal v\u00e1jt foly\u00f3v\u00f6lgyben fekszik. N\u00e9gy \u0151rszemcs\u00facs \u2013 nyugaton a Szongino Hajhan, \u00e9szakon a Csingeltej \u00e9s a Bajanz\u00fcrk, d\u00e9len pedig az erd\u0151s Bogd Khan \u2013 veszi k\u00f6r\u00fcl a v\u00e1rost, amely a szib\u00e9riai anticiklon hat\u00e1sa alatt \u00e1ll, amely h\u00edresen keser\u0171 telet \u00e9s r\u00f6vid, meleg nyarat hoz. A m\u00ednusz 40 \u00b0C-os reggelek f\u00e1jdalma ellen\u00e9re Ul\u00e1nb\u00e1tor 0,2 \u00b0C-os \u00e9ves \u00e1tlagh\u0151m\u00e9rs\u00e9klete a vil\u00e1g leghidegebb nemzeti f\u0151v\u00e1ros\u00e1v\u00e1 teszi \u00e9ves \u00e1tlagban, ezt a h\u0151m\u00e9rs\u00e9kletet csak a gr\u00f6nlandi Nuuk v\u00e1rosa \u00e9rte el sz\u00e9ls\u0151s\u00e9gesen. \u00c9ghajlati besorol\u00e1sa a hideg, f\u00e9lsz\u00e1raz (BSk) \u00e9s a szubarktikus (Dwc) t\u00edpusok hat\u00e1r\u00e1n helyezkedik el, a perzsel\u0151 j\u00faliusi 39 \u00b0C-os cs\u00facsh\u0151m\u00e9rs\u00e9klet \u00e9s a janu\u00e1ri sarkvid\u00e9ki csend k\u00f6z\u00f6tti \u00e9les ingadoz\u00e1sok mind \u00e9p\u00edt\u00e9szet\u00e9t, mind \u00e9letm\u00f3dj\u00e1t alak\u00edtj\u00e1k.<\/p>\n\n\n\n<p>A modern Ul\u00e1nb\u00e1tor gy\u00f6kerei 1639-ig ny\u00falnak vissza, amikor Zanabazar, a mongol buddhizmus els\u0151 spiritu\u00e1lis vezet\u0151je, egy mozgathat\u00f3 szerzetesi enkl\u00e1v\u00e9t hozott l\u00e9tre, amelyet \u00d6rg\u00f6\u00f6 n\u00e9ven ismertek. A nom\u00e1d \u00e9letm\u00f3dot folytat\u00f3 vall\u00e1si k\u00f6zpont k\u00f6zel 140 \u00e9v alatt huszonkilencszer k\u00f6lt\u00f6z\u00f6tt, szorosan k\u00f6t\u0151dve Mong\u00f3lia p\u00e1sztori t\u00e1rsadalm\u00e1nak ritmus\u00e1hoz. Csak 1778-ban szakadt el \u00d6rg\u00f6\u00f6 v\u00e9gleg a mobilit\u00e1st\u00f3l, \u00e9s a Tuul foly\u00f3 k\u00f6zel\u00e9ben horgonyzott le a karav\u00e1n\u00fatvonal ment\u00e9n, amely az orosz-k\u00ednai hat\u00e1ron fekv\u0151 Kyakhta \u00e9s Peking k\u00f6z\u00f6tt haladt. A Csing-dinasztia 1911-es buk\u00e1s\u00e1val a v\u00e1ros egyh\u00e1zi eredet\u00e9n t\u00fal a f\u00fcggetlens\u00e9g olvaszt\u00f3t\u00e9gely\u00e9v\u00e9 n\u0151tte ki mag\u00e1t. A nyolcadik Dzsebcundamba Hutuktu alatt a r\u00f6vid \u00e9let\u0171 Bogd Khan\u00e1tus f\u0151v\u00e1rosa lett, majd az 1921-es kommunista forradalom ut\u00e1n, 1924-ben, a Mongol N\u00e9pk\u00f6zt\u00e1rsas\u00e1g megsz\u00fclet\u00e9s\u00e9vel \u00e1tkeresztelt\u00e9k Ul\u00e1nb\u00e1tornak \u2013 V\u00f6r\u00f6s H\u0151snek.<\/p>\n\n\n\n<p>A szovjet korabeli tervez\u00e9s \u00e1talak\u00edtotta Ul\u00e1nb\u00e1tor arc\u00e1t az 1950-es \u00e9vekben. A fa jurt\u00e1kat egyforma lak\u00f3h\u00e1zak v\u00e1ltott\u00e1k fel, a k\u00f6rutak kisz\u00e9lesedtek, \u00e9s a k\u00f6zterek \u00faj pomp\u00e1t \u00f6lt\u00f6ttek. A v\u00e1ros sz\u00edv\u00e9ben tal\u00e1lhat\u00f3 S\u00fckhbaatar t\u00e9r a v\u00e1ros h\u0151seit mutatja be: Damdin S\u00fckhbaatart parip\u00e1j\u00e1n lovagol, Dzsingisz k\u00e1n pedig \u00e9szak fel\u00e9 tekint, a Korm\u00e1nyzati Palota \u00e9s a B\u00e9ke sug\u00e1r\u00fat \u00edve szeg\u00e9lyezi. A m\u00falt eml\u00e9kei azonban m\u00e1ig fennmaradtak \u2013 a Gandantegcsinlen kolostor, a bogd k\u00e1n T\u00e9li Palot\u00e1ja \u00e9s a Csajin L\u00e1ma temploma eml\u00e9keztetnek arra a szerzetesi v\u00e1rosra, amely egykor a zar\u00e1ndokok ker\u00fcl\u0151\u00fatjait jel\u00f6lte ki, \u00e9s ma m\u00e1r az \u00fath\u00e1l\u00f3zatba vannak bev\u00e9sve. Ami\u00f3ta az 1990-es demokratikus t\u00fcntet\u00e9sek megd\u00f6nt\u00f6tt\u00e9k az egyp\u00e1rtrendszert, Ul\u00e1nb\u00e1tor p\u00e9ld\u00e1tlan sz\u00e1mban fogadott migr\u00e1nsokat, lakoss\u00e1ga 2007-ben kevesebb mint egymilli\u00f3r\u00f3l 2022 v\u00e9g\u00e9re k\u00f6r\u00fclbel\u00fcl 1,6 milli\u00f3ra n\u0151tt.<\/p>\n\n\n\n<p>Ez a gyors n\u00f6veked\u00e9s meghaladta az infrastrukt\u00fara fejl\u0151d\u00e9s\u00e9t, \u00edgy a lakosok k\u00e9tharmada az \u00e9szaki perif\u00e9ri\u00e1n tal\u00e1lhat\u00f3 jurtnegyedekben \u00e9l. Megb\u00edzhat\u00f3 v\u00edz, csatorn\u00e1z\u00e1s \u00e9s aszfaltozott utak hi\u00e1ny\u00e1ban ezek a k\u00f6rny\u00e9kek saj\u00e1t \u00e9p\u00edt\u00e9s\u0171 jurt\u00e1kra \u00e9s sz\u00e9nt\u00fczel\u00e9s\u0171 k\u00e1lyh\u00e1kra t\u00e1maszkodnak. T\u00e9len fojtogat\u00f3 k\u00f6dbe burkolj\u00e1k a v\u00e1rost, mik\u00f6zben Ul\u00e1nb\u00e1tor a bolyg\u00f3 egyik legrosszabb leveg\u0151min\u0151s\u00e9gi besorol\u00e1s\u00e1t kapja. A gyermekkori t\u00fcd\u0151gyullad\u00e1s ar\u00e1nya emelkedik, \u00e9s a k\u00f6zeg\u00e9szs\u00e9g\u00fcgyi teher k\u00e9zzelfoghat\u00f3v\u00e1 v\u00e1lik a r\u00e9szecskeszennyez\u00e9s minden laborat\u00f3riumi sz\u00e1m\u00e1ban. Ek\u00f6zben a bels\u0151 magban egy \u00e9p\u00edt\u00e9si fellend\u00fcl\u00e9s \u00faj felh\u0151karcol\u00f3kat rep\u00edt az \u00e9gbe \u2013 n\u00e9melyik enged\u00e9lyezett, m\u00e1sokat jogi bizonytalans\u00e1gban emelnek \u2013, amelyek egy egyszerre vir\u00e1gz\u00f3 \u00e9s szab\u00e1lyozatlan gazdas\u00e1g bizony\u00edt\u00e9kai.<\/p>\n\n\n\n<p>Mong\u00f3lia politikai \u00e9s p\u00e9nz\u00fcgyi k\u00f6zpontjak\u00e9nt Ul\u00e1nb\u00e1tor az orsz\u00e1g lakoss\u00e1g\u00e1nak k\u00f6zel fel\u00e9t ad otthont a saj\u00e1t k\u00f6zigazgat\u00e1si hat\u00e1rain bel\u00fcl. A k\u00f6rnyez\u0151 T\u00f6v tartom\u00e1nyt\u00f3l \u2013 amelynek saj\u00e1t f\u0151v\u00e1rosa, Zuunmod, 43 kilom\u00e9terre d\u00e9lre fekszik \u2013 elk\u00fcl\u00f6n\u00edtve korm\u00e1nyozz\u00e1k, \u00edgy a v\u00e1rosban tal\u00e1lhat\u00f3k az orsz\u00e1g kultur\u00e1lis int\u00e9zm\u00e9nyei, v\u00e1llalati k\u00f6zpontjai \u00e9s k\u00f6zleked\u00e9si \u00fatvonalai. Az MCS Group, a Tavan Bogd \u00e9s a Mobicom a helyi konglomer\u00e1tumok k\u00f6z\u00e9 tartozik, a Boroo \u00e9s azon t\u00fali k\u00f6zeli aranylel\u0151helyeket kiakn\u00e1z\u00f3 k\u00fclf\u00f6ldi b\u00e1ny\u00e1szati \u200b\u200bv\u00e1llalkoz\u00e1sok mellett. A szolg\u00e1ltat\u00f3ipar a v\u00e1ros GDP-j\u00e9nek mintegy 43 sz\u00e1zal\u00e9k\u00e1t teszi ki, m\u00edg a b\u00e1ny\u00e1szat tov\u00e1bbi 25 sz\u00e1zal\u00e9kkal j\u00e1rul hozz\u00e1 a tev\u00e9kenys\u00e9g\u00e9hez. Az \u00e1rupiaci \u00e1rak ingadoz\u00e1s\u00e1nak k\u00eds\u00e9rtete azonban, ahogyan azt a 2008-as gazdas\u00e1gi visszaes\u00e9s is mutatta, diverzifik\u00e1ci\u00f3s kezdem\u00e9nyez\u00e9seket \u00f6szt\u00f6n\u00f6z, startupokat hozva l\u00e9tre a technol\u00f3gia, a p\u00e9nz\u00fcgy \u00e9s a turizmus ter\u00fclet\u00e9n.<\/p>\n\n\n\n<p>Ezen a v\u00e1rosi falisz\u0151nyegen bel\u00fcl vir\u00e1gzik az \u0151si \u00e9s a modern m\u0171v\u00e9szeti form\u00e1k egyar\u00e1nt. A kolostorok kincseket \u0151rzik: a Gandan kolostor 26,5 m\u00e9teres aranyozott Avalokite\u015bvara-szobra \u00e9s a Choijin L\u00e1ma templom kuri\u00f3zumokkal teli gal\u00e9ri\u00e1i t\u00fal\u00e9lt\u00e9k a tisztogat\u00e1sokat, amelyek oly sok vall\u00e1si helysz\u00ednt tettek egyenl\u0151v\u00e9. A Zanabazar Sz\u00e9pm\u0171v\u00e9szeti M\u00fazeum Mong\u00f3lia leg\u00fcnnepeltebb m\u0171v\u00e9sz-szentj\u00e9nek remekm\u0171veit \u0151rzi, m\u00edg a Nemzeti M\u00fazeum az \u0151skort\u00f3l a Mongol Birodalmon \u00e1t az emberi l\u00e1bnyomokat k\u00f6veti nyomon. Az Ul\u00e1nb\u00e1tori Operah\u00e1z balettet \u00e9s szimfonikus koncerteket ad el\u0151 olyan int\u00e9zm\u00e9nyekkel egy\u00fcttm\u0171k\u00f6dve, mint Boston el\u0151ad\u00f3m\u0171v\u00e9szeti egy\u00fcttesei. N\u00e9pi egy\u00fcttesek \u2013 a Tumen Ekh, a Morin Khuur Egy\u00fcttes \u00e9s az \u00c1llami Nagy Nemzeti Zenekar \u2013 bej\u00e1rj\u00e1k a vil\u00e1got, t\u00e1voli sz\u00ednpadokra viszik a hossz\u00fa dalok, a l\u00f3fejes heged\u0171 \u00e9s a cam maszkos t\u00e1ncok rezonanci\u00e1j\u00e1t.<\/p>\n\n\n\n<p>A parkok \u00e9s a v\u00e9dett ter\u00fcletek \u00edvet alkotnak a v\u00e1ros k\u00f6r\u00fcl. A Bogd Khan Uul v\u00e9dett \u00f6vezet, egy 67 300 hekt\u00e1ros, XII. sz\u00e1zadi m\u0171eml\u00e9k, oldalain v\u00f6r\u00f6sfeny\u0151 \u00e9s feny\u0151f\u00e1k tal\u00e1lhat\u00f3k, \u00e9s a XII. sz\u00e1zadi Mandzsusri kolostor romjaival hasonl\u00edt \u00f6ssze. A 70 kilom\u00e9terre keletre fekv\u0151 Gorkhi-Terelj Nemzeti Park t\u00fara\u00fatvonalaival \u00e9s Dzsingisz k\u00e1n 40 m\u00e9teres lovasszobr\u00e1val h\u00edvogatja a kir\u00e1ndul\u00f3kat, melynek t\u00f6v\u00e9ben aj\u00e1nd\u00e9kt\u00e1rgyak \u00e1llnak. A v\u00e1ros hat\u00e1rain bel\u00fcl tal\u00e1lhat\u00f3 a Nemzeti Kertpark \u2013 55 hekt\u00e1r, t\u00f6bb mint 100 000 f\u00e1val \u2013, amelynek c\u00e9lja, hogy a lakosokat a k\u00f6rnyezettudatoss\u00e1gra oktassa, m\u00edg kisebb ligetek a r\u00e9gi id\u0151k alakjainak \u00e1ll\u00edtanak eml\u00e9ket, vagy a Korea-Mong\u00f3lia bar\u00e1ts\u00e1got \u00e1polj\u00e1k.<\/p>\n\n\n\n<p>Ul\u00e1nb\u00e1tor utc\u00e1i r\u00e9git \u00e9s \u00fajat \u00f6tv\u00f6znek. A B\u00e9ke sug\u00e1r\u00fat, amely egykor \u00d6rg\u00f6\u00f6 Ch\u00f6l\u00f6\u00f6je volt, kelet-nyugati ir\u00e1nyban h\u00faz\u00f3dik a k\u00f6zponti t\u00e9ren kereszt\u00fcl, j\u00e1rd\u00e1it az \u00c1llami \u00c1ruh\u00e1z \u00e9s a p\u00e1rolt buuzokat \u00e9s \u00e9dess\u00e9geket k\u00edn\u00e1l\u00f3 k\u00e1v\u00e9z\u00f3k szeg\u00e9lyezik. Az Ikh Toiruu k\u00f6rgy\u0171r\u0171 a zar\u00e1ndokok ima\u00fatjait k\u00f6veti az elt\u0171nt templomok k\u00f6r\u00fcl, \u00e9s keresztezi a Narnii Zamot, a Nap \u00fatj\u00e1t, amely jap\u00e1n seg\u00edts\u00e9gnek k\u00f6sz\u00f6nhet\u0151en j\u00f6tt l\u00e9tre. K\u00f6zvetlen\u00fcl m\u00f6g\u00f6tt\u00fck emelkednek az \u00e9szaki jurta negyedek, f\u00f6ldutakkal tark\u00edtott h\u00e1l\u00f3zatukat inform\u00e1lis piacok tark\u00edtj\u00e1k. D\u00e9len a gazdag negyedek a Tuul fel\u00e9 terjeszkednek, ahol ny\u00e1ri d\u00e1cs\u00e1k \u2013 az orosz d\u00e1cs\u00e1kra eml\u00e9keztet\u0151 zuslanok \u2013 \u00e1llnak a ny\u00e1rf\u00e1k \u00e9s f\u0171zf\u00e1k k\u00f6z\u00f6tt, h\u00e9tv\u00e9gi grillez\u00e9seknek adnak otthont, \u00e9s id\u0151nk\u00e9nt a p\u00e1sztor lova legel\u00e9sz a nap v\u00e9g\u00e9n.<\/p>\n\n\n\n<p>A t\u00f6megk\u00f6zleked\u00e9s t\u00f6bb mint 660 000 regisztr\u00e1lt j\u00e1rm\u0171vel rendelkez\u0151 v\u00e1rost tart fenn. A buszok domin\u00e1lnak: tizenkilenc v\u00e1llalat 950 j\u00e1rm\u0171ve 105 \u00fatvonalon k\u00f6zlekedik, naponta k\u00f6zel f\u00e9lmilli\u00f3 utast sz\u00e1ll\u00edtva. Az \u201eU Money\u201d intelligens k\u00e1rty\u00e1s viteld\u00edjrendszer 2015-ben felv\u00e1ltotta a kalauzokat, egyszer\u0171s\u00edtve a feln\u0151ttek sz\u00e1m\u00e1ra 300\u2013500 t\u00f6gr\u00f6gbe ker\u00fcl\u0151 utakat. A trolibuszok \u00e9s a minibuszok bet\u00f6ltik a hi\u00e1nyoss\u00e1gokat; a hivatalos taxik, amelyek sz\u00e1ma jelenleg 372, kijel\u00f6lt sorokban k\u00f6zlekednek, m\u00edg az enged\u00e9ly n\u00e9lk\u00fcli taxik \u00e9s az olyan fuvarmegoszt\u00f3 alkalmaz\u00e1sok, mint az UBCab, \u00e1rny\u00e9kban vir\u00e1goznak. A forgalom a B\u00e9ke sug\u00e1r\u00faton, az Ikh Toiruu-n, a Narnii Zam-on \u00e9s a Dzsingisz sug\u00e1r\u00faton lass\u00fa forgalommal halad, az \u00e1tlagos cs\u00facsforgalmi sebess\u00e9g 2021-ben 9 km\/h al\u00e1 esik, \u00e9s a torl\u00f3d\u00e1sok n\u00f6veked\u00e9s\u00e9vel v\u00e1rhat\u00f3an tov\u00e1bb lassul.<\/p>\n\n\n\n<p>Ul\u00e1nb\u00e1tort a Transzmong\u00f3liai Vas\u00faton kereszt\u00fcl vas\u00fati \u00f6sszek\u00f6ttet\u00e9s k\u00f6ti Oroszorsz\u00e1ggal \u00e9s K\u00edn\u00e1val, \u00e9s \u00f6t helikopter-lesz\u00e1ll\u00f3hely tark\u00edtja l\u00e1tk\u00e9p\u00e9t. A 2021-ben a T\u00f6v tartom\u00e1nybeli Szergelenben felavatott Dzsingisz K\u00e1n Nemzetk\u00f6zi Rep\u00fcl\u0151t\u00e9r a r\u00e9gi Bujant-Ukhaa rep\u00fcl\u0151teret v\u00e1ltotta fel. Termin\u00e1ljai Eur\u00f3p\u00e1ba, Kelet-\u00c1zsi\u00e1ba \u00e9s belf\u00f6ldi l\u00e9giforgalmi k\u00f6zpontokba ind\u00edtanak j\u00e1ratokat, a v\u00e1roshoz pedig shuttle buszok \u00e9s aut\u00f3p\u00e1ly\u00e1k kapcsol\u00f3dnak. A v\u00e1roson bel\u00fcl a k\u00f6zleked\u00e9stervez\u0151k \u00e1rad\u00e1sokkal k\u00fczdenek; a burkolt utaknak csak 16 sz\u00e1zal\u00e9ka rendelkezik v\u00edzelvezet\u00e9ssel, \u00edgy a tavaszi olvad\u00e1sok vizes vesz\u00e9lyt jelentenek a ger k\u00f6rny\u00e9keken.<\/p>\n\n\n\n<p>A l\u00e1togat\u00f3k sz\u00e1m\u00e1ra a gyakorlatiass\u00e1g \u00f6sszefon\u00f3dik a t\u00f6rt\u00e9nelemmel. A bankautomat\u00e1k b\u0151s\u00e9gesen \u00e1llnak rendelkez\u00e9sre \u2013 a Golomt \u00e9s a TDB bankok nemzetk\u00f6zi k\u00e1rty\u00e1kkal is kiadnak t\u00f6gr\u00f6g\u00f6t, b\u00e1r k\u00f6r\u00fclbel\u00fcl 3 sz\u00e1zal\u00e9kos d\u00edjat sz\u00e1m\u00edtanak fel, \u00e9s csak a rep\u00fcl\u0151t\u00e9ri automat\u00e1k fogadj\u00e1k el a Cirrust. A B\u00e9ke sug\u00e1r\u00faton a p\u00e9nzv\u00e1lt\u00f3k versenyk\u00e9pes \u00e1rakat k\u00edn\u00e1lnak, m\u00edg a nagyobb sz\u00e1llod\u00e1k a nap 24 \u00f3r\u00e1j\u00e1ban cser\u00e9lnek p\u00e9nzt. A b\u0171n\u00f6z\u00e9s a perif\u00e9ri\u00e1ra koncentr\u00e1l\u00f3dik: a zs\u00fafolt ter\u00fcletek, a kivil\u00e1g\u00edtatlan sik\u00e1torok \u00e9s a zs\u00fafolt piacok fokozott \u00e9bers\u00e9get indokolnak a zsebtolvajl\u00e1sok elker\u00fcl\u00e9se \u00e9rdek\u00e9ben; a v\u00e1rosk\u00f6zpont ehhez k\u00e9pest viszonylag biztons\u00e1gos marad. Alkalmank\u00e9nt el\u0151fordulnak idegengy\u0171l\u00f6l\u0151 incidensek, amelyekben ittas j\u00e1r\u00f3kel\u0151k is \u00e9rintettek; a b\u00e1rokban \u00e9s taxikban val\u00f3 diszkr\u00e9ci\u00f3, valamint az \u00e9jszakai csoportos utaz\u00e1s cs\u00f6kkenti a kock\u00e1zatok nagy r\u00e9sz\u00e9t.<\/p>\n\n\n\n<p>L\u00e9tez\u00e9s\u00e9nek hatodik szakasz\u00e1ban \u2013 az 1639\u20131778 k\u00f6z\u00f6tti szerzetesi mobilit\u00e1sban; az 1778\u20131924 k\u00f6z\u00f6tti Csing-dinasztia Urg\u00e1ja alatt; az 1924\u20131990 k\u00f6z\u00f6tti Szocialista K\u00f6zt\u00e1rsas\u00e1gban; a sov\u00e1ny 1990-es \u00e9vekben; \u00e9s a 2000 \u00f3ta tart\u00f3 robban\u00e1sszer\u0171 n\u00f6veked\u00e9sben \u2013 Ul\u00e1nb\u00e1tor identit\u00e1sr\u00e9tegeket t\u00e1r fel. Minden r\u00e9teg nyomokat hagy maga ut\u00e1n: faker\u00edt\u00e9sek, amelyek a templomok k\u00f6r\u00fclker\u00edt\u00e9seire eml\u00e9keztetnek; szovjet korabeli lak\u00e1sok, amelyek helyet adnak az \u00fcveges tornyoknak; s\u00e1ros jurt\u00e1k, amelyeket neonf\u00e9nyes sz\u00e1llodarekl\u00e1mok \u00e1rny\u00e9kolnak be. A sz\u00e9ls\u0151s\u00e9ges h\u0151m\u00e9rs\u00e9klet \u00e9s egyenl\u0151tlens\u00e9gek k\u00f6zepette Ul\u00e1nb\u00e1tor tov\u00e1bbra is Mong\u00f3lia idegk\u00f6zpontjak\u00e9nt kov\u00e1csolja a modernit\u00e1st a nom\u00e1d szok\u00e1sok, a buddhista tanul\u00e1s \u00e9s a neh\u00e9zs\u00e9gekhez val\u00f3 rugalmas alkalmazkod\u00e1s alapjaira \u00e9p\u00edtve. Folyamatosan v\u00e1ltoz\u00f3 l\u00e1tk\u00e9pe t\u00fckr\u00f6zi a m\u00f6g\u00f6tte elter\u00fcl\u0151 sztyepp\u00e9ket \u2013 nyitott az \u00e9g fel\u00e9, a sz\u00e9l form\u00e1lja, \u00e9s azok az emberek \u00e9ltetik, akik ezt a hideg v\u00f6lgyet otthonuknak nevezik.<\/p>","protected":false},"excerpt":{"rendered":"<p>Ul\u00e1nb\u00e1tor, Mong\u00f3lia f\u0151v\u00e1rosa \u00e9s legnagyobb v\u00e1rosa 1,6 milli\u00f3 lakossal rendelkezik, \u00e9s az \u00e9ves \u00e1tlagh\u0151m\u00e9rs\u00e9klet alapj\u00e1n a vil\u00e1g leghidegebb f\u0151v\u00e1rosa. Ez a ny\u00fczsg\u0151 v\u00e1ros K\u00f6z\u00e9p-Mong\u00f3lia \u00e9szaki r\u00e9sz\u00e9n, k\u00f6r\u00fclbel\u00fcl 1300 m\u00e9teres magass\u00e1gban tal\u00e1lhat\u00f3, \u00e9s leny\u0171g\u00f6z\u0151 t\u00f6rt\u00e9nelemmel b\u00fcszk\u00e9lkedhet, amely k\u00f6zel n\u00e9gy \u00e9vsz\u00e1zadra ny\u00falik vissza. A v\u00e1ros \u00e1talakul\u00e1sa nom\u00e1d buddhista kolostori k\u00f6zpontb\u00f3l kort\u00e1rs v\u00e1rosi k\u00f6zpontt\u00e1 t\u00fckr\u00f6zi Mong\u00f3lia gazdag kultur\u00e1lis \u00f6r\u00f6ks\u00e9g\u00e9t \u00e9s nemzetk\u00e9nt val\u00f3 fejl\u0151d\u00e9s\u00e9t.<\/p>","protected":false},"author":1,"featured_media":3043,"parent":15411,"menu_order":0,"comment_status":"closed","ping_status":"closed","template":"elementor_theme","meta":{"_eb_attr":"","footnotes":""},"class_list":["post-15420","page","type-page","status-publish","has-post-thumbnail"],"_links":{"self":[{"href":"https:\/\/travelshelper.com\/hu\/wp-json\/wp\/v2\/pages\/15420","targetHints":{"allow":["GET"]}}],"collection":[{"href":"https:\/\/travelshelper.com\/hu\/wp-json\/wp\/v2\/pages"}],"about":[{"href":"https:\/\/travelshelper.com\/hu\/wp-json\/wp\/v2\/types\/page"}],"author":[{"embeddable":true,"href":"https:\/\/travelshelper.com\/hu\/wp-json\/wp\/v2\/users\/1"}],"replies":[{"embeddable":true,"href":"https:\/\/travelshelper.com\/hu\/wp-json\/wp\/v2\/comments?post=15420"}],"version-history":[{"count":0,"href":"https:\/\/travelshelper.com\/hu\/wp-json\/wp\/v2\/pages\/15420\/revisions"}],"up":[{"embeddable":true,"href":"https:\/\/travelshelper.com\/hu\/wp-json\/wp\/v2\/pages\/15411"}],"wp:featuredmedia":[{"embeddable":true,"href":"https:\/\/travelshelper.com\/hu\/wp-json\/wp\/v2\/media\/3043"}],"wp:attachment":[{"href":"https:\/\/travelshelper.com\/hu\/wp-json\/wp\/v2\/media?parent=15420"}],"curies":[{"name":"wp","href":"https:\/\/api.w.org\/{rel}","templated":true}]}}