{"id":15411,"date":"2024-09-20T23:46:15","date_gmt":"2024-09-20T23:46:15","guid":{"rendered":"https:\/\/travelshelper.com\/staging\/?page_id=15411"},"modified":"2026-03-11T18:34:23","modified_gmt":"2026-03-11T18:34:23","slug":"mongolia","status":"publish","type":"page","link":"https:\/\/travelshelper.com\/hu\/destinations\/asia\/mongolia\/","title":{"rendered":"Mong\u00f3lia"},"content":{"rendered":"<p>Mong\u00f3lia \u00c1zsia belsej\u00e9nek hatalmas kiterjed\u00e9s\u0171, nagyj\u00e1b\u00f3l 1 564 116 n\u00e9gyzetkilom\u00e9teres szuver\u00e9n ter\u00fclete, amely semmilyen tengerhez vagy t\u00f3hoz nem kapcsol\u00f3dik. \u00c9szakon Oroszorsz\u00e1ggal, d\u00e9len \u00e9s d\u00e9lkeleten K\u00edn\u00e1val hat\u00e1ros, \u00edgy a legnagyobb sz\u00e1razf\u00f6ldi nemzet, amely nem csatlakozik beltengerhez. Felsz\u00edne nagy vonalakban rajzol\u00f3dik ki: a k\u00f6z\u00e9ps\u0151 fenns\u00edkon hull\u00e1mz\u00f3 f\u00fcves ter\u00fcletek h\u00faz\u00f3dnak, m\u00edg \u00e9szakon \u00e9s nyugaton hegyvonulatok emelkednek, d\u00e9li r\u00e9sz\u00e9n pedig a G\u00f3bi-sivatag \u2013 egy legel\u0151, amely t\u00f6bb, mint kop\u00e1r homoktenger \u2013 h\u00faz\u00f3dik. Alig t\u00f6bb mint 3,5 milli\u00f3s lakoss\u00e1g\u00e1val Mong\u00f3lia a f\u00fcggetlen \u00e1llamok k\u00f6z\u00f6tt a legalacsonyabb n\u00e9ps\u0171r\u0171s\u00e9g rekordj\u00e1t tartja. Lakosainak fele Ul\u00e1nb\u00e1torban, a vil\u00e1g leghidegebb f\u0151v\u00e1ros\u00e1ban \u00e9l, \u00edgy a fennmarad\u00f3 ter\u00fclet figyelemre m\u00e9lt\u00f3an nyitott \u00e9s ritk\u00e1n lakott.<\/p>\n\n\n\n<p>Mong\u00f3lia legkeletibb cs\u00fccske a 120\u00b0 keleti hossz\u00fas\u00e1g k\u00f6zel\u00e9ben fekszik, nagyj\u00e1b\u00f3l a k\u00ednai Hangcsouval egy vonalban, m\u00edg nyugati hat\u00e1ra a 87\u00b0 keleti hossz\u00fas\u00e1g k\u00f6zel\u00e9ben van \u2013 ami majdnem megegyezik Kalkutta hossz\u00fas\u00e1g\u00e1val. Sz\u00e9less\u00e9gi foka, amely k\u00f6r\u00fclbel\u00fcl 41\u00b0 \u00e9szaki sz\u00e9less\u00e9gt\u0151l valamivel 52\u00b0 \u00e9szaki sz\u00e9less\u00e9g f\u00f6l\u00e9 esik, az orsz\u00e1got R\u00f3ma \u00e9s Berlin, illetve Chicago \u00e9s Saskatoon sz\u00e9less\u00e9gi k\u00f6rei k\u00f6z\u00e9, azaz a vil\u00e1g\u0171rbe helyezi. Ezek a f\u00f6ldrajzi vonatkoztat\u00e1si pontok azonban meghazudtolj\u00e1k azokat az \u00e9ghajlati sz\u00e9ls\u0151s\u00e9geket, amelyek meghat\u00e1rozz\u00e1k az \u00e9letet ezen a magas fenns\u00edkon. Az \u00e9ves csapad\u00e9kmennyis\u00e9g \u00e9szakr\u00f3l d\u00e9lre cs\u00f6kken, az erd\u0151s hegyvid\u00e9keken mintegy 200-350 millim\u00e9terr\u0151l a G\u00f3bi-hegys\u00e9g egyes r\u00e9szein ak\u00e1r 40 millim\u00e9terre is cs\u00f6kkenhet. A telek k\u00f6ny\u00f6rtelen szib\u00e9riai anticiklont hoznak magukkal, amely egyes v\u00f6lgyekben -30 \u00b0C al\u00e1 s\u00fcllyeszti a h\u0151m\u00e9rs\u00e9kletet, m\u00edg a ny\u00e1r intenz\u00edv h\u0151s\u00e9get, \u00e9s a sivatagon k\u00edv\u00fcl heves es\u0151z\u00e9seket is hozhat.<\/p>\n\n\n\n<p>Mong\u00f3lia emberi t\u00f6rt\u00e9nete \u00e9vezredek nom\u00e1d konf\u00f6der\u00e1ci\u00f3ira ny\u00falik vissza. Dzsingisz k\u00e1n 1206-os tr\u00f3nra l\u00e9p\u00e9se el\u0151tt a sztyepp\u00e9ket k\u00fcl\u00f6nb\u00f6z\u0151 id\u0151pontokban a hsungnu, a hszianbei, a rur\u00e1n, majd az egym\u00e1st k\u00f6vet\u0151 t\u00fcrk \u00e9s ujgur kagan\u00e1tusok uralt\u00e1k. Amikor Tem\u00fcdzsin \u2013 a k\u00e9s\u0151bbi Dzsingisz k\u00e1n \u2013 egyes\u00edtette a mongolokat, elind\u00edtotta annak a l\u00e9trehoz\u00e1s\u00e1t, amely a t\u00f6rt\u00e9nelem legnagyobb \u00f6sszef\u00fcgg\u0151 sz\u00e1razf\u00f6ldi birodalm\u00e1v\u00e1 v\u00e1lt. Unok\u00e1ja, Kubil\u00e1j k\u00e1n uralkod\u00e1sa alatt K\u00edna elbukott, \u00e9s megalakult a J\u00fcan-dinasztia. A j\u00fcan 1368-as \u00f6sszeoml\u00e1s\u00e1t k\u00f6vet\u0151en a mongol frakci\u00f3k ism\u00e9t visszat\u00e9rtek az egym\u00e1s k\u00f6z\u00f6tti rivaliz\u00e1l\u00e1shoz, m\u00edg Dajan k\u00e1n \u00e9s Tumen-Zazagt k\u00e1n korszaka viszonylagos koh\u00e9zi\u00f3t hozott a tizenhatodik sz\u00e1zadban.<\/p>\n\n\n\n<p>A tizenhatodik sz\u00e1zadban vert gy\u00f6keret a tibeti buddhizmus a mongolok k\u00f6z\u00f6tt. A Csing-dinasztia p\u00e1rtfog\u00e1sa alatt, amely a tizenhetedik sz\u00e1zadban beolvasztotta K\u00fcls\u0151-Mong\u00f3li\u00e1t, vir\u00e1goztak a szerzetesi int\u00e9zm\u00e9nyek: a huszadik sz\u00e1zad elej\u00e9re minden harmadik feln\u0151tt f\u00e9rfi buddhista szerzetesk\u00e9nt \u00e9lt. A Csing-dinasztia 1911-es buk\u00e1sa lehet\u0151s\u00e9get teremtett a f\u00fcggetlens\u00e9g kiki\u00e1lt\u00e1s\u00e1ra; 1921-ben teljes auton\u00f3mi\u00e1t biztos\u00edtottak, majd 1924-ben megalakult a szovjet p\u00e1rtfog\u00e1s\u00fa szocialista k\u00f6zt\u00e1rsas\u00e1g. Az 1990-es b\u00e9k\u00e9s demokratikus forradalommal \u00e9s k\u00e9t \u00e9vvel k\u00e9s\u0151bb kihirdetett \u00faj alkotm\u00e1nynal Mong\u00f3lia \u00e1tt\u00e9rt a t\u00f6bbp\u00e1rtrendszerre, \u00e9s megkezdte az \u00e1tmenetet a piacgazdas\u00e1gra.<\/p>\n\n\n\n<p>Manaps\u00e1g a mongolok nagyj\u00e1b\u00f3l harminc sz\u00e1zal\u00e9ka nom\u00e1d vagy f\u00e9lnom\u00e1d \u00e9letm\u00f3dot folytat. A lovak tov\u00e1bbra is a mobilit\u00e1s \u00e9s a kult\u00fara kulcsfontoss\u00e1g\u00e1t jelentik; a hagyom\u00e1nyos filc jurt\u00e1k (angolul jurt\u00e1k) a v\u00e1ndorl\u00f3 csal\u00e1dok otthona, akiket juh-, kecske-, szarvasmarha-, l\u00f3- vagy tevecsord\u00e1khoz k\u00f6tnek. B\u00e1r a jurtatemplomok a tizenhatodik \u00e9s tizenhetedik sz\u00e1zadban t\u00e9gl\u00e1b\u00f3l \u00e9s gerend\u00e1kb\u00f3l \u00e9p\u00fclt grandi\u00f3zus kolostorokk\u00e1 fejl\u0151dtek, a hengeres forma \u00e9s a filcbor\u00edt\u00e1s m\u00e1ig a mongol \u00e9let jelk\u00e9pe. A l\u00e1maegy\u00fcttesek gyakran jurtacsoportokk\u00e9nt kezd\u0151dtek, k\u00e9s\u0151bb hatsz\u00f6glet\u0171 vagy tizenk\u00e9t oldal\u00fa csarnokokk\u00e1 b\u0151v\u00fcltek, amelyeket piramis alak\u00fa tet\u0151k \u2013 a jurta \u00edv\u00e9nek megk\u00f6zel\u00edt\u0151legei \u2013 koron\u00e1ztak, miel\u0151tt n\u00e9gysz\u00f6gletes alapzatok \u00e9s s\u00e1tor alak\u00fa kupakok alakultak volna ki.<\/p>\n\n\n\n<p>Etnikailag Mong\u00f3lia nagyr\u00e9szt homog\u00e9n: a lakoss\u00e1g mintegy kilencven\u00f6t sz\u00e1zal\u00e9k\u00e1t teszik ki az etnikai mongolok, m\u00edg a halha alcsoport a t\u00f6bbs\u00e9g nyolcvanhat sz\u00e1zal\u00e9k\u00e1t teszi ki. A t\u00f6r\u00f6k \u200b\u200bkisebbs\u00e9gek \u2013 k\u00f6zt\u00fck a kazahok \u00e9s a tuvaiak \u2013 nagyj\u00e1b\u00f3l n\u00e9gy \u00e9s f\u00e9l sz\u00e1zal\u00e9kot alkotnak, m\u00edg az oroszok, k\u00ednaiak, koreaiak \u00e9s amerikaiak kisebb csoportokat alkotnak. Nyelvileg az \u00e1llamnyelv a mongol, a mongol nyelvcsal\u00e1d tagja, a halha dialektuson szabv\u00e1nyos\u00edtva. A kazah nyelv domin\u00e1l a bajan-\u00f6lgii ajmagban, a tuvai pedig Kh\u00f6vszg\u00f6l egyes r\u00e9szein. Az 1940-es \u00e9vek \u00f3ta a mongol \u00edr\u00e1st cirill bet\u0171sre \u00edrj\u00e1k; a demokratikus \u00e1tmenetet k\u00f6vet\u0151en a hagyom\u00e1nyos f\u00fcgg\u0151leges \u00edr\u00e1s szer\u00e9ny \u00fajj\u00e1\u00e9led\u00e9se t\u00f6rt\u00e9nt, amelyet hivatalosan 2025-ben \u00e1ll\u00edtottak vissza jogi \u00e9s k\u00f6zigazgat\u00e1si haszn\u00e1latra a cirill bet\u0171 mellett, b\u00e1r a mindennapi haszn\u00e1lat nagyr\u00e9szt az \u00fcnnepi kontextusokra korl\u00e1toz\u00f3dik.<\/p>\n\n\n\n<p>Mong\u00f3li\u00e1ban a vall\u00e1s a hit r\u00e9tegeit t\u00fckr\u00f6zi: a feln\u0151tt lakoss\u00e1g valamivel t\u00f6bb mint \u00f6tven sz\u00e1zal\u00e9ka vallja a vadzsraj\u00e1na buddhizmust, m\u00edg negyven sz\u00e1zal\u00e9kuk nem vall\u00e1sosnak vallja mag\u00e1t. A s\u00e1m\u00e1n gyakorlatok kultur\u00e1lis alapot k\u00e9peznek, az iszl\u00e1m pedig, els\u0151sorban a kazak etnikai k\u00f6z\u00f6ss\u00e9gek k\u00f6r\u00e9ben, mintegy h\u00e1rom sz\u00e1zal\u00e9kot tesz ki. A buddhista \u00e9s s\u00e1m\u00e1n ritu\u00e1l\u00e9k kevered\u00e9se tov\u00e1bbra is alak\u00edtja a k\u00f6z\u00f6ss\u00e9gi \u00e9s egy\u00e9ni szertart\u00e1sokat, az id\u00e9nyjelleg\u0171 felaj\u00e1nl\u00e1sokt\u00f3l a t\u00e1voli v\u00f6lgyekben tal\u00e1lhat\u00f3 \u00e9gi temetkez\u00e9sekig.<\/p>\n\n\n\n<p>Mong\u00f3lia gazdas\u00e1ga \u00e1llatteny\u00e9szt\u00e9si \u00f6r\u00f6ks\u00e9g\u00e9re \u00e9s \u00e1sv\u00e1nykincseire t\u00e1maszkodik. Az \u00e1llatteny\u00e9szt\u00e9s \u00e9s a mez\u0151gazdas\u00e1g egy\u00fcttesen a GDP mintegy tizenhat sz\u00e1zal\u00e9k\u00e1t teszi ki; a b\u00e1ny\u00e1szat \u2013 amely a r\u00e9zre, sz\u00e9nre, molibd\u00e9nre, \u00f3nra, volfr\u00e1mra \u00e9s aranyra \u00f6sszpontos\u00edt \u2013 mintegy huszonk\u00e9t sz\u00e1zal\u00e9kkal j\u00e1rul hozz\u00e1. Egyed\u00fcl a kasm\u00edrtermel\u00e9s a vil\u00e1g nyersanyagtermel\u00e9s\u00e9nek egy\u00f6t\u00f6d\u00e9t teszi ki. A nagy- \u00e9s kiskereskedelem, a szolg\u00e1ltat\u00e1sok, a sz\u00e1ll\u00edt\u00e1s, a rakt\u00e1roz\u00e1s \u00e9s az ingatlan\u00fcgyletek is jelent\u0151s r\u00e9szesed\u00e9st k\u00e9pviselnek a gazdas\u00e1g \u00f6sszet\u00e9tel\u00e9ben. Ezen form\u00e1lis \u00e1gazatok mellett azonban az inform\u00e1lis gazdas\u00e1g \u2013 amely a hivatalos GDP legal\u00e1bb egyharmad\u00e1t teszi ki \u2013 \u00e1thatja a vid\u00e9ki \u00e9s v\u00e1rosi \u00e9letet.<\/p>\n\n\n\n<p>Az orsz\u00e1g k\u00fclkereskedelme er\u0151sen K\u00edna fel\u00e9 orient\u00e1l\u00f3dik, amely az export k\u00f6zel nyolcvan sz\u00e1zal\u00e9k\u00e1t felsz\u00edvja, m\u00edg az import valamivel t\u00f6bb mint egyharmad\u00e1t biztos\u00edtja. 2023-ban Mong\u00f3lia re\u00e1l GDP-n\u00f6veked\u00e9se el\u00e9rte a h\u00e9t sz\u00e1zal\u00e9kot, amit nagyr\u00e9szt a k\u00ednai piacra sz\u00e1nt rekordm\u00e9ret\u0171 sz\u00e9ntermel\u00e9s hajtott; az alacsonyabb glob\u00e1lis \u00e9lelmiszer- \u00e9s \u00fczemanyag\u00e1rak seg\u00edtettek az infl\u00e1ci\u00f3t 2024 elej\u00e9re k\u00f6r\u00fclbel\u00fcl h\u00e9t sz\u00e1zal\u00e9kra visszafogni. Az importvolumen er\u0151teljes n\u00f6veked\u00e9se ellen\u00e9re foly\u00f3 fizet\u00e9si m\u00e9rleg t\u00f6bbletet regisztr\u00e1ltak, b\u00e1r az \u00e1ru\u00e1rak cs\u00f6kken\u00e9se az elk\u00f6vetkez\u0151 \u00e9vekben elmozd\u00edthatja az egyens\u00falyt. A Vil\u00e1gbank \u00edg\u00e9retesnek tartja Mong\u00f3lia k\u00f6z\u00e9pt\u00e1v\u00fa kil\u00e1t\u00e1sait, amelyeket az infl\u00e1ci\u00f3s nyom\u00e1s, a k\u00fcls\u0151 kereslet ingadoz\u00e1sa \u00e9s a felt\u00e9teles k\u00f6telezetts\u00e9gekhez kapcsol\u00f3d\u00f3 k\u00f6lts\u00e9gvet\u00e9si kock\u00e1zatok m\u00e9rs\u00e9kelnek. Az \u00c1zsiai Fejleszt\u00e9si Bank szerint a mongolok nagyj\u00e1b\u00f3l huszonh\u00e9t sz\u00e1zal\u00e9ka \u00e9lt a nemzeti szeg\u00e9nys\u00e9gi k\u00fcsz\u00f6b alatt 2022-ben, m\u00edg az egy f\u0151re jut\u00f3 GDP k\u00f6zel tizenk\u00e9tezer amerikai doll\u00e1r volt.<\/p>\n\n\n\n<p>A p\u00e9nz\u00fcgyi infrastrukt\u00fara mag\u00e1ban foglalja a Mongol \u00c9rt\u00e9kt\u0151zsd\u00e9t, amelyet 1991-ben alap\u00edtottak. 2024-es \u00e1llapot szerint k\u00f6r\u00fclbel\u00fcl 180 v\u00e1llalatot jegyeztek rajta, amelyek \u00f6sszes\u00edtett piaci kapitaliz\u00e1ci\u00f3ja k\u00f6r\u00fclbel\u00fcl 3,2 milli\u00e1rd amerikai doll\u00e1r. A Nemzetk\u00f6zi P\u00e9nz\u00fcgyi T\u00e1rsas\u00e1g Mong\u00f3li\u00e1t a nyolcvanegyedik helyre rangsorolja glob\u00e1lisan az \u00fczleti tev\u00e9kenys\u00e9g egyszer\u0171s\u00e9ge tekintet\u00e9ben. A hitel- \u00e9s banki szolg\u00e1ltat\u00e1sok Ul\u00e1nb\u00e1torban \u00e9s egyes tartom\u00e1nyi k\u00f6zpontokban koncentr\u00e1l\u00f3dnak, \u00edgy sz\u00e1mos region\u00e1lis k\u00f6z\u00f6ss\u00e9g az inform\u00e1lis hitelez\u00e9sre vagy a cserekereskedelemre szorul.<\/p>\n\n\n\n<p>K\u00f6zleked\u00e9si f\u0151utak h\u00e1l\u00f3zz\u00e1k be az orsz\u00e1g hatalmas kiterjed\u00e9s\u00e9t. A Transzmongol Vas\u00fat \u00f6sszek\u00f6ti a Transzszib\u00e9riai vonalat Ulan-Ud\u00e9ban, Oroszorsz\u00e1gban, \u00e1thalad Ul\u00e1nb\u00e1toron, majd d\u00e9l fel\u00e9 haladva csatlakozik a k\u00ednai vas\u00fath\u00e1l\u00f3zatokhoz Erenhotban. Egy k\u00fcl\u00f6n\u00e1ll\u00f3 teherfuvaroz\u00e1si \u00f6sszek\u00f6ttet\u00e9s a Tavan Tolgoi sz\u00e9nmez\u0151kt\u0151l a k\u00ednai hat\u00e1rig mintegy 233 kilom\u00e9ter hosszan h\u00faz\u00f3dik. Ul\u00e1nb\u00e1tor burkolt folyos\u00f3in t\u00fal az utak t\u00f6bbnyire kavicsosak vagy egyszer\u0171 p\u00e1ly\u00e1k; a burkolt \u00fatvonalak nyugat \u00e9s kelet fel\u00e9 haladnak a Millenniumi \u00fat ment\u00e9n, az orosz \u00e9s k\u00ednai hat\u00e1rig, valamint a nagyobb v\u00e1rosok k\u00f6z\u00f6tt. Az \u00fat\u00e9p\u00edt\u00e9si projektek c\u00e9lja az \u00f6sszek\u00f6ttet\u00e9sek jav\u00edt\u00e1sa, de csak mintegy 4800 kilom\u00e9ternyi burkolt \u00fat l\u00e9tezik, amelyb\u0151l 1800 kilom\u00e9tert csak 2013-ban fejeztek be.<\/p>\n\n\n\n<p>A l\u00e9gi k\u00f6zleked\u00e9s mind belf\u00f6ldi, mind nemzetk\u00f6zi ig\u00e9nyeket kiel\u00e9g\u00edt. A f\u0151 \u00e1tj\u00e1r\u00f3 az Ul\u00e1nb\u00e1tort\u00f3l mintegy \u00f6tvenk\u00e9t kilom\u00e9terre d\u00e9lre fekv\u0151 Dzsingisz K\u00e1n Nemzetk\u00f6zi Rep\u00fcl\u0151t\u00e9r. K\u00f6zvetlen j\u00e1ratok k\u00f6tik \u00f6ssze Mong\u00f3li\u00e1t D\u00e9l-Kore\u00e1val, K\u00edn\u00e1val, Thaif\u00f6lddel, Hongkonggal, Jap\u00e1nnal, Oroszorsz\u00e1ggal, N\u00e9metorsz\u00e1ggal \u00e9s T\u00f6r\u00f6korsz\u00e1ggal. Az MIAT Mongolian Airlines nemzetk\u00f6zi \u00fatvonalakat \u00fczemeltet; olyan l\u00e9git\u00e1rsas\u00e1gok, mint az Aero Mongolia \u00e9s a Hunnu Airlines, belf\u00f6ldi \u00e9s region\u00e1lis szolg\u00e1ltat\u00e1sokat ny\u00fajtanak.<\/p>\n\n\n\n<p>K\u00f6zigazgat\u00e1silag Mong\u00f3lia huszonegy ajmagra (tartom\u00e1nyra) \u00e9s egy tartom\u00e1nyi \u00f6nkorm\u00e1nyzatra, Ul\u00e1nb\u00e1torra oszlik. Minden ajmag t\u00f6bb sz\u00famb\u00f3l (altartom\u00e1nyb\u00f3l) \u00e1ll, jellemz\u0151en tartom\u00e1nyonk\u00e9nt tizen\u00f6t-huszonkett\u0151b\u0151l. Kultur\u00e1lis \u00e9s f\u00f6ldrajzi szempontb\u00f3l az orsz\u00e1g \u00f6t r\u00e9gi\u00f3ra oszthat\u00f3: K\u00f6z\u00e9p-Mong\u00f3lia (amely mag\u00e1ban foglalja Ul\u00e1nb\u00e1tort \u00e9s Arhangajt), Kelet-Mong\u00f3lia (a sztyeppe sz\u00edve \u00e9s Dzsingisz k\u00e1n sz\u00fcl\u0151helye), G\u00f3bi-f\u00e9lsziget, \u00c9szak-Mong\u00f3lia (erd\u0151s magaslatok \u00e9s a H\u00f6vszg\u00f6l-t\u00f3), valamint Nyugat-Mong\u00f3lia (az Uvsz-t\u00f3 \u00e9s a Tavan Bogd-hegys\u00e9g k\u00f6r\u00fcli soksz\u00edn\u0171 t\u00f6rzsek).<\/p>\n\n\n\n<p>A Mong\u00f3lia legnyugatibb r\u00e9sz\u00e9n fekv\u0151 Tavan Bogd-hegys\u00e9g a Kh\u00fciten-cs\u00facsn\u00e1l (4374 m) \u00e9ri el cs\u00facspontj\u00e1t. A k\u00f6zelben tal\u00e1lhat\u00f3 Uvsz-t\u00f3 \u00e9s k\u00f6rnyez\u0151 medenc\u00e9je \u2013 amelyet Oroszorsz\u00e1g Tuva K\u00f6zt\u00e1rsas\u00e1g\u00e1val osztanak meg \u2013 az UNESCO Vil\u00e1g\u00f6r\u00f6ks\u00e9g r\u00e9sze. Az \u00e9szakon fekv\u0151 hatalmas \u00e9desv\u00edzi v\u00edztest, a H\u00f6vszg\u00f6l-t\u00f3 alpesi t\u00e1jat k\u00edn\u00e1l, \u00e9s olyan egyed\u00fcl\u00e1ll\u00f3 v\u00edzi fajoknak ad otthont, mint a szib\u00e9riai garn\u00e9lar\u00e1k. Az Amur-medence keleti mell\u00e9kfoly\u00f3i, az Onon \u00e9s a Herlen foly\u00f3k adnak otthont a keleti pataki ingol\u00e1nak, a dauri r\u00e1koknak \u00e9s a gy\u00f6ngyosztrig\u00e1knak. A sz\u00e9ls\u0151s\u00e9ges hidegek, amelyeket a helyiek zudnak neveznek, id\u0151szakosan megtizedelik az \u00e1llat\u00e1llom\u00e1nyt, ami r\u00e1vil\u00e1g\u00edt a legel\u0151k t\u00f6r\u00e9kenys\u00e9g\u00e9re \u00e9s a p\u00e1sztorkod\u00e1s gazdas\u00e1gi jelent\u0151s\u00e9g\u00e9re.<\/p>\n\n\n\n<p>Mong\u00f3lia z\u00e1szlaj\u00e1n a szojomb\u00f3 szimb\u00f3lum l\u00e1that\u00f3: egy stiliz\u00e1lt t\u0171z \u00e9s nap jelk\u00e9p, amely a napot, a holdat, a csillagokat \u00e9s az eget \u00e1br\u00e1zolja, a buddhista kozmol\u00f3gi\u00e1b\u00f3l mer\u00edtve. Ez az ikon jurt\u00e1rak bej\u00e1ratain, p\u00e9nznemeken \u00e9s k\u00f6z\u00e9p\u00fcleteken is megjelenik. A p\u00e9nzr\u0151l sz\u00f3lva, a mongol t\u00f6gr\u00f6g (ISO k\u00f3d MNT, jele \u20ae) 1-t\u0151l 20 000-ig terjed\u0151 c\u00edmletekben forog. Az orsz\u00e1gon k\u00edv\u00fcl a t\u00f6gr\u00f6g ritka devizak\u00e9nt; az utaz\u00f3knak azt tan\u00e1csolj\u00e1k, hogy vigyenek magukkal amerikai doll\u00e1rt a nagyobb kiad\u00e1sok miatt, b\u00e1r a kis c\u00edmlet\u0171 t\u00f6gr\u00f6g tov\u00e1bbra is elengedhetetlen a vid\u00e9ki tranzakci\u00f3khoz.<\/p>\n\n\n\n<p>A kulin\u00e1ris szok\u00e1sok t\u00fckr\u00f6zik az \u00e9ghajlatot \u00e9s a p\u00e1sztorkod\u00e1st. A tejterm\u00e9kek \u2013 byaslag (friss sajt), \u00f6r\u00f6m (alvadt tejsz\u00edn) \u00e9s aaruul (sz\u00e1r\u00edtott t\u00far\u00f3) \u2013 \u00e9s a h\u00fas uralj\u00e1k az \u00e9trendet. A buuz (p\u00e1rolt h\u00fasgomb\u00f3c), a khuushuur (s\u00fclt, h\u00fassal t\u00f6lt\u00f6tt lep\u00e9nykeny\u00e9r) \u00e9s a tsuivan (h\u00fassal pir\u00edtott t\u00e9szta) alkotj\u00e1k a v\u00e1rosi alap\u00e9lelmiszereket, amelyek mindegyike n\u00e9h\u00e1ny ezer t\u00f6gr\u00f6gbe ker\u00fcl. A vid\u00e9ki p\u00e1sztorok elk\u00e9sz\u00edthetik a boodogot, egy kecske- vagy mormotas\u00fcltet, amelyet az \u00e1llat b\u0151r\u00e9ben s\u00fctnek hev\u00edtett k\u00f6vek seg\u00edts\u00e9g\u00e9vel, vagy a khorkhogot, amelyben a birkah\u00fas, a z\u00f6lds\u00e9gek \u00e9s a forr\u00f3 k\u00f6vek p\u00e1rolj\u00e1k a lez\u00e1rt faz\u00e9kban ny\u00edlt t\u0171z\u00f6n. Az airag \u2013 erjesztett kancatej \u2013 a hagyom\u00e1nyos ital, m\u00edg az arkhi \u2013 desztill\u00e1lt tejl\u00e9 \u2013 gy\u00f3gy\u00e1szati \u200b\u200b\u00e9s t\u00e1rsadalmi funkci\u00f3kat is bet\u00f6lt. A mongol vodkam\u00e1rk\u00e1k, mint p\u00e9ld\u00e1ul a Chinggis Khaan, a Soyombo \u00e9s a Golden Chinggis sz\u00e9les k\u00f6rben kaphat\u00f3k, ak\u00e1rcsak az import\u00e1lt \u00e9s a helyi s\u00f6r\u00f6k.<\/p>\n\n\n\n<p>A turist\u00e1k a nagyobb k\u00f6zpontokon k\u00edv\u00fcl kev\u00e9s hivatalos \u00fattal tal\u00e1lkoznak; a sz\u00e1razf\u00f6ldi utaz\u00e1s gyakran mag\u00e1ban foglalja a ny\u00edlt sztyepp\u00e9ken val\u00f3 \u00e1tkel\u00e9st, lovagl\u00e1st, tevekarav\u00e1nokat a G\u00f3bi-f\u00e9lszigeten, vagy ak\u00e1r az \u0151si Selyem\u00fat egyes szakaszainak visszaj\u00e1r\u00e1s\u00e1t. A sz\u00e1ll\u00e1slehet\u0151s\u00e9gek az Ul\u00e1nb\u00e1tor k\u00f6zel\u00e9ben tal\u00e1lhat\u00f3 jurtat\u00e1borokt\u00f3l a vid\u00e9ki v\u00e1rosokban tal\u00e1lhat\u00f3 egyszer\u0171 sz\u00e1ll\u00e1shelyekig terjednek, sok utaz\u00f3 \u00fagy d\u00f6nt, hogy nom\u00e1d csal\u00e1dokn\u00e1l t\u00f6lti az \u00e9jszak\u00e1t \u2013 \u00edgy lehet\u0151s\u00e9g ny\u00edlik f\u0151tt b\u00e1r\u00e1nyh\u00fasb\u00f3l \u00e9s tejes te\u00e1b\u00f3l \u00e1ll\u00f3 \u00e9tkez\u00e9sek megoszt\u00e1s\u00e1ra, valamint torok\u00e9nekl\u00e9s, sasvad\u00e1szat vagy s\u00e1m\u00e1n szertart\u00e1sok megtekint\u00e9s\u00e9re. A vadon \u00e9l\u0151 \u00e1llatok szerelmesei felkutathatj\u00e1k a Przewalski-lovot a Khustain Nuruu Nemzeti Parkban, a szib\u00e9riai k\u0151sz\u00e1li kecsk\u00e9t az Altaj Tavan Bogdban, vagy mad\u00e1rvonul\u00e1st figyelhetnek meg Uvs Nuurban.<\/p>\n\n\n\n<p>A biztons\u00e1gi szempontok k\u00f6z\u00e9 tartozik a kisz\u00e1m\u00edthatatlan id\u0151j\u00e1r\u00e1s, k\u00fcl\u00f6n\u00f6sen t\u00e9len, valamint a vid\u00e9ki ter\u00fcleteken k\u00f3borl\u00f3 \u0151rkuty\u00e1k. A v\u00e1rosi \u00e9s v\u00e1rosk\u00f6rny\u00e9ki ter\u00fcleteken tal\u00e1lhat\u00f3 hi\u00e1nyz\u00f3 csatornafed\u0151k rejtett vesz\u00e9lyeket jelentenek, k\u00fcl\u00f6n\u00f6sen rossz l\u00e1t\u00e1si viszonyok eset\u00e9n. A l\u00e1togat\u00f3knak tiszteletben kell tartaniuk a helyi \u00e9rz\u00e9kenys\u00e9geket, nevezetesen a kifejezett K\u00edna-ellenes hangulatot: a Bels\u0151-Mong\u00f3li\u00e1ra, mint D\u00e9l-Mong\u00f3li\u00e1ra val\u00f3 hivatkoz\u00e1sok vagy a k\u00ednai politika kritik\u00e1ja s\u00e9rt\u0151 lehet.<\/p>\n\n\n\n<p>Mong\u00f3lia egyike azon utols\u00f3 ny\u00edlt ter\u00fcleteknek, ahol a nom\u00e1d hagyom\u00e1nyok nagy l\u00e9pt\u00e9kben fennmaradtak. Cs\u00facsai \u00e9s sivatagai, gerend\u00e1kkal tark\u00edtott sztyepp\u00e9i \u00e9s a t\u00e9li inverzi\u00f3s r\u00e9tegekben f\u00e9lig elveszett v\u00e1rosai egy\u00fcttesen egy \u0151si \u00e9s alkalmazkod\u00f3k\u00e9pes nemzetet alkotnak, amelyet az \u00e9ghajlat, a h\u00f3d\u00edt\u00e1s \u00e9s a sztyepp\u00e9k ellen\u00e1ll\u00f3 kult\u00far\u00e1i form\u00e1ltak. Itt, a \u201eK\u00e9k \u00c9g F\u00f6ldje\u201d alatt a modern t\u00f6rekv\u00e9sek \u00e9s az \u0151si ritmusok egy\u00fctt \u00e9lnek egy olyan t\u00e1jban, amely egyszerre f\u00e9lelmetes \u00e9s hatalmas.<\/p>","protected":false},"excerpt":{"rendered":"<p>A Kelet-\u00c1zsi\u00e1ban tal\u00e1lhat\u00f3 Mong\u00f3lia egy sz\u00e1razf\u00f6lddel nem rendelkez\u0151 nemzet, 3,5 milli\u00f3 lakossal. A vil\u00e1g legritk\u00e1bban lakott szuver\u00e9n \u00e1llama, hatalmas, 1 564 116 n\u00e9gyzetkilom\u00e9teres ter\u00fclettel rendelkezik. Ez a kiterjedt orsz\u00e1g, amely \u00e9szakon Oroszorsz\u00e1g \u00e9s d\u00e9len K\u00edna k\u00f6z\u00f6tt tal\u00e1lhat\u00f3, v\u00e1ltozatos domborzattal rendelkezik, amely mag\u00e1ban foglalja a f\u00fcves sztyepp\u00e9ket, a hegyvid\u00e9ki ter\u00fcleteket \u00e9s a h\u00edres G\u00f3bi-sivatagot. Mong\u00f3lia, a legnagyobb tengerparttal nem rendelkez\u0151 orsz\u00e1g, ahol nincs hozz\u00e1f\u00e9r\u00e9s z\u00e1rt tengerhez, jellegzetes f\u00f6ldrajzi profillal rendelkezik, amely befoly\u00e1solta t\u00f6rt\u00e9nelm\u00e9t, kult\u00far\u00e1j\u00e1t \u00e9s fejl\u0151d\u00e9s\u00e9t.<\/p>","protected":false},"author":1,"featured_media":4234,"parent":24063,"menu_order":0,"comment_status":"closed","ping_status":"closed","template":"elementor_theme","meta":{"_eb_attr":"","footnotes":""},"class_list":["post-15411","page","type-page","status-publish","has-post-thumbnail"],"_links":{"self":[{"href":"https:\/\/travelshelper.com\/hu\/wp-json\/wp\/v2\/pages\/15411","targetHints":{"allow":["GET"]}}],"collection":[{"href":"https:\/\/travelshelper.com\/hu\/wp-json\/wp\/v2\/pages"}],"about":[{"href":"https:\/\/travelshelper.com\/hu\/wp-json\/wp\/v2\/types\/page"}],"author":[{"embeddable":true,"href":"https:\/\/travelshelper.com\/hu\/wp-json\/wp\/v2\/users\/1"}],"replies":[{"embeddable":true,"href":"https:\/\/travelshelper.com\/hu\/wp-json\/wp\/v2\/comments?post=15411"}],"version-history":[{"count":0,"href":"https:\/\/travelshelper.com\/hu\/wp-json\/wp\/v2\/pages\/15411\/revisions"}],"up":[{"embeddable":true,"href":"https:\/\/travelshelper.com\/hu\/wp-json\/wp\/v2\/pages\/24063"}],"wp:featuredmedia":[{"embeddable":true,"href":"https:\/\/travelshelper.com\/hu\/wp-json\/wp\/v2\/media\/4234"}],"wp:attachment":[{"href":"https:\/\/travelshelper.com\/hu\/wp-json\/wp\/v2\/media?parent=15411"}],"curies":[{"name":"wp","href":"https:\/\/api.w.org\/{rel}","templated":true}]}}