{"id":15389,"date":"2024-09-20T23:31:15","date_gmt":"2024-09-20T23:31:15","guid":{"rendered":"https:\/\/travelshelper.com\/staging\/?page_id=15389"},"modified":"2026-03-11T18:34:34","modified_gmt":"2026-03-11T18:34:34","slug":"mianmar","status":"publish","type":"page","link":"https:\/\/travelshelper.com\/hu\/destinations\/asia\/myanmar\/","title":{"rendered":"Mianmar"},"content":{"rendered":"<p>Mianmar, hivatalos nev\u00e9n a Mianmari Uni\u00f3 K\u00f6zt\u00e1rsas\u00e1ga, angolul 1989-ig Burma n\u00e9ven ismert, D\u00e9lkelet-\u00c1zsia sz\u00e1razf\u00f6ldi r\u00e9sz\u00e9nek hatalmas r\u00e9sz\u00e9t foglalja el. A Beng\u00e1li-\u00f6b\u00f6lt\u0151l \u00e9s az Andam\u00e1n-tengert\u0151l d\u00e9lnyugaton az \u00e9szakkeleti K\u00edn\u00e1val hat\u00e1ros hegyvonulatokig terjed\u0151 678 500 n\u00e9gyzetkilom\u00e9teres ter\u00fclete tr\u00f3pusi partvid\u00e9keket, term\u00e9keny foly\u00f3v\u00f6lgyeket \u00e9s magas cs\u00facsokat foglal mag\u00e1ban. Az orsz\u00e1g f\u0151v\u00e1rosa, Naypyidaw, k\u00f6zel \u00f6tven\u00f6t milli\u00f3s lakoss\u00e1g\u00e1val, egy olyan nemzet f\u00f6ldrajzi sz\u00edv\u00e9ben fekszik, amelynek legnagyobb v\u00e1rosa, Rangun, a gyarmati nagys\u00e1g visszhangjait \u0151rzi az aranyozott buddhista pagod\u00e1k mellett.<\/p>\n\n\n\n<p>Mianmar felsz\u00edn\u00e9t \u00e9szak-d\u00e9li ir\u00e1ny\u00fa hegyl\u00e1ncok tagolj\u00e1k, amelyek az indiai szubkontinens keleti perem\u00e9t h\u00fazz\u00e1k. Nyugaton a Rakhine Yoma v\u00e1lasztja el a part menti s\u00e1vot a sz\u00e1razf\u00f6ldi s\u00edks\u00e1gokt\u00f3l; keletebbre a Bago Yoma \u00e9s a Shan-hegys\u00e9g k\u00fcl\u00f6n\u00e1ll\u00f3 folyos\u00f3kra korl\u00e1tozza az Irrawaddy \u00e9s a Salween foly\u00f3rendszereket. A Kachin \u00e1llam leg\u00e9szakibb r\u00e9sz\u00e9n fekv\u0151 Hkakabo Razi 5881 m\u00e9terre emelkedik, az orsz\u00e1g tetej\u00e9t jel\u00f6li, \u00e9s \u00f6sszek\u00f6ttet\u00e9st biztos\u00edt a keleti Himal\u00e1ja \u00e9s a Hengduan-hegys\u00e9g k\u00f6z\u00f6tt. Ezek a hegyvid\u00e9kek hozz\u00e1k l\u00e9tre az Irrawaddy, a Salween (Thanlwin) \u00e9s a Sittaung foly\u00f3kat, amelyek v\u00f6lgyei a lakoss\u00e1g nagy r\u00e9sz\u00e9t t\u00e1pl\u00e1lj\u00e1k, \u00e9s rizsf\u00f6ldeket teremnek, amelyek az egym\u00e1st k\u00f6vet\u0151 burmai politik\u00e1k alapj\u00e1t k\u00e9pezt\u00e9k.<\/p>\n\n\n\n<p>A part menti r\u00e9gi\u00f3kban az \u00e9vi 5000 millim\u00e9tert meghalad\u00f3 monszun\u00e1lis \u00f6z\u00f6nv\u00edzszer\u0171 es\u0151z\u00e9sek tapasztalhat\u00f3k, m\u00edg a k\u00f6z\u00e9ps\u0151 sz\u00e1raz z\u00f3n\u00e1ban kevesebb mint 1000 millim\u00e9ter. A h\u0151m\u00e9rs\u00e9klet az \u00e9szaki felf\u00f6ldeken m\u00e9rs\u00e9kelt 21 \u00b0C-t\u00f3l a delt\u00e1ban 32 \u00b0C feletti cs\u00facsh\u0151m\u00e9rs\u00e9kletig terjed. A k\u00f6rnyezetet nyugtalan tektonikus er\u0151k is meghat\u00e1rozz\u00e1k: a Sagaing-t\u00f6r\u00e9svonal, az indiai \u00e9s az eur\u00e1zsiai lemez hat\u00e1r\u00e1n, ak\u00e1r 8-as er\u0151ss\u00e9g\u0171 f\u00f6ldreng\u00e9seket is okoz, \u00edgy Mianmar a vil\u00e1g egyik legszeizmikusabban akt\u00edv nemzete.<\/p>\n\n\n\n<p>Mianmar legkor\u00e1bbi v\u00e1rosi k\u00f6zpontjai k\u00e9t k\u00fcl\u00f6n\u00e1ll\u00f3 civiliz\u00e1ci\u00f3s sz\u00e1lk\u00e9nt jelentek meg. \u00c9szakon a tibeti-burmai nyelvet besz\u00e9l\u0151 pyu v\u00e1ros\u00e1llamok vir\u00e1goztak az Irrawaddy ment\u00e9n m\u00e1r a Kr. u. 2. sz\u00e1zadt\u00f3l kezdve. D\u00e9len a mon n\u00e9p kir\u00e1lys\u00e1gokat alap\u00edtott, amelyek kereskedelmi h\u00e1l\u00f3zatai el\u00e9rt\u00e9k a Beng\u00e1li-\u00f6bl\u00f6t. A 9. sz\u00e1zadban a bamar n\u00e9p v\u00e1ndorl\u00e1si hull\u00e1mai a fels\u0151 v\u00f6lgybe elind\u00edtottak egy folyamatot, amelynek sor\u00e1n a burmai nyelv, kult\u00fara \u00e9s a buddhizmus th\u00e9rav\u00e1da form\u00e1ja fokozatosan els\u0151bbs\u00e9gre tett szert. A 11. sz\u00e1zad k\u00f6zep\u00e9n alap\u00edtott Pog\u00e1ny Kir\u00e1lys\u00e1g t\u00f6bb ezer templomot \u00e9p\u00edtett a f\u0151v\u00e1ros s\u00edks\u00e1g\u00e1n, egy olyan kultur\u00e1lis mint\u00e1t teremtve meg, amely sok\u00e1ig fennmaradt a 13. sz\u00e1zad v\u00e9gi mongol inv\u00e1zi\u00f3 ut\u00e1n is, amely megt\u00f6rte a k\u00f6zponti hatalmat.<\/p>\n\n\n\n<p>Az ezt k\u00f6vet\u0151 \u00e9vsz\u00e1zadokban riv\u00e1lis \u00e1llamok k\u00fczd\u00f6ttek a fels\u0151bbrend\u0171s\u00e9g\u00e9rt, m\u00edg a Taungoo-dinasztia felemelked\u00e9se a 16. sz\u00e1zadban r\u00f6vid id\u0151re a mai Mianmar nagy r\u00e9sz\u00e9t D\u00e9lkelet-\u00c1zsia legnagyobb birodalm\u00e1v\u00e1 kov\u00e1csolta. A 19. sz\u00e1zad elej\u00e9re a Konbaung-dinasztia kiterjesztette hatalm\u00e1t az Irrawaddy-medenc\u00e9n t\u00falra, Assamra, Manipurra \u00e9s a Lushai-hegys\u00e9gre. A h\u00e1rom angol-burmai h\u00e1bor\u00faban elszenvedett egym\u00e1st k\u00f6vet\u0151 veres\u00e9gek azonban v\u00e9g\u00fcl Mianmart a Brit Kelet-indiai T\u00e1rsas\u00e1g birtok\u00e1v\u00e1, k\u00e9s\u0151bb pedig Brit India egy tartom\u00e1ny\u00e1v\u00e1 tett\u00e9k.<\/p>\n\n\n\n<p>A gyarmati uralom alatt Burma mez\u0151gazdas\u00e1g\u00e1t \u00e1talak\u00edtott\u00e1k, hogy rizzsel \u00e9s tikf\u00e1val l\u00e1ts\u00e1k el a glob\u00e1lis piacokat. A nyugati oktat\u00e1si rendszer bevezet\u00e9se p\u00e1rhuzamosan zajlott a misszi\u00f3s er\u0151fesz\u00edt\u00e9sekkel \u00e9s a v\u00e1rosi k\u00f6z\u00e9poszt\u00e1ly n\u00f6veked\u00e9s\u00e9vel, k\u00fcl\u00f6n\u00f6sen Rangunban (akkoriban Rangun). A m\u00e1sodik vil\u00e1gh\u00e1bor\u00fa zavara r\u00f6vid jap\u00e1n megsz\u00e1ll\u00e1st hozott (1942\u201345), amely ut\u00e1n a sz\u00f6vets\u00e9ges er\u0151k visszafoglalt\u00e1k a ter\u00fcletet. 1948. janu\u00e1r 4-\u00e9n Burma kiki\u00e1ltotta a f\u00fcggetlens\u00e9get a Burmai F\u00fcggetlens\u00e9gi T\u00f6rv\u00e9ny alapj\u00e1n, ezzel bevezetve egy parlament\u00e1ris rendszert, amely csak 1962-ig maradt fenn.<\/p>\n\n\n\n<p>A h\u00e1bor\u00fa ut\u00e1ni instabilit\u00e1s Ne Win t\u00e1bornok 1962-es puccs\u00e1val tet\u0151z\u00f6tt. Az \u00faj burmai Szocialista Programp\u00e1rt elszigetel\u0151 gazdas\u00e1gpolitik\u00e1t vezetett be \u00e9s elnyomta a m\u00e1sk\u00e9nt gondolkod\u00f3kat, katonai parancsnoks\u00e1got sz\u0151ve minden int\u00e9zm\u00e9nyi sz\u00f6vetbe. Az 1988. augusztusi 8888-as felkel\u00e9s orsz\u00e1gos t\u00fcntet\u00e9seket eredm\u00e9nyezett, majd \u00fajabb megtorl\u00e1s \u00e9s az \u00c1llami Jogrend-helyre\u00e1ll\u00edt\u00e1si Tan\u00e1cs (SLORC) l\u00e9trehoz\u00e1sa k\u00f6vetkezett. B\u00e1r 1990-ben n\u00e9vleg \u00e1tt\u00e9rtek a t\u00f6bbp\u00e1rti v\u00e1laszt\u00e1sokra, a hadsereg nem volt hajland\u00f3 lemondani a hatalomr\u00f3l. Az ezt k\u00f6vet\u0151 \u00e9vtizedekben az etnikai felkel\u00e9sek megsokszoroz\u00f3dtak, ami a vil\u00e1g egyik leghosszabb ideje tart\u00f3 polg\u00e1rh\u00e1bor\u00faj\u00e1t eredm\u00e9nyezte. Az Egyes\u00fclt Nemzetek Szervezet\u00e9nek \u00e9s az emberi jogi szervezetek jelent\u00e9sei a civilek elleni rendszerszint\u0171 vissza\u00e9l\u00e9seket dokument\u00e1lt\u00e1k, k\u00fcl\u00f6n\u00f6sen a karen, kacsin \u00e9s shan k\u00f6z\u00f6ss\u00e9gek k\u00f6r\u00e9ben.<\/p>\n\n\n\n<p>A 2010-es v\u00e1laszt\u00e1sok ut\u00e1n l\u00e1tsz\u00f3lagos reformok jelentek meg: a katonai junta 2011-ben feloszlott, a politikai foglyokat szabadon engedt\u00e9k, \u00e9s a 2015-\u00f6s v\u00e1laszt\u00e1sok r\u00e9v\u00e9n hatalomra ker\u00fclt Aung Szan Sz\u00fa Cs\u00ed Nemzeti Lig\u00e1ja a Demokr\u00e1ci\u00e1\u00e9rt (NLD). A nemzetk\u00f6zi szankci\u00f3k enyh\u00fcltek, de a korm\u00e1nynak a Rakhine \u00e1llamban \u00e9l\u0151 muszlim rohingja kisebbs\u00e9ggel kapcsolatos int\u00e9zked\u00e9sei \u00fajabb el\u00edt\u00e9l\u00e9st \u00e9s menek\u00fclt\u00e1radatot v\u00e1ltottak ki. Az NLD 2020-ban \u00fajabb mand\u00e1tumot kapott, de 2021. febru\u00e1r 1-j\u00e9n puccs sor\u00e1n megd\u00f6nt\u00f6tt\u00e9k. A Tatmadaw \u0151rizetbe vette Aung Szan Sz\u00fa Csit, sz\u00e9les k\u00f6rben politikailag motiv\u00e1ltnak \u00edt\u00e9lt v\u00e1dak alapj\u00e1n, \u00e9s a sz\u00e9les k\u00f6r\u0171 juntaellenes t\u00fcntet\u00e9seket hal\u00e1los er\u0151vel fogadt\u00e1k. A puccs \u00fajra fellobbantotta a fegyveres konfliktusokat, \u00e9s t\u00f6bb mint 600 000 embert k\u00e9nyszer\u00edtett bels\u0151 menek\u00fcltt\u00e9; 2024 december\u00e9ig t\u00f6bb mint 3,5 milli\u00f3an voltak bels\u0151 menek\u00fcltek, \u00e9s 1,3 milli\u00f3an regisztr\u00e1ltak menek\u00fcltk\u00e9nt vagy mened\u00e9kk\u00e9r\u0151k\u00e9nt.<\/p>\n\n\n\n<p>Mianmar bels\u0151 f\u00f6ldrajza h\u00e9t r\u00e9gi\u00f3ra (t\u00falnyom\u00f3r\u00e9szt Bamar) \u00e9s h\u00e9t \u00e1llamra (amelyek a f\u0151bb etnikai csoportok otthona) tagol\u00f3dik. Ezek a szintek 63 ker\u00fcletre, 324 telep\u00fcl\u00e9sre, t\u00f6bb mint 300 v\u00e1rosra \u00e9s telep\u00fcl\u00e9sre, valamint t\u00f6bb mint 65 000 falura oszlanak. Az Irrawaddy-delta r\u00e9gi\u00f3 \u2013 Ayeyarwady r\u00e9gi\u00f3 \u2013 hat ker\u00fcletb\u0151l \u00e1ll, \u00e9s s\u00edk vizes \u00e9l\u0151helyeken folyik rizstermeszt\u00e9s. Ezzel szemben Shan \u00e1llam, amely ter\u00fclet\u00e9t tekintve a legnagyobb, tizenegy ker\u00fcletet \u00e9s t\u00f6bb mint 15 000 falut foglal mag\u00e1ban, amelyek k\u00f6z\u00fcl sok a Shan-fenns\u00edkon tal\u00e1lhat\u00f3.<\/p>\n\n\n\n<p>Mianmarban n\u00e9gyzetkilom\u00e9terenk\u00e9nt nagyj\u00e1b\u00f3l 76 ember \u00e9l, ami D\u00e9lkelet-\u00c1zsia egyik legalacsonyabb n\u00e9ps\u0171r\u0171s\u00e9g\u0171 orsz\u00e1ga. A 2014-es n\u00e9psz\u00e1ml\u00e1l\u00e1s valamivel t\u00f6bb mint 51 milli\u00f3 lakost regisztr\u00e1lt, nem sz\u00e1m\u00edtva a konfliktus\u00f6vezetekben \u00e9l\u0151 jelent\u0151s, megsz\u00e1ml\u00e1latlan n\u00e9pess\u00e9get. A term\u00e9kenys\u00e9g az elm\u00falt \u00e9vtizedekben meredeken cs\u00f6kkent \u2013 \u200b\u200baz 1983-as n\u0151nk\u00e9nti 4,7 gyermekr\u0151l 2011-re k\u00f6r\u00fclbel\u00fcl 2,2-re \u2013, ami a h\u00e1zass\u00e1gk\u00f6t\u00e9s \u00e9s a csal\u00e1dtervez\u00e9shez val\u00f3 hozz\u00e1f\u00e9r\u00e9s k\u00e9sleltetett elveszt\u00e9se miatt k\u00f6vetkezett be. K\u00f6vetkez\u00e9sk\u00e9ppen a 25\u201334 \u00e9ves feln\u0151ttek t\u00f6bb mint egynegyede tov\u00e1bbra is n\u0151tlen.<\/p>\n\n\n\n<p>Az \u00e1llam 135 etnikai csoportot ismer el, amelyek legal\u00e1bb 108 etnolingvisztikai kateg\u00f3ri\u00e1ba sorolhat\u00f3k. N\u00e9gy f\u0151 nyelvcsal\u00e1d l\u00e9tezik egy\u00fctt: a k\u00ednai-tibeti (bele\u00e9rtve a burmai, a karen \u00e9s a kachin nyelveket), a tai-kadai (f\u0151k\u00e9nt a san), az osztro\u00e1zsiai (p\u00e9ld\u00e1ul a mon \u00e9s a palaung) \u00e9s az indoeur\u00f3pai (nevezetesen a p\u00e1li a liturgi\u00e1ra \u00e9s az angolra). A burmai nyelv, amelyet a monb\u00f3l \u00e9s v\u00e9gs\u0151 soron a d\u00e9l-indiai \u00e1b\u00e9c\u00e9kb\u0151l sz\u00e1rmaz\u00f3 kerek \u00edr\u00e1sm\u00f3ddal \u00edrnak, a bamar t\u00f6bbs\u00e9g (k\u00f6r\u00fclbel\u00fcl 68 sz\u00e1zal\u00e9k) anyanyelve, valamint a korm\u00e1nyz\u00e1s, a m\u00e9dia \u00e9s az oktat\u00e1s k\u00f6z\u00f6s nyelve.<\/p>\n\n\n\n<p>A th\u00e9rav\u00e1da buddhizmus uralja a spiritu\u00e1lis t\u00e1jk\u00e9pet: a polg\u00e1rok k\u00f6zel kilenctizede vallja ezt a hitet. Pagod\u00e1k \u00e9kes\u00edtik a vil\u00e1got \u2013 a legh\u00edresebb k\u00f6z\u00fcl\u00fck a ranguni Shwedagon Pagoda, amelyet t\u00f6bb sz\u00e1z aranylemez d\u00edsz\u00edt. A kolostorok falusi magokat alkotnak, ahol a fi\u00fakat jellemz\u0151en h\u00fasz\u00e9ves koruk el\u0151tt nov\u00edcius szerzetess\u00e9 szentelik egy shinbyu ritu\u00e1l\u00e9 sor\u00e1n; egy kisebbs\u00e9g teljes szerzetesi rangra jut. A buddhista \u00e1h\u00edtat mellett az animista hagyom\u00e1nyok a nat im\u00e1daton kereszt\u00fcl is fennmaradnak \u2013 ez a 37 szellemb\u0151l \u00e1ll\u00f3 panteon tisztelete, amely a helyi gyakorlatba integr\u00e1l\u00f3dik.<\/p>\n\n\n\n<p>A kereszt\u00e9nys\u00e9g \u00e9s az iszl\u00e1m kisebb enkl\u00e1v\u00e9kban is l\u00e9tezik, k\u00fcl\u00f6n\u00f6sen a kachin, csin \u00e9s karen kisebbs\u00e9gek k\u00f6r\u00e9ben, akik gyakran akad\u00e1lyokba \u00fctk\u00f6znek a katonai \u00e9s k\u00f6zszolg\u00e1lati toborz\u00e1s sor\u00e1n. A hindu templomok csak margin\u00e1lisan maradtak fenn, m\u00edg az animista szok\u00e1sok a mindennapi \u00e9letre is hat\u00e1ssal vannak, az \u00fatsz\u00e9li \u0151rangyal-szent\u00e9lyekt\u0151l kezdve az \u00e9ves pagodafesztiv\u00e1lokig, amelyek \u00f6sszekov\u00e1csolj\u00e1k a k\u00f6z\u00f6ss\u00e9geket.<\/p>\n\n\n\n<p>A burmai kult\u00fara az el\u0151ad\u00f3m\u0171v\u00e9szetben nyilv\u00e1nul meg. A Yama Zatdaw, a R\u00e1m\u00e1jana \u0151shonos v\u00e1ltozata, thai, mon \u00e9s indiai hat\u00e1sokat \u00f6tv\u00f6z, \u00e9s m\u00e1ig nemzeti eposz. A hagyom\u00e1nyos zen\u00e9ben h\u00e1rf\u00e1k \u00e9s bambusz xilofonok szerepelnek; a t\u00e1ncosok finom, stiliz\u00e1lt mozdulatokkal adj\u00e1k el\u0151 a Jataka mes\u00e9ket. Az irodalmi m\u0171vek gyakran mer\u00edtenek buddhista p\u00e9ld\u00e1zatokb\u00f3l \u00e9s n\u00e9pmes\u00e9kb\u0151l, az erk\u00f6lcsi tan\u00edt\u00e1st k\u00f6lt\u0151i \u00e9rz\u00e9kkel \u00f6tv\u00f6zve.<\/p>\n\n\n\n<p>Mianmar D\u00e9lkelet-\u00c1zsia n\u00e9h\u00e1ny leg\u00e9rintetlenebb \u00f6kosziszt\u00e9m\u00e1j\u00e1nak ad otthont. 64 sz\u00e1razf\u00f6ldi \u00e9l\u0151helye tr\u00f3pusi nedves erd\u0151ket, sz\u00e1razf\u00f6ldi vizes \u00e9l\u0151helyeket, part menti mangroveerd\u0151ket \u00e9s alpesi r\u00e9teket foglal mag\u00e1ban. T\u00f6bb mint 16 000 n\u00f6v\u00e9nyfaj \u00e9s gazdag \u00e1llatvil\u00e1g \u2013 k\u00f6zt\u00fck t\u00f6bb mint 1100 mad\u00e1r, 314 eml\u0151s \u00e9s 293 h\u00fcll\u0151 \u2013 tal\u00e1l itt mened\u00e9ket. A f\u00f6ldhaszn\u00e1lat intenz\u00edvebb\u00e9 v\u00e1l\u00e1sa \u00e9s a fakitermel\u00e9s azonban ezen \u00f6kosziszt\u00e9m\u00e1k k\u00f6zel fel\u00e9t fenyegeti; a f\u00f6ldter\u00fcletek egyharmada az elm\u00falt k\u00e9t \u00e9vsz\u00e1zadban m\u00e1r antropog\u00e9n hasznos\u00edt\u00e1s\u00fa ter\u00fclett\u00e9 v\u00e1lt. A szeizmikus aktivit\u00e1s, az \u00e9ghajlatv\u00e1ltoz\u00e1s \u00e9s a monszun\u00e1lis sz\u00e9ls\u0151s\u00e9gek s\u00falyosb\u00edtj\u00e1k a k\u00f6rnyezeti stresszt.<\/p>\n\n\n\n<p>Felismerve ezeket a nyom\u00e1sokat, Mianmar csatlakozott a region\u00e1lis er\u0151fesz\u00edt\u00e9sekhez a meg\u00fajul\u00f3 energia, k\u00fcl\u00f6n\u00f6sen a napenergia b\u0151v\u00edt\u00e9se \u00e9rdek\u00e9ben, amely a Nagy-Mekong nemzetei k\u00f6z\u00f6tt a legnagyobb potenci\u00e1llal rendelkezik. Az ENSZ K\u00f6rnyezetv\u00e9delmi Programj\u00e1val \u00e9s a hazai \u00fcgyn\u00f6ks\u00e9gekkel k\u00f6t\u00f6tt partners\u00e9gek eredm\u00e9nyek\u00e9nt l\u00e9trej\u00f6tt egy nemzeti kl\u00edmav\u00e1ltoz\u00e1si politika, amely ir\u00e1nymutat\u00e1st ad az infrastrukt\u00fara korszer\u0171s\u00edt\u00e9s\u00e9re, az ellen\u00e1ll\u00f3 mez\u0151gazdas\u00e1gi technik\u00e1kra \u00e9s az \u00fcvegh\u00e1zhat\u00e1s\u00fa g\u00e1zok kibocs\u00e1t\u00e1s\u00e1nak cs\u00f6kkent\u00e9s\u00e9re. 2015-ben a Vil\u00e1gbank formaliz\u00e1lt egy keretrendszert, amelynek c\u00e9lja, hogy hatmilli\u00f3 ember sz\u00e1m\u00e1ra kiterjessze az \u00e1ramhoz val\u00f3 hozz\u00e1f\u00e9r\u00e9st, valamint jav\u00edtsa a terhes n\u0151k \u00e9s gyermekek eg\u00e9szs\u00e9g\u00fcgyi ell\u00e1t\u00e1s\u00e1t.<\/p>\n\n\n\n<p>Mianmar, a term\u00e9szeti kincsek t\u00e1rh\u00e1za, j\u00e1d\u00e9t, dr\u00e1gak\u00f6veket, tikf\u00e1t, olajat \u00e9s f\u00f6ldg\u00e1zt termel. Az \u00e9vtizedekig tart\u00f3 konfliktusok, korrupci\u00f3 \u00e9s a beruh\u00e1z\u00e1sok hi\u00e1nya m\u00e9gis akad\u00e1lyozta a fejl\u0151d\u00e9st. 2013-ban a nomin\u00e1lis GDP 56,7 milli\u00e1rd USD volt (221,5 milli\u00e1rd USD v\u00e1s\u00e1rl\u00f3er\u0151-parit\u00e1son), \u00e9s 2019-re 76 milli\u00e1rd USD-re emelkedett; a j\u00f6vedelmi egyenl\u0151tlens\u00e9g azonban a vil\u00e1g legsz\u00e9lesebbjei k\u00f6z\u00e9 tartozik, mivel a katonailag al\u00e1rendelt bar\u00e1tok uralj\u00e1k a kulcsfontoss\u00e1g\u00fa \u00e1gazatokat. A 2014-ben megny\u00edlt rangoni t\u0151zsde a sz\u00fclet\u0151ben l\u00e9v\u0151 t\u0151kepiacokat szimboliz\u00e1lja, de az inform\u00e1lis gazdas\u00e1g \u2013 amely a csemp\u00e9szethez \u00e9s az illeg\u00e1lis kereskedelemhez k\u00f6t\u0151dik \u2013 tov\u00e1bbra is hatalmas.<\/p>\n\n\n\n<p>Mianmar k\u00f6zponti helyet foglal el az Arany H\u00e1romsz\u00f6gben, az \u00f3piumtermel\u00e9sben Afganiszt\u00e1n ut\u00e1n a m\u00e1sodik helyen \u00e1ll. B\u00e1r az \u00f3piumtermeszt\u00e9s 2015 ut\u00e1n visszaesett, 2022-re a betakar\u00edtott ter\u00fclet egyharmad\u00e1val b\u0151v\u00fclt, \u00edgy k\u00f6zel 790 tonna potenci\u00e1lis termel\u00e9st \u00e9rt el. Ugyanakkor Shan \u00e1llam a metamfetamingy\u00e1rt\u00e1s k\u00f6zpontj\u00e1v\u00e1 v\u00e1lt, 2020 tavasz\u00e1n t\u00f6bb mint 193 milli\u00f3 tablett\u00e1t foglaltak le prekurzor vegyi anyagokkal \u00e9s felszerel\u00e9sekkel egy\u00fctt. Az ENSZ figyelmeztet, hogy a COVID-19 okozta gazdas\u00e1gi helyzet \u00e9s a politikai felfordul\u00e1s tov\u00e1bbi \u00fajj\u00e1\u00e9led\u00e9st id\u00e9zhet el\u0151 ezen illeg\u00e1lis ipar\u00e1gakban.<\/p>\n\n\n\n<p>A v\u00e1ltoz\u00e9konys\u00e1g ellen\u00e9re Mianmar kultur\u00e1lis \u00e9s term\u00e9szeti gazdags\u00e1ga vonzza a kalandv\u00e1gy\u00f3 utaz\u00f3kat. A l\u00e9gi k\u00f6zleked\u00e9s jelenti a f\u0151 \u00e1tj\u00e1r\u00f3t: a k\u00f6zvetlen j\u00e1ratok tov\u00e1bbra is korl\u00e1tozottak, b\u00e1r a region\u00e1lis csom\u00f3pontokon kereszt\u00fcli kapcsolatok folyamatosan b\u0151v\u00fclnek. Bizonyos thai \u00e9s k\u00ednai hat\u00e1rpontok k\u00f6z\u00f6tt l\u00e9teznek sz\u00e1razf\u00f6ldi \u00e1tkel\u0151k, de a k\u00fclf\u00f6ldiekhez val\u00f3 hozz\u00e1f\u00e9r\u00e9s korl\u00e1tozott \u00e9s gyakran v\u00e1ltozik. A turisztikai v\u00edzumok, a belf\u00f6ldi utaz\u00e1si enged\u00e9lyek \u00e9s a perif\u00e9rikus \u00e1llamokra vonatkoz\u00f3 alkalmi tilalmak gondos tervez\u00e9st ig\u00e9nyelnek.<\/p>\n\n\n\n<p>A megengedett z\u00f3n\u00e1kon bel\u00fcl \u00fati c\u00e9lok gobelinje bontakozik ki. Rangun gyarmati \u00e9p\u00edt\u00e9szete \u00e9s a ragyog\u00f3 Shwedagon pagoda a ny\u00fczsg\u0151 piacok mellett \u00e1ll. Bago buddhista templomai, Twante fazekasm\u0171helyei \u00e9s Kyaiktiyo zar\u00e1ndokhelye \u2013 egy szikl\u00e1n egyens\u00falyoz\u00f3 arany szikla \u2013 egynapos kir\u00e1ndul\u00e1si lehet\u0151s\u00e9get k\u00edn\u00e1lnak az egykori f\u0151v\u00e1rosb\u00f3l. Az Inle-t\u00f3 \u00fasz\u00f3 falvai \u00e9s Bagan \u00e9teri s\u00edks\u00e1ga, t\u00f6bb ezer pagod\u00e1j\u00e1val, sz\u00e1mos \u00fatvonal \u00e9l\u00e9n \u00e1ll. A hegyi \u00fcd\u00fcl\u0151helyek, mint p\u00e9ld\u00e1ul Pyin U Lwin, a brit korabeli h\u0171v\u00f6s mened\u00e9khelyekre eml\u00e9keztetnek; Ngapali, Ngwe Saung \u00e9s a Mergui-szigetcsoport tengerparti \u00fcd\u00fcl\u0151helyei naps\u00fct\u00e9st \u00e9s homokot k\u00edn\u00e1lnak.<\/p>\n\n\n\n<p>Az \u00e9szaki r\u00e9szek, Putao Himal\u00e1ja l\u00e1b\u00e1t\u00f3l a Shan \u00e1llam t\u00fara\u00fatvonalaiig, hegyi t\u00f6rzsek falvaiba cs\u00e1b\u00edtj\u00e1k a t\u00far\u00e1z\u00f3kat. A Mrauk U \u00e9s Pyay r\u00e9g\u00e9szeti lel\u0151helyei a Pyu \u00e9s a Rakhine Kir\u00e1lys\u00e1g korai korszakait t\u00e1rj\u00e1k fel. A hegyvid\u00e9ki hat\u00e1rok azonban a folyamatos konfliktusok k\u00f6zepette el\u00e9rhetetlenek lehetnek, \u00edgy a naprak\u00e9sz helyi tan\u00e1csok elengedhetetlenek.<\/p>\n\n\n\n<p>A l\u00e1togat\u00f3knak k\u00f6r\u00fcltekint\u0151en kell eligazodniuk a t\u00e1rsadalmi norm\u00e1kban. Vall\u00e1si k\u00f6rnyezetben k\u00f6telez\u0151 a szer\u00e9ny \u00f6lt\u00f6zet: a v\u00e1llakat \u00e9s a t\u00e9rdeket be kell fedni, a l\u00e1bbelit pedig le kell venni a templom ter\u00fclet\u00e9re val\u00f3 bel\u00e9p\u00e9s el\u0151tt. Mindk\u00e9t nem viselheti a longyit, egy cs\u0151szer\u0171 sarongot, amelyet a f\u00e9rfiak \u00e9s a n\u0151k m\u00e1sk\u00e9pp k\u00f6tnek meg. A nyilv\u00e1nos vonzalommegnyilv\u00e1nul\u00e1sok rendk\u00edv\u00fcl ritk\u00e1k; m\u00e9g a n\u00e9vjegyk\u00e1rty\u00e1kat is a jobb k\u00e9zzel, a bal k\u00f6ny\u00f6k al\u00e1 t\u00e1masztva kell kicser\u00e9lni.<\/p>\n\n\n\n<p>A turist\u00e1k gyakran udvarias b\u00e1n\u00e1sm\u00f3dban r\u00e9szes\u00fclnek; sok burmai a k\u00fclf\u00f6ldieket \u201ebo\u201d-nak (\u201etiszt\u201d) tekinti, ami egy r\u00e9g\u00f3ta fenn\u00e1ll\u00f3 gyarmati kifejez\u00e9s. Az id\u0151sebbek tiszteletteljes megsz\u00f3l\u00edt\u00e1st \u00e9rdemelnek \u2013 U vagy \u201eb\u00e1csi\u201d a f\u00e9rfiakn\u00e1l, Daw vagy \u201en\u00e9ni\u201d a n\u0151kn\u00e9l. A rohingja v\u00e1ls\u00e1gr\u00f3l, vall\u00e1si k\u00e9rd\u00e9sekr\u0151l vagy politik\u00e1r\u00f3l, k\u00fcl\u00f6n\u00f6sen a K\u00edn\u00e1val fenntartott kapcsolatokr\u00f3l sz\u00f3l\u00f3 besz\u00e9lget\u00e9seket jobb elker\u00fclni. A szerzetesek m\u00e9ly tiszteletet parancsolnak: t\u00e1ljaik soha nem tartalmazhatnak p\u00e9nzt, \u00e9s az alamizsn\u00e1t d\u00e9l el\u0151tt kell felaj\u00e1nlani \u00e9telk\u00e9nt. A szerzetesek enged\u00e9ly n\u00e9lk\u00fcli f\u00e9nyk\u00e9pez\u00e9se vagy meg\u00e9rint\u00e9se s\u00e9rti a szok\u00e1sokat, \u00e9s b\u00edr\u00e1latot v\u00e1lthat ki.<\/p>\n\n\n\n<p>A chinlone, Mianmar nemzeti sportja, a helyi szabadid\u0151s tev\u00e9kenys\u00e9gek tipikus p\u00e9ld\u00e1ja: a j\u00e1t\u00e9kosok l\u00e1bbal passzolnak egy rattan labd\u00e1t, ink\u00e1bb az eleganci\u00e1ra t\u00f6rekedve, mint a verseng\u00e9sre. Az \u00e9vet fesztiv\u00e1lok tark\u00edtj\u00e1k, a pagoda \u00e9vfordul\u00f3it\u00f3l a mez\u0151gazdas\u00e1gi ciklusokig mindent meg\u00fcnnepelnek, mindegyik t\u00e1nc, zene \u00e9s ritu\u00e1l\u00e9k r\u00e9v\u00e9n er\u0151s\u00edti a k\u00f6z\u00f6ss\u00e9gi k\u00f6tel\u00e9keket.<\/p>\n\n\n\n<p>Mianmar narrat\u00edv\u00e1ja a v\u00e1ltoz\u00f3 kont\u00farok \u2013 f\u00f6ldrajzi, kultur\u00e1lis \u00e9s politikai \u2013 t\u00f6rt\u00e9nete. T\u00e1jai \u00e9s n\u00e9pei \u00e9vsz\u00e1zados kult\u00far\u00e1k k\u00f6z\u00f6tti cser\u00e9r\u0151l, dinasztikus amb\u00edci\u00f3kr\u00f3l \u00e9s gyarmati k\u00f6zj\u00e1t\u00e9kr\u00f3l tan\u00faskodnak. A korm\u00e1nyz\u00e1s\u00e9rt, a jogok\u00e9rt \u00e9s az er\u0151forr\u00e1sok\u00e9rt folytatott mai k\u00fczdelmek rendk\u00edv\u00fcli biodiverzit\u00e1s \u00e9s m\u00e9ly spiritu\u00e1lis \u00e9let h\u00e1tter\u00e9ben zajlanak. Az orsz\u00e1g j\u00f6v\u0151je azon m\u00falik, hogy k\u00e9pes-e \u00f6sszeegyeztetni az egym\u00e1ssal verseng\u0151 v\u00edzi\u00f3kat: hogy er\u0151forr\u00e1s-vagyon\u00e1t sz\u00e9les k\u00f6r\u0171 j\u00f3l\u00e9t \u00e9rdek\u00e9ben hasznos\u00edtsa, hogy meg\u0151rizze t\u00f6r\u00e9keny \u00f6kosziszt\u00e9m\u00e1it, \u00e9s hogy olyan t\u00e1rsadalmi szerz\u0151d\u00e9st hozzon l\u00e9tre, amely mag\u00e1ban foglalja sz\u00e1mtalan etnikai identit\u00e1s\u00e1t. Minden kih\u00edv\u00e1sa ellen\u00e9re Mianmar tov\u00e1bbra is a felemel\u0151 komplexit\u00e1s \u00e9s a tart\u00f3s rem\u00e9ny helye, v\u00e1rva a m\u00e9g meg\u00edrand\u00f3 fejezeteket.<\/p>","protected":false},"excerpt":{"rendered":"<p>Mianmar, amelyet hivatalosan a Mianmari Uni\u00f3 K\u00f6zt\u00e1rsas\u00e1gak\u00e9nt emlegetnek, egy d\u00e9lkelet-\u00e1zsiai nemzet, amelynek becs\u00fclt lakoss\u00e1ga k\u00f6r\u00fclbel\u00fcl 55 milli\u00f3. Mianmar, D\u00e9lkelet-\u00c1zsia sz\u00e1razf\u00f6ldi legnagyobb orsz\u00e1ga, strat\u00e9giai fekv\u00e9s\u0171, nyugaton India, d\u00e9lnyugat Banglades, \u00e9szakkeleten K\u00edna, keleten \u00e9s d\u00e9lkeleten Laosz \u00e9s Thaif\u00f6ld, d\u00e9len \u00e9s d\u00e9lnyugaton pedig az Andam\u00e1n-tenger \u00e9s a Beng\u00e1li-\u00f6b\u00f6l hat\u00e1rolja.<\/p>","protected":false},"author":1,"featured_media":3074,"parent":24063,"menu_order":0,"comment_status":"closed","ping_status":"closed","template":"elementor_theme","meta":{"_eb_attr":"","footnotes":""},"class_list":["post-15389","page","type-page","status-publish","has-post-thumbnail"],"_links":{"self":[{"href":"https:\/\/travelshelper.com\/hu\/wp-json\/wp\/v2\/pages\/15389","targetHints":{"allow":["GET"]}}],"collection":[{"href":"https:\/\/travelshelper.com\/hu\/wp-json\/wp\/v2\/pages"}],"about":[{"href":"https:\/\/travelshelper.com\/hu\/wp-json\/wp\/v2\/types\/page"}],"author":[{"embeddable":true,"href":"https:\/\/travelshelper.com\/hu\/wp-json\/wp\/v2\/users\/1"}],"replies":[{"embeddable":true,"href":"https:\/\/travelshelper.com\/hu\/wp-json\/wp\/v2\/comments?post=15389"}],"version-history":[{"count":0,"href":"https:\/\/travelshelper.com\/hu\/wp-json\/wp\/v2\/pages\/15389\/revisions"}],"up":[{"embeddable":true,"href":"https:\/\/travelshelper.com\/hu\/wp-json\/wp\/v2\/pages\/24063"}],"wp:featuredmedia":[{"embeddable":true,"href":"https:\/\/travelshelper.com\/hu\/wp-json\/wp\/v2\/media\/3074"}],"wp:attachment":[{"href":"https:\/\/travelshelper.com\/hu\/wp-json\/wp\/v2\/media?parent=15389"}],"curies":[{"name":"wp","href":"https:\/\/api.w.org\/{rel}","templated":true}]}}