{"id":15371,"date":"2024-09-20T23:17:55","date_gmt":"2024-09-20T23:17:55","guid":{"rendered":"https:\/\/travelshelper.com\/staging\/?page_id=15371"},"modified":"2026-03-11T18:55:00","modified_gmt":"2026-03-11T18:55:00","slug":"nepal","status":"publish","type":"page","link":"https:\/\/travelshelper.com\/hu\/destinations\/asia\/nepal\/","title":{"rendered":"Nep\u00e1l"},"content":{"rendered":"<p>Nep\u00e1l egyed\u00fcl\u00e1ll\u00f3 helyet foglal el a vil\u00e1gt\u00e9rk\u00e9pen, egy karcs\u00fa f\u00f6lds\u00e1v, amely a Himal\u00e1ja magas hegycs\u00facs\u00e1t \u00e9s a m\u00f6g\u00f6tte elter\u00fcl\u0151 term\u00e9keny s\u00edks\u00e1gokat \u00f6leli k\u00f6r\u00fcl. Nyugatr\u00f3l keletre mintegy 800 kilom\u00e9ter hosszan h\u00faz\u00f3d\u00f3, legsz\u00e9lesebb pontj\u00e1n m\u00e9gis alig 200 kilom\u00e9teres az orsz\u00e1g, amely mag\u00e1ban foglalja a vil\u00e1g t\u00edz legmagasabb cs\u00facsa k\u00f6z\u00fcl nyolcat, k\u00f6zt\u00fck a 8848,86 m\u00e9teres Mount Everestet, az Indo-Gangetikus-s\u00edks\u00e1g lank\u00e1s hull\u00e1mai mellett. Felsz\u00edne hirtelen v\u00e1ltozik a d\u00e9li szubtr\u00f3pusi alf\u00f6ldekt\u0151l az \u00e9szaki alpesi gerincekig, olyan \u00f6kol\u00f3giai \u00f6vezetek sorozat\u00e1n haladva kereszt\u00fcl, amelyek mind az \u0151si tektonikus felfordul\u00e1st, mind az \u00e9vezredek \u00f3ta tart\u00f3 emberi alkalmazkod\u00e1st t\u00fckr\u00f6zik.<\/p>\n\n\n\n<p>Nagyj\u00e1b\u00f3l 75 milli\u00f3 \u00e9vvel ezel\u0151tt az indiai szubkontinens \u2013 amely akkor m\u00e9g a Gondwana szuperkontinenshez volt k\u00f6tve \u2013 \u00e9szakkelet fel\u00e9 kezdett cs\u00faszni, amit a proto-Indiai-\u00f3ce\u00e1nban sz\u00e9tter\u00fcl\u0151 tengerfen\u00e9k hajtott. Ahogy ez a sz\u00e1razf\u00f6ld az eur\u00e1zsiai lemez al\u00e1 nyomult, az \u00f3ce\u00e1ni k\u00e9reg al\u00e1bomlott, \u00e9s a kontinent\u00e1lis k\u0151zetek az \u00e9g fel\u00e9 gy\u0171r\u0151dtek. Egy meger\u0151s\u00edtett cs\u00facsfal emelkedett ki, amelynek \u00e9szaki meredek lejt\u0151je has\u00edtotta a monszunfelh\u0151ket, \u00e9s kialak\u00edtotta Tibet magaslati sivatagait. Ahol a foly\u00f3k el\u00e1rasztott\u00e1k a sz\u00fclet\u0151ben l\u00e9v\u0151 g\u00e1tat, m\u00e9ly szurdokokat v\u00e1jtak; m\u00e1shol a feltorl\u00f3dott vizek tavakat hoztak l\u00e9tre, amelyek v\u00e9g\u00fcl \u00e1tt\u00f6r\u00e9s\u00fck ut\u00e1n term\u00e9keny \u00fcregeket v\u00e1jtak ki, mint p\u00e9ld\u00e1ul a Katmandu-v\u00f6lgy. D\u00e9l fel\u00e9 egy sz\u00e9les, iszappal teli v\u00e1ly\u00fa h\u00faz\u00f3dott, amely a Terai-s\u00edks\u00e1g gazdag v\u00e1lyogtalaj\u00e1t adta.<\/p>\n\n\n\n<p>Ez az \u00fctk\u00f6z\u00e9si z\u00f3na a Nep\u00e1l hat\u00e1rain bel\u00fcl h\u00faz\u00f3d\u00f3 2400 kilom\u00e9ter hossz\u00fa Himal\u00e1ja-hegys\u00e9g k\u00f6zel egyharmad\u00e1t foglalja mag\u00e1ban, amely az \u00e9szaki Tibeti-fenns\u00edkt\u00f3l a d\u00e9li Indo-Gangetikus-s\u00edks\u00e1gig h\u00faz\u00f3dik. A geol\u00f3gusok h\u00e1rom f\u0151 \u00f6vr\u0151l besz\u00e9lnek: a fels\u0151 \u201eHimal\u201d-r\u00f3l, amely \u00f6r\u00f6k h\u00f3val bor\u00edtott \u00e9s nyolc \u201enyolcezer m\u00e9teres\u201d hegyl\u00e1nccal rendelkezik, a k\u00f6zepes magass\u00e1g\u00fa, ak\u00e1r 4000 m\u00e9teres \u201ePahad\u201d-hegys\u00e9gr\u0151l, valamint a Koshi, Narayani \u00e9s Karnali foly\u00f3k \u00e1ltal t\u00e1pl\u00e1lt \u201eTerai\u201d-alf\u00f6ldr\u0151l. Ezek a kateg\u00f3ri\u00e1k azonban alig ragadj\u00e1k meg az \u00e9ghajlat, a talaj \u00e9s az \u00e9l\u0151vil\u00e1g finom fokozatait, amelyek az egyes lejt\u0151ket \u00e9s v\u00f6lgyeket meghat\u00e1rozz\u00e1k.<\/p>\n\n\n\n<p>A tengerszint feletti magass\u00e1g sokkal hat\u00e1rozottabban hat\u00e1rozza meg Nep\u00e1l \u00e9ghajlat\u00e1t, mint a sz\u00e9less\u00e9gi fok. 1200 m\u00e9ter alatt tr\u00f3pusi \u00e9s szubtr\u00f3pusi viszonyok uralkodnak; 1200 \u00e9s 2400 m\u00e9ter k\u00f6z\u00f6tt m\u00e9rs\u00e9kelt \u00f6v alakul ki; 2400 \u00e9s 3600 m\u00e9ter k\u00f6z\u00f6tt hideg s\u00e1v tal\u00e1lhat\u00f3; 3600 \u00e9s 4400 m\u00e9ter k\u00f6z\u00f6tt szubarktikus hideg uralkodik; 4400 m\u00e9ter felett pedig az arktikus j\u00e9gmez\u0151k \u00e9s mor\u00e9n\u00e1k birodalma ter\u00fcl el. \u00d6t \u00e9vszak jellemzi az \u00e9vet: sz\u00e1raz ny\u00e1r, monszunes\u0151k, ropog\u00f3s \u0151sz, t\u00e9li fagy \u00e9s a tavasz tiszta napjai. A himal\u00e1jai g\u00e1t blokkolja K\u00f6z\u00e9p-\u00c1zsia t\u00e9li szeleinek cs\u00edp\u0151ss\u00e9g\u00e9t, \u00e9s szab\u00e1lyozza a d\u00e9l-\u00e1zsiai monszun apad\u00e1s\u00e1t \u00e9s dag\u00e1ly\u00e1t.<\/p>\n\n\n\n<p>Ezeken a m\u00e9lys\u00e9geken bel\u00fcl rendk\u00edv\u00fcli n\u00f6v\u00e9ny- \u00e9s \u00e1llatvil\u00e1g vir\u00e1gzik. Nep\u00e1l ad otthont a vil\u00e1g eml\u0151seinek 4 sz\u00e1zal\u00e9k\u00e1nak, madarainak k\u00f6zel 9 sz\u00e1zal\u00e9k\u00e1nak, valamint sz\u00e1mos h\u00fcll\u0151nek, k\u00e9t\u00e9lt\u0171nek, halnak, lepk\u00e9nek, molynak \u00e9s p\u00f3knak. Erd\u0151i \u2013 harminc\u00f6t k\u00fcl\u00f6nb\u00f6z\u0151 t\u00edpus \u2013 t\u00f6bb ezer vir\u00e1gos n\u00f6v\u00e9nyfajnak, pteridofitonnak \u00e9s mohafajnak ad otthont. A biokultur\u00e1lis gazdags\u00e1g a nedvesebb keleten tet\u0151zik, m\u00edg a sz\u00e1razabb nyugati hegyekben sarkvid\u00e9ki sivatagi k\u00f6r\u00fclm\u00e9nyek uralkodnak a magaslatokon. Ez a biodiverzit\u00e1si g\u00f3cpont a dr\u00e1mai tengerszint feletti magass\u00e1gnak k\u00f6sz\u00f6nheti bujas\u00e1g\u00e1t: a Terai-hegys\u00e9gben tal\u00e1lhat\u00f3 60 m\u00e9teres tengerszint feletti magass\u00e1gt\u00f3l az Everest cs\u00facs\u00e1ig.<\/p>\n\n\n\n<p>A \u201eNep\u00e1l\u201d n\u00e9v a v\u00e9dikus sz\u00f6vegekben a szubkontinensen \u00edrott t\u00f6rt\u00e9nelem hajnal\u00e1t\u00f3l kezdve megjelenik. Az i. e. els\u0151 \u00e9vezred k\u00f6zep\u00e9n D\u00e9l-Nep\u00e1lban sz\u00fcletett Gautama Buddha Lumbiniben, ezzel megalapozva a buddhizmust, mik\u00f6zben a hindu hagyom\u00e1nyok megszil\u00e1rdultak a s\u00edks\u00e1gon. Az \u00e9szaki r\u00e9szek a tibeti kult\u00fara lenyomat\u00e1t viselt\u00e9k magukon, m\u00edg a Katmandu-v\u00f6lgy a Newar konf\u00f6der\u00e1ci\u00f3, a Nep\u00e1li Mandala sz\u00edv\u00e9v\u00e9 fejl\u0151d\u00f6tt. Keresked\u0151i a himal\u00e1jai Selyem\u00fat \u00fatvonalait uralt\u00e1k, a Newar k\u00e9zm\u0171vesek pedig egy jellegzetes m\u0171v\u00e9szeti \u00e9s \u00e9p\u00edt\u00e9szeti st\u00edlust fejlesztettek ki. A hetedik sz\u00e1zadi k\u00ednai kr\u00f3nik\u00e1k a v\u00f6lgy templomaiban \u00e9s palot\u00e1iban tal\u00e1lhat\u00f3 pagod\u00e1kat, soksz\u00f6g\u0171 fa- \u00e9s f\u00e9mmegmunk\u00e1l\u00e1st csod\u00e1lj\u00e1k.<\/p>\n\n\n\n<p>A tizennyolcadik sz\u00e1zadra a Gorkha kir\u00e1lys\u00e1g a sah dinasztia uralma alatt emelkedett fel, egyes\u00edtve a k\u00fcl\u00f6nb\u00f6z\u0151 fejedelems\u00e9geket. B\u00e1r Nep\u00e1l soha nem gyarmatosult, strat\u00e9giai szerz\u0151d\u00e9seket k\u00f6t\u00f6tt a britekkel, \u00e9s \u00fctk\u00f6z\u0151k\u00e9nt szolg\u00e1lt Brit India \u00e9s a Cs\u00e1sz\u00e1ri K\u00edna k\u00f6z\u00f6tt. Az alkotm\u00e1nyos monarchia \u00e9s parlament 1951-ben jelent meg, amelyet azonban a hatalom megszil\u00e1rd\u00edt\u00e1s\u00e1ra t\u00f6rekv\u0151 uralkod\u00f3k ism\u00e9telten felf\u00fcggesztettek. Az 1990-es \u00e9vekben egy \u00e9vtizedig tart\u00f3 polg\u00e1rh\u00e1bor\u00fa 2008-ban z\u00e1rult a vil\u00e1g utols\u00f3 hindu monarchi\u00e1j\u00e1nak elt\u00f6rl\u00e9s\u00e9vel \u00e9s egy vil\u00e1gi k\u00f6zt\u00e1rsas\u00e1g megsz\u00fclet\u00e9s\u00e9vel.<\/p>\n\n\n\n<p>Nep\u00e1l 2015-\u00f6s alkotm\u00e1nya egy h\u00e9t tartom\u00e1nyb\u00f3l \u00e1ll\u00f3 sz\u00f6vets\u00e9gi parlamenti k\u00f6zt\u00e1rsas\u00e1got hat\u00e1roz meg. Minden tartom\u00e1ny egykamar\u00e1s t\u00f6rv\u00e9nyhoz\u00e1ssal rendelkezik, \u00e9s megosztja a hatalmat a k\u00f6zponti korm\u00e1nnyal. Alattuk 77 ker\u00fclet 753 helyi egys\u00e9gre oszlik \u2013 nagyv\u00e1rosi, alv\u00e1rosi, v\u00e1rosi \u00e9s vid\u00e9ki \u00f6nkorm\u00e1nyzatokra \u2013, amelyek tov\u00e1bb oszlanak 6743 ker\u00fcletre. A helyi \u00f6nkorm\u00e1nyzatok v\u00e9grehajt\u00f3, t\u00f6rv\u00e9nyhoz\u00f3 \u00e9s korl\u00e1tozott b\u00edr\u00f3i hatalommal rendelkeznek, m\u00edg a ker\u00fcleti koordin\u00e1ci\u00f3s bizotts\u00e1gok sz\u0171kebb szerepk\u00f6r\u00f6k bet\u00f6lt\u00e9s\u00e9re v\u00e1lasztott tiszts\u00e9gvisel\u0151ket h\u00edvnak \u00f6ssze.<\/p>\n\n\n\n<p>Nemzetk\u00f6zi szinten Nep\u00e1l 1955-ben csatlakozott az Egyes\u00fclt Nemzetek Szervezet\u00e9hez, \u00e9s a D\u00e9l-\u00e1zsiai Region\u00e1lis Egy\u00fcttm\u0171k\u00f6d\u00e9si Sz\u00f6vets\u00e9g (SAARC) \u00e1lland\u00f3 titk\u00e1rs\u00e1g\u00e1nak a k\u00f6zpontja. Az Elk\u00f6telezettek Mozgalm\u00e1ban \u00e9s a Beng\u00e1li-\u00f6b\u00f6lbeli Kezdem\u00e9nyez\u00e9sben val\u00f3 alap\u00edt\u00f3 tags\u00e1g hangs\u00falyozza diplom\u00e1ciai kapcsolatait, m\u00edg az Indi\u00e1val (1950) \u00e9s K\u00edn\u00e1val (1960) k\u00f6t\u00f6tt k\u00e9toldal\u00fa szerz\u0151d\u00e9sek meger\u0151s\u00edtik region\u00e1lis szerepv\u00e1llal\u00e1sait.<\/p>\n\n\n\n<p>Nep\u00e1l, amely mintegy 125 k\u00fcl\u00f6nb\u00f6z\u0151 etnikai csoportnak ad otthont, \u00e9s t\u00f6bb mint 120 anyanyelvet besz\u00e9l, a kultur\u00e1lis pluralizmus p\u00e9ld\u00e1ja. A 2011-es n\u00e9psz\u00e1ml\u00e1l\u00e1si adatok szerint a nep\u00e1li a hivatalos nyelv 44,6 sz\u00e1zal\u00e9kban, ezt k\u00f6veti a maithili, a bhojpuri, a tharu, a tamang, a nep\u00e1li bhasa \u00e9s m\u00e1sok. A f\u0151bb nyelvcsal\u00e1dok \u2013 az indo\u00e1rja, a k\u00ednai-tibeti \u00e9s az \u0151slakos izol\u00e1tumok \u2013 \u00e1tfed\u00e9sben vannak a vall\u00e1si hagyom\u00e1nyokkal \u00e9s a t\u00e1rsadalmi identit\u00e1sokkal. N\u00e9gy jelnyelv szolg\u00e1lja ki a siket k\u00f6z\u00f6ss\u00e9get.<\/p>\n\n\n\n<p>A szanszkritb\u00f3l sz\u00e1rmaz\u00f3 \u00e9s d\u00e9van\u00e1gari \u00edr\u00e1ssal \u00edrt nep\u00e1li nyelv a k\u00f6z\u00f6s nyelv (lingua franca) szerep\u00e9t t\u00f6lti be. A terai nyelvek, mint p\u00e9ld\u00e1ul a maithili, az awadhi \u00e9s a bhojpuri, a d\u00e9li s\u00edks\u00e1gokon vir\u00e1goznak, m\u00edg a tibeti dialektusok a h\u00f3hat\u00e1ron t\u00fal is fennmaradtak. A k\u00fcl\u00f6nb\u00f6z\u0151 hegyvid\u00e9ki \u00e9s terai dialektusok kodifik\u00e1l\u00e1s\u00e1ra ir\u00e1nyul\u00f3 er\u0151fesz\u00edt\u00e9sek gyakran d\u00e9van\u00e1gari vagy r\u00f3mai bet\u0171ket haszn\u00e1lnak.<\/p>\n\n\n\n<p>Demogr\u00e1fiailag a lakoss\u00e1g sz\u00e1ma 2011-ben el\u00e9rte a 26,5 milli\u00f3t, ami k\u00f6zel h\u00e1romszoros\u00e1ra n\u0151tt 1950 \u00f3ta. A vid\u00e9kr\u0151l v\u00e1rosba ir\u00e1nyul\u00f3 migr\u00e1ci\u00f3, k\u00fcl\u00f6n\u00f6sen a Terai \u00e9s a v\u00f6lgyv\u00e1rosokba, a vil\u00e1g leggyorsabb urbaniz\u00e1ci\u00f3s \u00fctem\u00e9t eredm\u00e9nyezte, ennek ellen\u00e9re a v\u00e1rosi lakoss\u00e1g teljes r\u00e9szesed\u00e9se tov\u00e1bbra is 20 sz\u00e1zal\u00e9k alatt van. Katmandu, a \u201etemplomok v\u00e1rosa\u201d, tov\u00e1bbra is kultur\u00e1lis \u00e9s gazdas\u00e1gi k\u00f6zpontk\u00e9nt m\u0171k\u00f6dik, m\u00edg m\u00e1s v\u00e1rosok \u2013 Pokhara, Biratnagar, Lalitpur \u00e9s Bharatpur \u2013 a torl\u00f3d\u00e1sok, a szennyez\u00e9s \u00e9s a v\u00edzhi\u00e1ny okozta kih\u00edv\u00e1sok k\u00f6zepette n\u00f6vekednek.<\/p>\n\n\n\n<p>A hinduizmus tov\u00e1bbra is domin\u00e1ns, a lakoss\u00e1g t\u00f6bb mint 81 sz\u00e1zal\u00e9ka vallja mag\u00e1t; a buddhizmus 9 sz\u00e1zal\u00e9kot tesz ki, a fennmarad\u00f3 r\u00e9szt pedig az iszl\u00e1m, a kirant animizmus, a kereszt\u00e9nys\u00e9g \u00e9s a term\u00e9szetim\u00e1dat. Nep\u00e1lban \u00e9l a vil\u00e1g legnagyobb hindu lakoss\u00e1ga sz\u00e1zal\u00e9kos ar\u00e1nyban. B\u00e1r a szekularizmus t\u00f6rv\u00e9nybe van iktatva, a vall\u00e1si fesztiv\u00e1lok \u00e9s ritu\u00e1l\u00e9k \u2013 amelyek gyakran \u00e1llati v\u00e9r felaj\u00e1nl\u00e1s\u00e1val j\u00e1rnak \u2013 tov\u00e1bbra is fenn\u00e1llnak. A Dashain \u00e9s az \u00f6t\u00e9vente megrendezett Gadhimai fesztiv\u00e1l a tart\u00f3s hagyom\u00e1nyokat \u00e9s az \u00e1ldozathozatallal \u00e9s a j\u00f3l\u00e9ttel kapcsolatos vit\u00e1kat p\u00e9ld\u00e1zza. Ek\u00f6zben a marginaliz\u00e1lt n\u0151ket c\u00e9lz\u00f3 boszork\u00e1ny\u00fcld\u00f6z\u00e9sek r\u00e1vil\u00e1g\u00edtanak a babon\u00e1k \u00e9s a t\u00e1rsadalmi er\u0151szak tov\u00e1bbra is fenn\u00e1ll\u00e1s\u00e1ra egyes vid\u00e9ki k\u00f6z\u00f6ss\u00e9gekben.<\/p>\n\n\n\n<p>Az 1963 \u00f3ta illeg\u00e1lis, m\u00e9gis t\u00e1rsadalmilag befoly\u00e1sos kasztrendszer \u00f6r\u00f6kletes csoportokra osztja a t\u00e1rsadalmat, amelyek a h\u00e1zass\u00e1got, a foglalkoz\u00e1st \u00e9s a ritu\u00e1lis st\u00e1tuszt szab\u00e1lyozz\u00e1k. A v\u00e1rosi munkahelyeken \u00e9s iskol\u00e1kban cs\u00f6kkent a kaszt-identit\u00e1s, m\u00edg a vid\u00e9ki \u00e9s hagyom\u00e1nyos kontextusok tov\u00e1bbra is hierarchikus norm\u00e1kat t\u00fckr\u00f6znek. A k\u00f6z\u00f6s csal\u00e1di patriarch\u00e1tus domin\u00e1l, b\u00e1r a nukle\u00e1ris csal\u00e1dok egyre nagyobb teret h\u00f3d\u00edtanak a v\u00e1rosokban. Az elrendezett h\u00e1zass\u00e1gok tov\u00e1bbra is fenn\u00e1llnak, nagyon alacsony v\u00e1l\u00e1si ar\u00e1nnyal, \u00e9s a t\u00f6rv\u00e9nyes korhat\u00e1rok ellen\u00e9re a gyermekh\u00e1zass\u00e1g sok faluban tov\u00e1bbra is fenn\u00e1ll.<\/p>\n\n\n\n<p>Nep\u00e1l \u00e9p\u00edt\u00e9szeti \u00f6r\u00f6ks\u00e9ge \u00e9vezredekre ny\u00falik vissza, a katmandui v\u00f6lgyben tal\u00e1lhat\u00f3 Ashokan szt\u00fap\u00e1kt\u00f3l a newar k\u00e9zm\u0171vesek \u00e1ltal k\u00e9sz\u00edtett pagoda templomokig. Jellegzetes famegmunk\u00e1l\u00e1s \u2013 bonyolult r\u00e1csos ablakok, m\u00e1s n\u00e9ven ankhijhyal \u2013 \u00e9s aranyozott d\u00edsz\u00edt\u00e9ssel koron\u00e1zott l\u00e9pcs\u0151zetes tet\u0151k jellemzik a templomkomplexumokat. K\u0151teraszok, bronzszobrok \u00e9s r\u00e9zdombor\u00edt\u00e1sok tan\u00fas\u00edtj\u00e1k a f\u00e9mm\u0171vesek virtuozit\u00e1s\u00e1t. A Patan, Bhaktapur \u00e9s Katmandu Durbar terek \u00e9l\u0151 m\u00fazeumi helysz\u00edneket k\u00edn\u00e1lnak, ahol k\u00e9tezer \u00e9v m\u0171v\u00e9szete \u00e9s \u00e9p\u00edt\u00e9szete tal\u00e1lkozik.<\/p>\n\n\n\n<p>Az olyan fest\u00e9szeti hagyom\u00e1nyok, mint a thank\u0101 (tibeti paubha), a kolostori k\u00f6rnyezetben \u00e9s a newar m\u0171helyekben is fennmaradtak. A negyedik sz\u00e1zadban \u00e9p\u00fclt Changu Narayan a kifinomult fam\u0171vess\u00e9g bizony\u00edt\u00e9ka. A lak\u00f3\u00e9p\u00fcletek faragott gerend\u00e1ikban, ablakaikban \u00e9s ajt\u00f3ikban vall\u00e1si mot\u00edvumokat t\u00fckr\u00f6znek, m\u00edg az ereszek v\u00e9delmet ny\u00fajtanak a helyi talajb\u00f3l sz\u00e1rmaz\u00f3 pigmentekkel festett falaknak.<\/p>\n\n\n\n<p>\u00c9vezredeken \u00e1t a drap\u00e9riaszer\u0171 ruhadarabok szolg\u00e1ltak els\u0151dleges viseletk\u00e9nt. A sz\u00e1ri \u2013 hat yard sz\u00f6vet \u2013 az als\u00f3testet bor\u00edtja, \u00e9s egy cholo bl\u00fazzal p\u00e1ros\u00edtva szer\u00e9nys\u00e9get \u00e9s eleganci\u00e1t egyar\u00e1nt k\u00f6lcs\u00f6n\u00f6z. A vid\u00e9ki munk\u00e1ban a r\u00f6videbb ruhadarabok, mint p\u00e9ld\u00e1ul a gunyu, megk\u00f6nny\u00edtik a munk\u00e1t. A f\u00e9rfiak dhotija a derekukat \u00e9s a l\u00e1bakat \u00f6leli k\u00f6r\u00fcl, \u00e9s gyakran p\u00e1ros\u00edtj\u00e1k langautival. Mindk\u00e9t nem patuka \u00f6vk\u00e9nt tekeri az anyagot, ahov\u00e1 a f\u00e9rfiak betehetik az \u00edvelt khukuri k\u00e9st. A kend\u0151, turb\u00e1n (pheta, pagri), f\u00e1tyol (ghumto) \u00e9s s\u00e1l (kha\u1e6da, pachhyaura) teszi teljess\u00e9 a hagyom\u00e1nyos ruhat\u00e1rat.<\/p>\n\n\n\n<p>A nep\u00e1li konyha f\u00f6ldrajzi \u00e9s kultur\u00e1lis soksz\u00edn\u0171s\u00e9get t\u00fckr\u00f6z. A kolumbiai csere sor\u00e1n burgony\u00e1t, kukoric\u00e1t \u00e9s chilit hoztak be, amelyek ma m\u00e1r alapvet\u0151 \u00e9lelmiszerek. A Terai-ban a rizs \u00e9s a b\u00faza vir\u00e1gzik, m\u00edg a dombokon a k\u00f6les, az \u00e1rpa \u00e9s a hajdina a kedvelt. Egy tipikus \u00e9tkez\u00e9s k\u00f6z\u00e9ppontj\u00e1ban egy gabonapehely \u00e1ll \u2013 p\u00e1rolt rizs vagy dhindo (s\u0171r\u0171 zabk\u00e1sa) \u2013, amelyhez lencse, z\u00f6lds\u00e9gek \u00e9s savany\u00fas\u00e1gok t\u00e1rsulnak, fokhagym\u00e1val, gy\u00f6mb\u00e9rrel \u00e9s region\u00e1lis f\u0171szerekkel \u00edzes\u00edtve. A minden\u00fctt jelenl\u00e9v\u0151 t\u00e1l, vagy th\u0101l\u012b, dal, z\u00f6lds\u00e9ges curry, chutney \u00e9s t\u00far\u00f3 t\u00e1lakat rendez a gabona k\u00f6r\u00fcl.<\/p>\n\n\n\n<p>A d\u00e9li s\u00edks\u00e1gokon a kov\u00e1sztalan kenyerek, mint p\u00e9ld\u00e1ul a chapati, a rizst helyettes\u00edtik. A campa, a p\u00f6rk\u00f6lt \u00e1rpaliszt, a magaslati p\u00e1sztorokat tartja el. Az erjesztett z\u00f6lds\u00e9gek, mint a gundruk, t\u00e9len esszenci\u00e1lis vitaminokat biztos\u00edtanak. Az upanisad \u00e9s buddhista ahimsza doktr\u00edn\u00e1k \u00e1ltal befoly\u00e1solt veget\u00e1ri\u00e1nus k\u00f6z\u00f6ss\u00e9gek jellegzetes h\u00fasmentes hagyom\u00e1nyokat tartanak fenn, b\u00e1r a saktizmus \u00e1ldozati szertart\u00e1sai biztos\u00edtj\u00e1k, hogy a h\u00fas sz\u00e1mos ritu\u00e1l\u00e9 k\u00f6zponti eleme maradjon.<\/p>\n\n\n\n<p>Nep\u00e1l a vil\u00e1g legkev\u00e9sb\u00e9 fejlett orsz\u00e1gai k\u00f6z\u00e9 tartozik, az egy f\u0151re jut\u00f3 nomin\u00e1lis GDP k\u00f6zel 1000 USD, a munkaer\u0151 pedig 16,8 milli\u00f3 f\u0151. A mez\u0151gazdas\u00e1g \u2013 gabonaf\u00e9l\u00e9k, h\u00fcvelyesek, olajos magvak, cukorn\u00e1d, juta, doh\u00e1ny \u00e9s \u00e1llatteny\u00e9szt\u00e9s \u2013 a GDP t\u00f6bb mint egynegyed\u00e9t foglalkoztatja; az ipar, bele\u00e9rtve a textilipar, sz\u0151nyegipar, cementipar \u00e9s kis\u00fczemek \u00e1gazat\u00e1t, 15 sz\u00e1zal\u00e9kkal j\u00e1rul hozz\u00e1 a GDP-hez; a szolg\u00e1ltat\u00e1sok uralj\u00e1k a fennmarad\u00f3 r\u00e9szt. A f\u0151k\u00e9nt Indi\u00e1b\u00f3l, a K\u00f6zel-Keletr\u0151l \u00e9s Kelet-\u00c1zsi\u00e1b\u00f3l sz\u00e1rmaz\u00f3 k\u00e9pzetlen munkav\u00e1llal\u00f3k \u00e1tutal\u00e1sai meghaladj\u00e1k a 8 milli\u00e1rd USD-t, ami a GDP k\u00f6zel 30 sz\u00e1zal\u00e9k\u00e1nak felel meg.<\/p>\n\n\n\n<p>Az utak \u00e9s vasutak \u00c1zsia m\u00e1s r\u00e9szein lemaradnak: nagyj\u00e1b\u00f3l 12 000 km aszfaltozott \u00fat, 16 100 km burkolatlan \u00fat, \u00e9s mind\u00f6ssze 59 km vas\u00fat d\u00e9len. A monszun \u00e1ltal k\u00e1ros\u00edtott aut\u00f3p\u00e1ly\u00e1k h\u00f3napokra elszigetelik a k\u00f6z\u00f6ss\u00e9geket. A l\u00e9gi k\u00f6zleked\u00e9s \u00f6sszek\u00f6ti a ker\u00fcleti k\u00f6zpontokat \u2013 47 rep\u00fcl\u0151teret, 11 aszfaltozott kifut\u00f3p\u00e1ly\u00e1t \u2013, de a nemzeti l\u00e9git\u00e1rsas\u00e1g, a Nepal Airlines rossz gazd\u00e1lkod\u00e1sa miatt az EU feketelist\u00e1ra ker\u00fclt. Az indiai kik\u00f6t\u0151kt\u0151l val\u00f3 sz\u00e1razf\u00f6ldi f\u00fcgg\u0151s\u00e9g bonyol\u00edtja a kereskedelmet, amely 1990 \u00e9s 2017 k\u00f6z\u00f6tt huszonh\u00e1romszoros\u00e1ra n\u0151tt; az import \u00e9s az export t\u00f6bb mint 60 sz\u00e1zal\u00e9ka Indi\u00e1n kereszt\u00fcl \u00e1ramlik. A turizmus azonban \u00edg\u00e9retes: 2018-ban egymilli\u00f3 k\u00fclf\u00f6ldi l\u00e1togat\u00f3 \u00e9rkezett, akiket t\u00fara\u00fatvonalak, \u00f6r\u00f6ks\u00e9gi helysz\u00ednek, vadasparkok \u00e9s zar\u00e1ndokk\u00f6zpontok vonzanak. Az \u201einfrastruktur\u00e1lis sz\u0171k keresztmetszetek\u201d, a fejletlen \u00fati c\u00e9lok \u00e9s a l\u00e9git\u00e1rsas\u00e1gok probl\u00e9m\u00e1i azonban akad\u00e1lyozz\u00e1k a terjeszked\u00e9st.<\/p>\n\n\n\n<p>Utaz\u00e1si c\u00e9lokb\u00f3l Nep\u00e1lt gyakran \u00f6t, magass\u00e1gi z\u00f3n\u00e1ra osztj\u00e1k. A magasba ny\u00fal\u00f3 Himal\u00e1ja, melyet az Everest koron\u00e1z, \u00e9s a Nagy Himal\u00e1ja \u00f6sv\u00e9ny szel \u00e1t, t\u00far\u00e1z\u00f3kat \u00e9s kalandorokat vonz. A Katmandu-v\u00f6lgy aranyozott szent\u00e9lyeivel \u00e9s k\u00f6z\u00e9pkori tereivel a kultur\u00e1lis felfedez\u00e9s k\u00f6zpontja. A K\u00f6z\u00e9p-dombs\u00e1g, bele\u00e9rtve Pokhar\u00e1t \u00e9s az Annapurna k\u00f6rutat, a m\u00e9rs\u00e9kelt \u00e9g\u00f6vi t\u00e1jakat falusi vend\u00e9gszeretettel \u00f6tv\u00f6zi. A nyugati Terai mag\u00e1ban foglalja a Chitwan \u00e9s a Bardiya Nemzeti Parkokat, valamint Lumbini-t, Buddha sz\u00fcl\u0151hely\u00e9t. A keleti Terai olyan v\u00e1rosi k\u00f6zpontokat foglal mag\u00e1ban, mint Biratnagar, mik\u00f6zben meg\u0151rizte a vid\u00e9ki hagyom\u00e1nyokat \u00e9s a vadvil\u00e1got.<\/p>\n\n\n\n<p>A f\u0151bb l\u00e1tnival\u00f3k k\u00f6z\u00e9 tartozik Bhaktapur fazekas utc\u00e1i; Patan UNESCO Vil\u00e1g\u00f6r\u00f6ks\u00e9g r\u00e9sz\u00e9t k\u00e9pez\u0151 Durbar tere; Janakpur Janaki temploma; a Namche Bazaar serpa piacai; \u00e9s Nagarkot himal\u00e1jai panor\u00e1m\u00e1ja. Az olyan szent helyek, mint a Haleshi \u00e9s a Parping, medit\u00e1ci\u00f3s barlangokat \u00e9s buddhista hagyom\u00e1nyokat \u0151riznek.<\/p>\n\n\n\n<p>A l\u00e1togat\u00f3kat a \u201eNamaste\u201d \u2013 tenyerek \u00f6sszeszor\u00edt\u00e1sa \u00e9s fejhajt\u00e1s \u2013 \u00fcdv\u00f6zli, amelyet szem\u00e9lyenk\u00e9nt naponta egyszer mondanak el. Az id\u0151sebbek k\u00fcl\u00f6n\u00f6s tiszteletet \u00e9rdemelnek. A cip\u0151t \u00e9s a kalapot leveszik, miel\u0151tt bel\u00e9pnek a lak\u00e1sokba vagy a templomokba. A jobb k\u00e9z az ev\u00e9sre, az ad\u00e1sra \u00e9s a fogad\u00e1sra szolg\u00e1l; a bal a sz\u00e9klet\u00fcr\u00edt\u00e9s ut\u00e1ni mosakod\u00e1sra van fenntartva. A buddhista helysz\u00edneken a templomok k\u00f6r\u00fclj\u00e1r\u00e1sa az \u00f3ramutat\u00f3 j\u00e1r\u00e1s\u00e1val megegyez\u0151en t\u00f6rt\u00e9nik; a hinduk \u00edratlan helyi szok\u00e1sokat k\u00f6vetnek.<\/p>\n\n\n\n<p>A piaci alkudoz\u00e1s a j\u00f3kedvre \u00e9s a k\u00f6lcs\u00f6n\u00f6s tiszteletre \u00e9p\u00fcl. A nem hinduknak be kell tartaniuk bizonyos szent\u00e9lyekbe val\u00f3 bel\u00e9p\u00e9sre vonatkoz\u00f3 korl\u00e1toz\u00e1sokat. A helyi szok\u00e1sok alapos ismerete \u2013 a f\u0151z\u0151ed\u00e9nyekkel val\u00f3 \u00e9rintkez\u00e9s elker\u00fcl\u00e9se, enged\u00e9lyk\u00e9r\u00e9s, miel\u0151tt valakire \u00e1tl\u00e9pne, a v\u00edz- \u00e9s \u00e9tkez\u00e9si ritu\u00e1l\u00e9k tiszteletben tart\u00e1sa \u2013 a figyelmes utaz\u00f3kra jellemz\u0151.<\/p>\n\n\n\n<p>Nep\u00e1l ellent\u00e9tei \u2013 a Himal\u00e1ja foly\u00f3inak morajl\u00e1s\u00e1t\u00f3l a h\u00f3mez\u0151k csendj\u00e9ig; a s\u0171r\u0171n sz\u00f6vev\u00e9nyes newar sik\u00e1torokt\u00f3l a ritk\u00e1s p\u00e1sztort\u00e1borokig \u2013 egyszerre testes\u00edtik meg a ingatag t\u00f6r\u00e9kenys\u00e9get \u00e9s a rugalmas kecsess\u00e9get. N\u00e9pei, nyelvei \u00e9s vall\u00e1sai \u00e9vsz\u00e1zados cser\u00e9kr\u0151l tan\u00faskodnak D\u00e9l- \u00e9s K\u00f6z\u00e9p-\u00c1zsia keresztez\u0151d\u00e9s\u00e9ben. A politikai \u00e1tmenetek, a gazdas\u00e1gi neh\u00e9zs\u00e9gek \u00e9s a k\u00f6rnyezeti sebezhet\u0151s\u00e9g k\u00f6zepette Nep\u00e1l a gazd\u00e1k tal\u00e1l\u00e9konys\u00e1g\u00e1nak, a falusiak m\u0171v\u00e9szet\u00e9nek \u00e9s a zar\u00e1ndokok odaad\u00e1s\u00e1nak k\u00f6sz\u00f6nhet\u0151en fennmarad. Nep\u00e1l meg\u00e9rt\u00e9se annyit tesz, mint tal\u00e1lkozni a szikl\u00e1kban \u00e9s a ritu\u00e1l\u00e9kban rejl\u0151 fens\u00e9gessel, tan\u00fai lenni az emberi alkalmazkod\u00e1snak a term\u00e9szet perem\u00e9n, \u00e9s \u00e1t\u00f6lelni a l\u00e9legzetel\u00e1ll\u00edt\u00f3 sz\u00e9ls\u0151s\u00e9gek t\u00e1jait, amelyeket a kontinensek lass\u00fa mozg\u00e1sa \u00e9s az emberi szellem hat\u00e1rtalan kapacit\u00e1sa form\u00e1l.<\/p>","protected":false},"excerpt":{"rendered":"<p>Nep\u00e1l, egy tengerparttal nem rendelkez\u0151 orsz\u00e1g D\u00e9l-\u00c1zsia sz\u00edv\u00e9ben, 2024-ben 29 651 054 lakossal b\u00fcszk\u00e9lkedhet, ami a n\u00e9pess\u00e9gsz\u00e1m alapj\u00e1n az 51. helyen \u00e1ll a vil\u00e1gon. Ez a soksz\u00edn\u0171 nemzet, amely els\u0151sorban a Himal\u00e1j\u00e1ban tal\u00e1lhat\u00f3, r\u00e9szei pedig az Indo-Gangetikus-s\u00edks\u00e1gra is kiterjednek, kult\u00far\u00e1k, nyelvek \u00e9s t\u00e1jak gazdag k\u00e1rpitj\u00e1nak ad otthont. \u00c9szakon K\u00edna Tibeti Auton\u00f3m R\u00e9gi\u00f3ja, d\u00e9len, keleten \u00e9s nyugaton India hat\u00e1rolja, Nep\u00e1l egyed\u00fcl\u00e1ll\u00f3 f\u00f6ldrajza term\u00e9keny s\u00edks\u00e1gokat, szubalpin erd\u0151s dombokat \u00e9s a vil\u00e1g t\u00edz legmagasabb hegye k\u00f6z\u00fcl nyolcat, k\u00f6zt\u00fck az ikonikus Mount Everestet, a F\u00f6ld legmagasabb cs\u00facs\u00e1t foglalja mag\u00e1ban.<\/p>","protected":false},"author":1,"featured_media":3656,"parent":24063,"menu_order":0,"comment_status":"closed","ping_status":"closed","template":"elementor_theme","meta":{"_eb_attr":"","footnotes":""},"class_list":["post-15371","page","type-page","status-publish","has-post-thumbnail"],"_links":{"self":[{"href":"https:\/\/travelshelper.com\/hu\/wp-json\/wp\/v2\/pages\/15371","targetHints":{"allow":["GET"]}}],"collection":[{"href":"https:\/\/travelshelper.com\/hu\/wp-json\/wp\/v2\/pages"}],"about":[{"href":"https:\/\/travelshelper.com\/hu\/wp-json\/wp\/v2\/types\/page"}],"author":[{"embeddable":true,"href":"https:\/\/travelshelper.com\/hu\/wp-json\/wp\/v2\/users\/1"}],"replies":[{"embeddable":true,"href":"https:\/\/travelshelper.com\/hu\/wp-json\/wp\/v2\/comments?post=15371"}],"version-history":[{"count":0,"href":"https:\/\/travelshelper.com\/hu\/wp-json\/wp\/v2\/pages\/15371\/revisions"}],"up":[{"embeddable":true,"href":"https:\/\/travelshelper.com\/hu\/wp-json\/wp\/v2\/pages\/24063"}],"wp:featuredmedia":[{"embeddable":true,"href":"https:\/\/travelshelper.com\/hu\/wp-json\/wp\/v2\/media\/3656"}],"wp:attachment":[{"href":"https:\/\/travelshelper.com\/hu\/wp-json\/wp\/v2\/media?parent=15371"}],"curies":[{"name":"wp","href":"https:\/\/api.w.org\/{rel}","templated":true}]}}