{"id":15337,"date":"2024-09-20T22:39:43","date_gmt":"2024-09-20T22:39:43","guid":{"rendered":"https:\/\/travelshelper.com\/staging\/?page_id=15337"},"modified":"2026-03-11T18:49:44","modified_gmt":"2026-03-11T18:49:44","slug":"oman","status":"publish","type":"page","link":"https:\/\/travelshelper.com\/hu\/destinations\/asia\/oman\/","title":{"rendered":"Oman"},"content":{"rendered":"<p>Om\u00e1n az Arab-f\u00e9lsziget d\u00e9lkeleti ny\u00falv\u00e1ny\u00e1t foglalja el, inas partvonala \u00e9szakkeleten az Om\u00e1ni-\u00f6b\u00f6lig, d\u00e9lkeleten pedig a sz\u00e9lesebb Arab-tengerig h\u00faz\u00f3dik. A szultan\u00e1tus ter\u00fcleti h\u00e1l\u00f3zat\u00e1t nyugaton Sza\u00fad-Ar\u00e1bia, \u00e9szaknyugaton \u00e9s \u00e9szakon az Egyes\u00fclt Arab Em\u00edrs\u00e9gek, d\u00e9lnyugaton pedig Jemen hat\u00e1rolja, emellett k\u00e9t szigetcsoportot is mag\u00e1ban foglal \u2013 Musandamot \u00e9s Madh\u00e1t \u2013, amelyek az emir\u00e1tusi sz\u00f6vets\u00e9gen bel\u00fcl helyezkednek el. A Hormuzi-szoros felett magasod\u00f3 Musandam a vil\u00e1g egyik legfontosabb tengeri hat\u00e1r\u00e1tkel\u0151hely\u00e9t uralja; a mind\u00f6ssze hetvenvalah\u00e1ny n\u00e9gyzetkilom\u00e9teres Madh\u00e1t egy apr\u00f3, Sardzsa \u00e1ltal ellen\u0151rz\u00f6tt enkl\u00e1v\u00e9, Nahva szabdalja \u00e1t. Ezen a k\u00f6rvonalon bel\u00fcl fekszik Maszkat, Om\u00e1n f\u0151v\u00e1rosa \u00e9s legfontosabb metropolisza, amely k\u00f6r\u00fcl az orsz\u00e1g 5,5 milli\u00f3 lakos\u00e1nak k\u00f6zel fele koncentr\u00e1l\u00f3dik. Om\u00e1n f\u00f6ldrajza, amely nagyj\u00e1b\u00f3l 309 500 km\u00b2-en ter\u00fcl el, egyszerre sivatagi s\u00edks\u00e1gok, csipk\u00e9zett hegyek, p\u00e1r\u00e1s partvid\u00e9kek \u00e9s alkalmank\u00e9nt smaragdz\u00f6ld monszunparadicsom dr\u00e1m\u00e1ja.<\/p>\n\n\n\n<p>J\u00f3val azel\u0151tt, hogy az olaj \u00e1talak\u00edtotta volna gazdas\u00e1g\u00e1t, Om\u00e1n sors\u00e1t a s\u00f3foltos fed\u00e9lzetre \u00e9s a sivatagi szelekre szabta. A 18. sz\u00e1zad k\u00f6zep\u00e9re az al-Bu Sza\u00edd-dinasztia tengeri hatalomm\u00e1 v\u00e1lt, \u00e9s az Indiai-\u00f3ce\u00e1non \u00e9s a Perzsa-\u00f6b\u00f6lben is szembesz\u00e1llt a portug\u00e1l, majd k\u00e9s\u0151bb a brit befoly\u00e1ssal. F\u00e9nykor\u00e1ban, a 19. sz\u00e1zadban az om\u00e1ni haj\u00f3k az ir\u00e1ni partvid\u00e9kt\u0151l Zanzib\u00e1r koralljaiig haj\u00f3ztak, datoly\u00e1t, t\u00f6mj\u00e9nt \u00e9s rabszolg\u00e1kat export\u00e1ltak, f\u0171szereket \u00e9s text\u00edli\u00e1kat import\u00e1ltak, \u00e9s egy kontinenseken \u00e1t\u00edvel\u0151 birodalmat hoztak l\u00e9tre. B\u00e1r soha nem gyarmatos\u00edtott\u00e1k hivatalosan, Om\u00e1n a 20. sz\u00e1zadban inform\u00e1lis brit protektor\u00e1tus al\u00e1 ker\u00fclt, k\u00f6lcs\u00f6n\u00f6s \u00e9rdekek k\u00f6tt\u00e9k \u00f6ssze \u0151ket: Nagy-Britannia megv\u00e9dte tengeri \u00fatvonalait, Om\u00e1n pedig Sza\u00edd bin Taimur szult\u00e1n, majd k\u00e9s\u0151bb Kab\u00fasz bin Sza\u00edd szult\u00e1n vezet\u00e9s\u00e9vel el\u0151mozd\u00edtotta a moderniz\u00e1ci\u00f3t. 1970-ben, apja lemond\u00e1s\u00e1t k\u00f6vet\u0151en Kab\u00fasz felemelkedett a hatalomba, \u00e9vtizedekig tart\u00f3 int\u00e9zm\u00e9ny\u00e9p\u00edt\u00e9st ind\u00edtva el, az iskol\u00e1kt\u00f3l \u00e9s k\u00f3rh\u00e1zakt\u00f3l kezdve a k\u00f6z\u00e9ps\u0151 sivatagot \u00e1tszel\u0151 utakig. 2020 janu\u00e1rj\u00e1ban bek\u00f6vetkezett hal\u00e1la ut\u00e1n a tr\u00f3n z\u00f6kken\u0151mentesen \u00e1tsz\u00e1llt unokatestv\u00e9r\u00e9re, Haitham bin Tariqra, Qaboos mag\u00e1nmegjel\u00f6l\u00e9s\u00e9nek megfelel\u0151en \u2013 ami a kir\u00e1lyi h\u00e1z folytonoss\u00e1ghoz val\u00f3 ragaszkod\u00e1s\u00e1nak bizony\u00edt\u00e9ka.<\/p>\n\n\n\n<p>Om\u00e1n abszol\u00fat monarchia, amelyben a hatalom az al-Bu Said csal\u00e1d f\u00e9rfi \u00e1g\u00e1n folyik. A szult\u00e1n l\u00e1tja el a v\u00e9grehajt\u00f3, t\u00f6rv\u00e9nyhoz\u00f3 \u00e9s igazs\u00e1gszolg\u00e1ltat\u00e1si feladatokat, b\u00e1r bizonyos helyi \u00e9s gazdas\u00e1gi \u00fcgyekben konzultat\u00edv tan\u00e1csok m\u0171k\u00f6dnek. Nemzetk\u00f6zi szinten Om\u00e1n megfontolt utat k\u00f6vet: az Egyes\u00fclt Nemzetek Szervezet\u00e9nek, az Arab Lig\u00e1nak, az \u00d6b\u00f6l-menti Egy\u00fcttm\u0171k\u00f6d\u00e9si Tan\u00e1csnak, a Nem K\u00f6telezettek Mozgalm\u00e1nak \u00e9s az Iszl\u00e1m Egy\u00fcttm\u0171k\u00f6d\u00e9si Szervezetnek tagjak\u00e9nt kapcsolatokat tart fenn Kelettel \u00e9s Nyugattal egyar\u00e1nt, gyakran diszkr\u00e9t k\u00f6zvet\u00edt\u0151k\u00e9nt szolg\u00e1lva a region\u00e1lis fesz\u00fclts\u00e9gek k\u00f6zepette.<\/p>\n\n\n\n<p>K\u00f6z\u00e9p-Om\u00e1n nagy r\u00e9sze egy kavicsos sivatagos s\u00edks\u00e1g, ahol a ny\u00e1ri h\u0151m\u00e9rs\u00e9klet rendszeresen el\u00e9ri a 40 \u00b0C-ot, \u00e9s a csapad\u00e9k alig \u00fcti meg a napt\u00e1rat \u2013 Maszkatban \u00e1tlagosan \u00e9vi 100 mm k\u00f6r\u00fcli a csapad\u00e9kmennyis\u00e9g, a legt\u00f6bb janu\u00e1rban. A f\u00f6ldrajz azonban \u00e1rnyaltabb\u00e1 teszi a helyzetet. Az \u00e9szakon az \u00e9g fel\u00e9 magasod\u00f3 Hadzsar-hegys\u00e9g t\u00f6bb nedvess\u00e9get facsar ki az elhalad\u00f3 felh\u0151kb\u0151l, a Dzsabal Akhdar magasabb szakaszain \u00e9vente t\u00f6bb mint 400 mm csapad\u00e9k esik, \u00e9s t\u00e9len id\u0151nk\u00e9nt havazik. D\u00e9lebbre, a Salalah k\u00f6r\u00fcli Dhofar-hegys\u00e9g minden ny\u00e1ron megadja mag\u00e1t az Indiai-\u00f3ce\u00e1n monszunj\u00e1nak, h\u0171v\u00f6s, k\u00f6d\u00f6s leveg\u0151t vonzva, amely j\u00faniust\u00f3l szeptemberig k\u00f6dben \u00e9s es\u0151ben f\u00fcrdeti a r\u00e9gi\u00f3t; a nappali maximumok ritk\u00e1n haladj\u00e1k meg a 30 \u00b0C-ot, a dombok \u00e9s a part menti s\u00edks\u00e1gok pedig annyira kiz\u00f6ld\u00fclnek, hogy k\u00f3kuszligetek \u00e9s az \u0151si t\u00f6mj\u00e9nf\u00e1k vir\u00e1goznak rajtuk.<\/p>\n\n\n\n<p>Om\u00e1n gy\u00e9r n\u00f6v\u00e9nyzete sivatagi cserj\u00e9kb\u0151l \u00e9s f\u00fcvekb\u0151l \u00e1ll, m\u00edg Dhofar monszun t\u00e1pl\u00e1lta ter\u00fcletein r\u00f6vid ideig tart\u00f3 bujas\u00e1g tapasztalhat\u00f3. A Hadzsar-hegys\u00e9g egy k\u00fcl\u00f6n\u00e1ll\u00f3 \u00f6kor\u00e9gi\u00f3nak ad otthont, amely az arab tahrnak \u00e9s sz\u00e1mos m\u00e1s fajnak is otthont ad: leop\u00e1rd, k\u0151sz\u00e1li kecske, oryx, hi\u00e9na, farkas \u00e9s mezei ny\u00fal barangol a szikl\u00e1in. A mad\u00e1rvil\u00e1g a kesely\u0171kt\u0151l \u00e9s sasokt\u00f3l a v\u00e1ndorg\u00f3ly\u00e1kig \u00e9s az \u00e9kszerszer\u0171 gyurgyalagig terjed. A tengervizek halakban gazdagok, \u00e9s az ut\u00f3bbi \u00e9vekben Om\u00e1n a b\u00e1lnales lehet\u0151s\u00e9geivel h\u00edvta fel mag\u00e1ra a figyelmet \u2013 arab p\u00fapos b\u00e1ln\u00e1k, \u00e1mbr\u00e1scetek \u00e9s m\u00e9g t\u00f6rpe k\u00e9k b\u00e1ln\u00e1k is l\u00e1togatj\u00e1k a partjain\u00e1l tal\u00e1lhat\u00f3 m\u00e9ly csatorn\u00e1kat.<\/p>\n\n\n\n<p>A term\u00e9szetv\u00e9delem azonban megtorpant. 2007-ben a korm\u00e1ny 90 sz\u00e1zal\u00e9kkal megcsonk\u00edtotta az Arab Oryx rezerv\u00e1tumot \u2013 egykor b\u00fcszke UNESCO-helysz\u00ednt \u2013, hogy ter\u00fcletet tiszt\u00edtson meg olajkutat\u00e1s c\u00e9lj\u00e1b\u00f3l, ami a ter\u00fclet t\u00f6rl\u00e9s\u00e9hez vezetett. Az \u00e1llatj\u00f3l\u00e9t tov\u00e1bbra is neh\u00e9z helyzetben van: nincsenek ivartalan\u00edt\u00e1si vagy menhelyi programok, amelyek foglalkozn\u00e1nak a k\u00f3bor kuty\u00e1kkal, amelyeket gyakran lel\u0151nek, \u00e9s a macsk\u00e1k is elhanyagoltak. Az olyan vesz\u00e9lyeztetett fajok, mint az arab leop\u00e1rd, a z\u00f6ld tengeri tekn\u0151s \u00e9s az arab oryx v\u00e9delmi rendeletekt\u0151l f\u00fcggenek, de a v\u00e9grehajt\u00e1s \u00e9s a k\u00f6zv\u00e9lem\u00e9ny t\u00e1j\u00e9koztat\u00e1sa elmarad az amb\u00edci\u00f3k m\u00f6g\u00f6tt.<\/p>\n\n\n\n<p>Om\u00e1n alapt\u00f6rv\u00e9ny\u00e9nek mond\u00e1sa \u2013 miszerint \u201ea nemzetgazdas\u00e1g az igazs\u00e1goss\u00e1gon \u00e9s a szabad gazdas\u00e1g elvein alapul\u201d \u2013 egy\u00fctt l\u00e9tezik egy j\u00e1rad\u00e9kos \u00e1llam realit\u00e1saival. Az \u00e1sv\u00e1nyi t\u00fczel\u0151anyagok, f\u0151k\u00e9nt az olaj \u00e9s a g\u00e1z, 2018-ban az export \u00e9rt\u00e9k\u00e9nek t\u00f6bb mint 80 sz\u00e1zal\u00e9k\u00e1t tett\u00e9k ki; a bizony\u00edtott tartal\u00e9kok k\u00f6zel 5,5 milli\u00e1rd hord\u00f3t tesznek ki, amivel Om\u00e1n a 25. helyen \u00e1ll a vil\u00e1gon. Az Om\u00e1ni K\u0151olajfejleszt\u00e9si Miniszt\u00e9rium fel\u00fcgyeli a kitermel\u00e9st, m\u00edg az Energia\u00fcgyi \u00e9s \u00c1sv\u00e1ny\u00fcgyi Miniszt\u00e9rium kezeli az infrastrukt\u00far\u00e1t. Az 1980-as \u00e9vek energiav\u00e1ls\u00e1ga ut\u00e1ni b\u0151v\u00edt\u00e9seket a termel\u00e9s ma stagn\u00e1l\u00e1sa k\u00f6vette, mik\u00f6zben a dukmi, szohari \u00e9s szalahi \u00faj kik\u00f6t\u0151k k\u00f6r\u00fcli \u00e9p\u00edt\u00e9si fellend\u00fcl\u00e9s, valamint egy dukmi finom\u00edt\u00f3 \u00e9s petrolk\u00e9miai komplexum v\u00e1rhat\u00f3an ak\u00e1r napi 230 000 hord\u00f3 kapacit\u00e1ssal is rendelkezik.<\/p>\n\n\n\n<p>A korm\u00e1ny azonban m\u00e1r r\u00e9g\u00f3ta felismerte a k\u0151olajf\u00fcgg\u0151s\u00e9g vesz\u00e9lyeit. A turizmus m\u00e1ra a leggyorsabban n\u00f6vekv\u0151 \u00e1gazatt\u00e1 n\u0151tte ki mag\u00e1t, 2016-ban a GDP k\u00f6zel 3 sz\u00e1zal\u00e9k\u00e1t tette ki, \u00e9s \u00faj c\u00e9lok fel\u00e9 halad. A Turisztikai \u00e9s Utaz\u00e1si Vil\u00e1gtan\u00e1cs Om\u00e1nt nevezte meg a K\u00f6zel-Kelet leggyorsabban n\u00f6vekv\u0151 \u00fati c\u00e9lj\u00e1nak, amelyet az \u00f6koturizmus \u00e9l\u00e9nk\u00edt \u2013 tengeri tekn\u0151s\u00f6k f\u00e9szkelnek Ras al-Jinzben, sivatagi t\u00far\u00e1z\u00e1s a Wahiba Sands-en, fjordszer\u0171 kil\u00e1t\u00e1s Musandamban \u2013, a kultur\u00e1lis \u00f6r\u00f6ks\u00e9g pedig Maszkatot, Nizw\u00e1t, Bahl\u00e1t \u00e9s m\u00e1s v\u00e1rosokat vonzza. A mez\u0151gazdas\u00e1g tov\u00e1bbra is nagyr\u00e9szt \u00f6nell\u00e1t\u00f3, a datolya (a gy\u00fcm\u00f6lcstermel\u00e9s 80 sz\u00e1zal\u00e9ka) \u00e9s a hal (Om\u00e1n halfogyaszt\u00e1sa majdnem k\u00e9tszerese a glob\u00e1lis \u00e1tlagnak) jelent\u0151s \u00e1rucikkek; a halexport 19 sz\u00e1zal\u00e9kkal n\u0151tt 2000 \u00e9s 2016 k\u00f6z\u00f6tt, \u00e9l\u00fck\u00f6n a Vietnamba \u00e9s az Egyes\u00fclt Arab Em\u00edrs\u00e9gekbe ir\u00e1nyul\u00f3 sz\u00e1ll\u00edtm\u00e1nyokkal.<\/p>\n\n\n\n<p>Om\u00e1n lakoss\u00e1ga \u2013 2020-ra t\u00f6bb mint 4,5 milli\u00f3 \u2013 Maszkatban \u00e9s a term\u00e9keny Batinah partvid\u00e9ken koncentr\u00e1l\u00f3dik. Az om\u00e1niak arab t\u00f6rzsekre vezetik vissza \u00f6r\u00f6ks\u00e9g\u00fcket, a beludzs sz\u00e1rmaz\u00e1s\u00faak nagyj\u00e1b\u00f3l 20 sz\u00e1zal\u00e9k\u00e1nak \u0151sei \u00e9vsz\u00e1zadokkal ezel\u0151tt \u00e9rkeztek; a gv\u00e1dari beludzs k\u00f6z\u00f6ss\u00e9gek egykor Om\u00e1n fennhat\u00f3s\u00e1ga alatt \u00e1lltak az 1960-as \u00e9vekig. A t\u00e1rsadalmi t\u00e1jk\u00e9p h\u00e1rom identit\u00e1st \u2013 t\u00f6rzsi h\u0171s\u00e9get, ibadi iszl\u00e1mot \u00e9s tengeri kereskedelmet \u2013 fon \u00f6ssze, region\u00e1lis elt\u00e9r\u00e9sekkel a szigetlak\u00f3 sz\u00e1razf\u00f6ldi t\u00f6rzsek \u00e9s a part menti keresked\u0151k k\u00f6z\u00f6tt. A term\u00e9kenys\u00e9gi r\u00e1ta a reprodukci\u00f3s szint fel\u00e9 cs\u00f6kkent (2,8 2020-ban), m\u00edg a k\u00fclf\u00f6ldiek, els\u0151sorban az \u00e1zsiai \u00e9s afrikai vend\u00e9gmunk\u00e1sok, a munkaer\u0151 jelent\u0151s r\u00e9sz\u00e9t teszik ki.<\/p>\n\n\n\n<p>Az ibadi iszl\u00e1m egy viszonylag m\u00e9rs\u00e9kelt \u00e1ga, amely elk\u00fcl\u00f6n\u00fcl mind a szunnita, mind a s\u00edita t\u00f6bbs\u00e9gt\u0151l, \u00e9s a vall\u00e1s a t\u00f6bbs\u00e9ghez k\u00e9pest viszonylag m\u00e9rs\u00e9kelt, b\u00e1r a s\u00e1fi szunnit\u00e1knak \u00e9s a tizenkettedik s\u00edit\u00e1knak is vannak h\u00edveik. A nem muszlim k\u00f6z\u00f6ss\u00e9gek \u2013 kereszt\u00e9nyek, hinduk, szikhek, buddhist\u00e1k \u2013 nagyr\u00e9szt k\u00fclf\u00f6ldiek, akik gy\u00fclekezeteket alkotnak Maszkatban, Szoh\u00e1rban \u00e9s Szal\u00e1lahban; t\u00f6bb mint \u00f6tven kereszt\u00e9ny gy\u00fclekezet m\u0171k\u00f6dik a f\u0151v\u00e1ros agglomer\u00e1ci\u00f3j\u00e1ban. Az arab dialektusok v\u00e1ltozatosak: d\u00e9len a dhofari arab, az Egyes\u00fclt Arab Em\u00edrs\u00e9gek hat\u00e1ra k\u00f6zel\u00e9ben a Perzsa-\u00f6b\u00f6l menti arab, az orsz\u00e1g belsej\u00e9ben pedig az om\u00e1ni arab.<\/p>\n\n\n\n<p>Az om\u00e1ni k\u00e9zm\u0171vess\u00e9g \u00e9s \u00f6lt\u00f6zk\u00f6d\u00e9s a hagyom\u00e1nyokr\u00f3l \u00e9s a region\u00e1lis b\u00fcszkes\u00e9gr\u0151l \u00e1rulkodik. A f\u00e9rfiak a dishdas\u00e1t viselik, egy bok\u00e1ig \u00e9r\u0151, gall\u00e9r n\u00e9lk\u00fcli \u2013 t\u00f6bbnyire feh\u00e9r, n\u00e9ha sz\u00ednes \u2013 ruh\u00e1t, amelyet a nyak\u00e1n\u00e1l illatos bojt d\u00edsz\u00edt. Form\u00e1lis alkalmakkor egy arany- vagy ez\u00fcstsz\u00e1llal szeg\u00e9lyezett bisht (k\u00f6peny) takarhatja el a disdas\u00e1t. A n\u0151i \u00f6lt\u00f6zk\u00f6d\u00e9s egy kandoorah tunik\u00e1b\u00f3l, h\u00edmzett ujjakb\u00f3l \u00e9s egy sirwalb\u00f3l (b\u0151 nadr\u00e1gb\u00f3l) \u00e1ll, amelyet egy lihafnak nevezett fejkend\u0151 fed; \u00e9l\u00e9nk \u00e1rnyalatok \u00e9s k\u00e9zzel varrott mot\u00edvumok jellemzik a region\u00e1lis st\u00edlusokat.<\/p>\n\n\n\n<p>A haj\u00f3\u00e9p\u00edt\u00e9s egykor olyan kik\u00f6t\u0151ket tartott fenn, mint Sur, ahol az al-Ghanja dhow elk\u00e9sz\u00edt\u00e9se m\u00e9g mindig egy \u00e9vig tart, az As Sunbouq \u00e9s az Al Badan mellett. A k\u00e9zm\u0171vesek ez\u00fcst t\u00e1rgyakat k\u00e9sz\u00edtenek \u2013 r\u00f3zsav\u00edztart\u00f3kat, \u201enizwa dobozokat\u201d, szant\u00e1lfa vagy gyanta nyel\u0171 khanjar t\u0151r\u00f6ket \u2013, amelyeket a baz\u00e1rokban rialban (OMR) lehet bev\u00e1ltani, egy rial 1000 bais\u00e1nak felel meg, \u00e9s k\u00f6r\u00fclbel\u00fcl 2,6008 USD-ban van r\u00f6gz\u00edtve. A l\u00e1togat\u00f3knak ellen\u0151rizni\u00fck kell a v\u00e1mszab\u00e1lyokat, miel\u0151tt fegyvereket vagy ez\u00fcst antik t\u00e1rgyakat export\u00e1ln\u00e1nak, mivel a b\u00e9lyegzetlen r\u00e9gi ez\u00fcst a potenci\u00e1lis t\u00f6rt\u00e9nelmi \u00e9rt\u00e9k ellen\u00e9re sem rendelkezik hivatalos hiteless\u00e9ggel. Kumma h\u00edmz\u00e9s\u0171 sapk\u00e1k, Dhofar t\u00f6mj\u00e9nje \u00e9s helyi gyant\u00e1b\u00f3l desztill\u00e1lt Amouage parf\u00fcm\u00f6k teszik teljess\u00e9 a k\u00e9zm\u0171ves palett\u00e1t.<\/p>\n\n\n\n<p>Om\u00e1n konyh\u00e1ja az egyszer\u0171s\u00e9get \u00e9s a tartalmass\u00e1got \u00f6tv\u00f6zi. A rizs \u00e9s a lep\u00e9nykeny\u00e9r olyan \u00e9telek alapj\u00e1t k\u00e9pezi, mint a qabuli \u2013 a f\u0171szeres rizs h\u00fassal, bors\u00f3val \u00e9s karamelliz\u00e1lt hagym\u00e1val r\u00e9tegezve \u2013, valamint a shuwa, a f\u00f6ld alatt ak\u00e1r k\u00e9t napig lassan f\u0151tt b\u00e1r\u00e1nyh\u00fas. A harees, a t\u00f6rt b\u00faz\u00e1b\u00f3l \u00e9s gh\u00edb\u0151l k\u00e9sz\u00fclt k\u00e1sa, valamint a tengeri specialit\u00e1sok, mint a mashuai (ny\u00e1rsasra s\u00fclt kir\u00e1lyhal citromos rizzsel), a part menti k\u00edn\u00e1latot t\u00fckr\u00f6zik. Az utcai \u00e1rusok shawarma tekercseket, falafelt, mishtaqot \u2013 tamarinddal \u00e9s chilivel grillezett h\u00fasokat \u2013 \u00e9s halw\u00e1t, egy \u00e9des, f\u00e9lszil\u00e1rd \u00e9dess\u00e9get \u00e1rulnak, amelyet a vend\u00e9gszeretet jelek\u00e9nt k\u00e1v\u00e9val t\u00e1lalnak.<\/p>\n\n\n\n<p>Az Om\u00e1nba utaz\u00f3knak tiszteletben kell tartaniuk a helyi norm\u00e1kat. Alkohol csak enged\u00e9llyel rendelkez\u0151 sz\u00e1llod\u00e1kban \u00e9s nem muszlimok sz\u00e1m\u00e1ra bizonyos \u00fczletekben kaphat\u00f3, \u00e9s a nyilv\u00e1nos fogyaszt\u00e1s tilos \u2013 k\u00fcl\u00f6n\u00f6sen a ramad\u00e1n idej\u00e9n, amikor az \u00fczletek nyitvatart\u00e1si ideje ler\u00f6vid\u00fcl, \u00e9s a nappali alkoholfogyaszt\u00e1s minden esetben tilos. \u00d6lt\u00f6zz\u00f6n visszafogottan: a n\u0151k v\u00e1ll\u00e1t, t\u00e9rd\u00e9t \u00e9s has\u00e1t fedje be; a f\u00e9rfiak csak k\u00fclt\u00e9ri vagy strandhelyis\u00e9gekben viseljenek r\u00f6vidnadr\u00e1got. A homoszexualit\u00e1s illeg\u00e1lis; az LMBT l\u00e1togat\u00f3k sz\u00e1m\u00e1ra elengedhetetlen a diszkr\u00e9ci\u00f3.<\/p>\n\n\n\n<p>A vezet\u00e9s maga is kih\u00edv\u00e1sokkal j\u00e1r. Maszkatban torl\u00f3d\u00e1sok uralkodnak, m\u00edg a sivatagi utak nagy sebess\u00e9get \u00e9s vesz\u00e9lyeket vonzanak magukkal \u2013 alv\u00e1s okozta balesetek, kivil\u00e1g\u00edtatlan j\u00e1rm\u0171vek, k\u00f3borl\u00f3 tev\u00e9k. Om\u00e1nban a k\u00f6z\u00fati hal\u00e1lesetek sz\u00e1ma messze meghaladja a szomsz\u00e9dos \u00f6b\u00f6l menti \u00e1llamok\u00e9t; az \u00e9ber vezet\u00e9s, k\u00fcl\u00f6n\u00f6sen \u00e9jszaka \u00e9s a v\u00e1di \u00f6sv\u00e9nyeken, elengedhetetlen. A piacokon szok\u00e1s alkudozni, de udvariasnak kell lenni; a daruk m\u00fcezzin-h\u00edv\u00e1sai \u00e9s a p\u00e9nteki im\u00e1k jelzik a mindennapi \u00e9let ritmus\u00e1t, olyan fesztiv\u00e1lok mellett, mint az Eid al-Fitr \u00e9s az Eid al-Adha.<\/p>\n\n\n\n<p>Om\u00e1n n\u00e9pe h\u00edres a melegs\u00e9g\u00e9r\u0151l \u00e9s a vend\u00e9gszeretet\u00e9r\u0151l. B\u00e1r sok l\u00e1togat\u00f3 sz\u00e1m\u00e1ra egzotikus, a mosolyt m\u00e9rt\u00e9kkel kell kezelni: a nemek szerint szegreg\u00e1lt t\u00e1rsadalmi norm\u00e1k miatt a k\u00e9retlen melegs\u00e9g a m\u00e1sik nem ir\u00e1nt potenci\u00e1lisan f\u00e9lre\u00e9rtelmezhet\u0151. A gyerekek tekintete ek\u00f6zben gyakran csak egyszer\u0171 k\u00edv\u00e1ncsis\u00e1gr\u00f3l \u00e1rulkodik. Mindenekel\u0151tt arra buzd\u00edtj\u00e1k az utaz\u00f3kat, hogy tisztelettel besz\u00e9ljenek K\u00e1b\u00fasz szult\u00e1nr\u00f3l \u2013 \u00e9s ut\u00f3dj\u00e1r\u00f3l. F\u00e9l \u00e9vsz\u00e1zados uralkod\u00e1sa a valaha elszigetelt szult\u00e1ns\u00e1got a ma l\u00e1that\u00f3 modern \u00e1llamm\u00e1 form\u00e1lta; a nyilv\u00e1nos kritika ritka \u00e9s nem tan\u00e1csos.<\/p>\n\n\n\n<p>Om\u00e1n sz\u00e9lj\u00e1rta sivatagok, faragott hegyek \u00e9s monszuncs\u00f3kolta partok tark\u00edtotta t\u00e1jai t\u00fckr\u00f6zik a tenger\u00e9szeti birodalom, a strat\u00e9giai diplom\u00e1cia \u00e9s az \u00f3vatos moderniz\u00e1ci\u00f3 \u00f6sszetett t\u00f6rt\u00e9nelm\u00e9t. A disdasha \u00e9s a datolyap\u00e1lma alatt a szultan\u00e1tus egyens\u00falyoz a hagyom\u00e1ny \u00e9s a reformok k\u00f6z\u00f6tt, az olajjal hajtott j\u00f3l\u00e9tet navig\u00e1lva, mik\u00f6zben \u00e1polja a turizmust \u00e9s a szer\u00e9ny ipart. Baz\u00e1rjaival \u00e9s ez\u00fcstm\u0171helyeivel, az ibadi mecsetekben suttogott im\u00e1ival \u00e9s burj\u00e1nz\u00f3 kik\u00f6t\u0151ivel Om\u00e1n a kontrasztok tanulm\u00e1nya: egyszerre \u0151si \u00e9s el\u0151remutat\u00f3, szigor\u00fa \u00e9s nagylelk\u0171, t\u00e1voli, m\u00e9gis glob\u00e1lisan elk\u00f6telezett. Ide utazni annyit tesz, mint tan\u00faja lenni a homok \u00e9s a tenger, a t\u00f6rzsi ritmusok \u00e9s az adminisztrat\u00edv rend k\u00f6lcs\u00f6nhat\u00e1s\u00e1nak \u2013 egy olyan nemzet tan\u00fabizonys\u00e1g\u00e1t adni, amely \u00e9vsz\u00e1zadoknyi v\u00e1ltoz\u00e1son kereszt\u00fcl kitaposta a saj\u00e1t \u00fatj\u00e1t.<\/p>","protected":false},"excerpt":{"rendered":"<p>Om\u00e1n, amelyet hivatalosan Om\u00e1ni Szult\u00e1ns\u00e1gk\u00e9nt ismernek, egy leny\u0171g\u00f6z\u0151 nemzet az Arab-f\u00e9lsziget d\u00e9lkeleti partj\u00e1n. 2024-ben k\u00f6r\u00fclbel\u00fcl 5,2 milli\u00f3 lakossal, ez a nemzet figyelemre m\u00e9lt\u00f3, 2,84%-os n\u00f6veked\u00e9st \u00e9rt el az el\u0151z\u0151 \u00e9vhez k\u00e9pest. A f\u0151v\u00e1ros \u00e9s a legnagyobb v\u00e1ros, Muscat ennek a v\u00e1ltozatos orsz\u00e1gnak a kultur\u00e1lis \u00e9s kereskedelmi k\u00f6zpontja.<\/p>","protected":false},"author":1,"featured_media":4540,"parent":24063,"menu_order":0,"comment_status":"closed","ping_status":"closed","template":"elementor_theme","meta":{"_eb_attr":"","footnotes":""},"class_list":["post-15337","page","type-page","status-publish","has-post-thumbnail"],"_links":{"self":[{"href":"https:\/\/travelshelper.com\/hu\/wp-json\/wp\/v2\/pages\/15337","targetHints":{"allow":["GET"]}}],"collection":[{"href":"https:\/\/travelshelper.com\/hu\/wp-json\/wp\/v2\/pages"}],"about":[{"href":"https:\/\/travelshelper.com\/hu\/wp-json\/wp\/v2\/types\/page"}],"author":[{"embeddable":true,"href":"https:\/\/travelshelper.com\/hu\/wp-json\/wp\/v2\/users\/1"}],"replies":[{"embeddable":true,"href":"https:\/\/travelshelper.com\/hu\/wp-json\/wp\/v2\/comments?post=15337"}],"version-history":[{"count":0,"href":"https:\/\/travelshelper.com\/hu\/wp-json\/wp\/v2\/pages\/15337\/revisions"}],"up":[{"embeddable":true,"href":"https:\/\/travelshelper.com\/hu\/wp-json\/wp\/v2\/pages\/24063"}],"wp:featuredmedia":[{"embeddable":true,"href":"https:\/\/travelshelper.com\/hu\/wp-json\/wp\/v2\/media\/4540"}],"wp:attachment":[{"href":"https:\/\/travelshelper.com\/hu\/wp-json\/wp\/v2\/media?parent=15337"}],"curies":[{"name":"wp","href":"https:\/\/api.w.org\/{rel}","templated":true}]}}