{"id":15305,"date":"2024-09-20T21:23:43","date_gmt":"2024-09-20T21:23:43","guid":{"rendered":"https:\/\/travelshelper.com\/staging\/?page_id=15305"},"modified":"2026-03-11T18:49:10","modified_gmt":"2026-03-11T18:49:10","slug":"pakisztan","status":"publish","type":"page","link":"https:\/\/travelshelper.com\/hu\/destinations\/asia\/pakistan\/","title":{"rendered":"Pakiszt\u00e1n"},"content":{"rendered":"<p>Pakiszt\u00e1n egyed\u00fcl\u00e1ll\u00f3 helyet foglal el \u00c1zsia t\u00e9rk\u00e9p\u00e9n, ahol a tenger \u00e9s a hegy, a sivatag \u00e9s a foly\u00f3parti s\u00edks\u00e1g, az \u0151si civiliz\u00e1ci\u00f3 \u00e9s a modern k\u00eds\u00e9rletek egyetlen f\u00f6ldter\u00fcleten tal\u00e1lkoznak. Az indiai szubkontinens \u00e9szaki sz\u00e9l\u00e9n elter\u00fclve, Ar\u00e1bi\u00e1t, Perzsi\u00e1t \u00e9s K\u00f6z\u00e9p-\u00c1zsi\u00e1t \u00e9rintve, az Arab-tengert\u0151l a Himal\u00e1ja \u00e9s a Karakorum l\u00e1b\u00e1ig, valamint Szindh homokos s\u00edks\u00e1gait\u00f3l Beludzsiszt\u00e1n magas fenns\u00edkj\u00e1ig h\u00faz\u00f3dik. Ez a v\u00e1ltozatos terep \u00e9vezredek \u00f3ta t\u00e1pl\u00e1lja a v\u00e1ros\u00e1llamokat \u00e9s birodalmakat, \u00e9s ma egy t\u00f6bb mint 241 milli\u00f3 lakos\u00fa nemzet \u2013 a vil\u00e1g \u00f6t\u00f6dik legn\u00e9pesebb orsz\u00e1ga \u2013 alapj\u00e1t k\u00e9pezi, gazdag kult\u00far\u00e1k, nyelvek \u00e9s t\u00e1jak mozaikj\u00e1val.<\/p>\n\n\n\n<p>J\u00f3val a modern hat\u00e1rok megh\u00faz\u00e1sa el\u0151tt ez a r\u00e9gi\u00f3 adott otthont az emberis\u00e9g t\u00f6rt\u00e9nelm\u00e9nek n\u00e9h\u00e1ny legkor\u00e1bbi telep\u00fcl\u00e9s\u00e9nek. Beludzsiszt\u00e1nban, Mehrgarh hely\u00e9n \u2013 amelyet Kr. e. 6500 k\u00f6r\u00fcl laktak \u2013 t\u00f6bb mint nyolcezer \u00e9vvel ezel\u0151tt gy\u00f6keret vert a f\u00f6ldm\u0171vel\u00e9s \u00e9s az \u00e1llatteny\u00e9szt\u00e9s. Kr. e. 2600-ra az Indus foly\u00f3 s\u00edks\u00e1ga olyan hatalmas v\u00e1rosokkal b\u00fcszk\u00e9lkedhetett, mint Harappa \u00e9s Mohendzsod\u00e1ro, r\u00e1csos mint\u00e1zat\u00fa utc\u00e1kkal, friss vizet biztos\u00edt\u00f3 kutakkal \u00e9s magt\u00e1rakkal a term\u00e9s t\u00e1rol\u00e1s\u00e1ra. \u00c9vsz\u00e1zadokkal k\u00e9s\u0151bb, a mai Khyber Pakhtunkhwa dombjain, Takht-i-Bahi buddhista kolostoraiban megsz\u00fcletett a Gandhara st\u00edlus\u00fa szobr\u00e1szat, amely a hellenisztikus mot\u00edvumokat d\u00e9l-\u00e1zsiai vall\u00e1si k\u00e9pekkel \u00f6tv\u00f6zi.<\/p>\n\n\n\n<p>Ezek az \u0151si v\u00edvm\u00e1nyok birodalmak sor\u00e1t vet\u00edtett\u00e9k el\u0151re: Akhaimenida szatr\u00e1pi\u00e1k, maurja k\u00f6zigazgat\u00e1si k\u00f6zpontok, kus\u00e1n kereskedelmi k\u00f6zpontok, gupta kultur\u00e1lis szf\u00e9r\u00e1k. A hetedik sz\u00e1zadt\u00f3l kezdve a r\u00e9gi\u00f3 az iszl\u00e1m ter\u00e9be ker\u00fclt az omajj\u00e1d kalif\u00e1k alatt; ezt k\u00f6vet\u0151en olyan helyi dinaszti\u00e1k, mint a hindu sahi \u00e9s a gaznavid\u00e1k, \u00e9p\u00edt\u00e9szeti \u00e9s m\u0171v\u00e9szeti \u00f6r\u00f6ks\u00e9get hagytak maguk ut\u00e1n. A Delhi Szultan\u00e1tus, majd k\u00e9s\u0151bb a mogul cs\u00e1sz\u00e1rok megszil\u00e1rd\u00edtott\u00e1k hatalmukat a szubkontinensen \u2013 a mogul p\u00e1rtfog\u00e1s Lahore-t adom\u00e1nyozta a Badshahi-mecsettel, a Shalimar-kertekkel \u00e9s a ma is \u00e1ll\u00f3 er\u0151d\u00edtm\u00e9nyekkel.<\/p>\n\n\n\n<p>Az 1858-t\u00f3l kezd\u0151d\u0151 brit uralom gyarmati infrastrukt\u00far\u00e1t hozott l\u00e9tre, amely vasutakat, \u00f6nt\u00f6z\u0151csatorn\u00e1kat \u00e9s k\u00f6zigazgat\u00e1si feloszt\u00e1st foglalt mag\u00e1ban. Ennek f\u00e9ny\u00e9ben alakult meg 1906-ban az \u00d6ssz-indiai Muszlim Liga, amely a politikai k\u00e9pviseletet szorgalmazta. Az 1946-os v\u00e1laszt\u00e1si \u00e9vre a Liga muszlim t\u00f6bbs\u00e9g\u0171 tartom\u00e1nyokban aratott gy\u0151zelmei el\u0151k\u00e9sz\u00edtett\u00e9k a terepet a feloszt\u00e1shoz. 1947 augusztus\u00e1ban Brit India vall\u00e1si vonalak ment\u00e9n kett\u00e9v\u00e1lt: Pakiszt\u00e1n egy dom\u00edniumk\u00e9nt sz\u00fcletett, amely Nyugat-Pakiszt\u00e1nt (a mai Pakiszt\u00e1n) \u00e9s Kelet-Pakiszt\u00e1nt (a mai Banglades) foglalta mag\u00e1ban. A f\u00fcggetlens\u00e9get az emberis\u00e9g t\u00f6rt\u00e9nelm\u00e9nek legnagyobb n\u00e9pv\u00e1ndorl\u00e1sa \u00e9s tragikus k\u00f6z\u00f6ss\u00e9gi er\u0151szak k\u00eds\u00e9rte.<\/p>\n\n\n\n<p>1956-ban az \u00faj nemzet elfogadta saj\u00e1t alkotm\u00e1ny\u00e1t, \u00e9s Pakiszt\u00e1ni Iszl\u00e1m K\u00f6zt\u00e1rsas\u00e1gg\u00e1 nyilv\u00e1n\u00edtotta mag\u00e1t. K\u00e9t sz\u00e1rny\u00e1nak egyes\u00fcl\u00e9se azonban t\u00f6r\u00e9kenynek bizonyult. 1971-ben, egy elh\u00faz\u00f3d\u00f3 polg\u00e1rh\u00e1bor\u00fa ut\u00e1n Kelet-Pakiszt\u00e1n kiv\u00e1lt, \u00e9s megalak\u00edtotta Bangladest. Az\u00f3ta Pakiszt\u00e1n politik\u00e1ja a polg\u00e1ri \u00e9s katonai uralom, a demokratikus k\u00f6zj\u00e1t\u00e9kok \u00e9s a rendk\u00edv\u00fcli hatalmak k\u00f6z\u00f6tt ingadozott, \u00e9s minden korszak alak\u00edtotta t\u00e1rsadalmi \u00e9s gazdas\u00e1gi k\u00f6rvonalait.<\/p>\n\n\n\n<p>Pakiszt\u00e1n ma a vil\u00e1g felt\u00f6rekv\u0151 \u00e9s n\u00f6veked\u00e9sben vezet\u0151 gazdas\u00e1gai k\u00f6z\u00e9 tartozik. A Nemzetk\u00f6zi Valutaalap \u00e9s a Vil\u00e1gbank k\u00f6zepes j\u00f6vedelm\u0171 nemzetk\u00e9nt ismeri el, a gyors fejl\u0151d\u00e9s el\u0151tt \u00e1ll\u00f3 Next Eleven csoport tagjak\u00e9nt. M\u00edg a mez\u0151gazdas\u00e1g tov\u00e1bbra is fontos \u2013 az Indus-medenc\u00e9t csatornah\u00e1l\u00f3zat \u00f6nt\u00f6zi \u2013, Karacsi, Lahore \u00e9s Iszl\u00e1m\u00e1b\u00e1d k\u00f6rny\u00e9k\u00e9n az ipari \u00e9s szolg\u00e1ltat\u00e1si szektor b\u0151v\u00fclt. A lakoss\u00e1g medi\u00e1n \u00e9letkora tizenkilenc \u00e9v, \u00e9s a n\u00f6vekv\u0151 k\u00f6z\u00e9poszt\u00e1ly, amelyet ma m\u00e1r mintegy negyvenmilli\u00f3ra becs\u00fclnek, egyre nagyobb befoly\u00e1st gyakorol a fogyaszt\u00e1sra \u00e9s a politik\u00e1ra.<\/p>\n\n\n\n<p>A v\u00e9delem k\u00f6zponti k\u00e9rd\u00e9s. Pakiszt\u00e1n t\u00f6bb mint egymilli\u00f3 akt\u00edv katon\u00e1j\u00e1val a hetedik legnagyobb \u00e1lland\u00f3 hadsereggel rendelkezik. 1998-ban nukle\u00e1ris fegyverrel rendelkez\u0151 \u00e1llamnak nyilv\u00e1n\u00edtotta mag\u00e1t, strat\u00e9giai egyens\u00falyt teremtve a szomsz\u00e9dos Indi\u00e1val szemben. Ezzel egyidej\u0171leg csatlakozott nemzetk\u00f6zi szervezetekhez \u2013 az ENSZ-hez, a Nemzetk\u00f6z\u00f6ss\u00e9ghez, a Sanghaji Egy\u00fcttm\u0171k\u00f6d\u00e9si Szervezethez \u00e9s az Iszl\u00e1m Egy\u00fcttm\u0171k\u00f6d\u00e9si Szervezethez \u2013, mik\u00f6zben az Egyes\u00fclt \u00c1llamokhoz csatlakozott, mint f\u0151 nem NATO-sz\u00f6vets\u00e9ges.<\/p>\n\n\n\n<p>Pakiszt\u00e1n ter\u00fclete \u2013 mintegy 882 000 km\u00b2 \u2013 Franciaorsz\u00e1g \u00e9s az Egyes\u00fclt Kir\u00e1lys\u00e1g egy\u00fcttes m\u00e9ret\u00e9vel vetekszik. Az Arab-tenger \u00e9s az Om\u00e1ni-\u00f6b\u00f6l ment\u00e9n h\u00faz\u00f3d\u00f3 partvonal t\u00f6bb mint 1000 km hosszan h\u00faz\u00f3dik, ahol az Indus-delta mangroveerd\u0151i v\u00e1ltozatos mad\u00e1rvil\u00e1gnak \u00e9s halivad\u00e9koknak adnak otthont. A sz\u00e1razf\u00f6ld belsej\u00e9ben a Thar-sivatag az Indus-s\u00edks\u00e1gt\u00f3l keletre ter\u00fcl el, homokd\u0171n\u00e9i a sz\u00e9llel egy\u00fctt v\u00e1ltoznak.<\/p>\n\n\n\n<p>H\u00e1rom sz\u00e9les f\u00f6ldrajzi z\u00f3na hat\u00e1rozza meg az orsz\u00e1got. Az \u00e9szaki felf\u00f6ld meredeken emelkedik, ahogy az Indiai-lemez az eur\u00e1zsiai lemeznek nyom\u00f3dik: itt h\u00faz\u00f3dnak a Karakorum, a Hindukus \u00e9s a Pam\u00edr-hegys\u00e9gek. Cs\u00facsaik k\u00f6z\u00f6tt tal\u00e1lhat\u00f3 a K2 (8611 m), a Nanga Parbat (8126 m) \u00e9s tov\u00e1bbi h\u00e1rom \u201enyolcezer m\u00e9teres\u201d gleccser, valamint a vil\u00e1g legnagyobb nem pol\u00e1ris gleccserei. A hegyekt\u0151l d\u00e9lre az Indus foly\u00f3 s\u00edks\u00e1ga Kasm\u00edrt\u00f3l Szindhig h\u00faz\u00f3dik, egy term\u00e9keny \u00f6v, amely Pakiszt\u00e1n lakoss\u00e1g\u00e1nak nagyj\u00e1b\u00f3l k\u00e9tharmad\u00e1t tartja el. Nyugaton \u00e9s d\u00e9lnyugaton a Beludzsiszt\u00e1n-fenns\u00edk egyes\u00fcl Ir\u00e1n felf\u00f6ldjeivel, amelyet sz\u00e1raz medenc\u00e9k \u00e9s zord dombok tark\u00edtanak.<\/p>\n\n\n\n<p>A tektonika szeizmikus v\u00e1ltoz\u00e9konys\u00e1got k\u00f6lcs\u00f6n\u00f6z az \u00e9szaki r\u00e9gi\u00f3nak: az olyan f\u00f6ldreng\u00e9sek, mint a 2005-\u00f6s kasm\u00edri f\u00f6ldreng\u00e9s, a r\u00e9gi\u00f3 nyughatatlan f\u00f6ldj\u00e9re eml\u00e9keztetik a lakosokat. Az \u00e9ghajlat ennek megfelel\u0151en v\u00e1ltozik \u2013 a monszunk\u00f6d\u00f6s v\u00f6lgyekt\u0151l a sz\u00e1raz partokig \u00e9s az alpesi magaslatokig. A t\u00e9li h\u0171v\u00f6s, sz\u00e1raz leveg\u0151 tavasszal \u00e1tadja a hely\u00e9t az emelked\u0151 h\u0151m\u00e9rs\u00e9kletnek, majd a ny\u00e1ri d\u00e9lnyugati monszunes\u0151knek, majd \u0151sszel egy r\u00f6vid visszah\u00faz\u00f3d\u00f3 monszunnak. A csapad\u00e9k asz\u00e1ly \u00e9s \u00e1rv\u00edz k\u00f6z\u00f6tt v\u00e1ltakozhat, pr\u00f3b\u00e1ra t\u00e9ve az infrastrukt\u00far\u00e1t \u00e9s a meg\u00e9lhet\u00e9st.<\/p>\n\n\n\n<p>Pakiszt\u00e1n egy sz\u00f6vets\u00e9gi parlamenti k\u00f6zt\u00e1rsas\u00e1g, amely n\u00e9gy tartom\u00e1nyb\u00f3l \u2013 Pandzs\u00e1b, Szindh, Hajber-Pakhtunkhva \u00e9s Beludzsiszt\u00e1n \u2013, valamint h\u00e1rom ter\u00fcletb\u0151l \u00e1ll: az Iszl\u00e1m\u00e1b\u00e1di F\u0151v\u00e1rosi Ter\u00fcletb\u0151l, Gilgit-Baltiszt\u00e1nb\u00f3l \u00e9s Az\u00e1d Kasm\u00edrb\u00f3l. A helyi \u00f6nkorm\u00e1nyzatok ker\u00fcleteken, tehsileken \u00e9s szakszervezeti tan\u00e1csokon kereszt\u00fcl m\u0171k\u00f6dnek, amelyek mindegyik\u00e9ben v\u00e1lasztott k\u00e9pvisel\u0151k vannak. Gilgit-Baltiszt\u00e1n 2009-ben kapott f\u00e9ltartom\u00e1nyi st\u00e1tusza helyi gy\u0171l\u00e9st \u00e9s f\u0151minisztert biztos\u00edt, b\u00e1r a v\u00e9gs\u0151 hatalom tov\u00e1bbra is a sz\u00f6vets\u00e9gi k\u00f6zpontn\u00e1l marad.<\/p>\n\n\n\n<p>Pakiszt\u00e1n t\u00e1rsadalmi portr\u00e9j\u00e1t etnikai \u00e9s nyelvi soksz\u00edn\u0171s\u00e9g hat\u00e1rozza meg. A pandzs\u00e1biak, akik a lakoss\u00e1g k\u00f6zel 37 sz\u00e1zal\u00e9k\u00e1t teszik ki, a term\u00e9keny keleti ter\u00fcleteken domin\u00e1lnak; a pastuk (18 sz\u00e1zal\u00e9k) a nyugati felf\u00f6ld\u00f6n \u00e9lnek; a szindik (14 sz\u00e1zal\u00e9k) \u00e9s a szaraikik (12 sz\u00e1zal\u00e9k) a d\u00e9li \u00e9s k\u00f6z\u00e9ps\u0151 s\u00edks\u00e1gon \u00e9lnek; az urdu nyelvet besz\u00e9l\u0151k (9 sz\u00e1zal\u00e9k) t\u00f6bb r\u00e9gi\u00f3t \u00f6lelnek fel, egys\u00e9ges lingua franca-k\u00e9nt az angol mellett a hivatalos \u00e9s az oktat\u00e1si szf\u00e9r\u00e1ban. Balochok, brah\u00faik, hindkowanok, kasm\u00edriak \u00e9s tucatnyi kisebb csoport teszik teljess\u00e9 a sz\u00f6vetet. T\u00f6bb mint hetven\u00f6t nyelvet besz\u00e9lnek, a region\u00e1lis nyelvekt\u0151l a vesz\u00e9lyeztetett himal\u00e1jai dialektusokig.<\/p>\n\n\n\n<p>Pakiszt\u00e1n lakoss\u00e1ga 1951-ben 34 milli\u00f3r\u00f3l t\u00f6bb mint 241 milli\u00f3ra n\u0151tt a 2023-as n\u00e9psz\u00e1ml\u00e1l\u00e1sra. Az urbaniz\u00e1ci\u00f3 az 1980-as \u00e9vek \u00f3ta megh\u00e1romszoroz\u00f3dott, ennek ellen\u00e9re a vid\u00e9ki lakosok tov\u00e1bbra is t\u00f6bbs\u00e9gben vannak. A magas term\u00e9kenys\u00e9gi r\u00e1ta \u2013 amelyet 2022-ben n\u0151nk\u00e9nt 3,5 gyermekre becs\u00fcltek \u2013 Pakiszt\u00e1nt a vil\u00e1g egyik legfiatalabb nemzet\u00e9v\u00e9 teszi: t\u00f6bb mint 40 sz\u00e1zal\u00e9kuk tizen\u00f6t \u00e9v alatti, m\u00edg a hatvan\u00f6t \u00e9v felettiek kevesebb mint n\u00e9gy sz\u00e1zal\u00e9kot tesznek ki.<\/p>\n\n\n\n<p>A vall\u00e1si identit\u00e1s t\u00falnyom\u00f3r\u00e9szt muszlim (96 sz\u00e1zal\u00e9k, t\u00falnyom\u00f3r\u00e9szt szunnita), kis kereszt\u00e9ny (1,4 sz\u00e1zal\u00e9k) \u00e9s hindu (2,2 sz\u00e1zal\u00e9k) k\u00f6z\u00f6ss\u00e9gekkel, valamint szikhekkel, buddhist\u00e1kkal, zoroasztri\u00e1nusokkal \u00e9s animist\u00e1kkal (a kalasa) a t\u00e1voli v\u00f6lgyekben. Az alkotm\u00e1ny garant\u00e1lja a vall\u00e1sszabads\u00e1got, b\u00e1r a t\u00e1rsadalmi nyom\u00e1s \u00e9s az alkalmi er\u0151szak is s\u00fajthatja a kisebbs\u00e9geket. A civil t\u00e1rsadalom a nagycsal\u00e1dok k\u00f6r\u00e9 szervez\u0151dik, b\u00e1r a fiatalok v\u00e1rosokba k\u00f6lt\u00f6z\u00e9s\u00e9vel egyre t\u00f6bb a nukle\u00e1ris h\u00e1ztart\u00e1s. A hagyom\u00e1nyos viselet \u2013 a salvar kameez \u2013 tov\u00e1bbra is minden\u00fctt jelen van, m\u00edg a nyugati \u00f6lt\u00f6ny\u00f6k megjelennek az irod\u00e1kban \u00e9s az egyetemeken.<\/p>\n\n\n\n<p>Pakiszt\u00e1n, amely a korai id\u0151sz\u00e1m\u00edt\u00e1sunk el\u0151tti id\u0151szakban a vil\u00e1g leggazdagabb r\u00e9gi\u00f3j\u00e1nak r\u00e9sze volt, gazdas\u00e1ga a n\u00f6veked\u00e9s \u00e9s a v\u00e1ls\u00e1g k\u00f6z\u00f6tt ingadozott. Ma a v\u00e1s\u00e1rl\u00f3er\u0151-parit\u00e1s alapj\u00e1n a huszonnegyedik, a nomin\u00e1lis GDP alapj\u00e1n pedig a negyvenharmadik helyen \u00e1ll, a textilipar, a mez\u0151gazdas\u00e1g, a hazautal\u00e1sok \u00e9s a n\u00f6vekv\u0151 szolg\u00e1ltat\u00e1si szektor uralja a ter\u00fcletet. Gazdas\u00e1gi folyos\u00f3k \u2013 nevezetesen a K\u00edna\u2013Pakiszt\u00e1n gazdas\u00e1gi folyos\u00f3 \u2013 k\u00f6tik \u00f6ssze Gwadar \u00e9s Karacsi kik\u00f6t\u0151it Hszincsiang sz\u00e1razf\u00f6ldi r\u00e9sz\u00e9vel, ami jobb k\u00f6zleked\u00e9st, energiaell\u00e1t\u00e1st \u00e9s kereskedelmet \u00edg\u00e9r.<\/p>\n\n\n\n<p>Az \u00fath\u00e1l\u00f3zatok teljes hossza k\u00f6zel 264 000 km, m\u00e9gis az aut\u00f3p\u00e1ly\u00e1k \u2013 mind\u00f6ssze 2500 km \u2013 bonyol\u00edtj\u00e1k le a forgalom nagy r\u00e9sz\u00e9t. A f\u0151bb \u00e9szak-d\u00e9li ir\u00e1ny\u00fa \u00f6sszek\u00f6ttet\u00e9sek a tengeri kik\u00f6t\u0151ket Lahorral, Iszl\u00e1m\u00e1b\u00e1ddal \u00e9s az afganiszt\u00e1ni hat\u00e1rral k\u00f6tik \u00f6ssze. A vasutak, amelyek egykor l\u00e9tfontoss\u00e1g\u00faak voltak, ma az utasok kevesebb mint nyolc sz\u00e1zal\u00e9k\u00e1t, az \u00e1ruk pedig n\u00e9gy sz\u00e1zal\u00e9k\u00e1t bonyol\u00edtj\u00e1k le. V\u00e1rosi t\u00f6megk\u00f6zleked\u00e9si rendszerek jelentek meg: Lahore narancss\u00e1rga metr\u00f3vonala (27 km) 2020-ban ny\u00edlt meg; a metrobusz-folyos\u00f3k Lahort, Ravalpindi \u00e9s Iszl\u00e1m\u00e1b\u00e1d k\u00f6z\u00f6tti vonalat, Mult\u00e1nt, Pesav\u00e1rt \u00e9s Karacsit szolg\u00e1lj\u00e1k ki; tervek vannak Karacsi villamos- \u00e9s k\u00f6rforgalm\u00fa vas\u00fatvonal\u00e1nak \u00fajj\u00e1\u00e9leszt\u00e9s\u00e9re.<\/p>\n\n\n\n<p>A l\u00e9gi k\u00f6zleked\u00e9s t\u00f6bb mint 150 rep\u00fcl\u0151t\u00e9rre t\u00e1maszkodik, amelyek k\u00f6z\u00fcl a karacsi Jinnah International a legforgalmasabb. A belf\u00f6ldi l\u00e9git\u00e1rsas\u00e1gok, \u00e9l\u00fck\u00f6n a Pakistan International Airlines-szal, tartom\u00e1nyi f\u0151v\u00e1rosokat \u00e9s region\u00e1lis csom\u00f3pontokat k\u00f6tnek \u00f6ssze. Karacsi, Port Qasim, Gwadar \u00e9s Pasni kik\u00f6t\u0151i a kont\u00e9nerforgalmat, a hal\u00e1szflott\u00e1kat \u00e9s az \u00f6mlesztett rakom\u00e1nyokat kezelik. Az infrastruktur\u00e1lis hi\u00e1nyoss\u00e1gok tov\u00e1bbra is fenn\u00e1llnak a vas\u00fat, az energia \u00e9s a vid\u00e9ki utak ter\u00fclet\u00e9n, ami akad\u00e1lyozza a kiegyens\u00falyozott n\u00f6veked\u00e9st.<\/p>\n\n\n\n<p>Pakiszt\u00e1n k\u00f6zel k\u00e9tezer kilom\u00e9ter hossz\u00fa \u00f6r\u00f6ks\u00e9ge mindent k\u00edn\u00e1l az Indus-v\u00f6lgyi romokt\u00f3l a mogul eml\u00e9km\u0171vekig, a gyarmati bungal\u00f3kt\u00f3l a modernista mecsetekig. Az UNESCO hat helysz\u00ednt ismer el: Mohendzsod\u00e1r\u00f3; Takht-i-Bahi \u00e9s Sahr-i-Bahlol; Taxila; Lahore er\u0151d \u00e9s Shalimar kertek; Thatta eml\u00e9km\u0171vei; \u00e9s Rohtas er\u0151d. A m\u00fazeumok \u2013 Lahore t\u00f6rt\u00e9nelmi int\u00e9zm\u00e9ny\u00e9t\u0151l Karacsi Nemzeti M\u00fazeum\u00e1ig \u00e9s Iszl\u00e1m\u00e1b\u00e1d vas\u00fati \u00f6r\u00f6ks\u00e9gk\u00f6zpontj\u00e1ig \u2013 m\u0171v\u00e9szetet, r\u00e9g\u00e9szetet, hadt\u00f6rt\u00e9netet \u00e9s tudom\u00e1nyt mutatnak be.<\/p>\n\n\n\n<p>A k\u00e9zm\u0171ves hagyom\u00e1nyok m\u00e1ig fennmaradtak: Mult\u00e1n k\u00e9k ker\u00e1mi\u00e1i, Szindh ajrak text\u00edli\u00e1i, Pandzs\u00e1b khussa b\u0151rcip\u0151i, Beludzsiszt\u00e1n gy\u00fcm\u00f6lcs\u00f6skertjei \u00e9s bor\u00f3ka- \u00e9s ny\u00e1rfaerd\u0151i. Az urdu, pandzs\u00e1bi, szindhi \u00e9s pastu nyelv\u0171 irodalom a sz\u00fafi k\u00f6lt\u00e9szetre, a folkl\u00f3rra \u00e9s a modern narrat\u00edv\u00e1kra \u00e9p\u00fcl. A zene az \u00e1h\u00edtatos qawwalit\u00f3l a region\u00e1lis folk \u00e9s pop zen\u00e9ig terjed.<\/p>\n\n\n\n<p>A pakiszt\u00e1ni konyha a mogul kifinomults\u00e1g, a k\u00f6z\u00e9p-\u00e1zsiai h\u00fasok \u00e9s a d\u00e9l-\u00e1zsiai f\u0171szerek k\u00f6lcs\u00f6nhat\u00e1s\u00e1t t\u00fckr\u00f6zi. Az \u00e9telek k\u00f6z\u00e9ppontj\u00e1ban a roti vagy rizs \u00e1ll, lencs\u00e9vel, z\u00f6lds\u00e9gekkel \u00e9s gazdagon f\u0171szerezett h\u00fasokkal \u2013 csirk\u00e9vel, kecsk\u00e9vel, marhah\u00fassal \u2013, amelyeket fokhagym\u00e1val, gy\u00f6mb\u00e9rrel, kurkum\u00e1val \u00e9s garam masal\u00e1val k\u00e9sz\u00edtenek. A lassi, \u00e9des vagy s\u00f3s, \u00e9s a tejes fekete tea vir\u00e1gzik a reggelin\u00e9l, m\u00edg az olyan \u00e9dess\u00e9gek, mint a d\u00e9l-pandzs\u00e1bi sohan halwa, \u00e9tkez\u00e9s ut\u00e1n kiel\u00e9g\u00edtik az \u00edny\u00fcket. A muszlimok sz\u00e1m\u00e1ra tilos az alkoholfogyaszt\u00e1s; a nem muszlimok enged\u00e9lyt kaphatnak, a helyi Murree s\u00f6rf\u0151zde pedig s\u00f6rt \u00e9s gy\u00fcm\u00f6lcsleveket k\u00e9sz\u00edt.<\/p>\n\n\n\n<p>A vend\u00e9gszeretet a kult\u00fara egyik alapk\u00f6ve. A vend\u00e9gek a legkiv\u00e1l\u00f3bb \u00e9teleket \u00e9s te\u00e1t kapj\u00e1k, a mehman-nawazi kifejez\u00e9s pedig b\u00fcszkes\u00e9get jelez az idegenek befogad\u00e1s\u00e1ban. Az etikett visszafogott \u00f6lt\u00f6zk\u00f6d\u00e9st \u00edr el\u0151 \u2013 k\u00fcl\u00f6n\u00f6sen a mecsetekben, ahol leveszik a cip\u0151j\u00fcket \u2013, valamint konzervat\u00edv viselked\u00e9st az olyan \u00fcnnepek alatt, mint az \u00cdd ul-Fitr, a Ramad\u00e1n, a Holi vagy a Diwali, amikor a k\u00fcl\u00f6nb\u00f6z\u0151 k\u00f6z\u00f6ss\u00e9gek megtartj\u00e1k hagyom\u00e1nyaikat.<\/p>\n\n\n\n<p>Pakiszt\u00e1n turisztikai vonzereje, amely egykor a hatvanas \u00e9vekbeli Hippie Trail egyik f\u00e9nypontja volt, a biztons\u00e1gi agg\u00e1lyok miatt al\u00e1bbhagyott. 2018-ban k\u00f6r\u00fclbel\u00fcl 6,6 milli\u00f3 k\u00fclf\u00f6ldi l\u00e1togatott el ide, akiket r\u00e9g\u00e9szeti romok, buddhista kolostorok, mogul \u00e9p\u00edt\u00e9szet \u00e9s alpesi t\u00e1jak vonzottak. A Hunza \u00e9s a Chitral v\u00f6lgyekben kalasha k\u00f6z\u00f6ss\u00e9gek \u00e9lnek; a Saiful Muluk-t\u00f3, a Karakorum aut\u00f3p\u00e1lya \u00e9s a Murree-hez hasonl\u00f3 hegyi \u00fcd\u00fcl\u0151helyek tov\u00e1bbra is n\u00e9pszer\u0171ek. A vadvil\u00e1g vir\u00e1gzik olyan nemzeti parkokban, mint a Khunjerab \u00e9s az Ayubia.<\/p>\n\n\n\n<p>A korm\u00e1nyzati \u00e9s mag\u00e1nszerepl\u0151k kamp\u00e1nyai a l\u00e1togat\u00f3k sz\u00e1m\u00e1nak n\u00f6vel\u00e9s\u00e9t c\u00e9lozz\u00e1k \u2013 a v\u00edzumszab\u00e1lyok jav\u00edt\u00e1s\u00e1val, kultur\u00e1lis fesztiv\u00e1lok n\u00e9pszer\u0171s\u00edt\u00e9s\u00e9vel \u00e9s a l\u00e9tes\u00edtm\u00e9nyek korszer\u0171s\u00edt\u00e9s\u00e9vel. A biztons\u00e1gi tan\u00e1csok \u00f3va intenek a mecsetek k\u00f6zel\u00e9be utaz\u00e1st\u00f3l a p\u00e9nteki im\u00e1k alatt, \u00e9s sok nyugati korm\u00e1ny tov\u00e1bbra is riaszt\u00e1sokat tart fenn. Az orsz\u00e1g m\u00e9gis minden \u00e9vben egyre jobban megny\u00edlik a felfedez\u0151k el\u0151tt: t\u00far\u00e1z\u00e1s Gilgit-Baltiszt\u00e1nban, \u00f6r\u00f6ks\u00e9gv\u00e9delmi t\u00far\u00e1k Lahore-ban, tengerparti \u00fcd\u00fcl\u0151helyek Gwadarban \u00e9s kalandsportok az Indus-kanyon ment\u00e9n.<\/p>\n\n\n\n<p>Pakiszt\u00e1n er\u0151ss\u00e9gei \u2013 strat\u00e9giai elhelyezked\u00e9se, fiatal lakoss\u00e1ga, b\u0151s\u00e9ges er\u0151forr\u00e1sai \u2013 kr\u00f3nikus kih\u00edv\u00e1sokkal egy\u00fctt l\u00e9teznek: a szeg\u00e9nys\u00e9g a polg\u00e1rok egy\u00f6t\u00f6d\u00e9t \u00e9rinti; az \u00edr\u00e1studatlans\u00e1g, k\u00fcl\u00f6n\u00f6sen a n\u0151k k\u00f6r\u00e9ben; az infrastruktur\u00e1lis sz\u0171k keresztmetszetek az energiaell\u00e1t\u00e1sban \u00e9s a k\u00f6zleked\u00e9sben; a m\u00e9lyen gy\u00f6kerez\u0151 korrupci\u00f3; valamint az sz\u00e9ls\u0151s\u00e9ges mozgalmak terrorizmus\u00e1nak fenyeget\u00e9se. A gazdas\u00e1gi volatilit\u00e1s tov\u00e1bbra is fenn\u00e1ll, mik\u00f6zben a k\u00f6lts\u00e9gvet\u00e9si hi\u00e1ny \u00e9s az ad\u00f3ss\u00e1gnyom\u00e1s n\u00f6vekszik.<\/p>\n\n\n\n<p>A politikai stabilit\u00e1s tov\u00e1bbra sem el\u00e9rhet\u0151. A polg\u00e1ri korm\u00e1nyok v\u00e1ltakoznak a katonai k\u00f6zigazgat\u00e1ssal; az int\u00e9zm\u00e9nyek a vil\u00e1gi jog \u00e9s a vall\u00e1si elvek egyens\u00falyoz\u00e1s\u00e1n dolgoznak. Diplom\u00e1ciailag Pakiszt\u00e1n Indi\u00e1val, Afganiszt\u00e1nnal, K\u00edn\u00e1val \u00e9s az Egyes\u00fclt \u00c1llamokkal tartja fenn kapcsolatait, amelyek mindegyik\u00e9t a t\u00f6rt\u00e9nelem, a biztons\u00e1g \u00e9s a kereskedelem alak\u00edtja.<\/p>\n\n\n\n<p>Pakiszt\u00e1n felsz\u00edn\u00e9t \u00e9s n\u00e9p\u00e9t tekintve az ellent\u00e9tek testes\u00edtik meg. \u0150si romok sorakoznak a csillog\u00f3 metropoliszok mellett; h\u00f3f\u00f6dte cs\u00facsok \u00e1rny\u00e9kolj\u00e1k be a naps\u00fct\u00f6tte s\u00edks\u00e1gokat; sz\u00e1mos vall\u00e1s \u00e9s nyelv \u00e9l egy\u00fctt egyetlen k\u00f6zt\u00e1rsas\u00e1gon bel\u00fcl. T\u00f6rt\u00e9nete a folytonoss\u00e1gr\u00f3l \u00e9s a v\u00e1ltoz\u00e1sr\u00f3l sz\u00f3l, a geol\u00f3giai r\u00e9tegekk\u00e9nt r\u00e9tegz\u0151d\u0151 kult\u00far\u00e1kr\u00f3l, egy olyan nemzetr\u0151l, amely \u00c1zsia keresztez\u0151d\u00e9s\u00e9ben hat\u00e1rozza meg \u00f6nmag\u00e1t. Minden megpr\u00f3b\u00e1ltat\u00e1sa ellen\u00e9re Pakiszt\u00e1n a nyilv\u00e1nval\u00f3 lehet\u0151s\u00e9gek \u2013 \u00e9s az \u00f6r\u00f6k\u00f6s meglepet\u00e9sek \u2013 f\u00f6ldjek\u00e9nt marad fenn.<\/p>","protected":false},"excerpt":{"rendered":"<p>Pakiszt\u00e1n a vil\u00e1g \u00f6t\u00f6dik legn\u00e9pesebb orsz\u00e1ga, lakoss\u00e1ga meghaladja a 241,5 milli\u00f3t. 2023-ban a m\u00e1sodik legnagyobb muszlim lakoss\u00e1ggal rendelkezik. A D\u00e9l-\u00c1zsi\u00e1ban tal\u00e1lhat\u00f3, a 33. legnagyobb ter\u00fclettel rendelkez\u0151 orsz\u00e1g sz\u00e1mos civiliz\u00e1ci\u00f3, gazdag t\u00f6rt\u00e9nelem \u00e9s bonyolult geopolitikai jelent\u0151s\u00e9g\u0171 orsz\u00e1g. A f\u0151v\u00e1ros Iszl\u00e1m\u00e1b\u00e1d; a legnagyobb v\u00e1ros, Karacsi, a nemzet p\u00e9nz\u00fcgyi k\u00f6zpontja.<\/p>","protected":false},"author":1,"featured_media":4740,"parent":24063,"menu_order":0,"comment_status":"closed","ping_status":"closed","template":"elementor_theme","meta":{"_eb_attr":"","footnotes":""},"class_list":["post-15305","page","type-page","status-publish","has-post-thumbnail"],"_links":{"self":[{"href":"https:\/\/travelshelper.com\/hu\/wp-json\/wp\/v2\/pages\/15305","targetHints":{"allow":["GET"]}}],"collection":[{"href":"https:\/\/travelshelper.com\/hu\/wp-json\/wp\/v2\/pages"}],"about":[{"href":"https:\/\/travelshelper.com\/hu\/wp-json\/wp\/v2\/types\/page"}],"author":[{"embeddable":true,"href":"https:\/\/travelshelper.com\/hu\/wp-json\/wp\/v2\/users\/1"}],"replies":[{"embeddable":true,"href":"https:\/\/travelshelper.com\/hu\/wp-json\/wp\/v2\/comments?post=15305"}],"version-history":[{"count":0,"href":"https:\/\/travelshelper.com\/hu\/wp-json\/wp\/v2\/pages\/15305\/revisions"}],"up":[{"embeddable":true,"href":"https:\/\/travelshelper.com\/hu\/wp-json\/wp\/v2\/pages\/24063"}],"wp:featuredmedia":[{"embeddable":true,"href":"https:\/\/travelshelper.com\/hu\/wp-json\/wp\/v2\/media\/4740"}],"wp:attachment":[{"href":"https:\/\/travelshelper.com\/hu\/wp-json\/wp\/v2\/media?parent=15305"}],"curies":[{"name":"wp","href":"https:\/\/api.w.org\/{rel}","templated":true}]}}