{"id":15263,"date":"2024-09-20T20:27:50","date_gmt":"2024-09-20T20:27:50","guid":{"rendered":"https:\/\/travelshelper.com\/staging\/?page_id=15263"},"modified":"2026-03-11T19:11:20","modified_gmt":"2026-03-11T19:11:20","slug":"davao-varosa","status":"publish","type":"page","link":"https:\/\/travelshelper.com\/hu\/destinations\/asia\/philippines\/davao\/","title":{"rendered":"Davao v\u00e1rosa"},"content":{"rendered":"<p>Davao v\u00e1rosa paradox helyet foglal el a F\u00fcl\u00f6p-szigeteki k\u00e9pzeletben: hatalmas, m\u00e9gis bens\u0151s\u00e9ges, zord, m\u00e9gis k\u00e9szen \u00e1ll a modern \u00e1talakul\u00e1sra. A Mindanao d\u00e9lkeleti oldal\u00e1n 2443,61 n\u00e9gyzetkilom\u00e9teren elter\u00fcl\u0151 v\u00e1ros minden m\u00e1s F\u00fcl\u00f6p-szigeteki v\u00e1rost fel\u00fclm\u00fal, mik\u00f6zben a 2020-as n\u00e9psz\u00e1ml\u00e1l\u00e1s szerint k\u00f6zel 1,8 milli\u00f3 lakost \u00f6lel fel. K\u00f6zigazgat\u00e1silag elk\u00fcl\u00f6n\u00fcl a k\u00f6rnyez\u0151 Davao del Sur tartom\u00e1nyt\u00f3l, h\u00e1rom kongresszusi k\u00f6rzetre, tizenegy k\u00f6zigazgat\u00e1si k\u00f6rzetre \u00e9s 182 barangayra oszlik, m\u00e9gis Metro Davao \u00e9s a t\u00e1gabb Davao r\u00e9gi\u00f3 dobog\u00f3 sz\u00edvek\u00e9nt m\u0171k\u00f6dik.<\/p>\n\n\n\n<p>A Davao-\u00f6b\u00f6l \u00e9szaknyugati partvonal\u00e1t\u00f3l a v\u00e1ros k\u00f6rvonalai egyenletesen emelkednek nyugat fel\u00e9 a Marilog dombos kiterjed\u00e9seibe. A Talomo-hegy \u00e9s a v\u00e1ros d\u00e9lnyugati cs\u00fccsk\u00e9ben az Apo-hegy \u2013 a F\u00fcl\u00f6p-szigetek legmagasabb cs\u00facsa \u2013 uralja a l\u00e1tk\u00e9pet. Az 1936 m\u00e1jus\u00e1ban Manuel L. Quezon eln\u00f6k \u00e1ltal v\u00e9dett nemzeti parkk\u00e1 nyilv\u00e1n\u00edtott Apo-hegy Nemzeti Park figyelemre m\u00e9lt\u00f3 endemikus n\u00f6v\u00e9ny- \u00e9s \u00e1llatvil\u00e1got v\u00e9d, amely tud\u00f3sokat \u00e9s kalandorokat egyar\u00e1nt vonz. A Davao foly\u00f3, amely 160 kilom\u00e9ter hosszan folyik Bukidnon felf\u00f6ldjeit\u0151l a Talomo ker\u00fclet Barangay Bucana foly\u00f3j\u00e1ban l\u00e9v\u0151 torkolat\u00e1ig, t\u00f6bb mint 1700 n\u00e9gyzetkilom\u00e9ternyi v\u00edzgy\u0171jt\u0151 ter\u00fcletet gy\u0171jt \u00f6ssze, miel\u0151tt az \u00f6b\u00f6lbe \u00f6mlik.<\/p>\n\n\n\n<p>Davao \u00e9ghajlata nehezen kategoriz\u00e1lhat\u00f3. B\u00e1r az intertr\u00f3pusi konvergencia z\u00f3na gyakrabban vonul \u00e1t a v\u00e1ros felett, mint a passz\u00e1tszelek, a ritka ciklonok megk\u00edm\u00e9lik a v\u00e1rost az igazi egyenl\u00edt\u0151i id\u0151j\u00e1r\u00e1s teljes erej\u00e9t\u0151l. A h\u0151m\u00e9rs\u00e9klet eg\u00e9sz \u00e9vben 26 \u00b0C felett marad, \u00e9s a csapad\u00e9k \u2013 amely mindig meghaladja a havi 77 millim\u00e9tert \u2013 a ny\u00e1ri h\u00f3napokban a legnagyobb intenzit\u00e1s\u00fa. Nincs meghat\u00e1rozott sz\u00e1raz \u00e9vszak; m\u00e9g a \u201et\u00e9l\u201d is jelent\u0151s es\u0151z\u00e9seket hoz. Ez a k\u00f6ny\u00f6rtelen p\u00e1ratartalom el\u0151seg\u00edti a k\u00f6rnyez\u0151 dombokat bebor\u00edt\u00f3 buja n\u00f6v\u00e9nyzet kialakul\u00e1s\u00e1t, \u00e9s t\u00e1pl\u00e1lja az egzotikus orchide\u00e1kat \u2013 k\u00fcl\u00f6n\u00f6sen a tisztelt gy\u00edkf\u0171f\u00e9l\u00e9ket \u2013, amelyek sehol m\u00e1shol nem tal\u00e1lhat\u00f3k meg.<\/p>\n\n\n\n<p>Davao kultur\u00e1lis mozaikj\u00e1ban a v\u00e1rosi \u00e9s vid\u00e9ki ter\u00fcletek \u00f6sszeolvadnak. A lakosok t\u00f6bbs\u00e9ge a Visay\u00e1khoz, f\u0151k\u00e9nt Cebuhoz \u00e9s Iloil\u00f3hoz vezeti vissza gy\u00f6kereit, amelyek a cebuan\u00f3k \u00e9s hiligaynon nyelveket besz\u00e9l\u0151 ilongg\u00f3k magj\u00e1t alkotj\u00e1k, akik uralj\u00e1k a demogr\u00e1fiai t\u00e1jk\u00e9pet. A tagalogok, kapampang\u00e1k \u00e9s ilocan\u00f3k k\u00e9s\u0151bb \u00e9rkeztek, hozz\u00e1adva a szok\u00e1sok \u00e9s a besz\u00e9d r\u00e9tegeit. Az \u0151slakos lumad csoportok \u2013 k\u00f6zt\u00fck a gianganok, kalaganok \u00e9s tagabaw\u00e1k \u2013 tov\u00e1bbra is \u0151rzik \u0151si ritu\u00e1l\u00e9ikat, m\u00e9g akkor is, ha nyelv\u00fck versenyez a v\u00e1ros lingua franc\u00e1ival: a cebuano a mindennapi k\u00f6rnyezetben, a filipp\u00edn\u00f3 a m\u00e9di\u00e1ban \u00e9s a tagalog \u00e1rnyalat\u00fa bisaya a fiatalabb besz\u00e9l\u0151k k\u00f6r\u00e9ben. Az angol tov\u00e1bbra is a hivatalos nyelv az iskol\u00e1kban \u00e9s a b\u00edr\u00f3s\u00e1gokon, sokoldal\u00fa eszk\u00f6zt biztos\u00edtva a szakemberek sz\u00e1m\u00e1ra a kereskedelem \u00e9s a korm\u00e1nyz\u00e1s sz\u00e1m\u00e1ra. A mor\u00f3k \u2013 a maguindanaonok, marana\u00f3k, tausugok, iranunok \u00e9s sama-bajauk \u2013 k\u00ednai \u00e9s jap\u00e1n filipp\u00edn\u00f3 csal\u00e1dok, valamint kisebb sz\u00e1m\u00fa, \u00e1zsiai \u00e9s nyugati orsz\u00e1gr\u00e9szb\u0151l \u00e9rkez\u0151 \u00fajabb bev\u00e1ndorl\u00f3 mellett tartj\u00e1k fenn k\u00f6z\u00f6ss\u00e9geiket.<\/p>\n\n\n\n<p>A hit a v\u00e1rosi \u00e9let alapj\u00e1t k\u00e9pezi. A lakoss\u00e1g nagyj\u00e1b\u00f3l 78 sz\u00e1zal\u00e9k\u00e1t teszik ki a r\u00f3mai katolikusok, \u00e9s a Davaoi F\u0151egyh\u00e1zmegye \u2013 amelyet 1975-ben alap\u00edtottak, \u00e9s 2012 \u00f3ta Romulo Valles \u00e9rsek vezet \u2013 h\u00e1rom sz\u00fcfrag\u00e1nus egyh\u00e1zmegy\u00e9t fel\u00fcgyel Mindanao d\u00e9li r\u00e9sz\u00e9n. A San Pedro-sz\u00e9kesegyh\u00e1z spiritu\u00e1lis k\u00f6zpontk\u00e9nt \u00e9s polg\u00e1ri nevezetess\u00e9gk\u00e9nt is szolg\u00e1l, Szent P\u00e9ternek szentelve. Az iszl\u00e1m a h\u00edv\u0151k mintegy 4 sz\u00e1zal\u00e9k\u00e1t teszi ki, akik a v\u00e1ros hat\u00e1rait \u00f6vez\u0151 mecsetekben sz\u00e9tsz\u00f3r\u00f3dva \u00e9lnek. Kereszt\u00e9ny csoportok \u2013 az Iglesia ni Cristo, k\u00fcl\u00f6nf\u00e9le p\u00fcnk\u00f6sdi mozgalmak \u00e9s f\u00fcggetlen egyh\u00e1zak \u2013 soksz\u00edn\u0171 konstell\u00e1ci\u00f3ja t\u00f6lti meg a t\u00f6bbi imah\u00e1zat. A peremeken kis szikh gurdv\u00e1r\u00e1k, hindu szent\u00e9lyek, buddhista templomok, zsinag\u00f3g\u00e1k \u00e9s animista szent\u00e9lyek t\u00fckr\u00f6zik azt a v\u00e1rost, amelyben a nem ortodox vall\u00e1sok csendben fennmaradtak.<\/p>\n\n\n\n<p>Mindanao els\u0151dleges kereskedelmi \u00e9s ipari k\u00f6zpontjak\u00e9nt Davao v\u00e1rosa a region\u00e1lis gazdas\u00e1g gerinc\u00e9t alkotja. A Kelet-\u00e1zsiai N\u00f6veked\u00e9si Ter\u00fclet kezdem\u00e9nyez\u00e9s elismerte a v\u00e1ros robusztus n\u00f6veked\u00e9s\u00e9t: az el\u0151rejelz\u00e9sek egykor Dava\u00f3t a vil\u00e1g 100 leggyorsabban n\u00f6vekv\u0151 v\u00e1rosa k\u00f6z\u00e9 sorolt\u00e1k, tizen\u00f6t \u00e9v alatt k\u00f6r\u00fclbel\u00fcl 2,53 sz\u00e1zal\u00e9kos tart\u00f3s \u00e9ves n\u00f6veked\u00e9si \u00fctemmel. E dinamizmus m\u00f6g\u00f6tt egy exportorient\u00e1lt kik\u00f6t\u0151komplexum \u00e1ll \u2013 Mindanao legforgalmasabbja \u2013, amely mind a szigetek k\u00f6z\u00f6tti ro-ro kompokat, mind a kont\u00e9nerforgalmat kezeli. A mez\u0151gazdas\u00e1g, az agr\u00e1ripar \u00e9s a k\u00f6nny\u0171ipar a burj\u00e1nz\u00f3 turizmus mellett vir\u00e1gzik.<\/p>\n\n\n\n<p>A v\u00e1ros piacain z\u00f6ld h\u00e9jba \u00f6lt\u00f6ztetett standok hirdetik a duri\u00e1n cs\u00edp\u0151s pomp\u00e1j\u00e1ban rejl\u0151 \u00edzt \u2013 ami Davao-nak a \u201eF\u00fcl\u00f6p-szigetek duri\u00e1n f\u0151v\u00e1rosa\u201d nevet adta. A helyi \u00edzvil\u00e1g azonban messze t\u00falmutat ezen; a kinilaw, az ecetben, ubork\u00e1ban \u00e9s chiliben \u00e1ztatott nyers hal minden \u00e9tkez\u00e9sn\u00e9l megjelenik. A sinuaglaw a grillezett sert\u00e9shasat a kinilaw cs\u00edp\u0151s \u00edz\u00e9vel \u00f6tv\u00f6zi. Az \u00e9des h\u00e9j\u00fa ban\u00e1n \u00e9s a tr\u00f3pusi gy\u00fcm\u00f6lcs\u00f6k, mint a marang, a rambut\u00e1n, a pomelo \u00e9s a mangoszt\u00e1n \u00e9l\u00e9nk\u00edtik a desszerteket \u00e9s a r\u00e1gcs\u00e1lnival\u00f3kat. Az Apo-hegy term\u00e9keny talaj\u00e1nak k\u00f6sz\u00f6nhet\u0151en a helyben termesztett k\u00e1v\u00e9 \u00e9s m\u00e1s felf\u00f6ldi term\u00e9kek csatlakoztak a hagyom\u00e1nyos exportcikkekhez, jellegzetes, a farmt\u00f3l az asztalig tart\u00f3 \u00e9rz\u00e9kenys\u00e9get kialak\u00edtva.<\/p>\n\n\n\n<p>A k\u00f6z\u00f6ss\u00e9gi \u00e9let l\u00fcktet a fesztiv\u00e1lokon kereszt\u00fcl, amelyek a mez\u0151gazdas\u00e1gi ciklusokat \u00e9s a vall\u00e1si \u00e1h\u00edtatot egyar\u00e1nt jelzik. M\u00e1rcius 1-j\u00e9n \u00fcnneps\u00e9gekkel \u00e9s polg\u00e1ri tiszteletad\u00e1ssal eml\u00e9keznek meg az Araw ng Dabaw-r\u00f3l, a v\u00e1ros alap\u00edt\u00e1s\u00e1nak napj\u00e1r\u00f3l. Augusztusban a Kadayawan \u00fcnneps\u00e9g az \u0151slakos arat\u00f3ritu\u00e1l\u00e9kat tisztelegi: t\u00f6rzsi kontingensek konvojjai vonulnak \u00e1t az utc\u00e1kon, mik\u00f6zben az \u0151slakos t\u00e1ncok \u00e9s m\u0171v\u00e9szeti ki\u00e1ll\u00edt\u00e1sok a gyarmati el\u0151tti id\u0151ket id\u00e9zik. \u00dajabb esem\u00e9nyek jelentek meg a kort\u00e1rs identit\u00e1s t\u00fckr\u00f6z\u00e9s\u00e9re: a szilveszteri Torotot a pet\u00e1rd\u00e1kat a k\u00f6z\u00f6s k\u00fcrt\u00f6k harsog\u00e1s\u00e1ra v\u00e1ltja fel, \u00e9s 2024 \u00f3ta a j\u00faniusi Duaw Davao Fesztiv\u00e1l egyenl\u0151 m\u00e9rt\u00e9kben \u00e1ll\u00edtja a k\u00f6z\u00e9ppontba a turizmust, a San Pedro \u00fcnnep\u00e9t, a B\u00fcszkes\u00e9g h\u00f3napj\u00e1t \u00e9s az \u00e9letm\u00f3dbeli v\u00e1llalkoz\u00e1sokat. A decemberi Pasko Fiesta sa Davao kar\u00e1csonyi f\u00e9nyekkel \u00e9s versenyekkel \u00e1rasztja el minden barangayt.<\/p>\n\n\n\n<p>A v\u00e1ros m\u00fazeumokban \u00e9s t\u00f6rt\u00e9nelmi enkl\u00e1v\u00e9kban \u0151rzi m\u00faltj\u00e1t. A Davao M\u00fazeum \u00e9s a Mindanao N\u00e9pm\u0171v\u00e9szeti M\u00fazeum olyan gy\u0171jtem\u00e9nyeknek ad otthont, amelyek az \u0151shonos text\u00edli\u00e1kt\u00f3l a gyarmati kori erekly\u00e9kig terjednek. Tugbok ker\u00fclet Mintal barangayj\u00e1ban tal\u00e1lhat\u00f3 a jap\u00e1n temet\u0151 \u00e9s szent\u00e9ly: csendes eml\u00e9keztet\u0151k egy egykor vir\u00e1gz\u00f3 jap\u00e1n k\u00f6z\u00f6ss\u00e9gre, amely \u00fcltetv\u00e9nyeket \u00e9s h\u00e1bor\u00fas alagutakat hozott l\u00e9tre. A F\u00fcl\u00f6p-szigeteki-Jap\u00e1n M\u00fazeum ezeket a kult\u00far\u00e1k k\u00f6z\u00f6tti kapcsolatokat mutatja be. Az olyan helysz\u00ednek, mint a Davaoe\u00f1o T\u00f6rt\u00e9nelmi T\u00e1rsas\u00e1g M\u00fazeuma \u00e9s a sz\u00e9tsz\u00f3rt spanyol kori k\u00e1poln\u00e1k meger\u0151s\u00edtik Davao bonyolult t\u00f6rt\u00e9nelm\u00e9nek r\u00e9tegz\u0151d\u00e9s\u00e9t.<\/p>\n\n\n\n<p>A term\u00e9szetv\u00e9delmi er\u0151fesz\u00edt\u00e9sek k\u00f6z\u00e9ppontj\u00e1ban a F\u00fcl\u00f6p-szigeteki sas \u00e1ll, amely az orsz\u00e1g nemzeti madara \u00e9s a vil\u00e1g legnagyobb sasa. A v\u00e1ros k\u00f6zel\u00e9ben tal\u00e1lhat\u00f3 F\u00fcl\u00f6p-szigeteki Sas Alap\u00edtv\u00e1ny \u00e9s Term\u00e9szetv\u00e9delmi K\u00f6zpont mened\u00e9ket ny\u00fajt a s\u00e9r\u00fclt \u00e9s fogs\u00e1gban teny\u00e9sztett ragadoz\u00f3 madaraknak. Az Eden Term\u00e9szetv\u00e9delmi Park \u00e9s a Malagos Garden Resort orchideakert\u00e9szetekkel, pillang\u00f3kertekkel \u00e9s biofarmokkal vonzza a l\u00e1togat\u00f3kat. A Gap Farming Resort k\u00f6zvetlen betekint\u00e9st ny\u00fajt a vid\u00e9ki Hinterlandbe, m\u00edg a v\u00e1rosk\u00f6zpontban tal\u00e1lhat\u00f3 People&#039;s Park Lumad figur\u00e1k faragott szobrait \u00e9s est\u00e9nk\u00e9nt egy koreograf\u00e1lt t\u00e1ncol\u00f3 sz\u00f6k\u0151kutat mutat be.<\/p>\n\n\n\n<p>Davao n\u00f6veked\u00e9s\u00e9t az emberek \u00e9s az \u00e1ruk mozg\u00e1sa is meghat\u00e1rozta. A v\u00e1roson bel\u00fcl a taxik \u00e9s a dzsipnekek nyolcvan k\u00f6r\u00fcli \u00fatvonalon k\u00f6zlekednek a nap 24 \u00f3r\u00e1j\u00e1ban; a triciklik a nagyobb j\u00e1rm\u0171vek sz\u00e1m\u00e1ra t\u00fal keskeny s\u00e1vokba terjeszkednek, m\u00edg a taxik a F\u00fcl\u00f6p-szigeteken az els\u0151k k\u00f6z\u00f6tt fogadtak el ATM-es \u00e9s bankk\u00e1rty\u00e1s fizet\u00e9st, minden fekete taxi GPS-hez volt csatlakoztatva. A buszok \u00f6sszek\u00f6tik a metropoliszt Mindanao f\u0151bb v\u00e1rosaival \u00e9s a t\u00e1volabbi szigetekkel, s\u0151t Manil\u00e1ba is sz\u00e1razf\u00f6ldi \u00fatvonalakon jutnak el.<\/p>\n\n\n\n<p>Az \u00fat\u00e9p\u00edt\u00e9si projektek c\u00e9lja a forgalom megsz\u00fcntet\u00e9se volt: a Buhangin alulj\u00e1r\u00f3 2003-ban ny\u00edlt meg, \u00e9s egy v\u00e1rosi elker\u00fcl\u0151 \u00fat ambici\u00f3zus terveit \u2013 amelyek c\u00e9lja az utaz\u00e1si id\u0151 csaknem fel\u00e9re cs\u00f6kkent\u00e9se \u2013 2028-ra halasztott\u00e1k. A tervezett Davao People Mover egys\u00edn\u0171 vas\u00fat \u00e9s egy part menti \u00fat, amely megv\u00e9den\u00e9 a partvonalat az er\u00f3zi\u00f3t\u00f3l, tov\u00e1bbra is a miniszt\u00e9riumok asztal\u00e1n vannak. Egy \u00e1llami szint\u0171 vas\u00fatvonal, a Tagum-Davao-Digos vonal finansz\u00edroz\u00e1sra v\u00e1r, miut\u00e1n egy k\u00ednai finansz\u00edroz\u00e1si paktum 2023-ban lej\u00e1rt. Ek\u00f6zben egy nagyszab\u00e1s\u00fa t\u00f6megk\u00f6zleked\u00e9s-moderniz\u00e1ci\u00f3s projekt mintegy 1000 buszt \u2013 k\u00f6zt\u00fck elektromos csukl\u00f3s buszokat \u2013 \u00e9s buszmeg\u00e1ll\u00f3k h\u00e1l\u00f3zat\u00e1t vezeti be a Davao metr\u00f3\u00e1llom\u00e1son.<\/p>\n\n\n\n<p>A tengeri utakon az el\u0151rel\u00e9p\u00e9sek k\u00f6z\u00e9 tartozik egy \u00faj kompj\u00e1rat General Santosb\u00f3l Bitungba, Indon\u00e9zi\u00e1ba, amely megk\u00f6nny\u00edti az elektronikai cikkek, a mez\u0151gazdas\u00e1gi inputanyagok \u00e9s a gy\u00e1rtott term\u00e9kek kereskedelm\u00e9t. K\u00e9t tengeri kik\u00f6t\u0151 \u2013 a Sasa International \u00e9s a Santa Ana Wharf \u2013 l\u00e1tja el a haj\u00f3kat az \u00f6b\u00f6lben \u00e1t a szigetek fel\u00e9.<\/p>\n\n\n\n<p>A Francisco Bangoy Nemzetk\u00f6zi Rep\u00fcl\u0151t\u00e9r 1966 \u00f3ta fogadja a rep\u00fcl\u0151g\u00e9p-forgalmat, a Philippine Airlines pedig abban az \u00e9vben ind\u00edtotta el a belf\u00f6ldi rep\u00fcl\u0151g\u00e9p-j\u00e1ratokat. A leg\u00fajabb csatlakoz\u00e1sok k\u00f6z\u00e9 tartoznak a k\u00f6zvetlen j\u00e1ratok Quanzhouba, Szingap\u00farba \u00e9s Doh\u00e1ba, b\u0151v\u00edtve Davao glob\u00e1lis jelenl\u00e9t\u00e9t.<\/p>\n\n\n\n<p>Davao v\u00e1rosa dacol a pontos kategoriz\u00e1l\u00e1ssal. Egyszerre p\u00e1sztori \u00e9s nagyv\u00e1rosi, \u0151si szok\u00e1sokban gy\u00f6kerezik, m\u00e9gis a kereskedelem \u00e9s az infrastrukt\u00fara \u00faj hat\u00e1rait \u00f6leli fel. Sz\u00e9les partvonala, term\u00e9keny hegyei \u00e9s a nyelvek \u00e9s hiedelmek v\u00e1rosi sz\u00f6vev\u00e9nye \u00e9vsz\u00e1zados migr\u00e1ci\u00f3r\u00f3l, kereskedelemr\u0151l \u00e9s kultur\u00e1lis cser\u00e9r\u0151l sz\u00f3l. A helyi fesztiv\u00e1lok az \u0151si visszhangokkal rezon\u00e1lnak, mik\u00f6zben a technol\u00f3gia \u00e1ltal t\u00e1mogatott k\u00f6zleked\u00e9si tervek \u00faj p\u00e1ly\u00e1t jel\u00f6lnek ki. Minden ker\u00fcletben \u00e9s barangayban \u00e9rezhet\u0151 a v\u00e1ros tart\u00f3s k\u00e9pess\u00e9ge a folytonoss\u00e1g \u00e9s a v\u00e1ltoz\u00e1s egyens\u00falyoz\u00e1s\u00e1ra, olyan j\u00f6v\u0151t kov\u00e1csolva, amely tov\u00e1bbra is a f\u00f6ldh\u00f6z, a foly\u00f3hoz \u00e9s a Davao otthon\u00e1nak tekintett emberekhez k\u00f6t\u0151dik.<\/p>","protected":false},"excerpt":{"rendered":"<p>Davao City, hivatalosan Davao v\u00e1rosa, a F\u00fcl\u00f6p-szigetek harmadik legn\u00e9pesebb v\u00e1rosa, a 2020-as n\u00e9psz\u00e1ml\u00e1l\u00e1s szerint 1 776 949 lakossal. A F\u00fcl\u00f6p-szigeteken, a Davao r\u00e9gi\u00f3ban tal\u00e1lhat\u00f3 ez az er\u0151sen urbaniz\u00e1lt v\u00e1ros ter\u00fcleti m\u00e9rete alapj\u00e1n az orsz\u00e1g legnagyobb v\u00e1rosa, amely kiterjedt 2443,61 n\u00e9gyzetkilom\u00e9tert fed le.<\/p>","protected":false},"author":1,"featured_media":2723,"parent":15241,"menu_order":0,"comment_status":"closed","ping_status":"closed","template":"elementor_theme","meta":{"_eb_attr":"","footnotes":""},"class_list":["post-15263","page","type-page","status-publish","has-post-thumbnail"],"_links":{"self":[{"href":"https:\/\/travelshelper.com\/hu\/wp-json\/wp\/v2\/pages\/15263","targetHints":{"allow":["GET"]}}],"collection":[{"href":"https:\/\/travelshelper.com\/hu\/wp-json\/wp\/v2\/pages"}],"about":[{"href":"https:\/\/travelshelper.com\/hu\/wp-json\/wp\/v2\/types\/page"}],"author":[{"embeddable":true,"href":"https:\/\/travelshelper.com\/hu\/wp-json\/wp\/v2\/users\/1"}],"replies":[{"embeddable":true,"href":"https:\/\/travelshelper.com\/hu\/wp-json\/wp\/v2\/comments?post=15263"}],"version-history":[{"count":0,"href":"https:\/\/travelshelper.com\/hu\/wp-json\/wp\/v2\/pages\/15263\/revisions"}],"up":[{"embeddable":true,"href":"https:\/\/travelshelper.com\/hu\/wp-json\/wp\/v2\/pages\/15241"}],"wp:featuredmedia":[{"embeddable":true,"href":"https:\/\/travelshelper.com\/hu\/wp-json\/wp\/v2\/media\/2723"}],"wp:attachment":[{"href":"https:\/\/travelshelper.com\/hu\/wp-json\/wp\/v2\/media?parent=15263"}],"curies":[{"name":"wp","href":"https:\/\/api.w.org\/{rel}","templated":true}]}}