{"id":15257,"date":"2024-09-20T20:15:15","date_gmt":"2024-09-20T20:15:15","guid":{"rendered":"https:\/\/travelshelper.com\/staging\/?page_id=15257"},"modified":"2026-03-11T19:09:36","modified_gmt":"2026-03-11T19:09:36","slug":"manila","status":"publish","type":"page","link":"https:\/\/travelshelper.com\/hu\/destinations\/asia\/philippines\/manila\/","title":{"rendered":"Manila"},"content":{"rendered":"<p>Manila egyszerre a F\u00fcl\u00f6p-szigetek politikai k\u00f6zpontja \u00e9s az emberi kitart\u00e1s bizony\u00edt\u00e9ka a sz\u00fcntelen v\u00e1ltoz\u00e1sok k\u00f6zepette. Hivatalosan Manila v\u00e1rosak\u00e9nt tartj\u00e1k sz\u00e1mon, f\u0151v\u00e1rosi st\u00e1tuszt k\u00f6vetel, \u00e9s lakoss\u00e1g\u00e1t tekintve \u2013 2020-ban 1 846 513 l\u00e9lekkel \u2013 Quezon City ut\u00e1n a m\u00e1sodik helyen \u00e1ll, m\u00e9gis a F\u00f6ld legs\u0171r\u0171bben lakott v\u00e1roshat\u00e1r\u00e1t alkotja, n\u00e9gyzetkilom\u00e9terenk\u00e9nt t\u00f6bb mint 43 600 f\u0151vel. A Luzon nyugati partj\u00e1n, a Manila-\u00f6b\u00f6l \u00f6lel\u00e9s\u00e9ben D\u00e9lkelet-\u00c1zsia leggazdagabb r\u00e9gi\u00f3i k\u00f6z\u00e9 tartozik, \u00e9s a Csendes-\u00f3ce\u00e1non \u00e1tny\u00fal\u00f3 kereskedelmi t\u00f6rt\u00e9nelme a vil\u00e1g egyik eredeti glob\u00e1lis v\u00e1ros\u00e1v\u00e1 teszi.<\/p>\n\n\n\n<p>Manila magja a Pasig foly\u00f3 hordal\u00e9ka felett fekszik, amelynek vize \u00e9szaki \u00e9s d\u00e9li fel\u00e9re osztja a v\u00e1rost, miel\u0151tt az \u00f6b\u00f6lbe \u00f6mlik. \u00c9vsz\u00e1zadok alatt a partvonal kifel\u00e9 tol\u00f3dott a kiterjedt f\u00f6ld-visszanyer\u00e9si projektek r\u00e9v\u00e9n \u2013 n\u00e9melyik megval\u00f3sult, m\u00e1sok csak javasoltak \u2013, hogy helyet adjon egy olyan metropolisznak, amely 2013-ban mind\u00f6ssze 42,88 n\u00e9gyzetkilom\u00e9tert fedett le. 2017-t\u0151l a v\u00edzpart ment\u00e9n fekv\u0151 k\u00f6zel 1350 hekt\u00e1rnyi \u00faj ter\u00fcletre vonatkoz\u00f3 tervek \u00faj lak\u00f3- \u00e9s kereskedelmi \u00f6vezeteket \u00edg\u00e9rtek; a k\u00f6rnyezetv\u00e9d\u0151k azonban \u00f3vatoss\u00e1gra intenek, hogy ezek a v\u00e1llalkoz\u00e1sok vesz\u00e9lyeztethetik az \u00e1rad\u00e1soknak m\u00e1r am\u00fagy is kitett k\u00f6z\u00f6ss\u00e9geket, m\u00e9g akkor is, ha a F\u00fcl\u00f6p-szigetek \u00e9s Hollandia k\u00f6z\u00f6sen kidolgozza a Manila-\u00f6b\u00f6l fenntarthat\u00f3 fejleszt\u00e9si f\u0151terv\u00e9t.<\/p>\n\n\n\n<p>J\u00f3val azel\u0151tt, hogy a spanyol g\u00e1ly\u00e1k Acapulco \u00e9s Intramuros k\u00f6z\u00f6tt k\u00f6zlekedtek volna, egy Maynila nev\u0171 er\u0151d\u00edtett tagalog k\u00f6z\u00f6ss\u00e9g \u0151rizte ezt a \u00f6bl\u00f6t. Utols\u00f3 uralkod\u00f3ja, Rajah Sulayman 1571-ben esett el a Bangkusay-patakn\u00e1l, utat nyitva Miguel L\u00f3pez de Legazpi sz\u00e1m\u00e1ra Intramuros k\u0151er\u0151d\u00edtm\u00e9nyeinek meg\u00e9p\u00edt\u00e9s\u00e9hez. Spanyol uralom alatt Manila Kelet-India f\u0151v\u00e1rosa volt, Mexik\u00f3v\u00e1rosb\u00f3l ir\u00e1ny\u00edtott\u00e1k, \u00e9s a glob\u00e1lis kereskedelem els\u0151 megszak\u00edt\u00e1s n\u00e9lk\u00fcli h\u00e1l\u00f3zat\u00e1nak egyik kulcspontj\u00e1v\u00e1 v\u00e1lt. 1901-ben az orsz\u00e1g els\u0151 okleveles v\u00e1rosa lett; 1949-ben auton\u00f3mi\u00e1t kapott Manila v\u00e1ros\u00e1nak fel\u00fclvizsg\u00e1lt oklevele alapj\u00e1n.<\/p>\n\n\n\n<p>Sz\u0171k hat\u00e1rain bel\u00fcl Manila 897 barangayt foglal mag\u00e1ban, amelyek 100 statisztikai z\u00f3n\u00e1ba \u00e9s hat kongresszusi k\u00f6rzetbe csoportosulnak. Az I. k\u00f6rzet (441 282 lakos) Tondo nyugati r\u00e9sz\u00e9n ter\u00fcl el, ahol egykor a hatalmas Smokey Mountain hullad\u00e9klerak\u00f3, ma pedig k\u00f6z\u00e9pmagas lak\u00f3h\u00e1zak, valamint a v\u00e1ros f\u0151 \u00e9szaki kik\u00f6t\u0151i termin\u00e1ljai tal\u00e1lhat\u00f3k. A II. k\u00f6rzet (212 938 lakos) Tondo keleti r\u00e9sz\u00e9t fedi le, \u00e9s mag\u00e1ban foglalja Divisoria labirintusszer\u0171 piacutc\u00e1it. Manila belv\u00e1rosa \u2013 Binondo, Quiapo, San Nicolas \u00e9s Santa Cruz \u2013 alkotja a III. k\u00f6rzetet (220 029 lakos), ahol Binondo a vil\u00e1g legr\u00e9gebbi k\u00ednai negyed\u00e9nek c\u00edm\u00e9t viseli mag\u00e1n. A Sampaloc \u00e9s az \u201eEgyetemi \u00f6vezet\u201d a IV. k\u00f6rzet (277 013 lakos) k\u00f6zpontja, amely a Santo Tomas Egyetemnek, \u00c1zsia legr\u00e9gebbi fennmaradt egyetem\u00e9nek ad otthont, amelyet 1611-ben alap\u00edtottak. Az V. k\u00f6rzet (395 065 lakos) mag\u00e1ban foglalja mag\u00e1t Intramurost, Ermita \u00e9s Malate mellett, amelyet az UNESCO Vil\u00e1g\u00f6r\u00f6ks\u00e9g r\u00e9sz\u00e9t k\u00e9pez\u0151 San Agustin templom \u00e9s a Manila katedr\u00e1lis tark\u00edt. V\u00e9g\u00fcl a VI. ker\u00fclet (300 186) Santa An\u00e1ig h\u00faz\u00f3dik, ahol a tizennyolcadik sz\u00e1zadi templomok \u00e9s \u0151si k\u00fari\u00e1k csendesebb id\u0151kre eml\u00e9keztetnek.<\/p>\n\n\n\n<p>Az Egyenl\u00edt\u0151h\u00f6z kapaszkodva Manil\u00e1ban eg\u00e9sz \u00e9vben nagy a h\u0151s\u00e9g, a h\u0151m\u00e9rs\u00e9klet ritk\u00e1n cs\u00f6kken 19 \u00b0C al\u00e1, illetve emelkedik 39 \u00b0C f\u00f6l\u00e9. A decembert\u0151l \u00e1prilisig tart\u00f3 r\u00f6vid sz\u00e1raz id\u0151szakot elh\u00faz\u00f3d\u00f3 es\u0151s \u00e9vszak v\u00e1ltja fel \u2013 a t\u00e1jfunszezon j\u00faniust\u00f3l szeptemberig tart \u2013, \u00e9s a csapad\u00e9k, b\u00e1r intenz\u00edv, ritk\u00e1n tart eg\u00e9sz nap. Annak ellen\u00e9re, hogy a biodiverzit\u00e1s\u00e1r\u00f3l \u2013 a mangroveerd\u0151kt\u0151l a korallz\u00e1tonyokig \u2013 h\u00edres r\u00e9gi\u00f3 r\u00e9sze, a v\u00e1rosi h\u00e1l\u00f3zaton bel\u00fcl tov\u00e1bbra is kev\u00e9s a z\u00f6ldter\u00fclet. 2007-ben Manila mind\u00f6ssze 4,5 m\u00b2 parkos ter\u00fcletet k\u00edn\u00e1lt fejenk\u00e9nt, ami messze elmarad a WHO 9 m\u00b2-es aj\u00e1nl\u00e1s\u00e1t\u00f3l. Az Arroceros Erd\u0151park, egy 2,2 hekt\u00e1ros \u0151shonos f\u00e1kb\u00f3l \u00e9s mad\u00e1r\u00e9l\u0151helyb\u0151l \u00e1ll\u00f3 enkl\u00e1v\u00e9 a Pasig foly\u00f3 mellett, a v\u00e1ros \u201eutols\u00f3 t\u00fcdejek\u00e9nt\u201d m\u00e1ig fennmaradt.<\/p>\n\n\n\n<p>1905-ben Daniel Burnham \u201eCity Beautiful\u201d terve sz\u00e9les sug\u00e1rutakat \u00e9s form\u00e1lis tereket k\u00edv\u00e1nt l\u00e9trehozni a r\u00e9gi spanyol negyedben. Az 1945-\u00f6s puszt\u00edt\u00e1s azonban, amikor a jap\u00e1n \u00e9s amerikai er\u0151k lerombolt\u00e1k az \u00e9p\u00edtett k\u00f6rnyezet nagy r\u00e9sz\u00e9t, sok ilyen t\u00f6rekv\u00e9st elt\u00f6r\u00f6lt. Intramuros s\u00falyos vesztes\u00e9geket szenvedett; csak n\u00e9h\u00e1ny \u00e9p\u00fcletet tudtak \u00fajj\u00e1\u00e9p\u00edteni. Ma a modern toronyh\u00e1zak keverednek a fallal k\u00f6r\u00fclvett v\u00e1ros helyre\u00e1ll\u00edtott katedr\u00e1lisaival, mik\u00f6zben az \u00f6r\u00f6ks\u00e9gv\u00e9d\u0151k az Escolta utca neoklasszicista homlokzatainak rehabilit\u00e1ci\u00f3j\u00e1t \u00e9s az elfeledett gyarmati kincsek \u00fajj\u00e1\u00e9leszt\u00e9s\u00e9t szorgalmazz\u00e1k. A spanyol korabeli \u00e9p\u00edt\u00e9szek \u201ef\u00f6ldreng\u00e9s barokk\u201d form\u00e1kat \u2013 vastag falakat \u00e9s alacsony profilokat \u2013 alkottak, amelyek egykor meghi\u00fas\u00edtott\u00e1k a szeizmikus felfordul\u00e1sokat; a kort\u00e1rs el\u0151\u00edr\u00e1sok ma m\u00e1r ak\u00e1r 8,2-es er\u0151ss\u00e9g\u0171 f\u00f6ldreng\u00e9sek ellen\u00e1ll\u00f3 k\u00e9pess\u00e9g\u00e9t \u00edrj\u00e1k el\u0151.<\/p>\n\n\n\n<p>Manila n\u00e9pe \u00e9vsz\u00e1zados kevered\u00e9st t\u00fckr\u00f6z. M\u00edg a mint\u00e1ban szerepl\u0151 egy\u00e9nek 72,7 sz\u00e1zal\u00e9ka kelet-, d\u00e9l- vagy d\u00e9lkelet-\u00e1zsiai von\u00e1sokat mutat, antropol\u00f3giai tanulm\u00e1nyok afrikai kevered\u00e9st (4,5 sz\u00e1zal\u00e9k), eur\u00f3pai (2,7 sz\u00e1zal\u00e9k), \u0151slakos amerikai (7,3 sz\u00e1zal\u00e9k) \u00e9s spanyol gy\u00f6kereket (12,7 sz\u00e1zal\u00e9k) figyelnek meg. A v\u00e1ros tov\u00e1bbra is t\u00falnyom\u00f3r\u00e9szt kereszt\u00e9ny; 2010-ben a lakosok 93,5 sz\u00e1zal\u00e9ka r\u00f3mai katolikusnak vallotta mag\u00e1t. Az iszl\u00e1m, buddhista \u00e9s \u0151slakos hiedelmek visszhangjai m\u00e9gis \u00e1tsz\u00f6vik Manila fesztiv\u00e1ljait \u00e9s k\u00f6z\u00f6ss\u00e9gi ritu\u00e1l\u00e9it.<\/p>\n\n\n\n<p>Az orsz\u00e1g kiemelked\u0151 p\u00e9nz\u00fcgyi, kiskereskedelmi, turisztikai, m\u00e9dia- \u00e9s szolg\u00e1ltat\u00e1si k\u00f6zpontjak\u00e9nt Manila mintegy 60 000 v\u00e1llalkoz\u00e1snak ad otthont. GDP-je, amelyet 2023-ban 987,88 milli\u00e1rd \u20b1-ra becs\u00fcltek, Metro Manila gazdas\u00e1gi teljes\u00edtm\u00e9ny\u00e9nek 15 sz\u00e1zal\u00e9k\u00e1t teszi ki. A Nemzeti Versenyk\u00e9pess\u00e9gi Tan\u00e1cs k\u00f6vetkezetesen az orsz\u00e1g h\u00e1rom legnagyobb v\u00e1rosa k\u00f6z\u00e9 sorolja, ami a robusztus infrastrukt\u00far\u00e1nak, a dinamikus korm\u00e1nyz\u00e1snak \u00e9s a hat\u00e9kony k\u00f6zszolg\u00e1ltat\u00e1soknak k\u00f6sz\u00f6nhet\u0151. Csak a turizmus \u00e9vente t\u00f6bb mint egymilli\u00f3 l\u00e1togat\u00f3t vonz, akik sz\u00edvesen felfedezik Intramurost, a Rizal Parkot, Binond\u00f3t \u00e9s m\u00e1s nevezetess\u00e9geket.<\/p>\n\n\n\n<p>Az 58 hekt\u00e1ron elter\u00fcl\u0151 Rizal Park a F\u00fcl\u00f6p-szigetek nemzeti h\u0151s\u00e9nek kiv\u00e9gz\u00e9s\u00e9re eml\u00e9kezik, \u00e9s orsz\u00e1gszerte a \u201eNulla kilom\u00e9teres\u201d k\u00f6z\u00fati t\u00e1vols\u00e1gokat jel\u00f6li. Intramuros keskeny utc\u00e1i a fel\u00faj\u00edtott katedr\u00e1lis \u00e9s az \u00e9vsz\u00e1zados kolostorok mellett vezetnek el a l\u00e1togat\u00f3k, gyakran lovas vontatta cales\u00e1kkal. Binondo k\u00ednai templomainak, bolt\u00edveinek \u00e9s t\u00e9sztah\u00e1zaknak a kever\u00e9ke \u00e9l\u0151 kr\u00f3nik\u00e1t k\u00edn\u00e1l azoknak a keresked\u0151csal\u00e1doknak, akiknek \u0151sei 1521-ben \u00e9rkeztek. A m\u00fazeumok \u2013 a Rizal Parkban tal\u00e1lhat\u00f3 Nemzeti M\u00fazeumkomplexumt\u00f3l kezdve a Bahay Tsinoyhoz \u00e9s az Intramuros F\u00e9ny- \u00e9s Hangm\u00fazeumhoz hasonl\u00f3 speci\u00e1lis helysz\u00ednekig \u2013 a m\u0171v\u00e9szetet, az antropol\u00f3gi\u00e1t \u00e9s a forradalmi t\u00f6rt\u00e9nelmet mutatj\u00e1k be.<\/p>\n\n\n\n<p>Manila utc\u00e1i a h\u00e1bor\u00fa ut\u00e1ni tal\u00e1l\u00e9konys\u00e1g \u00f6r\u00f6ks\u00e9g\u00e9t viselik magukon: a feleslegess\u00e9 v\u00e1lt amerikai katonai dzsipekb\u0151l \u00e1talak\u00edtott dzsipnekek tov\u00e1bbra is minden\u00fctt jelen vannak a modern e-triciklik helyett. Triciklik \u00e9s pedik\u0171r\u00f6s taxik sz\u00e1guldanak a keskenyebb s\u00e1vokon; k\u00e9zzel h\u00fazott villamosok sz\u00e1guldanak a haszn\u00e1laton k\u00edv\u00fcli vas\u00fatvonalakon neh\u00e9z, szab\u00e1lyozatlan \u00fatvonalakon. Az LRT rendszer \u2013 az 1-es \u00e9s 2-es vonal \u2013 \u00fatt\u00f6r\u0151 szerepet j\u00e1tszott a v\u00e1rosi vas\u00fat\u00e9p\u00edt\u00e9sben D\u00e9lkelet-\u00c1zsi\u00e1ban az 1970-es \u00e9vekben, \u00e9s tov\u00e1bbra is fokozatos b\u0151v\u00edt\u00e9st folytat. Egyetlen ing\u00e1z\u00f3 vas\u00fat k\u00f6ti \u00f6ssze a Tutuban \u00e1llom\u00e1st Laguna tartom\u00e1nnyal, m\u00edg a Pasig folyami komp alternat\u00edv folyami \u00fatvonalat k\u00edn\u00e1l. A forgalmi torl\u00f3d\u00e1sok azonban tov\u00e1bbra is h\u00edrhedtek; a TomTom 2019-ben Manil\u00e1t a m\u00e1sodik helyre rangsorolta a dug\u00f3k tekintet\u00e9ben, \u00e9s az egym\u00e1st k\u00f6vet\u0151 infrastruktur\u00e1lis tervek \u2013 az \u00faj viaduktokt\u00f3l az \u00e9szak-d\u00e9li ing\u00e1z\u00f3 vas\u00fatig \u2013 m\u00e9g mindig nem hoztak a keresletnek megfelel\u0151 enyh\u00fcl\u00e9st.<\/p>\n\n\n\n<p>A gyakori t\u00e1jfunok, a s\u00falyos f\u00f6ldreng\u00e9sek \u00e9s az emelked\u0151 tengerszint miatt Manila a vil\u00e1g katasztr\u00f3f\u00e1knak legink\u00e1bb kitett v\u00e1rosai k\u00f6z\u00e9 tartozik, ugyanakkor D\u00e9lkelet-\u00c1zsia leggyorsabban n\u00f6vekv\u0151 v\u00e1rosi k\u00f6zpontjai k\u00f6z\u00e9 tartozik. A korm\u00e1nyzati kezdem\u00e9nyez\u00e9sek, mint p\u00e9ld\u00e1ul a 2014-es Metro Manila \u00c1lomterv, 2030-ig kiemelt projekteket hat\u00e1roznak meg a k\u00f6zleked\u00e9s, a lakhat\u00e1s \u00e9s a k\u00f6rnyezeti ellen\u00e1ll\u00f3 k\u00e9pess\u00e9g jav\u00edt\u00e1sa \u00e9rdek\u00e9ben. A talajjav\u00edt\u00e1s, b\u00e1r vitatott, c\u00e9lja a nagyon sz\u00fcks\u00e9ges ingatlanok biztos\u00edt\u00e1sa, m\u00edg az e-trike-eloszt\u00e1si programok a helyi k\u00f6zleked\u00e9s fenntarthat\u00f3 moderniz\u00e1l\u00e1s\u00e1ra t\u00f6rekszenek.<\/p>\n\n\n\n<p>Ha Manil\u00e1t csak a zs\u00fafolts\u00e1g, a szennyez\u00e9s vagy a t\u00f6rt\u00e9nelmi puszt\u00edt\u00e1s lencs\u00e9j\u00e9n kereszt\u00fcl szeml\u00e9lj\u00fck, akkor nem vessz\u00fck \u00e9szre maradand\u00f3 jelleg\u00e9t. Sz\u00f6vev\u00e9nyes sik\u00e1toraiban \u00e9s csillog\u00f3 tornyaiban birodalom \u00e9s ellen\u00e1ll\u00e1s, \u00f6tletes alkalmazkod\u00e1s \u00e9s kultur\u00e1lis f\u00fazi\u00f3 t\u00f6rt\u00e9netei rejt\u0151znek. Maga a v\u00e1ros egy t\u00f6bbp\u00f3lus\u00fa nagyv\u00e1rosi terjeszked\u00e9s perem\u00e9n helyezkedhet el \u2013 Quezon City \u00e9s Makati gyakran fel\u00fclm\u00falja kereskedelm\u00e9t \u00e9s \u00e9jszakai \u00e9let\u00e9t \u2013, de Manila tov\u00e1bbra is a F\u00fcl\u00f6p-szigeteki \u00f6r\u00f6ks\u00e9g b\u00f6lcs\u0151je. Templomai, \u0151si h\u00e1zai, m\u00fazeumai \u00e9s parkjai egy nemzet narrat\u00edv\u00e1j\u00e1nak m\u00e9lyebb meg\u00e9rt\u00e9s\u00e9re cs\u00e1b\u00edtanak. Azok, akik meg\u00e1llnak a ny\u00fczsg\u00e9sben, felfedezhetik a m\u00falt \u00e9s a jelen finom k\u00f6lcs\u00f6nhat\u00e1s\u00e1t, amely meghat\u00e1rozza ezt a helyet: egy v\u00e1rost, amely ragaszkodik ahhoz, hogy \u00e9ljenek benne, ahelyett, hogy puszt\u00e1n megfigyeln\u00e9k.<\/p>","protected":false},"excerpt":{"rendered":"<p>Manila, a F\u00fcl\u00f6p-szigetek f\u0151v\u00e1rosa \u00e9s m\u00e1sodik legn\u00e9pesebb v\u00e1rosa 2020-ban 1 846 513 lakost sz\u00e1ml\u00e1l, \u00edgy a vil\u00e1g legs\u0171r\u0171bben lakott v\u00e1rosa, n\u00e9gyzetkilom\u00e9terenk\u00e9nt 71 263 lakossal. Ez a ny\u00fczsg\u0151 v\u00e1ros a Manila-\u00f6b\u00f6l keleti partj\u00e1n, a Luzon-szigeten tal\u00e1lhat\u00f3, m\u00e9ly t\u00f6rt\u00e9nelemmel \u00e9s akt\u00edv jelennel rendelkezik, \u00edgy a F\u00fcl\u00f6p-szigeteki kult\u00fara, \u00fczleti \u00e9let \u00e9s adminisztr\u00e1ci\u00f3 k\u00f6zponti csom\u00f3pontja lett.<\/p>","protected":false},"author":1,"featured_media":2913,"parent":15241,"menu_order":0,"comment_status":"closed","ping_status":"closed","template":"elementor_theme","meta":{"_eb_attr":"","footnotes":""},"class_list":["post-15257","page","type-page","status-publish","has-post-thumbnail"],"_links":{"self":[{"href":"https:\/\/travelshelper.com\/hu\/wp-json\/wp\/v2\/pages\/15257","targetHints":{"allow":["GET"]}}],"collection":[{"href":"https:\/\/travelshelper.com\/hu\/wp-json\/wp\/v2\/pages"}],"about":[{"href":"https:\/\/travelshelper.com\/hu\/wp-json\/wp\/v2\/types\/page"}],"author":[{"embeddable":true,"href":"https:\/\/travelshelper.com\/hu\/wp-json\/wp\/v2\/users\/1"}],"replies":[{"embeddable":true,"href":"https:\/\/travelshelper.com\/hu\/wp-json\/wp\/v2\/comments?post=15257"}],"version-history":[{"count":0,"href":"https:\/\/travelshelper.com\/hu\/wp-json\/wp\/v2\/pages\/15257\/revisions"}],"up":[{"embeddable":true,"href":"https:\/\/travelshelper.com\/hu\/wp-json\/wp\/v2\/pages\/15241"}],"wp:featuredmedia":[{"embeddable":true,"href":"https:\/\/travelshelper.com\/hu\/wp-json\/wp\/v2\/media\/2913"}],"wp:attachment":[{"href":"https:\/\/travelshelper.com\/hu\/wp-json\/wp\/v2\/media?parent=15257"}],"curies":[{"name":"wp","href":"https:\/\/api.w.org\/{rel}","templated":true}]}}