{"id":15241,"date":"2024-09-20T19:44:33","date_gmt":"2024-09-20T19:44:33","guid":{"rendered":"https:\/\/travelshelper.com\/staging\/?page_id=15241"},"modified":"2026-03-11T19:15:03","modified_gmt":"2026-03-11T19:15:03","slug":"fulop-szigetek","status":"publish","type":"page","link":"https:\/\/travelshelper.com\/hu\/destinations\/asia\/philippines\/","title":{"rendered":"F\u00fcl\u00f6p-szigetek"},"content":{"rendered":"<p>A F\u00fcl\u00f6p-szigetek egy t\u00f6bb mint 7600 szigetb\u0151l \u00e1ll\u00f3 szigetcsoport a Csendes-\u00f3ce\u00e1n nyugati r\u00e9sz\u00e9n. Sz\u00e1razf\u00f6ldje \u2013 nagyj\u00e1b\u00f3l 300 000 n\u00e9gyzetkilom\u00e9ter \u2013 mintegy 1850 kilom\u00e9ter hosszan h\u00faz\u00f3dik Luzon sziget\u00e9t\u0151l \u00e9szakon Mindana\u00f3ig. Ezek a szigetek h\u00e1rom f\u0151 csoportba sorolhat\u00f3k: Luzon, a Visayas-szigetek \u00e9s Mindanao. Az orsz\u00e1g partvonalait \u2013 amelyek \u00f6sszesen t\u00f6bb mint 36 000 kilom\u00e9ter hossz\u00faak \u2013 a D\u00e9l-k\u00ednai-tenger, a F\u00fcl\u00f6p-szigeteki-tenger \u00e9s a Celebesz-tenger hat\u00e1rolja. Tengeri hat\u00e1rai Tajvant, Jap\u00e1nt, Palaut, Indon\u00e9zi\u00e1t, Malajzi\u00e1t, Vietnamot \u00e9s K\u00edn\u00e1t \u00e9rintik. Manila a f\u0151v\u00e1ros, m\u00edg Quezon City, amely szint\u00e9n a Metro Manila r\u00e9sze, a legn\u00e9pesebb v\u00e1ros c\u00edmet viseli. T\u00f6bb mint 110 milli\u00f3 lakos\u00e1val a F\u00fcl\u00f6p-szigetek a vil\u00e1g n\u00e9pess\u00e9g\u00e9t tekintve a tizenkettedik helyen \u00e1ll.<\/p>\n\n\n\n<p>Az Apo-hegy, az orsz\u00e1g legmagasabb cs\u00facsa, 2954 m\u00e9teres magass\u00e1g\u00e1val, D\u00e9l-Mindanao felett \u00e1ll. Luzon \u00e9szaki r\u00e9sz\u00e9n a Cagayan foly\u00f3 t\u00f6bb mint 520 kilom\u00e9ter hosszan folyik, miel\u0151tt a Babuyan-csatorn\u00e1ba \u00f6mlik. A Manila-\u00f6b\u00f6l \u2013 amelynek partj\u00e1n fekszik a f\u0151v\u00e1ros \u2013 a Pasig foly\u00f3n kereszt\u00fcl kapcsol\u00f3dik a Laguna de Bay-hez, a szigetcsoport legnagyobb tav\u00e1hoz. A hely a Csendes-\u00f3ce\u00e1ni T\u0171zgy\u0171r\u0171 nyugati sz\u00e9l\u00e9n fekszik, ahol naponta \u00f6t feljegyzett f\u00f6ldreng\u00e9s t\u00f6rt\u00e9nik. B\u00e1r a legt\u00f6bb reng\u00e9s nem \u00e9szlelhet\u0151, a szigeteken jelent\u0151s esem\u00e9nyek is t\u00f6rt\u00e9ntek \u2013 k\u00f6zt\u00fck az 1976-os Moro-\u00f6b\u00f6lbeli f\u00f6ldreng\u00e9s \u00e9s az 1990-es luzoni f\u00f6ldreng\u00e9s. Huszonh\u00e1rom vulk\u00e1n tov\u00e1bbra is akt\u00edv; a Mayon, a Taal, a Canlaon \u00e9s a Bulusan vezetik a kit\u00f6r\u00e9sek gyakoris\u00e1g\u00e1t.<\/p>\n\n\n\n<p>A szeizmikus felfordul\u00e1sok alatt a F\u00fcl\u00f6p-szigetek jelent\u0151s \u00e1sv\u00e1nykincsekkel rendelkezik. Geol\u00f3gi\u00e1ja kiakn\u00e1zatlan aranylel\u0151helyeket k\u00edn\u00e1l \u2013 D\u00e9l-Afrika ut\u00e1n a m\u00e1sodik helyen \u2013 a r\u00e9z, pall\u00e1dium, nikkel, kr\u00f3m, molibd\u00e9n, platina \u00e9s cink mellett. A k\u00f6rnyezeti aggodalmak \u00e9s a t\u00e1rsadalmi ellen\u00e1ll\u00e1s azonban nagy ter\u00fcleteket hagyott kihaszn\u00e1latlanul. A f\u00f6ld feletti szigetcsoport a bolyg\u00f3 egyik leggazdagabb biodiverzit\u00e1si k\u00f6zpontj\u00e1t \u00f6leli fel. Erd\u0151i becsl\u00e9sek szerint 13 500 n\u00f6v\u00e9nyfajnak \u2013 ebb\u0151l 3500 endemikusnak \u2013 ad otthont, k\u00f6zt\u00fck 8000 vir\u00e1gos n\u00f6v\u00e9nynek \u00e9s k\u00f6zel ezer orchide\u00e1nak. Az \u00e1llatvil\u00e1g sz\u00e1ma meghaladja a 20 000 rovarfajt, a 686 mad\u00e1rfajt \u00e9s a t\u00f6bb mint 500 h\u00fcll\u0151- \u00e9s eml\u0151sfajt, amelyek k\u00f6z\u00fcl sok sehol m\u00e1shol nem tal\u00e1lhat\u00f3 meg. A Korall-h\u00e1romsz\u00f6g\u00f6n bel\u00fcl fekv\u0151 tengeri \u00f6kosziszt\u00e9m\u00e1k a vil\u00e1g legnagyobb parti halfaj-diverzit\u00e1s\u00e1val b\u00fcszk\u00e9lkedhetnek, \u00e9s t\u00f6bb mint 3200 feljegyzett halfajjal rendelkeznek.<\/p>\n\n\n\n<p>Az Egyenl\u00edt\u0151 k\u00f6zel\u00e9ben fekv\u0151 F\u00fcl\u00f6p-szigeteken tr\u00f3pusi, \u00f3ce\u00e1ni \u00e9ghajlat uralkodik, h\u00e1rom \u00e9vszakkal: forr\u00f3, sz\u00e1raz id\u0151szak m\u00e1rciust\u00f3l m\u00e1jusig; es\u0151s id\u0151szak j\u00faniust\u00f3l novemberig; \u00e9s h\u0171v\u00f6sebb, sz\u00e1razabb h\u00f3napok decembert\u0151l febru\u00e1rig. Az \u00e9ves csapad\u00e9kmennyis\u00e9g drasztikusan v\u00e1ltozik \u2013 a kitett keleti lejt\u0151k\u00f6n ak\u00e1r 5000 mm is lehet, a v\u00e9dett v\u00f6lgyekben pedig 1000 mm alatt. A monszun szelei \u00e9vente k\u00e9tszer v\u00e1ltoznak: a d\u00e9lnyugati \u201ehabagat\u201d \u00e9s az \u00e9szakkeleti \u201eamihan\u201d. \u00c9vente k\u00f6r\u00fclbel\u00fcl tizenkilenc tr\u00f3pusi ciklon \u00e9rkezik a F\u00fcl\u00f6p-szigeteki Felel\u0151ss\u00e9gi Ter\u00fcletre; jellemz\u0151en nyolc vagy kilenc \u00e9r partot. A t\u00f6rt\u00e9nelmi feljegyz\u00e9sek szerint a leger\u0151sebb vihar 1911 j\u00falius k\u00f6zep\u00e9n Baguio k\u00f6rny\u00e9k\u00e9n esett, amikor 2210 mm-t hullott. A szigetcsoport sz\u00e9ls\u0151s\u00e9ges id\u0151j\u00e1r\u00e1ssal \u00e9s emelked\u0151 tengerszinttel szembeni sebezhet\u0151s\u00e9ge a vil\u00e1g \u00e9ghajlatv\u00e1ltoz\u00e1sra leg\u00e9rz\u00e9kenyebb orsz\u00e1gai k\u00f6z\u00e9 sorolja.<\/p>\n\n\n\n<p>Term\u00e9szeti kincseinek v\u00e9delme \u00e9rdek\u00e9ben a korm\u00e1ny t\u00f6bb mint 200 v\u00e9dett ter\u00fcletet jel\u00f6lt ki, amelyek t\u00f6bb mint 7,7 milli\u00f3 hekt\u00e1rt fednek le. H\u00e1rom helysz\u00edn \u2013 a Tubbataha-z\u00e1tony, a Puerto Princesa f\u00f6ldalatti foly\u00f3 \u00e9s a Mount Hamiguitan vadrezerv\u00e1tum \u2013 az UNESCO Vil\u00e1g\u00f6r\u00f6ks\u00e9g r\u00e9sze. Az erd\u0151irt\u00e1s \u00e9s az \u00e9l\u0151helyek helyre\u00e1ll\u00edt\u00e1sa szer\u00e9ny el\u0151rel\u00e9p\u00e9st tett az \u00e9vsz\u00e1zados erd\u0151irt\u00e1s ellen\u00e9re, amely az erd\u0151bor\u00edt\u00e1st az 1900-as 70 sz\u00e1zal\u00e9kr\u00f3l a huszadik sz\u00e1zad v\u00e9g\u00e9re 20 sz\u00e1zal\u00e9k al\u00e1 cs\u00f6kkentette.<\/p>\n\n\n\n<p>J\u00f3val az eur\u00f3pai kapcsolatfelv\u00e9tel el\u0151tt negrit\u00f3k lakt\u00e1k a szigeteket. \u0150ket egym\u00e1st k\u00f6vet\u0151 ausztron\u00e9z tenger\u00e9szek k\u00f6vett\u00e9k, akik animista hiedelmeket hoztak magukkal, majd d\u00e9len hindu-buddhista eszm\u00e9ket \u00e9s az iszl\u00e1m harcm\u0171v\u00e9szeti kult\u00far\u00e1j\u00e1t. A kilencedik sz\u00e1zadt\u00f3l kezdve a k\u00ednai dinaszti\u00e1kkal fenntartott kereskedelmi kapcsolatok k\u00ednai keresked\u0151k \u00e9rkez\u00e9s\u00e9hez \u00e9s integr\u00e1ci\u00f3j\u00e1hoz vezettek. 1543-ban a spanyol haj\u00f3s, Ruy L\u00f3pez de Villalobos II. F\u00fcl\u00f6p kaszt\u00edliai kir\u00e1ly tisztelet\u00e9re \u201eLas Islas Filipinas\u201d-nak keresztelte a szigeteket. A k\u00f6vetkez\u0151 h\u00e1rom \u00e9vsz\u00e1zadban Spanyolorsz\u00e1g megszil\u00e1rd\u00edtotta a katolicizmust, mint domin\u00e1ns vall\u00e1st, \u00e9s Manil\u00e1t tette a g\u00e1lyakereskedelem k\u00f6zponti elem\u00e9v\u00e9 \u00c1zsia \u00e9s Amerika k\u00f6z\u00f6tt, telepeseket vonzva az Ib\u00e9riai-f\u00e9lszigetr\u0151l \u00e9s Latin-Amerik\u00e1b\u00f3l.<\/p>\n\n\n\n<p>A tizenkilencedik sz\u00e1zad v\u00e9g\u00e9re a nacionalista hangulat az 1896-os F\u00fcl\u00f6p-szigeteki forradalomhoz vezetett. Az ezt k\u00f6vet\u0151, 1898-as spanyol\u2013amerikai h\u00e1bor\u00fa eredm\u00e9nyek\u00e9nt Spanyolorsz\u00e1g \u00e1tengedte a ter\u00fcletet az Egyes\u00fclt \u00c1llamoknak. A filipp\u00edn\u00f3 vezet\u0151k kiki\u00e1ltott\u00e1k az Els\u0151 F\u00fcl\u00f6p-szigeteki K\u00f6zt\u00e1rsas\u00e1got, de kit\u00f6rt a F\u00fcl\u00f6p-szigeteki\u2013amerikai h\u00e1bor\u00fa, amely amerikai ellen\u0151rz\u00e9s al\u00e1 helyezte a szigetcsoportot. A m\u00e1sodik vil\u00e1gh\u00e1bor\u00faban jap\u00e1n megsz\u00e1ll\u00e1s k\u00f6vetkezett, am\u00edg az amerikai er\u0151k 1945-ben fel nem szabad\u00edtott\u00e1k az orsz\u00e1got. 1946. j\u00falius 4-\u00e9n a F\u00fcl\u00f6p-szigetek elnyerte teljes f\u00fcggetlens\u00e9g\u00e9t.<\/p>\n\n\n\n<p>A h\u00e1bor\u00fa ut\u00e1ni demokr\u00e1cia Ferdinand Marcos eln\u00f6ks\u00e9ge alatt, 1972 \u00e9s 1981 k\u00f6z\u00f6tt hadi\u00e1llapot uralkodott, megszakadt. Az 1986-os n\u00e9pi forradalom v\u00e9ront\u00e1s n\u00e9lk\u00fcl megd\u00f6nt\u00f6tte Marcos hatalm\u00e1t, \u00e9s az 1987-es \u00d6t\u00f6dik K\u00f6zt\u00e1rsas\u00e1g alkotm\u00e1ny\u00e1hoz vezetett. Az\u00f3ta az orsz\u00e1g egys\u00e9ges eln\u00f6ki rendszert tart fenn. Mindazon\u00e1ltal a szeg\u00e9nys\u00e9g, az egyenl\u0151tlens\u00e9g \u00e9s az int\u00e9zm\u00e9nyi korrupci\u00f3 probl\u00e9m\u00e1i tov\u00e1bbra is fenn\u00e1llnak. Az etnolingvisztikai csoportok sz\u00e1ma meghaladja a 100-at, k\u00f6zt\u00fck a tagalog, a visayan, az ilocano, a bikol \u00e9s a waray, valamint az olyan \u0151slakos k\u00f6z\u00f6ss\u00e9gek, mint az igorot \u00e9s a lumad. A lakoss\u00e1g k\u00f6r\u00fclbel\u00fcl 60 sz\u00e1zal\u00e9ka tengerparti ter\u00fcleteken \u00e9l, t\u00f6bb mint a fele pedig v\u00e1rosi k\u00f6zpontokban.<\/p>\n\n\n\n<p>A F\u00fcl\u00f6p-szigeteki gazdas\u00e1g \u2013 amely nomin\u00e1lis GDP alapj\u00e1n a vil\u00e1gon a 34. legnagyobb \u2013 a mez\u0151gazdas\u00e1gr\u00f3l a szolg\u00e1ltat\u00e1sok \u00e9s a feldolgoz\u00f3ipar fel\u00e9 tol\u00f3dott el. 2025-ben a termel\u00e9s\u00e9t 508 milli\u00e1rd USD-ra becs\u00fclik. A munkaer\u0151piaci r\u00e9szv\u00e9tel megk\u00f6zel\u00edti az 50 milli\u00f3t, a munkan\u00e9lk\u00fclis\u00e9gi r\u00e1ta pedig k\u00f6zel 3 sz\u00e1zal\u00e9k. A nemzetk\u00f6zi tartal\u00e9kok meghaladj\u00e1k a 100 milli\u00e1rd USD-t, \u00e9s az ad\u00f3ss\u00e1g GDP-hez viszony\u00edtott ar\u00e1nya a k\u00f6zelm\u00faltbeli 63,7 sz\u00e1zal\u00e9kos cs\u00facsr\u00f3l k\u00f6r\u00fclbel\u00fcl 60 sz\u00e1zal\u00e9kra cs\u00f6kkent. A peso a belf\u00f6ldi tranzakci\u00f3kat r\u00f6gz\u00edti.<\/p>\n\n\n\n<p>Az orsz\u00e1g tov\u00e1bbra is nett\u00f3 import\u0151r \u00e9s k\u00fcls\u0151 ad\u00f3ss\u00e1ggal rendelkezik. A f\u0151 exportcikkek k\u00f6z\u00e9 tartoznak a f\u00e9lvezet\u0151k, az elektromos g\u00e9pek \u00e9s az elektronikai alkatr\u00e9szek, m\u00edg a kulcsfontoss\u00e1g\u00fa importcikkek a g\u00e9pekt\u0151l az \u00e1sv\u00e1nyi \u00fczemanyagokig terjednek. A mez\u0151gazdas\u00e1gi export \u2013 k\u00f3kuszdi\u00f3, ban\u00e1n \u00e9s anan\u00e1sz \u2013 kieg\u00e9sz\u00edti a vil\u00e1g legnagyobb abakatermel\u0151je \u00e9s vezet\u0151 nikkel\u00e9rc-export\u0151re st\u00e1tusz\u00e1t. 2010 \u00f3ta a GDP n\u00f6veked\u00e9se \u00e1tlagosan \u00e9vi hat-h\u00e9t sz\u00e1zal\u00e9k, amelyet f\u0151k\u00e9nt a szolg\u00e1ltat\u00e1si szektor hajt. A gazdas\u00e1gi el\u0151ny\u00f6k azonban Metro Manila k\u00f6rny\u00e9k\u00e9n koncentr\u00e1l\u00f3dnak, elm\u00e9ly\u00edtve a region\u00e1lis egyenl\u0151tlens\u00e9geket. A tengerent\u00falon \u00e9l\u0151 filipp\u00edn\u00f3 munkav\u00e1llal\u00f3k \u00e1tutal\u00e1sai \u2013 amelyek 2023-ban meghaladt\u00e1k a 37 milli\u00e1rd USD-t \u2013 a GDP k\u00f6r\u00fclbel\u00fcl 8,5 sz\u00e1zal\u00e9k\u00e1t teszik ki. Vir\u00e1gzott az \u00fczleti folyamatok kiszervez\u00e9se: vil\u00e1gszerte mintegy 1,3 milli\u00f3 filipp\u00edn\u00f3 dolgozik call centerben.<\/p>\n\n\n\n<p>A v\u00e1rosok k\u00f6z\u00f6tti forgalom szinte teljes eg\u00e9sz\u00e9t \u00e9s a teher\u00e1ru-forgalom t\u00f6bb mint fel\u00e9t a k\u00f6zutak bonyol\u00edtj\u00e1k le. A Pan-Philippine Highway \u00f6sszek\u00f6ti a nagyobb szigeteket, m\u00edg a Strong Republic Nautical Highway integr\u00e1lja az aut\u00f3p\u00e1ly\u00e1kat \u00e9s a kompj\u00e1ratokat. Az ikonikus dzsipnekek buszokkal, furgonokkal \u00e9s triciklikkel osztoznak az art\u00e9ri\u00e1kon. Kr\u00f3nikus torl\u00f3d\u00e1sok s\u00fajtj\u00e1k Metro Manil\u00e1t. A vas\u00fati szolg\u00e1ltat\u00e1s tov\u00e1bbra is sz\u0171k\u00f6s, f\u0151k\u00e9nt Metro Manil\u00e1ra \u00e9s a k\u00f6zeli tartom\u00e1nyokra korl\u00e1toz\u00f3dik, b\u00e1r egy \u00fajj\u00e1\u00e9leszt\u00e9si terv a p\u00e1lya hossz\u00e1nak a mai 80 km alattir\u00f3l t\u00f6bb mint 240 km-re val\u00f3 b\u0151v\u00edt\u00e9s\u00e9t ir\u00e1nyozza el\u0151. A l\u00e9gi k\u00f6zleked\u00e9s k\u00f6zpontjai a Ninoy Aquino International rep\u00fcl\u0151t\u00e9r \u00e9s egy 90 \u00e1llami tulajdon\u00fa rep\u00fcl\u0151t\u00e9rb\u0151l \u00e1ll\u00f3 h\u00e1l\u00f3zat, amelyb\u0151l nyolc nemzetk\u00f6zi. A belf\u00f6ldi j\u00e1ratokat a Philippine Airlines \u00e9s a Cebu Pacific uralja. A tengeri \u00f6sszek\u00f6ttet\u00e9sek, a hagyom\u00e1nyos bankokt\u00f3l a modern haj\u00f3kig, t\u00f6bb mint 1800 kik\u00f6t\u0151t k\u00f6tnek \u00f6ssze; Manila, Batangas, Cebu \u00e9s m\u00e1sok az ASEAN k\u00f6zleked\u00e9si h\u00e1l\u00f3zat\u00e1nak horgonyai.<\/p>\n\n\n\n<p>A 25 \u00e9ves \u00e1tlag\u00e9letkorral \u00e9s cs\u00f6kken\u0151 n\u00f6veked\u00e9si \u00fctemmel a F\u00fcl\u00f6p-szigetek fiatalos, m\u00e9gis urbaniz\u00e1l\u00f3d\u00f3 orsz\u00e1g: polg\u00e1rainak t\u00f6bb mint fele v\u00e1rosokban \u00e9l. A szeg\u00e9nys\u00e9g az 1985-\u00f6s k\u00f6zel 50 sz\u00e1zal\u00e9kr\u00f3l 2021-re k\u00f6r\u00fclbel\u00fcl 18 sz\u00e1zal\u00e9kra cs\u00f6kkent, a j\u00f6vedelmi egyenl\u0151tlens\u00e9gek pedig 2012 \u00f3ta m\u00e9rs\u00e9kl\u0151dtek. Az etnikai \u00e9s nyelvi soksz\u00edn\u0171s\u00e9g tov\u00e1bbra is magas, amelyet az \u00e9vsz\u00e1zados migr\u00e1ci\u00f3 \u00e9s a v\u00e1ltozatos gyarmati \u00f6r\u00f6ks\u00e9g alak\u00edtott.<\/p>\n\n\n\n<p>B\u00e1r az \u00e1llam vil\u00e1gi, a vall\u00e1s k\u00f6zponti szerepet j\u00e1tszik. A filipp\u00edn\u00f3k k\u00f6zel 79 sz\u00e1zal\u00e9ka r\u00f3mai katolikus; a kereszt\u00e9ny t\u00f6bbs\u00e9get protest\u00e1ns felekezetek \u00e9s helyi f\u00fcggetlen egyh\u00e1zak alkotj\u00e1k. Az iszl\u00e1m, f\u0151k\u00e9nt szunnita, a lakoss\u00e1g mintegy 6 sz\u00e1zal\u00e9k\u00e1t teszi ki, Mindana\u00f3n \u00e9s a szomsz\u00e9dos szigeteken koncentr\u00e1l\u00f3dva.<\/p>\n\n\n\n<p>A F\u00fcl\u00f6p-szigeteki m\u0171v\u00e9szet az \u0151slakos faragv\u00e1nyokra \u00e9s ritu\u00e1lis t\u00e1rgyakra vezethet\u0151 vissza. A spanyol uralom bevezette a vall\u00e1sos fest\u00e9szet \u00e9s szobr\u00e1szat t\u00e9rnyer\u00e9s\u00e9t; kulcsfigur\u00e1i k\u00f6z\u00e9 tartozik Juan de los Santos retablo farag\u00f3 \u00e9s Damian Domingo fest\u0151, aki 1821-ben megalap\u00edtotta az els\u0151 binondoi m\u0171v\u00e9szeti akad\u00e9mi\u00e1t. Juan Luna \u00e9s F\u00e9lix Resurrecci\u00f3n Hidalgo a tizenkilencedik sz\u00e1zad v\u00e9g\u00e9n nemzetk\u00f6zi elismer\u00e9st szerzett. A modernizmus Victorio Edades munk\u00e1iban gy\u00f6kerezett az 1920-as \u00e9s 30-as \u00e9vekben, m\u00edg Fernando Amorsolo p\u00e1sztori jelenetei hat\u00e1rozt\u00e1k meg a sz\u00e1zadk\u00f6zepi t\u00e1jk\u00e9peket.<\/p>\n\n\n\n<p>A hagyom\u00e1nyos lak\u00f3helyek a nipa \u00e9s bambusz bahay kubo-t\u00f3l a spanyol korabeli v\u00e1rosok k\u0151b\u0151l \u00e9s f\u00e1b\u00f3l \u00e9p\u00fclt bahay na bato-j\u00e1ig terjednek. A f\u00f6ldreng\u00e9s\u00e1ll\u00f3 barokk templomok \u2013 amelyek k\u00f6z\u00fcl n\u00e9gy UNESCO-egy\u00fcttest alkot \u2013 az eur\u00f3pai st\u00edlusok helyi adapt\u00e1ci\u00f3j\u00e1r\u00f3l tan\u00faskodnak. Daniel Burnham amerikai korabeli f\u0151tervei form\u00e1lt\u00e1k Manila \u00e9s Baguio egyes r\u00e9szeit, neoklasszicista korm\u00e1nyzati \u00e9p\u00fcleteket \u00e9s art deco sz\u00ednh\u00e1zakat mutatva be.<\/p>\n\n\n\n<p>A filipp\u00edn\u00f3 konyha mal\u00e1j, spanyol, k\u00ednai \u00e9s amerikai hat\u00e1sokat \u00f6tv\u00f6z, el\u0151nyben r\u00e9szes\u00edtve a kiegyens\u00falyozott \u00e9des, savany\u00fa \u00e9s s\u00f3s \u00edzeket. V\u00e9gtelen region\u00e1lis v\u00e1ltozatok l\u00e9teznek \u2013 a rizs tov\u00e1bbra is alapvet\u0151 \u00e9tel, b\u00e1r a mani\u00f3ka egyes d\u00e9li k\u00f6z\u00f6ss\u00e9gekben domin\u00e1l. Az adobo nem hivatalos nemzeti \u00e9tel; a lech\u00f3n, sinigang, pancit \u00e9s lumpia t\u00f6lti meg a mindennapi asztalokat. A desszertek \u2013 mint p\u00e9ld\u00e1ul a bibingka \u00e9s a suman \u2013 olyan \u0151shonos alapanyagokat tartalmaznak, mint az ube \u00e9s a calamansi. Az \u00e9teleket kan\u00e1llal \u00e9s vill\u00e1val fogyasztj\u00e1k, b\u00e1r a k\u00e9zzel ev\u00e9s k\u00f6z\u00f6ss\u00e9gi kamayan hagyom\u00e1nya tov\u00e1bbra is fennmaradt.<\/p>\n\n\n\n<p>A filipp\u00edn\u00f3 etikett kelet-\u00e1zsiai \u00e9s spanyol gy\u00f6kereket t\u00fckr\u00f6z. A k\u00f6zvetett kommunik\u00e1ci\u00f3 a hiy\u00e1t (sz\u00e9gyen) \u00e9s a delicadez\u00e1t (illemszab\u00e1lyok) tiszteli, m\u00edg a f\u00e9rfi-n\u0151 interakci\u00f3k udvarias machizmust t\u00fckr\u00f6znek. Az id\u0151sebbek tiszteletet \u00e9rdemelnek, \u00e9s els\u0151bbs\u00e9get \u00e9lveznek a t\u00f6megk\u00f6zleked\u00e9si eszk\u00f6z\u00f6k\u00f6n; a l\u00e1togat\u00f3knak udvarias megtiszteltet\u00e9ssel kell sz\u00f3l\u00edtaniuk az id\u0151sebb embereket. A vend\u00e9gszeretet \u0151szinte; a meleg \u00fcdv\u00f6zl\u00e9s \u00e9s a helyi kifejez\u00e9sek \u2013 tagalogul po \u00e9s opo \u2013 haszn\u00e1lata sokat el\u00e1rul. Az id\u0151szer\u0171s\u00e9g azonban gyakran enged a \u201efilipp\u00edn\u00f3 id\u0151\u201d n\u00e9ven ismert t\u00e1rsadalmi rugalmass\u00e1gnak.<\/p>\n\n\n\n<p>Ker\u00fcld a kiab\u00e1l\u00e1st vagy a ny\u00edlt konfront\u00e1ci\u00f3t. Amikor valakit helyreigaz\u00edtasz, v\u00e1laszd a mag\u00e1n\u00e9letet. A ny\u00edlt nyilv\u00e1nos szeretetmegnyilv\u00e1nul\u00e1sok, b\u00e1r a v\u00e1rosokban toler\u00e1lhat\u00f3k, m\u00e1shol vit\u00e1sak. A csal\u00e1di k\u00f6tel\u00e9kek gener\u00e1ci\u00f3kon \u00e1t\u00edvelnek egy fed\u00e9l alatt; a rokonokr\u00f3l val\u00f3 rossz besz\u00e9d s\u00e9rt\u00e9st sz\u00fcl.<\/p>\n\n\n\n<p>A turizmus szer\u00e9ny m\u00e9rt\u00e9kben \u2013 a GDP mintegy 5 sz\u00e1zal\u00e9k\u00e1val \u2013 j\u00e1rul hozz\u00e1 a vil\u00e1ggazdas\u00e1ghoz, m\u00e9gis a F\u00fcl\u00f6p-szigetek vonzza a b\u00fav\u00e1rokat, a strandol\u00f3kat \u00e9s a kultur\u00e1lis utaz\u00f3kat. Boracay, El Nido \u00e9s Coron gyakran vezeti a nemzetk\u00f6zi list\u00e1kat; Cebu, Bohol \u00e9s Siargao naps\u00fct\u00e9st, sz\u00f6rf\u00f6z\u00e9st \u00e9s kultur\u00e1lis \u00f6r\u00f6ks\u00e9get k\u00edn\u00e1l. Az infrastrukt\u00fara helyenk\u00e9nt v\u00e1ltoz\u00f3, de sok filipp\u00edn\u00f3 besz\u00e9l angolul, \u00e9s sz\u00e9les mosollyal fogadja a k\u00fclf\u00f6ldieket. Az utaz\u00f3knak be kell tartaniuk a helyi t\u00f6rv\u00e9nyeket, tiszteletben kell tartaniuk a szok\u00e1sokat, \u00e9s el kell fogadniuk az orsz\u00e1g egyenl\u0151tlen kontrasztjait: csillog\u00f3 felh\u0151karcol\u00f3kat inform\u00e1lis telep\u00fcl\u00e9sek mellett, nyugodt partokat vulkanikus dombok k\u00f6z\u00f6tt, csendes \u00e1h\u00edtatot a pezsg\u0151 fesztiv\u00e1lok k\u00f6zepette.<\/p>\n\n\n\n<p>A F\u00fcl\u00f6p-szigetek minden sziget\u00e9n, minden v\u00e1ros\u00e1ban folyamatos p\u00e1rbesz\u00e9d zajlik a f\u00f6ld \u00e9s a tenger, a m\u00falt \u00e9s a jelen, a kih\u00edv\u00e1sok \u00e9s a rugalmass\u00e1g k\u00f6z\u00f6tt. Ereje a hibridit\u00e1sban rejlik \u2013 n\u00e9pek, t\u00e1jak \u00e9s t\u00f6rt\u00e9nelmek hibridit\u00e1s\u00e1ban \u2013, melyeket a k\u00f6z\u00f6s hit, az \u00fcnnepl\u00e9s \u00e9s a viharok, f\u00f6ldreng\u00e9sek \u00e9s a politika terhei ellen\u00e9re is kitart\u00f3 csendes optimizmus k\u00f6t \u00f6ssze. A F\u00fcl\u00f6p-szigeteket ismerni annyit tesz, mint tan\u00faja lenni egy nemzetnek, amely folyamatosan \u00fajj\u00e1\u00e9p\u00edti \u00f6nmag\u00e1t, szigetr\u0151l szigetre, gener\u00e1ci\u00f3r\u00f3l gener\u00e1ci\u00f3ra.<\/p>","protected":false},"excerpt":{"rendered":"<p>A F\u00fcl\u00f6p-szigetek egy D\u00e9lkelet-\u00c1zsi\u00e1ban tal\u00e1lhat\u00f3 szigetcsoport, amelynek lakoss\u00e1ga meghaladja a 110 milli\u00f3t, 7641 szigeten. A F\u00fcl\u00f6p-szigeteki K\u00f6zt\u00e1rsas\u00e1g strat\u00e9giai helyen fekszik a Csendes-\u00f3ce\u00e1n nyugati r\u00e9sz\u00e9n, nagyj\u00e1b\u00f3l 300 000 n\u00e9gyzetkilom\u00e9ternyi ter\u00fcleten. A F\u00fcl\u00f6p-szigeteki szigetcsoport h\u00e1rom els\u0151dleges f\u00f6ldrajzi r\u00e9gi\u00f3b\u00f3l \u00e1ll: Luzon \u00e9szakon, Visayas a k\u00f6zponti ter\u00fcleten \u00e9s Mindanao d\u00e9len. A szigeteket jelent\u0151s v\u00edztestek hat\u00e1rolj\u00e1k: nyugaton a D\u00e9l-k\u00ednai-tenger, keleten a F\u00fcl\u00f6p-tenger, d\u00e9len a Celebesz-tenger. Ezek a tulajdons\u00e1gok er\u0151s\u00edtik az orsz\u00e1g tengeri \u00f6r\u00f6ks\u00e9g\u00e9t \u00e9s t\u00e1mogatj\u00e1k a v\u00e1ltozatos \u00f6kosziszt\u00e9m\u00e1t.<\/p>","protected":false},"author":1,"featured_media":3745,"parent":24063,"menu_order":0,"comment_status":"closed","ping_status":"closed","template":"elementor_theme","meta":{"_eb_attr":"","footnotes":""},"class_list":["post-15241","page","type-page","status-publish","has-post-thumbnail"],"_links":{"self":[{"href":"https:\/\/travelshelper.com\/hu\/wp-json\/wp\/v2\/pages\/15241","targetHints":{"allow":["GET"]}}],"collection":[{"href":"https:\/\/travelshelper.com\/hu\/wp-json\/wp\/v2\/pages"}],"about":[{"href":"https:\/\/travelshelper.com\/hu\/wp-json\/wp\/v2\/types\/page"}],"author":[{"embeddable":true,"href":"https:\/\/travelshelper.com\/hu\/wp-json\/wp\/v2\/users\/1"}],"replies":[{"embeddable":true,"href":"https:\/\/travelshelper.com\/hu\/wp-json\/wp\/v2\/comments?post=15241"}],"version-history":[{"count":0,"href":"https:\/\/travelshelper.com\/hu\/wp-json\/wp\/v2\/pages\/15241\/revisions"}],"up":[{"embeddable":true,"href":"https:\/\/travelshelper.com\/hu\/wp-json\/wp\/v2\/pages\/24063"}],"wp:featuredmedia":[{"embeddable":true,"href":"https:\/\/travelshelper.com\/hu\/wp-json\/wp\/v2\/media\/3745"}],"wp:attachment":[{"href":"https:\/\/travelshelper.com\/hu\/wp-json\/wp\/v2\/media?parent=15241"}],"curies":[{"name":"wp","href":"https:\/\/api.w.org\/{rel}","templated":true}]}}