{"id":15191,"date":"2024-09-20T18:52:04","date_gmt":"2024-09-20T18:52:04","guid":{"rendered":"https:\/\/travelshelper.com\/staging\/?page_id=15191"},"modified":"2026-03-11T20:20:37","modified_gmt":"2026-03-11T20:20:37","slug":"szaud-arabia","status":"publish","type":"page","link":"https:\/\/travelshelper.com\/hu\/destinations\/asia\/saudi-arabia\/","title":{"rendered":"Sza\u00fad-Ar\u00e1bia"},"content":{"rendered":"<p>Sza\u00fad-Ar\u00e1bia az Arab-f\u00e9lsziget nagy r\u00e9sz\u00e9t foglalja el, okkers\u00e1rga sivatagai \u00e9s zord hegyei az \u00e9szaki sz\u00e9less\u00e9g 16\u00b0 \u00e9s 33\u00b0, valamint a keleti hossz\u00fas\u00e1g 34\u00b0 \u00e9s 56\u00b0 k\u00f6z\u00f6tt h\u00faz\u00f3dnak. Nagyj\u00e1b\u00f3l 2,15 milli\u00f3 n\u00e9gyzetkilom\u00e9ter\u00e9vel \u00c1zsia \u00f6t\u00f6dik, \u00e9s a vil\u00e1g tizenkettedik legnagyobb \u00e1llama. A kir\u00e1lys\u00e1got nyugaton a V\u00f6r\u00f6s-tenger, keleten a Perzsa-\u00f6b\u00f6l hat\u00e1rolja, Jord\u00e1ni\u00e1val, Irakkal, Kuvaittal, Bahreinnel, Katarral, az Egyes\u00fclt Arab Em\u00edrs\u00e9gekkel, Om\u00e1nnal \u00e9s Jemennel \u00e9rintkezve; az Akabai-\u00f6b\u00f6l elv\u00e1lasztja Egyiptomt\u00f3l \u00e9s Izraelt\u0151l is. Rij\u00e1d, a f\u0151v\u00e1ros \u00e9s egyben legnagyobb metropolisz, a Nedzsd sz\u00e9les s\u00edks\u00e1g\u00e1n fekszik, m\u00edg Dzsidda, Mekka \u00e9s Medina a kereskedelem \u00e9s a vall\u00e1s k\u00f6zpontjai. B\u00e1r szinte teljesen sz\u00e1raz, Sza\u00fad-Ar\u00e1bia terepe homoktengereket, hegyvid\u00e9ki fenns\u00edkokat, vulkanikus mez\u0151ket \u00e9s egy keskeny, Tih\u0101ma n\u00e9ven ismert part menti s\u00edks\u00e1got foglal mag\u00e1ban.<\/p>\n\n\n\n<p>Az emberi jelenl\u00e9t t\u00f6rt\u00e9nete ezen a vid\u00e9ken eg\u00e9szen a legkor\u00e1bbi afrikai n\u00e9pv\u00e1ndorl\u00e1sokig ny\u00falik vissza. Az iszl\u00e1m el\u0151tti Ar\u00e1bia gazdag r\u00e9g\u00e9szeti leleteket hozott mag\u00e1val: k\u0151eszk\u00f6z\u00f6ket, sziklafeliratokat \u00e9s bronzkori telep\u00fcl\u00e9sek nyomait. Ezen a hatalmas, naps\u00fct\u00f6tte t\u00e1jon sz\u00e1mos k\u00fcl\u00f6n\u00e1ll\u00f3 kult\u00fara sz\u00fcletett, amelyek mindegyike alkalmazkodott a sz\u0171k\u00f6s v\u00edzhez \u00e9s a v\u00e1ltoz\u00f3 homokhoz. Ezek a sivatagi lak\u00f3k kereskedelmi \u00fatvonalakat \u00e9p\u00edtettek \u2013 t\u00f6mj\u00e9nnel, mirh\u00e1val \u00e9s f\u0171szerekkel megrakott dromed\u00e1rok kanyarogtak a f\u00e9lszigeten \u2013, lerakva a j\u00f6v\u0151beli v\u00e1rosi k\u00f6zpontok alapjait.<\/p>\n\n\n\n<p>A hetedik sz\u00e1zad elej\u00e9n Mohamed pr\u00f3f\u00e9ta egyetlen iszl\u00e1m \u00e1llamm\u00e1 alak\u00edtotta \u00e1t a t\u00f6rzsi h\u0171s\u00e9gek \u00e9s politeista szent\u00e9lyek region\u00e1lis k\u00f6rnyezet\u00e9t. A hidzs\u00e1zokb\u00f3l az iszl\u00e1m kifel\u00e9 terjedt: n\u00e9h\u00e1ny \u00e9vtizeden bel\u00fcl arab seregek vitt\u00e9k az \u00faj hitet \u00c9szak-Afrik\u00e1n kereszt\u00fcl Perzsi\u00e1ba, Indi\u00e1ba \u00e9s az Ib\u00e9riai-f\u00e9lszigetre. A mai Sza\u00fad-Ar\u00e1bia ter\u00fclet\u00e9n sz\u00fcletett dinaszti\u00e1k \u2013 a Rashidun kalif\u00e1kkal kezdve (632\u2013661), az Omajj\u00e1dokon \u00e9s Abb\u00e1szid\u00e1kon \u00e1t \u2013 a tudom\u00e1ny, a kereskedelem \u00e9s az \u00e9p\u00edt\u00e9szet aranykor\u00e1t \u00e9lt\u00e9k \u00e1t, \u00f6r\u00f6ks\u00e9g\u00fck a Bagdadt\u00f3l C\u00f3rdob\u00e1ig h\u00faz\u00f3d\u00f3 k\u00e9ziratokban, mecsetekben \u00e9s minaretekben l\u00e1that\u00f3.<\/p>\n\n\n\n<p>A modern Sza\u00fad-Ar\u00e1bia \u00e1llam &#039;Abd al-&#039;Az\u012bz ibn Sa&#039;\u016bd er\u0151fesz\u00edt\u00e9seinek k\u00f6sz\u00f6nhet\u0151en j\u00f6tt l\u00e9tre. Miut\u00e1n 1902-ben elfoglalta Rij\u00e1dot, 1932-re egyes\u00edtette Hejazt, Najdot, Al-A\u1e25s\u0101-t \u00e9s &#039;As\u012brt, kiki\u00e1ltva Sza\u00fad-Ar\u00e1bia Kir\u00e1lys\u00e1g\u00e1t. Az\u00f3ta a Sa&#039;\u016bd h\u00e1z\u00e1nak t\u00f6retlen uralkod\u00f3i sora abszol\u00fat uralkod\u00f3k\u00e9nt korm\u00e1nyoznak. Az alapt\u00f6rv\u00e9ny az iszl\u00e1mot vall\u00e1si \u00e9s jogi alapk\u00e9nt is r\u00f6gz\u00edti; az arab a hivatalos nyelv. Kort\u00e1rs t\u00f6rt\u00e9nelm\u00e9nek nagy r\u00e9sz\u00e9ben az \u00e1llam a vahh\u00e1bita ihlet\u00e9s\u0171 szalafizmus szigor\u00fa tan\u00edt\u00e1sait t\u00e1mogatta, b\u00e1r az elm\u00falt \u00e9vtizedekben a vall\u00e1si rend\u0151rs\u00e9g hatalm\u00e1nak fokozatos enyh\u00fcl\u00e9se \u00e9s szer\u00e9ny t\u00e1rsadalmi reformok t\u00f6rt\u00e9ntek.<\/p>\n\n\n\n<p>Az olaj 1938-as felfedez\u00e9se a meg\u00e9lhet\u00e9si gazdas\u00e1got sz\u00e9nhidrog\u00e9n-nagyhatalomm\u00e1 alak\u00edtotta. Sza\u00fad-Ar\u00e1bia a vil\u00e1g m\u00e1sodik legnagyobb olajk\u00e9szlet\u00e9vel rendelkezik, \u00e9s vezet\u0151 szerepet t\u00f6lt be az OPEC-ben. A k\u0151olaj a k\u00f6lts\u00e9gvet\u00e9si bev\u00e9telek t\u00f6bb mint fel\u00e9t \u00e9s az export k\u00e9tharmad\u00e1t teszi ki, ambici\u00f3zus infrastruktur\u00e1lis projekteket, szoci\u00e1lis programokat \u00e9s egy j\u00f3l\u00e9ti \u00e1llamot finansz\u00edroz, amely ingyenes eg\u00e9szs\u00e9g\u00fcgyi ell\u00e1t\u00e1st \u00e9s egyetemi oktat\u00e1st biztos\u00edt. Magas j\u00f6vedelm\u0171 gazdas\u00e1gk\u00e9nt besorolva a nomin\u00e1lis GDP alapj\u00e1n a vil\u00e1g h\u00fasz legnagyobbja k\u00f6z\u00e9, v\u00e1s\u00e1rl\u00f3er\u0151-parit\u00e1s alapj\u00e1n pedig a t\u00edz legnagyobb k\u00f6z\u00e9 tartozik. Az \u00e1llamnak azonban azzal a kih\u00edv\u00e1ssal is szembe kell n\u00e9znie, hogy az olajon t\u00fal diverzifik\u00e1lja tev\u00e9kenys\u00e9g\u00e9t, el\u0151seg\u00edtse a mag\u00e1nszektor n\u00f6veked\u00e9s\u00e9t \u00e9s integr\u00e1lja a fiatal munkaer\u0151t.<\/p>\n\n\n\n<p>Sza\u00fad-Ar\u00e1bia \u00e9ghajlata t\u00falnyom\u00f3r\u00e9szt sivatagos. Az alf\u00f6ldi s\u00edks\u00e1gokon a ny\u00e1ri maximumh\u0151m\u00e9rs\u00e9klet gyakran meghaladja a 45 \u00b0C-ot, id\u0151nk\u00e9nt az 54 \u00b0C k\u00f6zel\u00e9ben is; az \u00e9jszak\u00e1k enyh\u00fcl\u00e9st hozhatnak, de a part menti p\u00e1ratartalom fokozhatja a kellemetlens\u00e9geket. A telek enyh\u00e9k, kiv\u00e9ve \u00e9szakon, ahol fagy \u00e9s alkalmank\u00e9nt havaz\u00e1s l\u00e1togatja meg a Tab\u016bk \u00e9s \u021aurayf hegyeit. Az \u00e9ves csapad\u00e9kmennyis\u00e9g ritk\u00e1n haladja meg a 100 mm-t, b\u00e1r a d\u00e9lnyugat \u2013 bele\u00e9rtve az As\u012br-hegys\u00e9get is \u2013 monszun nedvess\u00e9get kap az Indiai-\u00f3ce\u00e1nb\u00f3l, amely t\u00e1pl\u00e1lja a teraszos farmokat \u00e9s a bor\u00f3kaerd\u0151kkel bor\u00edtott felf\u00f6ldeket. A v\u00e1dik szelik \u00e1t a fenns\u00edkot, hordal\u00e9kos talajukon datolyap\u00e1lm\u00e1k \u00e9s kis o\u00e1zisok n\u0151nek.<\/p>\n\n\n\n<p>Biol\u00f3giailag a kir\u00e1lys\u00e1g \u00f6t sz\u00e1razf\u00f6ldi \u00f6kor\u00e9gi\u00f3t foglal mag\u00e1ban: a V\u00f6r\u00f6s-tenger k\u00f6dbe burkol\u00f3z\u00f3 partjait\u00f3l a Hejaz hegyi erd\u0151iig \u00e9s az \u00dcres Negyed hatalmas d\u0171n\u00e9iig. Az \u00e1llatvil\u00e1g egykor mag\u00e1ban foglalta az arab oryxot, a gep\u00e1rdokat \u00e9s az \u00e1zsiai oroszl\u00e1nokat; ma egyes fajok csak v\u00e9dett rezerv\u00e1tumokban vagy fogs\u00e1gban \u00e9lnek t\u00fal. Az olyan ragadoz\u00f3k, mint a leop\u00e1rd \u00e9s a cs\u00edkos hi\u00e9na, hegyi mened\u00e9kekben maradnak fenn. A V\u00f6r\u00f6s-tenger korallz\u00e1tonyai t\u00f6bb mint 1200 halfajnak adnak otthont \u2013 ezek t\u00edz sz\u00e1zal\u00e9ka sehol m\u00e1shol nem tal\u00e1lhat\u00f3 meg \u2013, m\u00edg c\u00e1p\u00e1k, tekn\u0151s\u00f6k \u00e9s delfinek j\u00e1r\u0151r\u00f6znek a k\u00e9k folyos\u00f3in.<\/p>\n\n\n\n<p>K\u00f6zigazgat\u00e1silag az orsz\u00e1g tizenh\u00e1rom r\u00e9gi\u00f3ra \u00e9s 118 korm\u00e1nyz\u00f3s\u00e1gra oszlik, amelyek mindegyik\u00e9t egy korm\u00e1nyz\u00f3 vagy polg\u00e1rmester vezeti. A hagyom\u00e1nyos k\u00f6rzetek \u2013 Hejaz, Nejd, a Keleti Tartom\u00e1ny, As\u012br \u00e9s az \u00e9szaki hat\u00e1rvid\u00e9k \u2013 a f\u00f6ldrajzot, a t\u00f6rzsi hovatartoz\u00e1st \u00e9s a t\u00f6rt\u00e9nelmi \u00f6r\u00f6ks\u00e9get t\u00fckr\u00f6zik. A v\u00e1rosiasod\u00e1s a sz\u00e1zad k\u00f6zepe \u00f3ta megugrott: ma a polg\u00e1rok t\u00f6bb mint nyolcvan\u00f6t sz\u00e1zal\u00e9ka nagyv\u00e1rosi ter\u00fcleteken \u00e9l, mindenekel\u0151tt Rij\u00e1dban, Dzsidd\u00e1ban \u00e9s Damm\u00e1mban.<\/p>\n\n\n\n<p>Demogr\u00e1fiailag Sza\u00fad-Ar\u00e1bia lakoss\u00e1ga 2022-re meghaladta a 32 milli\u00f3t, akiknek k\u00f6zel fele huszon\u00f6t \u00e9v alatti volt. A bev\u00e1ndorl\u00f3k a munkaer\u0151 mintegy negyvenk\u00e9t sz\u00e1zal\u00e9k\u00e1t teszik ki, f\u0151k\u00e9nt D\u00e9l- \u00e9s D\u00e9lkelet-\u00c1zsi\u00e1b\u00f3l, Afrik\u00e1b\u00f3l \u00e9s a szomsz\u00e9dos arab \u00e1llamokb\u00f3l. Az \u00e1llampolg\u00e1rok k\u00f6r\u00e9ben nagyj\u00e1b\u00f3l kilencven sz\u00e1zal\u00e9k vallja mag\u00e1t szunnita muszlimnak \u2013 f\u0151k\u00e9nt a szalafizmus h\u00edveinek \u2013, m\u00edg t\u00edz sz\u00e1zal\u00e9k s\u00edita, akik a Keleti Tartom\u00e1nyban koncentr\u00e1l\u00f3dnak. A nem muszlim k\u00fclf\u00f6ldiek csak mag\u00e1n\u00e9let\u00fckben gyakorolj\u00e1k ny\u00edltan vall\u00e1sukat; a t\u00f6rv\u00e9ny tiltja a hitehagy\u00e1st \u00e9s a prozelitizmust, az iszl\u00e1mr\u00f3l val\u00f3 \u00e1tt\u00e9r\u00e9s pedig s\u00falyos b\u00fcntet\u00e9sekkel j\u00e1r.<\/p>\n\n\n\n<p>A nyelv egyes\u00edt \u00e9s elv\u00e1laszt. A standard arab nyelv az oktat\u00e1s, a m\u00e9dia \u00e9s a korm\u00e1nyzat alapj\u00e1t k\u00e9pezi, m\u00edg n\u00e9gy f\u0151 sza\u00fadi dialektuscsoport \u2013 a najdi, a hejazi, a \u00f6b\u00f6lbeli \u00e9s a d\u00e9li hejaz \u2013 a mindennapi besz\u00e9dben domin\u00e1lt. Kisebb nyelvi enkl\u00e1v\u00e9khoz tartozik a mehri nyelv \u00e9s a d\u00e9lnyugati faifi dialektusok. A nem \u00e1llampolg\u00e1rok k\u00f6r\u00e9ben a beng\u00e1li, a tagalog, az urdu \u00e9s a levantei arab tartja fenn a diaszp\u00f3rikus k\u00f6z\u00f6ss\u00e9geket. A jelnyelv a t\u00f6bb mint 100 000 f\u0151s siketek k\u00f6z\u00f6ss\u00e9g\u00e9t k\u00f6ti \u00f6ssze.<\/p>\n\n\n\n<p>Az \u00f6r\u00f6ks\u00e9g a sza\u00fadi identit\u00e1s k\u00f6z\u00e9ppontj\u00e1ban \u00e1ll, m\u00e9g akkor is, ha a moderniz\u00e1ci\u00f3 \u00e1talak\u00edtja a v\u00e1rosk\u00e9peket. Mekka \u00e9s Medina tov\u00e1bbra is az iszl\u00e1m spiritu\u00e1lis tengelye: \u00e9vente milli\u00f3k tesznek haddzs \u00e9s umra zar\u00e1ndoklatot, hogy megker\u00fclj\u00e9k a K\u00e1ba-t, vagy im\u00e1dkozzanak a Pr\u00f3f\u00e9ta mecsetj\u00e9ben. Az Al-Shaibi csal\u00e1d \u0151rzi a K\u00e1ba kulcsait, amely \u00e1ll\u00edt\u00f3lag tizenhat \u00e9vsz\u00e1zados let\u00e9tbe helyezte mag\u00e1t. A Hidzs\u00e1zon t\u00fal a Hail \u00e9s Bir Hima sziklarajzai \u00e9vezredeknyi emberi utaz\u00e1st \u00f6r\u00f6k\u00edtenek meg. H\u00e9t UNESCO vil\u00e1g\u00f6r\u00f6ks\u00e9gi helysz\u00edn \u2013 a Mad\u0101&#039;in \u1e62\u0101li\u1e25 homokk\u0151 s\u00edrjait\u00f3l a Dir&#039;iyah v\u00e1lyogt\u00e9gla-palot\u00e1iig \u2013 tan\u00faskodik r\u00e9g let\u0171nt civiliz\u00e1ci\u00f3kr\u00f3l.<\/p>\n\n\n\n<p>A kultur\u00e1lis meg\u00fajul\u00e1s felgyorsult a 2016-ban elind\u00edtott Vision 2030 reformterv keret\u00e9ben. Milli\u00e1rdokat ford\u00edtanak r\u00e9gis\u00e9gek meg\u0151rz\u00e9s\u00e9re, m\u00fazeumok t\u00e1mogat\u00e1s\u00e1ra \u00e9s r\u00e9g\u00e9szeti misszi\u00f3k t\u00e1mogat\u00e1s\u00e1ra. 2024-ben a Khaybarban v\u00e9gzett \u00e1sat\u00e1sok sor\u00e1n felt\u00e1rt\u00e1k az al-Nata\u1e25-ot, egy mintegy 500 lak\u00e1sb\u00f3l \u00e1ll\u00f3 bronzkori telep\u00fcl\u00e9st, amely r\u00e1vil\u00e1g\u00edt a f\u00e9lsziget m\u00e9ly gy\u00f6kereire a korai civiliz\u00e1ci\u00f3ban. Ek\u00f6zben az \u00e1llam megnyitotta kapuit a szabadid\u0151s turizmus el\u0151tt, \u00f6tven orsz\u00e1g lakosainak ad ki v\u00edzumokat, \u00e9s \u00e9rkez\u00e9skor fogadja az amerikai, brit vagy schengeni v\u00edzummal rendelkez\u0151ket.<\/p>\n\n\n\n<p>A t\u00e1rsas\u00e1gi \u00e9let \u00f6sszefonja a hagyom\u00e1nyokat \u00e9s az uralkod\u00e1st. A f\u00e9rfiak a thawbot, egy feh\u00e9r, bok\u00e1ig \u00e9r\u0151 k\u00f6penyt viselnek, amelyet a keffiyeh vagy ghutra \u00e9s az azt k\u00f6t\u0151 agal vesz k\u00f6r\u00fcl; h\u0171v\u00f6sebb napokon egy tevesz\u0151r bisht takarhatja el a v\u00e1llakat. A n\u0151k az abay\u00e1t, egy fekete k\u00fcls\u0151 k\u00f6penyt viselnek, amely a nyakt\u00f3l a l\u00e1bfejekig \u00e9r; a fejfed\u0151k \u2013 hidzs\u00e1b vagy niq\u0101b \u2013 form\u00e1ja v\u00e1ltozatos. A t\u00f6rzsi mot\u00edvumok \u00e9l\u00e9nk\u00edtik a h\u00edmz\u00e9seket a szeg\u00e9lyek ment\u00e9n, a f\u00e9mes sz\u00e1lak pedig megcsillannak a napf\u00e9nyben.<\/p>\n\n\n\n<p>A konyham\u0171v\u00e9szet a kereskedelem \u00e9s a h\u00f3d\u00edt\u00e1s metsz\u00e9spontjait t\u00fckr\u00f6zi. A kabsa \u2013 b\u00e1r\u00e1nyh\u00fassal vagy csirk\u00e9vel p\u00e1rolt rizs \u2013 \u00e9s az illatos testv\u00e9re, a mandi a nemzeti konyham\u0171v\u00e9szetet testes\u00edti meg. Lapos keny\u00e9r, datolya \u00e9s joghurt k\u00eds\u00e9ri minden \u00e9tkez\u00e9st; az er\u0151sre f\u0151z\u00f6tt \u00e9s kardamommal f\u0171szerezett k\u00e1v\u00e9 m\u00e9lyrehat\u00f3 vend\u00e9gszeretet-ritu\u00e1l\u00e9kat hordoz. A m\u00e9zb\u0151l \u00e9s di\u00f3f\u00e9l\u00e9kb\u0151l k\u00e9sz\u00fclt \u00e9dess\u00e9gek fesztiv\u00e1lokon \u00e9s \u00f6sszej\u00f6veteleken jelennek meg, a d\u00e9l-\u00e1zsiai, perzsa \u00e9s kelet-afrikai hat\u00e1sok \u00edzeit szit\u00e1lva a helyi szok\u00e1sokba.<\/p>\n\n\n\n<p>A modern infrastrukt\u00fara egy\u00fctt \u00e9l az \u0151si karav\u00e1nutakkal. Aut\u00f3p\u00e1ly\u00e1k szelik a sivatagi kiterjed\u00e9seket; csillog\u00f3 rep\u00fcl\u0151terek k\u00f6tik \u00f6ssze Rij\u00e1dot \u00e9s Dzsidd\u00e1t a vil\u00e1g f\u0151v\u00e1rosaival. M\u00e9gis, t\u00e1voli vid\u00e9keken a beduinok m\u00e9g mindig tev\u00e9ket k\u00f6vetnek a d\u0171n\u00e9ken, kecsk\u00e9ket terelnek \u00e9s s\u00f3t b\u00e1ny\u00e1sznak az \u00e1sv\u00e1nylel\u0151helyekr\u0151l. A napfarmok vir\u00e1goznak a naps\u00fct\u00f6tte \u00fcress\u00e9gben, jelezve a gazdas\u00e1g azon t\u00f6rekv\u00e9s\u00e9t, hogy t\u00fall\u00e9pjen az olajon.<\/p>\n\n\n\n<p>A kih\u00edv\u00e1sok \u00e9s a lehet\u0151s\u00e9gek egyar\u00e1nt fenyegetnek. A k\u00fclf\u00f6ldi munkaer\u0151re val\u00f3 t\u00e1maszkod\u00e1s t\u00e1rsadalmi \u00e9s gazdas\u00e1gi k\u00f6lts\u00e9gekkel j\u00e1r. A fiatalok munkan\u00e9lk\u00fclis\u00e9ge, amely m\u00e9g mindig meghaladja a region\u00e1lis \u00e1tlagot, \u00f6szt\u00f6nzi az oktat\u00e1sba \u00e9s a m\u0171szaki k\u00e9pz\u00e9sbe val\u00f3 beruh\u00e1z\u00e1sokat. A v\u00edzhi\u00e1ny nagyszab\u00e1s\u00fa s\u00f3talan\u00edt\u00f3 projekteket \u00e9s term\u00e9szetv\u00e9delmi int\u00e9zked\u00e9seket tesz sz\u00fcks\u00e9gess\u00e9. Emberi jogi csoportok a sz\u00e9lesebb k\u00f6r\u0171 polg\u00e1ri r\u00e9szv\u00e9telt \u00e9s a sz\u00f3l\u00e1sszabads\u00e1got s\u00fcrgetik.<\/p>\n\n\n\n<p>Sza\u00fad-Ar\u00e1bia ennek ellen\u00e9re egy \u00fajra\u00e9rtelmezett szerep fel\u00e9 halad a huszonegyedik sz\u00e1zadban. Strat\u00e9giai elhelyezked\u00e9se hidakat hoz l\u00e9tre kontinensek k\u00f6z\u00f6tt; olajkincse geopolitikai befoly\u00e1st biztos\u00edt; fiatal lakoss\u00e1ga dinamizmust \u00e9s v\u00e1ltoz\u00e9konys\u00e1got egyar\u00e1nt k\u00edn\u00e1l. Mik\u00f6zben a kir\u00e1lys\u00e1g a hit \u00e9s a reform, a hagyom\u00e1ny \u00e9s az innov\u00e1ci\u00f3 egyens\u00falyoz\u00e1s\u00e1val k\u00fczd, narrat\u00edv\u00e1ja sz\u00e1mtalan regiszterben bontakozik ki: a hajnali im\u00e1ra h\u00edv\u00e1s visszhangja, a Rub&#039; al Kh\u0101l\u012b sz\u00e9l form\u00e1lta d\u0171n\u00e9i, Rij\u00e1d \u00faj m\u00fazeumainak m\u00e1rv\u00e1nyoszlopai \u00e9s a haddzs id\u0151tlen \u00e1h\u00edtatos r\u00e9szei. Minden elem hozz\u00e1j\u00e1rul egy olyan portr\u00e9hoz, amely se nem monolit, se nem klis\u00e9, hanem a t\u00f6rt\u00e9nelem, a kult\u00fara \u00e9s a t\u00f6rekv\u00e9sek folyamatosan fejl\u0151d\u0151 szint\u00e9zise.<\/p>","protected":false},"excerpt":{"rendered":"<p>Sza\u00fad-Ar\u00e1bia, amelyet hivatalosan Sza\u00fad-Ar\u00e1biai Kir\u00e1lys\u00e1gk\u00e9nt (KSA) is emlegetnek, egy kiterjedt nemzet Nyugat-\u00c1zsi\u00e1ban, bele\u00e9rtve az Arab-f\u00e9lsziget nagy r\u00e9sz\u00e9t is, \u00e9s k\u00f6r\u00fclbel\u00fcl 32,2 milli\u00f3 lakossal rendelkezik. Ez a hatalmas nemzet, amely t\u00f6bb mint 2 150 000 n\u00e9gyzetkilom\u00e9tert \u00f6lel fel, \u00c1zsia \u00f6t\u00f6dik legnagyobb orsz\u00e1ga \u00e9s a K\u00f6zel-Kelet legnagyobb orsz\u00e1ga. Strat\u00e9giai helyzete a kontinensek metsz\u00e9spontj\u00e1ban helyezkedik el, amelyet nyugatr\u00f3l a V\u00f6r\u00f6s-tenger, \u00e9szakr\u00f3l Jord\u00e1nia, Irak \u00e9s Kuvait, keletr\u0151l a Perzsa-\u00f6b\u00f6l \u00e9s m\u00e1s \u00d6b\u00f6l menti orsz\u00e1gok, d\u00e9lr\u0151l \u00e9s d\u00e9lkeletr\u0151l Om\u00e1n \u00e9s Jemen szeg\u00e9lyez.<\/p>","protected":false},"author":1,"featured_media":4533,"parent":24063,"menu_order":0,"comment_status":"closed","ping_status":"closed","template":"elementor_theme","meta":{"_eb_attr":"","footnotes":""},"class_list":["post-15191","page","type-page","status-publish","has-post-thumbnail"],"_links":{"self":[{"href":"https:\/\/travelshelper.com\/hu\/wp-json\/wp\/v2\/pages\/15191","targetHints":{"allow":["GET"]}}],"collection":[{"href":"https:\/\/travelshelper.com\/hu\/wp-json\/wp\/v2\/pages"}],"about":[{"href":"https:\/\/travelshelper.com\/hu\/wp-json\/wp\/v2\/types\/page"}],"author":[{"embeddable":true,"href":"https:\/\/travelshelper.com\/hu\/wp-json\/wp\/v2\/users\/1"}],"replies":[{"embeddable":true,"href":"https:\/\/travelshelper.com\/hu\/wp-json\/wp\/v2\/comments?post=15191"}],"version-history":[{"count":0,"href":"https:\/\/travelshelper.com\/hu\/wp-json\/wp\/v2\/pages\/15191\/revisions"}],"up":[{"embeddable":true,"href":"https:\/\/travelshelper.com\/hu\/wp-json\/wp\/v2\/pages\/24063"}],"wp:featuredmedia":[{"embeddable":true,"href":"https:\/\/travelshelper.com\/hu\/wp-json\/wp\/v2\/media\/4533"}],"wp:attachment":[{"href":"https:\/\/travelshelper.com\/hu\/wp-json\/wp\/v2\/media?parent=15191"}],"curies":[{"name":"wp","href":"https:\/\/api.w.org\/{rel}","templated":true}]}}