{"id":15155,"date":"2024-09-20T16:49:54","date_gmt":"2024-09-20T16:49:54","guid":{"rendered":"https:\/\/travelshelper.com\/staging\/?page_id=15155"},"modified":"2026-03-11T13:16:04","modified_gmt":"2026-03-11T13:16:04","slug":"jakarta","status":"publish","type":"page","link":"https:\/\/travelshelper.com\/hu\/destinations\/asia\/indonesia\/jakarta\/","title":{"rendered":"Jakarta"},"content":{"rendered":"<p>Jakarta J\u00e1va \u00e9szaknyugati partvid\u00e9k\u00e9nek egy keskeny s\u00e1vj\u00e1ban fekszik, m\u00e9gis olyan jelenl\u00e9tet k\u00e9pvisel, amely messze t\u00falmutat 661 n\u00e9gyzetkilom\u00e9ter\u00e9n. Indon\u00e9zia K\u00fcl\u00f6nleges F\u0151v\u00e1rosi R\u00e9gi\u00f3jak\u00e9nt a v\u00e1ros egyszerre szolg\u00e1l tartom\u00e1nyk\u00e9nt, az orsz\u00e1g idegk\u00f6zpontjak\u00e9nt \u00e9s az ASEAN diplom\u00e1ciai sz\u00e9khelyek\u00e9nt. Eredete egy szer\u00e9ny Sunda Kelapa kereskedelmi \u00e1llom\u00e1sra vezethet\u0151 vissza a negyedik sz\u00e1zadban; ma egy hatalmas v\u00e1rosi agglomer\u00e1ci\u00f3t foglal mag\u00e1ban, amely t\u00f6bb mint harmincmilli\u00f3 lakosnak ad otthont. M\u00e9gis, csillog\u00f3 tornyai \u00e9s f\u00e9ktelen temp\u00f3ja alatt olyan t\u00f6rt\u00e9nelmek, f\u00f6ldrajzi adotts\u00e1gok, kih\u00edv\u00e1sok \u00e9s k\u00f6z\u00f6ss\u00e9gek sz\u00f6vev\u00e9nye rejt\u0151zik, amelyek ellen\u00e1llnak minden egyszer\u0171 portr\u00e9nak. Ez a cikk Jakart\u00e1t mutatja be egyszerre helyk\u00e9nt \u00e9s folyamatk\u00e9nt \u2013 egy metropoliszk\u00e9nt, amelyet a kereskedelem \u00e9s a kult\u00fara hajt, a v\u00edz \u00e9s a f\u00f6ld form\u00e1l, \u00e9s amelyet a szigetcsoport minden t\u00e1j\u00e1r\u00f3l \u00e9rkez\u0151 sz\u00e1mtalan migr\u00e1ns munk\u00e1ja tart \u00f6ssze.<\/p>\n\n\n\n<p>J\u00f3val azel\u0151tt, hogy a holland haj\u00f3k lehorgonyoztak volna Batavia kik\u00f6t\u0151j\u00e9ben, Sunda Kelapa kik\u00f6t\u0151je szolg\u00e1lta ki a Szunda Kir\u00e1lys\u00e1g tengeri \u00fatvonalait. Borssal, szerecsendi\u00f3val \u00e9s \u00f3nnal megrakodva a haj\u00f3k Szum\u00e1tra, J\u00e1va \u00e9s a t\u00e1gabb Indiai-\u00f3ce\u00e1n kereskedelmi h\u00e1l\u00f3zata k\u00f6z\u00f6tt k\u00f6zlekedtek. A tizenhetedik sz\u00e1zadra a v\u00e1ros a Holland Kelet-indiai T\u00e1rsas\u00e1g alatt Batavia n\u00e9ven v\u00e1lt ismertt\u00e9, \u00e9s a gyarmati \u00e1llam t\u00e9nyleges f\u0151v\u00e1rosak\u00e9nt funkcion\u00e1lt. Batavia csatorn\u00e1inak, er\u0151d\u00edtm\u00e9nyeinek \u00e9s oromzatos rakt\u00e1rainak h\u00e1l\u00f3zata Rotterdamra \u00e9s Amszterdamra eml\u00e9keztetett, m\u00e9gis az \u00e9ghajlat, a buja n\u00f6v\u00e9nyzet \u00e9s a tr\u00f3pusi es\u0151k f\u00e9lreismerhetetlen karaktert k\u00f6lcs\u00f6n\u00f6ztek neki.<\/p>\n\n\n\n<p>1949-ben, \u00e9vsz\u00e1zados idegen uralom ut\u00e1n a v\u00e1ros felvette a Jakarta nevet, \u00e9s \u00e1tvette az \u00fajonnan f\u00fcggetlenn\u00e9 v\u00e1lt Indon\u00e9z K\u00f6zt\u00e1rsas\u00e1g f\u0151v\u00e1rosak\u00e9nt bet\u00f6lt\u00f6tt szerep\u00e9t. Form\u00e1lis st\u00e1tusza 1960-ban v\u00e1ltozott meg, amikor a telep\u00fcl\u00e9st k\u00fcl\u00f6nleges f\u0151v\u00e1rosi r\u00e9gi\u00f3 megk\u00fcl\u00f6nb\u00f6ztet\u00e9ssel b\u00edr\u00f3 tartom\u00e1ny rangra emelt\u00e9k (Daerah Khusus Ibukota Jakarta). M\u00e1s tartom\u00e1nyokkal ellent\u00e9tben Jakarta korm\u00e1nya \u00f6t kot\u00e1t (k\u00f6zigazgat\u00e1si v\u00e1rost) \u00e9s egy kabupatent (k\u00f6zigazgat\u00e1si r\u00e9genss\u00e9get) igazgat, m\u00edg az Ezer Sziget szigetcsoport a r\u00e9gi\u00f3 tengeri kiterjeszt\u00e9s\u00e9t alkotja.<\/p>\n\n\n\n<p>Jakarta hat\u00e1rait tartom\u00e1nyi vonalak \u00e9s v\u00e1ltoz\u00f3 partvonalak egyar\u00e1nt meghat\u00e1rozz\u00e1k. D\u00e9len \u00e9s keleten Nyugat-J\u00e1va fekszik, m\u00edg Banten nyugati oldal\u00e1n Banton tal\u00e1lhat\u00f3. A partt\u00f3l t\u00e1volabb a J\u00e1va-tenger \u00f6leli \u00e1t a Jakarta-\u00f6bl\u00f6t, \u00e9s a ker\u00fclet tengeri hat\u00e1rt oszt meg Lampung tartom\u00e1nygal. Sz\u00e1razf\u00f6ldje a Ciliwung foly\u00f3 torkolat\u00e1n\u00e1l fekszik, amely d\u00e9len lecsapolja a Puncak-felf\u00f6ldet. Tizenh\u00e1rom foly\u00f3 folyik \u00e1t \u00e9szak fel\u00e9 a v\u00e1roson \u2013 k\u00f6zt\u00fck az Angke, a Pesanggrahan, a Sunter \u00e9s a Krukut \u2013, amelyek egy kiterjedt hordal\u00e9kos s\u00edks\u00e1gon torkollnak a tengerszint fel\u00e9. \u00c9szak-Jakarta nagy r\u00e9sze nulla tengerszint feletti magass\u00e1gon vagy az alatt fekszik, t\u00f6rt\u00e9nelmileg kiterjedt mocsarak tark\u00edtj\u00e1k. A visszanyert \u00e1rap\u00e1ly-s\u00edks\u00e1gokon lak\u00f3h\u00e1zak, rakt\u00e1rak \u00e9s aut\u00f3p\u00e1ly\u00e1k \u00e9p\u00fcltek, de ez a terjeszked\u00e9s meredek k\u00f6lts\u00e9gekkel j\u00e1r.<\/p>\n\n\n\n<p>Itt, az \u00e9ghajlatv\u00e1ltoz\u00e1s \u00e9s a t\u00falterhelt v\u00edztart\u00f3 r\u00e9tegek \u00e1ltal s\u00fajtott alacsony terepen Jakarta n\u00e9z szembe a legnagyobb k\u00f6rnyezeti vesz\u00e9llyel. A t\u00falzott talajv\u00edz-kitermel\u00e9s a v\u00e1ros nagy r\u00e9sz\u00e9t \u00e9vi \u00f6t-t\u00edz centim\u00e9teres s\u00fcllyed\u00e9ssel \u2013 \u00c9szak-Jakarta egyes r\u00e9szein ak\u00e1r tizenh\u00e9t centim\u00e9terrel is \u2013 fenyegeti, \u00e9s az emelked\u0151 \u00e1rap\u00e1ly s\u00falyosb\u00edtja a part menti el\u00e1raszt\u00e1st. Az es\u0151s \u00e9vszakban hull\u00f3 heves es\u0151z\u00e9sek az elt\u00f6m\u0151d\u00f6tt v\u00edzelvezet\u0151 csatorn\u00e1kkal egy\u00fctt vill\u00e1m\u00e1rvizeket id\u00e9znek el\u0151, amelyek megzavarj\u00e1k az \u00e9letet \u00e9s a kereskedelmet. V\u00e1laszul egy ambici\u00f3zus \u201egaris besar\u201d gy\u0171r\u0171s g\u00e1tat \u2013 k\u00f6zismertebb nev\u00e9n \u00d3ri\u00e1s-tengeri falat \u2013 \u00e9p\u00edtenek a Jakarta-\u00f6b\u00f6l k\u00f6r\u00fcl, amelynek c\u00e9lja egyr\u00e9szt a tengerv\u00edz visszatart\u00e1sa, m\u00e1sr\u00e9szt egy fizet\u0151s \u00fat elhelyez\u00e9se a felette. A kieg\u00e9sz\u00edt\u0151 tervek k\u00f6z\u00e9 tartoznak a Ciliwung \u00e9s a Keleti \u00c1rv\u00edz csatorn\u00e1kat \u00f6sszek\u00f6t\u0151 f\u00f6ldalatti alagutak, \u00faj g\u00e1tak Ciawi (Bogor) fels\u0151 szakasz\u00e1n, valamint kezelt v\u00edzt\u00e1roz\u00f3k. Ezek az int\u00e9zked\u00e9sek egy\u00fcttesen a v\u00edz el\u0151renyomul\u00e1s\u00e1nak lass\u00edt\u00e1s\u00e1t c\u00e9lozz\u00e1k, de a talajs\u00fcllyed\u00e9s m\u00f6g\u00f6ttes er\u0151i a v\u00e1ros v\u00edzforr\u00e1sainak m\u00f3dos\u00edt\u00e1s\u00e1t k\u00f6vetelik meg. Toki\u00f3 \u00e9s Sanghaj tanuls\u00e1gai azt sugallj\u00e1k, hogy az illeg\u00e1lis szivatty\u00fak megf\u00e9kez\u00e9se \u00e9s a felsz\u00edni ell\u00e1t\u00e1sra val\u00f3 \u00e1tt\u00e9r\u00e9s meg\u00e1ll\u00edthatja a s\u00fcllyed\u00e9st; Jakarta sikere a megval\u00f3s\u00edt\u00e1sban fogja meghat\u00e1rozni, hogy szil\u00e1rdak maradnak-e az alapjai.<\/p>\n\n\n\n<p>Az Egyenl\u00edt\u0151t\u0151l d\u00e9lre fekv\u0151 Jakart\u00e1ban tr\u00f3pusi monszun \u00e9ghajlat uralkodik. Az es\u0151s \u00e9vszak okt\u00f3bert\u0151l m\u00e1jusig tart, a zuhog\u00f3 janu\u00e1ri es\u0151z\u00e9sekt\u0151l \u2013 a havi \u00e1tlagmennyis\u00e9g k\u00f6zel 300 millim\u00e9ter \u2013 az augusztusi viszonylagos nyugalomig, amikor a csapad\u00e9kmennyis\u00e9g 50 millim\u00e9ter al\u00e1 cs\u00f6kken. A d\u00e9lut\u00e1ni zivatarok gyakoriak az es\u0151s h\u00f3napokban, melyeket a J\u00e1va d\u00e9li felf\u00f6ldj\u00e9n \u00e1thalad\u00f3, nedvess\u00e9ggel teli szelek t\u00e1pl\u00e1lnak. A h\u0151m\u00e9rs\u00e9klet nappal 32 \u00b0C k\u00f6r\u00fcl mozog, \u00e9jszaka pedig 20 \u00b0C k\u00f6zep\u00e9ig enyh\u00fcl; a sz\u00e9ls\u0151s\u00e9gek a rekord alacsony, 19 \u00b0C k\u00f6r\u00fcli \u00e9s a legmagasabb, 38 \u00b0C-ot megk\u00f6zel\u00edt\u0151 h\u0151m\u00e9rs\u00e9kletek k\u00f6z\u00f6tt mozognak. A tengerfelsz\u00edn h\u0151m\u00e9rs\u00e9klete finom ciklust k\u00f6vet, a sz\u00e1razabb h\u00f3napokban k\u00f6r\u00fclbel\u00fcl 26,5 \u00b0C-t\u00f3l a k\u00e9s\u0151 es\u0151s \u00e9vszakokban k\u00f6zel 29,5 \u00b0C-ig. A leveg\u0151 min\u0151s\u00e9ge jelent\u0151sen v\u00e1ltozik: a szennyez\u0151 anyagok felhalmoz\u00f3dnak az augusztust\u00f3l decemberig tart\u00f3 sz\u00e1raz h\u00f3napokban, mivel a cs\u00f6kkent kimos\u00f3d\u00e1s lehet\u0151v\u00e9 teszi, hogy a r\u00e9szecsk\u00e9k \u00e9s a kibocs\u00e1t\u00e1sok megmaradjanak.<\/p>\n\n\n\n<p>Jakarta saj\u00e1t ter\u00fclete 661,23 km\u00b2, de hat\u00e1sa Nagy-Jakarta, vagyis a \u201eJabodetabek\u201d 7076 km\u00b2-\u00e9re terjed ki, amely mag\u00e1ban foglalja Bogort, Depokot, Tangerangot, D\u00e9l-Tangerangot \u00e9s Bekasit. Ez a megapolis Toki\u00f3 ut\u00e1n a vil\u00e1g m\u00e1sodik legnagyobb v\u00e1rosi ter\u00fclete, 2022-es adatok szerint mintegy 32,6 milli\u00f3 lakossal. N\u00e9ps\u0171r\u0171s\u00e9ge a k\u00f6zponti ker\u00fcletekben meghaladja a nyolcezer f\u0151t n\u00e9gyzetkilom\u00e9terenk\u00e9nt, \u00e9s csak fokozatosan cs\u00f6kken az el\u0151v\u00e1rosi \u00f6vezetek fel\u00e9.<\/p>\n\n\n\n<p>Jakarta Indon\u00e9zia etnikai mozaikj\u00e1nak megtestes\u00edt\u0151je. Egyetlen csoport sem \u00e1ll\u00edtja, hogy t\u00f6bbs\u00e9gben lenne. A 2010-es n\u00e9psz\u00e1ml\u00e1l\u00e1s szerint a j\u00e1vaiak a lakoss\u00e1g nagyj\u00e1b\u00f3l 36 sz\u00e1zal\u00e9k\u00e1t teszik ki, a betawi n\u00e9p \u2013 egy kreol k\u00f6z\u00f6ss\u00e9g, amelynek gy\u00f6kerei a migr\u00e1nsok egym\u00e1st k\u00f6vet\u0151 hull\u00e1maira vezethet\u0151k vissza \u2013 k\u00f6r\u00fclbel\u00fcl 28 sz\u00e1zal\u00e9kot, a szundanaiak 15 sz\u00e1zal\u00e9kot, a fennmarad\u00f3 r\u00e9szt pedig k\u00ednai indon\u00e9zek, batakok, minangkabauak \u00e9s m\u00e1sok t\u00f6ltik ki. A vall\u00e1si hovatartoz\u00e1s t\u00fckr\u00f6zi ezt a soksz\u00edn\u0171s\u00e9get: 2024-es adatok szerint az iszl\u00e1m a lakoss\u00e1g 83,8 sz\u00e1zal\u00e9k\u00e1ban domin\u00e1l, ezt k\u00f6vetik a protest\u00e1nsok (8,6 sz\u00e1zal\u00e9k), a katolikusok (3,9 sz\u00e1zal\u00e9k), a buddhist\u00e1k (3,5 sz\u00e1zal\u00e9k), a hinduk (0,2 sz\u00e1zal\u00e9k), a konfuci\u00e1nusok (0,02 sz\u00e1zal\u00e9k) \u00e9s kis sz\u00e1mban az \u0151slakos hiteket k\u00f6vet\u0151k.<\/p>\n\n\n\n<p>A v\u00e1ros vonzereje legal\u00e1bb annyira a gazdas\u00e1gi rem\u00e9nyb\u0151l, mint a t\u00f6rt\u00e9nelmi \u00f6r\u00f6ks\u00e9gb\u0151l fakad. A szigetcsoport minden r\u00e9sz\u00e9r\u0151l \u00e9rkeznek migr\u00e1nsok munk\u00e1t, oktat\u00e1st \u00e9s a jobb \u00e9letsz\u00ednvonal \u00edg\u00e9ret\u00e9t keresve. Ez a demogr\u00e1fiai dinamizmus tette Jakart\u00e1t az indon\u00e9z szleng, konyham\u0171v\u00e9szet \u00e9s szok\u00e1sok olvaszt\u00f3t\u00e9gely\u00e9v\u00e9. A b\u00e9tawi mal\u00e1j nyelv, holland, portug\u00e1l, szundan\u00e9z \u00e9s hokkien szavakkal \u00e1titatott v\u00e1ltozatban, egy v\u00e1rosi dialektust alkot \u2013 amelyet a zene, az utcai \u00e1rusok \u00e9s a n\u00e9pszer\u0171 m\u00e9dia k\u00f6zvet\u00edt \u2013, amely messze Jakarta hat\u00e1rain t\u00fal is visszhangra tal\u00e1l.<\/p>\n\n\n\n<p>Jakarta gazdas\u00e1ga egyr\u00e9szt Szingap\u00far ut\u00e1n a legnagyobb az ASEAN-on bel\u00fcl, m\u00e1sr\u00e9szt Indon\u00e9zia hazai GDP-j\u00e9nek l\u00e9tfontoss\u00e1g\u00fa k\u00f6zpontja. 2023-ban a v\u00e1s\u00e1rl\u00f3er\u0151-parit\u00e1son m\u00e9rt GDP-je megk\u00f6zel\u00edtette a 724 milli\u00e1rd USD-t. A v\u00e1rosban tal\u00e1lhat\u00f3 a Bank Indonesia, az Indon\u00e9z \u00c9rt\u00e9kt\u0151zsde \u00e9s az orsz\u00e1g legnagyobb \u00e1llami tulajdon\u00fa v\u00e1llalatainak \u2013 a Pertamin\u00e1nak, a PLN-nek, a Telkomselnek \u2013 a k\u00f6zpontja, valamint olyan konglomer\u00e1tumok, mint a Salim Group, az Astra International \u00e9s a Sinar Mas. A feldolgoz\u00f3ipar az elektronika, az aut\u00f3ipari alkatr\u00e9szek, a vegyipar \u00e9s a biomedicin\u00e1k ter\u00fclet\u00e9n vir\u00e1gzik, m\u00edg a szolg\u00e1ltat\u00e1si szektor a banki, p\u00e9nz\u00fcgyi, m\u00e9dia- \u00e9s turisztikai \u00e1gazatokat \u00f6leli fel.<\/p>\n\n\n\n<p>Az egy f\u0151re jut\u00f3 brutt\u00f3 region\u00e1lis term\u00e9k tov\u00e1bbra is n\u00f6vekszik. A Jap\u00e1n Gazdas\u00e1gkutat\u00f3 K\u00f6zpont el\u0151rejelz\u00e9sei szerint Jakarta egy f\u0151re jut\u00f3 brutt\u00f3 termel\u00e9se a 2015-\u00f6s negyvenegyedik helyr\u0151l 2030-ra a 77 glob\u00e1lis v\u00e1ros k\u00f6z\u00fcl a huszonnyolcadik helyre emelkedik. A Ceoworld Index Jakart\u00e1t a 21. helyre rangsorolta a glob\u00e1lis gazdas\u00e1gi befoly\u00e1s tekintet\u00e9ben (2020), a Savills Resilient Cities Index pedig a vil\u00e1g h\u00fasz legnagyobb v\u00e1rosa k\u00f6z\u00e9 sorolja 2028-ra. Csak a bev\u00e1s\u00e1rl\u00f3k\u00f6zpontok t\u00f6bb mint 550 hekt\u00e1rt fednek le \u2013 ezek Eur\u00f3pa m\u00e9ret\u0171 bev\u00e1s\u00e1rl\u00f3negyedek, mint p\u00e9ld\u00e1ul a Grand Indonesia, a Plaza Senayan, a Pacific Place \u00e9s a Mall Taman Anggrek. A hagyom\u00e1nyos piacok tov\u00e1bbra is l\u00e9tfontoss\u00e1g\u00faak: a Tanah Abang a textilek\u00e9rt, a Jalan Surabaya az antik t\u00e1rgyak\u00e9rt, a Rawabening a dr\u00e1gak\u00f6vek\u00e9rt. 2023-ban a bej\u00f6v\u0151 l\u00e1togat\u00f3k sz\u00e1ma el\u00e9rte a k\u00f6zel k\u00e9tmilli\u00f3 k\u00fclf\u00f6ldi turist\u00e1t, Jakarta pedig gyakran szolg\u00e1l Bali, Yogyakarta \u00e9s Komodo kapujak\u00e9nt.<\/p>\n\n\n\n<p>Jakarta l\u00e1tk\u00e9pe a korszakok palimpszesztje. A gyarmati kori \u00e9p\u00fcletek az \u00d3v\u00e1rosban (Kota Tua) \u00e9s a k\u00f6zponti negyedekben csoportosulnak: a Stadhuis (v\u00e1rosh\u00e1za), a JC Schultze \u00e1ltal tervezett Jakarta M\u0171v\u00e9szeti \u00c9p\u00fclet, valamint az Eduard Cuypers \u00e1ltal tervezett Mandiri \u00e9s Bank Indonesia m\u00fazeumok. A st\u00edlusok a neorenesz\u00e1nszt\u00f3l az art decoig terjednek, a Menteng k\u00fclv\u00e1ros \u2013 amelyet PAJ Moojen Bouwploeg c\u00e9ge tervezett \u2013 a tr\u00f3pusi modernista tervez\u00e9s korai p\u00e9ld\u00e1ja.<\/p>\n\n\n\n<p>Sukarno eln\u00f6k alatt az 1960-as \u00e9vekben megval\u00f3sult monument\u00e1lis projektek c\u00e9lja a nemzeti identit\u00e1s visszaszerz\u00e9se volt az \u00e9p\u00edtett form\u00e1k r\u00e9v\u00e9n. A Nemzeti Eml\u00e9km\u0171 (Monas), egy 132 m\u00e9teres obeliszk, amelyet aranyozott l\u00e1ng koron\u00e1z, a Merdeka t\u00e9ren \u00e1ll. A k\u00f6zelben \u00e1ll Arjuna szeker\u00e9t \u00e1br\u00e1zol\u00f3 sz\u00f6k\u0151k\u00fat-szobor, amely az epikus \u00f6r\u00f6ks\u00e9get id\u00e9zi. Az Istiqlal-mecset \u00e9s a Jakarta-sz\u00e9kesegyh\u00e1z hall\u00f3t\u00e1vols\u00e1gon bel\u00fcl tal\u00e1lhat\u00f3 egym\u00e1st\u00f3l, bizony\u00edtva Indon\u00e9zia elk\u00f6telezetts\u00e9g\u00e9t a pluralizmus ir\u00e1nt. Edhi Sunarso Selamat Datang (\u201e\u00dcdv\u00f6z\u00f6lj\u00fck\u201d) szobra a Thamrin sug\u00e1r\u00faton tal\u00e1lhat\u00f3 Hotel Indonesia k\u00f6rgy\u0171r\u0171t jel\u00f6li.<\/p>\n\n\n\n<p>Suharto \u00e9s a k\u00e9s\u0151bbi korm\u00e1nyzatok alatt felh\u0151karcol\u00f3k emelkedtek az Arany H\u00e1romsz\u00f6gben: t\u00f6bbek k\u00f6z\u00f6tt a Wisma 46 (262 m), az Autograph Tower (383 m) \u00e9s a Jakarta Nemzetk\u00f6zi Stadion. 2025-re nyolcvannyolc torony haladta meg a 150 m\u00e9tert, ezzel Jakarta a vil\u00e1g t\u00edz legnagyobb v\u00e1rosa k\u00f6z\u00e9 ker\u00fclt. A r\u00e9gi kampung egyes r\u00e9szein tov\u00e1bbra is l\u00e1that\u00f3k a hagyom\u00e1nyos b\u00e9tawi h\u00e1zak, joglo ihlette tet\u0151ik \u00e9s nangka fa szerkezet\u00fck a kor\u00e1bbi \u00e9letritmusra eml\u00e9keztet.<\/p>\n\n\n\n<p>Jakarta f\u0151utc\u00e1i a mag\u00e1ng\u00e9pj\u00e1rm\u0171-uralkod\u00e1s nyomait viselik magukon: a bels\u0151 \u00e9s k\u00fcls\u0151 k\u00f6rgy\u0171r\u0171k h\u00e1l\u00f3zata \u00f6t fizet\u0151s art\u00e9ri\u00e1n kereszt\u00fcl h\u00faz\u00f3dik, m\u00edg a cs\u00facsforgalmi id\u0151szakokat eg\u00e9sz napos forgalmi dug\u00f3k hat\u00e1rozz\u00e1k meg. A \u201ep\u00e1ros-p\u00e1ratlan\u201d rendsz\u00e1mt\u00e1bla-rendszer a torl\u00f3d\u00e1sok elleni \u00e1tmeneti int\u00e9zked\u00e9sk\u00e9nt a szem\u00e9lyg\u00e9pkocsik v\u00e1ltakoz\u00f3 napokra korl\u00e1tozza az utaz\u00e1st. Az ing\u00e1z\u00f3k aut\u00f3kr\u00f3l t\u00f6megk\u00f6zleked\u00e9sre val\u00f3 \u00e1tterel\u00e9s\u00e9re ir\u00e1nyul\u00f3 er\u0151fesz\u00edt\u00e9sek eredm\u00e9nyeket hoztak. A TransJakarta buszos gyorsvas\u00fatja \u2013 amelyet 2021-ben glob\u00e1lis Fenntarthat\u00f3 K\u00f6zleked\u00e9si D\u00edjjal ismertek el \u2013 az MRT, az LRT, a KRL Commuterline, a Jabodebek LRT \u00e9s a rep\u00fcl\u0151t\u00e9ri vas\u00fatvonal mellett m\u0171k\u00f6dik. 2023 szeptember\u00e9re a t\u00f6megk\u00f6zleked\u00e9s lefedetts\u00e9ge el\u00e9rte a v\u00e1ros 86%-\u00e1t, a c\u00e9l pedig 95%. Az utassz\u00e1m napi 2,6 milli\u00f3 k\u00f6r\u00fcl mozog.<\/p>\n\n\n\n<p>A kieg\u00e9sz\u00edt\u0151 k\u00f6zleked\u00e9si m\u00f3dok k\u00f6z\u00e9 tartoznak a mikrobuszok (angkot), a minibuszj\u00e1ratok (Minitrans, Metrotrans), a bajaj autoraks\u00e1k \u00e9s az alkalmaz\u00e1salap\u00fa taxik. A ker\u00e9kp\u00e1ros taxik haszn\u00e1lat\u00e1t betiltott\u00e1k a forgalom akad\u00e1lyoz\u00e1sa miatt. Egy szer\u00e9ny ker\u00e9kp\u00e1r\u00fat-h\u00e1l\u00f3zat \u2013 2021 k\u00f6zep\u00e9n hatvanh\u00e1rom kilom\u00e9ter, tov\u00e1bbi sz\u00e1z kilom\u00e9terrel a tervek szerint \u2013 az akt\u00edv mobilit\u00e1s ir\u00e1nti elk\u00f6telezetts\u00e9get jelzi. A Tanjung Priok f\u0151 tengeri kik\u00f6t\u0151je kont\u00e9nersz\u00e1ll\u00edt\u00f3 haj\u00f3kat \u00e9s kompokat ind\u00edt; az \u00f3v\u00e1rosban tal\u00e1lhat\u00f3 Sunda Kelapa kik\u00f6t\u0151je kik\u00f6ti a szigetek k\u00f6z\u00f6tti \u00fatvonalakon tov\u00e1bbra is k\u00f6zleked\u0151, f\u00e1b\u00f3l k\u00e9sz\u00fclt pinisi haj\u00f3kat. A Soekarno-Hatta nemzetk\u00f6zi rep\u00fcl\u0151t\u00e9r vil\u00e1gszerte \u00f6sszek\u00f6ttet\u00e9sben \u00e1ll Jakart\u00e1val, m\u00edg a Halim Perdanakusuma \u00e9s kisebb rep\u00fcl\u0151terek belf\u00f6ldi \u00e9s mag\u00e1nj\u00e1ratokat szolg\u00e1lnak ki.<\/p>\n\n\n\n<p>Jakart\u00e1ban a t\u00e1j\u00e9koz\u00f3d\u00e1s gyakran t\u00falmutat a GPS-en. Sok utca visel azonos nevet t\u00e1voli ker\u00fcletekben; a f\u0151\u00fatvonalak melletti sik\u00e1torok csak r\u00f3mai sz\u00e1mokkal jelennek meg. Egy olyan c\u00edm, mint a \u201eJl. Mangga Besar VIII\/21\u201d, a Mangga Besar \u00fatr\u00f3l le\u00e1gaz\u00f3 VIII. sik\u00e1torban tal\u00e1lhat\u00f3 21. sz\u00e1m\u00fa \u00e9p\u00fcletet jel\u00f6li. A helyi gyakorlatban az utaz\u00f3val szemben l\u00e9v\u0151 jelz\u0151t\u00e1bla a k\u00f6vetkez\u0151 utca nev\u00e9t viseli, nem pedig a keresztutc\u00e1t. A z\u00e1rt lak\u00f3parkok csoportjai megszeghetik ezt a logik\u00e1t, mivel a lak\u00f3telep \u00e9s az ir\u00e1ny\u00edt\u00f3sz\u00e1m ismeret\u00e9t is megk\u00f6vetelik. K\u00e9ts\u00e9g eset\u00e9n a lakosok a terept\u00e1rgyakra hagyatkoznak: hirdet\u0151t\u00e1bl\u00e1kra, ker\u00edt\u00e9ssz\u00ednekre, kiemelked\u0151 \u00e9p\u00fcletekre \u2013 vagy az ojek (motorker\u00e9kp\u00e1r-taxisof\u0151r\u00f6kre), akiknek helyi \u00fatvonalai a kampung s\u00e1vok h\u00e1l\u00f3zat\u00e1n haladnak kereszt\u00fcl.<\/p>\n\n\n\n<p>Jakarta tov\u00e1bbra is v\u00e1lasz\u00fat el\u0151tt \u00e1ll. 2019 augusztus\u00e1ban Joko Widodo eln\u00f6k bejelentette, hogy a nemzeti f\u0151v\u00e1rost a kelet-kalimantani Nusantar\u00e1ba helyezik \u00e1t. A l\u00e9p\u00e9s \u2013 amelyet a N\u00e9pi Konzultat\u00edv Gy\u0171l\u00e9s 2022. janu\u00e1r 18-\u00e1n hagyott j\u00f3v\u00e1 \u2013 c\u00e9lja, hogy tehermentes\u00edtse Jakart\u00e1t az adminisztrat\u00edv terhekt\u0151l, \u00e9s lehet\u0151v\u00e9 tegye a f\u00f6ldhaszn\u00e1latba, a k\u00f6rnyezetv\u00e9delembe \u00e9s az infrastrukt\u00far\u00e1ba t\u00f6rt\u00e9n\u0151 c\u00e9lzott beruh\u00e1z\u00e1sokat. A korm\u00e1ny m\u00e9gis \u00edg\u00e9retet tett arra, hogy t\u00f6bb mint 40 milli\u00e1rd doll\u00e1rt fektet be a megl\u00e9v\u0151 v\u00e1ros \u201emegment\u00e9s\u00e9be\u201d: a v\u00edzelvezet\u00e9s korszer\u0171s\u00edt\u00e9s\u00e9be, a t\u00f6megk\u00f6zleked\u00e9s b\u0151v\u00edt\u00e9s\u00e9be, a talajv\u00edz-kitermel\u00e9s szab\u00e1lyoz\u00e1s\u00e1ba \u00e9s a k\u00f6rnyezet min\u0151s\u00e9g\u00e9nek helyre\u00e1ll\u00edt\u00e1s\u00e1ba.<\/p>\n\n\n\n<p>Ez a kett\u0151s elk\u00f6telezetts\u00e9g \u2013 egy \u00faj f\u0151v\u00e1ros l\u00e9trehoz\u00e1sa \u00e9s a r\u00e9gi meger\u0151s\u00edt\u00e9se \u2013 t\u00fckr\u00f6zi Jakarta kett\u0151s identit\u00e1s\u00e1t, mint az orsz\u00e1g sz\u00e9khelye \u00e9s egyben \u00e9l\u0151 metropolisz. J\u00f6v\u0151je a n\u00f6veked\u00e9s \u00e9s a rugalmass\u00e1g harm\u00f3ni\u00e1j\u00e1t\u00f3l f\u00fcgg: a kultur\u00e1lis \u00f6r\u00f6ks\u00e9g meg\u0151rz\u00e9s\u00e9t\u0151l m\u00e9g az \u00faj tornyok emelked\u00e9sekor is; a mobilit\u00e1s kialak\u00edt\u00e1s\u00e1t\u00f3l a t\u00f6megk\u00f6zleked\u00e9s, nem pedig az aut\u00f3k k\u00f6r\u00e9; a v\u00e1ros szomj\u00e1nak \u00f6sszehangol\u00e1s\u00e1t\u00f3l a fenntarthat\u00f3 v\u00edzforr\u00e1sokkal; \u00e9s az alacsonyan fekv\u0151 ker\u00fcletek hozz\u00e1igaz\u00edt\u00e1s\u00e1t\u00f3l a v\u00e1ltoz\u00f3 partvonalhoz. Ha ezek a c\u00e9lok teljes\u00fclnek, Jakarta m\u00e9g mindig meg\u0151rizheti poz\u00edci\u00f3j\u00e1t Indon\u00e9zia n\u00e9lk\u00fcl\u00f6zhetetlen k\u00f6zpontjak\u00e9nt \u2013 a Nusantara tervezett rendj\u00e9nek nyugtalan\u00edt\u00f3, m\u00e9gis kit\u00f6r\u00f6lhetetlen kieg\u00e9sz\u00edt\u0151jek\u00e9nt.<\/p>\n\n\n\n<p>Jakarta t\u00f6rt\u00e9nete r\u00e9tegekb\u0151l \u00e1ll \u2013 geol\u00f3giai, t\u00f6rt\u00e9nelmi, t\u00e1rsadalmi \u00e9s politikai. Olyan hely, ahol a foly\u00f3k tal\u00e1lkoznak a tengerrel, ahol az \u00e9vsz\u00e1zados kereskedelem keveredik a modern p\u00e9nz\u00fcgyekkel, \u00e9s ahol a soksz\u00edn\u0171 k\u00f6z\u00f6ss\u00e9gek helyi \u00e9s kozmopolita v\u00e1rosi identit\u00e1st alak\u00edtanak ki. Utc\u00e1i l\u00fcktetnek a forgalomt\u00f3l, l\u00e1tk\u00e9pe a kereskedelem fel\u00e9 ny\u00falik, \u00e9s az emberek nap mint nap megk\u00fczdenek az \u00e9ghajlati \u00e9s k\u00f6rnyezeti kih\u00edv\u00e1sokkal. M\u00e9gis, a pihen\u0151 pillanataiban \u2013 a hajnal l\u00e1gy f\u00e9ny\u00e9ben a Merdeka t\u00e9ren, Menteng r\u00e9gi bungal\u00f3inak \u00e1rny\u00e9kos folyos\u00f3in, egy f\u0171szereket vagy sz\u00f6veteket \u00e1rus\u00edt\u00f3 pasar ny\u00fczsg\u00e9s\u00e9ben \u2013 az ember megpillanthatja a tart\u00f3s \u00e9let sz\u00f6vet\u00e9t. Jakarta megismer\u00e9se annyit tesz, mint \u00e9rt\u00e9kelni ellentmond\u00e1sait \u00e9s folytonoss\u00e1gait, elismerni t\u00f6r\u00e9kenys\u00e9geit \u00e9s erej\u00e9t, \u00e9s felismerni, hogy m\u00e9g v\u00e1ltoz\u00e1sai ellen\u00e9re is f\u00e9lre\u00e9rthetetlen\u00fcl \u00f6nmaga marad.<\/p>","protected":false},"excerpt":{"rendered":"<p>Jakarta, Indon\u00e9zia f\u0151v\u00e1rosa \u00e9s legn\u00e9pesebb v\u00e1rosa egy ny\u00fczsg\u0151 metropolisz, amelynek lakoss\u00e1ga t\u00f6bb mint 10,6 milli\u00f3 lakosra becs\u00fclhet\u0151 hivatalos k\u00f6zigazgat\u00e1si hat\u00e1rain bel\u00fcl. Strat\u00e9giailag j\u00f3 helyen, J\u00e1va \u00e9szaknyugati partj\u00e1n, a vil\u00e1g legn\u00e9pesebb sziget\u00e9n tal\u00e1lhat\u00f3 Jakarta Indon\u00e9zia politikai, gazdas\u00e1gi \u00e9s kultur\u00e1lis t\u00f6rekv\u00e9seinek magjak\u00e9nt funkcion\u00e1l. Ez a dinamikus nagyv\u00e1rosi csom\u00f3pont, amelyet hivatalosan Jakarta K\u00fcl\u00f6nleges F\u0151v\u00e1rosi R\u00e9gi\u00f3jak\u00e9nt (Daerah Khusus Ibukota Jakarta vagy DKI Jakarta) jel\u00f6ltek meg, \u00e9s az indon\u00e9z adminisztrat\u00edv keretek szerinti tartom\u00e1nyhoz hasonl\u00f3 megk\u00fcl\u00f6nb\u00f6ztet\u0151 st\u00e1tusszal rendelkezik.<\/p>","protected":false},"author":1,"featured_media":3518,"parent":15149,"menu_order":0,"comment_status":"closed","ping_status":"closed","template":"elementor_theme","meta":{"_eb_attr":"","footnotes":""},"class_list":["post-15155","page","type-page","status-publish","has-post-thumbnail"],"_links":{"self":[{"href":"https:\/\/travelshelper.com\/hu\/wp-json\/wp\/v2\/pages\/15155","targetHints":{"allow":["GET"]}}],"collection":[{"href":"https:\/\/travelshelper.com\/hu\/wp-json\/wp\/v2\/pages"}],"about":[{"href":"https:\/\/travelshelper.com\/hu\/wp-json\/wp\/v2\/types\/page"}],"author":[{"embeddable":true,"href":"https:\/\/travelshelper.com\/hu\/wp-json\/wp\/v2\/users\/1"}],"replies":[{"embeddable":true,"href":"https:\/\/travelshelper.com\/hu\/wp-json\/wp\/v2\/comments?post=15155"}],"version-history":[{"count":0,"href":"https:\/\/travelshelper.com\/hu\/wp-json\/wp\/v2\/pages\/15155\/revisions"}],"up":[{"embeddable":true,"href":"https:\/\/travelshelper.com\/hu\/wp-json\/wp\/v2\/pages\/15149"}],"wp:featuredmedia":[{"embeddable":true,"href":"https:\/\/travelshelper.com\/hu\/wp-json\/wp\/v2\/media\/3518"}],"wp:attachment":[{"href":"https:\/\/travelshelper.com\/hu\/wp-json\/wp\/v2\/media?parent=15155"}],"curies":[{"name":"wp","href":"https:\/\/api.w.org\/{rel}","templated":true}]}}