{"id":15122,"date":"2024-09-20T15:52:09","date_gmt":"2024-09-20T15:52:09","guid":{"rendered":"https:\/\/travelshelper.com\/staging\/?page_id=15122"},"modified":"2026-03-11T02:45:06","modified_gmt":"2026-03-11T02:45:06","slug":"bengaluru","status":"publish","type":"page","link":"https:\/\/travelshelper.com\/hu\/destinations\/asia\/india\/bengaluru\/","title":{"rendered":"Bengaluru"},"content":{"rendered":"<p>Bengaluru, angolul 2006-ig Bangalore n\u00e9ven ismert, egy fenns\u00edkon fekszik D\u00e9l-Indi\u00e1ban, nagyj\u00e1b\u00f3l 900 m\u00e9terrel a tengerszint felett. Karn\u00e1taka \u00e1llam f\u0151v\u00e1rosa, \u00e9s a 2011-es n\u00e9psz\u00e1ml\u00e1l\u00e1s szerint mintegy 8,4 milli\u00f3 lakos \u00e9lt a telep\u00fcl\u00e9s hat\u00e1rain bel\u00fcl, \u00edgy India harmadik legn\u00e9pesebb v\u00e1rosa, \u00e9s a legnagyobb d\u00e9len. A t\u00e1gabb nagyv\u00e1rosi agglomer\u00e1ci\u00f3 akkoriban k\u00f6r\u00fclbel\u00fcl 8,5 milli\u00f3 lakosra terjedt ki, amivel orsz\u00e1gos szinten az \u00f6t\u00f6dik helyen \u00e1llt. A 741 km\u00b2-es, t\u00f6bbnyire s\u00edk terepen elter\u00fcl\u0151 r\u00e9gi\u00f3 a Dekk\u00e1n-fenns\u00edk r\u00e9sz\u00e9t k\u00e9pez\u0151 Mysore-fenns\u00edk sz\u00edv\u00e9ben fekszik. Legmagasabb pontja Doddabettahalli k\u00f6zel\u00e9ben tal\u00e1lhat\u00f3, \u00e9s 962 m\u00e9tert tesz ki; d\u00e9len gr\u00e1nitb\u00f3l \u00e9s gneiszb\u0151l \u00e1ll\u00f3 szikl\u00e1s dombok fekszenek. A talajt\u00edpusok a v\u00f6r\u00f6s lateritt\u0151l az agyagos v\u00e1lyogtalajokig terjednek, \u00e9s elsz\u00f3rt v\u00edztestek tark\u00edtj\u00e1k a cserj\u00e9s ter\u00fcleteket \u00e9s a cs\u00f6kken\u0151 erd\u0151foltokat. Az 1970-es \u00e9vek elej\u00e9n az orsz\u00e1g t\u00f6bb mint k\u00e9tharmada erd\u0151s\u00fclt, a v\u00e1rosi n\u00f6veked\u00e9s miatt a lombkorona bor\u00edt\u00e1sa m\u00e1ra 15 sz\u00e1zal\u00e9k al\u00e1 cs\u00f6kkent.<\/p>\n\n\n\n<p>A r\u00e9g\u00e9szet arra utal, hogy m\u00e1r Kr. e. 4000-ben l\u00e9tezett emberi telep\u00fcl\u00e9s. A \u201eBengalooru\u201d n\u00e9v el\u0151sz\u00f6r egy Kr. u. 890-b\u0151l sz\u00e1rmaz\u00f3 kannada feliraton jelenik meg a Nageshwara templomban. A Kr. u. negyedik sz\u00e1zadt\u00f3l a Nyugati Ganga-dinasztia, majd a XI. sz\u00e1zadban a Chola csal\u00e1d, v\u00e9g\u00fcl pedig a Hoysala \u00e9s Vijayanagara uralkod\u00f3k kez\u00e9be ker\u00fclt az ir\u00e1ny\u00edt\u00e1s. 1537-ben I. Kempe Gowda, Vijayanagara hatalma alatt, megalap\u00edtotta azt a s\u00e1rer\u0151d\u00f6t, amelynek ter\u00fcletei a mai legr\u00e9gebbi ker\u00fcleteket, a petes-t alkotj\u00e1k. Vijayanagara hanyatl\u00e1sa ut\u00e1n kiki\u00e1ltotta az auton\u00f3mi\u00e1t, \u00e9s az egym\u00e1st k\u00f6vet\u0151 Gowda t\u00f6rzsf\u0151n\u00f6k\u00f6k kiterjesztett\u00e9k a telep\u00fcl\u00e9st. 1638-ban a Bijapur Szultan\u00e1tus er\u0151i legy\u0151zt\u00e9k III. Kempe Gowd\u00e1t; a v\u00e1ros Shahaji Bhonsle jagirja lett. A mogulok k\u00e9s\u0151bb \u00e1tadt\u00e1k az ir\u00e1ny\u00edt\u00e1st Mysore Wodeyar-dinaszti\u00e1j\u00e1nak. Krishnaraja Wodeyar II 1759-ben bek\u00f6vetkezett hal\u00e1la ut\u00e1n Hyder Ali ragadta mag\u00e1hoz a hatalmat, \u00e9s \u00e1tadta azt fi\u00e1nak, Tipu Sultannak.<\/p>\n\n\n\n<p>A brit er\u0151k elfoglalt\u00e1k a v\u00e1rost az angol-mysore h\u00e1bor\u00fak sor\u00e1n. Mysore hercegi \u00e1llam alatt a r\u00e9gi p\u00e9tesz maradt a k\u00f6zigazgat\u00e1si k\u00f6zpont, m\u00edg 1809-ben a Kelet-indiai T\u00e1rsas\u00e1g egy kantont hozott l\u00e9tre keleten. A tizenkilencedik sz\u00e1zad v\u00e9g\u00e9re k\u00e9t k\u00fcl\u00f6n\u00e1ll\u00f3 telep\u00fcl\u00e9s \u2013 p\u00e9tesz \u00e9s kanton \u2013 \u00e1llt egym\u00e1s mellett. India 1947-es f\u00fcggetlens\u00e9g\u00e9t k\u00f6vet\u0151en ezek 1949-ben egyetlen \u00f6nkorm\u00e1nyzati k\u00f6zigazgat\u00e1s al\u00e1 egyes\u00fcltek. A v\u00e1rost Mysore \u00e1llam f\u0151v\u00e1ros\u00e1v\u00e1 nyilv\u00e1n\u00edtott\u00e1k, amelyet 1973-ban Karnatak\u00e1ra neveztek \u00e1t. Az angol nyelvhaszn\u00e1latban a \u201eBangalore\u201d megmaradt, am\u00edg az \u00e1llam korm\u00e1nya 2006-ban vissza nem t\u00e9rt a \u201eBengaluru\u201d n\u00e9vre.<\/p>\n\n\n\n<p>Az \u00e9ghajlati feljegyz\u00e9sek szerint Bengaluru tr\u00f3pusi szavanna \u00f6vezetk\u00e9nt van besorolva, egy\u00e9rtelm\u0171en elk\u00fcl\u00f6n\u00fcl\u0151 sz\u00e1raz \u00e9s nedves \u00e9vszakokkal. Tengerszint feletti magass\u00e1ga m\u00e9rs\u00e9kli a h\u0151s\u00e9get; a ny\u00e1r \u2013 m\u00e1rciust\u00f3l m\u00e1jusig \u2013 id\u0151nk\u00e9nt meghaladja a 35 \u00b0C-ot, de ritk\u00e1n emelkedik 36 \u00b0C f\u00f6l\u00e9. \u00c1prilisban az \u00e1tlagos maximum h\u0151m\u00e9rs\u00e9klet 34,1 \u00b0C. Az \u00e9szakkeleti \u00e9s d\u00e9lnyugati monszunok j\u00fanius \u00e9s szeptember k\u00f6z\u00f6tt hozz\u00e1k a legt\u00f6bb es\u0151t, szeptemberben tet\u0151znek d\u00e9lut\u00e1ni \u00e9s esti viharokkal. A monszun ut\u00e1ni es\u0151z\u00e9sek okt\u00f3berben \u00e9s novemberben k\u00f6vetkeznek be. A t\u00e9l janu\u00e1rban k\u00f6zel 15 \u00b0C-os \u00e9jszakai m\u00e9lypontokat hoz. A t\u00f6rt\u00e9nelmi cs\u00facs\u00e9rt\u00e9k, 39,2 \u00b0C, 2016. \u00e1prilis 24-\u00e9n volt, a t\u00f6rt\u00e9nelmi m\u00e9lypont, 7,8 \u00b0C pedig 1884 janu\u00e1rj\u00e1ban. B\u00e1r viszonylag stabil szeizmikus z\u00f3n\u00e1ban tal\u00e1lhat\u00f3, a 4,5-\u00f6s er\u0151ss\u00e9g\u0171 f\u00f6ldreng\u00e9seket is \u00e9rezt\u00e9k m\u00e1r.<\/p>\n\n\n\n<p>2023-ra Bengaluru nagyv\u00e1rosi GDP-je el\u00e9rte a becsl\u00e9sek szerint a 359,9 milli\u00e1rd USD-t, amivel India legtermel\u00e9kenyebb v\u00e1rosi r\u00e9gi\u00f3i k\u00f6z\u00e9 ker\u00fclt. A szolg\u00e1ltat\u00e1sok a termel\u00e9s nagyj\u00e1b\u00f3l 39,5%-\u00e1t, a feldolgoz\u00f3ipar 36%-\u00e1t, a mez\u0151gazdas\u00e1g pedig 2,3%-\u00e1t teszik ki. A v\u00e1rosban tal\u00e1lhat\u00f3 India vezet\u0151 informatikai komplexuma, aminek k\u00f6sz\u00f6nhet\u0151en az \u201eIndia Szil\u00edcium-v\u00f6lgye\u201d nevet kapta. T\u00f6bb mint 2000 informatikai c\u00e9g m\u0171k\u00f6dik a hat\u00e1rain bel\u00fcl, m\u00edg az \u00e1llami tulajdon\u00fa gy\u00e1rt\u00f3k is jelent\u0151s \u00fczemeket tartanak fenn. A f\u0151bb ipari klaszterek kiterjednek a szomsz\u00e9dos ker\u00fcletekre, a nagyv\u00e1rosi r\u00e9gi\u00f3 \u00f6sszesen 7005 km\u00b2-t tesz ki Bengaluru v\u00e1rosi, Bengaluru vid\u00e9ki \u00e9s Ramanagara negyedeiben. Az 1985-ben megalakult Bangalore Metropolitan Region Development Authority fel\u00fcgyeli a region\u00e1lis tervez\u00e9st.<\/p>\n\n\n\n<p>Demogr\u00e1fiailag a 2011-es n\u00e9psz\u00e1ml\u00e1l\u00e1s 8 443 675 lakost regisztr\u00e1lt a telep\u00fcl\u00e9sen \u00e9s 8 499 399-et a v\u00e1rosi agglomer\u00e1ci\u00f3ban. 2016-ra a becsl\u00e9sek szerint az agglomer\u00e1ci\u00f3 lakoss\u00e1ga k\u00f6r\u00fclbel\u00fcl 10,45 milli\u00f3 volt, ami folyamatos bev\u00e1ndorl\u00e1st t\u00fckr\u00f6z. Az \u00fctemezett kasztok \u00e9s t\u00f6rzsek a lakoss\u00e1g mintegy 13,2 sz\u00e1zal\u00e9k\u00e1t teszik ki. Az egyenl\u0151tlens\u00e9gi mutat\u00f3k 0,64-es Gini-indexet eredm\u00e9nyeznek. A v\u00e1roslak\u00f3k k\u00f6r\u00fclbel\u00fcl 16 sz\u00e1zal\u00e9ka nagyj\u00e1b\u00f3l 600 nyomornegyedben \u00e9l, gyakran megb\u00edzhat\u00f3 v\u00edz- \u00e9s csatorn\u00e1z\u00e1si szolg\u00e1ltat\u00e1sok n\u00e9lk\u00fcl. A k\u00f6zeg\u00e9szs\u00e9g\u00fcgyi \u00e9s infrastruktur\u00e1lis egyenl\u0151tlens\u00e9gek tov\u00e1bbra is fenn\u00e1llnak a tehet\u0151s \u00e9s a munk\u00e1soszt\u00e1lybeli k\u00f6rny\u00e9kek k\u00f6z\u00f6tt. 2020-ban azonban a Lak\u00e1s\u00fcgyi \u00e9s V\u00e1rosfejleszt\u00e9si Miniszt\u00e9rium Bengalurut India leg\u00e9lhet\u0151bb v\u00e1ros\u00e1nak min\u0151s\u00edtette az egymilli\u00f3 lakos feletti lakosok k\u00f6z\u00f6tt.<\/p>\n\n\n\n<p>A vall\u00e1si h\u00edvek els\u0151sorban hinduk (78,9 sz\u00e1zal\u00e9k 2011-es adatok szerint), muszlimok (13,9 sz\u00e1zal\u00e9k), kereszt\u00e9nyek (5,4 sz\u00e1zal\u00e9k) \u00e9s dzsainok (1 sz\u00e1zal\u00e9k) k\u00f6z\u00f6tt oszlanak meg. A muszlim k\u00f6z\u00f6ss\u00e9gek k\u00f6z\u00e9 tartoznak a dakhini \u00e9s urdu nyelvet besz\u00e9l\u0151k, a kutchi memonok \u00e9s a mappil\u00e1k. A kereszt\u00e9ny csoportok r\u00f3mai katolikus alk\u00f6z\u00f6ss\u00e9geket \u2013 tamil, mangalori \u00e9s malaj\u00e1li \u2013 is magukban foglalnak, valamint k\u00fcl\u00f6nf\u00e9le protest\u00e1ns felekezeteket \u00e9s India \u00e9szakkeleti r\u00e9sz\u00e9r\u0151l \u00e9rkez\u0151 migr\u00e1nsokat.<\/p>\n\n\n\n<p>A k\u00f6zleked\u00e9si infrastrukt\u00fara l\u00e9gi, vas\u00fati, metr\u00f3-, k\u00f6z\u00fati \u00e9s buszh\u00e1l\u00f3zatot foglal mag\u00e1ban. A v\u00e1ros els\u0151 rep\u00fcl\u0151ter\u00e9t a Hindustan Aircraft Limited hozta l\u00e9tre 1941-ben, \u00e9s 2008-ig szolg\u00e1lt, amikor a Kempegowda Nemzetk\u00f6zi Rep\u00fcl\u0151t\u00e9r 31 km-re \u00e9szakra, Devanahalliban ny\u00edlt meg. Jelenleg az utasforgalom alapj\u00e1n a harmadik helyen \u00e1ll Indi\u00e1ban, \u00e9s l\u00e9gkondicion\u00e1lt expresszbuszok k\u00f6tik \u00f6ssze a v\u00e1rossal. A vas\u00fati szolg\u00e1ltat\u00e1s 1864-ben kezd\u0151d\u00f6tt a Cantonment\u2013Jolarpettai vonallal; a k\u00e9s\u0151bbi b\u0151v\u00edt\u00e9sek a Madras-Bangalore Mail \u00e9s a Southern Railway \u00f6vezet r\u00e9sz\u00e9t k\u00e9pezt\u00e9k. Ma a South Western Railway tizennyolc v\u00e1rosi \u00e1llom\u00e1st fel\u00fcgyel, k\u00f6zt\u00fck Bengaluru Cityt, Yesvantpurt, Cantonmentet \u00e9s Baiyappanahallit. Egy el\u0151v\u00e1rosi vas\u00fath\u00e1l\u00f3zat ki\u00e9p\u00edt\u00e9s\u00e9t 2026-ra tervezik. 2011 \u00f3ta a Namma Metro k\u00e9t vonalon sz\u00e1ll\u00edtott utasokat, \u00f6sszesen 76,95 km-en \u2013 ezzel India m\u00e1sodik leghosszabb metr\u00f3rendszere \u2013, tov\u00e1bbi h\u00e1rom vonal \u00e9p\u00edt\u00e9s alatt \u00e1ll.<\/p>\n\n\n\n<p>Az \u00fath\u00e1l\u00f3zat mintegy 14 000 km hossz\u00fa utc\u00e1t foglal mag\u00e1ban. Egy 10 km hossz\u00fa bels\u0151 k\u00f6rgy\u0171r\u0171 k\u00f6ti \u00f6ssze Koramangal\u00e1t Indira Nagarral; egy 60 km hossz\u00fa k\u00fcls\u0151 k\u00f6rgy\u0171r\u0171 veszi k\u00f6r\u00fcl a v\u00e1rosmagot. Egy tervezett 74 km hossz\u00fa peremk\u00f6rgy\u0171r\u0171 \u00f6sszek\u00f6tn\u00e9 a f\u0151bb \u00fatvonalakat. A v\u00e1ros az Arany N\u00e9gysz\u00f6g aut\u00f3p\u00e1lya-h\u00e1l\u00f3zaton fekszik, amelyet a 44-es, 48-as, 75-\u00f6s, 275-\u00f6s, 648-as \u00e9s 948-as nemzeti aut\u00f3p\u00e1ly\u00e1k szolg\u00e1lnak ki. A Bengaluru\u2013Mysuru gyorsforgalmi \u00fat 2023 m\u00e1rciusa \u00f3ta \u00fczemel; m\u00e1sok \u00e9p\u00edt\u00e9s alatt \u00e1ll\u00f3 vagy tervezett \u00fatvonalak c\u00e9lja a Csennai, Pune \u00e9s Nagpur\u2013Haidar\u00e1b\u00e1d \u00fatvonalak \u00f6sszek\u00f6ttet\u00e9s\u00e9nek jav\u00edt\u00e1sa.<\/p>\n\n\n\n<p>A nagyv\u00e1rosi hat\u00e1rokon bel\u00fcli buszk\u00f6zleked\u00e9st a Bengaluru Metropolitan Transport Corporation v\u00e9gzi, amelyet 1997-ben alap\u00edtottak. 2024-re napi 57 667 j\u00e1ratot bonyol\u00edtott le, mintegy 5766 \u00fatvonalon, 6340 j\u00e1rm\u0171b\u0151l \u00e1ll\u00f3 flott\u00e1val, bele\u00e9rtve t\u00f6bb mint 1100 elektromos buszt \u00e9s l\u00e9gkondicion\u00e1lt j\u00e1ratokat a rep\u00fcl\u0151t\u00e9rre. A Karnataka State Road Transport Corporation a v\u00e1rosok k\u00f6z\u00f6tti \u00fatvonalakat a Kempegowda, Shantinagar \u00e9s Mysuru Road buszp\u00e1lyaudvarokon tal\u00e1lhat\u00f3 f\u0151bb dep\u00f3kb\u00f3l kezeli. A hivatalos h\u00e1l\u00f3zatokat inform\u00e1lis szolg\u00e1ltat\u00e1sok \u2013 kisbuszok, autoraks\u00e1k, m\u00e9r\u0151\u00f3r\u00e1s taxik \u2013 eg\u00e9sz\u00edtik ki.<\/p>\n\n\n\n<p>A j\u00e1rm\u0171regisztr\u00e1ci\u00f3k sz\u00e1ma \u00e1tlagosan napi 1530 \u00faj bejegyz\u00e9s; 2023-ra a v\u00e1rosi flotta megk\u00f6zel\u00edtette a t\u00edzmilli\u00f3t, amelyb\u0151l mintegy 7,5 milli\u00f3 k\u00e9tkerek\u0171. A nem tervezett n\u00f6veked\u00e9s s\u00falyosb\u00edtotta a torl\u00f3d\u00e1sokat \u00e9s a k\u00f6rnyezetszennyez\u00e9st. A fel\u00fclj\u00e1r\u00f3k \u00e9s az egyir\u00e1ny\u00fa rendszerek korl\u00e1tozott m\u00e9rt\u00e9kben enyh\u00edtik a helyzetet. Egy 2016-os tanulm\u00e1ny szerint a d\u00edzel\u00fczem\u0171 j\u00e1rm\u0171vek t\u00f6bb mint egyharmada t\u00fall\u00e9pi a kibocs\u00e1t\u00e1si szabv\u00e1nyokat.<\/p>\n\n\n\n<p>Ezen kih\u00edv\u00e1sok ellen\u00e9re a z\u00f6ldter\u00fcletek tov\u00e1bbra is fennmaradtak. 2024-ben a v\u00e1rosi hat\u00f3s\u00e1gok 1288 parkot tartanak fenn. A Lal Bagh, amelynek \u00e9p\u00edt\u00e9se az 1760-as \u00e9vekben kezd\u0151d\u00f6tt, majd a tizenkilencedik sz\u00e1zadban 240 hekt\u00e1ros botanikai rezerv\u00e1tumm\u00e1 b\u0151v\u00fclt, egy \u0151si gneisz dombot \u00e9s egy Kempe Gowda \u00e1ltal \u00e9p\u00edtett, a tizenhatodik sz\u00e1zad v\u00e9g\u00e9n \u00e9p\u00fclt \u0151rtornyot foglal mag\u00e1ban, valamint egy a londoni Krist\u00e1lypalota mint\u00e1j\u00e1ra \u00e9p\u00fclt \u00fcvegh\u00e1zat. F\u00e9l\u00e9vente vir\u00e1gki\u00e1ll\u00edt\u00e1snak ad otthont, amely egybeesik a nemzeti \u00fcnneps\u00e9gekkel. A v\u00e1rosk\u00f6zpontban 1870 \u00f3ta 300 hekt\u00e1ron elter\u00fcl\u0151 Cubbon Parkban tal\u00e1lhat\u00f3 a v\u00e1rosi akv\u00e1rium \u00e9s a k\u00f6zponti k\u00f6nyvt\u00e1r. A mintegy 260 km\u00b2-re d\u00e9lre fekv\u0151 Bannerghatta Nemzeti Park az \u0151shonos vadvil\u00e1got \u0151rzi, m\u00edg az egykori k\u00f6zponti b\u00f6rt\u00f6nb\u0151l Szabads\u00e1g Park lett.<\/p>\n\n\n\n<p>A kultur\u00e1lis \u00e9let mag\u00e1ban foglalja a r\u00e9g\u00f3ta fenn\u00e1ll\u00f3 egyk\u00e9perny\u0151s mozikat \u2013 az Elgin Talkies 1896-ban ny\u00edlt meg \u2013, \u00e9s \u00fajabban a multiplex komplexumokat. K\u00fcl\u00f6nb\u00f6z\u0151 m\u0171faj\u00fa \u00e9s nyelv\u0171 sz\u00ednh\u00e1zi el\u0151ad\u00e1sok jelennek meg a nagyv\u00e1rosi ter\u00fclet helysz\u00ednein.<\/p>\n\n\n\n<p>Bengaluru k\u00e9t \u00e9vsz\u00e1zadon \u00e1t mag\u00e1ba sz\u00edvta a v\u00e1ltoz\u00f3 rezsimeket \u00e9s a gyors urbaniz\u00e1ci\u00f3t. T\u00e1ja \u00f6tv\u00f6zi a gyarmati telep\u00fcl\u00e9seket, a k\u00f6z\u00e9pkori v\u00e1rakat \u00e9s a modern \u00fcveg-ac\u00e9l tornyokat. Tov\u00e1bbra is m\u00e9rs\u00e9kelt \u00e9ghajlat, z\u00f6ld\u00f6vezetek \u00e9s az egyenetlen n\u00f6veked\u00e9s fesz\u00fclts\u00e9gei jellemzik. A statisztikai mutat\u00f3k t\u00fckr\u00f6zik mind gazdas\u00e1gi s\u00faly\u00e1t, mind t\u00e1rsadalmi megosztotts\u00e1g\u00e1t. Azonoss\u00e1ga m\u00e9gis megmaradt a k\u0151feliratokban, er\u0151d\u00edtm\u00e9nyekben \u00e9s vir\u00e1gz\u00f3 f\u00e1k ligeteiben, amelyek a kor\u00e1bbi korokra eml\u00e9keztetik a lakosokat, m\u00e9g akkor is, ha a v\u00e1ros fejl\u0151dik.<\/p>","protected":false},"excerpt":{"rendered":"<p>Bangalore, hivatalos nev\u00e9n Bengaluru, Karnataka, egy d\u00e9l-indiai \u00e1llam f\u0151v\u00e1rosa \u00e9s legnagyobb v\u00e1rosa. A Deccan-fenns\u00edkon strat\u00e9giailag elhelyezked\u0151 ny\u00fczsg\u0151 metropolisz a v\u00e1ros hat\u00e1rain bel\u00fcl t\u00f6bb mint 8 milli\u00f3 lakossal b\u00fcszk\u00e9lkedhet, m\u00edg a nagyv\u00e1rosi ter\u00fclet k\u00f6r\u00fclbel\u00fcl 15 milli\u00f3 lakost \u00f6lel fel. Ez a demogr\u00e1fiai er\u0151ss\u00e9g Bangalore-t India v\u00e1rosi t\u00e1j\u00e1nak \u00e9lvonal\u00e1ba sodorja, meg\u0151rizve poz\u00edci\u00f3j\u00e1t az orsz\u00e1g harmadik legn\u00e9pesebb v\u00e1rosak\u00e9nt \u00e9s negyedik legn\u00e9pesebb v\u00e1rosi agglomer\u00e1ci\u00f3jak\u00e9nt. A v\u00e1ros jelent\u0151s\u00e9ge t\u00falmutat a k\u00f6zvetlen r\u00e9gi\u00f3j\u00e1n, mivel D\u00e9l-India legn\u00e9pesebb v\u00e1rosa \u00e9s legnagyobb v\u00e1rosi agglomer\u00e1ci\u00f3ja. Vil\u00e1gviszonylatban Bangalore v\u00e1rosi kiterjed\u00e9se miatt a vil\u00e1g 27. legnagyobb v\u00e1rosa, hangs\u00falyozva nemzetk\u00f6zi jelent\u0151s\u00e9g\u00e9t.<\/p>","protected":false},"author":1,"featured_media":2804,"parent":15052,"menu_order":0,"comment_status":"closed","ping_status":"closed","template":"elementor_theme","meta":{"_eb_attr":"","footnotes":""},"class_list":["post-15122","page","type-page","status-publish","has-post-thumbnail"],"_links":{"self":[{"href":"https:\/\/travelshelper.com\/hu\/wp-json\/wp\/v2\/pages\/15122","targetHints":{"allow":["GET"]}}],"collection":[{"href":"https:\/\/travelshelper.com\/hu\/wp-json\/wp\/v2\/pages"}],"about":[{"href":"https:\/\/travelshelper.com\/hu\/wp-json\/wp\/v2\/types\/page"}],"author":[{"embeddable":true,"href":"https:\/\/travelshelper.com\/hu\/wp-json\/wp\/v2\/users\/1"}],"replies":[{"embeddable":true,"href":"https:\/\/travelshelper.com\/hu\/wp-json\/wp\/v2\/comments?post=15122"}],"version-history":[{"count":0,"href":"https:\/\/travelshelper.com\/hu\/wp-json\/wp\/v2\/pages\/15122\/revisions"}],"up":[{"embeddable":true,"href":"https:\/\/travelshelper.com\/hu\/wp-json\/wp\/v2\/pages\/15052"}],"wp:featuredmedia":[{"embeddable":true,"href":"https:\/\/travelshelper.com\/hu\/wp-json\/wp\/v2\/media\/2804"}],"wp:attachment":[{"href":"https:\/\/travelshelper.com\/hu\/wp-json\/wp\/v2\/media?parent=15122"}],"curies":[{"name":"wp","href":"https:\/\/api.w.org\/{rel}","templated":true}]}}