{"id":15095,"date":"2024-09-20T15:21:02","date_gmt":"2024-09-20T15:21:02","guid":{"rendered":"https:\/\/travelshelper.com\/staging\/?page_id=15095"},"modified":"2026-03-11T13:25:56","modified_gmt":"2026-03-11T13:25:56","slug":"uj-delhi","status":"publish","type":"page","link":"https:\/\/travelshelper.com\/hu\/destinations\/asia\/india\/new-delhi\/","title":{"rendered":"\u00daj-Delhi"},"content":{"rendered":"<p>\u00dajdelhi egyed\u00fcl\u00e1ll\u00f3 helyet foglal el India tudat\u00e1ban, egyszerre j\u00f3l k\u00f6r\u00fclhat\u00e1rolhat\u00f3 \u00f6nkorm\u00e1nyzat \u00e9s egy hatalmas metropolisz szimbolikus sz\u00edve. A huszadik sz\u00e1zad els\u0151 \u00e9vtizedeiben Brit India f\u0151v\u00e1rosak\u00e9nt alap\u00edtott\u00e1k, ma pedig India t\u00f6rv\u00e9nyhoz\u00f3, v\u00e9grehajt\u00f3 \u00e9s igazs\u00e1gszolg\u00e1ltat\u00e1si \u00e1gainak sz\u00e9khelyek\u00e9nt szolg\u00e1l, otthont adva a Rashtrapati Bhavannak, a Sansad Bhavannak \u00e9s a Legfels\u0151bb B\u00edr\u00f3s\u00e1gnak. M\u00e9gis, maga \u00dajdelhi \u2013 amelyet az \u00dajdelhi V\u00e1rosi Tan\u00e1cs (NDMC) igazgat, \u00e9s amely f\u0151k\u00e9nt Lutyens Delhij\u00e9nek ker\u00fcleteit foglalja mag\u00e1ban \u2013 csup\u00e1n egy t\u00f6red\u00e9ke a hatalmas Nemzeti F\u0151v\u00e1rosi Ter\u00fcletnek, amely maga is egy m\u00e9g t\u00e1gabb Nemzeti F\u0151v\u00e1rosi R\u00e9gi\u00f3ba tartozik, amely a szomsz\u00e9dos \u00e1llamokra is kiterjed, \u00e9s olyan v\u00e1rosokat foglal mag\u00e1ban, mint Noida, Gurgaon \u00e9s Ghaziabad.<\/p>\n\n\n\n<p>India f\u0151v\u00e1ros\u00e1nak Kalkutt\u00e1b\u00f3l Delhibe val\u00f3 \u00e1thelyez\u00e9s\u00e9r\u0151l sz\u00f3l\u00f3 d\u00f6nt\u00e9st 1911-ben hivataloss\u00e1 tett\u00e9k, amikor V. Gy\u00f6rgy kir\u00e1ly letette az alapk\u00f6vet a r\u00e9gi fallal k\u00f6r\u00fclvett v\u00e1ros d\u00e9li r\u00e9sz\u00e9n a Delhi Durbar alatt. Edwin Lutyens \u00e9s Herbert Baker ir\u00e1ny\u00edt\u00e1s\u00e1val az \u00faj k\u00f6zigazgat\u00e1si negyedek a k\u00f6vetkez\u0151 k\u00e9t \u00e9vtizedben emelkedtek; a nagy sug\u00e1rutak \u00e9s form\u00e1lis kertek elrendez\u00e9se a palladioi szimmetri\u00e1n kereszt\u00fcl sz\u0171rt birodalmi amb\u00edci\u00f3kat testes\u00edtette meg, ugyanakkor az \u0151shonos form\u00e1k hegyes utal\u00e1sait is mag\u00e1ban foglalta. A k\u00f6zponti tengely, amelyet ma Rajpath n\u00e9ven ismer\u00fcnk, a dombtet\u0151n \u00e1ll\u00f3 Rashtrapati Bhavant\u00f3l az India-kapuig h\u00faz\u00f3dik; a Janpath-tal \u2013 kor\u00e1bban Queen&#039;s Way-vel \u2013 val\u00f3 keresztez\u0151d\u00e9se egy mer\u0151leges gerincet hoz l\u00e9tre, amely kett\u00e9v\u00e1gja a v\u00e1ros f\u0151 kereskedelmi, diplom\u00e1ciai \u00e9s ceremoni\u00e1lis \u00f6vezeteit. A Raisina-dombot szeg\u00e9lyez\u0151 Titk\u00e1rs\u00e1gi \u00e9p\u00fcletek az eln\u00f6ki rezidencia \u00e9p\u00edt\u00e9szeti kiterjeszt\u00e9seik\u00e9nt sz\u00e9lesednek kifel\u00e9, m\u00edg a Connaught Place k\u00f6r alak\u00fa oszlopsorai a Royal Crescentet id\u00e9zik \u00f6sszet\u00e9veszthetetlen gyarmati visszhanggal.<\/p>\n\n\n\n<p>A mind\u00f6ssze 42,7 n\u00e9gyzetkilom\u00e9teres \u00dajdelhi a Jamuna foly\u00f3 s\u00edk \u00e1rter\u00fclet\u00e9n fekszik, alig n\u00e9h\u00e1ny m\u00e9teres szintk\u00fcl\u00f6nbs\u00e9ggel. Ker\u00fclete egykor az \u0151si Aravali-hegys\u00e9g legd\u00e9lebbi gerincein fek\u00fcdt, melynek maradv\u00e1nyai alkotj\u00e1k a Delhi-h\u00e1ts\u00e1got \u2013 az \u00fagynevezett Delhi t\u00fcdej\u00e9t. B\u00e1r a v\u00e1ros sz\u00e1razf\u00f6lddel k\u00f6r\u00fclv\u00e9ve fekszik, a leveg\u0151 \u00e9s a f\u00f6ld szezon\u00e1lis ingadoz\u00e1sainak van kit\u00e9ve: a IV. szeizmikus z\u00f3n\u00e1ba esik, \u00e9s t\u00f6bb t\u00f6r\u00e9svonalon nyugszik, gyakoriak a f\u00f6ldreng\u00e9sek \u2013 leggyakrabban enyhe sk\u00e1l\u00e1j\u00faak \u2013, \u00e9s az elm\u00falt k\u00e9t \u00e9vtizedben sz\u00e1mos jelent\u0151s l\u00f6k\u00e9st regisztr\u00e1ltak, k\u00f6zt\u00fck egy 2015-\u00f6s 5,4-es er\u0151ss\u00e9g\u0171 esem\u00e9nyt, amelynek epicentruma Nep\u00e1l k\u00f6zel\u00e9ben volt.<\/p>\n\n\n\n<p>\u00c9ghajlatilag \u00dajdelhire jellemz\u0151ek a sz\u00e9ls\u0151s\u00e9gek. A nyarak \u00e1prilist\u00f3l okt\u00f3berig tartanak, \u00e9s a h\u0151m\u00e9rs\u00e9klet rendszeresen meghaladja a 46 \u00b0C-ot, amit porral teli sz\u00e9l \u00e9s a monszunes\u0151k korl\u00e1toz\u00f3 p\u00e1ratartalma k\u00eds\u00e9r. A telek ezzel szemben r\u00f6videk \u00e9s enyheek: a nappali h\u0151m\u00e9rs\u00e9klet 10 \u00b0C k\u00f6r\u00fcl mozog, m\u00e9g akkor is, ha a reggeli k\u00f6d \u00e1tadja hely\u00e9t a halv\u00e1ny napf\u00e9nynek. Az \u00e9ves \u00e1tlagh\u0151m\u00e9rs\u00e9klet megk\u00f6zel\u00edti a 25 \u00b0C-ot, m\u00edg az \u00e1tlagos csapad\u00e9kmennyis\u00e9g \u2013 amelynek nagy r\u00e9sze j\u00fanius \u00e9s szeptember k\u00f6z\u00f6tt hullik \u2013 nagyj\u00e1b\u00f3l 774 millim\u00e9ter. 2024-ben a meteorol\u00f3giai \u00e1llom\u00e1sok \u00faj cs\u00facsot, 49,9 \u00b0C-ot regisztr\u00e1ltak, m\u00edg a valaha m\u00e9rt legalacsonyabb h\u0151m\u00e9rs\u00e9klet, -2,2 \u00b0C, 1967 janu\u00e1rj\u00e1ban m\u00e9rt\u00e9k.<\/p>\n\n\n\n<p>A 2011-es n\u00e9psz\u00e1ml\u00e1l\u00e1s idej\u00e9n az NDMC ter\u00fclet\u00e9n alig 250 000 lakos \u00e9lt. A hindi a k\u00f6z\u00f6s nyelv, m\u00edg az angol a hivatalos kereskedelem \u00e9s a korm\u00e1nyz\u00e1s nyelve. Az \u00edr\u00e1stud\u00e1si ar\u00e1ny \u00dajdelhiben meghaladja a 89 sz\u00e1zal\u00e9kot \u2013 ez a legmagasabb a nagyobb f\u0151v\u00e1rosi ter\u00fcleten bel\u00fcl. A v\u00e1ros vall\u00e1si \u00f6sszet\u00e9tele t\u00falnyom\u00f3r\u00e9szt hindu (k\u00f6r\u00fclbel\u00fcl 90 sz\u00e1zal\u00e9k), muszlim, kereszt\u00e9ny \u00e9s szikh kisebbs\u00e9gekkel, valamint kisebb dzsain, buddhista, p\u00e1rszi \u00e9s zsid\u00f3 k\u00f6z\u00f6ss\u00e9gekkel.<\/p>\n\n\n\n<p>Gazdas\u00e1gi szempontb\u00f3l \u00dajdelhi \u00c9szak-India p\u00e9nz\u00fcgyi k\u00f6zpontja. A 2010-es p\u00e9nz\u00fcgyi \u00e9vben a nett\u00f3 \u00e1llami hazai term\u00e9k (DMP) nomin\u00e1lis \u00e9rt\u00e9ke megk\u00f6zel\u00edtette az 1595 milli\u00e1rd r\u00fapi\u00e1t, v\u00e1s\u00e1rl\u00f3er\u0151-parit\u00e1son pedig a 6800 milli\u00e1rd r\u00fapi\u00e1t. A 2013-ban felm\u00e9rt egy f\u0151re jut\u00f3 j\u00f6vedelem alapj\u00e1n Delhi az indiai \u00e1llamok k\u00f6z\u00f6tt Goa ut\u00e1n a m\u00e1sodik helyen v\u00e9gzett. A form\u00e1lis gazdas\u00e1g a Connaught Place-b\u0151l \u00e9s a szomsz\u00e9dos folyos\u00f3kb\u00f3l, p\u00e9ld\u00e1ul a Barakhamba Roadb\u00f3l \u00e9s az ITO-b\u00f3l indul ki, a szolg\u00e1ltat\u00e1si szektor \u2013 informatika, telekommunik\u00e1ci\u00f3, p\u00e9nz\u00fcgy, vend\u00e9gl\u00e1t\u00e1s, m\u00e9dia \u00e9s turizmus \u2013 pedig k\u00e9pzett, angolul besz\u00e9l\u0151 munkaer\u0151b\u0151l profit\u00e1l. Glob\u00e1lis felm\u00e9r\u00e9sek \u00dajdelhit a felt\u00f6rekv\u0151 piaci kiskereskedelmi c\u00e9lpontok k\u00f6z\u00e9 sorolt\u00e1k, t\u00fckr\u00f6zve mind a belf\u00f6ldi j\u00f3l\u00e9tet, mind a nemzetk\u00f6zi befektet\u00e9seket.<\/p>\n\n\n\n<p>A kereskedelmen t\u00fal \u00dajdelhi identit\u00e1sa elv\u00e1laszthatatlanul k\u00f6t\u0151dik az \u00e1llamvezet\u00e9shez \u00e9s a l\u00e1tv\u00e1nyoss\u00e1gokhoz. A nemzeti \u00fcnnepeket \u2013 a k\u00f6zt\u00e1rsas\u00e1g napj\u00e1t janu\u00e1r 26-\u00e1n, a f\u00fcggetlens\u00e9g napj\u00e1t augusztus 15-\u00e9n \u00e9s a Gandhi Jayantit okt\u00f3ber 2-\u00e1n \u2013 par\u00e1d\u00e9val \u00fcnneplik a Rajpath ment\u00e9n. A k\u00f6zt\u00e1rsas\u00e1g napi felvonul\u00e1son katonai egys\u00e9gek, n\u00e9pi t\u00e1rsulatok \u00e9s tabl\u00f3bemutat\u00f3k vesznek r\u00e9szt, hatalmas k\u00f6z\u00f6ns\u00e9g el\u0151tt mes\u00e9lve el India kultur\u00e1lis pluralit\u00e1s\u00e1t \u00e9s harcm\u0171v\u00e9szeti \u00f6r\u00f6ks\u00e9g\u00e9t. A s\u00e1rk\u00e1nyereget\u00e9s tov\u00e1bbra is a f\u00fcggetlens\u00e9g napi \u00fcnneps\u00e9gek jelk\u00e9pe, az eget \u00e9l\u00e9nk mint\u00e1k \u00e9s feszes zsin\u00f3rok t\u00f6ltik meg.<\/p>\n\n\n\n<p>\u00dajdelhi kultur\u00e1lis \u00e9lete \u00e9ves vall\u00e1si \u00e9s eszt\u00e9tikai \u00fcnnepnapokon kereszt\u00fcl zajlik. A Diwali f\u00e9nyfesztiv\u00e1lt vezet be; a Holi festett porokkal festi az utc\u00e1kat \u00e9s tereket. A Durga Puja, a Teej \u00e9s a Chhath Puja a region\u00e1lis hagyom\u00e1nyokat k\u00e9pviseli, m\u00edg a kereszt\u00e9ny, muszlim, szikh, dzsain \u00e9s buddhista fesztiv\u00e1lok tark\u00edtj\u00e1k az \u00e9vet. A Kutub Fesztiv\u00e1l zen\u00e9szeket \u00e9s t\u00e1ncosokat hoz a magasod\u00f3 Kutub Minar \u00e1rny\u00e9k\u00e1ba, felid\u00e9zve az eml\u00e9km\u0171 tizenharmadik sz\u00e1zadi eredet\u00e9t, mint a szult\u00e1ns\u00e1g hatalm\u00e1nak szimb\u00f3lum\u00e1t. Az id\u00e9nyjelleg\u0171 v\u00e1s\u00e1rok \u2013 Nemzetk\u00f6zi Mang\u00f3fesztiv\u00e1l, s\u00e1rk\u00e1nyereget\u0151 Fesztiv\u00e1l, hatnapos Vasant Panchami szertart\u00e1sok \u2013 helyi sz\u00ednfoltot adnak a hangulatnak.<\/p>\n\n\n\n<p>Az \u00e9p\u00edt\u00e9szeti \u00f6r\u00f6ks\u00e9g \u00e9s a muzeol\u00f3gia sz\u00e1mos int\u00e9zm\u00e9nyben tal\u00e1lkozik. A Rashtrapati Bhavan kapuj\u00e1ban 1949-ben felavatott Nemzeti M\u00fazeum t\u00f6bb mint 200 000 m\u0171vet \u0151riz, 5000 \u00e9vb\u0151l \u00f6lelve fel. A k\u00f6zelben tal\u00e1lhat\u00f3 India-kapu az els\u0151 vil\u00e1gh\u00e1bor\u00faban \u00e9s a harmadik angol-afg\u00e1n h\u00e1bor\u00faban elesett indiai katon\u00e1knak \u00e1ll\u00edt eml\u00e9ket, \u00edv\u00e9t a p\u00e1rizsi Diadal\u00edv ihlette. Rajpath \u00e9s k\u00f6rny\u00e9ke ad otthont a Gy\u0151zelem Lelki Megsz\u00e1ll\u00e1s\u00e1nak \u00fcnneps\u00e9g\u00e9re, m\u00edg Gandhi Smriti \u00e9s Rajghat Mahatma Gandhi utols\u00f3 napjaira \u00e9s temet\u00e9si m\u00e1gly\u00e1j\u00e1ra eml\u00e9keznek. A Jantar Mantar, II. Maharaja Jai \u200b\u200bSingh tizennyolcadik sz\u00e1zadi obszervat\u00f3riuma a modern el\u0151tti csillag\u00e1szati \u200b\u200bkutat\u00e1sok tan\u00fabizonys\u00e1ga. A modern \u00e9s term\u00e9szeti m\u0171v\u00e9szetnek, vasutaknak, k\u00e9zm\u0171vess\u00e9gnek, b\u00e9lyegeknek \u00e9s bab\u00e1knak szentelt m\u00fazeumok, valamint a Legfels\u0151bb B\u00edr\u00f3s\u00e1g saj\u00e1t gal\u00e9ri\u00e1ja csendesebb elm\u00e9lked\u00e9sre adnak lehet\u0151s\u00e9get.<\/p>\n\n\n\n<p>A kertek \u00dajdelhi z\u00f6ld \u00f6r\u00f6ks\u00e9g\u00e9nek sz\u00edv\u00e9ben \u00e1llnak. A Lodi Gardens tizen\u00f6t\u00f6dik sz\u00e1zadi s\u00edrokat rejt hatalmas gyepfel\u00fcletek alatt. A Buddha Jayanti Park, a Nehru Park \u00e9s a R\u00f3zsakert tavasszal vir\u00e1gzik, m\u00edg az Eln\u00f6ki Birtok, a Shanti Path \u00e9s a Rajpath melletti csatorn\u00e1k kert\u00e9szeti formalit\u00e1st teremtenek. T\u00f6bb sz\u00e1z kisebb k\u00f6rny\u00e9kbeli \u00e9s k\u00f6rforgalmi telek \u00e1rny\u00e9kos \u00e9s szezon\u00e1lis vir\u00e1gz\u00e1s\u00fa v\u00e1rosi gobelint alkot.<\/p>\n\n\n\n<p>Az NDMC k\u00f6rzete \u00c9szak-India legtiszt\u00e1bb \u00f6vezet\u00e9nek bizonyult a 2017-es Swachh Survekshan felm\u00e9r\u00e9sben, ami a hullad\u00e9kgazd\u00e1lkod\u00e1si rendszereket, a higi\u00e9niai k\u00f6r\u00fclm\u00e9nyekhez val\u00f3 hozz\u00e1f\u00e9r\u00e9st \u00e9s a lakoss\u00e1g tudatoss\u00e1g\u00e1t t\u00fckr\u00f6zi. A k\u00f6rzet a meg\u00fajul\u00e1s id\u0151szak\u00e1ban \u00e1ll: a 2019-ben bemutatott Central Vista \u00dajj\u00e1\u00e9p\u00edt\u00e9si Projekt t\u00f6bb mint 440 hekt\u00e1rnyi k\u00f6zponti Delhi ter\u00fcletet alak\u00edt \u00e1t, bele\u00e9rtve az \u00faj parlamenti v\u00e1laszt\u00f3ker\u00fcleteket \u00e9s kultur\u00e1lis tereket, a becs\u00fclt k\u00f6lts\u00e9gvet\u00e9s 20 000 milli\u00e1rd r\u00fapia.<\/p>\n\n\n\n<p>A modern \u00f6sszek\u00f6ttet\u00e9sek forr\u00e1sa az Indira Gandhi Nemzetk\u00f6zi Rep\u00fcl\u0151t\u00e9r, egy jelent\u0151s d\u00e9l-\u00e1zsiai csom\u00f3pont, amely 2012\u201313-ban t\u00f6bb mint 35 milli\u00f3 utast szolg\u00e1lt ki, \u00e9s amelynek 3-as termin\u00e1lja \u00e9vente tov\u00e1bbi 37 milli\u00f3 utast fogad. Elismer\u00e9sei k\u00f6z\u00f6tt szerepel a Rep\u00fcl\u0151terek Nemzetk\u00f6zi Tan\u00e1cs\u00e1nak d\u00edja a forgalmi kateg\u00f3ri\u00e1j\u00e1n bel\u00fcli legjobb l\u00e9tes\u00edtm\u00e9ny\u00e9rt. A Delhi Rep\u00fcl\u0151klub, amelynek egykor a Safdarjung rep\u00fcl\u0151t\u00e9ren volt a sz\u00e9khelye, a merevsz\u00e1rny\u00fa rep\u00fcl\u00e9sek 2002-es megsz\u0171n\u00e9se \u00f3ta k\u00e9pz\u0151- \u00e9s VIP-\u00e1tsz\u00e1ll\u00f3 int\u00e9zm\u00e9nyk\u00e9nt m\u0171k\u00f6dik. Egy m\u00e1sodik kereskedelmi rep\u00fcl\u0151t\u00e9r \u00e9p\u00fcl Jewarban, a szomsz\u00e9dos Uttar Pradesh \u00e1llamban.<\/p>\n\n\n\n<p>A sz\u00e1razf\u00f6ldi k\u00f6zleked\u00e9s a Delhi Transport Corporation \u00e1ltal \u00fczemeltetett hatalmas, s\u0171r\u00edtett f\u00f6ldg\u00e1zzal m\u0171k\u00f6d\u0151 buszflott\u00e1n m\u00falik, amely a vil\u00e1g legnagyobb ilyen jelleg\u0171 v\u00e1llalata. Ezt a flott\u00e1t taxik, autoraks\u00e1k \u00e9s nagy s\u0171r\u0171s\u00e9g\u0171 mag\u00e1ng\u00e9pj\u00e1rm\u0171vek eg\u00e9sz\u00edtik ki, amelyek cs\u00facsid\u0151szakokban alig 15-20 km\/h \u00e1tlagsebess\u00e9get biztos\u00edtanak. A bels\u0151 \u00e9s k\u00fcls\u0151 k\u00f6rgy\u0171r\u0171k \u2013 51, illetve 47 kilom\u00e9ter hossz\u00faak \u2013 k\u00fcl\u00f6n\u00e1ll\u00f3 szintbeli csom\u00f3pontokkal veszik k\u00f6r\u00fcl Delhi k\u00f6zpontj\u00e1t. Fizet\u0151s gyorsforgalmi utak k\u00f6tik \u00f6ssze Noid\u00e1val, Gurga\u00f3val \u00e9s Faridabaddal, m\u00edg a 19-es, 44-es, 48-as \u00e9s 9-es orsz\u00e1gos aut\u00f3p\u00e1ly\u00e1k a f\u0151v\u00e1rost Kolkat\u00e1val, Srinagarral, Csennaival \u00e9s Pithoragarhhal k\u00f6tik \u00f6ssze.<\/p>\n\n\n\n<p>A vas\u00fatvonalak \u00f6t f\u0151 \u00e1llom\u00e1son \u2013 \u00dajdelhi, Delhi Junction, Hazrat Nizamuddin, Anand Vihar termin\u00e1l \u00e9s Sarai Rohilla \u2013 futnak \u00f6ssze, \u00e9s olyan el\u0151v\u00e1rosi j\u00e1ratokon kereszt\u00fcl vezetnek, mint p\u00e9ld\u00e1ul a 35 kilom\u00e9ter hossz\u00fa K\u00f6rgy\u0171r\u0171. A felsz\u00edn felett, 2002-ben megnyitott Delhi Metro rendszer ma t\u00edz, sz\u00ednk\u00f3dolt vonalb\u00f3l \u00e1ll 348 kilom\u00e9teren kereszt\u00fcl, \u00e9s 255 \u00e1llom\u00e1sb\u00f3l \u00e1ll, amelyek az NCT-n t\u00fal a szomsz\u00e9dos v\u00e1rosokba is kiterjednek. Vegyes nyomt\u00e1v\u00fa g\u00f6rd\u00fcl\u0151\u00e1llom\u00e1ny\u00e1nak \u00e9s univerz\u00e1lis akad\u00e1lymentes\u00edt\u00e9si funkci\u00f3inak k\u00f6sz\u00f6nhet\u0151en k\u00f6zel 400 000 j\u00e1rm\u0171vet t\u00e1vol\u00edtottak el a v\u00e1rosi utakr\u00f3l. A Delhi Metro Rail Corporation, amelyet a nemzeti \u00e9s a ter\u00fcleti korm\u00e1nyok k\u00f6z\u00f6sen birtokolnak, \u00e9s amelyet \u00e9vekig E. Sreedharan \u2013 a \u201eMetr\u00f3ember\u201d \u2013 vezetett, tov\u00e1bbra is export\u00e1lta tervez\u00e9si szak\u00e9rtelm\u00e9t, m\u00e9g akkor is, amikor olyan kih\u00edv\u00e1sokkal n\u00e9zett szembe, mint egy tragikus h\u00eddoml\u00e1s 2009-ben.<\/p>\n\n\n\n<p>A tervez\u00e9s, az \u00e9p\u00edt\u00e9szet, a korm\u00e1nyz\u00e1s \u00e9s a mindennapi \u00e9let ezen f\u00fazi\u00f3ja r\u00e9tegzett feliratok v\u00e1ros\u00e1v\u00e1 teszi \u00dajdelhit: cs\u00e1sz\u00e1ri terveket fednek be \u0151slakos mot\u00edvumok, mozdulatlan eml\u00e9km\u0171veket dzsungelszer\u0171 n\u00f6v\u00e9nyzet \u00e1rny\u00e9kol be, \u00e9s \u00fcnnepi sug\u00e1rutakat szeg\u00e9lyez az utcai kereskedelem. Szigor\u00fa formalit\u00e1s \u00e9s spont\u00e1n \u00fcnnepl\u00e9s helysz\u00edne, nyugodt kertekkel \u00e9s ny\u00fczsg\u0151 \u00e1tj\u00e1r\u00f3kkal. Mindenekel\u0151tt a modern India politikai \u00e9s kultur\u00e1lis k\u00f6zpontja marad, t\u00f6rt\u00e9nelme k\u0151be van v\u00e9sve, j\u00f6v\u0151je ac\u00e9lban, \u00fcvegben \u00e9s v\u00e9gtelen lehet\u0151s\u00e9gekben van felt\u00e9rk\u00e9pezve.<\/p>","protected":false},"excerpt":{"rendered":"<p>\u00dajdelhi, India f\u0151v\u00e1rosa egy dinamikus v\u00e1ros, amely Delhi Nemzeti F\u0151v\u00e1rosi Ter\u00fclet\u00e9n (NCT) bel\u00fcl tal\u00e1lhat\u00f3. A t\u00f6bb mint 250 000 lakos\u00fa \u00dajdelhi az indiai korm\u00e1nyz\u00e1s magjak\u00e9nt m\u0171k\u00f6dik, \u00e9s az orsz\u00e1g t\u00f6rt\u00e9nelmi \u00f6r\u00f6ks\u00e9g\u00e9t \u00e9s kort\u00e1rs amb\u00edci\u00f3it testes\u00edti meg. Ez a 42,7 n\u00e9gyzetkilom\u00e9teren (16,5 n\u00e9gyzetm\u00e9rf\u00f6ld\u00f6n) \u00e1t\u00edvel\u0151, ny\u00fczsg\u0151 metropolisz j\u00f3l p\u00e9ld\u00e1zza India birodalmi \u00f6r\u00f6ks\u00e9g\u00e9t \u00e9s vil\u00e1gm\u00e9ret\u0171 er\u0151m\u0171v\u00e9 fejl\u0151d\u00e9s\u00e9t.<\/p>","protected":false},"author":1,"featured_media":3037,"parent":15052,"menu_order":0,"comment_status":"closed","ping_status":"closed","template":"elementor_theme","meta":{"_eb_attr":"","footnotes":""},"class_list":["post-15095","page","type-page","status-publish","has-post-thumbnail"],"_links":{"self":[{"href":"https:\/\/travelshelper.com\/hu\/wp-json\/wp\/v2\/pages\/15095","targetHints":{"allow":["GET"]}}],"collection":[{"href":"https:\/\/travelshelper.com\/hu\/wp-json\/wp\/v2\/pages"}],"about":[{"href":"https:\/\/travelshelper.com\/hu\/wp-json\/wp\/v2\/types\/page"}],"author":[{"embeddable":true,"href":"https:\/\/travelshelper.com\/hu\/wp-json\/wp\/v2\/users\/1"}],"replies":[{"embeddable":true,"href":"https:\/\/travelshelper.com\/hu\/wp-json\/wp\/v2\/comments?post=15095"}],"version-history":[{"count":0,"href":"https:\/\/travelshelper.com\/hu\/wp-json\/wp\/v2\/pages\/15095\/revisions"}],"up":[{"embeddable":true,"href":"https:\/\/travelshelper.com\/hu\/wp-json\/wp\/v2\/pages\/15052"}],"wp:featuredmedia":[{"embeddable":true,"href":"https:\/\/travelshelper.com\/hu\/wp-json\/wp\/v2\/media\/3037"}],"wp:attachment":[{"href":"https:\/\/travelshelper.com\/hu\/wp-json\/wp\/v2\/media?parent=15095"}],"curies":[{"name":"wp","href":"https:\/\/api.w.org\/{rel}","templated":true}]}}