{"id":15067,"date":"2024-09-20T14:59:07","date_gmt":"2024-09-20T14:59:07","guid":{"rendered":"https:\/\/travelshelper.com\/staging\/?page_id=15067"},"modified":"2026-03-11T13:29:06","modified_gmt":"2026-03-11T13:29:06","slug":"kalkutta","status":"publish","type":"page","link":"https:\/\/travelshelper.com\/hu\/destinations\/asia\/india\/kolkata\/","title":{"rendered":"Kalkutta"},"content":{"rendered":"<p>Kalkutta, amelyet az ezredfordul\u00f3ig gyarmati nev\u00e9n Kalkutt\u00e1nak h\u00edvtak, jellegzetes helyet foglal el a Hooghly foly\u00f3 keleti partj\u00e1n, mintegy 80 kilom\u00e9terre nyugatra a mai Bangladest\u0151l. Nyugat-Beng\u00e1l f\u0151v\u00e1rosak\u00e9nt India keleti \u00e9s \u00e9szakkeleti r\u00e9gi\u00f3inak f\u0151 p\u00e9nz\u00fcgyi \u00e9s kereskedelmi k\u00f6zpontja. Mag\u00e1ban a v\u00e1rosban nagyj\u00e1b\u00f3l 4,5 milli\u00f3 lakos \u00e9l, m\u00edg a hatalmas Kalkutta nagyv\u00e1rosi ter\u00fclet t\u00f6bb mint 15 milli\u00f3 lelket foglal mag\u00e1ban, \u00edgy India harmadik legn\u00e9pesebb nagyv\u00e1rosi r\u00e9gi\u00f3ja, \u00e9s elszigetelten a hetedik legnagyobb v\u00e1rosa. Kalkutt\u00e1t gyakran az orsz\u00e1g kultur\u00e1lis f\u0151v\u00e1rosak\u00e9nt emlegetik, amely gazdag t\u00f6rt\u00e9nelmi \u00f6r\u00f6ks\u00e9get \u00f6tv\u00f6z a kort\u00e1rs dinamizmussal, a birodalom korabeli nagyszer\u0171s\u00e9g r\u00e9tegei \u00e9s a helyi energia minden keskeny sik\u00e1torban \u00e9s ny\u00edlt \u00e1tj\u00e1r\u00f3ban egy\u00fctt \u00e9lnek.<\/p>\n\n\n\n<p>Miel\u0151tt a Kelet-indiai T\u00e1rsas\u00e1g meg\u00e9rkezett, a ter\u00fclet h\u00e1rom szer\u00e9ny beng\u00e1li falub\u00f3l \u00e1llt \u2013 Gobindapurb\u00f3l, Sutanutib\u00f3l \u00e9s Kalikat\u00e1b\u00f3l \u2013, amelyek Beng\u00e1lia nav\u00e1bj\u00e1nak fennhat\u00f3s\u00e1ga alatt \u00e1lltak. 1690-ben a T\u00e1rsas\u00e1g kereskedelmi enged\u00e9lyt szerzett, \u00e9s hamarosan Sutanuti k\u00f6rny\u00e9k\u00e9t Fort Williamm\u00e9 alak\u00edtotta, egy meger\u0151s\u00edtett b\u00e1sty\u00e1v\u00e1 a riv\u00e1lis hatalmak ellen. Az er\u0151d 1756-os elfoglal\u00e1sa, amelyet Siraj ud-Daulah nav\u00e1b elfoglalt, gyors v\u00e1laszt v\u00e1ltott ki: Robert Clive 1757 j\u00faniusi veres\u00e9ge a nav\u00e1b felett Plassey-n\u00e9l \u00e1talak\u00edtotta a szubkontinens sors\u00e1t. Ezt k\u00f6vet\u0151en Kalkutta a T\u00e1rsas\u00e1g k\u00f6zigazgat\u00e1si k\u00f6zpontj\u00e1v\u00e1 fejl\u0151d\u00f6tt, hivatalosan Brit India t\u00e9nyleges f\u0151v\u00e1rosa lett eg\u00e9szen 1911-ig, amikor \u00dajdelhibe k\u00f6lt\u00f6z\u00f6tt. A 19. sz\u00e1zad v\u00e9g\u00e9re a birodalom v\u00e1rosi hierarchi\u00e1j\u00e1ban London ut\u00e1n a m\u00e1sodik helyen \u00e1llt, korm\u00e1nyzati hivataloknak, b\u00edr\u00f3s\u00e1goknak, egyetemeknek \u00e9s tudom\u00e1nyos t\u00e1rsas\u00e1goknak adva otthont. A v\u00e1ros intellektu\u00e1lis erjed\u00e9se \u2013 amelyet legjobban a beng\u00e1li renesz\u00e1nsz alakjai p\u00e9ld\u00e1znak \u2013 mind a m\u0171v\u00e9szi innov\u00e1ci\u00f3t, mind a politikai agit\u00e1ci\u00f3t t\u00e1pl\u00e1lta, \u00edgy Kalkutta a korai indiai nacionalizmus olvaszt\u00f3t\u00e9gely\u00e9v\u00e9 v\u00e1lt.<\/p>\n\n\n\n<p>Beng\u00e1l 1947-es feloszt\u00e1sa elv\u00e1gta a gazdas\u00e1gi h\u00e1torsz\u00e1gokat \u00e9s gy\u00f6kerest\u00fcl elszak\u00edtotta a k\u00f6z\u00f6ss\u00e9geket, Kalkutt\u00e1t pedig sz\u00e9tes\u00e9s sz\u00e9l\u00e9re sodorva. A kelet-beng\u00e1li hindu menek\u00fcltek \u00e1ltal felduzzadt v\u00e1ros t\u00falzs\u00fafolts\u00e1ggal, k\u00f6z\u00f6ss\u00e9gi visz\u00e1lyokkal \u00e9s a hanyatl\u00f3 gazdas\u00e1ggal k\u00fczd\u00f6tt. 1971-ben mened\u00e9ket ny\u00fajtott Banglades ideiglenes korm\u00e1ny\u00e1nak, meger\u0151s\u00edtve region\u00e1lis jelent\u0151s\u00e9g\u00e9t. Az 1990-es \u00e9vek liberaliz\u00e1ci\u00f3s hull\u00e1maiig azonban a szakszervezeti harcok \u00e9vtizedei \u00e9s a t\u0151keki\u00e1raml\u00e1s miatt a \u201ehaldokl\u00f3 v\u00e1ros\u201d g\u00fanyn\u00e9vvel illett\u00e9k. Az\u00f3ta a politikai reformok \u00e9s a mag\u00e1nbefektet\u00e9sek elkezdt\u00e9k megford\u00edtani a cs\u00f6kken\u00e9st, Kalkutt\u00e1t India h\u00e1rom legnagyobb nagyv\u00e1rosi gazdas\u00e1ga k\u00f6z\u00e9 emelve, a becs\u00fclt v\u00e1s\u00e1rl\u00f3er\u0151-parit\u00e1sos GDP-vel 150 \u00e9s 250 milli\u00e1rd doll\u00e1r k\u00f6z\u00f6tt.<\/p>\n\n\n\n<p>Kalkutta az als\u00f3 Gangesz-delt\u00e1ban fekszik, helyenk\u00e9nt alig \u00f6t m\u00e9terrel a tengerszint felett fekszik, eredeti vizes \u00e9l\u0151helyeit fokozatosan visszah\u00f3d\u00edtott\u00e1k lak\u00f3h\u00e1zak \u00e9s kereskedelem sz\u00e1m\u00e1ra. A fennmarad\u00f3 keleti Kalkuttai vizes \u00e9l\u0151helyek, amelyeket 1975-ben Ramsari ter\u00fclett\u00e9 nyilv\u00e1n\u00edtottak, term\u00e9szetes szennyv\u00edztiszt\u00edt\u00f3 rendszerk\u00e9nt \u00e9s hal\u00e1szati \u200b\u200b\u200b\u200bc\u00e9lpontk\u00e9nt m\u0171k\u00f6dnek. A felsz\u00edn alatt vastag, mintegy 7500 m\u00e9ter m\u00e9ly hordal\u00e9kos \u00fcled\u00e9kek fekszenek egy harmadlagos medence tetej\u00e9n, amelynek vet\u0151s z\u00f3n\u00e1ja a v\u00e1ros alatt tal\u00e1lhat\u00f3. A III. szeizmikus z\u00f3n\u00e1ba sorolt \u200b\u200bKalkutt\u00e1nak egyens\u00falyt kell teremtenie alacsony fekv\u00e9s\u0171 domborzata \u00e9s a r\u00e9gi\u00f3 tr\u00f3pusi szavanna \u00e9ghajlata k\u00f6z\u00f6tt, amelyet perzsel\u0151 nyarak, monszunos es\u0151z\u00e9sek \u00e9s a ciklon\u00e1lis kock\u00e1zat jellemez, amely India egyik legmagasabbjai k\u00f6z\u00e9 tartozik.<\/p>\n\n\n\n<p>Kalkuttai V\u00e1rosh\u00e1za 206 n\u00e9gyzetkilom\u00e9teres ter\u00fclet\u00e9n bel\u00fcl a v\u00e1ros mintegy t\u00edz kilom\u00e9terre h\u00faz\u00f3dik a foly\u00f3partt\u00f3l az elker\u00fcl\u0151 szakaszig, \u00e9s ennek majdnem a k\u00e9tszerese \u00e9szakr\u00f3l d\u00e9lre. N\u00e9gy nagy szektor \u2013 \u00c9szak, K\u00f6z\u00e9p, D\u00e9l \u00e9s Kelet \u2013 a n\u00f6veked\u00e9s k\u00fcl\u00f6nb\u00f6z\u0151 szakaszait t\u00fckr\u00f6zi:<\/p>\n\n\n\n<ul class=\"wp-block-list\">\n<li>\u00c9szak-Kolkata \u0151rzi a tizenkilencedik sz\u00e1zadi patin\u00e1t. Labirintusszer\u0171 utc\u00e1i olyan v\u00e1rosr\u00e9szekben, mint Jorasanko, Shyambazar \u00e9s Bagbazar, omladoz\u00f3 k\u00fari\u00e1kat \u00e9s b\u00edborv\u00f6r\u00f6s templomtornyokat t\u00e1rnak fel egym\u00e1s mellett.<\/li>\n\n\n\n<li>Kalkutta k\u00f6zpontja mag\u00e1ban foglalja az eredeti \u00fczleti negyedet, amelynek k\u00f6zpontja a BBD Bagh (kor\u00e1bban Dalhousie t\u00e9r) \u00e9s a hozz\u00e1 tartoz\u00f3 Esplanade. Itt tal\u00e1lhat\u00f3 a Titk\u00e1rs\u00e1g, a Legfels\u0151bb B\u00edr\u00f3s\u00e1g, a Nemzeti Bank \u00e9s a gyarmati korabeli posta a Rajiv Gandhi Sarani \u00e9s a Jawaharlal Nehru \u00fat ment\u00e9n.<\/li>\n\n\n\n<li>D\u00e9l-Kolkata a f\u00fcggetlens\u00e9g ut\u00e1n jelent meg, sz\u00e9lesebb utc\u00e1i \u00e9s \u00fajabb lak\u00f3\u00f6vezetei \u2013 Alipore, Ballygunge, Tollygunge \u2013 keretezik a Majdant, a v\u00e1ros t\u00fcdejek\u00e9nt ismert hatalmas z\u00f6ldter\u00fcletet. D\u00e9li sz\u00e9l\u00e9n olyan nevezetess\u00e9gek tal\u00e1lhat\u00f3k, mint a Vikt\u00f3ria-eml\u00e9km\u0171 \u00e9s a Kolkata versenyp\u00e1lya.<\/li>\n\n\n\n<li>Kelet-Kolkata, a hivatalos hat\u00e1ron t\u00fal, Salt Lake City-nek (Bidhannagar) \u00e9s New Town-nak (Rajarhat) ad helyet, k\u00e9t tervezett szatellitnek, amelyek magukba sz\u00edvt\u00e1k az informatikai parkokat, kongresszusi k\u00f6zpontokat \u00e9s modern lak\u00f3telepeket.<\/li>\n<\/ul>\n\n\n\n<p>A t\u00e1gabb \u2013 k\u00f6zel 1900 n\u00e9gyzetkilom\u00e9teres \u2013 nagyv\u00e1rosi ter\u00fcleten 72 v\u00e1ros, 527 telep\u00fcl\u00e9s \u00e9s t\u00f6bb tucat telep\u00fcl\u00e9s tal\u00e1lhat\u00f3 \u00f6t ker\u00fclet egyes r\u00e9szein: \u00e9szakon \u00e9s d\u00e9len Parganas, Howrah, Hooghly \u00e9s Nadia.<\/p>\n\n\n\n<p>Kalkutta Kelet-India kereskedelmi k\u00f6zpontjak\u00e9nt bet\u00f6lt\u00f6tt st\u00e1tusz\u00e1t a kalkuttai t\u0151zsde, az orsz\u00e1g egyik legr\u00e9gebbi t\u0151zsd\u00e9je t\u00e1masztja al\u00e1. A Kalkuttai Kik\u00f6t\u0151, amelyet 1870-ben nyitottak meg \u00e9s a Kalkuttai Kik\u00f6t\u0151i Tr\u00f6szt \u00fczemeltet, tov\u00e1bbra is az orsz\u00e1g egyetlen jelent\u0151s folyami kik\u00f6t\u0151je, amely a Port Blairbe tart\u00f3 szem\u00e9lysz\u00e1ll\u00edt\u00f3 kompokat \u00e9s a vil\u00e1g minden t\u00e1j\u00e1ra tart\u00f3 teherhaj\u00f3kat fogadja. A v\u00e1ros Dum Dum-i rep\u00fcl\u0151tere, amelyet 2013-ban korszer\u0171s\u00edtettek, \u00f6sszek\u00f6ti a v\u00e1rost belf\u00f6ldi c\u00e9l\u00e1llom\u00e1sokkal \u00e9s egyes nemzetk\u00f6zi \u00e1tj\u00e1r\u00f3kkal. Az 1960-as \u00e9vekt\u0151l az 1990-es \u00e9vekig terjed\u0151, burj\u00e1nz\u00f3 szakszervezeti hatalom \u00e9s munk\u00e1ssztr\u00e1jkok azonban gy\u00e1rbez\u00e1r\u00e1sokhoz \u00e9s t\u0151kekivon\u00e1shoz vezettek, be\u00e1rny\u00e9kolva Kalkutta ipari alapjait. Az 1990-es \u00e9vek gazdas\u00e1gi liberaliz\u00e1ci\u00f3ja, az \u00e1llami szint\u0171 politikai v\u00e1ltoz\u00e1sokkal egy\u00fctt, az\u00f3ta fokozatos \u00fajj\u00e1\u00e9led\u00e9st eredm\u00e9nyezett.<\/p>\n\n\n\n<p>A lakosok \u2013 legyenek azok kalkuttaiak vagy kolkataiak \u2013 \u00f6sszetett t\u00e1rsadalmat t\u00fckr\u00f6znek. A 2011-es n\u00e9psz\u00e1ml\u00e1l\u00e1s 4,49 milli\u00f3 f\u0151t jelentett az \u00f6nkorm\u00e1nyzati k\u00f6rzetben, ami kism\u00e9rt\u00e9k\u0171 cs\u00f6kken\u00e9st jelent 2001-hez k\u00e9pest, \u00e9s a v\u00e1rosi agglomer\u00e1ci\u00f3 meghaladta a 14 milli\u00f3t. Az \u00edr\u00e1stud\u00e1si ar\u00e1ny 87 sz\u00e1zal\u00e9kos, meghaladja az orsz\u00e1gos \u00e1tlagot, m\u00e9g akkor is, ha a nemek ar\u00e1ny\u00e1t tov\u00e1bbra is torz\u00edtja a f\u00e9rfiak munkav\u00e1llal\u00e1si c\u00e9l\u00fa bev\u00e1ndorl\u00e1sa. A beng\u00e1li nyelv domin\u00e1l, amelyet a jelent\u0151s kisebbs\u00e9gek k\u00f6z\u00f6tt az angol, a hindi \u00e9s az urdu eg\u00e9sz\u00edt ki. Vall\u00e1silag a lakoss\u00e1g nagyj\u00e1b\u00f3l h\u00e1romnegyed\u00e9t hinduk teszik ki, a fennmarad\u00f3 r\u00e9szt pedig muszlimok, kereszt\u00e9nyek, dzsain\u00e1k, szikhek \u00e9s buddhist\u00e1k.<\/p>\n\n\n\n<p>Kalkutta legkor\u00e1bbi gyorsvas\u00fati rendszere \u2013 a villamos \u2013 h\u00e1rom \u00fatvonalon maradt fenn, a gyarmati utcai vasutak maradv\u00e1nya, amelyeket ma a Nyugat-Beng\u00e1li K\u00f6zleked\u00e9si V\u00e1llalat \u00fczemeltet. A Kalkuttai El\u0151v\u00e1rosi Vas\u00fat, amely az \u00e1llom\u00e1sok sz\u00e1m\u00e1t tekintve a vil\u00e1g legnagyobbjai k\u00f6z\u00e9 tartozik, \u00e9s a Kalkuttai Metr\u00f3, India els\u0151 f\u00f6ldalatti vonala (1984), a napi ing\u00e1z\u00e1s gerinc\u00e9t alkotja. Az \u00e9szak-d\u00e9li ir\u00e1ny\u00fa K\u00e9k vonal kett\u00e9szeli a v\u00e1rost, \u00e9s 2020 \u00f3ta a kelet-nyugati ir\u00e1ny\u00fa Z\u00f6ld vonal k\u00f6ti \u00f6ssze Salt Lake Cityt Howrah-val. Lila \u00e9s Narancss\u00e1rga vonalak is \u00fczemelnek. A f\u00f6ldszinten egy kiterjedt \u00fath\u00e1l\u00f3zat \u2013 1850 kilom\u00e9ter a v\u00e1roson bel\u00fcl \u00e9s t\u00f6bb mint 4000 kilom\u00e9ter a metr\u00f3 sz\u00e9less\u00e9g\u00e9ben \u2013 India legnagyobb aut\u00f3s\u0171r\u0171s\u00e9g\u00e9vel rendelkezik, kilom\u00e9terenk\u00e9nt t\u00f6bb mint 2400 j\u00e1rm\u0171vel. A torl\u00f3d\u00e1sok l\u00e9gszennyez\u00e9st \u00e9s id\u0151szakos v\u00edz\u00e1ll\u00e1st okoznak a monszun idej\u00e9n. Az auto-riks\u00e1k, a s\u00e1rga Ambassador taxik, a ker\u00e9kp\u00e1r-riks\u00e1k \u00e9s a k\u00e9zzel h\u00fazott kocsik az utols\u00f3 m\u00e9rf\u00f6ldes megold\u00e1sokat k\u00edn\u00e1lj\u00e1k. A t\u00e1vols\u00e1gi vas\u00fati szolg\u00e1ltat\u00e1sok \u00f6t f\u0151 \u00e1llom\u00e1sr\u00f3l indulnak \u2013 Howrah (a legforgalmasabb komplexum), Sealdah, Kalkutta, Shalimar \u00e9s Santragachi \u2013, m\u00edg az olyan aut\u00f3p\u00e1ly\u00e1k, mint az Arany N\u00e9gysz\u00f6g \u00e9s a 12-es nemzeti aut\u00f3p\u00e1lya, a k\u00fclv\u00e1rosban kezd\u0151dnek. Az olyan gyorsforgalmi utak, mint a Belghoria \u00e9s a Kona, teljes m\u00e9rt\u00e9kben \u00fczemelnek, a Kalyani \u00e9p\u00edt\u00e9s alatt \u00e1ll, \u00e9s a j\u00f6v\u0151ben Patna \u00e9s Varanasi fel\u00e9 is terveznek \u00f6sszek\u00f6ttet\u00e9st. A nemzetk\u00f6zi k\u00f6z\u00fati folyos\u00f3k a Jessore \u00faton kereszt\u00fcl csatlakoznak Bangladessel, a Trilater\u00e1lis aut\u00f3p\u00e1ly\u00e1n kereszt\u00fcl Thaif\u00f6lddel \u00e9s Mianmarral, valamint sz\u00e1razf\u00f6ld\u00f6n Nep\u00e1l \u00e9s Bhut\u00e1n fel\u00e9.<\/p>\n\n\n\n<p>Kalkutta intellektu\u00e1lis m\u00faltja \u00e9vsz\u00e1zadokra ny\u00falik vissza. A Kalkuttai Egyetem, amelyet 1857-ben alap\u00edtottak D\u00e9l-\u00c1zsia els\u0151 modern egyetemek\u00e9nt, \u00e9s a hozz\u00e1 tartoz\u00f3 f\u0151iskol\u00e1k jog\u00e1szokat, tud\u00f3sokat \u00e9s politikai vezet\u0151ket neveltek. Az \u00c1zsiai T\u00e1rsas\u00e1g (alap\u00edtva 1784-ben) \u00e9s a K\u00e9pz\u0151m\u0171v\u00e9szeti Akad\u00e9mia ritka k\u00e9ziratokat \u00e9s k\u00e9pz\u0151m\u0171v\u00e9szeti gy\u0171jtem\u00e9nyeket \u0151riz. Az Indiai M\u00fazeum (1814) \u00e9s a Nemzeti K\u00f6nyvt\u00e1r nemzetet meghat\u00e1roz\u00f3 arch\u00edvumokat \u0151riz, m\u00edg a foly\u00f3parton tal\u00e1lhat\u00f3 Tudom\u00e1nyos V\u00e1ros interakt\u00edv ki\u00e1ll\u00edt\u00e1soknak ad otthont. A tudom\u00e1nyos kutat\u00e1s vir\u00e1gzik az Indiai F\u00f6ldtani \u00e9s Botanikai Felm\u00e9r\u00e9sekn\u00e9l, a Zool\u00f3giai Felm\u00e9r\u00e9sekn\u00e9l, a Kalkuttai Matematikai T\u00e1rsas\u00e1gn\u00e1l, az Antropol\u00f3giai Felm\u00e9r\u00e9sekn\u00e9l, valamint a kert\u00e9szettel, a m\u00e9rn\u00f6ki tudom\u00e1nyokkal \u00e9s a k\u00f6zeg\u00e9szs\u00e9g\u00fcggyel foglalkoz\u00f3 int\u00e9zm\u00e9nyekn\u00e9l. N\u00e9gy Nobel-d\u00edjas \u00e9s k\u00e9t k\u00f6zgazdas\u00e1gi Nobel-eml\u00e9kd\u00edjas k\u00f6t\u0151dik Kalkutt\u00e1hoz, ami bizony\u00edtja a v\u00e1ros tudom\u00e1nyos \u00e9leterej\u00e9t. A v\u00e1ros filmipara \u2013 a Tollywood \u2013 tov\u00e1bbra is meghat\u00e1rozza a beng\u00e1li nyelv\u0171 moziz\u00e1st.<\/p>\n\n\n\n<p>A mogul, az indo-szarac\u00e9n \u00e9s a gyarmati st\u00edlusjegyek \u00e9p\u00edt\u00e9szeti visszhangjai tark\u00edtj\u00e1k a v\u00e1ros sz\u00f6vet\u00e9t: a Howrah h\u00edd gr\u00e1nitburkol\u00f3 kiterjed\u00e9se, a Victoria Memorial feh\u00e9r m\u00e1rv\u00e1nypomp\u00e1ja \u00e9s a Grand Hotel szecesszi\u00f3s homlokzata. Csak itt maradt fenn India mag\u00e1nyos k\u00ednai negyede, a zsid\u00f3, \u00f6rm\u00e9ny, g\u00f6r\u00f6g \u00e9s angol-indiai negyedek nyomai mellett. Minden egyes para \u2013 szorosan \u00f6sszetart\u00f3 k\u00f6rny\u00e9k \u2013 lakosai klubokban vagy mez\u0151k\u00f6n gy\u0171lnek \u00f6ssze, gener\u00e1ci\u00f3kon \u00e1t\u00edvel\u0151 k\u00f6z\u00f6ss\u00e9gi identit\u00e1st \u00e1polva. Az Adda, vagyis a struktur\u00e1latlan besz\u00e9lget\u00e9s \u00e1thatja a k\u00e1v\u00e9z\u00f3kat, verand\u00e1kat \u00e9s teastandokat, ahol a vit\u00e1k a politik\u00e1t\u00f3l a k\u00f6lt\u00e9szetig terjednek. A politikai graffitik az utcaszint\u0171 komment\u00e1rok r\u00e9teg\u00e9t adj\u00e1k hozz\u00e1, szatirikus sablonjai \u00e9s limerickjei a v\u00e1ros falaira vannak v\u00e9sve.<\/p>\n\n\n\n<p>Minden \u00e9vben Durga P\u00fadzsa \u00e1talak\u00edtja Kalkutt\u00e1t. Minden \u0151sszel t\u00edz napon \u00e1t t\u00f6bb ezer d\u00edszes pand\u00e1l, mindegyiket helyi bizotts\u00e1gok t\u00e1mogatj\u00e1k, tisztelegnek az istenn\u0151 el\u0151tt szobrokkal, zen\u00e9vel \u00e9s ritu\u00e1l\u00e9kkal. Ez az esem\u00e9ny az UNESCO Vil\u00e1g\u00f6r\u00f6ks\u00e9g r\u00e9sz\u00e9v\u00e9 v\u00e1lt megfoghatatlan kultur\u00e1lis \u00e9rt\u00e9ke miatt. Ez a fesztiv\u00e1l annyira kiemelked\u0151, hogy Kalkutt\u00e1t az \u201e\u00d6r\u00f6m V\u00e1ros\u00e1nak\u201d keresztelt\u00e9k el, egy g\u00fanyn\u00e9v, amelyet reg\u00e9nyek \u00e9s filmek tettek n\u00e9pszer\u0171v\u00e9, de amely a v\u00e1ros kollekt\u00edv szellem\u00e9ben gy\u00f6kerezik.<\/p>\n\n\n\n<p>A 2000-es \u00e9vek eleje \u00f3ta a v\u00e1ros kiterjed\u00e9se d\u00e9l \u00e9s kelet fel\u00e9 terjeszkedett. A toronyh\u00e1zak \u2013 amelyek egykor alacsony, gyarmati st\u00edlus\u00fa t\u00f6mb\u00f6kre korl\u00e1toz\u00f3dtak \u2013 ma m\u00e1r ak\u00e1r h\u00fasz emeletet is el\u00e9rnek, k\u00fcl\u00f6n\u00f6sen D\u00e9l-Kolkatat\u00e1ban. A Keleti Metropolitan Bypass folyos\u00f3n luxushotelek, bev\u00e1s\u00e1rl\u00f3k\u00f6zpontok, k\u00f3rh\u00e1zak \u00e9s multiplexek tal\u00e1lhat\u00f3k. Az India egyik legnagyobb tervezett fejleszt\u00e9sek\u00e9nt elk\u00e9pzelt \u00dajv\u00e1ros \u00e9s Bidhannagar 5. szektora vir\u00e1gz\u00f3 informatikai \u00e9s telekommunik\u00e1ci\u00f3s c\u00e9geknek ad otthont. Ezek az el\u0151ny\u00f6k azonban egy\u00fctt \u00e9lnek a m\u00e9lyen gy\u00f6kerez\u0151 v\u00e1rosi szeg\u00e9nys\u00e9ggel: a nyomornegyedek a lakosok t\u00f6bb mint negyed\u00e9t adj\u00e1k otthonuknak, gyakran kiv\u00e1l\u00f3 helyeken. Az \u00fajj\u00e1\u00e9p\u00edt\u00e9si kezdem\u00e9nyez\u00e9sek ellen\u00e1ll\u00e1sba \u00fctk\u00f6znek azokban a k\u00f6z\u00f6ss\u00e9gekben, amelyek t\u00e1rsadalmi h\u00e1l\u00f3zatai \u00e9s meg\u00e9lhet\u00e9se szil\u00e1rd alapokon nyugszik.<\/p>\n\n\n\n<p>Kalkutta \u00e9vsz\u00e1zados v\u00e1ltoz\u00e1sokon \u2013 gyarmati h\u00f3d\u00edt\u00e1s \u00e9s nacionalista hev\u00fclet, feloszt\u00e1s okozta trauma \u00e9s gazdas\u00e1gi meg\u00fajul\u00e1s \u2013 kereszt\u00fcl meg\u0151rizte f\u00e9lre\u00e9rthetetlen jelleg\u00e9t. R\u00e9teges t\u00f6rt\u00e9nelm\u0171 v\u00e1ros, amelyben az eml\u00e9km\u0171vek \u00e9s visk\u00f3k, a t\u00e1rgyal\u00f3termek \u00e9s a mell\u00e9kutcai baz\u00e1rok egyetlen, \u00f6sszetett eg\u00e9szet alkotnak. Mindenekel\u0151tt az alkalmazkod\u00e1s bizony\u00edt\u00e9ka: mocsarakb\u00f3l kiszak\u00edtott f\u00f6ld, eszm\u00e9k tal\u00e1lkoz\u00e1s\u00e1b\u00f3l \u00e9p\u00fclt int\u00e9zm\u00e9nyek, megsz\u0171nni nem akar\u00f3 p\u00e1rbesz\u00e9d \u00e1ltal \u00f6sszefon\u00f3d\u00f3 k\u00f6z\u00f6ss\u00e9gek. Kalkutta villamoscseng\u0151kb\u0151l, templomi \u00e9nekekb\u0151l \u00e9s szenved\u00e9lyes add\u00e1b\u00f3l \u00e1ll\u00f3 hangz\u00e1svil\u00e1g\u00e1ban nemcsak egy mozg\u00e1sban l\u00e9v\u0151 metropolisz hallhat\u00f3, hanem egy olyan hely \u00e9l\u0151 l\u00fcktet\u00e9se is, amely r\u00e9g\u00f3ta \u2013 \u00e9s tov\u00e1bbra is \u2013 egyar\u00e1nt ellen\u00e1ll\u00f3 \u00e9s \u00e9l\u0151.<\/p>","protected":false},"excerpt":{"rendered":"<p>Kolkata, amelyet eredetileg Kalkutt\u00e1nak h\u00edvtak, az indiai Nyugat-Beng\u00e1l \u00e1llam f\u0151v\u00e1rosa \u00e9s legn\u00e9pesebb v\u00e1rosa, a Hooghly foly\u00f3 keleti partj\u00e1n tal\u00e1lhat\u00f3. Kolkata becsl\u00e9sek szerint lakoss\u00e1ga 4,5 milli\u00f3 a v\u00e1ros hat\u00e1rain bel\u00fcl, \u00e9s t\u00f6bb mint 15 milli\u00f3 a nagyv\u00e1rosi ter\u00fclet\u00e9n, \u00edgy India hetedik legn\u00e9pesebb v\u00e1rosa \u00e9s az orsz\u00e1g harmadik legnagyobb nagyv\u00e1rosi r\u00e9gi\u00f3ja. Ez a ny\u00fczsg\u0151 metropolisz, amely mintegy 80 kilom\u00e9terre nyugatra tal\u00e1lhat\u00f3 a bangladesi hat\u00e1rt\u00f3l, Kelet- \u00e9s \u00c9szakkelet-India f\u0151 p\u00e9nz\u00fcgyi \u00e9s kereskedelmi k\u00f6zpontjak\u00e9nt m\u0171k\u00f6dik, jelent\u0151sen befoly\u00e1solva a r\u00e9gi\u00f3 gazdas\u00e1gi kereteit.<\/p>","protected":false},"author":1,"featured_media":2726,"parent":15052,"menu_order":0,"comment_status":"closed","ping_status":"closed","template":"elementor_theme","meta":{"_eb_attr":"","footnotes":""},"class_list":["post-15067","page","type-page","status-publish","has-post-thumbnail"],"_links":{"self":[{"href":"https:\/\/travelshelper.com\/hu\/wp-json\/wp\/v2\/pages\/15067","targetHints":{"allow":["GET"]}}],"collection":[{"href":"https:\/\/travelshelper.com\/hu\/wp-json\/wp\/v2\/pages"}],"about":[{"href":"https:\/\/travelshelper.com\/hu\/wp-json\/wp\/v2\/types\/page"}],"author":[{"embeddable":true,"href":"https:\/\/travelshelper.com\/hu\/wp-json\/wp\/v2\/users\/1"}],"replies":[{"embeddable":true,"href":"https:\/\/travelshelper.com\/hu\/wp-json\/wp\/v2\/comments?post=15067"}],"version-history":[{"count":0,"href":"https:\/\/travelshelper.com\/hu\/wp-json\/wp\/v2\/pages\/15067\/revisions"}],"up":[{"embeddable":true,"href":"https:\/\/travelshelper.com\/hu\/wp-json\/wp\/v2\/pages\/15052"}],"wp:featuredmedia":[{"embeddable":true,"href":"https:\/\/travelshelper.com\/hu\/wp-json\/wp\/v2\/media\/2726"}],"wp:attachment":[{"href":"https:\/\/travelshelper.com\/hu\/wp-json\/wp\/v2\/media?parent=15067"}],"curies":[{"name":"wp","href":"https:\/\/api.w.org\/{rel}","templated":true}]}}