{"id":15052,"date":"2024-09-20T14:36:27","date_gmt":"2024-09-20T14:36:27","guid":{"rendered":"https:\/\/travelshelper.com\/staging\/?page_id=15052"},"modified":"2026-03-11T02:46:49","modified_gmt":"2026-03-11T02:46:49","slug":"india","status":"publish","type":"page","link":"https:\/\/travelshelper.com\/hu\/destinations\/asia\/india\/","title":{"rendered":"India"},"content":{"rendered":"<p>India D\u00e9l-\u00c1zsia k\u00f6z\u00e9ps\u0151 r\u00e9sz\u00e9t foglalja el, ahol a sz\u00e1razf\u00f6ld az \u00e9szaki sz\u00e9les s\u00edks\u00e1gokt\u00f3l az Indiai-\u00f3ce\u00e1nba ny\u00fal\u00f3 f\u00e9lszigetig terjed. Ter\u00fclet\u00e9t tekintve a vil\u00e1g hetedik legnagyobb orsz\u00e1ga, \u00e9s 2023 j\u00faniusa \u00f3ta a legn\u00e9pesebb is, a m\u00e9ret\u00e9t \u00e9s a n\u00e9ps\u0171r\u0171s\u00e9g\u00e9t olyan m\u00f3don \u00f6tv\u00f6zi, amely minden aspektus\u00e1t meghat\u00e1rozza. Az 1947-es f\u00fcggetlens\u00e9gkor bevezetett demokr\u00e1cia kiforrottt\u00e1 v\u00e1lt, mik\u00f6zben a nemzetet tov\u00e1bbra is soksz\u00edn\u0171s\u00e9g jellemzi \u2013 nyelvi, etnikai, vall\u00e1si \u00e9s terepi szempontb\u00f3l.<\/p>\n\n\n\n<p>A r\u00e9g\u00e9szeti bizony\u00edt\u00e9kok szerint a modern emberek legal\u00e1bb 55 000 \u00e9vvel ezel\u0151tt \u00e9ltek a szubkontinensen. \u00c9vezredeken \u00e1t kis, mozg\u00e9kony k\u00f6z\u00f6ss\u00e9gekben \u00e9ltek, genetikai vonalaikat csak az afrikaiak el\u0151zik meg. K\u00f6r\u00fclbel\u00fcl 9000 \u00e9vvel a jelenkor el\u0151tt az Indus-medence nyugati perem\u00e9n \u00e9l\u0151 emberek f\u00f6ldm\u0171ves \u00e9letm\u00f3dra v\u00e1ltottak. A k\u00f6vetkez\u0151 n\u00e9h\u00e1ny \u00e9vezredben megjelent az Indus-v\u00f6lgyi civiliz\u00e1ci\u00f3, kifinomult v\u00e1rosrendez\u00e9ssel, v\u00edzelvezet\u0151 rendszerekkel \u00e9s t\u00e1voli r\u00e9gi\u00f3kat \u00f6sszek\u00f6t\u0151 kereskedelmi \u00fatvonalakkal.<\/p>\n\n\n\n<p>Kr. e. 1200 k\u00f6r\u00fcl \u00e9szaknyugatr\u00f3l \u00e9rkezett a szanszkrit, egy indoeur\u00f3pai nyelv. Az archaikus szanszkrit nyelven \u00edrt himnuszok olyan hiedelmeket dokument\u00e1lnak, amelyek k\u00e9s\u0151bb a mai hinduizmuss\u00e1 egyes\u00fcltek. Az \u00e9szaki r\u00e9gi\u00f3kban a r\u00e9gebbi dravida nyelvek feladt\u00e1k a hely\u00fcket, m\u00edg d\u00e9len tov\u00e1bb \u00e9ltek. Az i. e. els\u0151 \u00e9vezred k\u00f6zepe k\u00f6r\u00fcl merev t\u00e1rsadalmi r\u00e9tegek alakultak ki a hindu hagyom\u00e1nyon bel\u00fcl. Ugyanakkor alternat\u00edv utak is megjelentek: a buddhizmus \u00e9s a dzsainizmus elutas\u00edtotta az \u00f6r\u00f6kletes st\u00e1tuszt, \u00e9s etikai gyakorlatot \u00e9s szem\u00e9lyes megl\u00e1t\u00e1sokat k\u00f6vetelt.<\/p>\n\n\n\n<p>Az els\u0151 nagyszab\u00e1s\u00fa politikai egys\u00e9gek \u2013 a Maurja \u00e9s a Gupta birodalmak \u2013 hatalmas ter\u00fcleteket egyes\u00edtettek \u00e9szakon. A szellemi \u00e9let vir\u00e1gzott: a tud\u00f3sok kidolgozt\u00e1k a matematik\u00e1t \u00e9s a csillag\u00e1szatot; a m\u0171v\u00e9szek k\u0151- \u00e9s bronzszobrokat k\u00e9sz\u00edtettek. A t\u00e1rsadalmi egyenl\u0151tlens\u00e9gek azonban elm\u00e9ly\u00fcltek, \u00e9s az \u00e9rinthetetlens\u00e9g fogalma egyre ink\u00e1bb meger\u0151s\u00f6d\u00f6tt.<\/p>\n\n\n\n<p>D\u00e9l-Indi\u00e1ban olyan kir\u00e1lys\u00e1gok, mint a Csola \u00e9s a Pallava, \u00edr\u00e1sokat, irodalmat \u00e9s vall\u00e1si form\u00e1kat export\u00e1ltak a Beng\u00e1li-\u00f6bl\u00f6n kereszt\u00fcl D\u00e9lkelet-\u00c1zsi\u00e1ba. A kereskedelem f\u0171szereket, text\u00edli\u00e1kat \u00e9s filoz\u00f3fiai eszm\u00e9ket sz\u00e1ll\u00edtott az indon\u00e9z szigetcsoportra \u00e9s azon t\u00falra.<\/p>\n\n\n\n<p>A kora k\u00f6z\u00e9pkort\u00f3l kezdve a szubkontinens nyugati \u00e9s d\u00e9li partjai \u00faj vall\u00e1sokat fogadtak be. A judaizmus, a kereszt\u00e9nys\u00e9g, a zoroasztrizmus \u00e9s az iszl\u00e1m gy\u00f6keret vert a kik\u00f6t\u0151v\u00e1rosokban. \u00c9szakon a k\u00f6z\u00e9p-\u00e1zsiai seregek egym\u00e1st k\u00f6vet\u0151 bet\u00f6r\u00e9sei vezettek a Delhi Szultan\u00e1tushoz \u2013 egy iszl\u00e1m politikai rendszerhez, amely \u00c9szak-Indi\u00e1t transzkontinent\u00e1lis h\u00e1l\u00f3zatokk\u00e1 sz\u0151tte.<\/p>\n\n\n\n<p>Ek\u00f6zben a d\u00e9li Vijayanagara Birodalom meger\u0151s\u00edtette a hindu kultur\u00e1lis kereteket. Pandzs\u00e1bban a szikh vall\u00e1s a vall\u00e1si hierarchia elutas\u00edt\u00e1sa k\u00f6r\u00e9 alakult. 1526-ban a Mogul-dinasztia egy olyan birodalmat hozott l\u00e9tre, amely k\u00e9t \u00e9vsz\u00e1zadon \u00e1t viszonylagos stabilit\u00e1st biztos\u00edtott. Az \u00e9p\u00edt\u00e9szet p\u00e1rtfog\u00e1sa olyan eml\u00e9km\u0171vekhez vezetett, amelyek kupol\u00e1i, bolt\u00edvei \u00e9s berak\u00e1sos m\u00e1rv\u00e1nya ma m\u00e1r vil\u00e1gszerte vonzza a l\u00e1togat\u00f3kat.<\/p>\n\n\n\n<p>Az 1600-as \u00e9vek elej\u00e9t\u0151l a Brit Kelet-indiai T\u00e1rsas\u00e1g kiterjesztette hatalm\u00e1t. A helyi gazdas\u00e1gok a nyersanyagell\u00e1t\u00e1s \u00e9s az import\u00e1lt \u00e1ruk v\u00e1s\u00e1rl\u00e1sa fel\u00e9 orient\u00e1l\u00f3dtak. 1858-ra, a v\u00e1llalati uralom elleni felkel\u00e9st k\u00f6vet\u0151en, a Korona \u00e1tvette a k\u00f6zvetlen korm\u00e1nyz\u00e1st. Az infrastruktur\u00e1lis beruh\u00e1z\u00e1sok r\u00e9v\u00e9n vasutak, t\u00e1v\u00edr\u00f3k \u00e9s egyetemek \u00e9p\u00fcltek.<\/p>\n\n\n\n<p>A tizenkilencedik sz\u00e1zad v\u00e9g\u00e9n \u00e9s a huszadik sz\u00e1zad elej\u00e9n az indiai gondolkod\u00f3k a modern politikai eszm\u00e9ket az imperializmus kritik\u00e1j\u00e1val szintetiz\u00e1lt\u00e1k. Az er\u0151szakmentes ellen\u00e1ll\u00e1s mellett elk\u00f6telezett mozgalom fokozatosan milli\u00f3kat mozg\u00f3s\u00edtott a t\u00e1rsadalmi r\u00e9tegekb\u0151l. 1947 augusztus\u00e1ban a Brit Indiai Birodalmat vall\u00e1si alapon k\u00e9t birodalomra, Indi\u00e1ra \u00e9s Pakiszt\u00e1nra osztott\u00e1k. Ezt t\u00f6meges migr\u00e1ci\u00f3 \u00e9s k\u00f6z\u00f6ss\u00e9gi er\u0151szak k\u00f6vetelte, t\u00f6bb sz\u00e1zezer ember \u00e9let\u00e9t k\u00f6vetelve.<\/p>\n\n\n\n<p>1950. janu\u00e1r 26-\u00e1n India szuver\u00e9n k\u00f6zt\u00e1rsas\u00e1gg\u00e1 v\u00e1lt parlament\u00e1ris rendszerrel. Alkotm\u00e1nya r\u00f6gz\u00edtette az \u00e1ltal\u00e1nos feln\u0151tt v\u00e1laszt\u00f3jogot, az alapvet\u0151 jogokat \u00e9s a hatalmi \u00e1gak sz\u00e9tv\u00e1laszt\u00e1s\u00e1t. Az \u00e1llamokat 1956-ban nyelvi alapon szervezt\u00e9k \u00e1t, egyens\u00falyt teremtve a helyi identit\u00e1s \u00e9s a nemzeti egys\u00e9g k\u00f6z\u00f6tt.<\/p>\n\n\n\n<p>Az 1951-es els\u0151 n\u00e9psz\u00e1ml\u00e1l\u00e1s \u00f3ta, amikor a lakoss\u00e1g sz\u00e1ma 361 milli\u00f3 volt, India lakoss\u00e1ga 2023-ra meghaladta az 1,4 milli\u00e1rdot. Az \u00edr\u00e1stud\u00e1s 16,6 sz\u00e1zal\u00e9kr\u00f3l 74 sz\u00e1zal\u00e9kra n\u0151tt, az egy f\u0151re jut\u00f3 \u00e9ves j\u00f6vedelem pedig nagyj\u00e1b\u00f3l 64 doll\u00e1rr\u00f3l t\u00f6bb mint 2600 doll\u00e1rra emelkedett. Az 1991-es fizet\u00e9si m\u00e9rlegv\u00e1ls\u00e1got k\u00f6vet\u0151 gazdas\u00e1gi reformok sz\u00e1mos protekcionista int\u00e9zked\u00e9st felsz\u00e1moltak. A n\u00f6veked\u00e9s \u00e1tlagosan k\u00f6zel 6 sz\u00e1zal\u00e9k volt \u00e9vente k\u00e9t \u00e9vtized alatt, amivel India a leggyorsabban n\u00f6vekv\u0151 nagyobb gazdas\u00e1gok k\u00f6z\u00e9 ker\u00fclt.<\/p>\n\n\n\n<p>A szeg\u00e9nys\u00e9g cs\u00f6kkent, mik\u00f6zben az egyenl\u0151tlens\u00e9g n\u0151tt. A burj\u00e1nz\u00f3 k\u00f6z\u00e9poszt\u00e1ly t\u00e1pl\u00e1lja a szolg\u00e1ltat\u00e1sok ir\u00e1nti keresletet, k\u00fcl\u00f6n\u00f6sen az inform\u00e1ci\u00f3s technol\u00f3gia ter\u00fclet\u00e9n, ahol az indiai c\u00e9gek a glob\u00e1lis vezet\u0151k k\u00f6z\u00e9 tartoznak. A film- \u00e9s zenei export \u2013 k\u00fcl\u00f6n\u00f6sen a hindi nyelv\u0171 filmiparb\u00f3l \u2013 kiterjesztette az orsz\u00e1g kultur\u00e1lis hat\u00f3k\u00f6r\u00e9t.<\/p>\n\n\n\n<p>India az Indiai-lemez tetej\u00e9n fekszik, amely egykor Gondwana r\u00e9sze volt. K\u00f6r\u00fclbel\u00fcl 75 milli\u00f3 \u00e9vvel ezel\u0151tt a lemez \u00e9szak fel\u00e9 sodr\u00f3dott, \u00fctk\u00f6z\u00f6tt Eur\u00e1zsi\u00e1val \u00e9s megemelte a Himal\u00e1j\u00e1t. T\u0151l\u00fck d\u00e9lre a fiatal hegyekb\u0151l lemos\u00f3dott \u00fcled\u00e9kek alkott\u00e1k a lapos Indo-Gangetikus-s\u00edks\u00e1got. Nyugatabbra az \u0151si Aravalli-hegys\u00e9g jelzi azt a helyet, ahol az eredeti lemez m\u00e9g mindig ki\u00e1ll a s\u00edks\u00e1g f\u00f6l\u00e9, f\u00e9kezve a Thar-sivatag terjeszked\u00e9s\u00e9t.<\/p>\n\n\n\n<p>A geol\u00f3giailag stabil \u00e9s id\u0151sebb f\u00e9lszigeti t\u00f6mb \u00e9szakon a Satpura \u00e9s a Vindhya hegys\u00e9gekig ny\u00falik. D\u00e9l fel\u00e9 a Dekk\u00e1n-fenns\u00edkot alkotja, amelyet a Nyugati \u00e9s Keleti Ghatok szeg\u00e9lyeznek, melyek lejt\u0151in t\u00f6bb mint egymilli\u00e1rd \u00e9ves k\u0151zetk\u00e9pz\u0151dm\u00e9nyek tal\u00e1lhat\u00f3k.<\/p>\n\n\n\n<p>A partvonalak 7517 kilom\u00e9ter hosszan h\u00faz\u00f3dnak, k\u00e9tharmaduk a sz\u00e1razf\u00f6ld\u00f6n, egyharmaduk pedig szigetl\u00e1ncokon h\u00faz\u00f3dnak. A partvonal k\u00f6zel fele iszaplapokb\u00f3l \u00e9s mocsarakb\u00f3l \u00e1ll; a fennmarad\u00f3 r\u00e9sz homokos \u00f6bl\u00f6k \u00e9s szikl\u00e1s partok k\u00f6z\u00f6tt oszlik meg. A partt\u00f3l t\u00e1volabb fekszenek Lakshadweep korall-atolljai \u00e9s a vulkanikus Andam\u00e1n- \u00e9s Nikob\u00e1r-szigetek, amelyek Mianmarral, Thaif\u00f6lddel \u00e9s Indon\u00e9zi\u00e1val osztoznak a tengeri hat\u00e1rokon.<\/p>\n\n\n\n<p>A Himal\u00e1j\u00e1ban ered\u0151 foly\u00f3k \u2013 a Gangesz a Jamuna \u00e9s Kosi mell\u00e9kfoly\u00f3ival, valamint a Brahmaputra \u2013 a Beng\u00e1li-\u00f6b\u00f6lbe \u00f6mlenek. Alacsony lejt\u00e9s\u00fck \u00e9s nagy iszappakol\u00e1suk \u00e1rv\u00edzvesz\u00e9lyes \u00e1rter\u00fcleteket hoz l\u00e9tre. Az India-f\u00e9lszigeten olyan foly\u00f3k, mint a Godavari, a Krishna, a Mahanadi \u00e9s a Kaveri, kelet fel\u00e9 folynak; a Narmada \u00e9s a Tapti nyugat fel\u00e9 tartanak. A part menti k\u00e9pz\u0151dm\u00e9nyek k\u00f6z\u00e9 tartozik a Rann of Kutch szezon\u00e1lis mocsaras ter\u00fcletei \u00e9s a Sundarbans-delta, egy Bangladessel k\u00f6z\u00f6s mangrove labirintus.<\/p>\n\n\n\n<p>India \u00e9ghajlata k\u00e9t f\u00f6ldrajzi t\u00e9nyez\u0151 k\u00f6r\u00e9 csoportosul: a Himal\u00e1ja blokkolja a hideg kontinent\u00e1lis szeleket, a Thar-sivatag pedig nedvess\u00e9gben gazdag monszun\u00e1ramlatokat vonz. J\u00fanius \u00e9s okt\u00f3ber k\u00f6z\u00f6tt a d\u00e9lnyugati monszun biztos\u00edtja az \u00e9ves csapad\u00e9k nagy r\u00e9sz\u00e9t. N\u00e9gy f\u0151 \u00e9ghajlatt\u00edpus jelenik meg: tr\u00f3pusi nedves, tr\u00f3pusi sz\u00e1raz, szubtr\u00f3pusi p\u00e1r\u00e1s \u00e9s hegyi.<\/p>\n\n\n\n<p>India, amelyet a tizenh\u00e9t megadiverz\u00e1lis nemzet egyik\u00e9nek tartanak, a vil\u00e1g eml\u0151sfajainak 8,6 sz\u00e1zal\u00e9k\u00e1nak, a madarak 13,7 sz\u00e1zal\u00e9k\u00e1nak, valamint a h\u00fcll\u0151k, k\u00e9t\u00e9lt\u0171ek \u00e9s n\u00f6v\u00e9nyek jelent\u0151s r\u00e9sz\u00e9nek ad otthont. N\u00f6v\u00e9nyvil\u00e1g\u00e1nak egyharmada sehol m\u00e1shol nem tal\u00e1lhat\u00f3 meg. N\u00e9gy glob\u00e1lis biodiverzit\u00e1si g\u00f3cpont fedi \u00e1t hat\u00e1rait: ezek a kiv\u00e9teles endemizmussal rendelkez\u0151 r\u00e9gi\u00f3k, amelyeket az \u00e9l\u0151helyek elveszt\u00e9se fenyeget.<\/p>\n\n\n\n<p>A v\u00e9dett ter\u00fcletek beng\u00e1li tigriseknek, \u00e1zsiai oroszl\u00e1noknak, \u00e1zsiai elef\u00e1ntoknak \u00e9s sz\u00e1mtalan kev\u00e9sb\u00e9 ismert fajnak adnak otthont. A Loktak-tavon tal\u00e1lhat\u00f3 Keibul Lamjao v\u00edzes\u00e9s phumdikon \u00faszik, t\u00e1mogatva a vesz\u00e9lyeztetett szangai szarvasokat. A Shirui Nemzeti Park egy sz\u00e1razf\u00f6ldi liliomnak ad otthont, amely csak a lejt\u0151in vir\u00e1gzik. Ranthambhore \u00e9s Bandhavgarh vadon \u00e9l\u0151 tigriseket k\u00edn\u00e1l; a Gir az utols\u00f3 \u00e1zsiai oroszl\u00e1nokat \u0151rzi; a Kaziranga pedig egy vir\u00e1gz\u00f3 egyszarv\u00fa orrszarv\u00fa popul\u00e1ci\u00f3t tart fenn.<\/p>\n\n\n\n<p>Az Indiai K\u00f6zt\u00e1rsas\u00e1g 28 \u00e1llamb\u00f3l \u00e9s 8 sz\u00f6vets\u00e9gi ter\u00fcletb\u0151l \u00e1ll. Minden \u00e1llam \u00e9s n\u00e9h\u00e1ny ter\u00fclet v\u00e1laszt t\u00f6rv\u00e9nyhoz\u00f3 test\u00fcletet \u00e9s korm\u00e1nyt; m\u00e1sok k\u00f6zvetlen sz\u00f6vets\u00e9gi igazgat\u00e1s alatt \u00e1llnak. A helyi \u00f6nkorm\u00e1nyzatok sz\u00e1ma falusi, t\u00f6mb\u00f6s, ker\u00fcleti \u00e9s \u00f6nkorm\u00e1nyzati szinten meghaladja a negyedmilli\u00f3t, ami a helyi korm\u00e1nyz\u00e1s ir\u00e1nti elk\u00f6telezetts\u00e9get t\u00fckr\u00f6zi.<\/p>\n\n\n\n<p>India lakoss\u00e1ga 2023-ban mintegy 1,43 milli\u00e1rd f\u0151 volt, ami az \u00f6sszes ember k\u00f6zel egyhatod\u00e1t teszi ki. 2001 \u00e9s 2011 k\u00f6z\u00f6tt a n\u00e9pess\u00e9g 17,6 sz\u00e1zal\u00e9kkal n\u0151tt. A nemek ar\u00e1nya, amely 2011-ben 1000 f\u00e9rfira vet\u00edtve 940 n\u0151t, \u00e9s a 2020-ban k\u00f6zel 29 \u00e9ves medi\u00e1n \u00e9letkor a n\u00e9pess\u00e9g fiatals\u00e1g\u00e1ra utal. Az eg\u00e9szs\u00e9g\u00fcgyi \u00e9s mez\u0151gazdas\u00e1gi fejl\u0151d\u00e9s, bele\u00e9rtve a z\u00f6ld forradalmat is, a huszadik sz\u00e1zad v\u00e9g\u00e9n gyors n\u00f6veked\u00e9st eredm\u00e9nyezett.<\/p>\n\n\n\n<p>T\u00f6bb nyelv \u00e9s \u00edr\u00e1srendszer kapcsol\u00f3dik az \u0151si gy\u00f6kerekhez \u00e9s az \u00fajonnan \u00e9rkezettekhez. A vall\u00e1si k\u00f6z\u00f6ss\u00e9gek \u2013 hindu, muszlim, kereszt\u00e9ny, szikh, dzsaina, buddhista, zoroasztri\u00e1nus \u00e9s m\u00e1sok \u2013 egy\u00fctt l\u00e9teznek a region\u00e1lis szok\u00e1sok k\u00f6zepette. A kasztrendszeri diszkrimin\u00e1ci\u00f3 elleni t\u00f6rv\u00e9nyi tilalmak ellen\u00e9re a t\u00e1rsadalmi r\u00e9tegz\u0151d\u00e9s tov\u00e1bbra is fenn\u00e1ll. A nemek k\u00f6z\u00f6tti egyenl\u0151tlens\u00e9g \u00e9s a gyermekek alult\u00e1pl\u00e1lts\u00e1ga tov\u00e1bbra is kih\u00edv\u00e1st jelent. A gyors urbaniz\u00e1ci\u00f3 \u00e9s iparosod\u00e1s megn\u00f6velte a leveg\u0151szennyez\u00e9st, k\u00fcl\u00f6n\u00f6sen az Indo-Gangetikus \u00f6vben.<\/p>\n\n\n\n<p>2024-re India nomin\u00e1lis GDP-je megk\u00f6zel\u00edtette a 4 billi\u00f3 USD-t, amivel glob\u00e1lisan az \u00f6t\u00f6dik helyen \u00e1llt; v\u00e1s\u00e1rl\u00f3er\u0151 tekintet\u00e9ben k\u00f6zel 15 billi\u00f3 USD volt. Az egy f\u0151re jut\u00f3 j\u00f6vedelem m\u00e9gis a legt\u00f6bb polg\u00e1rt az alacsonyabb j\u00f6vedelm\u0171 kateg\u00f3ri\u00e1ba sorolja. A szolg\u00e1ltat\u00e1sok \u2013 k\u00fcl\u00f6n\u00f6sen az informatika \u00e9s a p\u00e9nz\u00fcgyek \u2013 a n\u00f6veked\u00e9s motorjai; a mez\u0151gazdas\u00e1g tov\u00e1bbra is a munkaer\u0151 egyharmad\u00e1t foglalkoztatja, de a termel\u00e9s kevesebb mint 15 sz\u00e1zal\u00e9k\u00e1t teszi ki. A feldolgoz\u00f3ipar a GDP k\u00f6r\u00fclbel\u00fcl negyed\u00e9t teszi ki. A k\u00fclkereskedelem \u00e9s a beruh\u00e1z\u00e1sok a Kereskedelmi Vil\u00e1gszervezethez val\u00f3 1995-\u00f6s csatlakoz\u00e1sa \u00f3ta b\u0151v\u00fcltek.<\/p>\n\n\n\n<p>India civiliz\u00e1ci\u00f3ja t\u00f6bb mint 4500 \u00e9ves m\u00faltra tekint vissza. A v\u00e9dikus korban (kb. Kr. e. 1700\u2013500) form\u00e1l\u00f3dtak az alapvet\u0151 fogalmak \u2013 a dharma, a karma, a j\u00f3ga \u00e9s a m\u00f3ksa. A filoz\u00f3fiai iskol\u00e1k a metafizik\u00e1t \u00e9s az etik\u00e1t vitatt\u00e1k meg; az epikus k\u00f6lt\u00e9szet erk\u00f6lcsi dilemm\u00e1kat fogalmazott meg. \u00c9vsz\u00e1zadok alatt a vall\u00e1si mozgalmak \u2013 a bhakti odaad\u00e1s, a tantrikus gyakorlat, valamint a buddhista \u00e9s dzsaina skolasztika \u2013 v\u00e1ltozatoss\u00e1 tett\u00e9k a spiritu\u00e1lis diskurzust.<\/p>\n\n\n\n<p>Az \u00e9p\u00edt\u00e9szet ezeket az \u00e1ramlatokat fejezi ki. A templomok a Vastu Shastra alapelveit k\u00f6vetik, az emberi lak\u00f3helyeket a kozmikus mint\u00e1zatokhoz igaz\u00edtva. A Taj Mahal feh\u00e9r m\u00e1rv\u00e1nyszimmetri\u00e1ja a mogul kifinomults\u00e1got t\u00fckr\u00f6zi; D\u00e9l-Indi\u00e1ban a dravida gopur\u00e1mok r\u00e9teges szinteken emelkednek. Az indo-szarac\u00e9n \u00fajj\u00e1sz\u00fclet\u00e9s a gyarmati \u00e9s az \u0151slakos form\u00e1kat \u00f6tv\u00f6zte a polg\u00e1ri \u00e9p\u00fcletekben \u00e9s palot\u00e1kban.<\/p>\n\n\n\n<p>Hagyom\u00e1nyosan a n\u0151k sz\u00e1rit viseltek, ami egy test\u00fck k\u00f6r\u00e9 tekerhet\u0151 anyagdarab, choli bl\u00fazzal \u00e9s als\u00f3szokny\u00e1val p\u00e1ros\u00edtva. A f\u00e9rfiak als\u00f3test\u00e9t takar\u00f3 ruhadarab, a dhoti, a tizennegyedik sz\u00e1zadi muszlim uralom ut\u00e1n \u00e1tadta a hely\u00e9t a varrott nadr\u00e1goknak \u2013 pizsam\u00e1knak \u00e9s churidaroknak. Manaps\u00e1g a v\u00e1rosi szakemberek a nadr\u00e1gokat \u00e9s az ingeket r\u00e9szes\u00edtik el\u0151nyben; hivatalos alkalmakkor \u00fajra\u00e9lesztik a serv\u00e1nikat, bandhgal\u00e1kat \u00e9s sz\u00e1rikat.<\/p>\n\n\n\n<p>Az \u00e9telek gabonaf\u00e9l\u00e9kre \u2013 rizsre vagy chapatira \u2013 \u00e9p\u00fclnek, f\u0171szeres lencs\u00e9vel, z\u00f6lds\u00e9gekkel, h\u00fassal vagy hallal kieg\u00e9sz\u00edtve. A koriander, k\u00f6m\u00e9ny, kurkuma, kardamom \u00e9s m\u00e1s f\u0171szerek kever\u00e9kei hat\u00e1rozz\u00e1k meg a region\u00e1lis profilokat. A d\u00e9l-indiai reggelik k\u00f6z\u00f6tt szerepel az idli \u00e9s a dosa; az \u00e9szaki thalis keny\u00e9rf\u00e9l\u00e9k, curryk \u00e9s \u00e9dess\u00e9gek sz\u00e9les v\u00e1laszt\u00e9k\u00e1t k\u00edn\u00e1lja.<\/p>\n\n\n\n<p>A viselked\u00e9s r\u00e9gi\u00f3nk\u00e9nt \u00e9lesen v\u00e1ltozik. Ami Mumbaiban udvariasnak t\u0171nik \u2013 taxi\u00f3ra haszn\u00e1lata \u00e9s a visszaj\u00e1r\u00f3 elfogad\u00e1sa \u2013, az Delhiben vagy kisebb v\u00e1rosokban m\u00e1s lehet. A l\u00e1togat\u00f3knak alkalmazkod\u00f3k\u00e9pesnek kell maradniuk. Besz\u00e9lget\u00e9s k\u00f6zben az indiaiak \u00e1ltal\u00e1ban k\u00f6zvetlenek; az eufemizmusok zavart okozhatnak. A csal\u00e1ddal, fizet\u00e9ssel vagy oktat\u00e1ssal kapcsolatos szem\u00e9lyes k\u00e9rd\u00e9sek gyakran melegs\u00e9get jeleznek.<\/p>\n\n\n\n<p>A tiszteletteljes megsz\u00f3l\u00edt\u00e1sok (\u201euram\u201d, \u201easszonyom\u201d) illenek az id\u0151sebbekhez. A csal\u00e1d t\u00falmutat a nukle\u00e1ris egys\u00e9gen, \u00e9s a sz\u00fcl\u0151kkel val\u00f3 egy\u00fctt\u00e9l\u00e9s k\u00f6lcs\u00f6n\u00f6s t\u00e1mogat\u00e1st t\u00fckr\u00f6z. A kasztrendszer m\u00e1r nem b\u00edr jogi s\u00fallyal, de befoly\u00e1solja a t\u00e1rsadalmi interakci\u00f3kat. A b\u0151rsz\u00edn miatti elfogults\u00e1g tov\u00e1bbra is fenn\u00e1ll mind a k\u00fclf\u00f6ldiekkel, mind magukkal az indiaiakkal szemben. A kisebbs\u00e9gi k\u00f6z\u00f6ss\u00e9gek \u2013 mint p\u00e9ld\u00e1ul az afrikai sz\u00e1rmaz\u00e1s\u00fa sziddik \u00e9s az anglo-indiaiak \u2013 az elismer\u00e9s \u00e9s a befogad\u00e1s konkr\u00e9t kih\u00edv\u00e1saival n\u00e9znek szembe.<\/p>\n\n\n\n<p>Az olyan eml\u00e9km\u0171vek, mint az agrai Taj Mahal, a delhi Kutb Min\u00e1r \u00e9s V\u00f6r\u00f6s Er\u0151d, valamint a dzsaipuri palot\u00e1k India soksz\u00edn\u0171 m\u00faltj\u00e1r\u00f3l tan\u00faskodnak. Nalanda romjai a korai buddhista tudom\u00e1nyos munk\u00e1ss\u00e1gra eml\u00e9keztetnek; Gandhi \u00e1srama Ahmedabadban a politikai k\u00fczdelmek feljegyz\u00e9seit \u0151rzi.<\/p>\n\n\n\n<p>A templomkomplexumok Khajuraho faragott falait\u00f3l Meenakshi Amman oszlopos csarnokaiig Maduraiban terjednek ki. Varanasi Gangesz menti ghatjai a sz\u00fclet\u00e9s \u00e9s hal\u00e1l ritu\u00e1l\u00e9inak adnak otthont, amelyek \u00e9vezredes hagyom\u00e1nyokat id\u00e9znek. A hegyi \u00e1llom\u00e1sok \u2013 Srinagar, Darjeeling, Shimla, Ooty, Gangtok \u2013 enyh\u00fcl\u00e9st ny\u00fajtanak a ny\u00e1ri h\u0151s\u00e9gben.<\/p>\n\n\n\n<p>A tengerparti mened\u00e9khelyek k\u00f6z\u00e9 tartoznak Goa strandjai \u00e9s az Andam\u00e1n-szigetek korallz\u00e1tonyai. Nyugat-Rajasthanban a Thar-sivatagban teveszafarikat lehet t\u00far\u00e1zni Jaisalmerb\u0151l. A vadrezerv\u00e1tumok \u2013 Gir oroszl\u00e1njait\u00f3l Kaziranga orrszarv\u00faiig \u2013 h\u00edvogatj\u00e1k azokat, akik term\u00e9szetes tal\u00e1lkoz\u00e1sokra v\u00e1gynak, b\u00e1r a siker a t\u00fcrelemt\u0151l \u00e9s az id\u0151z\u00edt\u00e9st\u0151l f\u00fcgg.<\/p>\n\n\n\n<p>India \u00f6sszetetts\u00e9ge dacol az egyszer\u0171 \u00f6sszefoglal\u00e1ssal. Terepe a h\u00f3f\u00f6dte cs\u00facsokt\u00f3l a tr\u00f3pusi szigetekig terjed; nyelvei t\u00f6bb sz\u00e1zat sz\u00e1ml\u00e1lnak; vall\u00e1sai a ritu\u00e1lis \u00e1h\u00edtatt\u00f3l a rideg aszk\u00e9zisig terjed\u0151 filoz\u00f3fi\u00e1kat \u00f6lelnek fel. \u00c9vsz\u00e1zadoknyi tal\u00e1lm\u00e1ny, h\u00f3d\u00edt\u00e1s, csere \u00e9s alkalmazkod\u00e1s hagyott nyomokat a k\u0151ben, a sz\u00f6vegekben \u00e9s a szok\u00e1sokban. T\u00f6bb mint egymilli\u00e1rd polg\u00e1rb\u00f3l \u00e1ll\u00f3 sz\u00f6vets\u00e9gi k\u00f6zt\u00e1rsas\u00e1gk\u00e9nt n\u00f6veked\u00e9ssel, egyenl\u0151tlens\u00e9ggel \u00e9s k\u00f6rnyezeti nyom\u00e1ssal k\u00fczd, mik\u00f6zben a legt\u00f6bb modern \u00e1llamn\u00e1l r\u00e9gebbi hagyom\u00e1nyokat tart fenn. India meg\u00e9rt\u00e9s\u00e9hez figyelembe kell venni az ellent\u00e9teit \u2013 a f\u00f6ldben \u00e9s a nyelvben, a j\u00f3l\u00e9tben \u00e9s a szeg\u00e9nys\u00e9gben, a korszakos eml\u00e9km\u0171vekben \u00e9s a mindennapi ritu\u00e1l\u00e9kban \u2013, \u00e9s fel kell ismerni egy olyan t\u00e1rsadalmat, amely folyamatosan \u00fajra\u00e9rtelmezi mag\u00e1t an\u00e9lk\u00fcl, hogy kit\u00f6r\u00f6ln\u00e9 a m\u00faltj\u00e1t.<\/p>","protected":false},"excerpt":{"rendered":"<p>India, a vil\u00e1g legn\u00e9pesebb \u00e9s sz\u00e1razf\u00f6ldi ter\u00fclet\u00e9t tekintve a hetedik legnagyobb nemzet, a rendk\u00edv\u00fcli soksz\u00edn\u0171s\u00e9g \u00e9s a leny\u0171g\u00f6z\u0151 t\u00f6rt\u00e9nelem orsz\u00e1ga D\u00e9l-\u00c1zsi\u00e1ban. 2023-ban India eleg\u00e1nsan megel\u0151zte K\u00edn\u00e1t, figyelemre m\u00e9lt\u00f3 n\u00e9pess\u00e9g\u00e9vel b\u00fcszk\u00e9lkedhet, amely meghaladja az 1,4 milli\u00e1rdot, \u00edgy a vil\u00e1g legn\u00e9pesebb nemzete. Ez a kiterjedt orsz\u00e1g k\u00f6r\u00fclbel\u00fcl 3,3 milli\u00f3 n\u00e9gyzetkilom\u00e9teren ter\u00fcl el, d\u00e9lr\u0151l az Indiai-\u00f3ce\u00e1n, d\u00e9lnyugatr\u00f3l az Arab-tenger, d\u00e9lkeletr\u0151l pedig a Beng\u00e1li-\u00f6b\u00f6l \u00f6leli \u00e1t. Indi\u00e1t sz\u00e1mos nemzet hat\u00e1rolja, k\u00f6zt\u00fck nyugaton Pakiszt\u00e1n, \u00e9szakon pedig K\u00edna, Nep\u00e1l \u00e9s Bhut\u00e1n, m\u00edg keleten Banglades \u00e9s Mianmar. Ezenk\u00edv\u00fcl az Indiai-\u00f3ce\u00e1nban f\u00e9szkelt Andam\u00e1n- \u00e9s Nicobar-szigetek eleg\u00e1nsan osztoznak a tengeri hat\u00e1rokon Thaif\u00f6lddel, Mianmarral \u00e9s Indon\u00e9zi\u00e1val.<\/p>","protected":false},"author":1,"featured_media":3668,"parent":24063,"menu_order":0,"comment_status":"closed","ping_status":"closed","template":"elementor_theme","meta":{"_eb_attr":"","footnotes":""},"class_list":["post-15052","page","type-page","status-publish","has-post-thumbnail"],"_links":{"self":[{"href":"https:\/\/travelshelper.com\/hu\/wp-json\/wp\/v2\/pages\/15052","targetHints":{"allow":["GET"]}}],"collection":[{"href":"https:\/\/travelshelper.com\/hu\/wp-json\/wp\/v2\/pages"}],"about":[{"href":"https:\/\/travelshelper.com\/hu\/wp-json\/wp\/v2\/types\/page"}],"author":[{"embeddable":true,"href":"https:\/\/travelshelper.com\/hu\/wp-json\/wp\/v2\/users\/1"}],"replies":[{"embeddable":true,"href":"https:\/\/travelshelper.com\/hu\/wp-json\/wp\/v2\/comments?post=15052"}],"version-history":[{"count":0,"href":"https:\/\/travelshelper.com\/hu\/wp-json\/wp\/v2\/pages\/15052\/revisions"}],"up":[{"embeddable":true,"href":"https:\/\/travelshelper.com\/hu\/wp-json\/wp\/v2\/pages\/24063"}],"wp:featuredmedia":[{"embeddable":true,"href":"https:\/\/travelshelper.com\/hu\/wp-json\/wp\/v2\/media\/3668"}],"wp:attachment":[{"href":"https:\/\/travelshelper.com\/hu\/wp-json\/wp\/v2\/media?parent=15052"}],"curies":[{"name":"wp","href":"https:\/\/api.w.org\/{rel}","templated":true}]}}