{"id":15000,"date":"2024-09-20T13:44:55","date_gmt":"2024-09-20T13:44:55","guid":{"rendered":"https:\/\/travelshelper.com\/staging\/?page_id=15000"},"modified":"2026-03-11T13:09:03","modified_gmt":"2026-03-11T13:09:03","slug":"izrael","status":"publish","type":"page","link":"https:\/\/travelshelper.com\/hu\/destinations\/asia\/israel\/","title":{"rendered":"Izrael"},"content":{"rendered":"<p>A F\u00f6ldk\u00f6zi-tenger keleti partj\u00e1n fekv\u0151 Izrael legsz\u00e9lesebb pontj\u00e1n alig sz\u00e1z kilom\u00e9ter hossz\u00fa, m\u00e9gis hat\u00e1rain bel\u00fcl sivatagok, term\u00e9keny v\u00f6lgyek, \u0151si v\u00e1rosok \u00e9s modern metropoliszok tal\u00e1lhat\u00f3k. Libanon, Sz\u00edria, Jord\u00e1nia \u00e9s Egyiptom \u00e1ltal hat\u00e1rolt, a F\u00f6ldk\u00f6zi-tengerrel \u00e9s a V\u00f6r\u00f6s-tengerrel egyar\u00e1nt \u00e9rintkez\u0151, karcs\u00fa nemzet egy olyan ter\u00fcleten fekszik, amely \u00e9vezredek \u00f3ta tart\u00f3 emberi er\u0151fesz\u00edt\u00e9snek, h\u00f3d\u00edt\u00e1snak \u00e9s meg\u00fajul\u00e1snak volt tan\u00faja. Kihirdetett f\u0151v\u00e1rosa Jeruzs\u00e1lem, m\u00edg Tel-Aviv l\u00fcktet a kereskedelemt\u0151l, a kult\u00far\u00e1t\u00f3l \u00e9s az innov\u00e1ci\u00f3t\u00f3l. B\u00e1r m\u00e9rete szer\u00e9ny, Izrael t\u00e1jai \u00e9s t\u00f6rt\u00e9nelme olyan s\u0171r\u0171n bontakozik ki, hogy b\u00e1rmilyen egyszer\u0171 le\u00edr\u00e1st megnehez\u00edt.<\/p>\n\n\n\n<p>Izrael terepe \u00e9les ellent\u00e9teket mutat, d\u00e9len a Negev-sivatagt\u00f3l a j\u00fadeai \u00e9s szam\u00e1riai hegyvid\u00e9keken \u00e1t Galilea z\u00f6ld lejt\u0151iig. A Negevet, amely a teljes szuverenit\u00e1s alatt \u00e1ll\u00f3 ter\u00fclet t\u00f6bb mint fel\u00e9t foglalja el, sz\u00e9l v\u00e1jta makhteshim-ek \u2013 er\u00f3zi\u00f3s kr\u00e1terek, mint p\u00e9ld\u00e1ul a mintegy harmincnyolc kilom\u00e9ter hossz\u00fa Ramon. \u00c9szakabbra a Jezr\u00e9el-v\u00f6lgy term\u00e9keny s\u00edks\u00e1ga alacsony part menti dombokra ny\u00edlik, m\u00edg a sz\u00e1razf\u00f6ldi gerinc Jeruzs\u00e1lem fenns\u00edkj\u00e1n cs\u00facsosodik ki nagyj\u00e1b\u00f3l h\u00e9tsz\u00e1z\u00f6tven m\u00e9teren. Keletre fekszik a Jord\u00e1n-hasad\u00e9kv\u00f6lgy, a Sz\u00edri\u00e1t\u00f3l Mozambikig terjed\u0151 nagy hasad\u00e9krendszer r\u00e9sze. Itt a Jord\u00e1n foly\u00f3 a h\u00f3f\u00f6dte Hermon-hegyt\u0151l a Galileai-tengeren \u00e1t kanyarog, miel\u0151tt a Holt-tengerbe, a bolyg\u00f3 legalacsonyabban fekv\u0151 felsz\u00edni pontj\u00e1ba \u00f6mlik. A keskeny, de n\u00e9pes part menti s\u00edks\u00e1g Eilatt\u00f3l d\u00e9lre az Arabah-hegys\u00e9gbe \u00e9s az \u00d6b\u00f6lbe vezet, ahol a sivatag tal\u00e1lkozik a V\u00f6r\u00f6s-tenger meleg viz\u00e9vel.<\/p>\n\n\n\n<p>Izrael \u00e9ghajlata ugyanilyen dr\u00e1mai m\u00f3don v\u00e1ltozik. A F\u00f6ldk\u00f6zi-tenger partvid\u00e9k\u00e9n a telek enyh\u00e9k \u00e9s es\u0151sek, a nyarak hossz\u00faak \u00e9s naps\u00fct\u00f6tt\u00e9k. A sz\u00e1razf\u00f6ld belsej\u00e9ben, a f\u00e9lsz\u00e1raz Negevben forr\u00f3 nappalok \u00e9s h\u0171v\u00f6s \u00e9jszak\u00e1k uralkodnak, m\u00edg d\u00e9li r\u00e9szein az igazi sivatag hat\u00e1r\u00e1t s\u00farolja, ahol az \u00e9ves csapad\u00e9kmennyis\u00e9g alig haladja meg a n\u00e9h\u00e1ny tucat millim\u00e9tert. A h\u00f3 a legt\u00f6bb \u00e9vben a magas cs\u00facsokon esik, bele\u00e9rtve Jeruzs\u00e1lem k\u00f6rny\u00e9k\u00e9t is; 1942-ben a Tirat Zvi kibucban perzsel\u0151 54 \u00b0C-ot m\u00e9rtek. A csapad\u00e9k okt\u00f3ber \u00e9s \u00e1prilis k\u00f6z\u00f6tt gy\u0171lik \u00f6ssze, t\u00e1pl\u00e1lva a v\u00edztart\u00f3 r\u00e9tegeket \u00e9s az emberi mez\u0151gazdas\u00e1got, m\u00e9gis a fogyatkoz\u00f3 v\u00edzk\u00e9szletek \u00f6szt\u00f6n\u00f6zt\u00e9k az izraeli tal\u00e1l\u00e9konys\u00e1got: a csepegtet\u0151 \u00f6nt\u00f6z\u00e9s, a napenergi\u00e1val t\u00f6rt\u00e9n\u0151 v\u00edzmeleg\u00edt\u00e9s \u00e9s a s\u00f3talan\u00edt\u00e1s a nemzet sz\u0171k\u00f6ss\u00e9gre adott kreat\u00edv v\u00e1laszai k\u00f6z\u00e9 tartozik.<\/p>\n\n\n\n<p>Izrael v\u00e1ltoz\u00f3 \u00e9gboltja alatt figyelemre m\u00e9lt\u00f3 biol\u00f3giai sokf\u00e9les\u00e9gnek ad otthont. N\u00e9gy sz\u00e1razf\u00f6ldi \u00f6kor\u00e9gi\u00f3 \u2013 a mediterr\u00e1n erd\u0151kt\u0151l az arab sivatagi boz\u00f3tosokig \u2013 k\u00f6zel 2900 n\u00f6v\u00e9nyfajnak ad otthont, ami n\u00e9gyzetm\u00e9terenk\u00e9nt t\u00f6bbet jelent a F\u00f6ldk\u00f6zi-tenger medenc\u00e9j\u00e9ben, mint b\u00e1rmely m\u00e1s orsz\u00e1g. Az erd\u0151bor\u00edt\u00e1s 1948-ban 2 sz\u00e1zal\u00e9kr\u00f3l m\u00e1ra t\u00f6bb mint 8 sz\u00e1zal\u00e9kra n\u0151tt, f\u0151k\u00e9nt az \u00fajratelep\u00edt\u00e9si er\u0151fesz\u00edt\u00e9seknek k\u00f6sz\u00f6nhet\u0151en. Mintegy 380 term\u00e9szetv\u00e9delmi ter\u00fclet tark\u00edtja a t\u00e1jat, meg\u0151rizve az endemikus cserj\u00e9ket, a v\u00e1ndormadarakat \u00e9s a ritka vadon \u00e9l\u0151 \u00e1llatokat, amelyek az Afrika\u2013Eur\u00e1zsia vonul\u00e1si \u00fatvonalak ment\u00e9n gy\u0171lnek \u00f6ssze. Az Eilat-\u00f6b\u00f6lben a korallz\u00e1tonyok hemzsegnek a v\u00edz alatti \u00e9l\u0151l\u00e9nyekt\u0151l, m\u00edg a Holt-tenger hiper-s\u00f3s vize csak a sz\u00edv\u00f3s mikrob\u00e1knak ad otthont.<\/p>\n\n\n\n<p>Az emberi jelenl\u00e9t itt eg\u00e9szen a k\u00e1na\u00e1nit\u00e1kig ny\u00falik vissza, akiknek telep\u00fcl\u00e9sei egykor a part menti \u00e9s hegyvid\u00e9ki \u00f6vezeteket tark\u00edtott\u00e1k. \u00c9vsz\u00e1zadok sor\u00e1n kir\u00e1lys\u00e1gok emelkedtek \u00e9s buktak: az \u00f3kori Izrael \u00e9s J\u00fada, hellenisztikus birodalmak, r\u00f3mai tartom\u00e1nyok, keresztes enkl\u00e1v\u00e9k, oszm\u00e1n ker\u00fcletek. Minden hull\u00e1m er\u0151d\u00f6ket, cisztern\u00e1kat \u00e9s templomokat hagyott maga ut\u00e1n, amelyek ma a vid\u00e9k r\u00e9g\u00e9szeti parkjaiban l\u00e1that\u00f3k. Megidd\u00f3 \u00e9s Hatzor f\u00f6ldalatti v\u00edzi alagutakat \u00f6lel fel, amelyeket az izraelit\u00e1k v\u00e1jtak az i. e. els\u0151 \u00e9vezred k\u00f6rny\u00e9k\u00e9n; Caesarea amfite\u00e1truma \u00e9s Beit She&#039;an oszlopos utc\u00e1i a r\u00f3mai nagys\u00e1got id\u00e9zik; a Masada egy zord dombot koron\u00e1z a Holt-tenger partj\u00e1n, egy zsid\u00f3 l\u00e1zad\u00e1s eml\u00e9km\u0171ve, k\u00e9s\u0151bb pedig a rugalmass\u00e1g szimb\u00f3luma.<\/p>\n\n\n\n<p>A modern Izrael \u00c1llam a huszadik sz\u00e1zad felfordul\u00e1sai k\u00f6zepette j\u00f6tt l\u00e9tre. A cionizmus, amelyet az egyre n\u00f6vekv\u0151 eur\u00f3pai antiszemitizmus \u00e9l\u00e9nk\u00edtett, nemzeti haz\u00e1t keresett Palesztin\u00e1ban. A brit mand\u00e1tumpolitika felv\u00e1ltva \u00f6szt\u00f6n\u00f6zte \u00e9s korl\u00e1tozta a zsid\u00f3 bev\u00e1ndorl\u00e1st. A k\u00f6z\u00f6ss\u00e9gek k\u00f6z\u00f6tti fesz\u00fclts\u00e9gek polg\u00e1rh\u00e1bor\u00faba torkolltak az 1947-es ENSZ feloszt\u00e1si javaslatot k\u00f6vet\u0151en, amelyet az arab vezet\u0151k elutas\u00edtottak. 1948. m\u00e1jus 14-\u00e9n Izrael kiki\u00e1ltotta f\u00fcggetlens\u00e9g\u00e9t. Az ezt k\u00f6vet\u0151 r\u00f6vid h\u00e1bor\u00faban a szomsz\u00e9dos arab \u00e1llamok megsz\u00e1llt\u00e1k az orsz\u00e1got. Az 1949-es fegyversz\u00fcneti meg\u00e1llapod\u00e1sok idej\u00e9n Izrael a kor\u00e1bbi mand\u00e1tumter\u00fclet mintegy hetvenh\u00e9t sz\u00e1zal\u00e9k\u00e1t birtokolta, m\u00edg t\u00f6bb sz\u00e1zezer palesztin arab menek\u00fclt el vagy \u0171zt\u00e9k el az \u00fagynevezett Nakb\u00e1ban.<\/p>\n\n\n\n<p>Az ezt k\u00f6vet\u0151 \u00e9vtizedekben Izrael lakoss\u00e1ga egyre n\u0151tt, ahogy zsid\u00f3 bev\u00e1ndorl\u00f3k \u00e9rkeztek Eur\u00f3p\u00e1b\u00f3l, a K\u00f6zel-Keletr\u0151l \u00e9s \u00c9szak-Afrik\u00e1b\u00f3l, k\u00f6zt\u00fck a kiutas\u00edtottak vagy a felemelked\u0151 nacionalista mozgalmak el\u0151l menek\u00fcl\u0151k. Az 1967-es hatnapos h\u00e1bor\u00fa \u00fajabb v\u00edzv\u00e1laszt\u00f3 volt: Izrael elfoglalta Ciszjord\u00e1ni\u00e1t, a G\u00e1zai \u00f6vezetet, a S\u00ednai-f\u00e9lszigetet \u00e9s a Gol\u00e1n-fenns\u00edkot. Id\u0151vel, egy 1979-es b\u00e9keszerz\u0151d\u00e9s keret\u00e9ben visszaadta a S\u00ednai-f\u00e9lszigetet Egyiptomnak, ugyanakkor annekt\u00e1lta Kelet-Jeruzs\u00e1lemet \u00e9s a Gol\u00e1n-fenns\u00edkot \u2013 ezeket a l\u00e9p\u00e9seket kev\u00e9s nemzet ismerte el. Ezt 1994-ben b\u00e9kek\u00f6t\u00e9s k\u00f6vette Jord\u00e1ni\u00e1val. Az 1993-as palesztinokkal k\u00f6t\u00f6tt ideiglenes meg\u00e1llapod\u00e1sok korl\u00e1tozott \u00f6nkorm\u00e1nyzatot hoztak l\u00e9tre Ciszjord\u00e1nia \u00e9s G\u00e1za egyes r\u00e9szein, de az \u00e1tfog\u00f3 rendez\u00e9s tov\u00e1bbra sem lehets\u00e9ges. A 2020-as \u00e9vekben az \u00c1brah\u00e1m-egyezm\u00e9ny hivatalos normaliz\u00e1ci\u00f3t hozott l\u00e9tre t\u00f6bb arab \u00e1llammal, tov\u00e1bb m\u00f3dos\u00edtva a region\u00e1lis kapcsolatokat.<\/p>\n\n\n\n<p>A korm\u00e1nyz\u00e1s az alapt\u00f6rv\u00e9nyeken nyugszik, amelyek Izraelt parlament\u00e1ris demokr\u00e1ciak\u00e9nt hat\u00e1rozz\u00e1k meg. A Kneszet, amelyet ar\u00e1nyos k\u00e9pviselet alapj\u00e1n v\u00e1lasztanak meg, v\u00e1lasztja ki a minisztereln\u00f6k\u00f6t \u2013 a korm\u00e1nyf\u0151t \u2013 \u00e9s a nagyr\u00e9szt ceremoni\u00e1lis szerepet bet\u00f6lt\u0151 eln\u00f6k\u00f6t. B\u00e1r az orsz\u00e1g \u00c1zsia egyik legmagasabb \u00e9letsz\u00ednvonal\u00e1val b\u00fcszk\u00e9lkedhet, \u00e9s a nomin\u00e1lis brutt\u00f3 hazai term\u00e9k alapj\u00e1n a huszon\u00f6t\u00f6dik helyen \u00e1ll a vil\u00e1gon, politikai t\u00e1jk\u00e9pe \u00f6sszetett. A koal\u00edci\u00f3s korm\u00e1nyok gyakran a vil\u00e1gi liber\u00e1lisokt\u00f3l a vall\u00e1si konzervat\u00edvokig terjed\u0151 p\u00e1rtokat foglalnak magukban, ami m\u00e9ly t\u00e1rsadalmi megosztotts\u00e1got t\u00fckr\u00f6z a zsid\u00f3 hagyom\u00e1nyok \u00e9s a demokratikus \u00e9rt\u00e9kek egyens\u00falya tekintet\u00e9ben.<\/p>\n\n\n\n<p>Izrael meghat\u00e1roz\u00f3 von\u00e1sai k\u00f6z\u00e9 tartozik a gazdas\u00e1gi dinamizmus. A sz\u0171k\u00f6s term\u00e9szeti er\u0151forr\u00e1sok ellen\u00e9re a mez\u0151gazdas\u00e1gba, a technol\u00f3gi\u00e1ba \u00e9s az iparba t\u00f6rt\u00e9n\u0151 jelent\u0151s beruh\u00e1z\u00e1sok a megszor\u00edt\u00e1sokb\u00f3l a j\u00f3l\u00e9t fel\u00e9 emelt\u00e9k az orsz\u00e1got. Izrael a gazdas\u00e1g\u00e1hoz k\u00e9pest t\u00f6bbet k\u00f6lt kutat\u00e1s-fejleszt\u00e9sre, mint b\u00e1rmely m\u00e1s nemzet, \u00edgy ki\u00e9rdemelte a \u201estartup nemzet\u201d elnevez\u00e9st. Az Egyes\u00fclt \u00c1llamok ut\u00e1n a vil\u00e1g m\u00e1sodik legt\u00f6bb startup v\u00e1llalkoz\u00e1s\u00e1nak ad otthont, \u00e9s a harmadik helyen \u00e1ll a NASDAQ-on jegyzett c\u00e9gek k\u00f6z\u00f6tt. Az Intel \u00e9s a Microsoft itt hozta l\u00e9tre els\u0151 k\u00fclf\u00f6ldi K+F k\u00f6zpontjait; ma a multinacion\u00e1lis \u00f3ri\u00e1sok \u00e9s a hazai innov\u00e1torok egyar\u00e1nt \u00e1tt\u00f6r\u00e9seket \u00e9rnek el a kiberbiztons\u00e1g, az orvostechnikai eszk\u00f6z\u00f6k, a mesters\u00e9ges intelligencia \u00e9s a meg\u00fajul\u00f3 energia ter\u00fclet\u00e9n.<\/p>\n\n\n\n<p>A mez\u0151gazdas\u00e1g, amelyet egykor a sz\u00e1raz talajok korl\u00e1toztak, a csepegtet\u0151 \u00f6nt\u00f6z\u00e9snek, az \u00fcvegh\u00e1zhat\u00e1s\u00fa technol\u00f3gi\u00e1knak \u00e9s a biotechnol\u00f3gi\u00e1nak k\u00f6sz\u00f6nhet\u0151en vir\u00e1gzott. Izrael sz\u00e1mos n\u00f6v\u00e9ny \u2013 citrusf\u00e9l\u00e9k, olajbogy\u00f3, datolya \u2013 tekintet\u00e9ben szinte \u00f6nell\u00e1t\u00f3v\u00e1 v\u00e1lt, b\u00e1r a gabona \u00e9s a marhah\u00fas tov\u00e1bbra is import. Az export meghaladja az \u00e9vi sz\u00e1zmilli\u00e1rd doll\u00e1rt, bele\u00e9rtve a g\u00e9peket, szoftvereket, gy\u00f3gyszereket, csiszolt gy\u00e9m\u00e1ntokat \u00e9s mez\u0151gazdas\u00e1gi term\u00e9keket. A turizmus is l\u00e9tfontoss\u00e1g\u00fa: 2017-ben rekord sz\u00e1m\u00fa, 3,6 milli\u00f3 l\u00e1togat\u00f3 \u00e9rkezett, akiket vall\u00e1si, t\u00f6rt\u00e9nelmi \u00e9s term\u00e9szeti l\u00e1tnival\u00f3k vonzottak.<\/p>\n\n\n\n<p>A k\u00f6zleked\u00e9si infrastrukt\u00fara t\u00fckr\u00f6zi az orsz\u00e1g n\u00f6veked\u00e9s\u00e9t. T\u00f6bb mint 19 000 kilom\u00e9ternyi aszfaltozott \u00fat k\u00f6ti \u00f6ssze a v\u00e1rosokat \u00e9s telep\u00fcl\u00e9seket, m\u00edg az 1990-es \u00e9vek \u00f3ta \u00fajj\u00e1\u00e9lesztett vas\u00fatvonalak 2015-ben t\u00f6bb mint \u00f6tvenmilli\u00f3 utast sz\u00e1ll\u00edtottak. H\u00e1rom nemzetk\u00f6zi rep\u00fcl\u0151t\u00e9r \u2013 a Ben Gurion, a Ramon \u00e9s a Haifa \u2013 k\u00f6ti \u00f6ssze Izraelt vil\u00e1gszerte, a Ben Gurion \u00f6nmag\u00e1ban t\u00f6bb mint huszonegymilli\u00f3 utast szolg\u00e1lt ki 2023-ban. A haifai, asdodi \u00e9s eilati kik\u00f6t\u0151k teher- \u00e9s szabadid\u0151s haj\u00f3kat egyar\u00e1nt fogadnak.<\/p>\n\n\n\n<p>Demogr\u00e1fiailag Izrael lakoss\u00e1ga k\u00f6r\u00fclbel\u00fcl 9 milli\u00f3. A lakoss\u00e1g k\u00f6r\u00fclbel\u00fcl 74 sz\u00e1zal\u00e9k\u00e1t zsid\u00f3k, k\u00f6r\u00fclbel\u00fcl 21 sz\u00e1zal\u00e9k\u00e1t arabok, a fennmarad\u00f3 r\u00e9szt pedig m\u00e1s csoportok alkotj\u00e1k. A zsid\u00f3 t\u00f6bbs\u00e9gen bel\u00fcl a vall\u00e1si identit\u00e1sok a vil\u00e1giakt\u00f3l (Hiloni) az ultraortodoxokig (Haredi) terjednek, ez ut\u00f3bbi csoport gyorsan n\u00f6vekszik, \u00e9s a becsl\u00e9sek szerint 2028-ra meghaladja a zsid\u00f3 izraeliek 20 sz\u00e1zal\u00e9k\u00e1t. Az arab, amely egykor hivatalos nyelv volt, ma k\u00fcl\u00f6nleges st\u00e1tuszt \u00e9lvez a h\u00e9ber mellett; az angol, az orosz, az amhara \u00e9s a francia nyelvet sz\u00e9les k\u00f6rben besz\u00e9lik, t\u00fckr\u00f6zve a volt Szovjetuni\u00f3b\u00f3l, Eti\u00f3pi\u00e1b\u00f3l \u00e9s \u00c9szak-Afrik\u00e1b\u00f3l \u00e9rkez\u0151 bev\u00e1ndorl\u00f3 k\u00f6z\u00f6ss\u00e9gek soksz\u00edn\u0171s\u00e9g\u00e9t.<\/p>\n\n\n\n<p>A vall\u00e1si soksz\u00edn\u0171s\u00e9g t\u00falmutat a demogr\u00e1fiai statisztik\u00e1kon, eg\u00e9szen a hit f\u00f6ldrajz\u00e1ig terjed. Jeruzs\u00e1lem fallal k\u00f6r\u00fclvett \u00f3v\u00e1rosa a judaizmus, az iszl\u00e1m \u00e9s a kereszt\u00e9nys\u00e9g sz\u00e1m\u00e1ra szent nevezetess\u00e9geket tartalmaz: a Nyugati Falat, az al-Aksza-mecset komplexum\u00e1t \u00e9s a Szent S\u00edr-templomot. N\u00e1z\u00e1ret, a Galileai-tenger \u00e9s Safed egyar\u00e1nt vonzza a kereszt\u00e9ny \u00e9s zsid\u00f3 zar\u00e1ndokokat, m\u00edg a haifai Bah\u00e1\u2019\u00ed Vil\u00e1gk\u00f6zpont teraszos kerteket d\u00edsz\u00edt a F\u00f6ldk\u00f6zi-tenger felett. A dr\u00faz zar\u00e1ndokhelyek, az \u00f6rm\u00e9ny enkl\u00e1v\u00e9k \u00e9s a felt\u00f6rekv\u0151 vall\u00e1si mozgalmak tov\u00e1bbi r\u00e9tegeket adnak hozz\u00e1 a spiritu\u00e1lis t\u00e1jk\u00e9phez.<\/p>\n\n\n\n<p>Izrael kultur\u00e1lis \u00e9lete a zsid\u00f3 hagyom\u00e1nyokat arab hat\u00e1sokkal sz\u00f6vi \u00e1t. A zene a szef\u00e1rd zsid\u00f3k szef\u00e1rd \u00e9nekeit\u0151l a mizrahi dalok \u00fct\u0151hangszer\u00e9ig terjed, m\u00edg az arab maqam sz\u00e1mos helyi dallamot \u00e1titat. Az \u00e9p\u00edt\u00e9szet az oszm\u00e1n kupol\u00e1kat \u00e9s a Bauhaus sorh\u00e1zakat id\u00e9zi Tel-Avivban, amelyet Feh\u00e9r V\u00e1rosk\u00e9nt is ismernek. A konyha is f\u00fazi\u00f3s: a falafel, a hummusz \u00e9s a saksuka megosztja az \u00e9tlapokat az eur\u00f3pai bev\u00e1ndorl\u00f3k \u00e1ltal hozott r\u00e1ntott h\u00fassal \u00e9s s\u00fctem\u00e9nyekkel, mindezt za&#039;atar, ol\u00edvaolaj \u00e9s friss term\u00e9kek teszik \u00e9l\u00e9nkebb\u00e9. A zsid\u00f3 h\u00e1ztart\u00e1sok nagyj\u00e1b\u00f3l fele betartja a k\u00f3ser \u00e9tkez\u00e9si t\u00f6rv\u00e9nyeket; mindazon\u00e1ltal a sert\u00e9stelepek \u00e9s a nem k\u00f3ser halak r\u00e9st tal\u00e1lnak a nagyr\u00e9szt vil\u00e1gi piacon.<\/p>\n\n\n\n<p>A mindennapi \u00e9letet a h\u00e9ber napt\u00e1r alak\u00edtja. A hivatalos pihen\u0151nap szombat, a sabbat, amikor sok helyen megsz\u0171nik a t\u00f6megk\u00f6zleked\u00e9s, \u00e9s bez\u00e1rnak az \u00fczletek. A munkah\u00e9t vas\u00e1rnapt\u00f3l cs\u00fct\u00f6rt\u00f6kig tart \u2013 egyes \u00e1gazatokban a p\u00e9ntek f\u00e9lnapos \u2013, m\u00edg a nemzeti \u00fcnnepek mez\u0151gazdas\u00e1gi, t\u00f6rt\u00e9nelmi \u00e9s vall\u00e1si m\u00e9rf\u00f6ldk\u00f6veket jel\u00f6lnek. A t\u00e1rsadalmi norm\u00e1k nagyra \u00e9rt\u00e9kelik a k\u00f6zvetlens\u00e9get a kommunik\u00e1ci\u00f3ban, ezt a tulajdons\u00e1got a k\u00edv\u00fcl\u00e1ll\u00f3k n\u00e9ha nyersnek tartj\u00e1k, de belf\u00f6ld\u00f6n az \u00e9rthet\u0151s\u00e9ge miatt nagyra \u00e9rt\u00e9kelik.<\/p>\n\n\n\n<p>A l\u00e1togat\u00f3k meleg vend\u00e9gszeretettel \u00e9s szigor\u00fa hat\u00e1rokkal tal\u00e1lkoznak. Az idegenek gyakran \u00f6nk\u00e9nt aj\u00e1nlanak fel seg\u00edts\u00e9get, bizonyos viselked\u00e9si form\u00e1k \u2013 p\u00e9ld\u00e1ul a nem megfelel\u0151 \u00f6lt\u00f6zet vall\u00e1si negyedekben, f\u00e9nyk\u00e9pez\u00e9s a haredi negyedekben sabbatkor \u2013 fedd\u00e9st vonnak maguk ut\u00e1n. Jeruzs\u00e1lem ortodox enkl\u00e1v\u00e9iban p\u00e9ld\u00e1ul a szer\u00e9ny \u00f6lt\u00f6zk\u00f6d\u00e9s k\u00f6telez\u0151, \u00e9s szombaton kitiltj\u00e1k a j\u00e1rm\u0171veket az utc\u00e1kr\u00f3l. A turisztikai kalauzok a tiszteletteljes viselked\u00e9st hangs\u00falyozz\u00e1k a pozit\u00edv p\u00e1rbesz\u00e9d elengedhetetlen r\u00e9szek\u00e9nt.<\/p>\n\n\n\n<p>Izrael \u00f6sszetett helyzet\u00e9nek \u2013 vitatott ter\u00fcleteinek, soksz\u00edn\u0171 lakoss\u00e1g\u00e1nak, \u00e9l\u00e9nk nyilv\u00e1nos vit\u00e1inak \u2013 megismer\u00e9se nyitotts\u00e1got \u00e9s k\u00edv\u00e1ncsis\u00e1got ig\u00e9nyel. Ciszjord\u00e1nia \u00e9s G\u00e1za tov\u00e1bbra is elt\u00e9r\u0151 m\u00e9rt\u00e9k\u0171 izraeli ellen\u0151rz\u00e9s \u00e9s palesztin k\u00f6zigazgat\u00e1s alatt \u00e1ll, a nemzetk\u00f6zi jog szerint a telepek b\u0151v\u00edt\u00e9se illeg\u00e1lis. Kelet-Jeruzs\u00e1lem \u00e9s a Gol\u00e1n-fenns\u00edk annekt\u00e1lva van, b\u00e1r a legt\u00f6bb orsz\u00e1g nem ismeri el ezeket a l\u00e9p\u00e9seket. A politik\u00e1r\u00f3l vagy az izraeli-palesztin konfliktusr\u00f3l sz\u00f3l\u00f3 besz\u00e9lget\u00e9sek v\u00e1daskodhatnak, t\u00fckr\u00f6zve a t\u00f6rt\u00e9nelem \u00e9s a neh\u00e9zs\u00e9gek sz\u00fclte meggy\u0151z\u0151d\u00e9seket.<\/p>\n\n\n\n<p>Ezen fesz\u00fclts\u00e9gek mellett azonban ott h\u00faz\u00f3dik az innov\u00e1ci\u00f3, az egy\u00fctt\u00e9l\u00e9s \u00e9s a meg\u0151rz\u00e9s ir\u00e1nti impulzus. Az itt \u00fatt\u00f6r\u0151 v\u00edztakar\u00e9kos technol\u00f3gi\u00e1k ma m\u00e1r vil\u00e1gszerte szolg\u00e1lj\u00e1k a sz\u00e1raz r\u00e9gi\u00f3kat; a tel-avivi v\u00e1rosrehabilit\u00e1ci\u00f3s projektek meg\u0151rzik a Bauhaus \u00f6r\u00f6ks\u00e9g\u00e9t, mik\u00f6zben el\u0151seg\u00edtik a kreat\u00edv startup k\u00f6zpontok m\u0171k\u00f6d\u00e9s\u00e9t. A k\u00f6rnyezetv\u00e9delmi kezdem\u00e9nyez\u00e9sek c\u00e9lja az \u00e9ghajlatv\u00e1ltoz\u00e1s fenyeget\u0151 vesz\u00e9lyeinek lek\u00fczd\u00e9se, a napenergia b\u0151v\u00edt\u00e9s\u00e9t\u0151l a fogyatkoz\u00f3 vizes \u00e9l\u0151helyek v\u00e9delm\u00e9ig. Akad\u00e9miai int\u00e9zm\u00e9nyek, k\u00f3rh\u00e1zak \u00e9s kultur\u00e1lis fesztiv\u00e1lok vonzz\u00e1k a l\u00e1togat\u00f3kat \u00e9s a r\u00e9sztvev\u0151ket a vil\u00e1g minden t\u00e1j\u00e1r\u00f3l.<\/p>\n\n\n\n<p>Kevesebb mint egy \u00e9vsz\u00e1zad alatt Izrael egy fiatal \u00e1llamb\u00f3l a vil\u00e1g egyik legfejlettebb technol\u00f3giai t\u00e1rsadalm\u00e1v\u00e1 alakult \u00e1t, mik\u00f6zben \u0151si romokat \u00e9s szent helyeket gondozott, amelyek az emberi t\u00f6rt\u00e9netek r\u00e9tegeit visszhangozz\u00e1k. Cs\u00facsai \u00e9s v\u00f6lgyei, sivatagai \u00e9s partjai, v\u00e1rosai \u00e9s kibucai sz\u00e1mtalan helysz\u00ednt k\u00edn\u00e1lnak, amelyeken tan\u00fai lehet\u00fcnk a rugalmass\u00e1gnak, a meg\u00fajul\u00e1snak \u00e9s a komplexit\u00e1snak. Az utaz\u00f3 \u2013 vagy a tud\u00f3s, vagy a zar\u00e1ndok \u2013 sz\u00e1m\u00e1ra Izrael ellen\u00e1ll minden egyes narrat\u00edv\u00e1nak. L\u00e9nyege a m\u00falt \u00e9s a jelen, a hit \u00e9s a modernit\u00e1s, a konfliktus \u00e9s a kreativit\u00e1s k\u00f6lcs\u00f6nhat\u00e1s\u00e1ban bontakozik ki, mindezt egy olyan kicsi f\u00f6ldbe s\u0171r\u00edtve, hogy n\u00e9ha a tenger, a sivatag \u00e9s a v\u00e1ros egyetlen horizonton \u00e9rinteni l\u00e1tszik.<\/p>","protected":false},"excerpt":{"rendered":"<p>Izrael, amelyet hivatalosan Izrael \u00c1llamk\u00e9nt emlegetnek, jelent\u0151s t\u00f6rt\u00e9nelmi jelent\u0151s\u00e9g\u0171 \u00e9s jelenlegi geopolitikai jelent\u0151s\u00e9g\u0171 nemzet Nyugat-\u00c1zsia d\u00e9li Levant\u00e1j\u00e1ban. 2024-ben Izrael lakoss\u00e1ga nagyj\u00e1b\u00f3l 9,3 milli\u00f3 f\u0151, t\u00falnyom\u00f3r\u00e9szt a F\u00f6ldk\u00f6zi-tenger partvid\u00e9k\u00e9n \u00e9s a k\u00f6z\u00e9ps\u0151 hegyvid\u00e9ken \u00f6sszpontosul. Az orsz\u00e1g strat\u00e9giai elhelyezked\u00e9se a F\u00f6ldk\u00f6zi-tenger keleti v\u00e9g\u00e1llom\u00e1s\u00e1n Eur\u00f3pa, \u00c1zsia \u00e9s Afrika metsz\u00e9spontj\u00e1ban helyezkedik el, er\u0151s\u00edtve soksz\u00edn\u0171 kultur\u00e1lis \u00f6r\u00f6ks\u00e9g\u00e9t \u00e9s bonyolult geopolitikai dinamik\u00e1j\u00e1t.<\/p>","protected":false},"author":1,"featured_media":4023,"parent":24063,"menu_order":0,"comment_status":"closed","ping_status":"closed","template":"elementor_theme","meta":{"_eb_attr":"","footnotes":""},"class_list":["post-15000","page","type-page","status-publish","has-post-thumbnail"],"_links":{"self":[{"href":"https:\/\/travelshelper.com\/hu\/wp-json\/wp\/v2\/pages\/15000","targetHints":{"allow":["GET"]}}],"collection":[{"href":"https:\/\/travelshelper.com\/hu\/wp-json\/wp\/v2\/pages"}],"about":[{"href":"https:\/\/travelshelper.com\/hu\/wp-json\/wp\/v2\/types\/page"}],"author":[{"embeddable":true,"href":"https:\/\/travelshelper.com\/hu\/wp-json\/wp\/v2\/users\/1"}],"replies":[{"embeddable":true,"href":"https:\/\/travelshelper.com\/hu\/wp-json\/wp\/v2\/comments?post=15000"}],"version-history":[{"count":0,"href":"https:\/\/travelshelper.com\/hu\/wp-json\/wp\/v2\/pages\/15000\/revisions"}],"up":[{"embeddable":true,"href":"https:\/\/travelshelper.com\/hu\/wp-json\/wp\/v2\/pages\/24063"}],"wp:featuredmedia":[{"embeddable":true,"href":"https:\/\/travelshelper.com\/hu\/wp-json\/wp\/v2\/media\/4023"}],"wp:attachment":[{"href":"https:\/\/travelshelper.com\/hu\/wp-json\/wp\/v2\/media?parent=15000"}],"curies":[{"name":"wp","href":"https:\/\/api.w.org\/{rel}","templated":true}]}}