{"id":14970,"date":"2024-09-20T13:10:19","date_gmt":"2024-09-20T13:10:19","guid":{"rendered":"https:\/\/travelshelper.com\/staging\/?page_id=14970"},"modified":"2026-03-11T13:11:10","modified_gmt":"2026-03-11T13:11:10","slug":"teheran","status":"publish","type":"page","link":"https:\/\/travelshelper.com\/hu\/destinations\/asia\/iran\/tehran\/","title":{"rendered":"Teher\u00e1n"},"content":{"rendered":"<p>Teher\u00e1n az Alborz-hegys\u00e9g d\u00e9li lejt\u0151in ter\u00fcl el, egy sz\u00e9d\u00edt\u0151 kontrasztokkal teli v\u00e1ros, ahol \u0151si k\u00f6vek hevernek \u00fcveg- \u00e9s ac\u00e9ltornyok mellett. 1200 m\u00e9teres tengerszint feletti magass\u00e1gban s\u00edk d\u00e9li negyedei a k\u00f6z\u00e9ps\u0151 sivataghoz simulnak, m\u00edg \u00e9szakon dombok emelkednek a 2000 m\u00e9tert meghalad\u00f3 cs\u00facsok fel\u00e9. 2025-re k\u00f6zel 9,8 milli\u00f3 ember fogja a telep\u00fcl\u00e9s hat\u00e1rait otthon\u00e1nak tekinteni, \u00e9s a t\u00e1gabb nagyv\u00e1rosi ter\u00fcleten \u00e9l\u0151 t\u00f6bb mint 16,8 milli\u00f3 lakos\u00e1val Teher\u00e1n Nyugat-\u00c1zsia legn\u00e9pesebb v\u00e1rosa, Kair\u00f3 ut\u00e1n pedig a K\u00f6zel-Kelet m\u00e1sodik legnagyobb nagyv\u00e1rosi \u00f6vezete. T\u00f6rt\u00e9nelmi r\u00e9tegein \u00e9s t\u00f6redezett domborzat\u00e1n kereszt\u00fcl az ir\u00e1ni f\u0151v\u00e1ros megmutatja mind a kitart\u00e1s\u00e1t, mind a gyors n\u00f6veked\u00e9ssel j\u00e1r\u00f3 s\u00farl\u00f3d\u00e1sokat.<\/p>\n\n\n\n<p>J\u00f3val azel\u0151tt, hogy Ir\u00e1n korm\u00e1ny\u00e1nak otthont adott volna, Teher\u00e1n alatti f\u00f6ldter\u00fclet Rhageshez tartozott, amelyet az \u00f3korban jelent\u0151s m\u00e9d telep\u00fcl\u00e9sk\u00e9nt ismertek. A mai v\u00e1rosk\u00f6zpontt\u00f3l n\u00e9h\u00e1ny kilom\u00e9terre d\u00e9lre fekv\u0151 Ray (ahogy ma is h\u00edvj\u00e1k) birodalmak felemelked\u00e9s\u00e9nek \u00e9s buk\u00e1s\u00e1nak volt tan\u00faja. Falait arab, t\u00f6r\u00f6k \u200b\u200b\u00e9s mongol h\u00f3d\u00edt\u00f3k t\u00f6rt\u00e9k \u00e1t, \u00e9s a k\u00fclv\u00e1rosi terjeszked\u00e9sb\u0151l csak t\u00f6red\u00e9kek maradtak fenn. \u00c9vsz\u00e1zadok alatt Ray beolvadt Nagy-Teher\u00e1nba, romjai n\u00e9ma tan\u00faik\u00e9nt szolg\u00e1ltak a v\u00e1ros sz\u00fcntelen terjeszked\u00e9s\u00e9nek \u00e9s \u00e1talakul\u00e1s\u00e1nak.<\/p>\n\n\n\n<p>1786-ban a Kadzs\u00e1r-dinaszti\u00e1b\u00f3l sz\u00e1rmaz\u00f3 Agha Mohammad k\u00e1n Teher\u00e1nt nyilv\u00e1n\u00edtotta Ir\u00e1n f\u0151v\u00e1ros\u00e1v\u00e1. Olyan hatalmi k\u00f6zpontot keresett, amely biztons\u00e1gosabb volt, mint a hagyom\u00e1nyos dinasztikus k\u00f6zpontok, el\u00e9g k\u00f6zel a Kauk\u00e1zushoz \u2013 amely\u00e9rt akkoriban az orosz\u2013ir\u00e1ni h\u00e1bor\u00fak k\u00fczd\u00f6ttek \u2013, m\u00e9gis v\u00e9dett a frakci\u00f3k k\u00f6z\u00f6tti rivaliz\u00e1l\u00e1st\u00f3l. Ez a d\u00f6nt\u00e9s az \u00e9p\u00edtkez\u00e9sek korszak\u00e1t nyitotta meg: szer\u00e9ny palot\u00e1k, katonai laktany\u00e1k \u00e9s a modern \u00e1llam burj\u00e1nz\u00f3 b\u00fcrokratikus g\u00e9pezet\u00e9nek alapjai. A Kadzs\u00e1r-dinaszti\u00e1ban bek\u00f6vetkezett hanyatl\u00e1s k\u00f6zepette Teher\u00e1n ismerts\u00e9ge folyamatosan n\u0151tt, lakoss\u00e1ga Fath-Ali sah alatt megdupl\u00e1z\u00f3dott. A tizenkilencedik sz\u00e1zad fordul\u00f3j\u00e1ra \u00faj utc\u00e1k \u00e9s k\u00f6zterek alakultak ki, amelyek k\u00f6z\u00fcl a legkiemelked\u0151bb a Toopkhaneh (ma Imam Khomeini t\u00e9r). A v\u00e1rosk\u00f6zpontban tal\u00e1lhat\u00f3 mecsetek \u00faj d\u00edszt kaptak, ahogy a v\u00e1rosi szolg\u00e1ltat\u00e1sok \u00e9s a polg\u00e1ri int\u00e9zm\u00e9nyek kiszor\u00edtott\u00e1k a r\u00e9gi kapukat \u00e9s karav\u00e1nszer\u00e1jokat.<\/p>\n\n\n\n<p>A huszadik sz\u00e1zad m\u00e9lyrehat\u00f3 v\u00e1ltoz\u00e1sok id\u0151szaka volt. Reza sah Pahlavi az 1920-as \u00e9vekben nagyszab\u00e1s\u00fa \u00e9p\u00edt\u00e9si projektekbe kezdett, eur\u00f3pai ihlet\u00e9s\u0171 sug\u00e1rutakat hozott l\u00e9tre \u00e9s lerakta a modern infrastrukt\u00fara alapjait. A Mehrabad rep\u00fcl\u0151t\u00e9r megnyitotta kifut\u00f3p\u00e1ly\u00e1it, \u00e9s vas\u00fatvonalak szelt\u00e9k \u00e1t a s\u00edks\u00e1got. Ahogy a Pahlavi \u00e1llam moderniz\u00e1lta az iskol\u00e1kat, miniszt\u00e9riumokat \u00e9s kultur\u00e1lis helysz\u00edneket, Teher\u00e1n minden tartom\u00e1nyb\u00f3l vonzotta a migr\u00e1nsokat. A 2006-os \u00e9s 2016-os n\u00e9psz\u00e1ml\u00e1l\u00e1sok k\u00f6z\u00f6tt a v\u00e1ros lakoss\u00e1ga 7 711 230 f\u0151r\u0151l 2 286 787 h\u00e1ztart\u00e1sban 8 693 706 f\u0151re n\u0151tt 2 911 065 h\u00e1ztart\u00e1sban. 2025-re nagyj\u00e1b\u00f3l 9,8 milli\u00f3 lakos fog \u00e9lni a hivatalos hat\u00e1rain bel\u00fcl. Ez a hull\u00e1m \u00e1talak\u00edtotta Teher\u00e1n t\u00e1rsadalmi sz\u00f6vet\u00e9t: a Teher\u00e1ni Egyetem 2010-es felm\u00e9r\u00e9se szerint a megk\u00e9rdezettek 63 sz\u00e1zal\u00e9ka a v\u00e1rosban sz\u00fcletett, 75 sz\u00e1zal\u00e9kuk perzsa etnikai sz\u00e1rmaz\u00e1s\u00fanak vallotta mag\u00e1t, \u00e9s k\u00f6zel 98 sz\u00e1zal\u00e9kuk foly\u00e9konyan besz\u00e9lt perzsaul, 13 sz\u00e1zal\u00e9kuk pedig valamilyen eur\u00f3pai nyelvet is besz\u00e9lt.<\/p>\n\n\n\n<p>Teher\u00e1n \u00f6nkorm\u00e1nyzati ter\u00fclete 22 k\u00f6rzetre oszlik. H\u00fasz ezek k\u00f6z\u00fcl Teher\u00e1n megye K\u00f6zponti Ker\u00fclet\u00e9n bel\u00fcl tal\u00e1lhat\u00f3; az 1. \u00e9s 20. k\u00f6rzet Shemiranat \u00e9s Ray megy\u00e9kbe terjed ki. A d\u00e9li k\u00f6rzetek \u2013 ahol az 1117 m\u00e9ter tengerszint feletti magass\u00e1gban tal\u00e1lhat\u00f3 a vas\u00fat\u00e1llom\u00e1s \u2013 laposabbak \u00e9s s\u0171r\u0171bben be\u00e9p\u00edtettek, m\u00edg az \u00e9szaki v\u00e1rosr\u00e9szek a lejt\u0151k ment\u00e9n emelkednek. A v\u00e1ros gerinc\u00e9t alkot\u00f3 Valiasr utca 17,3 kilom\u00e9ter hosszan h\u00faz\u00f3dik d\u00e9lr\u0151l az 1712,6 m\u00e9ter magas Tajrish t\u00e9rig. Ezen t\u00fal a Velenjak k\u00f6zel 2000 m\u00e9terre emelkedik.<\/p>\n\n\n\n<p>A gazdags\u00e1g \u00e9s a modernit\u00e1s \u00e9szakon koncentr\u00e1l\u00f3dik: az olyan enkl\u00e1v\u00e9k, mint Zafaraniyeh, Jordan, Elahiyeh \u00e9s Niavaran, nagyk\u00f6vets\u00e9geikr\u0151l, felh\u0151karcol\u00f3kr\u00f3l \u00e9s lombos parkjaikr\u00f3l ismertek. Ezzel szemben Teher\u00e1n belv\u00e1rosa miniszt\u00e9riumoknak, miniszt\u00e9riumoknak \u00e9s kereskedelmi k\u00f6zpontoknak ad otthont, m\u00edg a d\u00e9l tov\u00e1bbra is megfizethet\u0151bb, de s\u0171r\u0171bben lakott.<\/p>\n\n\n\n<p>Teher\u00e1n \u00e9ghajlata a hideg f\u00e9lsz\u00e1raz (BSk) \u00e9s a forr\u00f3 f\u00e9lsz\u00e1raz (BSh) \u00e9ghajlat k\u00f6z\u00f6tt helyezkedik el. A nyarak forr\u00f3k \u00e9s sz\u00e1razak, j\u00faliusban gyakran meghaladj\u00e1k a 38 \u00b0C-ot; a telek h\u0171v\u00f6s, es\u0151s napokat hoznak. Az Alborz-hegys\u00e9g alak\u00edtja a helyi szell\u0151ket: \u00e9jszaka a \u201eTochal-szell\u0151\u201d \u00e1ramlik le a cs\u00facsokr\u00f3l, ahogy azok leh\u0171lnek, megk\u00f6nnyebb\u00fcl\u00e9st hozva a fels\u0151v\u00e1rosok lak\u00f3inak. Ny\u00e1ron a d\u00e9li sivatagok fel\u0151l f\u00faj\u00f3 szelek megemelhetik a h\u0151m\u00e9rs\u00e9kletet, m\u00edg a nyugati bolyg\u00f3\u00e1raml\u00e1sok port \u00e9s id\u0151nk\u00e9nt es\u0151t hoznak. Az \u00e9szaki dombok kertjeikkel \u00e9s z\u00f6ld folyos\u00f3ikkal jellemz\u0151en k\u00e9t-h\u00e1rom Celsius-fokkal h\u0171v\u00f6sebbek, mint a betonnal teli d\u00e9li ter\u00fcletek.<\/p>\n\n\n\n<p>M\u00edg a perzs\u00e1k alkotj\u00e1k a t\u00f6bbs\u00e9get \u2013 2010-ben k\u00f6r\u00fclbel\u00fcl 75 sz\u00e1zal\u00e9kuk vallotta mag\u00e1t indiai sz\u00e1rmaz\u00e1s\u00fanak \u2013, az ir\u00e1ni azeriek alkotj\u00e1k a m\u00e1sodik legnagyobb csoportot nagyj\u00e1b\u00f3l 10-15 sz\u00e1zal\u00e9kkal, \u0151ket k\u00f6vetik a mazander\u00e1nok 5 sz\u00e1zal\u00e9kkal. A kurdok, \u00f6rm\u00e9nyek, gr\u00fazok, bahtjarik, talisok, baludzsok, assz\u00edrok, arabok, zsid\u00f3k \u00e9s cserkeszek kisebb k\u00f6z\u00f6ss\u00e9gei tov\u00e1bbi sz\u00e1lakat adnak a v\u00e1ros k\u00e9pz\u0151dm\u00e9ny\u00e9hez, b\u00e1r a legt\u00f6bben nyelvileg asszimil\u00e1l\u00f3dtak a domin\u00e1ns teher\u00e1ni perzsa dialektusba. Az 1979-es forradalom ut\u00e1n sok teher\u00e1ni emigr\u00e1lt \u2013 k\u00fcl\u00f6n\u00f6sen az Egyes\u00fclt \u00c1llamokba, N\u00e9metorsz\u00e1gba, Sv\u00e9dorsz\u00e1gba \u00e9s Kanad\u00e1ba \u2013, \u00edgy bizonyos szakmai k\u00f6r\u00f6kben hi\u00e1nyoss\u00e1gok \u00e9s \u00e9l\u00e9nk hazautal\u00e1si folyamatok maradtak fenn.<\/p>\n\n\n\n<p>A tizenkettedik s\u00edita iszl\u00e1m az \u00e1llamvall\u00e1s \u00e9s a t\u00f6bbs\u00e9g hite. A szunnita muszlimok \u00e9s a sz\u00fafi rendek h\u00edvei egy\u00fctt \u00e9lnek a kereszt\u00e9ny felekezetekkel, zsid\u00f3kkal, zoroasztri\u00e1nusokkal \u00e9s egy kis bah\u00e1\u2019\u00ed kisebbs\u00e9ggel. Egy szer\u00e9ny szikh k\u00f6z\u00f6ss\u00e9g fenntart egy gurdv\u00e1r\u00e1t, amelyet Manmohan Singh indiai minisztereln\u00f6k l\u00e1togatott meg 2012-ben. Egy 2016-os \u201eTeher\u00e1ni felm\u00e9r\u00e9sben\u201d a v\u00e1laszad\u00f3k 53,5 sz\u00e1zal\u00e9ka \u201enagyon fontosnak\u201d, 31,1 sz\u00e1zal\u00e9ka \u201emeglehet\u0151sen fontosnak\u201d, 10,5 sz\u00e1zal\u00e9ka \u201enem t\u00fal fontosnak\u201d, 4,8 sz\u00e1zal\u00e9ka pedig \u201eegy\u00e1ltal\u00e1n nem fontosnak\u201d min\u0151s\u00edtette a vall\u00e1st.<\/p>\n\n\n\n<p>Teher\u00e1n kir\u00e1lyi \u00f6r\u00f6ks\u00e9ge a palot\u00e1iban is megmutatkozik. A Golestan-palota, egy t\u00fckr\u00f6s csarnokokb\u00f3l \u00e9s m\u00e1rv\u00e1nyteraszokb\u00f3l \u00e1ll\u00f3 kadzs\u00e1r komplexum, a r\u00e9gi v\u00e1rosk\u00f6zpontban tal\u00e1lhat\u00f3. \u00c9szakon, erd\u0151s ter\u00fcleten helyezkednek el a Sa&#039;dabad \u00e9s a Niavaran palot\u00e1k, amelyek egykor a Pahlavi-dinasztia ny\u00e1ri rezidenci\u00e1i voltak. A m\u00e1rv\u00e1nybor\u00edt\u00e1s\u00fa Marmar-palota eur\u00f3pai b\u00fatorokkal \u00e9s leny\u0171g\u00f6z\u0151 kil\u00e1t\u00e1ssal b\u00fcszk\u00e9lkedhet. Ezek a helysz\u00ednek egy\u00fcttesen a 18. sz\u00e1zadi kir\u00e1lyi pomp\u00e1t\u00f3l a 20. sz\u00e1zad k\u00f6zepi modernizmusig vezet\u0151 utat mutatj\u00e1k be.<\/p>\n\n\n\n<p>Teher\u00e1n m\u00fazeumi \u00e9lete korszakokat \u00e9s m\u00e9diumokat \u00f6lel fel. A Nemzeti M\u00fazeum a m\u00e9dekt\u0151l a sz\u00e1sz\u00e1nid\u00e1kig \u0151rzi a r\u00e9g\u00e9szeti leleteket. A k\u00f6zelben tal\u00e1lhat\u00f3 Sz\u0151nyegm\u00fazeum a perzsa sz\u00f6v\u00e9s remekm\u0171veit mutatja be, m\u00edg az Abgineh M\u00fazeum az \u00fcveg- \u00e9s ker\u00e1miam\u0171v\u00e9szetre \u00f6sszpontos\u00edt. A Ferdows Gardenben tal\u00e1lhat\u00f3 Mozim\u00fazeum az ir\u00e1ni filmt\u00f6rt\u00e9netet \u00fcnnepli. A Kort\u00e1rs M\u0171v\u00e9szeti M\u00fazeum az orsz\u00e1g legkiv\u00e1l\u00f3bb modern gy\u0171jtem\u00e9ny\u00e9vel b\u00fcszk\u00e9lkedhet \u2013 Van Gogh, Picasso \u00e9s Warhol alkot\u00e1sai \u00fatt\u00f6r\u0151 ir\u00e1ni m\u0171v\u00e9szek alkot\u00e1saival \u00f6lelik fel a l\u00e1bukat. A Nemzeti \u00c9kszerm\u00fazeum a vil\u00e1g egyik legnagyobb korona\u00e9kszer-gy\u0171jtem\u00e9ny\u00e9t \u0151rzi.<\/p>\n\n\n\n<p>Minden tavasszal Teher\u00e1n Nemzetk\u00f6zi K\u00f6nyvv\u00e1s\u00e1r\u00e1n kiad\u00f3k, tud\u00f3sok \u00e9s olvas\u00f3k l\u00e1togatj\u00e1k a Shahr Aftab ki\u00e1ll\u00edt\u00f3termeket. Eg\u00e9sz \u00e9vben zajlanak szakmai ki\u00e1ll\u00edt\u00e1sok \u00e9s fesztiv\u00e1lok, az aut\u00f3ki\u00e1ll\u00edt\u00e1sokt\u00f3l a k\u00e9zm\u0171ves v\u00e1s\u00e1rokig, bemutatva mind a kultur\u00e1lis \u00f6r\u00f6ks\u00e9get, mind a felt\u00f6rekv\u0151 kreativit\u00e1st.<\/p>\n\n\n\n<p>T\u00f6bb mint 2100 park tark\u00edtja a metropoliszt, amelyek t\u00f6bb mint 12 600 hekt\u00e1rt fednek le \u2013 Teher\u00e1n ter\u00fclet\u00e9nek 20 sz\u00e1zal\u00e9k\u00e1t. A Jamshidie Park, amely egykor a kadzs\u00e1r herceg birtoka volt, Farah Pahlavi cs\u00e1sz\u00e1rn\u00e9 alatt nyilv\u00e1nos ligett\u00e9 v\u00e1lt. A Mad\u00e1rkert, Ir\u00e1n legnagyobb mad\u00e1rh\u00e1za, t\u00f6bb tucat fajnak ad otthont, m\u00edg a v\u00e1rosi \u00e1llatkert mintegy 290 gerinces \u00e1llatnak ad otthont. Az Ab-o-Atash Park (\u201eV\u00edz \u00e9s T\u0171z\u201d) sz\u00f6k\u0151kutakkal \u00e9s t\u0171ztornyokkal \u00f6rvendezteti a gyerekeket, amelyeket egy szabadt\u00e9ri amfite\u00e1trum szeg\u00e9lyez.<\/p>\n\n\n\n<p>Ir\u00e1n gazdas\u00e1gi k\u00f6zpontjak\u00e9nt Teher\u00e1n a k\u00f6zszf\u00e9ra munkaer\u0151-\u00e1llom\u00e1ny\u00e1nak 30 sz\u00e1zal\u00e9k\u00e1t \u00e9s az orsz\u00e1g legnagyobb ipari v\u00e1llalatainak k\u00f6zel fel\u00e9t foglalkoztatja. A gy\u00e1rak aut\u00f3kat, elektronik\u00e1t, textileket, cukrot, cementet \u00e9s vegyi anyagokat gy\u00e1rtanak; a kereskedelmi negyedeket sz\u0151nyeg- \u00e9s b\u00fatorbemutat\u00f3k szeg\u00e9lyezik. Az olajfinom\u00edt\u00f3k \u2013 a Pars, a Speedy \u00e9s a Behran \u2013 a v\u00e1ros hat\u00e1rain bel\u00fcl m\u0171k\u00f6dnek. B\u00e1r a szankci\u00f3k sz\u00e1mos k\u00fclf\u00f6ldi c\u00e9get korl\u00e1toznak, a teher\u00e1ni t\u0151zsde tov\u00e1bbra is vezet\u0151 szerepl\u0151 a glob\u00e1lis t\u0151zsd\u00e9k k\u00f6z\u00f6tt, t\u00fckr\u00f6zve mind a volatilit\u00e1st, mind a lehet\u0151s\u00e9geket.<\/p>\n\n\n\n<p>A f\u0151v\u00e1ros \u2013 a f\u00f6ldreng\u00e9svesz\u00e9ly \u00e9s a l\u00e9gszennyez\u00e9s miatt \u2013 hivatalos \u00e1thelyez\u00e9si tervei ellen\u00e9re Teher\u00e1n makacsul k\u00f6zponti fekv\u00e9s\u0171 marad. F\u0151\u00fatvonalait 300 000 j\u00e1rm\u0171 sz\u00e1m\u00e1ra \u00e9p\u00edtett\u00e9k; ma t\u00f6bb mint \u00f6tmilli\u00f3 aut\u00f3 duzzad az utc\u00e1kon. A buszok az 1920-as \u00e9vek \u00f3ta k\u00f6zlekednek, \u00e9s a 2008-ban megnyitott Bus Rapid Transit rendszer ma naponta 1,8 milli\u00f3 utast sz\u00e1ll\u00edt t\u00edz vonalon \u00e9s 215 \u00e1llom\u00e1son. Az 1992-ben el\u0151sz\u00f6r bevezetett trolibuszokat 2013 k\u00f6r\u00fcl le\u00e1ll\u00edtott\u00e1k, de 2016-ban \u00fajra\u00e9lesztett\u00e9k egyetlen 1,8 kilom\u00e9teres \u00fatvonalon fel\u00faj\u00edtott \u0160koda j\u00e1rm\u0171vekkel.<\/p>\n\n\n\n<p>A teher\u00e1ni metr\u00f3 els\u0151 k\u00e9t vonala 2001-ben ny\u00edlt meg; 2025-re nyolc vonal fut majd a v\u00e1ros alatt, \u00f6sszek\u00f6tve a k\u00fclv\u00e1rosokat a belv\u00e1rossal. A felsz\u00ednen t\u00f6bb mint 200 000 taxi k\u00f6zlekedik minden v\u00e1rosr\u00e9szben, a rep\u00fcl\u0151t\u00e9ri taxik pedig magasabb viteld\u00edjakat k\u00edn\u00e1lnak. A Mehrabad rep\u00fcl\u0151t\u00e9r belf\u00f6ldi \u00e9s charterj\u00e1ratokat fogad; az 50 kilom\u00e9terre d\u00e9lre fekv\u0151 Imam Khomeini Nemzetk\u00f6zi Rep\u00fcl\u0151t\u00e9r a glob\u00e1lis l\u00e9gi forgalom kapuja. A k\u00f6zponti vas\u00fat\u00e1llom\u00e1s orsz\u00e1gszerte ind\u00edt vonatokat, \u00e9s a legend\u00e1s Teher\u00e1n\u2013Eur\u00f3pa expresszen kereszt\u00fcl csatlakoznak Eur\u00f3p\u00e1hoz.<\/p>\n\n\n\n<p>A leveg\u0151min\u0151s\u00e9g r\u00e9g\u00f3ta bosszant\u00f3 probl\u00e9ma. A f\u00f6ldrajzi, t\u00e1lszer\u0171 domborzat, a gyors motoriz\u00e1ci\u00f3 \u00e9s az ipari kibocs\u00e1t\u00e1sok \u00f6sszeesk\u00fcv\u00e9s r\u00e9v\u00e9n csapd\u00e1ba ejtik a szmogot, ami a korm\u00e1nyzati sz\u00e9khely m\u00e1shov\u00e1 helyez\u00e9s\u00e9nek gondolat\u00e1t v\u00e1ltotta ki. A v\u00e1ros ellen\u00e1ll\u00f3 k\u00e9pess\u00e9ge azonban egy\u00e9rtelm\u0171: az \u00faj z\u00f6ld\u00f6vezetek, a szigor\u00fabb \u00e9p\u00edt\u00e9si szab\u00e1lyzatok \u00e9s a kib\u0151v\u00edtett t\u00f6megk\u00f6zleked\u00e9s c\u00e9lja a torl\u00f3d\u00e1sok \u00e9s a szennyez\u00e9s enyh\u00edt\u00e9se.<\/p>\n\n\n\n<p>A f\u00f6ldreng\u00e9sek tov\u00e1bbi vesz\u00e9lyt jelentenek. A gyakori reng\u00e9sek ellen\u00e9re 1830 \u00f3ta nem volt nagyobb f\u00f6ldreng\u00e9s Teher\u00e1nban. A modern toronyh\u00e1zak ma m\u00e1r meger\u0151s\u00edtett v\u00e1zszerkezeteket \u00e9s szeizmikus csillap\u00edt\u00f3kat tartalmaznak; az \u00e9vsz\u00e1zados \u00e9p\u00edtm\u00e9nyek \u00e9s a magas tornyok egym\u00e1s melletti elhelyezked\u00e9se m\u00e9gis kiemeli a v\u00e1ros amb\u00edci\u00f3it \u00e9s sebezhet\u0151s\u00e9g\u00e9t egyar\u00e1nt.<\/p>\n\n\n\n<p>Teher\u00e1n ellen\u00e1ll az egyszer\u0171 jellemz\u00e9seknek. Nyomaszt\u00f3nak t\u0171nhet \u2013 a dud\u00e1k megsz\u00f3lalnak a zs\u00fafolt forgalomban, az \u00e9gbe ny\u00fal\u00f3 tornyok pedig elz\u00e1rhatj\u00e1k a hegyi szell\u0151t \u2013, de a nyugalom szigetei megmaradnak. Lombos sik\u00e1torokban sz\u00f6k\u0151kutak moraja hallatszik a plat\u00e1nf\u00e1k alatt; \u00e9szaki k\u00e1v\u00e9z\u00f3kban di\u00e1kok vitatkoznak a j\u00f6v\u0151r\u0151l; t\u00f6rt\u00e9nelmi mecsetekben a csiszolt m\u00e1rv\u00e1ny csillog az \u00f3lom\u00fcveg ablakok alatt. R\u00e9gi \u00e9s \u00faj fesztiv\u00e1lok \u2013 Nowruz, Chaharshanbe Suri, Yald\u0101, s\u0151t m\u00e9g Halloween is \u2013 \u00f6sszehozz\u00e1k a k\u00f6rny\u00e9keket az eml\u00e9kez\u00e9sben \u00e9s a mulats\u00e1gban.<\/p>\n\n\n\n<p>T\u00e1vol a monolitikus f\u0151v\u00e1rost\u00f3l, Teher\u00e1n az eml\u00e9kek \u00e9s v\u00e1gyak mozaikja. Utc\u00e1in h\u00f3d\u00edt\u00f3k \u00e9s forradalm\u00e1rok, k\u00f6lt\u0151k \u00e9s m\u00e9rn\u00f6k\u00f6k l\u00e1bnyomai l\u00e1tszanak. Itt minden k\u0151 \u00e9s torony a kitart\u00e1sr\u00f3l, az alkalmazkod\u00e1sr\u00f3l \u00e9s az \u00e9let sz\u00fcntelen z\u00fcmm\u00f6g\u00e9s\u00e9r\u0151l mes\u00e9l. Ellentmond\u00e1saiban \u2013 \u0151si \u00e9s modern, z\u00f6ld \u00e9s sz\u00fcrke, zs\u00fafolt \u00e9s der\u0171s \u2013 Teher\u00e1n felt\u00e1rja terheit \u00e9s tart\u00f3s l\u00fcktet\u00e9s\u00e9t egyar\u00e1nt.<\/p>","protected":false},"excerpt":{"rendered":"<p>Teher\u00e1n, Ir\u00e1n f\u0151v\u00e1rosa \u00e9s legnagyobb v\u00e1rosa, egy ny\u00fczsg\u0151 metropolisz, amelynek lakoss\u00e1ga t\u00f6bb mint 9,4 milli\u00f3 a v\u00e1ros hat\u00e1rain bel\u00fcl, \u00e9s k\u00f6r\u00fclbel\u00fcl 16,8 milli\u00f3 a t\u00e1gabb nagyv\u00e1rosi r\u00e9gi\u00f3ban. Teher\u00e1n Ir\u00e1n \u00e9s Nyugat-\u00c1zsia legn\u00e9pesebb v\u00e1rosa. Ez a m\u00e1sodik legnagyobb nagyv\u00e1rosi r\u00e9gi\u00f3 a K\u00f6zel-Keleten, csak Kair\u00f3 el\u0151zi meg, \u00e9s a 24. legn\u00e9pesebb nagyv\u00e1ros a vil\u00e1gon. A v\u00e1ros kiterjedt joghat\u00f3s\u00e1ga m\u00e1s \u00f6nkorm\u00e1nyzatokat is mag\u00e1ban foglal, k\u00f6zt\u00fck Andisheh \u00fajv\u00e1ros\u00e1t, Islam Shahrt, Qods-t, Shahryar-t, Pakdasht \u00e9s Shamiran-t, amelyek egy\u00fcttesen alkotj\u00e1k a Teher\u00e1ni ter\u00fcletet.<\/p>","protected":false},"author":1,"featured_media":3136,"parent":14947,"menu_order":0,"comment_status":"closed","ping_status":"closed","template":"elementor_theme","meta":{"_eb_attr":"","footnotes":""},"class_list":["post-14970","page","type-page","status-publish","has-post-thumbnail"],"_links":{"self":[{"href":"https:\/\/travelshelper.com\/hu\/wp-json\/wp\/v2\/pages\/14970","targetHints":{"allow":["GET"]}}],"collection":[{"href":"https:\/\/travelshelper.com\/hu\/wp-json\/wp\/v2\/pages"}],"about":[{"href":"https:\/\/travelshelper.com\/hu\/wp-json\/wp\/v2\/types\/page"}],"author":[{"embeddable":true,"href":"https:\/\/travelshelper.com\/hu\/wp-json\/wp\/v2\/users\/1"}],"replies":[{"embeddable":true,"href":"https:\/\/travelshelper.com\/hu\/wp-json\/wp\/v2\/comments?post=14970"}],"version-history":[{"count":0,"href":"https:\/\/travelshelper.com\/hu\/wp-json\/wp\/v2\/pages\/14970\/revisions"}],"up":[{"embeddable":true,"href":"https:\/\/travelshelper.com\/hu\/wp-json\/wp\/v2\/pages\/14947"}],"wp:featuredmedia":[{"embeddable":true,"href":"https:\/\/travelshelper.com\/hu\/wp-json\/wp\/v2\/media\/3136"}],"wp:attachment":[{"href":"https:\/\/travelshelper.com\/hu\/wp-json\/wp\/v2\/media?parent=14970"}],"curies":[{"name":"wp","href":"https:\/\/api.w.org\/{rel}","templated":true}]}}